{"id":5516,"date":"2025-05-07T10:30:29","date_gmt":"2025-05-07T08:30:29","guid":{"rendered":"https:\/\/med.tattoo\/tattoo-pflege\/"},"modified":"2025-05-05T11:08:39","modified_gmt":"2025-05-05T09:08:39","slug":"tattoo-pflege","status":"publish","type":"page","link":"https:\/\/med.tattoo\/de\/tattoo-pflege\/","title":{"rendered":"Tattoo-Pflege"},"content":{"rendered":"\t\t<div data-elementor-type=\"wp-page\" data-elementor-id=\"5516\" class=\"elementor elementor-5516 elementor-1913\" data-elementor-settings=\"{&quot;ha_cmc_init_switcher&quot;:&quot;no&quot;}\" data-elementor-post-type=\"page\">\n\t\t\t\t\t\t<section class=\"elementor-section elementor-top-section elementor-element elementor-element-6e6b34e elementor-section-boxed elementor-section-height-default elementor-section-height-default\" data-id=\"6e6b34e\" data-element_type=\"section\" data-e-type=\"section\">\n\t\t\t\t\t\t<div class=\"elementor-container elementor-column-gap-default\">\n\t\t\t\t\t<div class=\"elementor-column elementor-col-100 elementor-top-column elementor-element elementor-element-d3d92af\" data-id=\"d3d92af\" data-element_type=\"column\" data-e-type=\"column\">\n\t\t\t<div class=\"elementor-widget-wrap elementor-element-populated\">\n\t\t\t\t\t\t<div class=\"elementor-element elementor-element-7ef7211 elementor-widget elementor-widget-heading\" data-id=\"7ef7211\" data-element_type=\"widget\" data-e-type=\"widget\" data-widget_type=\"heading.default\">\n\t\t\t\t<div class=\"elementor-widget-container\">\n\t\t\t\t\t<h1 class=\"elementor-heading-title elementor-size-default\">TATTOO-PFLEGE<\/h1>\t\t\t\t<\/div>\n\t\t\t\t<\/div>\n\t\t\t\t<div class=\"elementor-element elementor-element-81cf96f elementor-widget elementor-widget-text-editor\" data-id=\"81cf96f\" data-element_type=\"widget\" data-e-type=\"widget\" data-widget_type=\"text-editor.default\">\n\t\t\t\t<div class=\"elementor-widget-container\">\n\t\t\t\t\t\t\t\t\t<p>Die Zellregeneration dauert in der Regel etwa drei Wochen nach dem T\u00e4towieren und Ihr Tattoo wird zum ersten Mal in echten Farben leuchten. Verwenden Sie die Creme und das Tattoo-Pflege\u00f6l und Sie werden die intensiven Farben genie\u00dfen. <\/p>\t\t\t\t\t\t\t\t<\/div>\n\t\t\t\t<\/div>\n\t\t\t\t\t<\/div>\n\t\t<\/div>\n\t\t\t\t\t<\/div>\n\t\t<\/section>\n\t\t\t\t<section class=\"elementor-section elementor-top-section elementor-element elementor-element-2adeed29 elementor-section-boxed elementor-section-height-default elementor-section-height-default\" data-id=\"2adeed29\" data-element_type=\"section\" data-e-type=\"section\" data-settings=\"{&quot;background_background&quot;:&quot;classic&quot;}\">\n\t\t\t\t\t\t<div class=\"elementor-container elementor-column-gap-no\">\n\t\t\t\t\t<div class=\"elementor-column elementor-col-100 elementor-top-column elementor-element elementor-element-6491df5c\" data-id=\"6491df5c\" data-element_type=\"column\" data-e-type=\"column\">\n\t\t\t<div class=\"elementor-widget-wrap elementor-element-populated\">\n\t\t\t\t\t\t<div class=\"elementor-element elementor-element-671ca138 elementor-widget elementor-widget-icon-box\" data-id=\"671ca138\" data-element_type=\"widget\" data-e-type=\"widget\" data-widget_type=\"icon-box.default\">\n\t\t\t\t<div class=\"elementor-widget-container\">\n\t\t\t\t\t\t\t<div class=\"elementor-icon-box-wrapper\">\n\n\t\t\t\n\t\t\t\t\t\t<div class=\"elementor-icon-box-content\">\n\n\t\t\t\t\t\t\t\t\t<h3 class=\"elementor-icon-box-title\">\n\t\t\t\t\t\t<span  >\n\t\t\t\t\t\t\t<img decoding=\"async\" role=\"img\" class=\"emoji\" alt=\"\ud83d\udc47\" src=\"https:\/\/s.w.org\/images\/core\/emoji\/14.0.0\/svg\/1f447.svg\">  Siehe Produkte f\u00fcr die Pflege\t\t\t\t\t\t<\/span>\n\t\t\t\t\t<\/h3>\n\t\t\t\t\n\t\t\t\t\n\t\t\t<\/div>\n\t\t\t\n\t\t<\/div>\n\t\t\t\t\t\t<\/div>\n\t\t\t\t<\/div>\n\t\t\t\t\t<\/div>\n\t\t<\/div>\n\t\t\t\t\t<\/div>\n\t\t<\/section>\n\t\t\t\t<section class=\"elementor-section elementor-top-section elementor-element elementor-element-4b3767e2 elementor-section-boxed elementor-section-height-default elementor-section-height-default\" data-id=\"4b3767e2\" data-element_type=\"section\" data-e-type=\"section\">\n\t\t\t\t\t\t<div class=\"elementor-container elementor-column-gap-default\">\n\t\t\t\t\t<div class=\"elementor-column elementor-col-100 elementor-top-column elementor-element elementor-element-6f03ca6d\" data-id=\"6f03ca6d\" data-element_type=\"column\" data-e-type=\"column\">\n\t\t\t<div class=\"elementor-widget-wrap elementor-element-populated\">\n\t\t\t\t\t\t<div class=\"elementor-element elementor-element-48b6392a elementor-widget elementor-widget-heading\" data-id=\"48b6392a\" data-element_type=\"widget\" data-e-type=\"widget\" data-widget_type=\"heading.default\">\n\t\t\t\t<div class=\"elementor-widget-container\">\n\t\t\t\t\t<h2 class=\"elementor-heading-title elementor-size-default\">Pflege des Tattoos nach dem Abheilen<\/h2>\t\t\t\t<\/div>\n\t\t\t\t<\/div>\n\t\t\t\t<div class=\"elementor-element elementor-element-324f0955 elementor-widget elementor-widget-text-editor\" data-id=\"324f0955\" data-element_type=\"widget\" data-e-type=\"widget\" data-widget_type=\"text-editor.default\">\n\t\t\t\t<div class=\"elementor-widget-container\">\n\t\t\t\t\t\t\t\t\t<p>Unmittelbar nach einer T\u00e4towierung ist die Haut gereizt und ben\u00f6tigt besondere Pflege. Ein Tattoo-Schutzfilm, der auf die frisch t\u00e4towierte Haut aufgetragen wird, sch\u00fctzt sie vor weiteren Sch\u00e4den, und die heilende Tattoo-Kosmetik beschleunigt die Regeneration der Haut. W\u00e4hrend dieser Zeit muss die Haut intensiv mit Feuchtigkeit versorgt werden, um sie so geschmeidig wie m\u00f6glich zu machen. Auf der Oberfl\u00e4che der heilenden Haut wird sich Schorf bilden; zupfen Sie ihn nicht ab, sondern warten Sie, bis er von selbst abf\u00e4llt. Die Verwendung von Hautcremes beschleunigt die Entfernung des Schorfs erheblich.    <\/p><p>Sobald die T\u00e4towierung abgeheilt ist, wird die Haut wieder glatt, aber sie muss dennoch regelm\u00e4\u00dfig gepflegt werden. Die Verwendung der richtigen Kosmetika (Ringelblumencreme mit Kollagen oder <strong>Tattoo-Pflege\u00f6l)<\/strong> sorgt daf\u00fcr, dass die Haut jeden Tag ausreichend mit Feuchtigkeit und N\u00e4hrstoffen versorgt wird. <\/p>\t\t\t\t\t\t\t\t<\/div>\n\t\t\t\t<\/div>\n\t\t\t\t<div class=\"elementor-element elementor-element-2d7f2977 elementor-widget elementor-widget-heading\" data-id=\"2d7f2977\" data-element_type=\"widget\" data-e-type=\"widget\" data-widget_type=\"heading.default\">\n\t\t\t\t<div class=\"elementor-widget-container\">\n\t\t\t\t\t<h2 class=\"elementor-heading-title elementor-size-default\">Kosmetik f\u00fcr die Pflege verheilter T\u00e4towierungen von Med.tattoo - Garantie f\u00fcr Qualit\u00e4t und Zufriedenheit<\/h2>\t\t\t\t<\/div>\n\t\t\t\t<\/div>\n\t\t\t\t<div class=\"elementor-element elementor-element-5307f446 elementor-widget elementor-widget-text-editor\" data-id=\"5307f446\" data-element_type=\"widget\" data-e-type=\"widget\" data-widget_type=\"text-editor.default\">\n\t\t\t\t<div class=\"elementor-widget-container\">\n\t\t\t\t\t\t\t\t\t<p><strong>Im Online-Shop Med.tattoo<\/strong> bieten wir pflegende Kosmetika f\u00fcr <strong>T\u00e4towierungen<\/strong> an, die auf unseren eigenen Formeln basieren. Alle Pr\u00e4parate &#8211; Cremes, Butters oder \u00d6le &#8211; werden nur aus nat\u00fcrlichen Zutaten hergestellt und enthalten keine k\u00fcnstlichen Zusatzstoffe. <strong>Die vegane Tattoo-Kosmetik von Med.tattoo <\/strong>ist sowohl f\u00fcr M\u00e4nner als auch f\u00fcr Frauen geeignet und sensibilisiert oder reizt empfindliche Haut nicht. <\/p><p>Um die Hautoberfl\u00e4che mit einer T\u00e4towierung nach dem Abheilen zu schmieren, empfehlen wir die Verwendung von Calendula-Creme mit Kollagen oder <strong>Tattoo\u00f6l<\/strong>. Sowohl Tattoo\u00f6l als auch Kollagencreme gl\u00e4tten Ihre Haut, wirken antibakteriell und desinfizierend, verhindern das Austrocknen der Haut und hinterlassen einen nat\u00fcrlichen Schutzfilter auf der Hautoberfl\u00e4che. Die Kosmetika von Med.tattoo ziehen gut ein, hinterlassen kein fettiges Gef\u00fchl auf Ihrer Haut und sind sehr effizient. Sie k\u00f6nnen jeden Tag verwendet werden, was dazu beitr\u00e4gt, die Lebensdauer des Tattoos zu verl\u00e4ngern und seine sch\u00f6nen Farben l\u00e4nger zu erhalten.   <\/p>\t\t\t\t\t\t\t\t<\/div>\n\t\t\t\t<\/div>\n\t\t\t\t\t<\/div>\n\t\t<\/div>\n\t\t\t\t\t<\/div>\n\t\t<\/section>\n\t\t\t\t<\/div>\n\t\t","protected":false},"excerpt":{"rendered":"<p>TATTOO-PFLEGE Die Zellregeneration dauert in der Regel etwa drei Wochen nach dem T\u00e4towieren und Ihr Tattoo wird zum ersten Mal in echten Farben leuchten. Verwenden Sie die Creme und das Tattoo-Pflege\u00f6l und Sie werden die intensiven Farben genie\u00dfen. Siehe Produkte f\u00fcr die Pflege Pflege des Tattoos nach dem Abheilen Unmittelbar nach einer T\u00e4towierung ist die [&hellip;]<\/p>\n","protected":false},"author":1,"featured_media":0,"parent":0,"menu_order":0,"comment_status":"closed","ping_status":"closed","template":"","meta":{"site-sidebar-layout":"no-sidebar","site-content-layout":"page-builder","ast-site-content-layout":"default","site-content-style":"default","site-sidebar-style":"default","ast-global-header-display":"","ast-banner-title-visibility":"","ast-main-header-display":"","ast-hfb-above-header-display":"","ast-hfb-below-header-display":"","ast-hfb-mobile-header-display":"","site-post-title":"disabled","ast-breadcrumbs-content":"","ast-featured-img":"disabled","footer-sml-layout":"","ast-disable-related-posts":"","theme-transparent-header-meta":"disabled","adv-header-id-meta":"","stick-header-meta":"enabled","header-above-stick-meta":"","header-main-stick-meta":"disabled","header-below-stick-meta":"","astra-migrate-meta-layouts":"default","ast-page-background-enabled":"default","ast-page-background-meta":{"desktop":{"background-color":"var(--ast-global-color-4)","background-image":"","background-repeat":"repeat","background-position":"center center","background-size":"auto","background-attachment":"scroll","background-type":"","background-media":"","overlay-type":"","overlay-color":"","overlay-opacity":"","overlay-gradient":""},"tablet":{"background-color":"","background-image":"","background-repeat":"repeat","background-position":"center center","background-size":"auto","background-attachment":"scroll","background-type":"","background-media":"","overlay-type":"","overlay-color":"","overlay-opacity":"","overlay-gradient":""},"mobile":{"background-color":"","background-image":"","background-repeat":"repeat","background-position":"center center","background-size":"auto","background-attachment":"scroll","background-type":"","background-media":"","overlay-type":"","overlay-color":"","overlay-opacity":"","overlay-gradient":""}},"ast-content-background-meta":{"desktop":{"background-color":"var(--ast-global-color-5)","background-image":"","background-repeat":"repeat","background-position":"center center","background-size":"auto","background-attachment":"scroll","background-type":"","background-media":"","overlay-type":"","overlay-color":"","overlay-opacity":"","overlay-gradient":""},"tablet":{"background-color":"var(--ast-global-color-5)","background-image":"","background-repeat":"repeat","background-position":"center center","background-size":"auto","background-attachment":"scroll","background-type":"","background-media":"","overlay-type":"","overlay-color":"","overlay-opacity":"","overlay-gradient":""},"mobile":{"background-color":"var(--ast-global-color-5)","background-image":"","background-repeat":"repeat","background-position":"center center","background-size":"auto","background-attachment":"scroll","background-type":"","background-media":"","overlay-type":"","overlay-color":"","overlay-opacity":"","overlay-gradient":""}},"footnotes":""},"class_list":["post-5516","page","type-page","status-publish","hentry"],"yoast_head":"<!-- This site is optimized with the Yoast SEO plugin v27.3 - https:\/\/yoast.com\/product\/yoast-seo-wordpress\/ -->\n<title>Tattoo-Pflege - MED.TATTOO<\/title>\n<meta name=\"description\" content=\"Die Zellregeneration dauert in der Regel etwa drei Wochen nach dem T\u00e4towieren und Ihr Tattoo wird zum ersten Mal in echten Farben leuchten. Verwenden Sie...\" \/>\n<meta name=\"robots\" content=\"index, follow, max-snippet:-1, max-image-preview:large, max-video-preview:-1\" \/>\n<link rel=\"canonical\" href=\"https:\/\/med.tattoo\/de\/tattoo-pflege\/\" \/>\n<meta property=\"og:locale\" content=\"de_DE\" \/>\n<meta property=\"og:type\" content=\"article\" \/>\n<meta property=\"og:title\" content=\"Tattoo-Pflege - MED.TATTOO\" \/>\n<meta property=\"og:description\" content=\"Die Zellregeneration dauert in der Regel etwa drei Wochen nach dem T\u00e4towieren und Ihr Tattoo wird zum ersten Mal in echten Farben leuchten. Verwenden Sie...\" \/>\n<meta property=\"og:url\" content=\"https:\/\/med.tattoo\/de\/tattoo-pflege\/\" \/>\n<meta property=\"og:site_name\" content=\"MED.TATTOO\" \/>\n<meta property=\"article:publisher\" content=\"https:\/\/www.facebook.com\/profile.php?id=100084366705613\" \/>\n<meta property=\"og:image\" content=\"https:\/\/med.tattoo\/wp-content\/uploads\/2022\/08\/IMG_8199-300x300.jpg\" \/>\n<meta name=\"twitter:card\" content=\"summary_large_image\" \/>\n<meta name=\"twitter:label1\" content=\"Gesch\u00e4tzte Lesezeit\" \/>\n\t<meta name=\"twitter:data1\" content=\"2\u00a0Minuten\" \/>\n<script type=\"application\/ld+json\" class=\"yoast-schema-graph\">{\"@context\":\"https:\\\/\\\/schema.org\",\"@graph\":[{\"@type\":\"WebPage\",\"@id\":\"https:\\\/\\\/med.tattoo\\\/de\\\/tattoo-pflege\\\/\",\"url\":\"https:\\\/\\\/med.tattoo\\\/de\\\/tattoo-pflege\\\/\",\"name\":\"Tattoo-Pflege - MED.TATTOO\",\"isPartOf\":{\"@id\":\"https:\\\/\\\/med.tattoo\\\/de\\\/#website\"},\"primaryImageOfPage\":{\"@id\":\"https:\\\/\\\/med.tattoo\\\/de\\\/tattoo-pflege\\\/#primaryimage\"},\"image\":{\"@id\":\"https:\\\/\\\/med.tattoo\\\/de\\\/tattoo-pflege\\\/#primaryimage\"},\"thumbnailUrl\":\"https:\\\/\\\/s.w.org\\\/images\\\/core\\\/emoji\\\/14.0.0\\\/svg\\\/1f447.svg\",\"datePublished\":\"2025-05-07T08:30:29+00:00\",\"description\":\"Die Zellregeneration dauert in der Regel etwa drei Wochen nach dem T\u00e4towieren und Ihr Tattoo wird zum ersten Mal in echten Farben leuchten. Verwenden Sie...\",\"breadcrumb\":{\"@id\":\"https:\\\/\\\/med.tattoo\\\/de\\\/tattoo-pflege\\\/#breadcrumb\"},\"inLanguage\":\"de\",\"potentialAction\":[{\"@type\":\"ReadAction\",\"target\":[\"https:\\\/\\\/med.tattoo\\\/de\\\/tattoo-pflege\\\/\"]}]},{\"@type\":\"ImageObject\",\"inLanguage\":\"de\",\"@id\":\"https:\\\/\\\/med.tattoo\\\/de\\\/tattoo-pflege\\\/#primaryimage\",\"url\":\"https:\\\/\\\/s.w.org\\\/images\\\/core\\\/emoji\\\/14.0.0\\\/svg\\\/1f447.svg\",\"contentUrl\":\"https:\\\/\\\/s.w.org\\\/images\\\/core\\\/emoji\\\/14.0.0\\\/svg\\\/1f447.svg\"},{\"@type\":\"BreadcrumbList\",\"@id\":\"https:\\\/\\\/med.tattoo\\\/de\\\/tattoo-pflege\\\/#breadcrumb\",\"itemListElement\":[{\"@type\":\"ListItem\",\"position\":1,\"name\":\"Strona G\u0142\u00f3wna\",\"item\":\"https:\\\/\\\/med.tattoo\\\/de\\\/\"},{\"@type\":\"ListItem\",\"position\":2,\"name\":\"Tattoo-Pflege\"}]},{\"@type\":\"WebSite\",\"@id\":\"https:\\\/\\\/med.tattoo\\\/de\\\/#website\",\"url\":\"https:\\\/\\\/med.tattoo\\\/de\\\/\",\"name\":\"MED.TATTOO\",\"description\":\"Wszystko dla Twojego tatua\u017cu\",\"publisher\":{\"@id\":\"https:\\\/\\\/med.tattoo\\\/de\\\/#organization\"},\"potentialAction\":[{\"@type\":\"SearchAction\",\"target\":{\"@type\":\"EntryPoint\",\"urlTemplate\":\"https:\\\/\\\/med.tattoo\\\/de\\\/?s={search_term_string}\"},\"query-input\":{\"@type\":\"PropertyValueSpecification\",\"valueRequired\":true,\"valueName\":\"search_term_string\"}}],\"inLanguage\":\"de\"},{\"@type\":\"Organization\",\"@id\":\"https:\\\/\\\/med.tattoo\\\/de\\\/#organization\",\"name\":\"MED.TATTOO\",\"url\":\"https:\\\/\\\/med.tattoo\\\/de\\\/\",\"logo\":{\"@type\":\"ImageObject\",\"inLanguage\":\"de\",\"@id\":\"https:\\\/\\\/med.tattoo\\\/de\\\/#\\\/schema\\\/logo\\\/image\\\/\",\"url\":\"https:\\\/\\\/med.tattoo\\\/wp-content\\\/uploads\\\/2025\\\/05\\\/Bez-tytulu-600S300-px-1-e1658908183800.png\",\"contentUrl\":\"https:\\\/\\\/med.tattoo\\\/wp-content\\\/uploads\\\/2025\\\/05\\\/Bez-tytulu-600S300-px-1-e1658908183800.png\",\"width\":600,\"height\":61,\"caption\":\"MED.TATTOO\"},\"image\":{\"@id\":\"https:\\\/\\\/med.tattoo\\\/de\\\/#\\\/schema\\\/logo\\\/image\\\/\"},\"sameAs\":[\"https:\\\/\\\/www.facebook.com\\\/profile.php?id=100084366705613\",\"https:\\\/\\\/www.instagram.com\\\/med.tattoo_official\\\/\"]}]}<\/script>\n<!-- \/ Yoast SEO plugin. -->","yoast_head_json":{"title":"Tattoo-Pflege - MED.TATTOO","description":"Die Zellregeneration dauert in der Regel etwa drei Wochen nach dem T\u00e4towieren und Ihr Tattoo wird zum ersten Mal in echten Farben leuchten. Verwenden Sie...","robots":{"index":"index","follow":"follow","max-snippet":"max-snippet:-1","max-image-preview":"max-image-preview:large","max-video-preview":"max-video-preview:-1"},"canonical":"https:\/\/med.tattoo\/de\/tattoo-pflege\/","og_locale":"de_DE","og_type":"article","og_title":"Tattoo-Pflege - MED.TATTOO","og_description":"Die Zellregeneration dauert in der Regel etwa drei Wochen nach dem T\u00e4towieren und Ihr Tattoo wird zum ersten Mal in echten Farben leuchten. Verwenden Sie...","og_url":"https:\/\/med.tattoo\/de\/tattoo-pflege\/","og_site_name":"MED.TATTOO","article_publisher":"https:\/\/www.facebook.com\/profile.php?id=100084366705613","og_image":[{"url":"https:\/\/med.tattoo\/wp-content\/uploads\/2022\/08\/IMG_8199-300x300.jpg","type":"","width":"","height":""}],"twitter_card":"summary_large_image","twitter_misc":{"Gesch\u00e4tzte Lesezeit":"2\u00a0Minuten"},"schema":{"@context":"https:\/\/schema.org","@graph":[{"@type":"WebPage","@id":"https:\/\/med.tattoo\/de\/tattoo-pflege\/","url":"https:\/\/med.tattoo\/de\/tattoo-pflege\/","name":"Tattoo-Pflege - MED.TATTOO","isPartOf":{"@id":"https:\/\/med.tattoo\/de\/#website"},"primaryImageOfPage":{"@id":"https:\/\/med.tattoo\/de\/tattoo-pflege\/#primaryimage"},"image":{"@id":"https:\/\/med.tattoo\/de\/tattoo-pflege\/#primaryimage"},"thumbnailUrl":"https:\/\/s.w.org\/images\/core\/emoji\/14.0.0\/svg\/1f447.svg","datePublished":"2025-05-07T08:30:29+00:00","description":"Die Zellregeneration dauert in der Regel etwa drei Wochen nach dem T\u00e4towieren und Ihr Tattoo wird zum ersten Mal in echten Farben leuchten. Verwenden Sie...","breadcrumb":{"@id":"https:\/\/med.tattoo\/de\/tattoo-pflege\/#breadcrumb"},"inLanguage":"de","potentialAction":[{"@type":"ReadAction","target":["https:\/\/med.tattoo\/de\/tattoo-pflege\/"]}]},{"@type":"ImageObject","inLanguage":"de","@id":"https:\/\/med.tattoo\/de\/tattoo-pflege\/#primaryimage","url":"https:\/\/s.w.org\/images\/core\/emoji\/14.0.0\/svg\/1f447.svg","contentUrl":"https:\/\/s.w.org\/images\/core\/emoji\/14.0.0\/svg\/1f447.svg"},{"@type":"BreadcrumbList","@id":"https:\/\/med.tattoo\/de\/tattoo-pflege\/#breadcrumb","itemListElement":[{"@type":"ListItem","position":1,"name":"Strona G\u0142\u00f3wna","item":"https:\/\/med.tattoo\/de\/"},{"@type":"ListItem","position":2,"name":"Tattoo-Pflege"}]},{"@type":"WebSite","@id":"https:\/\/med.tattoo\/de\/#website","url":"https:\/\/med.tattoo\/de\/","name":"MED.TATTOO","description":"Wszystko dla Twojego tatua\u017cu","publisher":{"@id":"https:\/\/med.tattoo\/de\/#organization"},"potentialAction":[{"@type":"SearchAction","target":{"@type":"EntryPoint","urlTemplate":"https:\/\/med.tattoo\/de\/?s={search_term_string}"},"query-input":{"@type":"PropertyValueSpecification","valueRequired":true,"valueName":"search_term_string"}}],"inLanguage":"de"},{"@type":"Organization","@id":"https:\/\/med.tattoo\/de\/#organization","name":"MED.TATTOO","url":"https:\/\/med.tattoo\/de\/","logo":{"@type":"ImageObject","inLanguage":"de","@id":"https:\/\/med.tattoo\/de\/#\/schema\/logo\/image\/","url":"https:\/\/med.tattoo\/wp-content\/uploads\/2025\/05\/Bez-tytulu-600S300-px-1-e1658908183800.png","contentUrl":"https:\/\/med.tattoo\/wp-content\/uploads\/2025\/05\/Bez-tytulu-600S300-px-1-e1658908183800.png","width":600,"height":61,"caption":"MED.TATTOO"},"image":{"@id":"https:\/\/med.tattoo\/de\/#\/schema\/logo\/image\/"},"sameAs":["https:\/\/www.facebook.com\/profile.php?id=100084366705613","https:\/\/www.instagram.com\/med.tattoo_official\/"]}]}},"_links":{"self":[{"href":"https:\/\/med.tattoo\/de\/wp-json\/wp\/v2\/pages\/5516","targetHints":{"allow":["GET"]}}],"collection":[{"href":"https:\/\/med.tattoo\/de\/wp-json\/wp\/v2\/pages"}],"about":[{"href":"https:\/\/med.tattoo\/de\/wp-json\/wp\/v2\/types\/page"}],"author":[{"embeddable":true,"href":"https:\/\/med.tattoo\/de\/wp-json\/wp\/v2\/users\/1"}],"replies":[{"embeddable":true,"href":"https:\/\/med.tattoo\/de\/wp-json\/wp\/v2\/comments?post=5516"}],"version-history":[{"count":1,"href":"https:\/\/med.tattoo\/de\/wp-json\/wp\/v2\/pages\/5516\/revisions"}],"predecessor-version":[{"id":5519,"href":"https:\/\/med.tattoo\/de\/wp-json\/wp\/v2\/pages\/5516\/revisions\/5519"}],"wp:attachment":[{"href":"https:\/\/med.tattoo\/de\/wp-json\/wp\/v2\/media?parent=5516"}],"curies":[{"name":"wp","href":"https:\/\/api.w.org\/{rel}","templated":true}]}}