{"id":5544,"date":"2025-05-07T10:30:40","date_gmt":"2025-05-07T08:30:40","guid":{"rendered":"https:\/\/med.tattoo\/ruecksendungen-und-beschwerden\/"},"modified":"2025-05-07T15:59:40","modified_gmt":"2025-05-07T13:59:40","slug":"ruecksendungen-und-beschwerden","status":"publish","type":"page","link":"https:\/\/med.tattoo\/de\/ruecksendungen-und-beschwerden\/","title":{"rendered":"R\u00dcCKSENDUNGEN UND BESCHWERDEN"},"content":{"rendered":"\n<div style=\"height:50px\" aria-hidden=\"true\" class=\"wp-block-spacer\"><\/div>\n\n\n\n<h2 class=\"wp-block-heading has-text-align-center\" id=\"h-zwrot\">RETURN<\/h2>\n\n\n\n<p>Gem\u00e4\u00df dem Gesetz \u00fcber die Rechte der Verbraucher vom 30. Mai 2014 kann der Verbraucher vom Kaufvertrag \u00fcber die vom Verk\u00e4ufer gekauften Waren ohne Angabe von Gr\u00fcnden zur\u00fccktreten, indem er innerhalb von 14 Tagen, gerechnet ab dem Tag der Lieferung der Ware (d.h. ab dem Tag des Erhalts der Ware durch den Verbraucher), eine entsprechende schriftliche Erkl\u00e4rung abgibt. Zur Wahrung dieser Frist gen\u00fcgt die rechtzeitige Absendung einer schriftlichen Erkl\u00e4rung per Post.<br>Der Verbraucher kann vom Vertrag zur\u00fccktreten, indem er eine R\u00fccktrittserkl\u00e4rung an den Verk\u00e4ufer \u00fcbermittelt. Der Verbraucher kann das Formular f\u00fcr die R\u00fccktrittserkl\u00e4rung verwenden, das eine Anlage zu diesen Bedingungen darstellt und das auch unter der Adresse <a href=\"https:\/\/med.tattoo\/wp-content\/uploads\/2025\/05\/Form-de.docx\">Klicken Sie hier<\/a> heruntergeladen werden kann.<br>Die R\u00fccktrittserkl\u00e4rung ist an die Adresse MEDYCZNIE PROSTA SP\u00d3\u0141KA AKCYJNA Gorlice (38-300), ul. Biecka 8\/1 zu senden.<br>Der Verbraucher ist verpflichtet, die Ware sp\u00e4testens innerhalb von 14 Tagen ab dem Datum des R\u00fccktritts vom Vertrag an den Verk\u00e4ufer zur\u00fcckzusenden. Zur Wahrung der Frist gen\u00fcgt die rechtzeitige Absendung der Ware.<br>Die R\u00fccksendung der Ware hat an die Adresse des Verk\u00e4ufers zu erfolgen: MEDYCZNIE PROSTA SP\u00d3\u0141KA AKCYJNA Gorlice (38-300), ul. Biecka 8\/1. Die zur\u00fcckgesandten Waren m\u00fcssen sich in einem unver\u00e4nderten Zustand befinden. Der Verk\u00e4ufer wird dem Kunden die R\u00fcckgabe best\u00e4tigen. <br>Der Verk\u00e4ufer erstattet dem Verbraucher innerhalb von 14 Tagen ab dem Datum des Eingangs der R\u00fccktrittserkl\u00e4rung den Vorteil des Kaufpreises, wobei die Zahlung jedoch erst dann zur\u00fcckerstattet wird, wenn die Waren zur\u00fcckerhalten wurden oder der Verbraucher den Nachweis f\u00fcr ihre R\u00fccksendung erbracht hat.<br>Der Verk\u00e4ufer erstattet die Zahlung mit der gleichen Zahlungsmethode, die der Verbraucher verwendet hat, es sei denn, der Verbraucher stimmt einer anderen Erstattungsmethode zu, die f\u00fcr den Verbraucher keine Kosten verursacht.<br>Der Verbraucher tr\u00e4gt die Kosten der R\u00fccksendung der Ware an den Verk\u00e4ufer, einschlie\u00dflich der Kosten f\u00fcr den Versand, die Sicherung und die Verpackung der Ware.<br>Das Widerrufsrecht bei Fernabsatzvertr\u00e4gen gilt f\u00fcr den Verbraucher nicht f\u00fcr die in Artikel 1 genannten Vertr\u00e4ge. 38 des Gesetzes vom 30. Mai 2014 \u00fcber Verbraucherrechte, insbesondere Vertr\u00e4ge:<br>bei denen Gegenstand der Leistung eine Sache ist, die schnell verf\u00e4llt oder eine kurze Haltbarkeitsdauer hat;<br>bei denen Gegenstand der Leistung eine Sache ist, die in einer versiegelten Verpackung geliefert wird, die aus Gr\u00fcnden des Gesundheitsschutzes oder der Hygiene nicht zur\u00fcckgegeben werden kann, wenn die Verpackung nach der Lieferung ge\u00f6ffnet wurde;<br>bei denen Gegenstand der Leistung eine Sache ist, die nach der Lieferung aufgrund ihrer Beschaffenheit untrennbar mit anderen Sachen verbunden ist;<br>die im Rahmen einer \u00f6ffentlichen Versteigerung geschlossen wurden.<\/p>\n\n\n\n<h2 class=\"wp-block-heading has-text-align-center\">BESCHWERDEN<\/h2>\n\n\n\n<p>Der Verk\u00e4ufer haftet im Rahmen der Gew\u00e4hrleistung f\u00fcr Sach- und Rechtsm\u00e4ngel der verkauften Ware in dem in Art. 556 ff. des Gesetzes vom 23. April 1964 &#8211; Zivilgesetzbuch (DZ. U. von 2014, Punkt 121). <br>Im Falle einer mangelhaften Ware hat der Kunde insbesondere das Recht, innerhalb einer Frist von 2 (zwei) Jahren ab dem Datum der Lieferung der Ware eine Reklamation zu erheben. In einem solchen Fall sollte der Kunde die beanstandete Ware zusammen mit dem Kaufbeleg und einer Beschreibung der festgestellten M\u00e4ngel an den Verk\u00e4ufer senden oder liefern. Die beanstandete Ware ist an die Adresse des Verk\u00e4ufers MEDYCZNIE PROSTA SP\u00d3\u0141KA AKCYJNA Gorlice (38-300), ul. zu liefern oder zu senden. Biecka 8\/1.<br>Nach den Grunds\u00e4tzen des B\u00fcrgerlichen Gesetzbuches kann der Kunde die Nachbesserung der Ware, den Ersatz der Ware durch eine mangelfreie Ware, die Herabsetzung des Preises der Ware oder den R\u00fccktritt vom Kaufvertrag verlangen. Der Verk\u00e4ufer muss unverz\u00fcglich, sp\u00e4testens jedoch innerhalb von 14 Tagen nach Erhalt des Pakets mit der beanstandeten Ware, auf die Reklamation reagieren und den Kunden \u00fcber das weitere Vorgehen informieren.<br>Ist die Reklamation berechtigt, verpflichtet sich der Verk\u00e4ufer, innerhalb von 14 Tagen nach Annahme der Reklamation des Kunden die mangelhafte Ware durch eine mangelfreie Ware zu ersetzen, den Mangel zu beseitigen oder den Preis der Ware zu mindern.<br>Im Falle eines wirksamen R\u00fccktritts vom Vertrag verpflichtet sich der Verk\u00e4ufer, die Zahlung innerhalb von 14 Tagen nach Eingang der R\u00fccktrittserkl\u00e4rung zur\u00fcckzuerstatten, mit der Ma\u00dfgabe, dass die Zahlung nicht zur\u00fcckerstattet wird, bevor die Ware zur\u00fcckerhalten wurde oder der Kunde den Nachweis ihrer R\u00fccksendung erbracht hat.<br>Der Verk\u00e4ufer erstattet dem Kunden die mit der Lieferung oder dem Versand der beanstandeten Ware verbundenen Kosten, sobald die Beanstandung behoben ist.<br>Im Falle eines Vertragsgegenstandes, f\u00fcr den eine H\u00e4ndler- oder Herstellergarantie (Garantiegeber) gilt, sind die genauen Garantiebedingungen und die Dauer der Garantie in der vom Garantiegeber ausgestellten Garantiekarte anzugeben. Wenn dies in der Garantieurkunde vorgesehen ist, kann der Kunde seine Garantieanspr\u00fcche direkt bei der autorisierten Servicestelle geltend machen, deren Adresse in der Garantieurkunde angegeben ist. Der Kunde kann seine Gew\u00e4hrleistungsanspr\u00fcche auch beim Verk\u00e4ufer anmelden, der in diesem Fall jedoch nur als Vermittler fungiert, der die angemeldeten Anspr\u00fcche an den Garantiegeber weiterleitet. Der Kunde kann nach eigenem Ermessen die Garantierechte direkt beim Garantiegeber und seine Rechte gegen\u00fcber dem Verk\u00e4ufer im Rahmen der Garantie in Anspruch nehmen.<br>Die mit der Lieferung oder dem Versand der mangelhaften Ware verbundenen Kosten werden dem Kunden vom Verk\u00e4ufer nach Pr\u00fcfung der Reklamation und Anerkennung der Anspr\u00fcche des Kunden erstattet.<br>Im Hinblick auf die Aufrechterhaltung der ordnungsgem\u00e4\u00dfen Eigenschaften und der Qualit\u00e4t der gelieferten Produkte beh\u00e4lt sich der Verk\u00e4ufer das Recht vor, eine bestimmte Art des Transports der Bestellung zu w\u00e4hlen &#8211; Spezialtransport mit konstanten, kontrollierten Bedingungen (Pharmalink). Wenn der Kunde die Liefermethode \u00e4ndert und sich gegen den Spezialtransport entscheidet, haftet der Verk\u00e4ufer nicht f\u00fcr eine Ver\u00e4nderung des Aussehens oder der Eigenschaften der Waren, die durch eine unangemessene (zu hohe oder zu niedrige) Temperatur w\u00e4hrend des Transports oder der Lagerung der Pakete durch das Transportunternehmen verursacht wird. <\/p>\n\n\n\n<p><\/p>\n","protected":false},"excerpt":{"rendered":"<p>RETURN Gem\u00e4\u00df dem Gesetz \u00fcber die Rechte der Verbraucher vom 30. Mai 2014 kann der Verbraucher vom Kaufvertrag \u00fcber die vom Verk\u00e4ufer gekauften Waren ohne Angabe von Gr\u00fcnden zur\u00fccktreten, indem er innerhalb von 14 Tagen, gerechnet ab dem Tag der Lieferung der Ware (d.h. ab dem Tag des Erhalts der Ware durch den Verbraucher), eine [&hellip;]<\/p>\n","protected":false},"author":1,"featured_media":0,"parent":0,"menu_order":0,"comment_status":"closed","ping_status":"closed","template":"","meta":{"site-sidebar-layout":"default","site-content-layout":"","ast-site-content-layout":"default","site-content-style":"default","site-sidebar-style":"default","ast-global-header-display":"","ast-banner-title-visibility":"","ast-main-header-display":"","ast-hfb-above-header-display":"","ast-hfb-below-header-display":"","ast-hfb-mobile-header-display":"","site-post-title":"","ast-breadcrumbs-content":"","ast-featured-img":"","footer-sml-layout":"","ast-disable-related-posts":"","theme-transparent-header-meta":"","adv-header-id-meta":"","stick-header-meta":"","header-above-stick-meta":"","header-main-stick-meta":"","header-below-stick-meta":"","astra-migrate-meta-layouts":"set","ast-page-background-enabled":"default","ast-page-background-meta":{"desktop":{"background-color":"var(--ast-global-color-4)","background-image":"","background-repeat":"repeat","background-position":"center center","background-size":"auto","background-attachment":"scroll","background-type":"","background-media":"","overlay-type":"","overlay-color":"","overlay-opacity":"","overlay-gradient":""},"tablet":{"background-color":"","background-image":"","background-repeat":"repeat","background-position":"center center","background-size":"auto","background-attachment":"scroll","background-type":"","background-media":"","overlay-type":"","overlay-color":"","overlay-opacity":"","overlay-gradient":""},"mobile":{"background-color":"","background-image":"","background-repeat":"repeat","background-position":"center center","background-size":"auto","background-attachment":"scroll","background-type":"","background-media":"","overlay-type":"","overlay-color":"","overlay-opacity":"","overlay-gradient":""}},"ast-content-background-meta":{"desktop":{"background-color":"var(--ast-global-color-5)","background-image":"","background-repeat":"repeat","background-position":"center center","background-size":"auto","background-attachment":"scroll","background-type":"","background-media":"","overlay-type":"","overlay-color":"","overlay-opacity":"","overlay-gradient":""},"tablet":{"background-color":"var(--ast-global-color-5)","background-image":"","background-repeat":"repeat","background-position":"center center","background-size":"auto","background-attachment":"scroll","background-type":"","background-media":"","overlay-type":"","overlay-color":"","overlay-opacity":"","overlay-gradient":""},"mobile":{"background-color":"var(--ast-global-color-5)","background-image":"","background-repeat":"repeat","background-position":"center center","background-size":"auto","background-attachment":"scroll","background-type":"","background-media":"","overlay-type":"","overlay-color":"","overlay-opacity":"","overlay-gradient":""}},"footnotes":""},"class_list":["post-5544","page","type-page","status-publish","hentry"],"yoast_head":"<!-- This site is optimized with the Yoast SEO plugin v27.3 - https:\/\/yoast.com\/product\/yoast-seo-wordpress\/ -->\n<title>R\u00dcCKSENDUNGEN UND BESCHWERDEN - MED.TATTOO<\/title>\n<meta name=\"robots\" content=\"index, follow, max-snippet:-1, max-image-preview:large, max-video-preview:-1\" \/>\n<link rel=\"canonical\" href=\"https:\/\/med.tattoo\/de\/ruecksendungen-und-beschwerden\/\" \/>\n<meta property=\"og:locale\" content=\"de_DE\" \/>\n<meta property=\"og:type\" content=\"article\" \/>\n<meta property=\"og:title\" content=\"R\u00dcCKSENDUNGEN UND BESCHWERDEN - MED.TATTOO\" \/>\n<meta property=\"og:description\" content=\"RETURN Gem\u00e4\u00df dem Gesetz \u00fcber die Rechte der Verbraucher vom 30. Mai 2014 kann der Verbraucher vom Kaufvertrag \u00fcber die vom Verk\u00e4ufer gekauften Waren ohne Angabe von Gr\u00fcnden zur\u00fccktreten, indem er innerhalb von 14 Tagen, gerechnet ab dem Tag der Lieferung der Ware (d.h. ab dem Tag des Erhalts der Ware durch den Verbraucher), eine [&hellip;]\" \/>\n<meta property=\"og:url\" content=\"https:\/\/med.tattoo\/de\/ruecksendungen-und-beschwerden\/\" \/>\n<meta property=\"og:site_name\" content=\"MED.TATTOO\" \/>\n<meta property=\"article:publisher\" content=\"https:\/\/www.facebook.com\/profile.php?id=100084366705613\" \/>\n<meta property=\"article:modified_time\" content=\"2025-05-07T13:59:40+00:00\" \/>\n<meta name=\"twitter:card\" content=\"summary_large_image\" \/>\n<meta name=\"twitter:label1\" content=\"Gesch\u00e4tzte Lesezeit\" \/>\n\t<meta name=\"twitter:data1\" content=\"6\u00a0Minuten\" \/>\n<script type=\"application\/ld+json\" class=\"yoast-schema-graph\">{\"@context\":\"https:\\\/\\\/schema.org\",\"@graph\":[{\"@type\":\"WebPage\",\"@id\":\"https:\\\/\\\/med.tattoo\\\/de\\\/ruecksendungen-und-beschwerden\\\/\",\"url\":\"https:\\\/\\\/med.tattoo\\\/de\\\/ruecksendungen-und-beschwerden\\\/\",\"name\":\"R\u00dcCKSENDUNGEN UND BESCHWERDEN - MED.TATTOO\",\"isPartOf\":{\"@id\":\"https:\\\/\\\/med.tattoo\\\/de\\\/#website\"},\"datePublished\":\"2025-05-07T08:30:40+00:00\",\"dateModified\":\"2025-05-07T13:59:40+00:00\",\"breadcrumb\":{\"@id\":\"https:\\\/\\\/med.tattoo\\\/de\\\/ruecksendungen-und-beschwerden\\\/#breadcrumb\"},\"inLanguage\":\"de\",\"potentialAction\":[{\"@type\":\"ReadAction\",\"target\":[\"https:\\\/\\\/med.tattoo\\\/de\\\/ruecksendungen-und-beschwerden\\\/\"]}]},{\"@type\":\"BreadcrumbList\",\"@id\":\"https:\\\/\\\/med.tattoo\\\/de\\\/ruecksendungen-und-beschwerden\\\/#breadcrumb\",\"itemListElement\":[{\"@type\":\"ListItem\",\"position\":1,\"name\":\"Strona G\u0142\u00f3wna\",\"item\":\"https:\\\/\\\/med.tattoo\\\/de\\\/\"},{\"@type\":\"ListItem\",\"position\":2,\"name\":\"R\u00dcCKSENDUNGEN UND BESCHWERDEN\"}]},{\"@type\":\"WebSite\",\"@id\":\"https:\\\/\\\/med.tattoo\\\/de\\\/#website\",\"url\":\"https:\\\/\\\/med.tattoo\\\/de\\\/\",\"name\":\"MED.TATTOO\",\"description\":\"Wszystko dla Twojego tatua\u017cu\",\"publisher\":{\"@id\":\"https:\\\/\\\/med.tattoo\\\/de\\\/#organization\"},\"potentialAction\":[{\"@type\":\"SearchAction\",\"target\":{\"@type\":\"EntryPoint\",\"urlTemplate\":\"https:\\\/\\\/med.tattoo\\\/de\\\/?s={search_term_string}\"},\"query-input\":{\"@type\":\"PropertyValueSpecification\",\"valueRequired\":true,\"valueName\":\"search_term_string\"}}],\"inLanguage\":\"de\"},{\"@type\":\"Organization\",\"@id\":\"https:\\\/\\\/med.tattoo\\\/de\\\/#organization\",\"name\":\"MED.TATTOO\",\"url\":\"https:\\\/\\\/med.tattoo\\\/de\\\/\",\"logo\":{\"@type\":\"ImageObject\",\"inLanguage\":\"de\",\"@id\":\"https:\\\/\\\/med.tattoo\\\/de\\\/#\\\/schema\\\/logo\\\/image\\\/\",\"url\":\"https:\\\/\\\/med.tattoo\\\/wp-content\\\/uploads\\\/2025\\\/05\\\/Bez-tytulu-600S300-px-1-e1658908183800.png\",\"contentUrl\":\"https:\\\/\\\/med.tattoo\\\/wp-content\\\/uploads\\\/2025\\\/05\\\/Bez-tytulu-600S300-px-1-e1658908183800.png\",\"width\":600,\"height\":61,\"caption\":\"MED.TATTOO\"},\"image\":{\"@id\":\"https:\\\/\\\/med.tattoo\\\/de\\\/#\\\/schema\\\/logo\\\/image\\\/\"},\"sameAs\":[\"https:\\\/\\\/www.facebook.com\\\/profile.php?id=100084366705613\",\"https:\\\/\\\/www.instagram.com\\\/med.tattoo_official\\\/\"]}]}<\/script>\n<!-- \/ Yoast SEO plugin. -->","yoast_head_json":{"title":"R\u00dcCKSENDUNGEN UND BESCHWERDEN - MED.TATTOO","robots":{"index":"index","follow":"follow","max-snippet":"max-snippet:-1","max-image-preview":"max-image-preview:large","max-video-preview":"max-video-preview:-1"},"canonical":"https:\/\/med.tattoo\/de\/ruecksendungen-und-beschwerden\/","og_locale":"de_DE","og_type":"article","og_title":"R\u00dcCKSENDUNGEN UND BESCHWERDEN - MED.TATTOO","og_description":"RETURN Gem\u00e4\u00df dem Gesetz \u00fcber die Rechte der Verbraucher vom 30. Mai 2014 kann der Verbraucher vom Kaufvertrag \u00fcber die vom Verk\u00e4ufer gekauften Waren ohne Angabe von Gr\u00fcnden zur\u00fccktreten, indem er innerhalb von 14 Tagen, gerechnet ab dem Tag der Lieferung der Ware (d.h. ab dem Tag des Erhalts der Ware durch den Verbraucher), eine [&hellip;]","og_url":"https:\/\/med.tattoo\/de\/ruecksendungen-und-beschwerden\/","og_site_name":"MED.TATTOO","article_publisher":"https:\/\/www.facebook.com\/profile.php?id=100084366705613","article_modified_time":"2025-05-07T13:59:40+00:00","twitter_card":"summary_large_image","twitter_misc":{"Gesch\u00e4tzte Lesezeit":"6\u00a0Minuten"},"schema":{"@context":"https:\/\/schema.org","@graph":[{"@type":"WebPage","@id":"https:\/\/med.tattoo\/de\/ruecksendungen-und-beschwerden\/","url":"https:\/\/med.tattoo\/de\/ruecksendungen-und-beschwerden\/","name":"R\u00dcCKSENDUNGEN UND BESCHWERDEN - MED.TATTOO","isPartOf":{"@id":"https:\/\/med.tattoo\/de\/#website"},"datePublished":"2025-05-07T08:30:40+00:00","dateModified":"2025-05-07T13:59:40+00:00","breadcrumb":{"@id":"https:\/\/med.tattoo\/de\/ruecksendungen-und-beschwerden\/#breadcrumb"},"inLanguage":"de","potentialAction":[{"@type":"ReadAction","target":["https:\/\/med.tattoo\/de\/ruecksendungen-und-beschwerden\/"]}]},{"@type":"BreadcrumbList","@id":"https:\/\/med.tattoo\/de\/ruecksendungen-und-beschwerden\/#breadcrumb","itemListElement":[{"@type":"ListItem","position":1,"name":"Strona G\u0142\u00f3wna","item":"https:\/\/med.tattoo\/de\/"},{"@type":"ListItem","position":2,"name":"R\u00dcCKSENDUNGEN UND BESCHWERDEN"}]},{"@type":"WebSite","@id":"https:\/\/med.tattoo\/de\/#website","url":"https:\/\/med.tattoo\/de\/","name":"MED.TATTOO","description":"Wszystko dla Twojego tatua\u017cu","publisher":{"@id":"https:\/\/med.tattoo\/de\/#organization"},"potentialAction":[{"@type":"SearchAction","target":{"@type":"EntryPoint","urlTemplate":"https:\/\/med.tattoo\/de\/?s={search_term_string}"},"query-input":{"@type":"PropertyValueSpecification","valueRequired":true,"valueName":"search_term_string"}}],"inLanguage":"de"},{"@type":"Organization","@id":"https:\/\/med.tattoo\/de\/#organization","name":"MED.TATTOO","url":"https:\/\/med.tattoo\/de\/","logo":{"@type":"ImageObject","inLanguage":"de","@id":"https:\/\/med.tattoo\/de\/#\/schema\/logo\/image\/","url":"https:\/\/med.tattoo\/wp-content\/uploads\/2025\/05\/Bez-tytulu-600S300-px-1-e1658908183800.png","contentUrl":"https:\/\/med.tattoo\/wp-content\/uploads\/2025\/05\/Bez-tytulu-600S300-px-1-e1658908183800.png","width":600,"height":61,"caption":"MED.TATTOO"},"image":{"@id":"https:\/\/med.tattoo\/de\/#\/schema\/logo\/image\/"},"sameAs":["https:\/\/www.facebook.com\/profile.php?id=100084366705613","https:\/\/www.instagram.com\/med.tattoo_official\/"]}]}},"_links":{"self":[{"href":"https:\/\/med.tattoo\/de\/wp-json\/wp\/v2\/pages\/5544","targetHints":{"allow":["GET"]}}],"collection":[{"href":"https:\/\/med.tattoo\/de\/wp-json\/wp\/v2\/pages"}],"about":[{"href":"https:\/\/med.tattoo\/de\/wp-json\/wp\/v2\/types\/page"}],"author":[{"embeddable":true,"href":"https:\/\/med.tattoo\/de\/wp-json\/wp\/v2\/users\/1"}],"replies":[{"embeddable":true,"href":"https:\/\/med.tattoo\/de\/wp-json\/wp\/v2\/comments?post=5544"}],"version-history":[{"count":2,"href":"https:\/\/med.tattoo\/de\/wp-json\/wp\/v2\/pages\/5544\/revisions"}],"predecessor-version":[{"id":6370,"href":"https:\/\/med.tattoo\/de\/wp-json\/wp\/v2\/pages\/5544\/revisions\/6370"}],"wp:attachment":[{"href":"https:\/\/med.tattoo\/de\/wp-json\/wp\/v2\/media?parent=5544"}],"curies":[{"name":"wp","href":"https:\/\/api.w.org\/{rel}","templated":true}]}}