{"id":5593,"date":"2025-05-07T10:30:02","date_gmt":"2025-05-07T08:30:02","guid":{"rendered":"https:\/\/med.tattoo\/ueber-uns\/"},"modified":"2025-05-05T11:18:18","modified_gmt":"2025-05-05T09:18:18","slug":"ueber-uns","status":"publish","type":"page","link":"https:\/\/med.tattoo\/de\/ueber-uns\/","title":{"rendered":"\u00dcber uns"},"content":{"rendered":"\t\t<div data-elementor-type=\"wp-page\" data-elementor-id=\"5593\" class=\"elementor elementor-5593 elementor-381\" data-elementor-settings=\"{&quot;ha_cmc_init_switcher&quot;:&quot;no&quot;}\" data-elementor-post-type=\"page\">\n\t\t\t\t\t\t<section class=\"elementor-section elementor-top-section elementor-element elementor-element-440e8a16 elementor-section-boxed elementor-section-height-default elementor-section-height-default\" data-id=\"440e8a16\" data-element_type=\"section\" data-e-type=\"section\" data-settings=\"{&quot;background_background&quot;:&quot;classic&quot;}\">\n\t\t\t\t\t\t<div class=\"elementor-container elementor-column-gap-default\">\n\t\t\t\t\t<div class=\"elementor-column elementor-col-100 elementor-top-column elementor-element elementor-element-43f28151\" data-id=\"43f28151\" data-element_type=\"column\" data-e-type=\"column\">\n\t\t\t<div class=\"elementor-widget-wrap elementor-element-populated\">\n\t\t\t\t\t\t<div class=\"elementor-element elementor-element-1b5ce88 elementor-widget elementor-widget-heading\" data-id=\"1b5ce88\" data-element_type=\"widget\" data-e-type=\"widget\" data-widget_type=\"heading.default\">\n\t\t\t\t<div class=\"elementor-widget-container\">\n\t\t\t\t\t<h1 class=\"elementor-heading-title elementor-size-default\">\u00dcBER UNS<\/h1>\t\t\t\t<\/div>\n\t\t\t\t<\/div>\n\t\t\t\t<div class=\"elementor-element elementor-element-9296ee8 elementor-widget elementor-widget-heading\" data-id=\"9296ee8\" data-element_type=\"widget\" data-e-type=\"widget\" data-widget_type=\"heading.default\">\n\t\t\t\t<div class=\"elementor-widget-container\">\n\t\t\t\t\t<h2 class=\"elementor-heading-title elementor-size-default\">Med.tattoo - Hersteller von nat\u00fcrlicher Tattoo-Kosmetik<\/h2>\t\t\t\t<\/div>\n\t\t\t\t<\/div>\n\t\t\t\t<div class=\"elementor-element elementor-element-1437547 elementor-widget elementor-widget-text-editor\" data-id=\"1437547\" data-element_type=\"widget\" data-e-type=\"widget\" data-widget_type=\"text-editor.default\">\n\t\t\t\t<div class=\"elementor-widget-container\">\n\t\t\t\t\t\t\t\t\t<p>Med.tattoo ist eine aufstrebende Marke, die sich der Herstellung von professioneller Kosmetik und Zubeh\u00f6r f\u00fcr die Tattoo-Pflege widmet. Sie wurde von Menschen gegr\u00fcndet, die ihr pharmazeutisches Wissen und ihre Erfahrung mit ihrer Leidenschaft f\u00fcr Kr\u00e4uterkunde und Kosmetik verbinden. Eine solche Kombination kann nicht scheitern!  <\/p>\t\t\t\t\t\t\t\t<\/div>\n\t\t\t\t<\/div>\n\t\t\t\t<div class=\"elementor-element elementor-element-60a56c0 elementor-widget elementor-widget-heading\" data-id=\"60a56c0\" data-element_type=\"widget\" data-e-type=\"widget\" data-widget_type=\"heading.default\">\n\t\t\t\t<div class=\"elementor-widget-container\">\n\t\t\t\t\t<h2 class=\"elementor-heading-title elementor-size-default\">Lernen Sie uns besser kennen<\/h2>\t\t\t\t<\/div>\n\t\t\t\t<\/div>\n\t\t\t\t<div class=\"elementor-element elementor-element-b28ae90 elementor-widget elementor-widget-text-editor\" data-id=\"b28ae90\" data-element_type=\"widget\" data-e-type=\"widget\" data-widget_type=\"text-editor.default\">\n\t\t\t\t<div class=\"elementor-widget-container\">\n\t\t\t\t\t\t\t\t\t<p><strong>Krzysiek<\/strong> &#8211; baut seit mehr als zwanzig Jahren Calendula, Samt und Kamille an und stellt daraus Mazerate und Extrakte her.<\/p>\t\t\t\t\t\t\t\t<\/div>\n\t\t\t\t<\/div>\n\t\t\t\t<div class=\"elementor-element elementor-element-fed1c78 elementor-widget elementor-widget-text-editor\" data-id=\"fed1c78\" data-element_type=\"widget\" data-e-type=\"widget\" data-widget_type=\"text-editor.default\">\n\t\t\t\t<div class=\"elementor-widget-container\">\n\t\t\t\t\t\t\t\t\t<p><strong>Kuba<\/strong> &#8211; nachdem sie fast zwanzig Jahre lang ununterbrochen als Apothekerin in der Pharmaindustrie gearbeitet hat, ist sie bestrebt, Menschen zu helfen. Vor allem denjenigen, die Langzeitpflege ben\u00f6tigen. Sie sind eine einzigartige Gruppe von Patienten mit Problemen wie Hautproblemen.   <\/p>\t\t\t\t\t\t\t\t<\/div>\n\t\t\t\t<\/div>\n\t\t\t\t<div class=\"elementor-element elementor-element-e554c1f elementor-widget elementor-widget-text-editor\" data-id=\"e554c1f\" data-element_type=\"widget\" data-e-type=\"widget\" data-widget_type=\"text-editor.default\">\n\t\t\t\t<div class=\"elementor-widget-container\">\n\t\t\t\t\t\t\t\t\t<p>Wir von Med.tattoo haben die <strong>Herstellung und den Vertrieb von Tattoo-Pflegeprodukten<\/strong> \u00fcbernommen, weil wir \u00fcber ein breites Fachwissen in diesem Bereich verf\u00fcgen. Wir haben unsere Kr\u00e4fte geb\u00fcndelt, um Produkte f\u00fcr T\u00e4towierte und T\u00e4towierer zu entwickeln. <\/p><p>Bevor wir unsere Produkte herstellten, verbrachten wir viele Stunden damit, mit professionellen T\u00e4towierern und Tattoo-Besitzern zu sprechen. So lernten wir die Bed\u00fcrfnisse des Marktes kennen und konnten die Formulierungen noch weiter verfeinern.<\/p><p>Unsere <strong>Tattoo-Kosmetik<\/strong> wird nicht in Massenproduktion hergestellt, so dass wir h\u00f6chste Qualit\u00e4t und Liebe zum Detail garantieren k\u00f6nnen. <strong>Tattoo-Cremes, Tattoo-Butter, Ringelblumen-Petroleum und Haut\u00f6le<\/strong> sind allesamt Produkte von h\u00f6chster Qualit\u00e4t, die durch die erforderlichen Zertifikate best\u00e4tigt werden.<\/p><p>Bei der Herstellung von Naturkosmetik liegt unser Hauptaugenmerk auf der Qualit\u00e4t. Wie beim Kr\u00e4uteranbau werden hier keine Herbizide verwendet, die Kosmetika enthalten keine k\u00fcnstlichen Zusatzstoffe oder Konservierungsmittel. Die Kosmetika werden auch nicht an Tieren getestet. Die von uns hergestellten<strong> Kosmetika sind 100% nat\u00fcrlich und vegan<\/strong>.   <\/p><p>Die Produktion der <strong>Tattoo-Pflege und heilenden Kosmetik<\/strong> <strong>von Med.tatto <\/strong>findet in einem renommierten Labor in der Slowakei statt, das die Einhaltung aller EU-Standards garantiert.<\/p><p>Wir bieten unseren Kunden 100% nat\u00fcrliche und vegane Kosmetik. Hautpflegeprodukte und Zubeh\u00f6r zur Heilung von T\u00e4towierungen von Med.tattoo sind von h\u00f6chster Qualit\u00e4t, angenehm in der Anwendung, sicher f\u00fcr die Haut und vor allem wirksam! Sehen Sie sich unser Sortiment an und nutzen Sie die Vorteile <a href=\"https:\/\/med.tattoo\/sklep\/\"><strong>Online-Einkauf<\/strong><\/a> zu attraktiven Preisen.   Sie sind herzlich willkommen!<\/p>\t\t\t\t\t\t\t\t<\/div>\n\t\t\t\t<\/div>\n\t\t\t\t\t<\/div>\n\t\t<\/div>\n\t\t\t\t\t<\/div>\n\t\t<\/section>\n\t\t\t\t<\/div>\n\t\t","protected":false},"excerpt":{"rendered":"<p>\u00dcBER UNS Med.tattoo &#8211; Hersteller von nat\u00fcrlicher Tattoo-Kosmetik Med.tattoo ist eine aufstrebende Marke, die sich der Herstellung von professioneller Kosmetik und Zubeh\u00f6r f\u00fcr die Tattoo-Pflege widmet. Sie wurde von Menschen gegr\u00fcndet, die ihr pharmazeutisches Wissen und ihre Erfahrung mit ihrer Leidenschaft f\u00fcr Kr\u00e4uterkunde und Kosmetik verbinden. Eine solche Kombination kann nicht scheitern! Lernen Sie uns [&hellip;]<\/p>\n","protected":false},"author":1,"featured_media":0,"parent":0,"menu_order":0,"comment_status":"closed","ping_status":"closed","template":"","meta":{"site-sidebar-layout":"no-sidebar","site-content-layout":"page-builder","ast-site-content-layout":"default","site-content-style":"default","site-sidebar-style":"default","ast-global-header-display":"","ast-banner-title-visibility":"","ast-main-header-display":"","ast-hfb-above-header-display":"","ast-hfb-below-header-display":"","ast-hfb-mobile-header-display":"","site-post-title":"disabled","ast-breadcrumbs-content":"disabled","ast-featured-img":"disabled","footer-sml-layout":"","ast-disable-related-posts":"","theme-transparent-header-meta":"disabled","adv-header-id-meta":"","stick-header-meta":"enabled","header-above-stick-meta":"","header-main-stick-meta":"disabled","header-below-stick-meta":"","astra-migrate-meta-layouts":"default","ast-page-background-enabled":"default","ast-page-background-meta":{"desktop":{"background-color":"var(--ast-global-color-4)","background-image":"","background-repeat":"repeat","background-position":"center center","background-size":"auto","background-attachment":"scroll","background-type":"","background-media":"","overlay-type":"","overlay-color":"","overlay-opacity":"","overlay-gradient":""},"tablet":{"background-color":"","background-image":"","background-repeat":"repeat","background-position":"center center","background-size":"auto","background-attachment":"scroll","background-type":"","background-media":"","overlay-type":"","overlay-color":"","overlay-opacity":"","overlay-gradient":""},"mobile":{"background-color":"","background-image":"","background-repeat":"repeat","background-position":"center center","background-size":"auto","background-attachment":"scroll","background-type":"","background-media":"","overlay-type":"","overlay-color":"","overlay-opacity":"","overlay-gradient":""}},"ast-content-background-meta":{"desktop":{"background-color":"var(--ast-global-color-5)","background-image":"","background-repeat":"repeat","background-position":"center center","background-size":"auto","background-attachment":"scroll","background-type":"","background-media":"","overlay-type":"","overlay-color":"","overlay-opacity":"","overlay-gradient":""},"tablet":{"background-color":"var(--ast-global-color-5)","background-image":"","background-repeat":"repeat","background-position":"center center","background-size":"auto","background-attachment":"scroll","background-type":"","background-media":"","overlay-type":"","overlay-color":"","overlay-opacity":"","overlay-gradient":""},"mobile":{"background-color":"var(--ast-global-color-5)","background-image":"","background-repeat":"repeat","background-position":"center center","background-size":"auto","background-attachment":"scroll","background-type":"","background-media":"","overlay-type":"","overlay-color":"","overlay-opacity":"","overlay-gradient":""}},"footnotes":""},"class_list":["post-5593","page","type-page","status-publish","hentry"],"yoast_head":"<!-- This site is optimized with the Yoast SEO plugin v27.3 - https:\/\/yoast.com\/product\/yoast-seo-wordpress\/ -->\n<title>Tattoo-Pflege mit Kosmetik von Med.tattoo - \u00dcber uns<\/title>\n<meta name=\"description\" content=\"Bei Med.tatto widmen wir uns dem Verkauf von selbst hergestellten Kosmetika f\u00fcr die Tattoo-Pflege. Wir bieten 100% nat\u00fcrliche und vegane Kosmetika an. Erfahren Sie mehr \u00fcber uns!\" \/>\n<meta name=\"robots\" content=\"index, follow, max-snippet:-1, max-image-preview:large, max-video-preview:-1\" \/>\n<link rel=\"canonical\" href=\"https:\/\/med.tattoo\/de\/ueber-uns\/\" \/>\n<meta property=\"og:locale\" content=\"de_DE\" \/>\n<meta property=\"og:type\" content=\"article\" \/>\n<meta property=\"og:title\" content=\"Tattoo-Pflege mit Kosmetik von Med.tattoo - \u00dcber uns\" \/>\n<meta property=\"og:description\" content=\"Bei Med.tatto widmen wir uns dem Verkauf von selbst hergestellten Kosmetika f\u00fcr die Tattoo-Pflege. Wir bieten 100% nat\u00fcrliche und vegane Kosmetika an. Erfahren Sie mehr \u00fcber uns!\" \/>\n<meta property=\"og:url\" content=\"https:\/\/med.tattoo\/de\/ueber-uns\/\" \/>\n<meta property=\"og:site_name\" content=\"MED.TATTOO\" \/>\n<meta property=\"article:publisher\" content=\"https:\/\/www.facebook.com\/profile.php?id=100084366705613\" \/>\n<meta name=\"twitter:card\" content=\"summary_large_image\" \/>\n<meta name=\"twitter:label1\" content=\"Gesch\u00e4tzte Lesezeit\" \/>\n\t<meta name=\"twitter:data1\" content=\"2\u00a0Minuten\" \/>\n<script type=\"application\/ld+json\" class=\"yoast-schema-graph\">{\"@context\":\"https:\\\/\\\/schema.org\",\"@graph\":[{\"@type\":\"WebPage\",\"@id\":\"https:\\\/\\\/med.tattoo\\\/de\\\/ueber-uns\\\/\",\"url\":\"https:\\\/\\\/med.tattoo\\\/de\\\/ueber-uns\\\/\",\"name\":\"Tattoo-Pflege mit Kosmetik von Med.tattoo - \u00dcber uns\",\"isPartOf\":{\"@id\":\"https:\\\/\\\/med.tattoo\\\/de\\\/#website\"},\"datePublished\":\"2025-05-07T08:30:02+00:00\",\"description\":\"Bei Med.tatto widmen wir uns dem Verkauf von selbst hergestellten Kosmetika f\u00fcr die Tattoo-Pflege. Wir bieten 100% nat\u00fcrliche und vegane Kosmetika an. Erfahren Sie mehr \u00fcber uns!\",\"breadcrumb\":{\"@id\":\"https:\\\/\\\/med.tattoo\\\/de\\\/ueber-uns\\\/#breadcrumb\"},\"inLanguage\":\"de\",\"potentialAction\":[{\"@type\":\"ReadAction\",\"target\":[\"https:\\\/\\\/med.tattoo\\\/de\\\/ueber-uns\\\/\"]}]},{\"@type\":\"BreadcrumbList\",\"@id\":\"https:\\\/\\\/med.tattoo\\\/de\\\/ueber-uns\\\/#breadcrumb\",\"itemListElement\":[{\"@type\":\"ListItem\",\"position\":1,\"name\":\"Strona G\u0142\u00f3wna\",\"item\":\"https:\\\/\\\/med.tattoo\\\/de\\\/\"},{\"@type\":\"ListItem\",\"position\":2,\"name\":\"\u00dcber uns\"}]},{\"@type\":\"WebSite\",\"@id\":\"https:\\\/\\\/med.tattoo\\\/de\\\/#website\",\"url\":\"https:\\\/\\\/med.tattoo\\\/de\\\/\",\"name\":\"MED.TATTOO\",\"description\":\"Wszystko dla Twojego tatua\u017cu\",\"publisher\":{\"@id\":\"https:\\\/\\\/med.tattoo\\\/de\\\/#organization\"},\"potentialAction\":[{\"@type\":\"SearchAction\",\"target\":{\"@type\":\"EntryPoint\",\"urlTemplate\":\"https:\\\/\\\/med.tattoo\\\/de\\\/?s={search_term_string}\"},\"query-input\":{\"@type\":\"PropertyValueSpecification\",\"valueRequired\":true,\"valueName\":\"search_term_string\"}}],\"inLanguage\":\"de\"},{\"@type\":\"Organization\",\"@id\":\"https:\\\/\\\/med.tattoo\\\/de\\\/#organization\",\"name\":\"MED.TATTOO\",\"url\":\"https:\\\/\\\/med.tattoo\\\/de\\\/\",\"logo\":{\"@type\":\"ImageObject\",\"inLanguage\":\"de\",\"@id\":\"https:\\\/\\\/med.tattoo\\\/de\\\/#\\\/schema\\\/logo\\\/image\\\/\",\"url\":\"https:\\\/\\\/med.tattoo\\\/wp-content\\\/uploads\\\/2025\\\/05\\\/Bez-tytulu-600S300-px-1-e1658908183800.png\",\"contentUrl\":\"https:\\\/\\\/med.tattoo\\\/wp-content\\\/uploads\\\/2025\\\/05\\\/Bez-tytulu-600S300-px-1-e1658908183800.png\",\"width\":600,\"height\":61,\"caption\":\"MED.TATTOO\"},\"image\":{\"@id\":\"https:\\\/\\\/med.tattoo\\\/de\\\/#\\\/schema\\\/logo\\\/image\\\/\"},\"sameAs\":[\"https:\\\/\\\/www.facebook.com\\\/profile.php?id=100084366705613\",\"https:\\\/\\\/www.instagram.com\\\/med.tattoo_official\\\/\"]}]}<\/script>\n<!-- \/ Yoast SEO plugin. -->","yoast_head_json":{"title":"Tattoo-Pflege mit Kosmetik von Med.tattoo - \u00dcber uns","description":"Bei Med.tatto widmen wir uns dem Verkauf von selbst hergestellten Kosmetika f\u00fcr die Tattoo-Pflege. Wir bieten 100% nat\u00fcrliche und vegane Kosmetika an. Erfahren Sie mehr \u00fcber uns!","robots":{"index":"index","follow":"follow","max-snippet":"max-snippet:-1","max-image-preview":"max-image-preview:large","max-video-preview":"max-video-preview:-1"},"canonical":"https:\/\/med.tattoo\/de\/ueber-uns\/","og_locale":"de_DE","og_type":"article","og_title":"Tattoo-Pflege mit Kosmetik von Med.tattoo - \u00dcber uns","og_description":"Bei Med.tatto widmen wir uns dem Verkauf von selbst hergestellten Kosmetika f\u00fcr die Tattoo-Pflege. Wir bieten 100% nat\u00fcrliche und vegane Kosmetika an. Erfahren Sie mehr \u00fcber uns!","og_url":"https:\/\/med.tattoo\/de\/ueber-uns\/","og_site_name":"MED.TATTOO","article_publisher":"https:\/\/www.facebook.com\/profile.php?id=100084366705613","twitter_card":"summary_large_image","twitter_misc":{"Gesch\u00e4tzte Lesezeit":"2\u00a0Minuten"},"schema":{"@context":"https:\/\/schema.org","@graph":[{"@type":"WebPage","@id":"https:\/\/med.tattoo\/de\/ueber-uns\/","url":"https:\/\/med.tattoo\/de\/ueber-uns\/","name":"Tattoo-Pflege mit Kosmetik von Med.tattoo - \u00dcber uns","isPartOf":{"@id":"https:\/\/med.tattoo\/de\/#website"},"datePublished":"2025-05-07T08:30:02+00:00","description":"Bei Med.tatto widmen wir uns dem Verkauf von selbst hergestellten Kosmetika f\u00fcr die Tattoo-Pflege. Wir bieten 100% nat\u00fcrliche und vegane Kosmetika an. Erfahren Sie mehr \u00fcber uns!","breadcrumb":{"@id":"https:\/\/med.tattoo\/de\/ueber-uns\/#breadcrumb"},"inLanguage":"de","potentialAction":[{"@type":"ReadAction","target":["https:\/\/med.tattoo\/de\/ueber-uns\/"]}]},{"@type":"BreadcrumbList","@id":"https:\/\/med.tattoo\/de\/ueber-uns\/#breadcrumb","itemListElement":[{"@type":"ListItem","position":1,"name":"Strona G\u0142\u00f3wna","item":"https:\/\/med.tattoo\/de\/"},{"@type":"ListItem","position":2,"name":"\u00dcber uns"}]},{"@type":"WebSite","@id":"https:\/\/med.tattoo\/de\/#website","url":"https:\/\/med.tattoo\/de\/","name":"MED.TATTOO","description":"Wszystko dla Twojego tatua\u017cu","publisher":{"@id":"https:\/\/med.tattoo\/de\/#organization"},"potentialAction":[{"@type":"SearchAction","target":{"@type":"EntryPoint","urlTemplate":"https:\/\/med.tattoo\/de\/?s={search_term_string}"},"query-input":{"@type":"PropertyValueSpecification","valueRequired":true,"valueName":"search_term_string"}}],"inLanguage":"de"},{"@type":"Organization","@id":"https:\/\/med.tattoo\/de\/#organization","name":"MED.TATTOO","url":"https:\/\/med.tattoo\/de\/","logo":{"@type":"ImageObject","inLanguage":"de","@id":"https:\/\/med.tattoo\/de\/#\/schema\/logo\/image\/","url":"https:\/\/med.tattoo\/wp-content\/uploads\/2025\/05\/Bez-tytulu-600S300-px-1-e1658908183800.png","contentUrl":"https:\/\/med.tattoo\/wp-content\/uploads\/2025\/05\/Bez-tytulu-600S300-px-1-e1658908183800.png","width":600,"height":61,"caption":"MED.TATTOO"},"image":{"@id":"https:\/\/med.tattoo\/de\/#\/schema\/logo\/image\/"},"sameAs":["https:\/\/www.facebook.com\/profile.php?id=100084366705613","https:\/\/www.instagram.com\/med.tattoo_official\/"]}]}},"_links":{"self":[{"href":"https:\/\/med.tattoo\/de\/wp-json\/wp\/v2\/pages\/5593","targetHints":{"allow":["GET"]}}],"collection":[{"href":"https:\/\/med.tattoo\/de\/wp-json\/wp\/v2\/pages"}],"about":[{"href":"https:\/\/med.tattoo\/de\/wp-json\/wp\/v2\/types\/page"}],"author":[{"embeddable":true,"href":"https:\/\/med.tattoo\/de\/wp-json\/wp\/v2\/users\/1"}],"replies":[{"embeddable":true,"href":"https:\/\/med.tattoo\/de\/wp-json\/wp\/v2\/comments?post=5593"}],"version-history":[{"count":1,"href":"https:\/\/med.tattoo\/de\/wp-json\/wp\/v2\/pages\/5593\/revisions"}],"predecessor-version":[{"id":5601,"href":"https:\/\/med.tattoo\/de\/wp-json\/wp\/v2\/pages\/5593\/revisions\/5601"}],"wp:attachment":[{"href":"https:\/\/med.tattoo\/de\/wp-json\/wp\/v2\/media?parent=5593"}],"curies":[{"name":"wp","href":"https:\/\/api.w.org\/{rel}","templated":true}]}}