{"id":10093,"date":"2025-05-15T07:25:49","date_gmt":"2025-05-15T05:25:49","guid":{"rendered":"https:\/\/med.tattoo\/produkt\/fixoplast-folienpflaster-10cm10m-folienverband-1stk\/"},"modified":"2025-05-15T07:25:49","modified_gmt":"2025-05-15T05:25:49","slug":"fixoplast-folienpflaster-10cm10m-folienverband-1stk","status":"publish","type":"product","link":"https:\/\/med.tattoo\/de\/produkt\/fixoplast-folienpflaster-10cm10m-folienverband-1stk\/","title":{"rendered":"Fixoplast Folienpflaster 10cm*10m Folienverband 1Stk."},"content":{"rendered":"<p>FIXOPLAST FILM ist eine d\u00fcnne, flexible und weiche Polyurethanfolie, die sich perfekt an die K\u00f6rperform anpasst. Sie ist transparent, so dass Sie die Applikationsstelle beobachten k\u00f6nnen, ohne den Verband entfernen zu m\u00fcssen.<br \/>\nFIXOPLAST FILM ist dampf- und luftdurchl\u00e4ssig. Sie sorgt f\u00fcr eine perfekte Umgebung f\u00fcr die Haut, indem sie die richtige Feuchtigkeit und Temperatur aufrechterh\u00e4lt und so den Wundheilungsprozess f\u00f6rdert. FIXOPLAST FILM bietet eine Barriere f\u00fcr Mikroorganismen und minimiert so das Infektionsrisiko.   <\/p>\n","protected":false},"excerpt":{"rendered":"<p>FIXOPLAST FILM ist eine d\u00fcnne, flexible und weiche Polyurethanfolie, die sich perfekt an die K\u00f6rperform anpasst. Sie ist transparent, so dass Sie die Applikationsstelle beobachten k\u00f6nnen, ohne den Verband entfernen zu m\u00fcssen. FIXOPLAST FILM ist dampf- und luftdurchl\u00e4ssig. Sie sorgt f\u00fcr eine perfekte Umgebung f\u00fcr die Haut, indem sie die richtige Feuchtigkeit und Temperatur aufrechterh\u00e4lt [&hellip;]<\/p>\n","protected":false},"featured_media":8627,"comment_status":"closed","ping_status":"open","template":"","meta":{"site-sidebar-layout":"default","site-content-layout":"","ast-site-content-layout":"default","site-content-style":"default","site-sidebar-style":"default","ast-global-header-display":"","ast-banner-title-visibility":"","ast-main-header-display":"","ast-hfb-above-header-display":"","ast-hfb-below-header-display":"","ast-hfb-mobile-header-display":"","site-post-title":"","ast-breadcrumbs-content":"","ast-featured-img":"","footer-sml-layout":"","ast-disable-related-posts":"","theme-transparent-header-meta":"","adv-header-id-meta":"","stick-header-meta":"","header-above-stick-meta":"","header-main-stick-meta":"","header-below-stick-meta":"","astra-migrate-meta-layouts":"default","ast-page-background-enabled":"default","ast-page-background-meta":{"desktop":{"background-color":"var(--ast-global-color-4)","background-image":"","background-repeat":"repeat","background-position":"center center","background-size":"auto","background-attachment":"scroll","background-type":"","background-media":"","overlay-type":"","overlay-color":"","overlay-opacity":"","overlay-gradient":""},"tablet":{"background-color":"","background-image":"","background-repeat":"repeat","background-position":"center center","background-size":"auto","background-attachment":"scroll","background-type":"","background-media":"","overlay-type":"","overlay-color":"","overlay-opacity":"","overlay-gradient":""},"mobile":{"background-color":"","background-image":"","background-repeat":"repeat","background-position":"center center","background-size":"auto","background-attachment":"scroll","background-type":"","background-media":"","overlay-type":"","overlay-color":"","overlay-opacity":"","overlay-gradient":""}},"ast-content-background-meta":{"desktop":{"background-color":"var(--ast-global-color-5)","background-image":"","background-repeat":"repeat","background-position":"center center","background-size":"auto","background-attachment":"scroll","background-type":"","background-media":"","overlay-type":"","overlay-color":"","overlay-opacity":"","overlay-gradient":""},"tablet":{"background-color":"var(--ast-global-color-5)","background-image":"","background-repeat":"repeat","background-position":"center center","background-size":"auto","background-attachment":"scroll","background-type":"","background-media":"","overlay-type":"","overlay-color":"","overlay-opacity":"","overlay-gradient":""},"mobile":{"background-color":"var(--ast-global-color-5)","background-image":"","background-repeat":"repeat","background-position":"center center","background-size":"auto","background-attachment":"scroll","background-type":"","background-media":"","overlay-type":"","overlay-color":"","overlay-opacity":"","overlay-gradient":""}}},"product_brand":[],"product_cat":[55],"product_tag":[],"class_list":{"0":"post-10093","1":"product","2":"type-product","3":"status-publish","4":"has-post-thumbnail","6":"product_cat-med-tattoo-de","7":"desktop-align-left","8":"tablet-align-left","9":"mobile-align-left","10":"ast-product-gallery-layout-horizontal-slider","11":"ast-product-tabs-layout-distributed","13":"first","14":"instock","15":"purchasable","16":"product-type-simple"},"yoast_head":"<!-- This site is optimized with the Yoast SEO plugin v27.5 - https:\/\/yoast.com\/product\/yoast-seo-wordpress\/ -->\n<title>Fixoplast Folienpflaster 10cm*10m Folienverband 1Stk. - MED.TATTOO<\/title>\n<meta name=\"robots\" content=\"index, follow, max-snippet:-1, max-image-preview:large, max-video-preview:-1\" \/>\n<link rel=\"canonical\" href=\"https:\/\/med.tattoo\/de\/produkt\/fixoplast-folienpflaster-10cm10m-folienverband-1stk\/\" \/>\n<meta property=\"og:locale\" content=\"de_DE\" \/>\n<meta property=\"og:type\" content=\"article\" \/>\n<meta property=\"og:title\" content=\"Fixoplast Folienpflaster 10cm*10m Folienverband 1Stk. - MED.TATTOO\" \/>\n<meta property=\"og:description\" content=\"FIXOPLAST FILM ist eine d\u00fcnne, flexible und weiche Polyurethanfolie, die sich perfekt an die K\u00f6rperform anpasst. Sie ist transparent, so dass Sie die Applikationsstelle beobachten k\u00f6nnen, ohne den Verband entfernen zu m\u00fcssen. FIXOPLAST FILM ist dampf- und luftdurchl\u00e4ssig. Sie sorgt f\u00fcr eine perfekte Umgebung f\u00fcr die Haut, indem sie die richtige Feuchtigkeit und Temperatur aufrechterh\u00e4lt [&hellip;]\" \/>\n<meta property=\"og:url\" content=\"https:\/\/med.tattoo\/de\/produkt\/fixoplast-folienpflaster-10cm10m-folienverband-1stk\/\" \/>\n<meta property=\"og:site_name\" content=\"MED.TATTOO\" \/>\n<meta property=\"article:publisher\" content=\"https:\/\/www.facebook.com\/profile.php?id=100084366705613\" \/>\n<meta name=\"twitter:card\" content=\"summary_large_image\" \/>\n<script type=\"application\/ld+json\" class=\"yoast-schema-graph\">{\"@context\":\"https:\\\/\\\/schema.org\",\"@graph\":[{\"@type\":\"WebPage\",\"@id\":\"https:\\\/\\\/med.tattoo\\\/de\\\/produkt\\\/fixoplast-folienpflaster-10cm10m-folienverband-1stk\\\/\",\"url\":\"https:\\\/\\\/med.tattoo\\\/de\\\/produkt\\\/fixoplast-folienpflaster-10cm10m-folienverband-1stk\\\/\",\"name\":\"Fixoplast Folienpflaster 10cm*10m Folienverband 1Stk. - MED.TATTOO\",\"isPartOf\":{\"@id\":\"https:\\\/\\\/med.tattoo\\\/de\\\/#website\"},\"primaryImageOfPage\":{\"@id\":\"https:\\\/\\\/med.tattoo\\\/de\\\/produkt\\\/fixoplast-folienpflaster-10cm10m-folienverband-1stk\\\/#primaryimage\"},\"image\":{\"@id\":\"https:\\\/\\\/med.tattoo\\\/de\\\/produkt\\\/fixoplast-folienpflaster-10cm10m-folienverband-1stk\\\/#primaryimage\"},\"thumbnailUrl\":\"https:\\\/\\\/med.tattoo\\\/wp-content\\\/uploads\\\/2025\\\/05\\\/266_plaster-fixoplast-film-10cm-10m-opatrunek-foliowy_1744006822.jpg\",\"datePublished\":\"2025-05-15T05:25:49+00:00\",\"breadcrumb\":{\"@id\":\"https:\\\/\\\/med.tattoo\\\/de\\\/produkt\\\/fixoplast-folienpflaster-10cm10m-folienverband-1stk\\\/#breadcrumb\"},\"inLanguage\":\"de\",\"potentialAction\":[{\"@type\":\"ReadAction\",\"target\":[\"https:\\\/\\\/med.tattoo\\\/de\\\/produkt\\\/fixoplast-folienpflaster-10cm10m-folienverband-1stk\\\/\"]}]},{\"@type\":\"ImageObject\",\"inLanguage\":\"de\",\"@id\":\"https:\\\/\\\/med.tattoo\\\/de\\\/produkt\\\/fixoplast-folienpflaster-10cm10m-folienverband-1stk\\\/#primaryimage\",\"url\":\"https:\\\/\\\/med.tattoo\\\/wp-content\\\/uploads\\\/2025\\\/05\\\/266_plaster-fixoplast-film-10cm-10m-opatrunek-foliowy_1744006822.jpg\",\"contentUrl\":\"https:\\\/\\\/med.tattoo\\\/wp-content\\\/uploads\\\/2025\\\/05\\\/266_plaster-fixoplast-film-10cm-10m-opatrunek-foliowy_1744006822.jpg\",\"width\":1200,\"height\":760},{\"@type\":\"BreadcrumbList\",\"@id\":\"https:\\\/\\\/med.tattoo\\\/de\\\/produkt\\\/fixoplast-folienpflaster-10cm10m-folienverband-1stk\\\/#breadcrumb\",\"itemListElement\":[{\"@type\":\"ListItem\",\"position\":1,\"name\":\"Strona G\u0142\u00f3wna\",\"item\":\"https:\\\/\\\/med.tattoo\\\/de\\\/\"},{\"@type\":\"ListItem\",\"position\":2,\"name\":\"Shop\",\"item\":\"https:\\\/\\\/med.tattoo\\\/de\\\/shop\\\/\"},{\"@type\":\"ListItem\",\"position\":3,\"name\":\"Fixoplast Folienpflaster 10cm*10m Folienverband 1Stk.\"}]},{\"@type\":\"WebSite\",\"@id\":\"https:\\\/\\\/med.tattoo\\\/de\\\/#website\",\"url\":\"https:\\\/\\\/med.tattoo\\\/de\\\/\",\"name\":\"MED.TATTOO\",\"description\":\"Wszystko dla Twojego tatua\u017cu\",\"publisher\":{\"@id\":\"https:\\\/\\\/med.tattoo\\\/de\\\/#organization\"},\"potentialAction\":[{\"@type\":\"SearchAction\",\"target\":{\"@type\":\"EntryPoint\",\"urlTemplate\":\"https:\\\/\\\/med.tattoo\\\/de\\\/?s={search_term_string}\"},\"query-input\":{\"@type\":\"PropertyValueSpecification\",\"valueRequired\":true,\"valueName\":\"search_term_string\"}}],\"inLanguage\":\"de\"},{\"@type\":\"Organization\",\"@id\":\"https:\\\/\\\/med.tattoo\\\/de\\\/#organization\",\"name\":\"MED.TATTOO\",\"url\":\"https:\\\/\\\/med.tattoo\\\/de\\\/\",\"logo\":{\"@type\":\"ImageObject\",\"inLanguage\":\"de\",\"@id\":\"https:\\\/\\\/med.tattoo\\\/de\\\/#\\\/schema\\\/logo\\\/image\\\/\",\"url\":\"https:\\\/\\\/med.tattoo\\\/wp-content\\\/uploads\\\/2025\\\/05\\\/Bez-tytulu-600S300-px-1-e1658908183800.png\",\"contentUrl\":\"https:\\\/\\\/med.tattoo\\\/wp-content\\\/uploads\\\/2025\\\/05\\\/Bez-tytulu-600S300-px-1-e1658908183800.png\",\"width\":600,\"height\":61,\"caption\":\"MED.TATTOO\"},\"image\":{\"@id\":\"https:\\\/\\\/med.tattoo\\\/de\\\/#\\\/schema\\\/logo\\\/image\\\/\"},\"sameAs\":[\"https:\\\/\\\/www.facebook.com\\\/profile.php?id=100084366705613\",\"https:\\\/\\\/www.instagram.com\\\/med.tattoo_official\\\/\"]}]}<\/script>\n<!-- \/ Yoast SEO plugin. -->","yoast_head_json":{"title":"Fixoplast Folienpflaster 10cm*10m Folienverband 1Stk. - MED.TATTOO","robots":{"index":"index","follow":"follow","max-snippet":"max-snippet:-1","max-image-preview":"max-image-preview:large","max-video-preview":"max-video-preview:-1"},"canonical":"https:\/\/med.tattoo\/de\/produkt\/fixoplast-folienpflaster-10cm10m-folienverband-1stk\/","og_locale":"de_DE","og_type":"article","og_title":"Fixoplast Folienpflaster 10cm*10m Folienverband 1Stk. - MED.TATTOO","og_description":"FIXOPLAST FILM ist eine d\u00fcnne, flexible und weiche Polyurethanfolie, die sich perfekt an die K\u00f6rperform anpasst. Sie ist transparent, so dass Sie die Applikationsstelle beobachten k\u00f6nnen, ohne den Verband entfernen zu m\u00fcssen. FIXOPLAST FILM ist dampf- und luftdurchl\u00e4ssig. Sie sorgt f\u00fcr eine perfekte Umgebung f\u00fcr die Haut, indem sie die richtige Feuchtigkeit und Temperatur aufrechterh\u00e4lt [&hellip;]","og_url":"https:\/\/med.tattoo\/de\/produkt\/fixoplast-folienpflaster-10cm10m-folienverband-1stk\/","og_site_name":"MED.TATTOO","article_publisher":"https:\/\/www.facebook.com\/profile.php?id=100084366705613","twitter_card":"summary_large_image","schema":{"@context":"https:\/\/schema.org","@graph":[{"@type":"WebPage","@id":"https:\/\/med.tattoo\/de\/produkt\/fixoplast-folienpflaster-10cm10m-folienverband-1stk\/","url":"https:\/\/med.tattoo\/de\/produkt\/fixoplast-folienpflaster-10cm10m-folienverband-1stk\/","name":"Fixoplast Folienpflaster 10cm*10m Folienverband 1Stk. - MED.TATTOO","isPartOf":{"@id":"https:\/\/med.tattoo\/de\/#website"},"primaryImageOfPage":{"@id":"https:\/\/med.tattoo\/de\/produkt\/fixoplast-folienpflaster-10cm10m-folienverband-1stk\/#primaryimage"},"image":{"@id":"https:\/\/med.tattoo\/de\/produkt\/fixoplast-folienpflaster-10cm10m-folienverband-1stk\/#primaryimage"},"thumbnailUrl":"https:\/\/med.tattoo\/wp-content\/uploads\/2025\/05\/266_plaster-fixoplast-film-10cm-10m-opatrunek-foliowy_1744006822.jpg","datePublished":"2025-05-15T05:25:49+00:00","breadcrumb":{"@id":"https:\/\/med.tattoo\/de\/produkt\/fixoplast-folienpflaster-10cm10m-folienverband-1stk\/#breadcrumb"},"inLanguage":"de","potentialAction":[{"@type":"ReadAction","target":["https:\/\/med.tattoo\/de\/produkt\/fixoplast-folienpflaster-10cm10m-folienverband-1stk\/"]}]},{"@type":"ImageObject","inLanguage":"de","@id":"https:\/\/med.tattoo\/de\/produkt\/fixoplast-folienpflaster-10cm10m-folienverband-1stk\/#primaryimage","url":"https:\/\/med.tattoo\/wp-content\/uploads\/2025\/05\/266_plaster-fixoplast-film-10cm-10m-opatrunek-foliowy_1744006822.jpg","contentUrl":"https:\/\/med.tattoo\/wp-content\/uploads\/2025\/05\/266_plaster-fixoplast-film-10cm-10m-opatrunek-foliowy_1744006822.jpg","width":1200,"height":760},{"@type":"BreadcrumbList","@id":"https:\/\/med.tattoo\/de\/produkt\/fixoplast-folienpflaster-10cm10m-folienverband-1stk\/#breadcrumb","itemListElement":[{"@type":"ListItem","position":1,"name":"Strona G\u0142\u00f3wna","item":"https:\/\/med.tattoo\/de\/"},{"@type":"ListItem","position":2,"name":"Shop","item":"https:\/\/med.tattoo\/de\/shop\/"},{"@type":"ListItem","position":3,"name":"Fixoplast Folienpflaster 10cm*10m Folienverband 1Stk."}]},{"@type":"WebSite","@id":"https:\/\/med.tattoo\/de\/#website","url":"https:\/\/med.tattoo\/de\/","name":"MED.TATTOO","description":"Wszystko dla Twojego tatua\u017cu","publisher":{"@id":"https:\/\/med.tattoo\/de\/#organization"},"potentialAction":[{"@type":"SearchAction","target":{"@type":"EntryPoint","urlTemplate":"https:\/\/med.tattoo\/de\/?s={search_term_string}"},"query-input":{"@type":"PropertyValueSpecification","valueRequired":true,"valueName":"search_term_string"}}],"inLanguage":"de"},{"@type":"Organization","@id":"https:\/\/med.tattoo\/de\/#organization","name":"MED.TATTOO","url":"https:\/\/med.tattoo\/de\/","logo":{"@type":"ImageObject","inLanguage":"de","@id":"https:\/\/med.tattoo\/de\/#\/schema\/logo\/image\/","url":"https:\/\/med.tattoo\/wp-content\/uploads\/2025\/05\/Bez-tytulu-600S300-px-1-e1658908183800.png","contentUrl":"https:\/\/med.tattoo\/wp-content\/uploads\/2025\/05\/Bez-tytulu-600S300-px-1-e1658908183800.png","width":600,"height":61,"caption":"MED.TATTOO"},"image":{"@id":"https:\/\/med.tattoo\/de\/#\/schema\/logo\/image\/"},"sameAs":["https:\/\/www.facebook.com\/profile.php?id=100084366705613","https:\/\/www.instagram.com\/med.tattoo_official\/"]}]}},"_links":{"self":[{"href":"https:\/\/med.tattoo\/de\/wp-json\/wp\/v2\/product\/10093","targetHints":{"allow":["GET"]}}],"collection":[{"href":"https:\/\/med.tattoo\/de\/wp-json\/wp\/v2\/product"}],"about":[{"href":"https:\/\/med.tattoo\/de\/wp-json\/wp\/v2\/types\/product"}],"replies":[{"embeddable":true,"href":"https:\/\/med.tattoo\/de\/wp-json\/wp\/v2\/comments?post=10093"}],"wp:featuredmedia":[{"embeddable":true,"href":"https:\/\/med.tattoo\/de\/wp-json\/wp\/v2\/media\/8627"}],"wp:attachment":[{"href":"https:\/\/med.tattoo\/de\/wp-json\/wp\/v2\/media?parent=10093"}],"wp:term":[{"taxonomy":"product_brand","embeddable":true,"href":"https:\/\/med.tattoo\/de\/wp-json\/wp\/v2\/product_brand?post=10093"},{"taxonomy":"product_cat","embeddable":true,"href":"https:\/\/med.tattoo\/de\/wp-json\/wp\/v2\/product_cat?post=10093"},{"taxonomy":"product_tag","embeddable":true,"href":"https:\/\/med.tattoo\/de\/wp-json\/wp\/v2\/product_tag?post=10093"}],"curies":[{"name":"wp","href":"https:\/\/api.w.org\/{rel}","templated":true}]}}