{"id":10284,"date":"2025-05-15T07:29:14","date_gmt":"2025-05-15T05:29:14","guid":{"rendered":"https:\/\/med.tattoo\/produkt\/puderfreie-nitrilhandschuhe-100st-l-schwarz\/"},"modified":"2025-05-15T07:29:14","modified_gmt":"2025-05-15T05:29:14","slug":"puderfreie-nitrilhandschuhe-100st-l-schwarz","status":"publish","type":"product","link":"https:\/\/med.tattoo\/de\/produkt\/puderfreie-nitrilhandschuhe-100st-l-schwarz\/","title":{"rendered":"Puderfreie Nitrilhandschuhe 100St. L schwarz"},"content":{"rendered":"<p>Nitrilhandschuhe sind ein effektiver Barriereschutz f\u00fcr medizinisches Personal, das Eingriffe an Patienten vornimmt. Die Handschuhe eignen sich auch gut f\u00fcr die Pflege kranker Menschen zu Hause oder in einem Pflegezentrum sowie in Sch\u00f6nheitssalons oder Tattoostudios.   <\/p>\n<p>Handschuhe bieten eine Barriere gegen das Eindringen von Mikroben. Sie werden haupts\u00e4chlich f\u00fcr medizinische Untersuchungen und andere diagnostische Verfahren verwendet. <\/p>\n<p>Die Handschuhe sind latexfrei und daher auch f\u00fcr Menschen geeignet, die auf dieses Material allergisch reagieren. Sie sind rei\u00dffest und liegen gut in der Hand. Nicht gepudert.  <\/p>\n<p>Produktmerkmale:<br \/>\nMedizinprodukt Klasse I<br \/>\nindividueller Schutz Kat III<br \/>\nAsepsis: unsteril<br \/>\nMaterial: Nitril<br \/>\nPuderung: keine<br \/>\nInnenfl\u00e4che: chloriert<br \/>\nAu\u00dfenfl\u00e4che: texturiert an den Fingerspitzen<br \/>\nFarbe: schwarz<br \/>\nForm: universell f\u00fcr beide H\u00e4nde<br \/>\nL\u00e4nge: Standard<br \/>\nManschette: gerollt<br \/>\nAQL: 1.5<br \/>\ngeeignet f\u00fcr Lebensmittelkontakt  <\/p>\n","protected":false},"excerpt":{"rendered":"<p>Nitrilhandschuhe sind ein effektiver Barriereschutz f\u00fcr medizinisches Personal, das Eingriffe an Patienten vornimmt. Die Handschuhe eignen sich auch gut f\u00fcr die Pflege kranker Menschen zu Hause oder in einem Pflegezentrum sowie in Sch\u00f6nheitssalons oder Tattoostudios. Handschuhe bieten eine Barriere gegen das Eindringen von Mikroben. Sie werden haupts\u00e4chlich f\u00fcr medizinische Untersuchungen und andere diagnostische Verfahren verwendet. [&hellip;]<\/p>\n","protected":false},"featured_media":7876,"comment_status":"closed","ping_status":"closed","template":"","meta":{"site-sidebar-layout":"default","site-content-layout":"","ast-site-content-layout":"default","site-content-style":"default","site-sidebar-style":"default","ast-global-header-display":"","ast-banner-title-visibility":"","ast-main-header-display":"","ast-hfb-above-header-display":"","ast-hfb-below-header-display":"","ast-hfb-mobile-header-display":"","site-post-title":"","ast-breadcrumbs-content":"","ast-featured-img":"","footer-sml-layout":"","ast-disable-related-posts":"","theme-transparent-header-meta":"","adv-header-id-meta":"","stick-header-meta":"","header-above-stick-meta":"","header-main-stick-meta":"","header-below-stick-meta":"","astra-migrate-meta-layouts":"default","ast-page-background-enabled":"default","ast-page-background-meta":{"desktop":{"background-color":"var(--ast-global-color-4)","background-image":"","background-repeat":"repeat","background-position":"center center","background-size":"auto","background-attachment":"scroll","background-type":"","background-media":"","overlay-type":"","overlay-color":"","overlay-opacity":"","overlay-gradient":""},"tablet":{"background-color":"","background-image":"","background-repeat":"repeat","background-position":"center center","background-size":"auto","background-attachment":"scroll","background-type":"","background-media":"","overlay-type":"","overlay-color":"","overlay-opacity":"","overlay-gradient":""},"mobile":{"background-color":"","background-image":"","background-repeat":"repeat","background-position":"center center","background-size":"auto","background-attachment":"scroll","background-type":"","background-media":"","overlay-type":"","overlay-color":"","overlay-opacity":"","overlay-gradient":""}},"ast-content-background-meta":{"desktop":{"background-color":"var(--ast-global-color-5)","background-image":"","background-repeat":"repeat","background-position":"center center","background-size":"auto","background-attachment":"scroll","background-type":"","background-media":"","overlay-type":"","overlay-color":"","overlay-opacity":"","overlay-gradient":""},"tablet":{"background-color":"var(--ast-global-color-5)","background-image":"","background-repeat":"repeat","background-position":"center center","background-size":"auto","background-attachment":"scroll","background-type":"","background-media":"","overlay-type":"","overlay-color":"","overlay-opacity":"","overlay-gradient":""},"mobile":{"background-color":"var(--ast-global-color-5)","background-image":"","background-repeat":"repeat","background-position":"center center","background-size":"auto","background-attachment":"scroll","background-type":"","background-media":"","overlay-type":"","overlay-color":"","overlay-opacity":"","overlay-gradient":""}}},"product_brand":[],"product_cat":[55],"product_tag":[],"class_list":{"0":"post-10284","1":"product","2":"type-product","3":"status-publish","4":"has-post-thumbnail","6":"product_cat-med-tattoo-de","7":"desktop-align-left","8":"tablet-align-left","9":"mobile-align-left","10":"ast-product-gallery-layout-horizontal-slider","11":"ast-product-gallery-with-no-image","12":"ast-product-tabs-layout-distributed","14":"first","15":"instock","16":"purchasable","17":"product-type-simple"},"yoast_head":"<!-- This site is optimized with the Yoast SEO plugin v27.5 - https:\/\/yoast.com\/product\/yoast-seo-wordpress\/ -->\n<title>Puderfreie Nitrilhandschuhe 100St. L schwarz - MED.TATTOO<\/title>\n<meta name=\"robots\" content=\"index, follow, max-snippet:-1, max-image-preview:large, max-video-preview:-1\" \/>\n<link rel=\"canonical\" href=\"https:\/\/med.tattoo\/de\/produkt\/puderfreie-nitrilhandschuhe-100st-l-schwarz\/\" \/>\n<meta property=\"og:locale\" content=\"de_DE\" \/>\n<meta property=\"og:type\" content=\"article\" \/>\n<meta property=\"og:title\" content=\"Puderfreie Nitrilhandschuhe 100St. L schwarz - MED.TATTOO\" \/>\n<meta property=\"og:description\" content=\"Nitrilhandschuhe sind ein effektiver Barriereschutz f\u00fcr medizinisches Personal, das Eingriffe an Patienten vornimmt. Die Handschuhe eignen sich auch gut f\u00fcr die Pflege kranker Menschen zu Hause oder in einem Pflegezentrum sowie in Sch\u00f6nheitssalons oder Tattoostudios. Handschuhe bieten eine Barriere gegen das Eindringen von Mikroben. Sie werden haupts\u00e4chlich f\u00fcr medizinische Untersuchungen und andere diagnostische Verfahren verwendet. [&hellip;]\" \/>\n<meta property=\"og:url\" content=\"https:\/\/med.tattoo\/de\/produkt\/puderfreie-nitrilhandschuhe-100st-l-schwarz\/\" \/>\n<meta property=\"og:site_name\" content=\"MED.TATTOO\" \/>\n<meta property=\"article:publisher\" content=\"https:\/\/www.facebook.com\/profile.php?id=100084366705613\" \/>\n<meta name=\"twitter:card\" content=\"summary_large_image\" \/>\n<meta name=\"twitter:label1\" content=\"Gesch\u00e4tzte Lesezeit\" \/>\n\t<meta name=\"twitter:data1\" content=\"1\u00a0Minute\" \/>\n<script type=\"application\/ld+json\" class=\"yoast-schema-graph\">{\"@context\":\"https:\\\/\\\/schema.org\",\"@graph\":[{\"@type\":\"WebPage\",\"@id\":\"https:\\\/\\\/med.tattoo\\\/de\\\/produkt\\\/puderfreie-nitrilhandschuhe-100st-l-schwarz\\\/\",\"url\":\"https:\\\/\\\/med.tattoo\\\/de\\\/produkt\\\/puderfreie-nitrilhandschuhe-100st-l-schwarz\\\/\",\"name\":\"Puderfreie Nitrilhandschuhe 100St. L schwarz - MED.TATTOO\",\"isPartOf\":{\"@id\":\"https:\\\/\\\/med.tattoo\\\/de\\\/#website\"},\"primaryImageOfPage\":{\"@id\":\"https:\\\/\\\/med.tattoo\\\/de\\\/produkt\\\/puderfreie-nitrilhandschuhe-100st-l-schwarz\\\/#primaryimage\"},\"image\":{\"@id\":\"https:\\\/\\\/med.tattoo\\\/de\\\/produkt\\\/puderfreie-nitrilhandschuhe-100st-l-schwarz\\\/#primaryimage\"},\"thumbnailUrl\":\"https:\\\/\\\/med.tattoo\\\/wp-content\\\/uploads\\\/2025\\\/05\\\/3063_rekawice-nitrylowe-bezpudrowe-100szt-l-czarne_1744006958.jpg\",\"datePublished\":\"2025-05-15T05:29:14+00:00\",\"breadcrumb\":{\"@id\":\"https:\\\/\\\/med.tattoo\\\/de\\\/produkt\\\/puderfreie-nitrilhandschuhe-100st-l-schwarz\\\/#breadcrumb\"},\"inLanguage\":\"de\",\"potentialAction\":[{\"@type\":\"ReadAction\",\"target\":[\"https:\\\/\\\/med.tattoo\\\/de\\\/produkt\\\/puderfreie-nitrilhandschuhe-100st-l-schwarz\\\/\"]}]},{\"@type\":\"ImageObject\",\"inLanguage\":\"de\",\"@id\":\"https:\\\/\\\/med.tattoo\\\/de\\\/produkt\\\/puderfreie-nitrilhandschuhe-100st-l-schwarz\\\/#primaryimage\",\"url\":\"https:\\\/\\\/med.tattoo\\\/wp-content\\\/uploads\\\/2025\\\/05\\\/3063_rekawice-nitrylowe-bezpudrowe-100szt-l-czarne_1744006958.jpg\",\"contentUrl\":\"https:\\\/\\\/med.tattoo\\\/wp-content\\\/uploads\\\/2025\\\/05\\\/3063_rekawice-nitrylowe-bezpudrowe-100szt-l-czarne_1744006958.jpg\",\"width\":765,\"height\":767},{\"@type\":\"BreadcrumbList\",\"@id\":\"https:\\\/\\\/med.tattoo\\\/de\\\/produkt\\\/puderfreie-nitrilhandschuhe-100st-l-schwarz\\\/#breadcrumb\",\"itemListElement\":[{\"@type\":\"ListItem\",\"position\":1,\"name\":\"Strona G\u0142\u00f3wna\",\"item\":\"https:\\\/\\\/med.tattoo\\\/de\\\/\"},{\"@type\":\"ListItem\",\"position\":2,\"name\":\"Shop\",\"item\":\"https:\\\/\\\/med.tattoo\\\/de\\\/shop\\\/\"},{\"@type\":\"ListItem\",\"position\":3,\"name\":\"Puderfreie Nitrilhandschuhe 100St. L schwarz\"}]},{\"@type\":\"WebSite\",\"@id\":\"https:\\\/\\\/med.tattoo\\\/de\\\/#website\",\"url\":\"https:\\\/\\\/med.tattoo\\\/de\\\/\",\"name\":\"MED.TATTOO\",\"description\":\"Wszystko dla Twojego tatua\u017cu\",\"publisher\":{\"@id\":\"https:\\\/\\\/med.tattoo\\\/de\\\/#organization\"},\"potentialAction\":[{\"@type\":\"SearchAction\",\"target\":{\"@type\":\"EntryPoint\",\"urlTemplate\":\"https:\\\/\\\/med.tattoo\\\/de\\\/?s={search_term_string}\"},\"query-input\":{\"@type\":\"PropertyValueSpecification\",\"valueRequired\":true,\"valueName\":\"search_term_string\"}}],\"inLanguage\":\"de\"},{\"@type\":\"Organization\",\"@id\":\"https:\\\/\\\/med.tattoo\\\/de\\\/#organization\",\"name\":\"MED.TATTOO\",\"url\":\"https:\\\/\\\/med.tattoo\\\/de\\\/\",\"logo\":{\"@type\":\"ImageObject\",\"inLanguage\":\"de\",\"@id\":\"https:\\\/\\\/med.tattoo\\\/de\\\/#\\\/schema\\\/logo\\\/image\\\/\",\"url\":\"https:\\\/\\\/med.tattoo\\\/wp-content\\\/uploads\\\/2025\\\/05\\\/Bez-tytulu-600S300-px-1-e1658908183800.png\",\"contentUrl\":\"https:\\\/\\\/med.tattoo\\\/wp-content\\\/uploads\\\/2025\\\/05\\\/Bez-tytulu-600S300-px-1-e1658908183800.png\",\"width\":600,\"height\":61,\"caption\":\"MED.TATTOO\"},\"image\":{\"@id\":\"https:\\\/\\\/med.tattoo\\\/de\\\/#\\\/schema\\\/logo\\\/image\\\/\"},\"sameAs\":[\"https:\\\/\\\/www.facebook.com\\\/profile.php?id=100084366705613\",\"https:\\\/\\\/www.instagram.com\\\/med.tattoo_official\\\/\"]}]}<\/script>\n<!-- \/ Yoast SEO plugin. -->","yoast_head_json":{"title":"Puderfreie Nitrilhandschuhe 100St. L schwarz - MED.TATTOO","robots":{"index":"index","follow":"follow","max-snippet":"max-snippet:-1","max-image-preview":"max-image-preview:large","max-video-preview":"max-video-preview:-1"},"canonical":"https:\/\/med.tattoo\/de\/produkt\/puderfreie-nitrilhandschuhe-100st-l-schwarz\/","og_locale":"de_DE","og_type":"article","og_title":"Puderfreie Nitrilhandschuhe 100St. L schwarz - MED.TATTOO","og_description":"Nitrilhandschuhe sind ein effektiver Barriereschutz f\u00fcr medizinisches Personal, das Eingriffe an Patienten vornimmt. Die Handschuhe eignen sich auch gut f\u00fcr die Pflege kranker Menschen zu Hause oder in einem Pflegezentrum sowie in Sch\u00f6nheitssalons oder Tattoostudios. Handschuhe bieten eine Barriere gegen das Eindringen von Mikroben. Sie werden haupts\u00e4chlich f\u00fcr medizinische Untersuchungen und andere diagnostische Verfahren verwendet. [&hellip;]","og_url":"https:\/\/med.tattoo\/de\/produkt\/puderfreie-nitrilhandschuhe-100st-l-schwarz\/","og_site_name":"MED.TATTOO","article_publisher":"https:\/\/www.facebook.com\/profile.php?id=100084366705613","twitter_card":"summary_large_image","twitter_misc":{"Gesch\u00e4tzte Lesezeit":"1\u00a0Minute"},"schema":{"@context":"https:\/\/schema.org","@graph":[{"@type":"WebPage","@id":"https:\/\/med.tattoo\/de\/produkt\/puderfreie-nitrilhandschuhe-100st-l-schwarz\/","url":"https:\/\/med.tattoo\/de\/produkt\/puderfreie-nitrilhandschuhe-100st-l-schwarz\/","name":"Puderfreie Nitrilhandschuhe 100St. L schwarz - MED.TATTOO","isPartOf":{"@id":"https:\/\/med.tattoo\/de\/#website"},"primaryImageOfPage":{"@id":"https:\/\/med.tattoo\/de\/produkt\/puderfreie-nitrilhandschuhe-100st-l-schwarz\/#primaryimage"},"image":{"@id":"https:\/\/med.tattoo\/de\/produkt\/puderfreie-nitrilhandschuhe-100st-l-schwarz\/#primaryimage"},"thumbnailUrl":"https:\/\/med.tattoo\/wp-content\/uploads\/2025\/05\/3063_rekawice-nitrylowe-bezpudrowe-100szt-l-czarne_1744006958.jpg","datePublished":"2025-05-15T05:29:14+00:00","breadcrumb":{"@id":"https:\/\/med.tattoo\/de\/produkt\/puderfreie-nitrilhandschuhe-100st-l-schwarz\/#breadcrumb"},"inLanguage":"de","potentialAction":[{"@type":"ReadAction","target":["https:\/\/med.tattoo\/de\/produkt\/puderfreie-nitrilhandschuhe-100st-l-schwarz\/"]}]},{"@type":"ImageObject","inLanguage":"de","@id":"https:\/\/med.tattoo\/de\/produkt\/puderfreie-nitrilhandschuhe-100st-l-schwarz\/#primaryimage","url":"https:\/\/med.tattoo\/wp-content\/uploads\/2025\/05\/3063_rekawice-nitrylowe-bezpudrowe-100szt-l-czarne_1744006958.jpg","contentUrl":"https:\/\/med.tattoo\/wp-content\/uploads\/2025\/05\/3063_rekawice-nitrylowe-bezpudrowe-100szt-l-czarne_1744006958.jpg","width":765,"height":767},{"@type":"BreadcrumbList","@id":"https:\/\/med.tattoo\/de\/produkt\/puderfreie-nitrilhandschuhe-100st-l-schwarz\/#breadcrumb","itemListElement":[{"@type":"ListItem","position":1,"name":"Strona G\u0142\u00f3wna","item":"https:\/\/med.tattoo\/de\/"},{"@type":"ListItem","position":2,"name":"Shop","item":"https:\/\/med.tattoo\/de\/shop\/"},{"@type":"ListItem","position":3,"name":"Puderfreie Nitrilhandschuhe 100St. L schwarz"}]},{"@type":"WebSite","@id":"https:\/\/med.tattoo\/de\/#website","url":"https:\/\/med.tattoo\/de\/","name":"MED.TATTOO","description":"Wszystko dla Twojego tatua\u017cu","publisher":{"@id":"https:\/\/med.tattoo\/de\/#organization"},"potentialAction":[{"@type":"SearchAction","target":{"@type":"EntryPoint","urlTemplate":"https:\/\/med.tattoo\/de\/?s={search_term_string}"},"query-input":{"@type":"PropertyValueSpecification","valueRequired":true,"valueName":"search_term_string"}}],"inLanguage":"de"},{"@type":"Organization","@id":"https:\/\/med.tattoo\/de\/#organization","name":"MED.TATTOO","url":"https:\/\/med.tattoo\/de\/","logo":{"@type":"ImageObject","inLanguage":"de","@id":"https:\/\/med.tattoo\/de\/#\/schema\/logo\/image\/","url":"https:\/\/med.tattoo\/wp-content\/uploads\/2025\/05\/Bez-tytulu-600S300-px-1-e1658908183800.png","contentUrl":"https:\/\/med.tattoo\/wp-content\/uploads\/2025\/05\/Bez-tytulu-600S300-px-1-e1658908183800.png","width":600,"height":61,"caption":"MED.TATTOO"},"image":{"@id":"https:\/\/med.tattoo\/de\/#\/schema\/logo\/image\/"},"sameAs":["https:\/\/www.facebook.com\/profile.php?id=100084366705613","https:\/\/www.instagram.com\/med.tattoo_official\/"]}]}},"_links":{"self":[{"href":"https:\/\/med.tattoo\/de\/wp-json\/wp\/v2\/product\/10284","targetHints":{"allow":["GET"]}}],"collection":[{"href":"https:\/\/med.tattoo\/de\/wp-json\/wp\/v2\/product"}],"about":[{"href":"https:\/\/med.tattoo\/de\/wp-json\/wp\/v2\/types\/product"}],"replies":[{"embeddable":true,"href":"https:\/\/med.tattoo\/de\/wp-json\/wp\/v2\/comments?post=10284"}],"wp:featuredmedia":[{"embeddable":true,"href":"https:\/\/med.tattoo\/de\/wp-json\/wp\/v2\/media\/7876"}],"wp:attachment":[{"href":"https:\/\/med.tattoo\/de\/wp-json\/wp\/v2\/media?parent=10284"}],"wp:term":[{"taxonomy":"product_brand","embeddable":true,"href":"https:\/\/med.tattoo\/de\/wp-json\/wp\/v2\/product_brand?post=10284"},{"taxonomy":"product_cat","embeddable":true,"href":"https:\/\/med.tattoo\/de\/wp-json\/wp\/v2\/product_cat?post=10284"},{"taxonomy":"product_tag","embeddable":true,"href":"https:\/\/med.tattoo\/de\/wp-json\/wp\/v2\/product_tag?post=10284"}],"curies":[{"name":"wp","href":"https:\/\/api.w.org\/{rel}","templated":true}]}}