{"id":5652,"date":"2025-01-31T22:46:50","date_gmt":"2025-01-31T21:46:50","guid":{"rendered":"https:\/\/med.tattoo\/produkt\/kosmetische-vaseline-weiss-mit-vit-ae-20g\/"},"modified":"2025-05-15T09:31:36","modified_gmt":"2025-05-15T07:31:36","slug":"kosmetische-vaseline-weiss-mit-vit-ae-20g","status":"publish","type":"product","link":"https:\/\/med.tattoo\/de\/produkt\/kosmetische-vaseline-weiss-mit-vit-ae-20g\/","title":{"rendered":"Kosmetische Vaseline wei\u00df mit Vit. A+E 20g"},"content":{"rendered":"<p>Kosmetische Vaseline wei\u00df mit Vitamin A+E ist f\u00fcr die Pflege des gesamten K\u00f6rpers bestimmt, insbesondere f\u00fcr trockene und zu AD neigende Haut. <\/p>\n<p>Hypoallergen, frei von Duftstoffen.<\/p>\n<p>Aktion<br \/>\nSch\u00fctzend, pflegend, feuchtigkeitsspendend f\u00fcr die Haut.<\/p>\n<p>Gebrauchsanweisung<br \/>\nZur \u00e4u\u00dferlichen Anwendung.<br \/>\nHinweise zur Anwendung<br \/>\nBitte beachten Sie, dass ein hypoallergenes Produkt nicht garantiert, dass kein Risiko einer allergischen Reaktion besteht.<br \/>\nZusammensetzung<br \/>\nPetrolatum, Tocopheryl Acetate.<br \/>\nInhaltsstoffe:<\/p>\n<p>20 g<br \/>\nHersteller\/Verantwortlicher: SYNOPTIS PHARMA<\/p>\n<p>Verantwortliche Person: KOSMED<\/p>\n<p>Aufbewahrungsmethode: 15\u00b0C &#8211; 25\u00b0C<\/p>\n","protected":false},"excerpt":{"rendered":"<p>Kosmetische Vaseline wei\u00df mit Vitamin A+E ist f\u00fcr die Pflege des gesamten K\u00f6rpers bestimmt, insbesondere f\u00fcr trockene und zu AD neigende Haut. Hypoallergen, frei von Duftstoffen. Aktion Sch\u00fctzend, pflegend, feuchtigkeitsspendend f\u00fcr die Haut. Gebrauchsanweisung Zur \u00e4u\u00dferlichen Anwendung. Hinweise zur Anwendung Bitte beachten Sie, dass ein hypoallergenes Produkt nicht garantiert, dass kein Risiko einer allergischen Reaktion [&hellip;]<\/p>\n","protected":false},"featured_media":4345,"comment_status":"open","ping_status":"closed","template":"","meta":{"site-sidebar-layout":"default","site-content-layout":"","ast-site-content-layout":"default","site-content-style":"default","site-sidebar-style":"default","ast-global-header-display":"","ast-banner-title-visibility":"","ast-main-header-display":"","ast-hfb-above-header-display":"","ast-hfb-below-header-display":"","ast-hfb-mobile-header-display":"","site-post-title":"","ast-breadcrumbs-content":"","ast-featured-img":"","footer-sml-layout":"","ast-disable-related-posts":"","theme-transparent-header-meta":"","adv-header-id-meta":"","stick-header-meta":"","header-above-stick-meta":"","header-main-stick-meta":"","header-below-stick-meta":"","astra-migrate-meta-layouts":"default","ast-page-background-enabled":"default","ast-page-background-meta":{"desktop":{"background-color":"var(--ast-global-color-4)","background-image":"","background-repeat":"repeat","background-position":"center center","background-size":"auto","background-attachment":"scroll","background-type":"","background-media":"","overlay-type":"","overlay-color":"","overlay-opacity":"","overlay-gradient":""},"tablet":{"background-color":"","background-image":"","background-repeat":"repeat","background-position":"center center","background-size":"auto","background-attachment":"scroll","background-type":"","background-media":"","overlay-type":"","overlay-color":"","overlay-opacity":"","overlay-gradient":""},"mobile":{"background-color":"","background-image":"","background-repeat":"repeat","background-position":"center center","background-size":"auto","background-attachment":"scroll","background-type":"","background-media":"","overlay-type":"","overlay-color":"","overlay-opacity":"","overlay-gradient":""}},"ast-content-background-meta":{"desktop":{"background-color":"var(--ast-global-color-5)","background-image":"","background-repeat":"repeat","background-position":"center center","background-size":"auto","background-attachment":"scroll","background-type":"","background-media":"","overlay-type":"","overlay-color":"","overlay-opacity":"","overlay-gradient":""},"tablet":{"background-color":"var(--ast-global-color-5)","background-image":"","background-repeat":"repeat","background-position":"center center","background-size":"auto","background-attachment":"scroll","background-type":"","background-media":"","overlay-type":"","overlay-color":"","overlay-opacity":"","overlay-gradient":""},"mobile":{"background-color":"var(--ast-global-color-5)","background-image":"","background-repeat":"repeat","background-position":"center center","background-size":"auto","background-attachment":"scroll","background-type":"","background-media":"","overlay-type":"","overlay-color":"","overlay-opacity":"","overlay-gradient":""}}},"product_brand":[],"product_cat":[55],"product_tag":[],"class_list":{"0":"post-5652","1":"product","2":"type-product","3":"status-publish","4":"has-post-thumbnail","6":"product_cat-med-tattoo-de","7":"desktop-align-left","8":"tablet-align-left","9":"mobile-align-left","10":"ast-product-gallery-layout-horizontal-slider","11":"ast-product-gallery-with-no-image","12":"ast-product-tabs-layout-distributed","14":"first","15":"outofstock","16":"taxable","17":"shipping-taxable","18":"purchasable","19":"product-type-simple"},"yoast_head":"<!-- This site is optimized with the Yoast SEO plugin v27.3 - https:\/\/yoast.com\/product\/yoast-seo-wordpress\/ -->\n<title>Kosmetische Vaseline wei\u00df mit Vit. A+E 20g - MED.TATTOO<\/title>\n<meta name=\"robots\" content=\"index, follow, max-snippet:-1, max-image-preview:large, max-video-preview:-1\" \/>\n<link rel=\"canonical\" href=\"https:\/\/med.tattoo\/de\/produkt\/kosmetische-vaseline-weiss-mit-vit-ae-20g\/\" \/>\n<meta property=\"og:locale\" content=\"de_DE\" \/>\n<meta property=\"og:type\" content=\"article\" \/>\n<meta property=\"og:title\" content=\"Kosmetische Vaseline wei\u00df mit Vit. A+E 20g - MED.TATTOO\" \/>\n<meta property=\"og:description\" content=\"Kosmetische Vaseline wei\u00df mit Vitamin A+E ist f\u00fcr die Pflege des gesamten K\u00f6rpers bestimmt, insbesondere f\u00fcr trockene und zu AD neigende Haut. Hypoallergen, frei von Duftstoffen. Aktion Sch\u00fctzend, pflegend, feuchtigkeitsspendend f\u00fcr die Haut. Gebrauchsanweisung Zur \u00e4u\u00dferlichen Anwendung. Hinweise zur Anwendung Bitte beachten Sie, dass ein hypoallergenes Produkt nicht garantiert, dass kein Risiko einer allergischen Reaktion [&hellip;]\" \/>\n<meta property=\"og:url\" content=\"https:\/\/med.tattoo\/de\/produkt\/kosmetische-vaseline-weiss-mit-vit-ae-20g\/\" \/>\n<meta property=\"og:site_name\" content=\"MED.TATTOO\" \/>\n<meta property=\"article:publisher\" content=\"https:\/\/www.facebook.com\/profile.php?id=100084366705613\" \/>\n<meta property=\"article:modified_time\" content=\"2025-05-15T07:31:36+00:00\" \/>\n<meta property=\"og:image\" content=\"https:\/\/med.tattoo\/wp-content\/uploads\/2025\/02\/ea7906277f62c32f9947c57472b04b0e.jpg\" \/>\n\t<meta property=\"og:image:width\" content=\"488\" \/>\n\t<meta property=\"og:image:height\" content=\"600\" \/>\n\t<meta property=\"og:image:type\" content=\"image\/jpeg\" \/>\n<meta name=\"twitter:card\" content=\"summary_large_image\" \/>\n<script type=\"application\/ld+json\" class=\"yoast-schema-graph\">{\"@context\":\"https:\\\/\\\/schema.org\",\"@graph\":[{\"@type\":\"WebPage\",\"@id\":\"https:\\\/\\\/med.tattoo\\\/de\\\/produkt\\\/kosmetische-vaseline-weiss-mit-vit-ae-20g\\\/\",\"url\":\"https:\\\/\\\/med.tattoo\\\/de\\\/produkt\\\/kosmetische-vaseline-weiss-mit-vit-ae-20g\\\/\",\"name\":\"Kosmetische Vaseline wei\u00df mit Vit. A+E 20g - MED.TATTOO\",\"isPartOf\":{\"@id\":\"https:\\\/\\\/med.tattoo\\\/de\\\/#website\"},\"primaryImageOfPage\":{\"@id\":\"https:\\\/\\\/med.tattoo\\\/de\\\/produkt\\\/kosmetische-vaseline-weiss-mit-vit-ae-20g\\\/#primaryimage\"},\"image\":{\"@id\":\"https:\\\/\\\/med.tattoo\\\/de\\\/produkt\\\/kosmetische-vaseline-weiss-mit-vit-ae-20g\\\/#primaryimage\"},\"thumbnailUrl\":\"https:\\\/\\\/med.tattoo\\\/wp-content\\\/uploads\\\/2025\\\/02\\\/ea7906277f62c32f9947c57472b04b0e.jpg\",\"datePublished\":\"2025-01-31T21:46:50+00:00\",\"dateModified\":\"2025-05-15T07:31:36+00:00\",\"breadcrumb\":{\"@id\":\"https:\\\/\\\/med.tattoo\\\/de\\\/produkt\\\/kosmetische-vaseline-weiss-mit-vit-ae-20g\\\/#breadcrumb\"},\"inLanguage\":\"de\",\"potentialAction\":[{\"@type\":\"ReadAction\",\"target\":[\"https:\\\/\\\/med.tattoo\\\/de\\\/produkt\\\/kosmetische-vaseline-weiss-mit-vit-ae-20g\\\/\"]}]},{\"@type\":\"ImageObject\",\"inLanguage\":\"de\",\"@id\":\"https:\\\/\\\/med.tattoo\\\/de\\\/produkt\\\/kosmetische-vaseline-weiss-mit-vit-ae-20g\\\/#primaryimage\",\"url\":\"https:\\\/\\\/med.tattoo\\\/wp-content\\\/uploads\\\/2025\\\/02\\\/ea7906277f62c32f9947c57472b04b0e.jpg\",\"contentUrl\":\"https:\\\/\\\/med.tattoo\\\/wp-content\\\/uploads\\\/2025\\\/02\\\/ea7906277f62c32f9947c57472b04b0e.jpg\",\"width\":488,\"height\":600},{\"@type\":\"BreadcrumbList\",\"@id\":\"https:\\\/\\\/med.tattoo\\\/de\\\/produkt\\\/kosmetische-vaseline-weiss-mit-vit-ae-20g\\\/#breadcrumb\",\"itemListElement\":[{\"@type\":\"ListItem\",\"position\":1,\"name\":\"Strona G\u0142\u00f3wna\",\"item\":\"https:\\\/\\\/med.tattoo\\\/de\\\/\"},{\"@type\":\"ListItem\",\"position\":2,\"name\":\"Shop\",\"item\":\"https:\\\/\\\/med.tattoo\\\/de\\\/shop\\\/\"},{\"@type\":\"ListItem\",\"position\":3,\"name\":\"Kosmetische Vaseline wei\u00df mit Vit. A+E 20g\"}]},{\"@type\":\"WebSite\",\"@id\":\"https:\\\/\\\/med.tattoo\\\/de\\\/#website\",\"url\":\"https:\\\/\\\/med.tattoo\\\/de\\\/\",\"name\":\"MED.TATTOO\",\"description\":\"Wszystko dla Twojego tatua\u017cu\",\"publisher\":{\"@id\":\"https:\\\/\\\/med.tattoo\\\/de\\\/#organization\"},\"potentialAction\":[{\"@type\":\"SearchAction\",\"target\":{\"@type\":\"EntryPoint\",\"urlTemplate\":\"https:\\\/\\\/med.tattoo\\\/de\\\/?s={search_term_string}\"},\"query-input\":{\"@type\":\"PropertyValueSpecification\",\"valueRequired\":true,\"valueName\":\"search_term_string\"}}],\"inLanguage\":\"de\"},{\"@type\":\"Organization\",\"@id\":\"https:\\\/\\\/med.tattoo\\\/de\\\/#organization\",\"name\":\"MED.TATTOO\",\"url\":\"https:\\\/\\\/med.tattoo\\\/de\\\/\",\"logo\":{\"@type\":\"ImageObject\",\"inLanguage\":\"de\",\"@id\":\"https:\\\/\\\/med.tattoo\\\/de\\\/#\\\/schema\\\/logo\\\/image\\\/\",\"url\":\"https:\\\/\\\/med.tattoo\\\/wp-content\\\/uploads\\\/2025\\\/05\\\/Bez-tytulu-600S300-px-1-e1658908183800.png\",\"contentUrl\":\"https:\\\/\\\/med.tattoo\\\/wp-content\\\/uploads\\\/2025\\\/05\\\/Bez-tytulu-600S300-px-1-e1658908183800.png\",\"width\":600,\"height\":61,\"caption\":\"MED.TATTOO\"},\"image\":{\"@id\":\"https:\\\/\\\/med.tattoo\\\/de\\\/#\\\/schema\\\/logo\\\/image\\\/\"},\"sameAs\":[\"https:\\\/\\\/www.facebook.com\\\/profile.php?id=100084366705613\",\"https:\\\/\\\/www.instagram.com\\\/med.tattoo_official\\\/\"]}]}<\/script>\n<!-- \/ Yoast SEO plugin. -->","yoast_head_json":{"title":"Kosmetische Vaseline wei\u00df mit Vit. A+E 20g - MED.TATTOO","robots":{"index":"index","follow":"follow","max-snippet":"max-snippet:-1","max-image-preview":"max-image-preview:large","max-video-preview":"max-video-preview:-1"},"canonical":"https:\/\/med.tattoo\/de\/produkt\/kosmetische-vaseline-weiss-mit-vit-ae-20g\/","og_locale":"de_DE","og_type":"article","og_title":"Kosmetische Vaseline wei\u00df mit Vit. A+E 20g - MED.TATTOO","og_description":"Kosmetische Vaseline wei\u00df mit Vitamin A+E ist f\u00fcr die Pflege des gesamten K\u00f6rpers bestimmt, insbesondere f\u00fcr trockene und zu AD neigende Haut. Hypoallergen, frei von Duftstoffen. Aktion Sch\u00fctzend, pflegend, feuchtigkeitsspendend f\u00fcr die Haut. Gebrauchsanweisung Zur \u00e4u\u00dferlichen Anwendung. Hinweise zur Anwendung Bitte beachten Sie, dass ein hypoallergenes Produkt nicht garantiert, dass kein Risiko einer allergischen Reaktion [&hellip;]","og_url":"https:\/\/med.tattoo\/de\/produkt\/kosmetische-vaseline-weiss-mit-vit-ae-20g\/","og_site_name":"MED.TATTOO","article_publisher":"https:\/\/www.facebook.com\/profile.php?id=100084366705613","article_modified_time":"2025-05-15T07:31:36+00:00","og_image":[{"width":488,"height":600,"url":"https:\/\/med.tattoo\/wp-content\/uploads\/2025\/02\/ea7906277f62c32f9947c57472b04b0e.jpg","type":"image\/jpeg"}],"twitter_card":"summary_large_image","schema":{"@context":"https:\/\/schema.org","@graph":[{"@type":"WebPage","@id":"https:\/\/med.tattoo\/de\/produkt\/kosmetische-vaseline-weiss-mit-vit-ae-20g\/","url":"https:\/\/med.tattoo\/de\/produkt\/kosmetische-vaseline-weiss-mit-vit-ae-20g\/","name":"Kosmetische Vaseline wei\u00df mit Vit. A+E 20g - MED.TATTOO","isPartOf":{"@id":"https:\/\/med.tattoo\/de\/#website"},"primaryImageOfPage":{"@id":"https:\/\/med.tattoo\/de\/produkt\/kosmetische-vaseline-weiss-mit-vit-ae-20g\/#primaryimage"},"image":{"@id":"https:\/\/med.tattoo\/de\/produkt\/kosmetische-vaseline-weiss-mit-vit-ae-20g\/#primaryimage"},"thumbnailUrl":"https:\/\/med.tattoo\/wp-content\/uploads\/2025\/02\/ea7906277f62c32f9947c57472b04b0e.jpg","datePublished":"2025-01-31T21:46:50+00:00","dateModified":"2025-05-15T07:31:36+00:00","breadcrumb":{"@id":"https:\/\/med.tattoo\/de\/produkt\/kosmetische-vaseline-weiss-mit-vit-ae-20g\/#breadcrumb"},"inLanguage":"de","potentialAction":[{"@type":"ReadAction","target":["https:\/\/med.tattoo\/de\/produkt\/kosmetische-vaseline-weiss-mit-vit-ae-20g\/"]}]},{"@type":"ImageObject","inLanguage":"de","@id":"https:\/\/med.tattoo\/de\/produkt\/kosmetische-vaseline-weiss-mit-vit-ae-20g\/#primaryimage","url":"https:\/\/med.tattoo\/wp-content\/uploads\/2025\/02\/ea7906277f62c32f9947c57472b04b0e.jpg","contentUrl":"https:\/\/med.tattoo\/wp-content\/uploads\/2025\/02\/ea7906277f62c32f9947c57472b04b0e.jpg","width":488,"height":600},{"@type":"BreadcrumbList","@id":"https:\/\/med.tattoo\/de\/produkt\/kosmetische-vaseline-weiss-mit-vit-ae-20g\/#breadcrumb","itemListElement":[{"@type":"ListItem","position":1,"name":"Strona G\u0142\u00f3wna","item":"https:\/\/med.tattoo\/de\/"},{"@type":"ListItem","position":2,"name":"Shop","item":"https:\/\/med.tattoo\/de\/shop\/"},{"@type":"ListItem","position":3,"name":"Kosmetische Vaseline wei\u00df mit Vit. A+E 20g"}]},{"@type":"WebSite","@id":"https:\/\/med.tattoo\/de\/#website","url":"https:\/\/med.tattoo\/de\/","name":"MED.TATTOO","description":"Wszystko dla Twojego tatua\u017cu","publisher":{"@id":"https:\/\/med.tattoo\/de\/#organization"},"potentialAction":[{"@type":"SearchAction","target":{"@type":"EntryPoint","urlTemplate":"https:\/\/med.tattoo\/de\/?s={search_term_string}"},"query-input":{"@type":"PropertyValueSpecification","valueRequired":true,"valueName":"search_term_string"}}],"inLanguage":"de"},{"@type":"Organization","@id":"https:\/\/med.tattoo\/de\/#organization","name":"MED.TATTOO","url":"https:\/\/med.tattoo\/de\/","logo":{"@type":"ImageObject","inLanguage":"de","@id":"https:\/\/med.tattoo\/de\/#\/schema\/logo\/image\/","url":"https:\/\/med.tattoo\/wp-content\/uploads\/2025\/05\/Bez-tytulu-600S300-px-1-e1658908183800.png","contentUrl":"https:\/\/med.tattoo\/wp-content\/uploads\/2025\/05\/Bez-tytulu-600S300-px-1-e1658908183800.png","width":600,"height":61,"caption":"MED.TATTOO"},"image":{"@id":"https:\/\/med.tattoo\/de\/#\/schema\/logo\/image\/"},"sameAs":["https:\/\/www.facebook.com\/profile.php?id=100084366705613","https:\/\/www.instagram.com\/med.tattoo_official\/"]}]}},"_links":{"self":[{"href":"https:\/\/med.tattoo\/de\/wp-json\/wp\/v2\/product\/5652","targetHints":{"allow":["GET"]}}],"collection":[{"href":"https:\/\/med.tattoo\/de\/wp-json\/wp\/v2\/product"}],"about":[{"href":"https:\/\/med.tattoo\/de\/wp-json\/wp\/v2\/types\/product"}],"replies":[{"embeddable":true,"href":"https:\/\/med.tattoo\/de\/wp-json\/wp\/v2\/comments?post=5652"}],"wp:featuredmedia":[{"embeddable":true,"href":"https:\/\/med.tattoo\/de\/wp-json\/wp\/v2\/media\/4345"}],"wp:attachment":[{"href":"https:\/\/med.tattoo\/de\/wp-json\/wp\/v2\/media?parent=5652"}],"wp:term":[{"taxonomy":"product_brand","embeddable":true,"href":"https:\/\/med.tattoo\/de\/wp-json\/wp\/v2\/product_brand?post=5652"},{"taxonomy":"product_cat","embeddable":true,"href":"https:\/\/med.tattoo\/de\/wp-json\/wp\/v2\/product_cat?post=5652"},{"taxonomy":"product_tag","embeddable":true,"href":"https:\/\/med.tattoo\/de\/wp-json\/wp\/v2\/product_tag?post=5652"}],"curies":[{"name":"wp","href":"https:\/\/api.w.org\/{rel}","templated":true}]}}