{"id":5660,"date":"2025-01-31T22:47:10","date_gmt":"2025-01-31T21:47:10","guid":{"rendered":"https:\/\/med.tattoo\/produkt\/chirurgischer-hautmarker-doppelseitig-1st\/"},"modified":"2025-05-15T09:39:18","modified_gmt":"2025-05-15T07:39:18","slug":"chirurgischer-hautmarker-doppelseitig-1st","status":"publish","type":"product","link":"https:\/\/med.tattoo\/de\/produkt\/chirurgischer-hautmarker-doppelseitig-1st\/","title":{"rendered":"Chirurgischer Hautmarker doppelseitig 1St."},"content":{"rendered":"<p>Doppelseitiger medizinischer Hautmarker mit Lineal, steril<\/p>\n<p>Farbe: Lila<\/p>\n<p>Steril: ja<\/p>\n<p>Spitze: Standard 1,0mm + d\u00fcnn 0,5mm<\/p>\n<p>Steriler chirurgischer Markierstift mit Doppelspitze. Entwickelt zum Markieren ausgew\u00e4hlter Bereiche vor und w\u00e4hrend der Behandlung. Der Marker ist auf der Haut deutlich sichtbar und das mitgelieferte flexible Lineal erleichtert das Zeichnen pr\u00e4ziser Konturen. Die verwendete Tinte trocknet schnell, verschmiert nicht, reizt die Haut nicht und ist ungiftig. Er ist ideal f\u00fcr die Verwendung in der plastischen Chirurgie, der Dermatologie oder in Sch\u00f6nheitssalons f\u00fcr das Paramount-Make-up.    <\/p>\n<p>Eigenschaften:<\/p>\n<p>Doppelter chirurgischer Marker<br \/>Spitzen 1,0 mm und 0,5 mm dick<br \/>gut sichtbare und schnell trocknende violette Tinte (Enzianl\u00f6sung)<br \/>verschmiert nicht und reizt die Haut nicht<br \/>ungiftig<br \/>flexibles Lineal enthalten (metrische und imperiale Ma\u00dfe)<br \/>entfernbar mit Produkten auf Alkoholbasis<br \/>steriles Einwegprodukt<br \/>Verpackung: Papier-Folie<\/p>\n","protected":false},"excerpt":{"rendered":"<p>Doppelseitiger medizinischer Hautmarker mit Lineal, steril Farbe: Lila Steril: ja Spitze: Standard 1,0mm + d\u00fcnn 0,5mm Steriler chirurgischer Markierstift mit Doppelspitze. Entwickelt zum Markieren ausgew\u00e4hlter Bereiche vor und w\u00e4hrend der Behandlung. Der Marker ist auf der Haut deutlich sichtbar und das mitgelieferte flexible Lineal erleichtert das Zeichnen pr\u00e4ziser Konturen. Die verwendete Tinte trocknet schnell, verschmiert [&hellip;]<\/p>\n","protected":false},"featured_media":8740,"comment_status":"open","ping_status":"closed","template":"","meta":{"site-sidebar-layout":"default","site-content-layout":"","ast-site-content-layout":"default","site-content-style":"default","site-sidebar-style":"default","ast-global-header-display":"","ast-banner-title-visibility":"","ast-main-header-display":"","ast-hfb-above-header-display":"","ast-hfb-below-header-display":"","ast-hfb-mobile-header-display":"","site-post-title":"","ast-breadcrumbs-content":"","ast-featured-img":"","footer-sml-layout":"","ast-disable-related-posts":"","theme-transparent-header-meta":"","adv-header-id-meta":"","stick-header-meta":"","header-above-stick-meta":"","header-main-stick-meta":"","header-below-stick-meta":"","astra-migrate-meta-layouts":"default","ast-page-background-enabled":"default","ast-page-background-meta":{"desktop":{"background-color":"var(--ast-global-color-4)","background-image":"","background-repeat":"repeat","background-position":"center center","background-size":"auto","background-attachment":"scroll","background-type":"","background-media":"","overlay-type":"","overlay-color":"","overlay-opacity":"","overlay-gradient":""},"tablet":{"background-color":"","background-image":"","background-repeat":"repeat","background-position":"center center","background-size":"auto","background-attachment":"scroll","background-type":"","background-media":"","overlay-type":"","overlay-color":"","overlay-opacity":"","overlay-gradient":""},"mobile":{"background-color":"","background-image":"","background-repeat":"repeat","background-position":"center center","background-size":"auto","background-attachment":"scroll","background-type":"","background-media":"","overlay-type":"","overlay-color":"","overlay-opacity":"","overlay-gradient":""}},"ast-content-background-meta":{"desktop":{"background-color":"var(--ast-global-color-5)","background-image":"","background-repeat":"repeat","background-position":"center center","background-size":"auto","background-attachment":"scroll","background-type":"","background-media":"","overlay-type":"","overlay-color":"","overlay-opacity":"","overlay-gradient":""},"tablet":{"background-color":"var(--ast-global-color-5)","background-image":"","background-repeat":"repeat","background-position":"center center","background-size":"auto","background-attachment":"scroll","background-type":"","background-media":"","overlay-type":"","overlay-color":"","overlay-opacity":"","overlay-gradient":""},"mobile":{"background-color":"var(--ast-global-color-5)","background-image":"","background-repeat":"repeat","background-position":"center center","background-size":"auto","background-attachment":"scroll","background-type":"","background-media":"","overlay-type":"","overlay-color":"","overlay-opacity":"","overlay-gradient":""}}},"product_brand":[],"product_cat":[55],"product_tag":[],"class_list":{"0":"post-5660","1":"product","2":"type-product","3":"status-publish","4":"has-post-thumbnail","6":"product_cat-med-tattoo-de","7":"desktop-align-left","8":"tablet-align-left","9":"mobile-align-left","10":"ast-product-gallery-layout-horizontal-slider","11":"ast-product-tabs-layout-distributed","13":"first","14":"instock","15":"taxable","16":"shipping-taxable","17":"purchasable","18":"product-type-simple"},"yoast_head":"<!-- This site is optimized with the Yoast SEO plugin v27.3 - https:\/\/yoast.com\/product\/yoast-seo-wordpress\/ -->\n<title>Chirurgischer Hautmarker doppelseitig 1St. - MED.TATTOO<\/title>\n<meta name=\"robots\" content=\"index, follow, max-snippet:-1, max-image-preview:large, max-video-preview:-1\" \/>\n<link rel=\"canonical\" href=\"https:\/\/med.tattoo\/de\/produkt\/chirurgischer-hautmarker-doppelseitig-1st\/\" \/>\n<meta property=\"og:locale\" content=\"de_DE\" \/>\n<meta property=\"og:type\" content=\"article\" \/>\n<meta property=\"og:title\" content=\"Chirurgischer Hautmarker doppelseitig 1St. - MED.TATTOO\" \/>\n<meta property=\"og:description\" content=\"Doppelseitiger medizinischer Hautmarker mit Lineal, steril Farbe: Lila Steril: ja Spitze: Standard 1,0mm + d\u00fcnn 0,5mm Steriler chirurgischer Markierstift mit Doppelspitze. Entwickelt zum Markieren ausgew\u00e4hlter Bereiche vor und w\u00e4hrend der Behandlung. Der Marker ist auf der Haut deutlich sichtbar und das mitgelieferte flexible Lineal erleichtert das Zeichnen pr\u00e4ziser Konturen. Die verwendete Tinte trocknet schnell, verschmiert [&hellip;]\" \/>\n<meta property=\"og:url\" content=\"https:\/\/med.tattoo\/de\/produkt\/chirurgischer-hautmarker-doppelseitig-1st\/\" \/>\n<meta property=\"og:site_name\" content=\"MED.TATTOO\" \/>\n<meta property=\"article:publisher\" content=\"https:\/\/www.facebook.com\/profile.php?id=100084366705613\" \/>\n<meta property=\"article:modified_time\" content=\"2025-05-15T07:39:18+00:00\" \/>\n<meta property=\"og:image\" content=\"https:\/\/med.tattoo\/wp-content\/uploads\/2025\/05\/2188_marker-chirurgiczny-do-skory-dwustronny-1szt_1742990451.jpg\" \/>\n\t<meta property=\"og:image:width\" content=\"800\" \/>\n\t<meta property=\"og:image:height\" content=\"329\" \/>\n\t<meta property=\"og:image:type\" content=\"image\/jpeg\" \/>\n<meta name=\"twitter:card\" content=\"summary_large_image\" \/>\n<meta name=\"twitter:label1\" content=\"Gesch\u00e4tzte Lesezeit\" \/>\n\t<meta name=\"twitter:data1\" content=\"1\u00a0Minute\" \/>\n<script type=\"application\/ld+json\" class=\"yoast-schema-graph\">{\"@context\":\"https:\\\/\\\/schema.org\",\"@graph\":[{\"@type\":\"WebPage\",\"@id\":\"https:\\\/\\\/med.tattoo\\\/de\\\/produkt\\\/chirurgischer-hautmarker-doppelseitig-1st\\\/\",\"url\":\"https:\\\/\\\/med.tattoo\\\/de\\\/produkt\\\/chirurgischer-hautmarker-doppelseitig-1st\\\/\",\"name\":\"Chirurgischer Hautmarker doppelseitig 1St. - MED.TATTOO\",\"isPartOf\":{\"@id\":\"https:\\\/\\\/med.tattoo\\\/de\\\/#website\"},\"primaryImageOfPage\":{\"@id\":\"https:\\\/\\\/med.tattoo\\\/de\\\/produkt\\\/chirurgischer-hautmarker-doppelseitig-1st\\\/#primaryimage\"},\"image\":{\"@id\":\"https:\\\/\\\/med.tattoo\\\/de\\\/produkt\\\/chirurgischer-hautmarker-doppelseitig-1st\\\/#primaryimage\"},\"thumbnailUrl\":\"https:\\\/\\\/med.tattoo\\\/wp-content\\\/uploads\\\/2025\\\/05\\\/2188_marker-chirurgiczny-do-skory-dwustronny-1szt_1742990451.jpg\",\"datePublished\":\"2025-01-31T21:47:10+00:00\",\"dateModified\":\"2025-05-15T07:39:18+00:00\",\"breadcrumb\":{\"@id\":\"https:\\\/\\\/med.tattoo\\\/de\\\/produkt\\\/chirurgischer-hautmarker-doppelseitig-1st\\\/#breadcrumb\"},\"inLanguage\":\"de\",\"potentialAction\":[{\"@type\":\"ReadAction\",\"target\":[\"https:\\\/\\\/med.tattoo\\\/de\\\/produkt\\\/chirurgischer-hautmarker-doppelseitig-1st\\\/\"]}]},{\"@type\":\"ImageObject\",\"inLanguage\":\"de\",\"@id\":\"https:\\\/\\\/med.tattoo\\\/de\\\/produkt\\\/chirurgischer-hautmarker-doppelseitig-1st\\\/#primaryimage\",\"url\":\"https:\\\/\\\/med.tattoo\\\/wp-content\\\/uploads\\\/2025\\\/05\\\/2188_marker-chirurgiczny-do-skory-dwustronny-1szt_1742990451.jpg\",\"contentUrl\":\"https:\\\/\\\/med.tattoo\\\/wp-content\\\/uploads\\\/2025\\\/05\\\/2188_marker-chirurgiczny-do-skory-dwustronny-1szt_1742990451.jpg\",\"width\":800,\"height\":329},{\"@type\":\"BreadcrumbList\",\"@id\":\"https:\\\/\\\/med.tattoo\\\/de\\\/produkt\\\/chirurgischer-hautmarker-doppelseitig-1st\\\/#breadcrumb\",\"itemListElement\":[{\"@type\":\"ListItem\",\"position\":1,\"name\":\"Strona G\u0142\u00f3wna\",\"item\":\"https:\\\/\\\/med.tattoo\\\/de\\\/\"},{\"@type\":\"ListItem\",\"position\":2,\"name\":\"Shop\",\"item\":\"https:\\\/\\\/med.tattoo\\\/de\\\/shop\\\/\"},{\"@type\":\"ListItem\",\"position\":3,\"name\":\"Chirurgischer Hautmarker doppelseitig 1St.\"}]},{\"@type\":\"WebSite\",\"@id\":\"https:\\\/\\\/med.tattoo\\\/de\\\/#website\",\"url\":\"https:\\\/\\\/med.tattoo\\\/de\\\/\",\"name\":\"MED.TATTOO\",\"description\":\"Wszystko dla Twojego tatua\u017cu\",\"publisher\":{\"@id\":\"https:\\\/\\\/med.tattoo\\\/de\\\/#organization\"},\"potentialAction\":[{\"@type\":\"SearchAction\",\"target\":{\"@type\":\"EntryPoint\",\"urlTemplate\":\"https:\\\/\\\/med.tattoo\\\/de\\\/?s={search_term_string}\"},\"query-input\":{\"@type\":\"PropertyValueSpecification\",\"valueRequired\":true,\"valueName\":\"search_term_string\"}}],\"inLanguage\":\"de\"},{\"@type\":\"Organization\",\"@id\":\"https:\\\/\\\/med.tattoo\\\/de\\\/#organization\",\"name\":\"MED.TATTOO\",\"url\":\"https:\\\/\\\/med.tattoo\\\/de\\\/\",\"logo\":{\"@type\":\"ImageObject\",\"inLanguage\":\"de\",\"@id\":\"https:\\\/\\\/med.tattoo\\\/de\\\/#\\\/schema\\\/logo\\\/image\\\/\",\"url\":\"https:\\\/\\\/med.tattoo\\\/wp-content\\\/uploads\\\/2025\\\/05\\\/Bez-tytulu-600S300-px-1-e1658908183800.png\",\"contentUrl\":\"https:\\\/\\\/med.tattoo\\\/wp-content\\\/uploads\\\/2025\\\/05\\\/Bez-tytulu-600S300-px-1-e1658908183800.png\",\"width\":600,\"height\":61,\"caption\":\"MED.TATTOO\"},\"image\":{\"@id\":\"https:\\\/\\\/med.tattoo\\\/de\\\/#\\\/schema\\\/logo\\\/image\\\/\"},\"sameAs\":[\"https:\\\/\\\/www.facebook.com\\\/profile.php?id=100084366705613\",\"https:\\\/\\\/www.instagram.com\\\/med.tattoo_official\\\/\"]}]}<\/script>\n<!-- \/ Yoast SEO plugin. -->","yoast_head_json":{"title":"Chirurgischer Hautmarker doppelseitig 1St. - MED.TATTOO","robots":{"index":"index","follow":"follow","max-snippet":"max-snippet:-1","max-image-preview":"max-image-preview:large","max-video-preview":"max-video-preview:-1"},"canonical":"https:\/\/med.tattoo\/de\/produkt\/chirurgischer-hautmarker-doppelseitig-1st\/","og_locale":"de_DE","og_type":"article","og_title":"Chirurgischer Hautmarker doppelseitig 1St. - MED.TATTOO","og_description":"Doppelseitiger medizinischer Hautmarker mit Lineal, steril Farbe: Lila Steril: ja Spitze: Standard 1,0mm + d\u00fcnn 0,5mm Steriler chirurgischer Markierstift mit Doppelspitze. Entwickelt zum Markieren ausgew\u00e4hlter Bereiche vor und w\u00e4hrend der Behandlung. Der Marker ist auf der Haut deutlich sichtbar und das mitgelieferte flexible Lineal erleichtert das Zeichnen pr\u00e4ziser Konturen. Die verwendete Tinte trocknet schnell, verschmiert [&hellip;]","og_url":"https:\/\/med.tattoo\/de\/produkt\/chirurgischer-hautmarker-doppelseitig-1st\/","og_site_name":"MED.TATTOO","article_publisher":"https:\/\/www.facebook.com\/profile.php?id=100084366705613","article_modified_time":"2025-05-15T07:39:18+00:00","og_image":[{"width":800,"height":329,"url":"https:\/\/med.tattoo\/wp-content\/uploads\/2025\/05\/2188_marker-chirurgiczny-do-skory-dwustronny-1szt_1742990451.jpg","type":"image\/jpeg"}],"twitter_card":"summary_large_image","twitter_misc":{"Gesch\u00e4tzte Lesezeit":"1\u00a0Minute"},"schema":{"@context":"https:\/\/schema.org","@graph":[{"@type":"WebPage","@id":"https:\/\/med.tattoo\/de\/produkt\/chirurgischer-hautmarker-doppelseitig-1st\/","url":"https:\/\/med.tattoo\/de\/produkt\/chirurgischer-hautmarker-doppelseitig-1st\/","name":"Chirurgischer Hautmarker doppelseitig 1St. - MED.TATTOO","isPartOf":{"@id":"https:\/\/med.tattoo\/de\/#website"},"primaryImageOfPage":{"@id":"https:\/\/med.tattoo\/de\/produkt\/chirurgischer-hautmarker-doppelseitig-1st\/#primaryimage"},"image":{"@id":"https:\/\/med.tattoo\/de\/produkt\/chirurgischer-hautmarker-doppelseitig-1st\/#primaryimage"},"thumbnailUrl":"https:\/\/med.tattoo\/wp-content\/uploads\/2025\/05\/2188_marker-chirurgiczny-do-skory-dwustronny-1szt_1742990451.jpg","datePublished":"2025-01-31T21:47:10+00:00","dateModified":"2025-05-15T07:39:18+00:00","breadcrumb":{"@id":"https:\/\/med.tattoo\/de\/produkt\/chirurgischer-hautmarker-doppelseitig-1st\/#breadcrumb"},"inLanguage":"de","potentialAction":[{"@type":"ReadAction","target":["https:\/\/med.tattoo\/de\/produkt\/chirurgischer-hautmarker-doppelseitig-1st\/"]}]},{"@type":"ImageObject","inLanguage":"de","@id":"https:\/\/med.tattoo\/de\/produkt\/chirurgischer-hautmarker-doppelseitig-1st\/#primaryimage","url":"https:\/\/med.tattoo\/wp-content\/uploads\/2025\/05\/2188_marker-chirurgiczny-do-skory-dwustronny-1szt_1742990451.jpg","contentUrl":"https:\/\/med.tattoo\/wp-content\/uploads\/2025\/05\/2188_marker-chirurgiczny-do-skory-dwustronny-1szt_1742990451.jpg","width":800,"height":329},{"@type":"BreadcrumbList","@id":"https:\/\/med.tattoo\/de\/produkt\/chirurgischer-hautmarker-doppelseitig-1st\/#breadcrumb","itemListElement":[{"@type":"ListItem","position":1,"name":"Strona G\u0142\u00f3wna","item":"https:\/\/med.tattoo\/de\/"},{"@type":"ListItem","position":2,"name":"Shop","item":"https:\/\/med.tattoo\/de\/shop\/"},{"@type":"ListItem","position":3,"name":"Chirurgischer Hautmarker doppelseitig 1St."}]},{"@type":"WebSite","@id":"https:\/\/med.tattoo\/de\/#website","url":"https:\/\/med.tattoo\/de\/","name":"MED.TATTOO","description":"Wszystko dla Twojego tatua\u017cu","publisher":{"@id":"https:\/\/med.tattoo\/de\/#organization"},"potentialAction":[{"@type":"SearchAction","target":{"@type":"EntryPoint","urlTemplate":"https:\/\/med.tattoo\/de\/?s={search_term_string}"},"query-input":{"@type":"PropertyValueSpecification","valueRequired":true,"valueName":"search_term_string"}}],"inLanguage":"de"},{"@type":"Organization","@id":"https:\/\/med.tattoo\/de\/#organization","name":"MED.TATTOO","url":"https:\/\/med.tattoo\/de\/","logo":{"@type":"ImageObject","inLanguage":"de","@id":"https:\/\/med.tattoo\/de\/#\/schema\/logo\/image\/","url":"https:\/\/med.tattoo\/wp-content\/uploads\/2025\/05\/Bez-tytulu-600S300-px-1-e1658908183800.png","contentUrl":"https:\/\/med.tattoo\/wp-content\/uploads\/2025\/05\/Bez-tytulu-600S300-px-1-e1658908183800.png","width":600,"height":61,"caption":"MED.TATTOO"},"image":{"@id":"https:\/\/med.tattoo\/de\/#\/schema\/logo\/image\/"},"sameAs":["https:\/\/www.facebook.com\/profile.php?id=100084366705613","https:\/\/www.instagram.com\/med.tattoo_official\/"]}]}},"_links":{"self":[{"href":"https:\/\/med.tattoo\/de\/wp-json\/wp\/v2\/product\/5660","targetHints":{"allow":["GET"]}}],"collection":[{"href":"https:\/\/med.tattoo\/de\/wp-json\/wp\/v2\/product"}],"about":[{"href":"https:\/\/med.tattoo\/de\/wp-json\/wp\/v2\/types\/product"}],"replies":[{"embeddable":true,"href":"https:\/\/med.tattoo\/de\/wp-json\/wp\/v2\/comments?post=5660"}],"wp:featuredmedia":[{"embeddable":true,"href":"https:\/\/med.tattoo\/de\/wp-json\/wp\/v2\/media\/8740"}],"wp:attachment":[{"href":"https:\/\/med.tattoo\/de\/wp-json\/wp\/v2\/media?parent=5660"}],"wp:term":[{"taxonomy":"product_brand","embeddable":true,"href":"https:\/\/med.tattoo\/de\/wp-json\/wp\/v2\/product_brand?post=5660"},{"taxonomy":"product_cat","embeddable":true,"href":"https:\/\/med.tattoo\/de\/wp-json\/wp\/v2\/product_cat?post=5660"},{"taxonomy":"product_tag","embeddable":true,"href":"https:\/\/med.tattoo\/de\/wp-json\/wp\/v2\/product_tag?post=5660"}],"curies":[{"name":"wp","href":"https:\/\/api.w.org\/{rel}","templated":true}]}}