{"id":5690,"date":"2025-01-31T22:46:35","date_gmt":"2025-01-31T21:46:35","guid":{"rendered":"https:\/\/med.tattoo\/produkt\/air-laid-gefaltetes-nicht-gewebtes-handtuch-30-33cm-50stueck\/"},"modified":"2025-05-15T09:31:21","modified_gmt":"2025-05-15T07:31:21","slug":"air-laid-gefaltetes-nicht-gewebtes-handtuch-30-33cm-50stueck","status":"publish","type":"product","link":"https:\/\/med.tattoo\/de\/produkt\/air-laid-gefaltetes-nicht-gewebtes-handtuch-30-33cm-50stueck\/","title":{"rendered":"AIR LAID gefaltetes nicht gewebtes Handtuch 30* 33cm 50St\u00fcck"},"content":{"rendered":"<p>Handt\u00fccher aus dickem Vliesstoff.<\/p>\n<p>  Selbst wenn es nass ist, verschlechtert es sich nicht und rei\u00dft nicht schnell.<br \/>  Es absorbiert Wasser sehr schnell, in einem Wimpernschlag.<br \/>  Es ist ein Produkt, das gut im Friseurhandwerk, in der Kosmetik, aber auch in der Industrie oder im Haushalt funktioniert.<br \/>  Wird bei Manik\u00fcre- und Pedik\u00fcrebehandlungen wegen seiner staubfreien Eigenschaften gesch\u00e4tzt.<br \/>  Es ist sicher bei Hautkontakt, selbst bei empfindlicher oder allergischer Haut.<br \/>  Es ist mit einer zarten Wellenpr\u00e4gung versehen, die der \u00c4sthetik zugute kommt.<br \/>  Mit diesen Handt\u00fcchern haben Sie die Gewissheit, dass Sie bequem arbeiten und die grundlegende Hygiene und Sicherheit aufrechterhalten k\u00f6nnen.<\/p>\n","protected":false},"excerpt":{"rendered":"<p>Handt\u00fccher aus dickem Vliesstoff. Selbst wenn es nass ist, verschlechtert es sich nicht und rei\u00dft nicht schnell. Es absorbiert Wasser sehr schnell, in einem Wimpernschlag. Es ist ein Produkt, das gut im Friseurhandwerk, in der Kosmetik, aber auch in der Industrie oder im Haushalt funktioniert. Wird bei Manik\u00fcre- und Pedik\u00fcrebehandlungen wegen seiner staubfreien Eigenschaften gesch\u00e4tzt. [&hellip;]<\/p>\n","protected":false},"featured_media":8713,"comment_status":"open","ping_status":"closed","template":"","meta":{"site-sidebar-layout":"default","site-content-layout":"","ast-site-content-layout":"default","site-content-style":"default","site-sidebar-style":"default","ast-global-header-display":"","ast-banner-title-visibility":"","ast-main-header-display":"","ast-hfb-above-header-display":"","ast-hfb-below-header-display":"","ast-hfb-mobile-header-display":"","site-post-title":"","ast-breadcrumbs-content":"","ast-featured-img":"","footer-sml-layout":"","ast-disable-related-posts":"","theme-transparent-header-meta":"","adv-header-id-meta":"","stick-header-meta":"","header-above-stick-meta":"","header-main-stick-meta":"","header-below-stick-meta":"","astra-migrate-meta-layouts":"default","ast-page-background-enabled":"default","ast-page-background-meta":{"desktop":{"background-color":"var(--ast-global-color-4)","background-image":"","background-repeat":"repeat","background-position":"center center","background-size":"auto","background-attachment":"scroll","background-type":"","background-media":"","overlay-type":"","overlay-color":"","overlay-opacity":"","overlay-gradient":""},"tablet":{"background-color":"","background-image":"","background-repeat":"repeat","background-position":"center center","background-size":"auto","background-attachment":"scroll","background-type":"","background-media":"","overlay-type":"","overlay-color":"","overlay-opacity":"","overlay-gradient":""},"mobile":{"background-color":"","background-image":"","background-repeat":"repeat","background-position":"center center","background-size":"auto","background-attachment":"scroll","background-type":"","background-media":"","overlay-type":"","overlay-color":"","overlay-opacity":"","overlay-gradient":""}},"ast-content-background-meta":{"desktop":{"background-color":"var(--ast-global-color-5)","background-image":"","background-repeat":"repeat","background-position":"center center","background-size":"auto","background-attachment":"scroll","background-type":"","background-media":"","overlay-type":"","overlay-color":"","overlay-opacity":"","overlay-gradient":""},"tablet":{"background-color":"var(--ast-global-color-5)","background-image":"","background-repeat":"repeat","background-position":"center center","background-size":"auto","background-attachment":"scroll","background-type":"","background-media":"","overlay-type":"","overlay-color":"","overlay-opacity":"","overlay-gradient":""},"mobile":{"background-color":"var(--ast-global-color-5)","background-image":"","background-repeat":"repeat","background-position":"center center","background-size":"auto","background-attachment":"scroll","background-type":"","background-media":"","overlay-type":"","overlay-color":"","overlay-opacity":"","overlay-gradient":""}}},"product_brand":[],"product_cat":[55],"product_tag":[],"class_list":{"0":"post-5690","1":"product","2":"type-product","3":"status-publish","4":"has-post-thumbnail","6":"product_cat-med-tattoo-de","7":"desktop-align-left","8":"tablet-align-left","9":"mobile-align-left","10":"ast-product-gallery-layout-horizontal-slider","11":"ast-product-tabs-layout-distributed","13":"first","14":"instock","15":"taxable","16":"shipping-taxable","17":"purchasable","18":"product-type-simple"},"yoast_head":"<!-- This site is optimized with the Yoast SEO plugin v27.3 - https:\/\/yoast.com\/product\/yoast-seo-wordpress\/ -->\n<title>AIR LAID gefaltetes nicht gewebtes Handtuch 30* 33cm 50St\u00fcck - MED.TATTOO<\/title>\n<meta name=\"robots\" content=\"index, follow, max-snippet:-1, max-image-preview:large, max-video-preview:-1\" \/>\n<link rel=\"canonical\" href=\"https:\/\/med.tattoo\/de\/produkt\/air-laid-gefaltetes-nicht-gewebtes-handtuch-30-33cm-50stueck\/\" \/>\n<meta property=\"og:locale\" content=\"de_DE\" \/>\n<meta property=\"og:type\" content=\"article\" \/>\n<meta property=\"og:title\" content=\"AIR LAID gefaltetes nicht gewebtes Handtuch 30* 33cm 50St\u00fcck - MED.TATTOO\" \/>\n<meta property=\"og:description\" content=\"Handt\u00fccher aus dickem Vliesstoff. Selbst wenn es nass ist, verschlechtert es sich nicht und rei\u00dft nicht schnell. Es absorbiert Wasser sehr schnell, in einem Wimpernschlag. Es ist ein Produkt, das gut im Friseurhandwerk, in der Kosmetik, aber auch in der Industrie oder im Haushalt funktioniert. Wird bei Manik\u00fcre- und Pedik\u00fcrebehandlungen wegen seiner staubfreien Eigenschaften gesch\u00e4tzt. [&hellip;]\" \/>\n<meta property=\"og:url\" content=\"https:\/\/med.tattoo\/de\/produkt\/air-laid-gefaltetes-nicht-gewebtes-handtuch-30-33cm-50stueck\/\" \/>\n<meta property=\"og:site_name\" content=\"MED.TATTOO\" \/>\n<meta property=\"article:publisher\" content=\"https:\/\/www.facebook.com\/profile.php?id=100084366705613\" \/>\n<meta property=\"article:modified_time\" content=\"2025-05-15T07:31:21+00:00\" \/>\n<meta property=\"og:image\" content=\"https:\/\/med.tattoo\/wp-content\/uploads\/2025\/05\/2119_recznik-air-laid-skladany-wlokninowy-30-33cm-50sz_1742990460.jpg\" \/>\n\t<meta property=\"og:image:width\" content=\"775\" \/>\n\t<meta property=\"og:image:height\" content=\"600\" \/>\n\t<meta property=\"og:image:type\" content=\"image\/jpeg\" \/>\n<meta name=\"twitter:card\" content=\"summary_large_image\" \/>\n<meta name=\"twitter:label1\" content=\"Gesch\u00e4tzte Lesezeit\" \/>\n\t<meta name=\"twitter:data1\" content=\"1\u00a0Minute\" \/>\n<script type=\"application\/ld+json\" class=\"yoast-schema-graph\">{\"@context\":\"https:\\\/\\\/schema.org\",\"@graph\":[{\"@type\":\"WebPage\",\"@id\":\"https:\\\/\\\/med.tattoo\\\/de\\\/produkt\\\/air-laid-gefaltetes-nicht-gewebtes-handtuch-30-33cm-50stueck\\\/\",\"url\":\"https:\\\/\\\/med.tattoo\\\/de\\\/produkt\\\/air-laid-gefaltetes-nicht-gewebtes-handtuch-30-33cm-50stueck\\\/\",\"name\":\"AIR LAID gefaltetes nicht gewebtes Handtuch 30* 33cm 50St\u00fcck - MED.TATTOO\",\"isPartOf\":{\"@id\":\"https:\\\/\\\/med.tattoo\\\/de\\\/#website\"},\"primaryImageOfPage\":{\"@id\":\"https:\\\/\\\/med.tattoo\\\/de\\\/produkt\\\/air-laid-gefaltetes-nicht-gewebtes-handtuch-30-33cm-50stueck\\\/#primaryimage\"},\"image\":{\"@id\":\"https:\\\/\\\/med.tattoo\\\/de\\\/produkt\\\/air-laid-gefaltetes-nicht-gewebtes-handtuch-30-33cm-50stueck\\\/#primaryimage\"},\"thumbnailUrl\":\"https:\\\/\\\/med.tattoo\\\/wp-content\\\/uploads\\\/2025\\\/05\\\/2119_recznik-air-laid-skladany-wlokninowy-30-33cm-50sz_1742990460.jpg\",\"datePublished\":\"2025-01-31T21:46:35+00:00\",\"dateModified\":\"2025-05-15T07:31:21+00:00\",\"breadcrumb\":{\"@id\":\"https:\\\/\\\/med.tattoo\\\/de\\\/produkt\\\/air-laid-gefaltetes-nicht-gewebtes-handtuch-30-33cm-50stueck\\\/#breadcrumb\"},\"inLanguage\":\"de\",\"potentialAction\":[{\"@type\":\"ReadAction\",\"target\":[\"https:\\\/\\\/med.tattoo\\\/de\\\/produkt\\\/air-laid-gefaltetes-nicht-gewebtes-handtuch-30-33cm-50stueck\\\/\"]}]},{\"@type\":\"ImageObject\",\"inLanguage\":\"de\",\"@id\":\"https:\\\/\\\/med.tattoo\\\/de\\\/produkt\\\/air-laid-gefaltetes-nicht-gewebtes-handtuch-30-33cm-50stueck\\\/#primaryimage\",\"url\":\"https:\\\/\\\/med.tattoo\\\/wp-content\\\/uploads\\\/2025\\\/05\\\/2119_recznik-air-laid-skladany-wlokninowy-30-33cm-50sz_1742990460.jpg\",\"contentUrl\":\"https:\\\/\\\/med.tattoo\\\/wp-content\\\/uploads\\\/2025\\\/05\\\/2119_recznik-air-laid-skladany-wlokninowy-30-33cm-50sz_1742990460.jpg\",\"width\":775,\"height\":600},{\"@type\":\"BreadcrumbList\",\"@id\":\"https:\\\/\\\/med.tattoo\\\/de\\\/produkt\\\/air-laid-gefaltetes-nicht-gewebtes-handtuch-30-33cm-50stueck\\\/#breadcrumb\",\"itemListElement\":[{\"@type\":\"ListItem\",\"position\":1,\"name\":\"Strona G\u0142\u00f3wna\",\"item\":\"https:\\\/\\\/med.tattoo\\\/de\\\/\"},{\"@type\":\"ListItem\",\"position\":2,\"name\":\"Shop\",\"item\":\"https:\\\/\\\/med.tattoo\\\/de\\\/shop\\\/\"},{\"@type\":\"ListItem\",\"position\":3,\"name\":\"AIR LAID gefaltetes nicht gewebtes Handtuch 30* 33cm 50St\u00fcck\"}]},{\"@type\":\"WebSite\",\"@id\":\"https:\\\/\\\/med.tattoo\\\/de\\\/#website\",\"url\":\"https:\\\/\\\/med.tattoo\\\/de\\\/\",\"name\":\"MED.TATTOO\",\"description\":\"Wszystko dla Twojego tatua\u017cu\",\"publisher\":{\"@id\":\"https:\\\/\\\/med.tattoo\\\/de\\\/#organization\"},\"potentialAction\":[{\"@type\":\"SearchAction\",\"target\":{\"@type\":\"EntryPoint\",\"urlTemplate\":\"https:\\\/\\\/med.tattoo\\\/de\\\/?s={search_term_string}\"},\"query-input\":{\"@type\":\"PropertyValueSpecification\",\"valueRequired\":true,\"valueName\":\"search_term_string\"}}],\"inLanguage\":\"de\"},{\"@type\":\"Organization\",\"@id\":\"https:\\\/\\\/med.tattoo\\\/de\\\/#organization\",\"name\":\"MED.TATTOO\",\"url\":\"https:\\\/\\\/med.tattoo\\\/de\\\/\",\"logo\":{\"@type\":\"ImageObject\",\"inLanguage\":\"de\",\"@id\":\"https:\\\/\\\/med.tattoo\\\/de\\\/#\\\/schema\\\/logo\\\/image\\\/\",\"url\":\"https:\\\/\\\/med.tattoo\\\/wp-content\\\/uploads\\\/2025\\\/05\\\/Bez-tytulu-600S300-px-1-e1658908183800.png\",\"contentUrl\":\"https:\\\/\\\/med.tattoo\\\/wp-content\\\/uploads\\\/2025\\\/05\\\/Bez-tytulu-600S300-px-1-e1658908183800.png\",\"width\":600,\"height\":61,\"caption\":\"MED.TATTOO\"},\"image\":{\"@id\":\"https:\\\/\\\/med.tattoo\\\/de\\\/#\\\/schema\\\/logo\\\/image\\\/\"},\"sameAs\":[\"https:\\\/\\\/www.facebook.com\\\/profile.php?id=100084366705613\",\"https:\\\/\\\/www.instagram.com\\\/med.tattoo_official\\\/\"]}]}<\/script>\n<!-- \/ Yoast SEO plugin. -->","yoast_head_json":{"title":"AIR LAID gefaltetes nicht gewebtes Handtuch 30* 33cm 50St\u00fcck - MED.TATTOO","robots":{"index":"index","follow":"follow","max-snippet":"max-snippet:-1","max-image-preview":"max-image-preview:large","max-video-preview":"max-video-preview:-1"},"canonical":"https:\/\/med.tattoo\/de\/produkt\/air-laid-gefaltetes-nicht-gewebtes-handtuch-30-33cm-50stueck\/","og_locale":"de_DE","og_type":"article","og_title":"AIR LAID gefaltetes nicht gewebtes Handtuch 30* 33cm 50St\u00fcck - MED.TATTOO","og_description":"Handt\u00fccher aus dickem Vliesstoff. Selbst wenn es nass ist, verschlechtert es sich nicht und rei\u00dft nicht schnell. Es absorbiert Wasser sehr schnell, in einem Wimpernschlag. Es ist ein Produkt, das gut im Friseurhandwerk, in der Kosmetik, aber auch in der Industrie oder im Haushalt funktioniert. Wird bei Manik\u00fcre- und Pedik\u00fcrebehandlungen wegen seiner staubfreien Eigenschaften gesch\u00e4tzt. [&hellip;]","og_url":"https:\/\/med.tattoo\/de\/produkt\/air-laid-gefaltetes-nicht-gewebtes-handtuch-30-33cm-50stueck\/","og_site_name":"MED.TATTOO","article_publisher":"https:\/\/www.facebook.com\/profile.php?id=100084366705613","article_modified_time":"2025-05-15T07:31:21+00:00","og_image":[{"width":775,"height":600,"url":"https:\/\/med.tattoo\/wp-content\/uploads\/2025\/05\/2119_recznik-air-laid-skladany-wlokninowy-30-33cm-50sz_1742990460.jpg","type":"image\/jpeg"}],"twitter_card":"summary_large_image","twitter_misc":{"Gesch\u00e4tzte Lesezeit":"1\u00a0Minute"},"schema":{"@context":"https:\/\/schema.org","@graph":[{"@type":"WebPage","@id":"https:\/\/med.tattoo\/de\/produkt\/air-laid-gefaltetes-nicht-gewebtes-handtuch-30-33cm-50stueck\/","url":"https:\/\/med.tattoo\/de\/produkt\/air-laid-gefaltetes-nicht-gewebtes-handtuch-30-33cm-50stueck\/","name":"AIR LAID gefaltetes nicht gewebtes Handtuch 30* 33cm 50St\u00fcck - MED.TATTOO","isPartOf":{"@id":"https:\/\/med.tattoo\/de\/#website"},"primaryImageOfPage":{"@id":"https:\/\/med.tattoo\/de\/produkt\/air-laid-gefaltetes-nicht-gewebtes-handtuch-30-33cm-50stueck\/#primaryimage"},"image":{"@id":"https:\/\/med.tattoo\/de\/produkt\/air-laid-gefaltetes-nicht-gewebtes-handtuch-30-33cm-50stueck\/#primaryimage"},"thumbnailUrl":"https:\/\/med.tattoo\/wp-content\/uploads\/2025\/05\/2119_recznik-air-laid-skladany-wlokninowy-30-33cm-50sz_1742990460.jpg","datePublished":"2025-01-31T21:46:35+00:00","dateModified":"2025-05-15T07:31:21+00:00","breadcrumb":{"@id":"https:\/\/med.tattoo\/de\/produkt\/air-laid-gefaltetes-nicht-gewebtes-handtuch-30-33cm-50stueck\/#breadcrumb"},"inLanguage":"de","potentialAction":[{"@type":"ReadAction","target":["https:\/\/med.tattoo\/de\/produkt\/air-laid-gefaltetes-nicht-gewebtes-handtuch-30-33cm-50stueck\/"]}]},{"@type":"ImageObject","inLanguage":"de","@id":"https:\/\/med.tattoo\/de\/produkt\/air-laid-gefaltetes-nicht-gewebtes-handtuch-30-33cm-50stueck\/#primaryimage","url":"https:\/\/med.tattoo\/wp-content\/uploads\/2025\/05\/2119_recznik-air-laid-skladany-wlokninowy-30-33cm-50sz_1742990460.jpg","contentUrl":"https:\/\/med.tattoo\/wp-content\/uploads\/2025\/05\/2119_recznik-air-laid-skladany-wlokninowy-30-33cm-50sz_1742990460.jpg","width":775,"height":600},{"@type":"BreadcrumbList","@id":"https:\/\/med.tattoo\/de\/produkt\/air-laid-gefaltetes-nicht-gewebtes-handtuch-30-33cm-50stueck\/#breadcrumb","itemListElement":[{"@type":"ListItem","position":1,"name":"Strona G\u0142\u00f3wna","item":"https:\/\/med.tattoo\/de\/"},{"@type":"ListItem","position":2,"name":"Shop","item":"https:\/\/med.tattoo\/de\/shop\/"},{"@type":"ListItem","position":3,"name":"AIR LAID gefaltetes nicht gewebtes Handtuch 30* 33cm 50St\u00fcck"}]},{"@type":"WebSite","@id":"https:\/\/med.tattoo\/de\/#website","url":"https:\/\/med.tattoo\/de\/","name":"MED.TATTOO","description":"Wszystko dla Twojego tatua\u017cu","publisher":{"@id":"https:\/\/med.tattoo\/de\/#organization"},"potentialAction":[{"@type":"SearchAction","target":{"@type":"EntryPoint","urlTemplate":"https:\/\/med.tattoo\/de\/?s={search_term_string}"},"query-input":{"@type":"PropertyValueSpecification","valueRequired":true,"valueName":"search_term_string"}}],"inLanguage":"de"},{"@type":"Organization","@id":"https:\/\/med.tattoo\/de\/#organization","name":"MED.TATTOO","url":"https:\/\/med.tattoo\/de\/","logo":{"@type":"ImageObject","inLanguage":"de","@id":"https:\/\/med.tattoo\/de\/#\/schema\/logo\/image\/","url":"https:\/\/med.tattoo\/wp-content\/uploads\/2025\/05\/Bez-tytulu-600S300-px-1-e1658908183800.png","contentUrl":"https:\/\/med.tattoo\/wp-content\/uploads\/2025\/05\/Bez-tytulu-600S300-px-1-e1658908183800.png","width":600,"height":61,"caption":"MED.TATTOO"},"image":{"@id":"https:\/\/med.tattoo\/de\/#\/schema\/logo\/image\/"},"sameAs":["https:\/\/www.facebook.com\/profile.php?id=100084366705613","https:\/\/www.instagram.com\/med.tattoo_official\/"]}]}},"_links":{"self":[{"href":"https:\/\/med.tattoo\/de\/wp-json\/wp\/v2\/product\/5690","targetHints":{"allow":["GET"]}}],"collection":[{"href":"https:\/\/med.tattoo\/de\/wp-json\/wp\/v2\/product"}],"about":[{"href":"https:\/\/med.tattoo\/de\/wp-json\/wp\/v2\/types\/product"}],"replies":[{"embeddable":true,"href":"https:\/\/med.tattoo\/de\/wp-json\/wp\/v2\/comments?post=5690"}],"wp:featuredmedia":[{"embeddable":true,"href":"https:\/\/med.tattoo\/de\/wp-json\/wp\/v2\/media\/8713"}],"wp:attachment":[{"href":"https:\/\/med.tattoo\/de\/wp-json\/wp\/v2\/media?parent=5690"}],"wp:term":[{"taxonomy":"product_brand","embeddable":true,"href":"https:\/\/med.tattoo\/de\/wp-json\/wp\/v2\/product_brand?post=5690"},{"taxonomy":"product_cat","embeddable":true,"href":"https:\/\/med.tattoo\/de\/wp-json\/wp\/v2\/product_cat?post=5690"},{"taxonomy":"product_tag","embeddable":true,"href":"https:\/\/med.tattoo\/de\/wp-json\/wp\/v2\/product_tag?post=5690"}],"curies":[{"name":"wp","href":"https:\/\/api.w.org\/{rel}","templated":true}]}}