{"id":5783,"date":"2021-08-20T10:45:35","date_gmt":"2021-08-20T08:45:35","guid":{"rendered":"https:\/\/med.tattoo\/produkt\/med-tattoo-color-booster-pflegeoel-fuer-tattoos-100ml\/"},"modified":"2025-05-15T09:33:50","modified_gmt":"2025-05-15T07:33:50","slug":"med-tattoo-color-booster-pflegeoel-fuer-tattoos-100ml","status":"publish","type":"product","link":"https:\/\/med.tattoo\/de\/produkt\/med-tattoo-color-booster-pflegeoel-fuer-tattoos-100ml\/","title":{"rendered":"MED.TATTOO COLOR BOOSTER &#8211; Pflege\u00f6l f\u00fcr Tattoos 100ml"},"content":{"rendered":"<p>Tattoo-Pflege und Booster-\u00d6l mit Ringelblumenextrakt<\/p>\n<p>Calendula-\u00d6l zur Pflege und Verbesserung von T\u00e4towierungen<\/p>\n<p>Eine sorgf\u00e4ltig ausgew\u00e4hlte Komposition pflanzlicher \u00d6le, angereichert mit Calendula- und Kamillenextrakten und Vitamin E<br \/>\uf0fc n\u00e4hrt und gl\u00e4ttet, f\u00f6rdert die Hautregeneration<br \/>\uf0fc spendet der Haut intensiv Feuchtigkeit, sch\u00fctzt sie vor dem Austrocknen<br \/>\uf0fc verbessert die Durchblutung,<br \/>\uf0fc wirkt antibakteriell, desinfizierend und beruhigend<br \/>\uf0fc zieht perfekt ein,<br \/>\uf0fc hinterl\u00e4sst einen Schutzfilm ohne fettiges Gef\u00fchl.<br \/>.<br \/>Bei Raumtemperatur lagern; Sonnenlicht vermeiden<br \/>Verpackung: Zerst\u00e4uber 100ml  <\/p>\n<p>Anwendung: reiben Sie kleine Mengen \u00d6l ein &#8211; klopfen Sie es sanft auf die t\u00e4towierte Haut  <\/p>\n<p>Bei Raumtemperatur aufbewahren<\/p>\n<p>Zutaten: Olea Europea (Olive) Fruit Oil (and) Callendula Officinalis Flower Extract, Prunus amygdalus Dulcis (Sweeet Almond) Oil, , Simmondsia Chinensis (Jojoba) Seed Oil, Macademia Ternifolia Seed Oil, Persea Gratissima (Avocado) Oil, Amarantus cruentus Oil, Tocopheryl Acetate,Chamomilla Recuita Extract Parfum.<\/p>\n<p>die angegebene Liste der Inhaltsstoffe dem aktuellen Stand der Herstellung entspricht<\/p>\n","protected":false},"excerpt":{"rendered":"<p>Tattoo-Pflege und Booster-\u00d6l mit Ringelblumenextrakt Calendula-\u00d6l zur Pflege und Verbesserung von T\u00e4towierungen Eine sorgf\u00e4ltig ausgew\u00e4hlte Komposition pflanzlicher \u00d6le, angereichert mit Calendula- und Kamillenextrakten und Vitamin E\uf0fc n\u00e4hrt und gl\u00e4ttet, f\u00f6rdert die Hautregeneration\uf0fc spendet der Haut intensiv Feuchtigkeit, sch\u00fctzt sie vor dem Austrocknen\uf0fc verbessert die Durchblutung,\uf0fc wirkt antibakteriell, desinfizierend und beruhigend\uf0fc zieht perfekt ein,\uf0fc hinterl\u00e4sst einen [&hellip;]<\/p>\n","protected":false},"featured_media":10721,"comment_status":"open","ping_status":"closed","template":"","meta":{"site-sidebar-layout":"default","site-content-layout":"content-boxed-container","ast-site-content-layout":"default","site-content-style":"default","site-sidebar-style":"default","ast-global-header-display":"","ast-banner-title-visibility":"","ast-main-header-display":"","ast-hfb-above-header-display":"","ast-hfb-below-header-display":"","ast-hfb-mobile-header-display":"","site-post-title":"","ast-breadcrumbs-content":"","ast-featured-img":"","footer-sml-layout":"","ast-disable-related-posts":"","theme-transparent-header-meta":"disabled","adv-header-id-meta":"","stick-header-meta":"enabled","header-above-stick-meta":"on","header-main-stick-meta":"on","header-below-stick-meta":"on","astra-migrate-meta-layouts":"default","ast-page-background-enabled":"default","ast-page-background-meta":{"desktop":{"background-color":"var(--ast-global-color-4)","background-image":"","background-repeat":"repeat","background-position":"center center","background-size":"auto","background-attachment":"scroll","background-type":"","background-media":"","overlay-type":"","overlay-color":"","overlay-opacity":"","overlay-gradient":""},"tablet":{"background-color":"","background-image":"","background-repeat":"repeat","background-position":"center center","background-size":"auto","background-attachment":"scroll","background-type":"","background-media":"","overlay-type":"","overlay-color":"","overlay-opacity":"","overlay-gradient":""},"mobile":{"background-color":"","background-image":"","background-repeat":"repeat","background-position":"center center","background-size":"auto","background-attachment":"scroll","background-type":"","background-media":"","overlay-type":"","overlay-color":"","overlay-opacity":"","overlay-gradient":""}},"ast-content-background-meta":{"desktop":{"background-color":"var(--ast-global-color-5)","background-image":"","background-repeat":"repeat","background-position":"center center","background-size":"auto","background-attachment":"scroll","background-type":"","background-media":"","overlay-type":"","overlay-color":"","overlay-opacity":"","overlay-gradient":""},"tablet":{"background-color":"var(--ast-global-color-5)","background-image":"","background-repeat":"repeat","background-position":"center center","background-size":"auto","background-attachment":"scroll","background-type":"","background-media":"","overlay-type":"","overlay-color":"","overlay-opacity":"","overlay-gradient":""},"mobile":{"background-color":"var(--ast-global-color-5)","background-image":"","background-repeat":"repeat","background-position":"center center","background-size":"auto","background-attachment":"scroll","background-type":"","background-media":"","overlay-type":"","overlay-color":"","overlay-opacity":"","overlay-gradient":""}}},"product_brand":[],"product_cat":[55],"product_tag":[],"class_list":{"0":"post-5783","1":"product","2":"type-product","3":"status-publish","4":"has-post-thumbnail","6":"product_cat-med-tattoo-de","7":"desktop-align-left","8":"tablet-align-left","9":"mobile-align-left","10":"ast-product-gallery-layout-horizontal-slider","11":"ast-product-gallery-with-no-image","12":"ast-product-tabs-layout-distributed","14":"first","15":"instock","16":"taxable","17":"shipping-taxable","18":"purchasable","19":"product-type-simple"},"yoast_head":"<!-- This site is optimized with the Yoast SEO plugin v27.4 - https:\/\/yoast.com\/product\/yoast-seo-wordpress\/ -->\n<title>MED.TATTOO COLOR BOOSTER - Pflege\u00f6l f\u00fcr Tattoos 100ml - MED.TATTOO<\/title>\n<meta name=\"robots\" content=\"index, follow, max-snippet:-1, max-image-preview:large, max-video-preview:-1\" \/>\n<link rel=\"canonical\" href=\"https:\/\/med.tattoo\/de\/produkt\/med-tattoo-color-booster-pflegeoel-fuer-tattoos-100ml\/\" \/>\n<meta property=\"og:locale\" content=\"de_DE\" \/>\n<meta property=\"og:type\" content=\"article\" \/>\n<meta property=\"og:title\" content=\"MED.TATTOO COLOR BOOSTER - Pflege\u00f6l f\u00fcr Tattoos 100ml - MED.TATTOO\" \/>\n<meta property=\"og:description\" content=\"Tattoo-Pflege und Booster-\u00d6l mit Ringelblumenextrakt Calendula-\u00d6l zur Pflege und Verbesserung von T\u00e4towierungen Eine sorgf\u00e4ltig ausgew\u00e4hlte Komposition pflanzlicher \u00d6le, angereichert mit Calendula- und Kamillenextrakten und Vitamin E\uf0fc n\u00e4hrt und gl\u00e4ttet, f\u00f6rdert die Hautregeneration\uf0fc spendet der Haut intensiv Feuchtigkeit, sch\u00fctzt sie vor dem Austrocknen\uf0fc verbessert die Durchblutung,\uf0fc wirkt antibakteriell, desinfizierend und beruhigend\uf0fc zieht perfekt ein,\uf0fc hinterl\u00e4sst einen [&hellip;]\" \/>\n<meta property=\"og:url\" content=\"https:\/\/med.tattoo\/de\/produkt\/med-tattoo-color-booster-pflegeoel-fuer-tattoos-100ml\/\" \/>\n<meta property=\"og:site_name\" content=\"MED.TATTOO\" \/>\n<meta property=\"article:publisher\" content=\"https:\/\/www.facebook.com\/profile.php?id=100084366705613\" \/>\n<meta property=\"article:modified_time\" content=\"2025-05-15T07:33:50+00:00\" \/>\n<meta name=\"twitter:card\" content=\"summary_large_image\" \/>\n<meta name=\"twitter:label1\" content=\"Gesch\u00e4tzte Lesezeit\" \/>\n\t<meta name=\"twitter:data1\" content=\"1\u00a0Minute\" \/>\n<script type=\"application\/ld+json\" class=\"yoast-schema-graph\">{\"@context\":\"https:\\\/\\\/schema.org\",\"@graph\":[{\"@type\":\"WebPage\",\"@id\":\"https:\\\/\\\/med.tattoo\\\/de\\\/produkt\\\/med-tattoo-color-booster-pflegeoel-fuer-tattoos-100ml\\\/\",\"url\":\"https:\\\/\\\/med.tattoo\\\/de\\\/produkt\\\/med-tattoo-color-booster-pflegeoel-fuer-tattoos-100ml\\\/\",\"name\":\"MED.TATTOO COLOR BOOSTER - Pflege\u00f6l f\u00fcr Tattoos 100ml - MED.TATTOO\",\"isPartOf\":{\"@id\":\"https:\\\/\\\/med.tattoo\\\/de\\\/#website\"},\"primaryImageOfPage\":{\"@id\":\"https:\\\/\\\/med.tattoo\\\/de\\\/produkt\\\/med-tattoo-color-booster-pflegeoel-fuer-tattoos-100ml\\\/#primaryimage\"},\"image\":{\"@id\":\"https:\\\/\\\/med.tattoo\\\/de\\\/produkt\\\/med-tattoo-color-booster-pflegeoel-fuer-tattoos-100ml\\\/#primaryimage\"},\"thumbnailUrl\":\"https:\\\/\\\/med.tattoo\\\/wp-content\\\/uploads\\\/2025\\\/05\\\/142_med.tattoo-olejek-do-pielegnacji-tatuazu-100ml_1742990451.jpg\",\"datePublished\":\"2021-08-20T08:45:35+00:00\",\"dateModified\":\"2025-05-15T07:33:50+00:00\",\"breadcrumb\":{\"@id\":\"https:\\\/\\\/med.tattoo\\\/de\\\/produkt\\\/med-tattoo-color-booster-pflegeoel-fuer-tattoos-100ml\\\/#breadcrumb\"},\"inLanguage\":\"de\",\"potentialAction\":[{\"@type\":\"ReadAction\",\"target\":[\"https:\\\/\\\/med.tattoo\\\/de\\\/produkt\\\/med-tattoo-color-booster-pflegeoel-fuer-tattoos-100ml\\\/\"]}]},{\"@type\":\"ImageObject\",\"inLanguage\":\"de\",\"@id\":\"https:\\\/\\\/med.tattoo\\\/de\\\/produkt\\\/med-tattoo-color-booster-pflegeoel-fuer-tattoos-100ml\\\/#primaryimage\",\"url\":\"https:\\\/\\\/med.tattoo\\\/wp-content\\\/uploads\\\/2025\\\/05\\\/142_med.tattoo-olejek-do-pielegnacji-tatuazu-100ml_1742990451.jpg\",\"contentUrl\":\"https:\\\/\\\/med.tattoo\\\/wp-content\\\/uploads\\\/2025\\\/05\\\/142_med.tattoo-olejek-do-pielegnacji-tatuazu-100ml_1742990451.jpg\",\"width\":380,\"height\":700},{\"@type\":\"BreadcrumbList\",\"@id\":\"https:\\\/\\\/med.tattoo\\\/de\\\/produkt\\\/med-tattoo-color-booster-pflegeoel-fuer-tattoos-100ml\\\/#breadcrumb\",\"itemListElement\":[{\"@type\":\"ListItem\",\"position\":1,\"name\":\"Strona G\u0142\u00f3wna\",\"item\":\"https:\\\/\\\/med.tattoo\\\/de\\\/\"},{\"@type\":\"ListItem\",\"position\":2,\"name\":\"Shop\",\"item\":\"https:\\\/\\\/med.tattoo\\\/de\\\/shop\\\/\"},{\"@type\":\"ListItem\",\"position\":3,\"name\":\"MED.TATTOO COLOR BOOSTER &#8211; Pflege\u00f6l f\u00fcr Tattoos 100ml\"}]},{\"@type\":\"WebSite\",\"@id\":\"https:\\\/\\\/med.tattoo\\\/de\\\/#website\",\"url\":\"https:\\\/\\\/med.tattoo\\\/de\\\/\",\"name\":\"MED.TATTOO\",\"description\":\"Wszystko dla Twojego tatua\u017cu\",\"publisher\":{\"@id\":\"https:\\\/\\\/med.tattoo\\\/de\\\/#organization\"},\"potentialAction\":[{\"@type\":\"SearchAction\",\"target\":{\"@type\":\"EntryPoint\",\"urlTemplate\":\"https:\\\/\\\/med.tattoo\\\/de\\\/?s={search_term_string}\"},\"query-input\":{\"@type\":\"PropertyValueSpecification\",\"valueRequired\":true,\"valueName\":\"search_term_string\"}}],\"inLanguage\":\"de\"},{\"@type\":\"Organization\",\"@id\":\"https:\\\/\\\/med.tattoo\\\/de\\\/#organization\",\"name\":\"MED.TATTOO\",\"url\":\"https:\\\/\\\/med.tattoo\\\/de\\\/\",\"logo\":{\"@type\":\"ImageObject\",\"inLanguage\":\"de\",\"@id\":\"https:\\\/\\\/med.tattoo\\\/de\\\/#\\\/schema\\\/logo\\\/image\\\/\",\"url\":\"https:\\\/\\\/med.tattoo\\\/wp-content\\\/uploads\\\/2025\\\/05\\\/Bez-tytulu-600S300-px-1-e1658908183800.png\",\"contentUrl\":\"https:\\\/\\\/med.tattoo\\\/wp-content\\\/uploads\\\/2025\\\/05\\\/Bez-tytulu-600S300-px-1-e1658908183800.png\",\"width\":600,\"height\":61,\"caption\":\"MED.TATTOO\"},\"image\":{\"@id\":\"https:\\\/\\\/med.tattoo\\\/de\\\/#\\\/schema\\\/logo\\\/image\\\/\"},\"sameAs\":[\"https:\\\/\\\/www.facebook.com\\\/profile.php?id=100084366705613\",\"https:\\\/\\\/www.instagram.com\\\/med.tattoo_official\\\/\"]}]}<\/script>\n<!-- \/ Yoast SEO plugin. -->","yoast_head_json":{"title":"MED.TATTOO COLOR BOOSTER - Pflege\u00f6l f\u00fcr Tattoos 100ml - MED.TATTOO","robots":{"index":"index","follow":"follow","max-snippet":"max-snippet:-1","max-image-preview":"max-image-preview:large","max-video-preview":"max-video-preview:-1"},"canonical":"https:\/\/med.tattoo\/de\/produkt\/med-tattoo-color-booster-pflegeoel-fuer-tattoos-100ml\/","og_locale":"de_DE","og_type":"article","og_title":"MED.TATTOO COLOR BOOSTER - Pflege\u00f6l f\u00fcr Tattoos 100ml - MED.TATTOO","og_description":"Tattoo-Pflege und Booster-\u00d6l mit Ringelblumenextrakt Calendula-\u00d6l zur Pflege und Verbesserung von T\u00e4towierungen Eine sorgf\u00e4ltig ausgew\u00e4hlte Komposition pflanzlicher \u00d6le, angereichert mit Calendula- und Kamillenextrakten und Vitamin E\uf0fc n\u00e4hrt und gl\u00e4ttet, f\u00f6rdert die Hautregeneration\uf0fc spendet der Haut intensiv Feuchtigkeit, sch\u00fctzt sie vor dem Austrocknen\uf0fc verbessert die Durchblutung,\uf0fc wirkt antibakteriell, desinfizierend und beruhigend\uf0fc zieht perfekt ein,\uf0fc hinterl\u00e4sst einen [&hellip;]","og_url":"https:\/\/med.tattoo\/de\/produkt\/med-tattoo-color-booster-pflegeoel-fuer-tattoos-100ml\/","og_site_name":"MED.TATTOO","article_publisher":"https:\/\/www.facebook.com\/profile.php?id=100084366705613","article_modified_time":"2025-05-15T07:33:50+00:00","twitter_card":"summary_large_image","twitter_misc":{"Gesch\u00e4tzte Lesezeit":"1\u00a0Minute"},"schema":{"@context":"https:\/\/schema.org","@graph":[{"@type":"WebPage","@id":"https:\/\/med.tattoo\/de\/produkt\/med-tattoo-color-booster-pflegeoel-fuer-tattoos-100ml\/","url":"https:\/\/med.tattoo\/de\/produkt\/med-tattoo-color-booster-pflegeoel-fuer-tattoos-100ml\/","name":"MED.TATTOO COLOR BOOSTER - Pflege\u00f6l f\u00fcr Tattoos 100ml - MED.TATTOO","isPartOf":{"@id":"https:\/\/med.tattoo\/de\/#website"},"primaryImageOfPage":{"@id":"https:\/\/med.tattoo\/de\/produkt\/med-tattoo-color-booster-pflegeoel-fuer-tattoos-100ml\/#primaryimage"},"image":{"@id":"https:\/\/med.tattoo\/de\/produkt\/med-tattoo-color-booster-pflegeoel-fuer-tattoos-100ml\/#primaryimage"},"thumbnailUrl":"https:\/\/med.tattoo\/wp-content\/uploads\/2025\/05\/142_med.tattoo-olejek-do-pielegnacji-tatuazu-100ml_1742990451.jpg","datePublished":"2021-08-20T08:45:35+00:00","dateModified":"2025-05-15T07:33:50+00:00","breadcrumb":{"@id":"https:\/\/med.tattoo\/de\/produkt\/med-tattoo-color-booster-pflegeoel-fuer-tattoos-100ml\/#breadcrumb"},"inLanguage":"de","potentialAction":[{"@type":"ReadAction","target":["https:\/\/med.tattoo\/de\/produkt\/med-tattoo-color-booster-pflegeoel-fuer-tattoos-100ml\/"]}]},{"@type":"ImageObject","inLanguage":"de","@id":"https:\/\/med.tattoo\/de\/produkt\/med-tattoo-color-booster-pflegeoel-fuer-tattoos-100ml\/#primaryimage","url":"https:\/\/med.tattoo\/wp-content\/uploads\/2025\/05\/142_med.tattoo-olejek-do-pielegnacji-tatuazu-100ml_1742990451.jpg","contentUrl":"https:\/\/med.tattoo\/wp-content\/uploads\/2025\/05\/142_med.tattoo-olejek-do-pielegnacji-tatuazu-100ml_1742990451.jpg","width":380,"height":700},{"@type":"BreadcrumbList","@id":"https:\/\/med.tattoo\/de\/produkt\/med-tattoo-color-booster-pflegeoel-fuer-tattoos-100ml\/#breadcrumb","itemListElement":[{"@type":"ListItem","position":1,"name":"Strona G\u0142\u00f3wna","item":"https:\/\/med.tattoo\/de\/"},{"@type":"ListItem","position":2,"name":"Shop","item":"https:\/\/med.tattoo\/de\/shop\/"},{"@type":"ListItem","position":3,"name":"MED.TATTOO COLOR BOOSTER &#8211; Pflege\u00f6l f\u00fcr Tattoos 100ml"}]},{"@type":"WebSite","@id":"https:\/\/med.tattoo\/de\/#website","url":"https:\/\/med.tattoo\/de\/","name":"MED.TATTOO","description":"Wszystko dla Twojego tatua\u017cu","publisher":{"@id":"https:\/\/med.tattoo\/de\/#organization"},"potentialAction":[{"@type":"SearchAction","target":{"@type":"EntryPoint","urlTemplate":"https:\/\/med.tattoo\/de\/?s={search_term_string}"},"query-input":{"@type":"PropertyValueSpecification","valueRequired":true,"valueName":"search_term_string"}}],"inLanguage":"de"},{"@type":"Organization","@id":"https:\/\/med.tattoo\/de\/#organization","name":"MED.TATTOO","url":"https:\/\/med.tattoo\/de\/","logo":{"@type":"ImageObject","inLanguage":"de","@id":"https:\/\/med.tattoo\/de\/#\/schema\/logo\/image\/","url":"https:\/\/med.tattoo\/wp-content\/uploads\/2025\/05\/Bez-tytulu-600S300-px-1-e1658908183800.png","contentUrl":"https:\/\/med.tattoo\/wp-content\/uploads\/2025\/05\/Bez-tytulu-600S300-px-1-e1658908183800.png","width":600,"height":61,"caption":"MED.TATTOO"},"image":{"@id":"https:\/\/med.tattoo\/de\/#\/schema\/logo\/image\/"},"sameAs":["https:\/\/www.facebook.com\/profile.php?id=100084366705613","https:\/\/www.instagram.com\/med.tattoo_official\/"]}]}},"_links":{"self":[{"href":"https:\/\/med.tattoo\/de\/wp-json\/wp\/v2\/product\/5783","targetHints":{"allow":["GET"]}}],"collection":[{"href":"https:\/\/med.tattoo\/de\/wp-json\/wp\/v2\/product"}],"about":[{"href":"https:\/\/med.tattoo\/de\/wp-json\/wp\/v2\/types\/product"}],"replies":[{"embeddable":true,"href":"https:\/\/med.tattoo\/de\/wp-json\/wp\/v2\/comments?post=5783"}],"wp:featuredmedia":[{"embeddable":true,"href":"https:\/\/med.tattoo\/de\/wp-json\/wp\/v2\/media\/10721"}],"wp:attachment":[{"href":"https:\/\/med.tattoo\/de\/wp-json\/wp\/v2\/media?parent=5783"}],"wp:term":[{"taxonomy":"product_brand","embeddable":true,"href":"https:\/\/med.tattoo\/de\/wp-json\/wp\/v2\/product_brand?post=5783"},{"taxonomy":"product_cat","embeddable":true,"href":"https:\/\/med.tattoo\/de\/wp-json\/wp\/v2\/product_cat?post=5783"},{"taxonomy":"product_tag","embeddable":true,"href":"https:\/\/med.tattoo\/de\/wp-json\/wp\/v2\/product_tag?post=5783"}],"curies":[{"name":"wp","href":"https:\/\/api.w.org\/{rel}","templated":true}]}}