{"id":5797,"date":"2021-08-20T11:46:22","date_gmt":"2021-08-20T09:46:22","guid":{"rendered":"https:\/\/med.tattoo\/produkt\/med-tattoo-after-tattoo-heilende-tattoo-creme-50ml\/"},"modified":"2025-11-23T23:50:14","modified_gmt":"2025-11-23T22:50:14","slug":"med-tattoo-after-tattoo-heilende-tattoo-creme-50ml","status":"publish","type":"product","link":"https:\/\/med.tattoo\/de\/produkt\/med-tattoo-after-tattoo-heilende-tattoo-creme-50ml\/","title":{"rendered":"MED.TATTOO AFTER TATTOO &#8211; heilende Tattoo-Creme 50ml"},"content":{"rendered":"<p>Tattoo-Heilcreme mit Ringelblumenextrakt<\/p>\n<p>Heilende Tattoo-Creme mit Calendula  <\/p>\n<p>Eine Zusammensetzung aus Olivenextrakt aus Calendulabl\u00fcten, Sheabutter und \u00d6len: Sonnenblume, Jojoba, Avocado, Macadamianuss, Amaranthsamen; reich an unges\u00e4ttigten Fetts\u00e4uren, Phospholipiden, Phytosterolen, Carotinen, Lecithinen, Squalen, den Vitaminen A, E, D, K und PP, Mineralien und Chlorophyll; enth\u00e4lt Panthenol.<br \/>&#8211; hat eine regenerierende, n\u00e4hrende Wirkung,<br \/>&#8211; schmiert und befeuchtet die Haut,<br \/>&#8211; hat eine beruhigende Wirkung auf die zu Irritationen neigende Haut,<br \/>&#8211; verleiht der Haut au\u00dfergew\u00f6hnliche Gl\u00e4tte, Weichheit und Elastizit\u00e4t,<br \/>&#8211; enth\u00e4lt Antioxidantien, die durch die Zerst\u00f6rung freier Radikale die Oxidationsreaktion &#8211; eine der Ursachen der Hautalterung &#8211; verhindern,<br \/>&#8211; sch\u00fctzt vor den Auswirkungen sch\u00e4dlicher atmosph\u00e4rischer Faktoren,<br \/>&#8211; hat einen nat\u00fcrlichen Sonnenschutz.<br \/>\uf0d8 Tragen Sie die Creme auf die gereinigte Haut auf und massieren Sie sie sanft ein.<\/p>\n<p>\uf0d8 empfohlen f\u00fcr die t\u00e4gliche Pflege und Regeneration der Haut, besonders nachts<\/p>\n<p>Bei Raumtemperatur aufbewahren<\/p>\n<p>Anwendung: eine kleine Menge auf die gewaschene, trockene Haut auftragen<br \/>Packung: 50ml  <\/p>\n<p>Zutaten: Agua, Olea Europea (Olive) Fruit Oil (and) Callendula Officinalis Flower Extract, Glycerine, Helianthus Annus Seed Oil, Butyrospermum Parkii Fruit Shea (Karite) Butter, Cetyl Alcohol, Polysorbate 60, Macademia Ternifolia Seed Oil, Persea Gratissima (Avocado) Oil, Simmondsia Chinensis (Jojoba) Seed Oil, Tocopheryl Acetate, Retinol, Ergocalciferol, Panthenol, Lanolin, Amaranthus cruentus Oil, Cera alba, Potassium Sorbate, Diazolidinyl Urea, Sodium Benzoate, , Parfum.<br \/>die angegebene Liste der Inhaltsstoffe entspricht dem aktuellen Stand der Herstellung<\/p>\n","protected":false},"excerpt":{"rendered":"<p>Tattoo-Heilcreme mit Ringelblumenextrakt Heilende Tattoo-Creme mit Calendula Eine Zusammensetzung aus Olivenextrakt aus Calendulabl\u00fcten, Sheabutter und \u00d6len: Sonnenblume, Jojoba, Avocado, Macadamianuss, Amaranthsamen; reich an unges\u00e4ttigten Fetts\u00e4uren, Phospholipiden, Phytosterolen, Carotinen, Lecithinen, Squalen, den Vitaminen A, E, D, K und PP, Mineralien und Chlorophyll; enth\u00e4lt Panthenol.&#8211; hat eine regenerierende, n\u00e4hrende Wirkung,&#8211; schmiert und befeuchtet die Haut,&#8211; hat eine [&hellip;]<\/p>\n","protected":false},"featured_media":10697,"comment_status":"open","ping_status":"closed","template":"","meta":{"site-sidebar-layout":"default","site-content-layout":"content-boxed-container","ast-site-content-layout":"default","site-content-style":"default","site-sidebar-style":"default","ast-global-header-display":"","ast-banner-title-visibility":"","ast-main-header-display":"","ast-hfb-above-header-display":"","ast-hfb-below-header-display":"","ast-hfb-mobile-header-display":"","site-post-title":"","ast-breadcrumbs-content":"","ast-featured-img":"","footer-sml-layout":"","ast-disable-related-posts":"","theme-transparent-header-meta":"disabled","adv-header-id-meta":"","stick-header-meta":"enabled","header-above-stick-meta":"on","header-main-stick-meta":"on","header-below-stick-meta":"on","astra-migrate-meta-layouts":"default","ast-page-background-enabled":"default","ast-page-background-meta":{"desktop":{"background-color":"var(--ast-global-color-4)","background-image":"","background-repeat":"repeat","background-position":"center center","background-size":"auto","background-attachment":"scroll","background-type":"","background-media":"","overlay-type":"","overlay-color":"","overlay-opacity":"","overlay-gradient":""},"tablet":{"background-color":"","background-image":"","background-repeat":"repeat","background-position":"center center","background-size":"auto","background-attachment":"scroll","background-type":"","background-media":"","overlay-type":"","overlay-color":"","overlay-opacity":"","overlay-gradient":""},"mobile":{"background-color":"","background-image":"","background-repeat":"repeat","background-position":"center center","background-size":"auto","background-attachment":"scroll","background-type":"","background-media":"","overlay-type":"","overlay-color":"","overlay-opacity":"","overlay-gradient":""}},"ast-content-background-meta":{"desktop":{"background-color":"var(--ast-global-color-5)","background-image":"","background-repeat":"repeat","background-position":"center center","background-size":"auto","background-attachment":"scroll","background-type":"","background-media":"","overlay-type":"","overlay-color":"","overlay-opacity":"","overlay-gradient":""},"tablet":{"background-color":"var(--ast-global-color-5)","background-image":"","background-repeat":"repeat","background-position":"center center","background-size":"auto","background-attachment":"scroll","background-type":"","background-media":"","overlay-type":"","overlay-color":"","overlay-opacity":"","overlay-gradient":""},"mobile":{"background-color":"var(--ast-global-color-5)","background-image":"","background-repeat":"repeat","background-position":"center center","background-size":"auto","background-attachment":"scroll","background-type":"","background-media":"","overlay-type":"","overlay-color":"","overlay-opacity":"","overlay-gradient":""}}},"product_brand":[],"product_cat":[55],"product_tag":[],"class_list":{"0":"post-5797","1":"product","2":"type-product","3":"status-publish","4":"has-post-thumbnail","6":"product_cat-med-tattoo-de","7":"desktop-align-left","8":"tablet-align-left","9":"mobile-align-left","10":"ast-product-gallery-layout-horizontal-slider","11":"ast-product-gallery-with-no-image","12":"ast-product-tabs-layout-distributed","14":"first","15":"instock","16":"taxable","17":"shipping-taxable","18":"purchasable","19":"product-type-simple"},"yoast_head":"<!-- This site is optimized with the Yoast SEO plugin v27.3 - https:\/\/yoast.com\/product\/yoast-seo-wordpress\/ -->\n<title>MED.TATTOO AFTER TATTOO - heilende Tattoo-Creme 50ml - MED.TATTOO<\/title>\n<meta name=\"robots\" content=\"index, follow, max-snippet:-1, max-image-preview:large, max-video-preview:-1\" \/>\n<link rel=\"canonical\" href=\"https:\/\/med.tattoo\/de\/produkt\/med-tattoo-after-tattoo-heilende-tattoo-creme-50ml\/\" \/>\n<meta property=\"og:locale\" content=\"de_DE\" \/>\n<meta property=\"og:type\" content=\"article\" \/>\n<meta property=\"og:title\" content=\"MED.TATTOO AFTER TATTOO - heilende Tattoo-Creme 50ml - MED.TATTOO\" \/>\n<meta property=\"og:description\" content=\"Tattoo-Heilcreme mit Ringelblumenextrakt Heilende Tattoo-Creme mit Calendula Eine Zusammensetzung aus Olivenextrakt aus Calendulabl\u00fcten, Sheabutter und \u00d6len: Sonnenblume, Jojoba, Avocado, Macadamianuss, Amaranthsamen; reich an unges\u00e4ttigten Fetts\u00e4uren, Phospholipiden, Phytosterolen, Carotinen, Lecithinen, Squalen, den Vitaminen A, E, D, K und PP, Mineralien und Chlorophyll; enth\u00e4lt Panthenol.&#8211; hat eine regenerierende, n\u00e4hrende Wirkung,&#8211; schmiert und befeuchtet die Haut,&#8211; hat eine [&hellip;]\" \/>\n<meta property=\"og:url\" content=\"https:\/\/med.tattoo\/de\/produkt\/med-tattoo-after-tattoo-heilende-tattoo-creme-50ml\/\" \/>\n<meta property=\"og:site_name\" content=\"MED.TATTOO\" \/>\n<meta property=\"article:publisher\" content=\"https:\/\/www.facebook.com\/profile.php?id=100084366705613\" \/>\n<meta property=\"article:modified_time\" content=\"2025-11-23T22:50:14+00:00\" \/>\n<meta name=\"twitter:card\" content=\"summary_large_image\" \/>\n<meta name=\"twitter:label1\" content=\"Gesch\u00e4tzte Lesezeit\" \/>\n\t<meta name=\"twitter:data1\" content=\"1\u00a0Minute\" \/>\n<script type=\"application\/ld+json\" class=\"yoast-schema-graph\">{\"@context\":\"https:\\\/\\\/schema.org\",\"@graph\":[{\"@type\":\"WebPage\",\"@id\":\"https:\\\/\\\/med.tattoo\\\/de\\\/produkt\\\/med-tattoo-after-tattoo-heilende-tattoo-creme-50ml\\\/\",\"url\":\"https:\\\/\\\/med.tattoo\\\/de\\\/produkt\\\/med-tattoo-after-tattoo-heilende-tattoo-creme-50ml\\\/\",\"name\":\"MED.TATTOO AFTER TATTOO - heilende Tattoo-Creme 50ml - MED.TATTOO\",\"isPartOf\":{\"@id\":\"https:\\\/\\\/med.tattoo\\\/de\\\/#website\"},\"primaryImageOfPage\":{\"@id\":\"https:\\\/\\\/med.tattoo\\\/de\\\/produkt\\\/med-tattoo-after-tattoo-heilende-tattoo-creme-50ml\\\/#primaryimage\"},\"image\":{\"@id\":\"https:\\\/\\\/med.tattoo\\\/de\\\/produkt\\\/med-tattoo-after-tattoo-heilende-tattoo-creme-50ml\\\/#primaryimage\"},\"thumbnailUrl\":\"https:\\\/\\\/med.tattoo\\\/wp-content\\\/uploads\\\/2025\\\/05\\\/140_med.tattoo-gojacy-krem-do-tatuazu-50ml_1742990451.jpg\",\"datePublished\":\"2021-08-20T09:46:22+00:00\",\"dateModified\":\"2025-11-23T22:50:14+00:00\",\"breadcrumb\":{\"@id\":\"https:\\\/\\\/med.tattoo\\\/de\\\/produkt\\\/med-tattoo-after-tattoo-heilende-tattoo-creme-50ml\\\/#breadcrumb\"},\"inLanguage\":\"de\",\"potentialAction\":[{\"@type\":\"ReadAction\",\"target\":[\"https:\\\/\\\/med.tattoo\\\/de\\\/produkt\\\/med-tattoo-after-tattoo-heilende-tattoo-creme-50ml\\\/\"]}]},{\"@type\":\"ImageObject\",\"inLanguage\":\"de\",\"@id\":\"https:\\\/\\\/med.tattoo\\\/de\\\/produkt\\\/med-tattoo-after-tattoo-heilende-tattoo-creme-50ml\\\/#primaryimage\",\"url\":\"https:\\\/\\\/med.tattoo\\\/wp-content\\\/uploads\\\/2025\\\/05\\\/140_med.tattoo-gojacy-krem-do-tatuazu-50ml_1742990451.jpg\",\"contentUrl\":\"https:\\\/\\\/med.tattoo\\\/wp-content\\\/uploads\\\/2025\\\/05\\\/140_med.tattoo-gojacy-krem-do-tatuazu-50ml_1742990451.jpg\",\"width\":952,\"height\":700},{\"@type\":\"BreadcrumbList\",\"@id\":\"https:\\\/\\\/med.tattoo\\\/de\\\/produkt\\\/med-tattoo-after-tattoo-heilende-tattoo-creme-50ml\\\/#breadcrumb\",\"itemListElement\":[{\"@type\":\"ListItem\",\"position\":1,\"name\":\"Strona G\u0142\u00f3wna\",\"item\":\"https:\\\/\\\/med.tattoo\\\/de\\\/\"},{\"@type\":\"ListItem\",\"position\":2,\"name\":\"Shop\",\"item\":\"https:\\\/\\\/med.tattoo\\\/de\\\/shop\\\/\"},{\"@type\":\"ListItem\",\"position\":3,\"name\":\"MED.TATTOO AFTER TATTOO &#8211; heilende Tattoo-Creme 50ml\"}]},{\"@type\":\"WebSite\",\"@id\":\"https:\\\/\\\/med.tattoo\\\/de\\\/#website\",\"url\":\"https:\\\/\\\/med.tattoo\\\/de\\\/\",\"name\":\"MED.TATTOO\",\"description\":\"Wszystko dla Twojego tatua\u017cu\",\"publisher\":{\"@id\":\"https:\\\/\\\/med.tattoo\\\/de\\\/#organization\"},\"potentialAction\":[{\"@type\":\"SearchAction\",\"target\":{\"@type\":\"EntryPoint\",\"urlTemplate\":\"https:\\\/\\\/med.tattoo\\\/de\\\/?s={search_term_string}\"},\"query-input\":{\"@type\":\"PropertyValueSpecification\",\"valueRequired\":true,\"valueName\":\"search_term_string\"}}],\"inLanguage\":\"de\"},{\"@type\":\"Organization\",\"@id\":\"https:\\\/\\\/med.tattoo\\\/de\\\/#organization\",\"name\":\"MED.TATTOO\",\"url\":\"https:\\\/\\\/med.tattoo\\\/de\\\/\",\"logo\":{\"@type\":\"ImageObject\",\"inLanguage\":\"de\",\"@id\":\"https:\\\/\\\/med.tattoo\\\/de\\\/#\\\/schema\\\/logo\\\/image\\\/\",\"url\":\"https:\\\/\\\/med.tattoo\\\/wp-content\\\/uploads\\\/2025\\\/05\\\/Bez-tytulu-600S300-px-1-e1658908183800.png\",\"contentUrl\":\"https:\\\/\\\/med.tattoo\\\/wp-content\\\/uploads\\\/2025\\\/05\\\/Bez-tytulu-600S300-px-1-e1658908183800.png\",\"width\":600,\"height\":61,\"caption\":\"MED.TATTOO\"},\"image\":{\"@id\":\"https:\\\/\\\/med.tattoo\\\/de\\\/#\\\/schema\\\/logo\\\/image\\\/\"},\"sameAs\":[\"https:\\\/\\\/www.facebook.com\\\/profile.php?id=100084366705613\",\"https:\\\/\\\/www.instagram.com\\\/med.tattoo_official\\\/\"]}]}<\/script>\n<!-- \/ Yoast SEO plugin. -->","yoast_head_json":{"title":"MED.TATTOO AFTER TATTOO - heilende Tattoo-Creme 50ml - MED.TATTOO","robots":{"index":"index","follow":"follow","max-snippet":"max-snippet:-1","max-image-preview":"max-image-preview:large","max-video-preview":"max-video-preview:-1"},"canonical":"https:\/\/med.tattoo\/de\/produkt\/med-tattoo-after-tattoo-heilende-tattoo-creme-50ml\/","og_locale":"de_DE","og_type":"article","og_title":"MED.TATTOO AFTER TATTOO - heilende Tattoo-Creme 50ml - MED.TATTOO","og_description":"Tattoo-Heilcreme mit Ringelblumenextrakt Heilende Tattoo-Creme mit Calendula Eine Zusammensetzung aus Olivenextrakt aus Calendulabl\u00fcten, Sheabutter und \u00d6len: Sonnenblume, Jojoba, Avocado, Macadamianuss, Amaranthsamen; reich an unges\u00e4ttigten Fetts\u00e4uren, Phospholipiden, Phytosterolen, Carotinen, Lecithinen, Squalen, den Vitaminen A, E, D, K und PP, Mineralien und Chlorophyll; enth\u00e4lt Panthenol.&#8211; hat eine regenerierende, n\u00e4hrende Wirkung,&#8211; schmiert und befeuchtet die Haut,&#8211; hat eine [&hellip;]","og_url":"https:\/\/med.tattoo\/de\/produkt\/med-tattoo-after-tattoo-heilende-tattoo-creme-50ml\/","og_site_name":"MED.TATTOO","article_publisher":"https:\/\/www.facebook.com\/profile.php?id=100084366705613","article_modified_time":"2025-11-23T22:50:14+00:00","twitter_card":"summary_large_image","twitter_misc":{"Gesch\u00e4tzte Lesezeit":"1\u00a0Minute"},"schema":{"@context":"https:\/\/schema.org","@graph":[{"@type":"WebPage","@id":"https:\/\/med.tattoo\/de\/produkt\/med-tattoo-after-tattoo-heilende-tattoo-creme-50ml\/","url":"https:\/\/med.tattoo\/de\/produkt\/med-tattoo-after-tattoo-heilende-tattoo-creme-50ml\/","name":"MED.TATTOO AFTER TATTOO - heilende Tattoo-Creme 50ml - MED.TATTOO","isPartOf":{"@id":"https:\/\/med.tattoo\/de\/#website"},"primaryImageOfPage":{"@id":"https:\/\/med.tattoo\/de\/produkt\/med-tattoo-after-tattoo-heilende-tattoo-creme-50ml\/#primaryimage"},"image":{"@id":"https:\/\/med.tattoo\/de\/produkt\/med-tattoo-after-tattoo-heilende-tattoo-creme-50ml\/#primaryimage"},"thumbnailUrl":"https:\/\/med.tattoo\/wp-content\/uploads\/2025\/05\/140_med.tattoo-gojacy-krem-do-tatuazu-50ml_1742990451.jpg","datePublished":"2021-08-20T09:46:22+00:00","dateModified":"2025-11-23T22:50:14+00:00","breadcrumb":{"@id":"https:\/\/med.tattoo\/de\/produkt\/med-tattoo-after-tattoo-heilende-tattoo-creme-50ml\/#breadcrumb"},"inLanguage":"de","potentialAction":[{"@type":"ReadAction","target":["https:\/\/med.tattoo\/de\/produkt\/med-tattoo-after-tattoo-heilende-tattoo-creme-50ml\/"]}]},{"@type":"ImageObject","inLanguage":"de","@id":"https:\/\/med.tattoo\/de\/produkt\/med-tattoo-after-tattoo-heilende-tattoo-creme-50ml\/#primaryimage","url":"https:\/\/med.tattoo\/wp-content\/uploads\/2025\/05\/140_med.tattoo-gojacy-krem-do-tatuazu-50ml_1742990451.jpg","contentUrl":"https:\/\/med.tattoo\/wp-content\/uploads\/2025\/05\/140_med.tattoo-gojacy-krem-do-tatuazu-50ml_1742990451.jpg","width":952,"height":700},{"@type":"BreadcrumbList","@id":"https:\/\/med.tattoo\/de\/produkt\/med-tattoo-after-tattoo-heilende-tattoo-creme-50ml\/#breadcrumb","itemListElement":[{"@type":"ListItem","position":1,"name":"Strona G\u0142\u00f3wna","item":"https:\/\/med.tattoo\/de\/"},{"@type":"ListItem","position":2,"name":"Shop","item":"https:\/\/med.tattoo\/de\/shop\/"},{"@type":"ListItem","position":3,"name":"MED.TATTOO AFTER TATTOO &#8211; heilende Tattoo-Creme 50ml"}]},{"@type":"WebSite","@id":"https:\/\/med.tattoo\/de\/#website","url":"https:\/\/med.tattoo\/de\/","name":"MED.TATTOO","description":"Wszystko dla Twojego tatua\u017cu","publisher":{"@id":"https:\/\/med.tattoo\/de\/#organization"},"potentialAction":[{"@type":"SearchAction","target":{"@type":"EntryPoint","urlTemplate":"https:\/\/med.tattoo\/de\/?s={search_term_string}"},"query-input":{"@type":"PropertyValueSpecification","valueRequired":true,"valueName":"search_term_string"}}],"inLanguage":"de"},{"@type":"Organization","@id":"https:\/\/med.tattoo\/de\/#organization","name":"MED.TATTOO","url":"https:\/\/med.tattoo\/de\/","logo":{"@type":"ImageObject","inLanguage":"de","@id":"https:\/\/med.tattoo\/de\/#\/schema\/logo\/image\/","url":"https:\/\/med.tattoo\/wp-content\/uploads\/2025\/05\/Bez-tytulu-600S300-px-1-e1658908183800.png","contentUrl":"https:\/\/med.tattoo\/wp-content\/uploads\/2025\/05\/Bez-tytulu-600S300-px-1-e1658908183800.png","width":600,"height":61,"caption":"MED.TATTOO"},"image":{"@id":"https:\/\/med.tattoo\/de\/#\/schema\/logo\/image\/"},"sameAs":["https:\/\/www.facebook.com\/profile.php?id=100084366705613","https:\/\/www.instagram.com\/med.tattoo_official\/"]}]}},"_links":{"self":[{"href":"https:\/\/med.tattoo\/de\/wp-json\/wp\/v2\/product\/5797","targetHints":{"allow":["GET"]}}],"collection":[{"href":"https:\/\/med.tattoo\/de\/wp-json\/wp\/v2\/product"}],"about":[{"href":"https:\/\/med.tattoo\/de\/wp-json\/wp\/v2\/types\/product"}],"replies":[{"embeddable":true,"href":"https:\/\/med.tattoo\/de\/wp-json\/wp\/v2\/comments?post=5797"}],"wp:featuredmedia":[{"embeddable":true,"href":"https:\/\/med.tattoo\/de\/wp-json\/wp\/v2\/media\/10697"}],"wp:attachment":[{"href":"https:\/\/med.tattoo\/de\/wp-json\/wp\/v2\/media?parent=5797"}],"wp:term":[{"taxonomy":"product_brand","embeddable":true,"href":"https:\/\/med.tattoo\/de\/wp-json\/wp\/v2\/product_brand?post=5797"},{"taxonomy":"product_cat","embeddable":true,"href":"https:\/\/med.tattoo\/de\/wp-json\/wp\/v2\/product_cat?post=5797"},{"taxonomy":"product_tag","embeddable":true,"href":"https:\/\/med.tattoo\/de\/wp-json\/wp\/v2\/product_tag?post=5797"}],"curies":[{"name":"wp","href":"https:\/\/api.w.org\/{rel}","templated":true}]}}