{"id":5831,"date":"2021-09-20T11:48:50","date_gmt":"2021-09-20T09:48:50","guid":{"rendered":"https:\/\/med.tattoo\/produkt\/med-tattoo-while-tattooing-weisse-vaseline-500g\/"},"modified":"2025-05-15T09:18:41","modified_gmt":"2025-05-15T07:18:41","slug":"med-tattoo-while-tattooing-weisse-vaseline-500g","status":"publish","type":"product","link":"https:\/\/med.tattoo\/de\/produkt\/med-tattoo-while-tattooing-weisse-vaseline-500g\/","title":{"rendered":"MED.TATTOO WHILE TATTOOING &#8211; Wei\u00dfe Vaseline 500g"},"content":{"rendered":"<p>Reines, nat\u00fcrliches Vaseline\u00f6l. Frei von k\u00fcnstlichen Farbstoffen, Konservierungsmitteln und Duftstoffen. Der Rohstoff wird ausgiebig getestet, um den strengen pharmakop\u00f6ischen Standards zu entsprechen.  <\/p>\n<p>Zweck:<\/p>\n<p>Zur Pflege trockener Haut, um Reizungen zu lindern und vor \u00e4u\u00dferen Einfl\u00fcssen zu sch\u00fctzen. Ideal f\u00fcr kosmetische Eingriffe wie T\u00e4towierungen und die Hautpflege nach Behandlungen wie chemischen Peelings. <\/p>\n<p>Schmiert die Haut und bildet einen undurchl\u00e4ssigen Filter in der Hornschicht, der sie vor Wasserverlust und sch\u00e4dlichen \u00e4u\u00dferen Bedingungen (Wind, Frost, Feuchtigkeit) sch\u00fctzt. Es verhindert das Austrocknen der Haut, f\u00f6rdert die Regeneration der Epidermis und erleichtert die Heilung kleinerer Verletzungen. <\/p>\n","protected":false},"excerpt":{"rendered":"<p>Reines, nat\u00fcrliches Vaseline\u00f6l. Frei von k\u00fcnstlichen Farbstoffen, Konservierungsmitteln und Duftstoffen. Der Rohstoff wird ausgiebig getestet, um den strengen pharmakop\u00f6ischen Standards zu entsprechen. Zweck: Zur Pflege trockener Haut, um Reizungen zu lindern und vor \u00e4u\u00dferen Einfl\u00fcssen zu sch\u00fctzen. Ideal f\u00fcr kosmetische Eingriffe wie T\u00e4towierungen und die Hautpflege nach Behandlungen wie chemischen Peelings. Schmiert die Haut und [&hellip;]<\/p>\n","protected":false},"featured_media":8575,"comment_status":"open","ping_status":"closed","template":"","meta":{"site-sidebar-layout":"default","site-content-layout":"content-boxed-container","ast-site-content-layout":"default","site-content-style":"default","site-sidebar-style":"default","ast-global-header-display":"","ast-banner-title-visibility":"","ast-main-header-display":"","ast-hfb-above-header-display":"","ast-hfb-below-header-display":"","ast-hfb-mobile-header-display":"","site-post-title":"","ast-breadcrumbs-content":"","ast-featured-img":"","footer-sml-layout":"","ast-disable-related-posts":"","theme-transparent-header-meta":"disabled","adv-header-id-meta":"","stick-header-meta":"enabled","header-above-stick-meta":"on","header-main-stick-meta":"on","header-below-stick-meta":"on","astra-migrate-meta-layouts":"default","ast-page-background-enabled":"default","ast-page-background-meta":{"desktop":{"background-color":"var(--ast-global-color-4)","background-image":"","background-repeat":"repeat","background-position":"center center","background-size":"auto","background-attachment":"scroll","background-type":"","background-media":"","overlay-type":"","overlay-color":"","overlay-opacity":"","overlay-gradient":""},"tablet":{"background-color":"","background-image":"","background-repeat":"repeat","background-position":"center center","background-size":"auto","background-attachment":"scroll","background-type":"","background-media":"","overlay-type":"","overlay-color":"","overlay-opacity":"","overlay-gradient":""},"mobile":{"background-color":"","background-image":"","background-repeat":"repeat","background-position":"center center","background-size":"auto","background-attachment":"scroll","background-type":"","background-media":"","overlay-type":"","overlay-color":"","overlay-opacity":"","overlay-gradient":""}},"ast-content-background-meta":{"desktop":{"background-color":"var(--ast-global-color-5)","background-image":"","background-repeat":"repeat","background-position":"center center","background-size":"auto","background-attachment":"scroll","background-type":"","background-media":"","overlay-type":"","overlay-color":"","overlay-opacity":"","overlay-gradient":""},"tablet":{"background-color":"var(--ast-global-color-5)","background-image":"","background-repeat":"repeat","background-position":"center center","background-size":"auto","background-attachment":"scroll","background-type":"","background-media":"","overlay-type":"","overlay-color":"","overlay-opacity":"","overlay-gradient":""},"mobile":{"background-color":"var(--ast-global-color-5)","background-image":"","background-repeat":"repeat","background-position":"center center","background-size":"auto","background-attachment":"scroll","background-type":"","background-media":"","overlay-type":"","overlay-color":"","overlay-opacity":"","overlay-gradient":""}}},"product_brand":[],"product_cat":[55],"product_tag":[],"class_list":{"0":"post-5831","1":"product","2":"type-product","3":"status-publish","4":"has-post-thumbnail","6":"product_cat-med-tattoo-de","7":"desktop-align-left","8":"tablet-align-left","9":"mobile-align-left","10":"ast-product-gallery-layout-horizontal-slider","11":"ast-product-tabs-layout-distributed","13":"first","14":"outofstock","15":"taxable","16":"shipping-taxable","17":"purchasable","18":"product-type-simple"},"yoast_head":"<!-- This site is optimized with the Yoast SEO plugin v27.3 - https:\/\/yoast.com\/product\/yoast-seo-wordpress\/ -->\n<title>MED.TATTOO WHILE TATTOOING - Wei\u00dfe Vaseline 500g - MED.TATTOO<\/title>\n<meta name=\"robots\" content=\"index, follow, max-snippet:-1, max-image-preview:large, max-video-preview:-1\" \/>\n<link rel=\"canonical\" href=\"https:\/\/med.tattoo\/de\/produkt\/med-tattoo-while-tattooing-weisse-vaseline-500g\/\" \/>\n<meta property=\"og:locale\" content=\"de_DE\" \/>\n<meta property=\"og:type\" content=\"article\" \/>\n<meta property=\"og:title\" content=\"MED.TATTOO WHILE TATTOOING - Wei\u00dfe Vaseline 500g - MED.TATTOO\" \/>\n<meta property=\"og:description\" content=\"Reines, nat\u00fcrliches Vaseline\u00f6l. Frei von k\u00fcnstlichen Farbstoffen, Konservierungsmitteln und Duftstoffen. Der Rohstoff wird ausgiebig getestet, um den strengen pharmakop\u00f6ischen Standards zu entsprechen. Zweck: Zur Pflege trockener Haut, um Reizungen zu lindern und vor \u00e4u\u00dferen Einfl\u00fcssen zu sch\u00fctzen. Ideal f\u00fcr kosmetische Eingriffe wie T\u00e4towierungen und die Hautpflege nach Behandlungen wie chemischen Peelings. Schmiert die Haut und [&hellip;]\" \/>\n<meta property=\"og:url\" content=\"https:\/\/med.tattoo\/de\/produkt\/med-tattoo-while-tattooing-weisse-vaseline-500g\/\" \/>\n<meta property=\"og:site_name\" content=\"MED.TATTOO\" \/>\n<meta property=\"article:publisher\" content=\"https:\/\/www.facebook.com\/profile.php?id=100084366705613\" \/>\n<meta property=\"article:modified_time\" content=\"2025-05-15T07:18:41+00:00\" \/>\n<meta property=\"og:image\" content=\"https:\/\/med.tattoo\/wp-content\/uploads\/2025\/05\/87_med.tattoo-wazelina-biala-500g_1742990452.jpg\" \/>\n\t<meta property=\"og:image:width\" content=\"827\" \/>\n\t<meta property=\"og:image:height\" content=\"700\" \/>\n\t<meta property=\"og:image:type\" content=\"image\/jpeg\" \/>\n<meta name=\"twitter:card\" content=\"summary_large_image\" \/>\n<meta name=\"twitter:label1\" content=\"Gesch\u00e4tzte Lesezeit\" \/>\n\t<meta name=\"twitter:data1\" content=\"1\u00a0Minute\" \/>\n<script type=\"application\/ld+json\" class=\"yoast-schema-graph\">{\"@context\":\"https:\\\/\\\/schema.org\",\"@graph\":[{\"@type\":\"WebPage\",\"@id\":\"https:\\\/\\\/med.tattoo\\\/de\\\/produkt\\\/med-tattoo-while-tattooing-weisse-vaseline-500g\\\/\",\"url\":\"https:\\\/\\\/med.tattoo\\\/de\\\/produkt\\\/med-tattoo-while-tattooing-weisse-vaseline-500g\\\/\",\"name\":\"MED.TATTOO WHILE TATTOOING - Wei\u00dfe Vaseline 500g - MED.TATTOO\",\"isPartOf\":{\"@id\":\"https:\\\/\\\/med.tattoo\\\/de\\\/#website\"},\"primaryImageOfPage\":{\"@id\":\"https:\\\/\\\/med.tattoo\\\/de\\\/produkt\\\/med-tattoo-while-tattooing-weisse-vaseline-500g\\\/#primaryimage\"},\"image\":{\"@id\":\"https:\\\/\\\/med.tattoo\\\/de\\\/produkt\\\/med-tattoo-while-tattooing-weisse-vaseline-500g\\\/#primaryimage\"},\"thumbnailUrl\":\"https:\\\/\\\/med.tattoo\\\/wp-content\\\/uploads\\\/2025\\\/05\\\/87_med.tattoo-wazelina-biala-500g_1742990452.jpg\",\"datePublished\":\"2021-09-20T09:48:50+00:00\",\"dateModified\":\"2025-05-15T07:18:41+00:00\",\"breadcrumb\":{\"@id\":\"https:\\\/\\\/med.tattoo\\\/de\\\/produkt\\\/med-tattoo-while-tattooing-weisse-vaseline-500g\\\/#breadcrumb\"},\"inLanguage\":\"de\",\"potentialAction\":[{\"@type\":\"ReadAction\",\"target\":[\"https:\\\/\\\/med.tattoo\\\/de\\\/produkt\\\/med-tattoo-while-tattooing-weisse-vaseline-500g\\\/\"]}]},{\"@type\":\"ImageObject\",\"inLanguage\":\"de\",\"@id\":\"https:\\\/\\\/med.tattoo\\\/de\\\/produkt\\\/med-tattoo-while-tattooing-weisse-vaseline-500g\\\/#primaryimage\",\"url\":\"https:\\\/\\\/med.tattoo\\\/wp-content\\\/uploads\\\/2025\\\/05\\\/87_med.tattoo-wazelina-biala-500g_1742990452.jpg\",\"contentUrl\":\"https:\\\/\\\/med.tattoo\\\/wp-content\\\/uploads\\\/2025\\\/05\\\/87_med.tattoo-wazelina-biala-500g_1742990452.jpg\",\"width\":827,\"height\":700},{\"@type\":\"BreadcrumbList\",\"@id\":\"https:\\\/\\\/med.tattoo\\\/de\\\/produkt\\\/med-tattoo-while-tattooing-weisse-vaseline-500g\\\/#breadcrumb\",\"itemListElement\":[{\"@type\":\"ListItem\",\"position\":1,\"name\":\"Strona G\u0142\u00f3wna\",\"item\":\"https:\\\/\\\/med.tattoo\\\/de\\\/\"},{\"@type\":\"ListItem\",\"position\":2,\"name\":\"Shop\",\"item\":\"https:\\\/\\\/med.tattoo\\\/de\\\/shop\\\/\"},{\"@type\":\"ListItem\",\"position\":3,\"name\":\"MED.TATTOO WHILE TATTOOING &#8211; Wei\u00dfe Vaseline 500g\"}]},{\"@type\":\"WebSite\",\"@id\":\"https:\\\/\\\/med.tattoo\\\/de\\\/#website\",\"url\":\"https:\\\/\\\/med.tattoo\\\/de\\\/\",\"name\":\"MED.TATTOO\",\"description\":\"Wszystko dla Twojego tatua\u017cu\",\"publisher\":{\"@id\":\"https:\\\/\\\/med.tattoo\\\/de\\\/#organization\"},\"potentialAction\":[{\"@type\":\"SearchAction\",\"target\":{\"@type\":\"EntryPoint\",\"urlTemplate\":\"https:\\\/\\\/med.tattoo\\\/de\\\/?s={search_term_string}\"},\"query-input\":{\"@type\":\"PropertyValueSpecification\",\"valueRequired\":true,\"valueName\":\"search_term_string\"}}],\"inLanguage\":\"de\"},{\"@type\":\"Organization\",\"@id\":\"https:\\\/\\\/med.tattoo\\\/de\\\/#organization\",\"name\":\"MED.TATTOO\",\"url\":\"https:\\\/\\\/med.tattoo\\\/de\\\/\",\"logo\":{\"@type\":\"ImageObject\",\"inLanguage\":\"de\",\"@id\":\"https:\\\/\\\/med.tattoo\\\/de\\\/#\\\/schema\\\/logo\\\/image\\\/\",\"url\":\"https:\\\/\\\/med.tattoo\\\/wp-content\\\/uploads\\\/2025\\\/05\\\/Bez-tytulu-600S300-px-1-e1658908183800.png\",\"contentUrl\":\"https:\\\/\\\/med.tattoo\\\/wp-content\\\/uploads\\\/2025\\\/05\\\/Bez-tytulu-600S300-px-1-e1658908183800.png\",\"width\":600,\"height\":61,\"caption\":\"MED.TATTOO\"},\"image\":{\"@id\":\"https:\\\/\\\/med.tattoo\\\/de\\\/#\\\/schema\\\/logo\\\/image\\\/\"},\"sameAs\":[\"https:\\\/\\\/www.facebook.com\\\/profile.php?id=100084366705613\",\"https:\\\/\\\/www.instagram.com\\\/med.tattoo_official\\\/\"]}]}<\/script>\n<!-- \/ Yoast SEO plugin. -->","yoast_head_json":{"title":"MED.TATTOO WHILE TATTOOING - Wei\u00dfe Vaseline 500g - MED.TATTOO","robots":{"index":"index","follow":"follow","max-snippet":"max-snippet:-1","max-image-preview":"max-image-preview:large","max-video-preview":"max-video-preview:-1"},"canonical":"https:\/\/med.tattoo\/de\/produkt\/med-tattoo-while-tattooing-weisse-vaseline-500g\/","og_locale":"de_DE","og_type":"article","og_title":"MED.TATTOO WHILE TATTOOING - Wei\u00dfe Vaseline 500g - MED.TATTOO","og_description":"Reines, nat\u00fcrliches Vaseline\u00f6l. Frei von k\u00fcnstlichen Farbstoffen, Konservierungsmitteln und Duftstoffen. Der Rohstoff wird ausgiebig getestet, um den strengen pharmakop\u00f6ischen Standards zu entsprechen. Zweck: Zur Pflege trockener Haut, um Reizungen zu lindern und vor \u00e4u\u00dferen Einfl\u00fcssen zu sch\u00fctzen. Ideal f\u00fcr kosmetische Eingriffe wie T\u00e4towierungen und die Hautpflege nach Behandlungen wie chemischen Peelings. Schmiert die Haut und [&hellip;]","og_url":"https:\/\/med.tattoo\/de\/produkt\/med-tattoo-while-tattooing-weisse-vaseline-500g\/","og_site_name":"MED.TATTOO","article_publisher":"https:\/\/www.facebook.com\/profile.php?id=100084366705613","article_modified_time":"2025-05-15T07:18:41+00:00","og_image":[{"width":827,"height":700,"url":"https:\/\/med.tattoo\/wp-content\/uploads\/2025\/05\/87_med.tattoo-wazelina-biala-500g_1742990452.jpg","type":"image\/jpeg"}],"twitter_card":"summary_large_image","twitter_misc":{"Gesch\u00e4tzte Lesezeit":"1\u00a0Minute"},"schema":{"@context":"https:\/\/schema.org","@graph":[{"@type":"WebPage","@id":"https:\/\/med.tattoo\/de\/produkt\/med-tattoo-while-tattooing-weisse-vaseline-500g\/","url":"https:\/\/med.tattoo\/de\/produkt\/med-tattoo-while-tattooing-weisse-vaseline-500g\/","name":"MED.TATTOO WHILE TATTOOING - Wei\u00dfe Vaseline 500g - MED.TATTOO","isPartOf":{"@id":"https:\/\/med.tattoo\/de\/#website"},"primaryImageOfPage":{"@id":"https:\/\/med.tattoo\/de\/produkt\/med-tattoo-while-tattooing-weisse-vaseline-500g\/#primaryimage"},"image":{"@id":"https:\/\/med.tattoo\/de\/produkt\/med-tattoo-while-tattooing-weisse-vaseline-500g\/#primaryimage"},"thumbnailUrl":"https:\/\/med.tattoo\/wp-content\/uploads\/2025\/05\/87_med.tattoo-wazelina-biala-500g_1742990452.jpg","datePublished":"2021-09-20T09:48:50+00:00","dateModified":"2025-05-15T07:18:41+00:00","breadcrumb":{"@id":"https:\/\/med.tattoo\/de\/produkt\/med-tattoo-while-tattooing-weisse-vaseline-500g\/#breadcrumb"},"inLanguage":"de","potentialAction":[{"@type":"ReadAction","target":["https:\/\/med.tattoo\/de\/produkt\/med-tattoo-while-tattooing-weisse-vaseline-500g\/"]}]},{"@type":"ImageObject","inLanguage":"de","@id":"https:\/\/med.tattoo\/de\/produkt\/med-tattoo-while-tattooing-weisse-vaseline-500g\/#primaryimage","url":"https:\/\/med.tattoo\/wp-content\/uploads\/2025\/05\/87_med.tattoo-wazelina-biala-500g_1742990452.jpg","contentUrl":"https:\/\/med.tattoo\/wp-content\/uploads\/2025\/05\/87_med.tattoo-wazelina-biala-500g_1742990452.jpg","width":827,"height":700},{"@type":"BreadcrumbList","@id":"https:\/\/med.tattoo\/de\/produkt\/med-tattoo-while-tattooing-weisse-vaseline-500g\/#breadcrumb","itemListElement":[{"@type":"ListItem","position":1,"name":"Strona G\u0142\u00f3wna","item":"https:\/\/med.tattoo\/de\/"},{"@type":"ListItem","position":2,"name":"Shop","item":"https:\/\/med.tattoo\/de\/shop\/"},{"@type":"ListItem","position":3,"name":"MED.TATTOO WHILE TATTOOING &#8211; Wei\u00dfe Vaseline 500g"}]},{"@type":"WebSite","@id":"https:\/\/med.tattoo\/de\/#website","url":"https:\/\/med.tattoo\/de\/","name":"MED.TATTOO","description":"Wszystko dla Twojego tatua\u017cu","publisher":{"@id":"https:\/\/med.tattoo\/de\/#organization"},"potentialAction":[{"@type":"SearchAction","target":{"@type":"EntryPoint","urlTemplate":"https:\/\/med.tattoo\/de\/?s={search_term_string}"},"query-input":{"@type":"PropertyValueSpecification","valueRequired":true,"valueName":"search_term_string"}}],"inLanguage":"de"},{"@type":"Organization","@id":"https:\/\/med.tattoo\/de\/#organization","name":"MED.TATTOO","url":"https:\/\/med.tattoo\/de\/","logo":{"@type":"ImageObject","inLanguage":"de","@id":"https:\/\/med.tattoo\/de\/#\/schema\/logo\/image\/","url":"https:\/\/med.tattoo\/wp-content\/uploads\/2025\/05\/Bez-tytulu-600S300-px-1-e1658908183800.png","contentUrl":"https:\/\/med.tattoo\/wp-content\/uploads\/2025\/05\/Bez-tytulu-600S300-px-1-e1658908183800.png","width":600,"height":61,"caption":"MED.TATTOO"},"image":{"@id":"https:\/\/med.tattoo\/de\/#\/schema\/logo\/image\/"},"sameAs":["https:\/\/www.facebook.com\/profile.php?id=100084366705613","https:\/\/www.instagram.com\/med.tattoo_official\/"]}]}},"_links":{"self":[{"href":"https:\/\/med.tattoo\/de\/wp-json\/wp\/v2\/product\/5831","targetHints":{"allow":["GET"]}}],"collection":[{"href":"https:\/\/med.tattoo\/de\/wp-json\/wp\/v2\/product"}],"about":[{"href":"https:\/\/med.tattoo\/de\/wp-json\/wp\/v2\/types\/product"}],"replies":[{"embeddable":true,"href":"https:\/\/med.tattoo\/de\/wp-json\/wp\/v2\/comments?post=5831"}],"wp:featuredmedia":[{"embeddable":true,"href":"https:\/\/med.tattoo\/de\/wp-json\/wp\/v2\/media\/8575"}],"wp:attachment":[{"href":"https:\/\/med.tattoo\/de\/wp-json\/wp\/v2\/media?parent=5831"}],"wp:term":[{"taxonomy":"product_brand","embeddable":true,"href":"https:\/\/med.tattoo\/de\/wp-json\/wp\/v2\/product_brand?post=5831"},{"taxonomy":"product_cat","embeddable":true,"href":"https:\/\/med.tattoo\/de\/wp-json\/wp\/v2\/product_cat?post=5831"},{"taxonomy":"product_tag","embeddable":true,"href":"https:\/\/med.tattoo\/de\/wp-json\/wp\/v2\/product_tag?post=5831"}],"curies":[{"name":"wp","href":"https:\/\/api.w.org\/{rel}","templated":true}]}}