{"id":9016,"date":"2025-05-15T07:25:49","date_gmt":"2025-05-15T05:25:49","guid":{"rendered":"https:\/\/med.tattoo\/produkt\/alpinuseptol-gruener-tee-5l-flaechendesinfektionsmittel-entspricht-z-b-velox-aerodesin-incidin\/"},"modified":"2025-05-15T07:25:49","modified_gmt":"2025-05-15T05:25:49","slug":"alpinuseptol-gruener-tee-5l-flaechendesinfektionsmittel-entspricht-z-b-velox-aerodesin-incidin","status":"publish","type":"product","link":"https:\/\/med.tattoo\/de\/produkt\/alpinuseptol-gruener-tee-5l-flaechendesinfektionsmittel-entspricht-z-b-velox-aerodesin-incidin\/","title":{"rendered":"Alpinuseptol Gr\u00fcner Tee 5L Fl\u00e4chendesinfektionsmittel (entspricht z.B. Velox, Aerodesin, Incidin)."},"content":{"rendered":"<p>Pr\u00e4parat auf der Basis von Ethyl- und Isopropylalkohol, empfohlen f\u00fcr die schnelle Desinfektion von kleinen und unzug\u00e4nglichen Fl\u00e4chen (z.B. medizinische Ger\u00e4te, Ger\u00e4te in der Gastronomie, im Haushalt, usw.). Dank seiner praktischen Zerst\u00e4uberflasche ist es besonders einfach zu verwenden. <\/p>\n<p>Die Formulierung kann f\u00fcr Gegenst\u00e4nde verwendet werden, die mit Lebensmitteln in Ber\u00fchrung kommen.<\/p>\n<p>EIGENSCHAFTEN:<\/p>\n<p>gebrauchsfertiges Pr\u00e4parat,<br \/>\nkann durch Wischen oder Spr\u00fchen angewendet werden,<br \/>\nwirksam gegen B, F, Tbc, V (Polio, Adeno),<br \/>\nbreites Wirkungsspektrum in nur 15 Sek,<br \/>\ndermatologisch getestet,<br \/>\nfrei von Aldehyden, QAV, Phenolen, Chlor, S\u00e4uren, etc.,<br \/>\nhinterl\u00e4sst keine Flecken, Streifen oder Schlieren,<br \/>\nverf\u00e4rbt die desinfizierten Fl\u00e4chen nicht,<br \/>\nluftdicht versiegelt, damit das Produkt nicht ausl\u00e4uft,<\/p>\n","protected":false},"excerpt":{"rendered":"<p>Pr\u00e4parat auf der Basis von Ethyl- und Isopropylalkohol, empfohlen f\u00fcr die schnelle Desinfektion von kleinen und unzug\u00e4nglichen Fl\u00e4chen (z.B. medizinische Ger\u00e4te, Ger\u00e4te in der Gastronomie, im Haushalt, usw.). Dank seiner praktischen Zerst\u00e4uberflasche ist es besonders einfach zu verwenden. Die Formulierung kann f\u00fcr Gegenst\u00e4nde verwendet werden, die mit Lebensmitteln in Ber\u00fchrung kommen. EIGENSCHAFTEN: gebrauchsfertiges Pr\u00e4parat, kann [&hellip;]<\/p>\n","protected":false},"featured_media":7578,"comment_status":"closed","ping_status":"open","template":"","meta":{"site-sidebar-layout":"default","site-content-layout":"","ast-site-content-layout":"default","site-content-style":"default","site-sidebar-style":"default","ast-global-header-display":"","ast-banner-title-visibility":"","ast-main-header-display":"","ast-hfb-above-header-display":"","ast-hfb-below-header-display":"","ast-hfb-mobile-header-display":"","site-post-title":"","ast-breadcrumbs-content":"","ast-featured-img":"","footer-sml-layout":"","ast-disable-related-posts":"","theme-transparent-header-meta":"","adv-header-id-meta":"","stick-header-meta":"","header-above-stick-meta":"","header-main-stick-meta":"","header-below-stick-meta":"","astra-migrate-meta-layouts":"default","ast-page-background-enabled":"default","ast-page-background-meta":{"desktop":{"background-color":"var(--ast-global-color-4)","background-image":"","background-repeat":"repeat","background-position":"center center","background-size":"auto","background-attachment":"scroll","background-type":"","background-media":"","overlay-type":"","overlay-color":"","overlay-opacity":"","overlay-gradient":""},"tablet":{"background-color":"","background-image":"","background-repeat":"repeat","background-position":"center center","background-size":"auto","background-attachment":"scroll","background-type":"","background-media":"","overlay-type":"","overlay-color":"","overlay-opacity":"","overlay-gradient":""},"mobile":{"background-color":"","background-image":"","background-repeat":"repeat","background-position":"center center","background-size":"auto","background-attachment":"scroll","background-type":"","background-media":"","overlay-type":"","overlay-color":"","overlay-opacity":"","overlay-gradient":""}},"ast-content-background-meta":{"desktop":{"background-color":"var(--ast-global-color-5)","background-image":"","background-repeat":"repeat","background-position":"center center","background-size":"auto","background-attachment":"scroll","background-type":"","background-media":"","overlay-type":"","overlay-color":"","overlay-opacity":"","overlay-gradient":""},"tablet":{"background-color":"var(--ast-global-color-5)","background-image":"","background-repeat":"repeat","background-position":"center center","background-size":"auto","background-attachment":"scroll","background-type":"","background-media":"","overlay-type":"","overlay-color":"","overlay-opacity":"","overlay-gradient":""},"mobile":{"background-color":"var(--ast-global-color-5)","background-image":"","background-repeat":"repeat","background-position":"center center","background-size":"auto","background-attachment":"scroll","background-type":"","background-media":"","overlay-type":"","overlay-color":"","overlay-opacity":"","overlay-gradient":""}}},"product_brand":[],"product_cat":[55],"product_tag":[],"class_list":{"0":"post-9016","1":"product","2":"type-product","3":"status-publish","4":"has-post-thumbnail","6":"product_cat-med-tattoo-de","7":"desktop-align-left","8":"tablet-align-left","9":"mobile-align-left","10":"ast-product-gallery-layout-horizontal-slider","11":"ast-product-gallery-with-no-image","12":"ast-product-tabs-layout-distributed","14":"first","15":"instock","16":"purchasable","17":"product-type-simple"},"yoast_head":"<!-- This site is optimized with the Yoast SEO plugin v27.4 - https:\/\/yoast.com\/product\/yoast-seo-wordpress\/ -->\n<title>Alpinuseptol Gr\u00fcner Tee 5L Fl\u00e4chendesinfektionsmittel (entspricht z.B. Velox, Aerodesin, Incidin). - MED.TATTOO<\/title>\n<meta name=\"robots\" content=\"index, follow, max-snippet:-1, max-image-preview:large, max-video-preview:-1\" \/>\n<link rel=\"canonical\" href=\"https:\/\/med.tattoo\/de\/produkt\/alpinuseptol-gruener-tee-5l-flaechendesinfektionsmittel-entspricht-z-b-velox-aerodesin-incidin\/\" \/>\n<meta property=\"og:locale\" content=\"de_DE\" \/>\n<meta property=\"og:type\" content=\"article\" \/>\n<meta property=\"og:title\" content=\"Alpinuseptol Gr\u00fcner Tee 5L Fl\u00e4chendesinfektionsmittel (entspricht z.B. Velox, Aerodesin, Incidin). - MED.TATTOO\" \/>\n<meta property=\"og:description\" content=\"Pr\u00e4parat auf der Basis von Ethyl- und Isopropylalkohol, empfohlen f\u00fcr die schnelle Desinfektion von kleinen und unzug\u00e4nglichen Fl\u00e4chen (z.B. medizinische Ger\u00e4te, Ger\u00e4te in der Gastronomie, im Haushalt, usw.). Dank seiner praktischen Zerst\u00e4uberflasche ist es besonders einfach zu verwenden. Die Formulierung kann f\u00fcr Gegenst\u00e4nde verwendet werden, die mit Lebensmitteln in Ber\u00fchrung kommen. EIGENSCHAFTEN: gebrauchsfertiges Pr\u00e4parat, kann [&hellip;]\" \/>\n<meta property=\"og:url\" content=\"https:\/\/med.tattoo\/de\/produkt\/alpinuseptol-gruener-tee-5l-flaechendesinfektionsmittel-entspricht-z-b-velox-aerodesin-incidin\/\" \/>\n<meta property=\"og:site_name\" content=\"MED.TATTOO\" \/>\n<meta property=\"article:publisher\" content=\"https:\/\/www.facebook.com\/profile.php?id=100084366705613\" \/>\n<meta name=\"twitter:card\" content=\"summary_large_image\" \/>\n<meta name=\"twitter:label1\" content=\"Gesch\u00e4tzte Lesezeit\" \/>\n\t<meta name=\"twitter:data1\" content=\"1\u00a0Minute\" \/>\n<script type=\"application\/ld+json\" class=\"yoast-schema-graph\">{\"@context\":\"https:\\\/\\\/schema.org\",\"@graph\":[{\"@type\":\"WebPage\",\"@id\":\"https:\\\/\\\/med.tattoo\\\/de\\\/produkt\\\/alpinuseptol-gruener-tee-5l-flaechendesinfektionsmittel-entspricht-z-b-velox-aerodesin-incidin\\\/\",\"url\":\"https:\\\/\\\/med.tattoo\\\/de\\\/produkt\\\/alpinuseptol-gruener-tee-5l-flaechendesinfektionsmittel-entspricht-z-b-velox-aerodesin-incidin\\\/\",\"name\":\"Alpinuseptol Gr\u00fcner Tee 5L Fl\u00e4chendesinfektionsmittel (entspricht z.B. Velox, Aerodesin, Incidin). - MED.TATTOO\",\"isPartOf\":{\"@id\":\"https:\\\/\\\/med.tattoo\\\/de\\\/#website\"},\"primaryImageOfPage\":{\"@id\":\"https:\\\/\\\/med.tattoo\\\/de\\\/produkt\\\/alpinuseptol-gruener-tee-5l-flaechendesinfektionsmittel-entspricht-z-b-velox-aerodesin-incidin\\\/#primaryimage\"},\"image\":{\"@id\":\"https:\\\/\\\/med.tattoo\\\/de\\\/produkt\\\/alpinuseptol-gruener-tee-5l-flaechendesinfektionsmittel-entspricht-z-b-velox-aerodesin-incidin\\\/#primaryimage\"},\"thumbnailUrl\":\"https:\\\/\\\/med.tattoo\\\/wp-content\\\/uploads\\\/2025\\\/05\\\/2122_plyn-do-dezynfekcji-powierzchni-alpinuseptol-g-5l_1744007030.jpg\",\"datePublished\":\"2025-05-15T05:25:49+00:00\",\"breadcrumb\":{\"@id\":\"https:\\\/\\\/med.tattoo\\\/de\\\/produkt\\\/alpinuseptol-gruener-tee-5l-flaechendesinfektionsmittel-entspricht-z-b-velox-aerodesin-incidin\\\/#breadcrumb\"},\"inLanguage\":\"de\",\"potentialAction\":[{\"@type\":\"ReadAction\",\"target\":[\"https:\\\/\\\/med.tattoo\\\/de\\\/produkt\\\/alpinuseptol-gruener-tee-5l-flaechendesinfektionsmittel-entspricht-z-b-velox-aerodesin-incidin\\\/\"]}]},{\"@type\":\"ImageObject\",\"inLanguage\":\"de\",\"@id\":\"https:\\\/\\\/med.tattoo\\\/de\\\/produkt\\\/alpinuseptol-gruener-tee-5l-flaechendesinfektionsmittel-entspricht-z-b-velox-aerodesin-incidin\\\/#primaryimage\",\"url\":\"https:\\\/\\\/med.tattoo\\\/wp-content\\\/uploads\\\/2025\\\/05\\\/2122_plyn-do-dezynfekcji-powierzchni-alpinuseptol-g-5l_1744007030.jpg\",\"contentUrl\":\"https:\\\/\\\/med.tattoo\\\/wp-content\\\/uploads\\\/2025\\\/05\\\/2122_plyn-do-dezynfekcji-powierzchni-alpinuseptol-g-5l_1744007030.jpg\",\"width\":600,\"height\":718},{\"@type\":\"BreadcrumbList\",\"@id\":\"https:\\\/\\\/med.tattoo\\\/de\\\/produkt\\\/alpinuseptol-gruener-tee-5l-flaechendesinfektionsmittel-entspricht-z-b-velox-aerodesin-incidin\\\/#breadcrumb\",\"itemListElement\":[{\"@type\":\"ListItem\",\"position\":1,\"name\":\"Strona G\u0142\u00f3wna\",\"item\":\"https:\\\/\\\/med.tattoo\\\/de\\\/\"},{\"@type\":\"ListItem\",\"position\":2,\"name\":\"Shop\",\"item\":\"https:\\\/\\\/med.tattoo\\\/de\\\/shop\\\/\"},{\"@type\":\"ListItem\",\"position\":3,\"name\":\"Alpinuseptol Gr\u00fcner Tee 5L Fl\u00e4chendesinfektionsmittel (entspricht z.B. Velox, Aerodesin, Incidin).\"}]},{\"@type\":\"WebSite\",\"@id\":\"https:\\\/\\\/med.tattoo\\\/de\\\/#website\",\"url\":\"https:\\\/\\\/med.tattoo\\\/de\\\/\",\"name\":\"MED.TATTOO\",\"description\":\"Wszystko dla Twojego tatua\u017cu\",\"publisher\":{\"@id\":\"https:\\\/\\\/med.tattoo\\\/de\\\/#organization\"},\"potentialAction\":[{\"@type\":\"SearchAction\",\"target\":{\"@type\":\"EntryPoint\",\"urlTemplate\":\"https:\\\/\\\/med.tattoo\\\/de\\\/?s={search_term_string}\"},\"query-input\":{\"@type\":\"PropertyValueSpecification\",\"valueRequired\":true,\"valueName\":\"search_term_string\"}}],\"inLanguage\":\"de\"},{\"@type\":\"Organization\",\"@id\":\"https:\\\/\\\/med.tattoo\\\/de\\\/#organization\",\"name\":\"MED.TATTOO\",\"url\":\"https:\\\/\\\/med.tattoo\\\/de\\\/\",\"logo\":{\"@type\":\"ImageObject\",\"inLanguage\":\"de\",\"@id\":\"https:\\\/\\\/med.tattoo\\\/de\\\/#\\\/schema\\\/logo\\\/image\\\/\",\"url\":\"https:\\\/\\\/med.tattoo\\\/wp-content\\\/uploads\\\/2025\\\/05\\\/Bez-tytulu-600S300-px-1-e1658908183800.png\",\"contentUrl\":\"https:\\\/\\\/med.tattoo\\\/wp-content\\\/uploads\\\/2025\\\/05\\\/Bez-tytulu-600S300-px-1-e1658908183800.png\",\"width\":600,\"height\":61,\"caption\":\"MED.TATTOO\"},\"image\":{\"@id\":\"https:\\\/\\\/med.tattoo\\\/de\\\/#\\\/schema\\\/logo\\\/image\\\/\"},\"sameAs\":[\"https:\\\/\\\/www.facebook.com\\\/profile.php?id=100084366705613\",\"https:\\\/\\\/www.instagram.com\\\/med.tattoo_official\\\/\"]}]}<\/script>\n<!-- \/ Yoast SEO plugin. -->","yoast_head_json":{"title":"Alpinuseptol Gr\u00fcner Tee 5L Fl\u00e4chendesinfektionsmittel (entspricht z.B. Velox, Aerodesin, Incidin). - MED.TATTOO","robots":{"index":"index","follow":"follow","max-snippet":"max-snippet:-1","max-image-preview":"max-image-preview:large","max-video-preview":"max-video-preview:-1"},"canonical":"https:\/\/med.tattoo\/de\/produkt\/alpinuseptol-gruener-tee-5l-flaechendesinfektionsmittel-entspricht-z-b-velox-aerodesin-incidin\/","og_locale":"de_DE","og_type":"article","og_title":"Alpinuseptol Gr\u00fcner Tee 5L Fl\u00e4chendesinfektionsmittel (entspricht z.B. Velox, Aerodesin, Incidin). - MED.TATTOO","og_description":"Pr\u00e4parat auf der Basis von Ethyl- und Isopropylalkohol, empfohlen f\u00fcr die schnelle Desinfektion von kleinen und unzug\u00e4nglichen Fl\u00e4chen (z.B. medizinische Ger\u00e4te, Ger\u00e4te in der Gastronomie, im Haushalt, usw.). Dank seiner praktischen Zerst\u00e4uberflasche ist es besonders einfach zu verwenden. Die Formulierung kann f\u00fcr Gegenst\u00e4nde verwendet werden, die mit Lebensmitteln in Ber\u00fchrung kommen. EIGENSCHAFTEN: gebrauchsfertiges Pr\u00e4parat, kann [&hellip;]","og_url":"https:\/\/med.tattoo\/de\/produkt\/alpinuseptol-gruener-tee-5l-flaechendesinfektionsmittel-entspricht-z-b-velox-aerodesin-incidin\/","og_site_name":"MED.TATTOO","article_publisher":"https:\/\/www.facebook.com\/profile.php?id=100084366705613","twitter_card":"summary_large_image","twitter_misc":{"Gesch\u00e4tzte Lesezeit":"1\u00a0Minute"},"schema":{"@context":"https:\/\/schema.org","@graph":[{"@type":"WebPage","@id":"https:\/\/med.tattoo\/de\/produkt\/alpinuseptol-gruener-tee-5l-flaechendesinfektionsmittel-entspricht-z-b-velox-aerodesin-incidin\/","url":"https:\/\/med.tattoo\/de\/produkt\/alpinuseptol-gruener-tee-5l-flaechendesinfektionsmittel-entspricht-z-b-velox-aerodesin-incidin\/","name":"Alpinuseptol Gr\u00fcner Tee 5L Fl\u00e4chendesinfektionsmittel (entspricht z.B. Velox, Aerodesin, Incidin). - MED.TATTOO","isPartOf":{"@id":"https:\/\/med.tattoo\/de\/#website"},"primaryImageOfPage":{"@id":"https:\/\/med.tattoo\/de\/produkt\/alpinuseptol-gruener-tee-5l-flaechendesinfektionsmittel-entspricht-z-b-velox-aerodesin-incidin\/#primaryimage"},"image":{"@id":"https:\/\/med.tattoo\/de\/produkt\/alpinuseptol-gruener-tee-5l-flaechendesinfektionsmittel-entspricht-z-b-velox-aerodesin-incidin\/#primaryimage"},"thumbnailUrl":"https:\/\/med.tattoo\/wp-content\/uploads\/2025\/05\/2122_plyn-do-dezynfekcji-powierzchni-alpinuseptol-g-5l_1744007030.jpg","datePublished":"2025-05-15T05:25:49+00:00","breadcrumb":{"@id":"https:\/\/med.tattoo\/de\/produkt\/alpinuseptol-gruener-tee-5l-flaechendesinfektionsmittel-entspricht-z-b-velox-aerodesin-incidin\/#breadcrumb"},"inLanguage":"de","potentialAction":[{"@type":"ReadAction","target":["https:\/\/med.tattoo\/de\/produkt\/alpinuseptol-gruener-tee-5l-flaechendesinfektionsmittel-entspricht-z-b-velox-aerodesin-incidin\/"]}]},{"@type":"ImageObject","inLanguage":"de","@id":"https:\/\/med.tattoo\/de\/produkt\/alpinuseptol-gruener-tee-5l-flaechendesinfektionsmittel-entspricht-z-b-velox-aerodesin-incidin\/#primaryimage","url":"https:\/\/med.tattoo\/wp-content\/uploads\/2025\/05\/2122_plyn-do-dezynfekcji-powierzchni-alpinuseptol-g-5l_1744007030.jpg","contentUrl":"https:\/\/med.tattoo\/wp-content\/uploads\/2025\/05\/2122_plyn-do-dezynfekcji-powierzchni-alpinuseptol-g-5l_1744007030.jpg","width":600,"height":718},{"@type":"BreadcrumbList","@id":"https:\/\/med.tattoo\/de\/produkt\/alpinuseptol-gruener-tee-5l-flaechendesinfektionsmittel-entspricht-z-b-velox-aerodesin-incidin\/#breadcrumb","itemListElement":[{"@type":"ListItem","position":1,"name":"Strona G\u0142\u00f3wna","item":"https:\/\/med.tattoo\/de\/"},{"@type":"ListItem","position":2,"name":"Shop","item":"https:\/\/med.tattoo\/de\/shop\/"},{"@type":"ListItem","position":3,"name":"Alpinuseptol Gr\u00fcner Tee 5L Fl\u00e4chendesinfektionsmittel (entspricht z.B. Velox, Aerodesin, Incidin)."}]},{"@type":"WebSite","@id":"https:\/\/med.tattoo\/de\/#website","url":"https:\/\/med.tattoo\/de\/","name":"MED.TATTOO","description":"Wszystko dla Twojego tatua\u017cu","publisher":{"@id":"https:\/\/med.tattoo\/de\/#organization"},"potentialAction":[{"@type":"SearchAction","target":{"@type":"EntryPoint","urlTemplate":"https:\/\/med.tattoo\/de\/?s={search_term_string}"},"query-input":{"@type":"PropertyValueSpecification","valueRequired":true,"valueName":"search_term_string"}}],"inLanguage":"de"},{"@type":"Organization","@id":"https:\/\/med.tattoo\/de\/#organization","name":"MED.TATTOO","url":"https:\/\/med.tattoo\/de\/","logo":{"@type":"ImageObject","inLanguage":"de","@id":"https:\/\/med.tattoo\/de\/#\/schema\/logo\/image\/","url":"https:\/\/med.tattoo\/wp-content\/uploads\/2025\/05\/Bez-tytulu-600S300-px-1-e1658908183800.png","contentUrl":"https:\/\/med.tattoo\/wp-content\/uploads\/2025\/05\/Bez-tytulu-600S300-px-1-e1658908183800.png","width":600,"height":61,"caption":"MED.TATTOO"},"image":{"@id":"https:\/\/med.tattoo\/de\/#\/schema\/logo\/image\/"},"sameAs":["https:\/\/www.facebook.com\/profile.php?id=100084366705613","https:\/\/www.instagram.com\/med.tattoo_official\/"]}]}},"_links":{"self":[{"href":"https:\/\/med.tattoo\/de\/wp-json\/wp\/v2\/product\/9016","targetHints":{"allow":["GET"]}}],"collection":[{"href":"https:\/\/med.tattoo\/de\/wp-json\/wp\/v2\/product"}],"about":[{"href":"https:\/\/med.tattoo\/de\/wp-json\/wp\/v2\/types\/product"}],"replies":[{"embeddable":true,"href":"https:\/\/med.tattoo\/de\/wp-json\/wp\/v2\/comments?post=9016"}],"wp:featuredmedia":[{"embeddable":true,"href":"https:\/\/med.tattoo\/de\/wp-json\/wp\/v2\/media\/7578"}],"wp:attachment":[{"href":"https:\/\/med.tattoo\/de\/wp-json\/wp\/v2\/media?parent=9016"}],"wp:term":[{"taxonomy":"product_brand","embeddable":true,"href":"https:\/\/med.tattoo\/de\/wp-json\/wp\/v2\/product_brand?post=9016"},{"taxonomy":"product_cat","embeddable":true,"href":"https:\/\/med.tattoo\/de\/wp-json\/wp\/v2\/product_cat?post=9016"},{"taxonomy":"product_tag","embeddable":true,"href":"https:\/\/med.tattoo\/de\/wp-json\/wp\/v2\/product_tag?post=9016"}],"curies":[{"name":"wp","href":"https:\/\/api.w.org\/{rel}","templated":true}]}}