{"id":9086,"date":"2025-05-15T07:25:49","date_gmt":"2025-05-15T05:25:49","guid":{"rendered":"https:\/\/med.tattoo\/produkt\/haende-und-flaechendesinfektionsmittel-dual-72-alpinus-5l\/"},"modified":"2025-05-15T07:25:49","modified_gmt":"2025-05-15T05:25:49","slug":"haende-und-flaechendesinfektionsmittel-dual-72-alpinus-5l","status":"publish","type":"product","link":"https:\/\/med.tattoo\/de\/produkt\/haende-und-flaechendesinfektionsmittel-dual-72-alpinus-5l\/","title":{"rendered":"H\u00e4nde- und Fl\u00e4chendesinfektionsmittel DUAL 72 &#8211; ALPINUS 5L"},"content":{"rendered":"<p>DUAL 72 &#8211; ALPINUS MEDICA<\/p>\n<p>Das Produkt ist f\u00fcr die hygienische und chirurgische H\u00e4ndedesinfektion sowie f\u00fcr die Desinfektion von intakter und unver\u00e4nderter Haut geeignet. Es eignet sich auch zur Desinfektion von Fl\u00e4chen, Ger\u00e4ten, Ausr\u00fcstungen und M\u00f6beln, die mit Lebensmitteln in Ber\u00fchrung kommen oder nicht. Vorgesehen f\u00fcr den Einsatz in medizinischen, kosmetischen, Lebensmittel-, institutionellen und Haushaltsbereichen.  <\/p>\n<p>Grundlegende Eigenschaften der Formulierung:<\/p>\n<p>Biozid-Produkt,<br \/>\ngebrauchsfertig &#8211; ohne Verd\u00fcnnung,<br \/>\nenth\u00e4lt eine feuchtigkeitsspendende Formel, so dass es die Haut nicht austrocknet und keine Streifen auf Oberfl\u00e4chen hinterl\u00e4sst,<br \/>\nwirksam gegen Bakterien, Pilze, Mykobakterien und Viren &#8211; einschlie\u00dflich des Coronavirus COVID-19,<br \/>\ngetestet nach den Normen PN-EN 1500 (hygienische H\u00e4ndedesinfektion) und PN-EN 12791 (chirurgische H\u00e4ndedesinfektion),<br \/>\nmit sofortiger und anhaltender Wirkung \u00fcber 3 Stunden.<br \/>\nWirkstoff: Ethanol 72g\/100g.<\/p>\n<p>Handels\u00fcbliche Verpackung:<\/p>\n<p>5000 l Kanister<\/p>\n<p>Maximale Menge von 5L Fl\u00fcssigprodukten bei einer Bestellung von 2 Einheiten.<\/p>\n","protected":false},"excerpt":{"rendered":"<p>DUAL 72 &#8211; ALPINUS MEDICA Das Produkt ist f\u00fcr die hygienische und chirurgische H\u00e4ndedesinfektion sowie f\u00fcr die Desinfektion von intakter und unver\u00e4nderter Haut geeignet. Es eignet sich auch zur Desinfektion von Fl\u00e4chen, Ger\u00e4ten, Ausr\u00fcstungen und M\u00f6beln, die mit Lebensmitteln in Ber\u00fchrung kommen oder nicht. Vorgesehen f\u00fcr den Einsatz in medizinischen, kosmetischen, Lebensmittel-, institutionellen und Haushaltsbereichen. [&hellip;]<\/p>\n","protected":false},"featured_media":7602,"comment_status":"closed","ping_status":"open","template":"","meta":{"site-sidebar-layout":"default","site-content-layout":"","ast-site-content-layout":"default","site-content-style":"default","site-sidebar-style":"default","ast-global-header-display":"","ast-banner-title-visibility":"","ast-main-header-display":"","ast-hfb-above-header-display":"","ast-hfb-below-header-display":"","ast-hfb-mobile-header-display":"","site-post-title":"","ast-breadcrumbs-content":"","ast-featured-img":"","footer-sml-layout":"","ast-disable-related-posts":"","theme-transparent-header-meta":"","adv-header-id-meta":"","stick-header-meta":"","header-above-stick-meta":"","header-main-stick-meta":"","header-below-stick-meta":"","astra-migrate-meta-layouts":"default","ast-page-background-enabled":"default","ast-page-background-meta":{"desktop":{"background-color":"var(--ast-global-color-4)","background-image":"","background-repeat":"repeat","background-position":"center center","background-size":"auto","background-attachment":"scroll","background-type":"","background-media":"","overlay-type":"","overlay-color":"","overlay-opacity":"","overlay-gradient":""},"tablet":{"background-color":"","background-image":"","background-repeat":"repeat","background-position":"center center","background-size":"auto","background-attachment":"scroll","background-type":"","background-media":"","overlay-type":"","overlay-color":"","overlay-opacity":"","overlay-gradient":""},"mobile":{"background-color":"","background-image":"","background-repeat":"repeat","background-position":"center center","background-size":"auto","background-attachment":"scroll","background-type":"","background-media":"","overlay-type":"","overlay-color":"","overlay-opacity":"","overlay-gradient":""}},"ast-content-background-meta":{"desktop":{"background-color":"var(--ast-global-color-5)","background-image":"","background-repeat":"repeat","background-position":"center center","background-size":"auto","background-attachment":"scroll","background-type":"","background-media":"","overlay-type":"","overlay-color":"","overlay-opacity":"","overlay-gradient":""},"tablet":{"background-color":"var(--ast-global-color-5)","background-image":"","background-repeat":"repeat","background-position":"center center","background-size":"auto","background-attachment":"scroll","background-type":"","background-media":"","overlay-type":"","overlay-color":"","overlay-opacity":"","overlay-gradient":""},"mobile":{"background-color":"var(--ast-global-color-5)","background-image":"","background-repeat":"repeat","background-position":"center center","background-size":"auto","background-attachment":"scroll","background-type":"","background-media":"","overlay-type":"","overlay-color":"","overlay-opacity":"","overlay-gradient":""}}},"product_brand":[],"product_cat":[55],"product_tag":[],"class_list":{"0":"post-9086","1":"product","2":"type-product","3":"status-publish","4":"has-post-thumbnail","6":"product_cat-med-tattoo-de","7":"desktop-align-left","8":"tablet-align-left","9":"mobile-align-left","10":"ast-product-gallery-layout-horizontal-slider","11":"ast-product-gallery-with-no-image","12":"ast-product-tabs-layout-distributed","14":"first","15":"instock","16":"purchasable","17":"product-type-simple"},"yoast_head":"<!-- This site is optimized with the Yoast SEO plugin v27.4 - https:\/\/yoast.com\/product\/yoast-seo-wordpress\/ -->\n<title>H\u00e4nde- und Fl\u00e4chendesinfektionsmittel DUAL 72 - ALPINUS 5L - MED.TATTOO<\/title>\n<meta name=\"robots\" content=\"index, follow, max-snippet:-1, max-image-preview:large, max-video-preview:-1\" \/>\n<link rel=\"canonical\" href=\"https:\/\/med.tattoo\/de\/produkt\/haende-und-flaechendesinfektionsmittel-dual-72-alpinus-5l\/\" \/>\n<meta property=\"og:locale\" content=\"de_DE\" \/>\n<meta property=\"og:type\" content=\"article\" \/>\n<meta property=\"og:title\" content=\"H\u00e4nde- und Fl\u00e4chendesinfektionsmittel DUAL 72 - ALPINUS 5L - MED.TATTOO\" \/>\n<meta property=\"og:description\" content=\"DUAL 72 &#8211; ALPINUS MEDICA Das Produkt ist f\u00fcr die hygienische und chirurgische H\u00e4ndedesinfektion sowie f\u00fcr die Desinfektion von intakter und unver\u00e4nderter Haut geeignet. Es eignet sich auch zur Desinfektion von Fl\u00e4chen, Ger\u00e4ten, Ausr\u00fcstungen und M\u00f6beln, die mit Lebensmitteln in Ber\u00fchrung kommen oder nicht. Vorgesehen f\u00fcr den Einsatz in medizinischen, kosmetischen, Lebensmittel-, institutionellen und Haushaltsbereichen. [&hellip;]\" \/>\n<meta property=\"og:url\" content=\"https:\/\/med.tattoo\/de\/produkt\/haende-und-flaechendesinfektionsmittel-dual-72-alpinus-5l\/\" \/>\n<meta property=\"og:site_name\" content=\"MED.TATTOO\" \/>\n<meta property=\"article:publisher\" content=\"https:\/\/www.facebook.com\/profile.php?id=100084366705613\" \/>\n<meta name=\"twitter:card\" content=\"summary_large_image\" \/>\n<meta name=\"twitter:label1\" content=\"Gesch\u00e4tzte Lesezeit\" \/>\n\t<meta name=\"twitter:data1\" content=\"1\u00a0Minute\" \/>\n<script type=\"application\/ld+json\" class=\"yoast-schema-graph\">{\"@context\":\"https:\\\/\\\/schema.org\",\"@graph\":[{\"@type\":\"WebPage\",\"@id\":\"https:\\\/\\\/med.tattoo\\\/de\\\/produkt\\\/haende-und-flaechendesinfektionsmittel-dual-72-alpinus-5l\\\/\",\"url\":\"https:\\\/\\\/med.tattoo\\\/de\\\/produkt\\\/haende-und-flaechendesinfektionsmittel-dual-72-alpinus-5l\\\/\",\"name\":\"H\u00e4nde- und Fl\u00e4chendesinfektionsmittel DUAL 72 - ALPINUS 5L - MED.TATTOO\",\"isPartOf\":{\"@id\":\"https:\\\/\\\/med.tattoo\\\/de\\\/#website\"},\"primaryImageOfPage\":{\"@id\":\"https:\\\/\\\/med.tattoo\\\/de\\\/produkt\\\/haende-und-flaechendesinfektionsmittel-dual-72-alpinus-5l\\\/#primaryimage\"},\"image\":{\"@id\":\"https:\\\/\\\/med.tattoo\\\/de\\\/produkt\\\/haende-und-flaechendesinfektionsmittel-dual-72-alpinus-5l\\\/#primaryimage\"},\"thumbnailUrl\":\"https:\\\/\\\/med.tattoo\\\/wp-content\\\/uploads\\\/2025\\\/05\\\/1638_plyn-do-dezynfekcji-rak-i-powierzchni-dual-72-al_1744007030.jpg\",\"datePublished\":\"2025-05-15T05:25:49+00:00\",\"breadcrumb\":{\"@id\":\"https:\\\/\\\/med.tattoo\\\/de\\\/produkt\\\/haende-und-flaechendesinfektionsmittel-dual-72-alpinus-5l\\\/#breadcrumb\"},\"inLanguage\":\"de\",\"potentialAction\":[{\"@type\":\"ReadAction\",\"target\":[\"https:\\\/\\\/med.tattoo\\\/de\\\/produkt\\\/haende-und-flaechendesinfektionsmittel-dual-72-alpinus-5l\\\/\"]}]},{\"@type\":\"ImageObject\",\"inLanguage\":\"de\",\"@id\":\"https:\\\/\\\/med.tattoo\\\/de\\\/produkt\\\/haende-und-flaechendesinfektionsmittel-dual-72-alpinus-5l\\\/#primaryimage\",\"url\":\"https:\\\/\\\/med.tattoo\\\/wp-content\\\/uploads\\\/2025\\\/05\\\/1638_plyn-do-dezynfekcji-rak-i-powierzchni-dual-72-al_1744007030.jpg\",\"contentUrl\":\"https:\\\/\\\/med.tattoo\\\/wp-content\\\/uploads\\\/2025\\\/05\\\/1638_plyn-do-dezynfekcji-rak-i-powierzchni-dual-72-al_1744007030.jpg\",\"width\":582,\"height\":800},{\"@type\":\"BreadcrumbList\",\"@id\":\"https:\\\/\\\/med.tattoo\\\/de\\\/produkt\\\/haende-und-flaechendesinfektionsmittel-dual-72-alpinus-5l\\\/#breadcrumb\",\"itemListElement\":[{\"@type\":\"ListItem\",\"position\":1,\"name\":\"Strona G\u0142\u00f3wna\",\"item\":\"https:\\\/\\\/med.tattoo\\\/de\\\/\"},{\"@type\":\"ListItem\",\"position\":2,\"name\":\"Shop\",\"item\":\"https:\\\/\\\/med.tattoo\\\/de\\\/shop\\\/\"},{\"@type\":\"ListItem\",\"position\":3,\"name\":\"H\u00e4nde- und Fl\u00e4chendesinfektionsmittel DUAL 72 &#8211; ALPINUS 5L\"}]},{\"@type\":\"WebSite\",\"@id\":\"https:\\\/\\\/med.tattoo\\\/de\\\/#website\",\"url\":\"https:\\\/\\\/med.tattoo\\\/de\\\/\",\"name\":\"MED.TATTOO\",\"description\":\"Wszystko dla Twojego tatua\u017cu\",\"publisher\":{\"@id\":\"https:\\\/\\\/med.tattoo\\\/de\\\/#organization\"},\"potentialAction\":[{\"@type\":\"SearchAction\",\"target\":{\"@type\":\"EntryPoint\",\"urlTemplate\":\"https:\\\/\\\/med.tattoo\\\/de\\\/?s={search_term_string}\"},\"query-input\":{\"@type\":\"PropertyValueSpecification\",\"valueRequired\":true,\"valueName\":\"search_term_string\"}}],\"inLanguage\":\"de\"},{\"@type\":\"Organization\",\"@id\":\"https:\\\/\\\/med.tattoo\\\/de\\\/#organization\",\"name\":\"MED.TATTOO\",\"url\":\"https:\\\/\\\/med.tattoo\\\/de\\\/\",\"logo\":{\"@type\":\"ImageObject\",\"inLanguage\":\"de\",\"@id\":\"https:\\\/\\\/med.tattoo\\\/de\\\/#\\\/schema\\\/logo\\\/image\\\/\",\"url\":\"https:\\\/\\\/med.tattoo\\\/wp-content\\\/uploads\\\/2025\\\/05\\\/Bez-tytulu-600S300-px-1-e1658908183800.png\",\"contentUrl\":\"https:\\\/\\\/med.tattoo\\\/wp-content\\\/uploads\\\/2025\\\/05\\\/Bez-tytulu-600S300-px-1-e1658908183800.png\",\"width\":600,\"height\":61,\"caption\":\"MED.TATTOO\"},\"image\":{\"@id\":\"https:\\\/\\\/med.tattoo\\\/de\\\/#\\\/schema\\\/logo\\\/image\\\/\"},\"sameAs\":[\"https:\\\/\\\/www.facebook.com\\\/profile.php?id=100084366705613\",\"https:\\\/\\\/www.instagram.com\\\/med.tattoo_official\\\/\"]}]}<\/script>\n<!-- \/ Yoast SEO plugin. -->","yoast_head_json":{"title":"H\u00e4nde- und Fl\u00e4chendesinfektionsmittel DUAL 72 - ALPINUS 5L - MED.TATTOO","robots":{"index":"index","follow":"follow","max-snippet":"max-snippet:-1","max-image-preview":"max-image-preview:large","max-video-preview":"max-video-preview:-1"},"canonical":"https:\/\/med.tattoo\/de\/produkt\/haende-und-flaechendesinfektionsmittel-dual-72-alpinus-5l\/","og_locale":"de_DE","og_type":"article","og_title":"H\u00e4nde- und Fl\u00e4chendesinfektionsmittel DUAL 72 - ALPINUS 5L - MED.TATTOO","og_description":"DUAL 72 &#8211; ALPINUS MEDICA Das Produkt ist f\u00fcr die hygienische und chirurgische H\u00e4ndedesinfektion sowie f\u00fcr die Desinfektion von intakter und unver\u00e4nderter Haut geeignet. Es eignet sich auch zur Desinfektion von Fl\u00e4chen, Ger\u00e4ten, Ausr\u00fcstungen und M\u00f6beln, die mit Lebensmitteln in Ber\u00fchrung kommen oder nicht. Vorgesehen f\u00fcr den Einsatz in medizinischen, kosmetischen, Lebensmittel-, institutionellen und Haushaltsbereichen. [&hellip;]","og_url":"https:\/\/med.tattoo\/de\/produkt\/haende-und-flaechendesinfektionsmittel-dual-72-alpinus-5l\/","og_site_name":"MED.TATTOO","article_publisher":"https:\/\/www.facebook.com\/profile.php?id=100084366705613","twitter_card":"summary_large_image","twitter_misc":{"Gesch\u00e4tzte Lesezeit":"1\u00a0Minute"},"schema":{"@context":"https:\/\/schema.org","@graph":[{"@type":"WebPage","@id":"https:\/\/med.tattoo\/de\/produkt\/haende-und-flaechendesinfektionsmittel-dual-72-alpinus-5l\/","url":"https:\/\/med.tattoo\/de\/produkt\/haende-und-flaechendesinfektionsmittel-dual-72-alpinus-5l\/","name":"H\u00e4nde- und Fl\u00e4chendesinfektionsmittel DUAL 72 - ALPINUS 5L - MED.TATTOO","isPartOf":{"@id":"https:\/\/med.tattoo\/de\/#website"},"primaryImageOfPage":{"@id":"https:\/\/med.tattoo\/de\/produkt\/haende-und-flaechendesinfektionsmittel-dual-72-alpinus-5l\/#primaryimage"},"image":{"@id":"https:\/\/med.tattoo\/de\/produkt\/haende-und-flaechendesinfektionsmittel-dual-72-alpinus-5l\/#primaryimage"},"thumbnailUrl":"https:\/\/med.tattoo\/wp-content\/uploads\/2025\/05\/1638_plyn-do-dezynfekcji-rak-i-powierzchni-dual-72-al_1744007030.jpg","datePublished":"2025-05-15T05:25:49+00:00","breadcrumb":{"@id":"https:\/\/med.tattoo\/de\/produkt\/haende-und-flaechendesinfektionsmittel-dual-72-alpinus-5l\/#breadcrumb"},"inLanguage":"de","potentialAction":[{"@type":"ReadAction","target":["https:\/\/med.tattoo\/de\/produkt\/haende-und-flaechendesinfektionsmittel-dual-72-alpinus-5l\/"]}]},{"@type":"ImageObject","inLanguage":"de","@id":"https:\/\/med.tattoo\/de\/produkt\/haende-und-flaechendesinfektionsmittel-dual-72-alpinus-5l\/#primaryimage","url":"https:\/\/med.tattoo\/wp-content\/uploads\/2025\/05\/1638_plyn-do-dezynfekcji-rak-i-powierzchni-dual-72-al_1744007030.jpg","contentUrl":"https:\/\/med.tattoo\/wp-content\/uploads\/2025\/05\/1638_plyn-do-dezynfekcji-rak-i-powierzchni-dual-72-al_1744007030.jpg","width":582,"height":800},{"@type":"BreadcrumbList","@id":"https:\/\/med.tattoo\/de\/produkt\/haende-und-flaechendesinfektionsmittel-dual-72-alpinus-5l\/#breadcrumb","itemListElement":[{"@type":"ListItem","position":1,"name":"Strona G\u0142\u00f3wna","item":"https:\/\/med.tattoo\/de\/"},{"@type":"ListItem","position":2,"name":"Shop","item":"https:\/\/med.tattoo\/de\/shop\/"},{"@type":"ListItem","position":3,"name":"H\u00e4nde- und Fl\u00e4chendesinfektionsmittel DUAL 72 &#8211; ALPINUS 5L"}]},{"@type":"WebSite","@id":"https:\/\/med.tattoo\/de\/#website","url":"https:\/\/med.tattoo\/de\/","name":"MED.TATTOO","description":"Wszystko dla Twojego tatua\u017cu","publisher":{"@id":"https:\/\/med.tattoo\/de\/#organization"},"potentialAction":[{"@type":"SearchAction","target":{"@type":"EntryPoint","urlTemplate":"https:\/\/med.tattoo\/de\/?s={search_term_string}"},"query-input":{"@type":"PropertyValueSpecification","valueRequired":true,"valueName":"search_term_string"}}],"inLanguage":"de"},{"@type":"Organization","@id":"https:\/\/med.tattoo\/de\/#organization","name":"MED.TATTOO","url":"https:\/\/med.tattoo\/de\/","logo":{"@type":"ImageObject","inLanguage":"de","@id":"https:\/\/med.tattoo\/de\/#\/schema\/logo\/image\/","url":"https:\/\/med.tattoo\/wp-content\/uploads\/2025\/05\/Bez-tytulu-600S300-px-1-e1658908183800.png","contentUrl":"https:\/\/med.tattoo\/wp-content\/uploads\/2025\/05\/Bez-tytulu-600S300-px-1-e1658908183800.png","width":600,"height":61,"caption":"MED.TATTOO"},"image":{"@id":"https:\/\/med.tattoo\/de\/#\/schema\/logo\/image\/"},"sameAs":["https:\/\/www.facebook.com\/profile.php?id=100084366705613","https:\/\/www.instagram.com\/med.tattoo_official\/"]}]}},"_links":{"self":[{"href":"https:\/\/med.tattoo\/de\/wp-json\/wp\/v2\/product\/9086","targetHints":{"allow":["GET"]}}],"collection":[{"href":"https:\/\/med.tattoo\/de\/wp-json\/wp\/v2\/product"}],"about":[{"href":"https:\/\/med.tattoo\/de\/wp-json\/wp\/v2\/types\/product"}],"replies":[{"embeddable":true,"href":"https:\/\/med.tattoo\/de\/wp-json\/wp\/v2\/comments?post=9086"}],"wp:featuredmedia":[{"embeddable":true,"href":"https:\/\/med.tattoo\/de\/wp-json\/wp\/v2\/media\/7602"}],"wp:attachment":[{"href":"https:\/\/med.tattoo\/de\/wp-json\/wp\/v2\/media?parent=9086"}],"wp:term":[{"taxonomy":"product_brand","embeddable":true,"href":"https:\/\/med.tattoo\/de\/wp-json\/wp\/v2\/product_brand?post=9086"},{"taxonomy":"product_cat","embeddable":true,"href":"https:\/\/med.tattoo\/de\/wp-json\/wp\/v2\/product_cat?post=9086"},{"taxonomy":"product_tag","embeddable":true,"href":"https:\/\/med.tattoo\/de\/wp-json\/wp\/v2\/product_tag?post=9086"}],"curies":[{"name":"wp","href":"https:\/\/api.w.org\/{rel}","templated":true}]}}