{"id":9134,"date":"2025-05-15T07:25:49","date_gmt":"2025-05-15T05:25:49","guid":{"rendered":"https:\/\/med.tattoo\/produkt\/midi-med-unterlage-50cm-x-50m-blau\/"},"modified":"2025-05-15T07:25:49","modified_gmt":"2025-05-15T05:25:49","slug":"midi-med-unterlage-50cm-x-50m-blau","status":"publish","type":"product","link":"https:\/\/med.tattoo\/de\/produkt\/midi-med-unterlage-50cm-x-50m-blau\/","title":{"rendered":"MIDI-MED Unterlage 50cm x 50m Blau"},"content":{"rendered":"<p>Einweg-Hygienepads werden zum Schutz von Gegenst\u00e4nden in Bereichen verwendet, in denen zus\u00e4tzliche Schutzma\u00dfnahmen ergriffen werden m\u00fcssen, um Hygiene und Sauberkeit zu gew\u00e4hrleisten. Die Pads bestehen aus farbigem Seidenpapier, das mit PE-Folie verst\u00e4rkt ist. <\/p>\n<p>Zweck:<br \/>\nSchutz,<br \/>\nSchutz<\/p>\n<p>Anwendung:<br \/>\nmedizinische Einrichtungen,<br \/>\nSch\u00f6nheitssalons,<br \/>\nHospize,<br \/>\nKrankenh\u00e4user,<br \/>\nNeugeborenenstationen,<br \/>\ngeriatrische Stationen,<br \/>\nWickelauflagen,<br \/>\nBettauflagen,<br \/>\nPflegeheime,<br \/>\ngyn\u00e4kologische Stationen,<br \/>\nPalliativmedizin,<br \/>\nh\u00e4usliche Pflege bettl\u00e4geriger Patienten,<br \/>\nals zus\u00e4tzlicher Schutz von Krankenhausbettw\u00e4sche<\/p>\n<p>Einwegbinden sind ideal f\u00fcr Orte, an denen zus\u00e4tzliche Hygiene im Zusammenhang mit einer T\u00e4tigkeit wie dem Wickeln von Babys erforderlich ist. Sie erf\u00fcllen auch ihren Zweck in gyn\u00e4kologischen Abteilungen f\u00fcr Frauen, z.B. in der postnatalen Phase. Sie sind ein ideales Produkt f\u00fcr Einrichtungen, die bettl\u00e4gerige Patienten oder solche mit Inkontinenzproblemen behandeln.  <\/p>\n<p>Vorteile:<br \/>\nEinweg,<br \/>\nhygienisch,<br \/>\nmit einer Folienschicht verst\u00e4rkt,<br \/>\nschnell und einfach zu wechseln,<br \/>\nverhindert Kreuzinfektionen,<br \/>\nmit Perforation zum einfachen Abrei\u00dfen eines einzelnen Pads,<br \/>\nbreite Farbpalette,<br \/>\nvermittelt ein Gef\u00fchl von Hygiene und Komfort<\/p>\n<p>Technische Daten:<br \/>\neinlagig,<br \/>\nGr\u00f6\u00dfe der einzelnen Unterlage 50 x 50,<\/p>\n<p>Farbe:<br \/>\nwei\u00df,<br \/>\nmedizinisch gr\u00fcn,<br \/>\nblau<\/p>\n","protected":false},"excerpt":{"rendered":"<p>Einweg-Hygienepads werden zum Schutz von Gegenst\u00e4nden in Bereichen verwendet, in denen zus\u00e4tzliche Schutzma\u00dfnahmen ergriffen werden m\u00fcssen, um Hygiene und Sauberkeit zu gew\u00e4hrleisten. Die Pads bestehen aus farbigem Seidenpapier, das mit PE-Folie verst\u00e4rkt ist. Zweck: Schutz, Schutz Anwendung: medizinische Einrichtungen, Sch\u00f6nheitssalons, Hospize, Krankenh\u00e4user, Neugeborenenstationen, geriatrische Stationen, Wickelauflagen, Bettauflagen, Pflegeheime, gyn\u00e4kologische Stationen, Palliativmedizin, h\u00e4usliche Pflege bettl\u00e4geriger Patienten, [&hellip;]<\/p>\n","protected":false},"featured_media":7650,"comment_status":"closed","ping_status":"open","template":"","meta":{"site-sidebar-layout":"default","site-content-layout":"","ast-site-content-layout":"default","site-content-style":"default","site-sidebar-style":"default","ast-global-header-display":"","ast-banner-title-visibility":"","ast-main-header-display":"","ast-hfb-above-header-display":"","ast-hfb-below-header-display":"","ast-hfb-mobile-header-display":"","site-post-title":"","ast-breadcrumbs-content":"","ast-featured-img":"","footer-sml-layout":"","ast-disable-related-posts":"","theme-transparent-header-meta":"","adv-header-id-meta":"","stick-header-meta":"","header-above-stick-meta":"","header-main-stick-meta":"","header-below-stick-meta":"","astra-migrate-meta-layouts":"default","ast-page-background-enabled":"default","ast-page-background-meta":{"desktop":{"background-color":"var(--ast-global-color-4)","background-image":"","background-repeat":"repeat","background-position":"center center","background-size":"auto","background-attachment":"scroll","background-type":"","background-media":"","overlay-type":"","overlay-color":"","overlay-opacity":"","overlay-gradient":""},"tablet":{"background-color":"","background-image":"","background-repeat":"repeat","background-position":"center center","background-size":"auto","background-attachment":"scroll","background-type":"","background-media":"","overlay-type":"","overlay-color":"","overlay-opacity":"","overlay-gradient":""},"mobile":{"background-color":"","background-image":"","background-repeat":"repeat","background-position":"center center","background-size":"auto","background-attachment":"scroll","background-type":"","background-media":"","overlay-type":"","overlay-color":"","overlay-opacity":"","overlay-gradient":""}},"ast-content-background-meta":{"desktop":{"background-color":"var(--ast-global-color-5)","background-image":"","background-repeat":"repeat","background-position":"center center","background-size":"auto","background-attachment":"scroll","background-type":"","background-media":"","overlay-type":"","overlay-color":"","overlay-opacity":"","overlay-gradient":""},"tablet":{"background-color":"var(--ast-global-color-5)","background-image":"","background-repeat":"repeat","background-position":"center center","background-size":"auto","background-attachment":"scroll","background-type":"","background-media":"","overlay-type":"","overlay-color":"","overlay-opacity":"","overlay-gradient":""},"mobile":{"background-color":"var(--ast-global-color-5)","background-image":"","background-repeat":"repeat","background-position":"center center","background-size":"auto","background-attachment":"scroll","background-type":"","background-media":"","overlay-type":"","overlay-color":"","overlay-opacity":"","overlay-gradient":""}}},"product_brand":[],"product_cat":[55],"product_tag":[],"class_list":{"0":"post-9134","1":"product","2":"type-product","3":"status-publish","4":"has-post-thumbnail","6":"product_cat-med-tattoo-de","7":"desktop-align-left","8":"tablet-align-left","9":"mobile-align-left","10":"ast-product-gallery-layout-horizontal-slider","11":"ast-product-gallery-with-no-image","12":"ast-product-tabs-layout-distributed","14":"first","15":"instock","16":"purchasable","17":"product-type-simple"},"yoast_head":"<!-- This site is optimized with the Yoast SEO plugin v27.3 - https:\/\/yoast.com\/product\/yoast-seo-wordpress\/ -->\n<title>MIDI-MED Unterlage 50cm x 50m Blau - MED.TATTOO<\/title>\n<meta name=\"robots\" content=\"index, follow, max-snippet:-1, max-image-preview:large, max-video-preview:-1\" \/>\n<link rel=\"canonical\" href=\"https:\/\/med.tattoo\/de\/produkt\/midi-med-unterlage-50cm-x-50m-blau\/\" \/>\n<meta property=\"og:locale\" content=\"de_DE\" \/>\n<meta property=\"og:type\" content=\"article\" \/>\n<meta property=\"og:title\" content=\"MIDI-MED Unterlage 50cm x 50m Blau - MED.TATTOO\" \/>\n<meta property=\"og:description\" content=\"Einweg-Hygienepads werden zum Schutz von Gegenst\u00e4nden in Bereichen verwendet, in denen zus\u00e4tzliche Schutzma\u00dfnahmen ergriffen werden m\u00fcssen, um Hygiene und Sauberkeit zu gew\u00e4hrleisten. Die Pads bestehen aus farbigem Seidenpapier, das mit PE-Folie verst\u00e4rkt ist. Zweck: Schutz, Schutz Anwendung: medizinische Einrichtungen, Sch\u00f6nheitssalons, Hospize, Krankenh\u00e4user, Neugeborenenstationen, geriatrische Stationen, Wickelauflagen, Bettauflagen, Pflegeheime, gyn\u00e4kologische Stationen, Palliativmedizin, h\u00e4usliche Pflege bettl\u00e4geriger Patienten, [&hellip;]\" \/>\n<meta property=\"og:url\" content=\"https:\/\/med.tattoo\/de\/produkt\/midi-med-unterlage-50cm-x-50m-blau\/\" \/>\n<meta property=\"og:site_name\" content=\"MED.TATTOO\" \/>\n<meta property=\"article:publisher\" content=\"https:\/\/www.facebook.com\/profile.php?id=100084366705613\" \/>\n<meta name=\"twitter:card\" content=\"summary_large_image\" \/>\n<meta name=\"twitter:label1\" content=\"Gesch\u00e4tzte Lesezeit\" \/>\n\t<meta name=\"twitter:data1\" content=\"1\u00a0Minute\" \/>\n<script type=\"application\/ld+json\" class=\"yoast-schema-graph\">{\"@context\":\"https:\\\/\\\/schema.org\",\"@graph\":[{\"@type\":\"WebPage\",\"@id\":\"https:\\\/\\\/med.tattoo\\\/de\\\/produkt\\\/midi-med-unterlage-50cm-x-50m-blau\\\/\",\"url\":\"https:\\\/\\\/med.tattoo\\\/de\\\/produkt\\\/midi-med-unterlage-50cm-x-50m-blau\\\/\",\"name\":\"MIDI-MED Unterlage 50cm x 50m Blau - MED.TATTOO\",\"isPartOf\":{\"@id\":\"https:\\\/\\\/med.tattoo\\\/de\\\/#website\"},\"primaryImageOfPage\":{\"@id\":\"https:\\\/\\\/med.tattoo\\\/de\\\/produkt\\\/midi-med-unterlage-50cm-x-50m-blau\\\/#primaryimage\"},\"image\":{\"@id\":\"https:\\\/\\\/med.tattoo\\\/de\\\/produkt\\\/midi-med-unterlage-50cm-x-50m-blau\\\/#primaryimage\"},\"thumbnailUrl\":\"https:\\\/\\\/med.tattoo\\\/wp-content\\\/uploads\\\/2025\\\/05\\\/2846_podklad-podfoliowany-midi-med-50cm-x-50m-niebieski_1744006856.jpg\",\"datePublished\":\"2025-05-15T05:25:49+00:00\",\"breadcrumb\":{\"@id\":\"https:\\\/\\\/med.tattoo\\\/de\\\/produkt\\\/midi-med-unterlage-50cm-x-50m-blau\\\/#breadcrumb\"},\"inLanguage\":\"de\",\"potentialAction\":[{\"@type\":\"ReadAction\",\"target\":[\"https:\\\/\\\/med.tattoo\\\/de\\\/produkt\\\/midi-med-unterlage-50cm-x-50m-blau\\\/\"]}]},{\"@type\":\"ImageObject\",\"inLanguage\":\"de\",\"@id\":\"https:\\\/\\\/med.tattoo\\\/de\\\/produkt\\\/midi-med-unterlage-50cm-x-50m-blau\\\/#primaryimage\",\"url\":\"https:\\\/\\\/med.tattoo\\\/wp-content\\\/uploads\\\/2025\\\/05\\\/2846_podklad-podfoliowany-midi-med-50cm-x-50m-niebieski_1744006856.jpg\",\"contentUrl\":\"https:\\\/\\\/med.tattoo\\\/wp-content\\\/uploads\\\/2025\\\/05\\\/2846_podklad-podfoliowany-midi-med-50cm-x-50m-niebieski_1744006856.jpg\",\"width\":487,\"height\":962},{\"@type\":\"BreadcrumbList\",\"@id\":\"https:\\\/\\\/med.tattoo\\\/de\\\/produkt\\\/midi-med-unterlage-50cm-x-50m-blau\\\/#breadcrumb\",\"itemListElement\":[{\"@type\":\"ListItem\",\"position\":1,\"name\":\"Strona G\u0142\u00f3wna\",\"item\":\"https:\\\/\\\/med.tattoo\\\/de\\\/\"},{\"@type\":\"ListItem\",\"position\":2,\"name\":\"Shop\",\"item\":\"https:\\\/\\\/med.tattoo\\\/de\\\/shop\\\/\"},{\"@type\":\"ListItem\",\"position\":3,\"name\":\"MIDI-MED Unterlage 50cm x 50m Blau\"}]},{\"@type\":\"WebSite\",\"@id\":\"https:\\\/\\\/med.tattoo\\\/de\\\/#website\",\"url\":\"https:\\\/\\\/med.tattoo\\\/de\\\/\",\"name\":\"MED.TATTOO\",\"description\":\"Wszystko dla Twojego tatua\u017cu\",\"publisher\":{\"@id\":\"https:\\\/\\\/med.tattoo\\\/de\\\/#organization\"},\"potentialAction\":[{\"@type\":\"SearchAction\",\"target\":{\"@type\":\"EntryPoint\",\"urlTemplate\":\"https:\\\/\\\/med.tattoo\\\/de\\\/?s={search_term_string}\"},\"query-input\":{\"@type\":\"PropertyValueSpecification\",\"valueRequired\":true,\"valueName\":\"search_term_string\"}}],\"inLanguage\":\"de\"},{\"@type\":\"Organization\",\"@id\":\"https:\\\/\\\/med.tattoo\\\/de\\\/#organization\",\"name\":\"MED.TATTOO\",\"url\":\"https:\\\/\\\/med.tattoo\\\/de\\\/\",\"logo\":{\"@type\":\"ImageObject\",\"inLanguage\":\"de\",\"@id\":\"https:\\\/\\\/med.tattoo\\\/de\\\/#\\\/schema\\\/logo\\\/image\\\/\",\"url\":\"https:\\\/\\\/med.tattoo\\\/wp-content\\\/uploads\\\/2025\\\/05\\\/Bez-tytulu-600S300-px-1-e1658908183800.png\",\"contentUrl\":\"https:\\\/\\\/med.tattoo\\\/wp-content\\\/uploads\\\/2025\\\/05\\\/Bez-tytulu-600S300-px-1-e1658908183800.png\",\"width\":600,\"height\":61,\"caption\":\"MED.TATTOO\"},\"image\":{\"@id\":\"https:\\\/\\\/med.tattoo\\\/de\\\/#\\\/schema\\\/logo\\\/image\\\/\"},\"sameAs\":[\"https:\\\/\\\/www.facebook.com\\\/profile.php?id=100084366705613\",\"https:\\\/\\\/www.instagram.com\\\/med.tattoo_official\\\/\"]}]}<\/script>\n<!-- \/ Yoast SEO plugin. -->","yoast_head_json":{"title":"MIDI-MED Unterlage 50cm x 50m Blau - MED.TATTOO","robots":{"index":"index","follow":"follow","max-snippet":"max-snippet:-1","max-image-preview":"max-image-preview:large","max-video-preview":"max-video-preview:-1"},"canonical":"https:\/\/med.tattoo\/de\/produkt\/midi-med-unterlage-50cm-x-50m-blau\/","og_locale":"de_DE","og_type":"article","og_title":"MIDI-MED Unterlage 50cm x 50m Blau - MED.TATTOO","og_description":"Einweg-Hygienepads werden zum Schutz von Gegenst\u00e4nden in Bereichen verwendet, in denen zus\u00e4tzliche Schutzma\u00dfnahmen ergriffen werden m\u00fcssen, um Hygiene und Sauberkeit zu gew\u00e4hrleisten. Die Pads bestehen aus farbigem Seidenpapier, das mit PE-Folie verst\u00e4rkt ist. Zweck: Schutz, Schutz Anwendung: medizinische Einrichtungen, Sch\u00f6nheitssalons, Hospize, Krankenh\u00e4user, Neugeborenenstationen, geriatrische Stationen, Wickelauflagen, Bettauflagen, Pflegeheime, gyn\u00e4kologische Stationen, Palliativmedizin, h\u00e4usliche Pflege bettl\u00e4geriger Patienten, [&hellip;]","og_url":"https:\/\/med.tattoo\/de\/produkt\/midi-med-unterlage-50cm-x-50m-blau\/","og_site_name":"MED.TATTOO","article_publisher":"https:\/\/www.facebook.com\/profile.php?id=100084366705613","twitter_card":"summary_large_image","twitter_misc":{"Gesch\u00e4tzte Lesezeit":"1\u00a0Minute"},"schema":{"@context":"https:\/\/schema.org","@graph":[{"@type":"WebPage","@id":"https:\/\/med.tattoo\/de\/produkt\/midi-med-unterlage-50cm-x-50m-blau\/","url":"https:\/\/med.tattoo\/de\/produkt\/midi-med-unterlage-50cm-x-50m-blau\/","name":"MIDI-MED Unterlage 50cm x 50m Blau - MED.TATTOO","isPartOf":{"@id":"https:\/\/med.tattoo\/de\/#website"},"primaryImageOfPage":{"@id":"https:\/\/med.tattoo\/de\/produkt\/midi-med-unterlage-50cm-x-50m-blau\/#primaryimage"},"image":{"@id":"https:\/\/med.tattoo\/de\/produkt\/midi-med-unterlage-50cm-x-50m-blau\/#primaryimage"},"thumbnailUrl":"https:\/\/med.tattoo\/wp-content\/uploads\/2025\/05\/2846_podklad-podfoliowany-midi-med-50cm-x-50m-niebieski_1744006856.jpg","datePublished":"2025-05-15T05:25:49+00:00","breadcrumb":{"@id":"https:\/\/med.tattoo\/de\/produkt\/midi-med-unterlage-50cm-x-50m-blau\/#breadcrumb"},"inLanguage":"de","potentialAction":[{"@type":"ReadAction","target":["https:\/\/med.tattoo\/de\/produkt\/midi-med-unterlage-50cm-x-50m-blau\/"]}]},{"@type":"ImageObject","inLanguage":"de","@id":"https:\/\/med.tattoo\/de\/produkt\/midi-med-unterlage-50cm-x-50m-blau\/#primaryimage","url":"https:\/\/med.tattoo\/wp-content\/uploads\/2025\/05\/2846_podklad-podfoliowany-midi-med-50cm-x-50m-niebieski_1744006856.jpg","contentUrl":"https:\/\/med.tattoo\/wp-content\/uploads\/2025\/05\/2846_podklad-podfoliowany-midi-med-50cm-x-50m-niebieski_1744006856.jpg","width":487,"height":962},{"@type":"BreadcrumbList","@id":"https:\/\/med.tattoo\/de\/produkt\/midi-med-unterlage-50cm-x-50m-blau\/#breadcrumb","itemListElement":[{"@type":"ListItem","position":1,"name":"Strona G\u0142\u00f3wna","item":"https:\/\/med.tattoo\/de\/"},{"@type":"ListItem","position":2,"name":"Shop","item":"https:\/\/med.tattoo\/de\/shop\/"},{"@type":"ListItem","position":3,"name":"MIDI-MED Unterlage 50cm x 50m Blau"}]},{"@type":"WebSite","@id":"https:\/\/med.tattoo\/de\/#website","url":"https:\/\/med.tattoo\/de\/","name":"MED.TATTOO","description":"Wszystko dla Twojego tatua\u017cu","publisher":{"@id":"https:\/\/med.tattoo\/de\/#organization"},"potentialAction":[{"@type":"SearchAction","target":{"@type":"EntryPoint","urlTemplate":"https:\/\/med.tattoo\/de\/?s={search_term_string}"},"query-input":{"@type":"PropertyValueSpecification","valueRequired":true,"valueName":"search_term_string"}}],"inLanguage":"de"},{"@type":"Organization","@id":"https:\/\/med.tattoo\/de\/#organization","name":"MED.TATTOO","url":"https:\/\/med.tattoo\/de\/","logo":{"@type":"ImageObject","inLanguage":"de","@id":"https:\/\/med.tattoo\/de\/#\/schema\/logo\/image\/","url":"https:\/\/med.tattoo\/wp-content\/uploads\/2025\/05\/Bez-tytulu-600S300-px-1-e1658908183800.png","contentUrl":"https:\/\/med.tattoo\/wp-content\/uploads\/2025\/05\/Bez-tytulu-600S300-px-1-e1658908183800.png","width":600,"height":61,"caption":"MED.TATTOO"},"image":{"@id":"https:\/\/med.tattoo\/de\/#\/schema\/logo\/image\/"},"sameAs":["https:\/\/www.facebook.com\/profile.php?id=100084366705613","https:\/\/www.instagram.com\/med.tattoo_official\/"]}]}},"_links":{"self":[{"href":"https:\/\/med.tattoo\/de\/wp-json\/wp\/v2\/product\/9134","targetHints":{"allow":["GET"]}}],"collection":[{"href":"https:\/\/med.tattoo\/de\/wp-json\/wp\/v2\/product"}],"about":[{"href":"https:\/\/med.tattoo\/de\/wp-json\/wp\/v2\/types\/product"}],"replies":[{"embeddable":true,"href":"https:\/\/med.tattoo\/de\/wp-json\/wp\/v2\/comments?post=9134"}],"wp:featuredmedia":[{"embeddable":true,"href":"https:\/\/med.tattoo\/de\/wp-json\/wp\/v2\/media\/7650"}],"wp:attachment":[{"href":"https:\/\/med.tattoo\/de\/wp-json\/wp\/v2\/media?parent=9134"}],"wp:term":[{"taxonomy":"product_brand","embeddable":true,"href":"https:\/\/med.tattoo\/de\/wp-json\/wp\/v2\/product_brand?post=9134"},{"taxonomy":"product_cat","embeddable":true,"href":"https:\/\/med.tattoo\/de\/wp-json\/wp\/v2\/product_cat?post=9134"},{"taxonomy":"product_tag","embeddable":true,"href":"https:\/\/med.tattoo\/de\/wp-json\/wp\/v2\/product_tag?post=9134"}],"curies":[{"name":"wp","href":"https:\/\/api.w.org\/{rel}","templated":true}]}}