{"id":9139,"date":"2025-05-15T07:31:03","date_gmt":"2025-05-15T05:31:03","guid":{"rendered":"https:\/\/med.tattoo\/produkt\/servietten-mit-folie-3345cm-50stueck-rosa\/"},"modified":"2025-05-15T07:31:03","modified_gmt":"2025-05-15T05:31:03","slug":"servietten-mit-folie-3345cm-50stueck-rosa","status":"publish","type":"product","link":"https:\/\/med.tattoo\/de\/produkt\/servietten-mit-folie-3345cm-50stueck-rosa\/","title":{"rendered":"Servietten mit Folie 33*45cm 50St\u00fcck rosa"},"content":{"rendered":"<p>Folienunterlage aus Seidenpapier und Folie, ideal als Schutzunterlage gegen Schmutz und bei kosmetischen Eingriffen, bei denen Feuchtigkeit, Wasser und dichte und klebrige Substanzen vorhanden sind.<br \/>\nUnterlage f\u00fcr den Einsatz in der Kosmetik, Zahnmedizin, Medizin.<\/p>\n<p>Merkmale:<\/p>\n<p>auf der einen Seite befindet sich ein zartes und gleichzeitig starkes Seidenpapier mit dekorativer Pr\u00e4gung und auf der anderen Seite eine zarte Folie, die vor dem Eindringen von Feuchtigkeit sch\u00fctzt,<br \/>\ndie Serviette f\u00fchlt sich zart an,<br \/>\nsch\u00fctzt M\u00f6beloberfl\u00e4chen, Lederbez\u00fcge von Kosmetikst\u00fchlen, Podologie- und Zahnarztst\u00fchle vor N\u00e4sse und Flecken,<br \/>\nServietten werden in der Kosmetik, im Friseurhandwerk, in der Medizin und in der Gastronomie verwendet,<br \/>\nsie zeichnen sich durch eine hohe mechanische Festigkeit aus,<br \/>\ndas Produkt ist beim Amt f\u00fcr die Registrierung von Arzneimitteln, Medizinprodukten und Biozidprodukten registriert (VAT8%)<\/p>\n<p>&#8218; Breite der Sektion &#8211; 33 cm, L\u00e4nge der Sektion &#8211; 45 cm<\/p>\n<p>&#8218; Zwei Lagen Seidenpapier sorgen f\u00fcr eine hervorragende Fl\u00fcssigkeitsaufnahme<\/p>\n<p>&#8218; Filmschicht sch\u00fctzt vor Durchn\u00e4ssung<\/p>\n<p>&#8218; Einweg-Schutzh\u00fcllen bedeuten 100%ige Hygiene w\u00e4hrend der Behandlung und Untersuchung<\/p>\n<p>&#8218; Hauptanwendungsgebiete sind Krankenh\u00e4user, Kliniken und Arztpraxen<\/p>\n","protected":false},"excerpt":{"rendered":"<p>Folienunterlage aus Seidenpapier und Folie, ideal als Schutzunterlage gegen Schmutz und bei kosmetischen Eingriffen, bei denen Feuchtigkeit, Wasser und dichte und klebrige Substanzen vorhanden sind. Unterlage f\u00fcr den Einsatz in der Kosmetik, Zahnmedizin, Medizin. Merkmale: auf der einen Seite befindet sich ein zartes und gleichzeitig starkes Seidenpapier mit dekorativer Pr\u00e4gung und auf der anderen Seite [&hellip;]<\/p>\n","protected":false},"featured_media":8084,"comment_status":"closed","ping_status":"open","template":"","meta":{"site-sidebar-layout":"default","site-content-layout":"","ast-site-content-layout":"default","site-content-style":"default","site-sidebar-style":"default","ast-global-header-display":"","ast-banner-title-visibility":"","ast-main-header-display":"","ast-hfb-above-header-display":"","ast-hfb-below-header-display":"","ast-hfb-mobile-header-display":"","site-post-title":"","ast-breadcrumbs-content":"","ast-featured-img":"","footer-sml-layout":"","ast-disable-related-posts":"","theme-transparent-header-meta":"","adv-header-id-meta":"","stick-header-meta":"","header-above-stick-meta":"","header-main-stick-meta":"","header-below-stick-meta":"","astra-migrate-meta-layouts":"default","ast-page-background-enabled":"default","ast-page-background-meta":{"desktop":{"background-color":"var(--ast-global-color-4)","background-image":"","background-repeat":"repeat","background-position":"center center","background-size":"auto","background-attachment":"scroll","background-type":"","background-media":"","overlay-type":"","overlay-color":"","overlay-opacity":"","overlay-gradient":""},"tablet":{"background-color":"","background-image":"","background-repeat":"repeat","background-position":"center center","background-size":"auto","background-attachment":"scroll","background-type":"","background-media":"","overlay-type":"","overlay-color":"","overlay-opacity":"","overlay-gradient":""},"mobile":{"background-color":"","background-image":"","background-repeat":"repeat","background-position":"center center","background-size":"auto","background-attachment":"scroll","background-type":"","background-media":"","overlay-type":"","overlay-color":"","overlay-opacity":"","overlay-gradient":""}},"ast-content-background-meta":{"desktop":{"background-color":"var(--ast-global-color-5)","background-image":"","background-repeat":"repeat","background-position":"center center","background-size":"auto","background-attachment":"scroll","background-type":"","background-media":"","overlay-type":"","overlay-color":"","overlay-opacity":"","overlay-gradient":""},"tablet":{"background-color":"var(--ast-global-color-5)","background-image":"","background-repeat":"repeat","background-position":"center center","background-size":"auto","background-attachment":"scroll","background-type":"","background-media":"","overlay-type":"","overlay-color":"","overlay-opacity":"","overlay-gradient":""},"mobile":{"background-color":"var(--ast-global-color-5)","background-image":"","background-repeat":"repeat","background-position":"center center","background-size":"auto","background-attachment":"scroll","background-type":"","background-media":"","overlay-type":"","overlay-color":"","overlay-opacity":"","overlay-gradient":""}}},"product_brand":[],"product_cat":[55],"product_tag":[],"class_list":{"0":"post-9139","1":"product","2":"type-product","3":"status-publish","4":"has-post-thumbnail","6":"product_cat-med-tattoo-de","7":"desktop-align-left","8":"tablet-align-left","9":"mobile-align-left","10":"ast-product-gallery-layout-horizontal-slider","11":"ast-product-gallery-with-no-image","12":"ast-product-tabs-layout-distributed","14":"first","15":"outofstock","16":"purchasable","17":"product-type-simple"},"yoast_head":"<!-- This site is optimized with the Yoast SEO plugin v27.3 - https:\/\/yoast.com\/product\/yoast-seo-wordpress\/ -->\n<title>Servietten mit Folie 33*45cm 50St\u00fcck rosa - MED.TATTOO<\/title>\n<meta name=\"robots\" content=\"index, follow, max-snippet:-1, max-image-preview:large, max-video-preview:-1\" \/>\n<link rel=\"canonical\" href=\"https:\/\/med.tattoo\/de\/produkt\/servietten-mit-folie-3345cm-50stueck-rosa\/\" \/>\n<meta property=\"og:locale\" content=\"de_DE\" \/>\n<meta property=\"og:type\" content=\"article\" \/>\n<meta property=\"og:title\" content=\"Servietten mit Folie 33*45cm 50St\u00fcck rosa - MED.TATTOO\" \/>\n<meta property=\"og:description\" content=\"Folienunterlage aus Seidenpapier und Folie, ideal als Schutzunterlage gegen Schmutz und bei kosmetischen Eingriffen, bei denen Feuchtigkeit, Wasser und dichte und klebrige Substanzen vorhanden sind. Unterlage f\u00fcr den Einsatz in der Kosmetik, Zahnmedizin, Medizin. Merkmale: auf der einen Seite befindet sich ein zartes und gleichzeitig starkes Seidenpapier mit dekorativer Pr\u00e4gung und auf der anderen Seite [&hellip;]\" \/>\n<meta property=\"og:url\" content=\"https:\/\/med.tattoo\/de\/produkt\/servietten-mit-folie-3345cm-50stueck-rosa\/\" \/>\n<meta property=\"og:site_name\" content=\"MED.TATTOO\" \/>\n<meta property=\"article:publisher\" content=\"https:\/\/www.facebook.com\/profile.php?id=100084366705613\" \/>\n<meta name=\"twitter:card\" content=\"summary_large_image\" \/>\n<meta name=\"twitter:label1\" content=\"Gesch\u00e4tzte Lesezeit\" \/>\n\t<meta name=\"twitter:data1\" content=\"1\u00a0Minute\" \/>\n<script type=\"application\/ld+json\" class=\"yoast-schema-graph\">{\"@context\":\"https:\\\/\\\/schema.org\",\"@graph\":[{\"@type\":\"WebPage\",\"@id\":\"https:\\\/\\\/med.tattoo\\\/de\\\/produkt\\\/servietten-mit-folie-3345cm-50stueck-rosa\\\/\",\"url\":\"https:\\\/\\\/med.tattoo\\\/de\\\/produkt\\\/servietten-mit-folie-3345cm-50stueck-rosa\\\/\",\"name\":\"Servietten mit Folie 33*45cm 50St\u00fcck rosa - MED.TATTOO\",\"isPartOf\":{\"@id\":\"https:\\\/\\\/med.tattoo\\\/de\\\/#website\"},\"primaryImageOfPage\":{\"@id\":\"https:\\\/\\\/med.tattoo\\\/de\\\/produkt\\\/servietten-mit-folie-3345cm-50stueck-rosa\\\/#primaryimage\"},\"image\":{\"@id\":\"https:\\\/\\\/med.tattoo\\\/de\\\/produkt\\\/servietten-mit-folie-3345cm-50stueck-rosa\\\/#primaryimage\"},\"thumbnailUrl\":\"https:\\\/\\\/med.tattoo\\\/wp-content\\\/uploads\\\/2025\\\/05\\\/1049_serwety-podfoliowane-33-45cm-50szt-rozowe_1744006864.png\",\"datePublished\":\"2025-05-15T05:31:03+00:00\",\"breadcrumb\":{\"@id\":\"https:\\\/\\\/med.tattoo\\\/de\\\/produkt\\\/servietten-mit-folie-3345cm-50stueck-rosa\\\/#breadcrumb\"},\"inLanguage\":\"de\",\"potentialAction\":[{\"@type\":\"ReadAction\",\"target\":[\"https:\\\/\\\/med.tattoo\\\/de\\\/produkt\\\/servietten-mit-folie-3345cm-50stueck-rosa\\\/\"]}]},{\"@type\":\"ImageObject\",\"inLanguage\":\"de\",\"@id\":\"https:\\\/\\\/med.tattoo\\\/de\\\/produkt\\\/servietten-mit-folie-3345cm-50stueck-rosa\\\/#primaryimage\",\"url\":\"https:\\\/\\\/med.tattoo\\\/wp-content\\\/uploads\\\/2025\\\/05\\\/1049_serwety-podfoliowane-33-45cm-50szt-rozowe_1744006864.png\",\"contentUrl\":\"https:\\\/\\\/med.tattoo\\\/wp-content\\\/uploads\\\/2025\\\/05\\\/1049_serwety-podfoliowane-33-45cm-50szt-rozowe_1744006864.png\",\"width\":758,\"height\":563},{\"@type\":\"BreadcrumbList\",\"@id\":\"https:\\\/\\\/med.tattoo\\\/de\\\/produkt\\\/servietten-mit-folie-3345cm-50stueck-rosa\\\/#breadcrumb\",\"itemListElement\":[{\"@type\":\"ListItem\",\"position\":1,\"name\":\"Strona G\u0142\u00f3wna\",\"item\":\"https:\\\/\\\/med.tattoo\\\/de\\\/\"},{\"@type\":\"ListItem\",\"position\":2,\"name\":\"Shop\",\"item\":\"https:\\\/\\\/med.tattoo\\\/de\\\/shop\\\/\"},{\"@type\":\"ListItem\",\"position\":3,\"name\":\"Servietten mit Folie 33*45cm 50St\u00fcck rosa\"}]},{\"@type\":\"WebSite\",\"@id\":\"https:\\\/\\\/med.tattoo\\\/de\\\/#website\",\"url\":\"https:\\\/\\\/med.tattoo\\\/de\\\/\",\"name\":\"MED.TATTOO\",\"description\":\"Wszystko dla Twojego tatua\u017cu\",\"publisher\":{\"@id\":\"https:\\\/\\\/med.tattoo\\\/de\\\/#organization\"},\"potentialAction\":[{\"@type\":\"SearchAction\",\"target\":{\"@type\":\"EntryPoint\",\"urlTemplate\":\"https:\\\/\\\/med.tattoo\\\/de\\\/?s={search_term_string}\"},\"query-input\":{\"@type\":\"PropertyValueSpecification\",\"valueRequired\":true,\"valueName\":\"search_term_string\"}}],\"inLanguage\":\"de\"},{\"@type\":\"Organization\",\"@id\":\"https:\\\/\\\/med.tattoo\\\/de\\\/#organization\",\"name\":\"MED.TATTOO\",\"url\":\"https:\\\/\\\/med.tattoo\\\/de\\\/\",\"logo\":{\"@type\":\"ImageObject\",\"inLanguage\":\"de\",\"@id\":\"https:\\\/\\\/med.tattoo\\\/de\\\/#\\\/schema\\\/logo\\\/image\\\/\",\"url\":\"https:\\\/\\\/med.tattoo\\\/wp-content\\\/uploads\\\/2025\\\/05\\\/Bez-tytulu-600S300-px-1-e1658908183800.png\",\"contentUrl\":\"https:\\\/\\\/med.tattoo\\\/wp-content\\\/uploads\\\/2025\\\/05\\\/Bez-tytulu-600S300-px-1-e1658908183800.png\",\"width\":600,\"height\":61,\"caption\":\"MED.TATTOO\"},\"image\":{\"@id\":\"https:\\\/\\\/med.tattoo\\\/de\\\/#\\\/schema\\\/logo\\\/image\\\/\"},\"sameAs\":[\"https:\\\/\\\/www.facebook.com\\\/profile.php?id=100084366705613\",\"https:\\\/\\\/www.instagram.com\\\/med.tattoo_official\\\/\"]}]}<\/script>\n<!-- \/ Yoast SEO plugin. -->","yoast_head_json":{"title":"Servietten mit Folie 33*45cm 50St\u00fcck rosa - MED.TATTOO","robots":{"index":"index","follow":"follow","max-snippet":"max-snippet:-1","max-image-preview":"max-image-preview:large","max-video-preview":"max-video-preview:-1"},"canonical":"https:\/\/med.tattoo\/de\/produkt\/servietten-mit-folie-3345cm-50stueck-rosa\/","og_locale":"de_DE","og_type":"article","og_title":"Servietten mit Folie 33*45cm 50St\u00fcck rosa - MED.TATTOO","og_description":"Folienunterlage aus Seidenpapier und Folie, ideal als Schutzunterlage gegen Schmutz und bei kosmetischen Eingriffen, bei denen Feuchtigkeit, Wasser und dichte und klebrige Substanzen vorhanden sind. Unterlage f\u00fcr den Einsatz in der Kosmetik, Zahnmedizin, Medizin. Merkmale: auf der einen Seite befindet sich ein zartes und gleichzeitig starkes Seidenpapier mit dekorativer Pr\u00e4gung und auf der anderen Seite [&hellip;]","og_url":"https:\/\/med.tattoo\/de\/produkt\/servietten-mit-folie-3345cm-50stueck-rosa\/","og_site_name":"MED.TATTOO","article_publisher":"https:\/\/www.facebook.com\/profile.php?id=100084366705613","twitter_card":"summary_large_image","twitter_misc":{"Gesch\u00e4tzte Lesezeit":"1\u00a0Minute"},"schema":{"@context":"https:\/\/schema.org","@graph":[{"@type":"WebPage","@id":"https:\/\/med.tattoo\/de\/produkt\/servietten-mit-folie-3345cm-50stueck-rosa\/","url":"https:\/\/med.tattoo\/de\/produkt\/servietten-mit-folie-3345cm-50stueck-rosa\/","name":"Servietten mit Folie 33*45cm 50St\u00fcck rosa - MED.TATTOO","isPartOf":{"@id":"https:\/\/med.tattoo\/de\/#website"},"primaryImageOfPage":{"@id":"https:\/\/med.tattoo\/de\/produkt\/servietten-mit-folie-3345cm-50stueck-rosa\/#primaryimage"},"image":{"@id":"https:\/\/med.tattoo\/de\/produkt\/servietten-mit-folie-3345cm-50stueck-rosa\/#primaryimage"},"thumbnailUrl":"https:\/\/med.tattoo\/wp-content\/uploads\/2025\/05\/1049_serwety-podfoliowane-33-45cm-50szt-rozowe_1744006864.png","datePublished":"2025-05-15T05:31:03+00:00","breadcrumb":{"@id":"https:\/\/med.tattoo\/de\/produkt\/servietten-mit-folie-3345cm-50stueck-rosa\/#breadcrumb"},"inLanguage":"de","potentialAction":[{"@type":"ReadAction","target":["https:\/\/med.tattoo\/de\/produkt\/servietten-mit-folie-3345cm-50stueck-rosa\/"]}]},{"@type":"ImageObject","inLanguage":"de","@id":"https:\/\/med.tattoo\/de\/produkt\/servietten-mit-folie-3345cm-50stueck-rosa\/#primaryimage","url":"https:\/\/med.tattoo\/wp-content\/uploads\/2025\/05\/1049_serwety-podfoliowane-33-45cm-50szt-rozowe_1744006864.png","contentUrl":"https:\/\/med.tattoo\/wp-content\/uploads\/2025\/05\/1049_serwety-podfoliowane-33-45cm-50szt-rozowe_1744006864.png","width":758,"height":563},{"@type":"BreadcrumbList","@id":"https:\/\/med.tattoo\/de\/produkt\/servietten-mit-folie-3345cm-50stueck-rosa\/#breadcrumb","itemListElement":[{"@type":"ListItem","position":1,"name":"Strona G\u0142\u00f3wna","item":"https:\/\/med.tattoo\/de\/"},{"@type":"ListItem","position":2,"name":"Shop","item":"https:\/\/med.tattoo\/de\/shop\/"},{"@type":"ListItem","position":3,"name":"Servietten mit Folie 33*45cm 50St\u00fcck rosa"}]},{"@type":"WebSite","@id":"https:\/\/med.tattoo\/de\/#website","url":"https:\/\/med.tattoo\/de\/","name":"MED.TATTOO","description":"Wszystko dla Twojego tatua\u017cu","publisher":{"@id":"https:\/\/med.tattoo\/de\/#organization"},"potentialAction":[{"@type":"SearchAction","target":{"@type":"EntryPoint","urlTemplate":"https:\/\/med.tattoo\/de\/?s={search_term_string}"},"query-input":{"@type":"PropertyValueSpecification","valueRequired":true,"valueName":"search_term_string"}}],"inLanguage":"de"},{"@type":"Organization","@id":"https:\/\/med.tattoo\/de\/#organization","name":"MED.TATTOO","url":"https:\/\/med.tattoo\/de\/","logo":{"@type":"ImageObject","inLanguage":"de","@id":"https:\/\/med.tattoo\/de\/#\/schema\/logo\/image\/","url":"https:\/\/med.tattoo\/wp-content\/uploads\/2025\/05\/Bez-tytulu-600S300-px-1-e1658908183800.png","contentUrl":"https:\/\/med.tattoo\/wp-content\/uploads\/2025\/05\/Bez-tytulu-600S300-px-1-e1658908183800.png","width":600,"height":61,"caption":"MED.TATTOO"},"image":{"@id":"https:\/\/med.tattoo\/de\/#\/schema\/logo\/image\/"},"sameAs":["https:\/\/www.facebook.com\/profile.php?id=100084366705613","https:\/\/www.instagram.com\/med.tattoo_official\/"]}]}},"_links":{"self":[{"href":"https:\/\/med.tattoo\/de\/wp-json\/wp\/v2\/product\/9139","targetHints":{"allow":["GET"]}}],"collection":[{"href":"https:\/\/med.tattoo\/de\/wp-json\/wp\/v2\/product"}],"about":[{"href":"https:\/\/med.tattoo\/de\/wp-json\/wp\/v2\/types\/product"}],"replies":[{"embeddable":true,"href":"https:\/\/med.tattoo\/de\/wp-json\/wp\/v2\/comments?post=9139"}],"wp:featuredmedia":[{"embeddable":true,"href":"https:\/\/med.tattoo\/de\/wp-json\/wp\/v2\/media\/8084"}],"wp:attachment":[{"href":"https:\/\/med.tattoo\/de\/wp-json\/wp\/v2\/media?parent=9139"}],"wp:term":[{"taxonomy":"product_brand","embeddable":true,"href":"https:\/\/med.tattoo\/de\/wp-json\/wp\/v2\/product_brand?post=9139"},{"taxonomy":"product_cat","embeddable":true,"href":"https:\/\/med.tattoo\/de\/wp-json\/wp\/v2\/product_cat?post=9139"},{"taxonomy":"product_tag","embeddable":true,"href":"https:\/\/med.tattoo\/de\/wp-json\/wp\/v2\/product_tag?post=9139"}],"curies":[{"name":"wp","href":"https:\/\/api.w.org\/{rel}","templated":true}]}}