{"id":9142,"date":"2025-05-15T07:16:57","date_gmt":"2025-05-15T05:16:57","guid":{"rendered":"https:\/\/med.tattoo\/produkt\/chirurgische-maske-medizinisch-dreilagig-auf-elastik-50-stueck-typ-ii-schwarz\/"},"modified":"2025-05-15T07:16:57","modified_gmt":"2025-05-15T05:16:57","slug":"chirurgische-maske-medizinisch-dreilagig-auf-elastik-50-stueck-typ-ii-schwarz","status":"publish","type":"product","link":"https:\/\/med.tattoo\/de\/produkt\/chirurgische-maske-medizinisch-dreilagig-auf-elastik-50-stueck-typ-ii-schwarz\/","title":{"rendered":"Chirurgische Maske, medizinisch, dreilagig, auf Elastik, 50 St\u00fcck Typ II schwarz"},"content":{"rendered":"<p>Professionelle medizinische Einweg-Gesichtsmaske mit 3 Lagen und Ohrb\u00e4ndern Typ II EN14683<\/p>\n<p>Zweck: Die medizinische Einwegmaske wird verwendet, um den Mund, die Nase und den Kiefer des Anwenders in der \u00fcblichen medizinischen Umgebung zu bedecken und den Mund und die Nasenh\u00f6hle des Anwenders vor dem Ausatmen oder Verspr\u00fchen von Schadstoffen zu sch\u00fctzen.<\/p>\n<p>Effektiv und komfortabel, mit einem abdichtenden und passenden Element f\u00fcr die Nase.<\/p>\n<p>Die Maske entspricht den folgenden Normen:<\/p>\n<p>EN 14683:2019<\/p>\n<p>BFE &gt; 98%<br \/>\nMikrobiologische Reinheit (CFU) &lt;= 30 cfu\/g<br \/>\nDruckdifferenz (DP) &lt; 40 Pa \/ cm2<\/p>\n<p>Warnungen<\/p>\n<p>\u00dcberpr\u00fcfen Sie vor der Verwendung die Vollst\u00e4ndigkeit der Verpackung. \u00dcberpr\u00fcfen Sie das Etikett, das Produktionsdatum und das Verfallsdatum, um sicherzustellen, dass das Produkt g\u00fcltig ist. <\/p>\n<p>2. Verwenden Sie es nicht, wenn die Verpackung besch\u00e4digt ist.<\/p>\n<p>3. Nicht wiederverwenden. Die Wiederverwendung kann zu Kreuzkontaminationen f\u00fchren. <\/p>\n<p>4. Nicht in invasiven medizinischen Umgebungen oder Umgebungen mit sch\u00e4dlichen Gasen\/Staub verwenden;<\/p>\n<p>5. Verwenden Sie dieses Produkt nicht in der N\u00e4he einer Feuerquelle. Entsorgen Sie es nach Gebrauch. <\/p>\n<p>Die maximale Dauer der Anwendung dieses Produkts darf 4 Stunden nicht \u00fcberschreiten.<\/p>\n<p>7. Bei allergischen Symptomen wie Juckreiz und Ohrenschmerzen sollten Sie dieses Produkt nicht mehr verwenden.<\/p>\n<p>8. Wenn die Nase, der Mund oder das Ohr eine Verletzung auf der Hautoberfl\u00e4che aufweist, die w\u00e4hrend der Anwendung mit diesem Produkt in Kontakt kommt, muss diese zuerst behandelt werden.<\/p>\n<p>Anweisungen zur Verwendung:<\/p>\n<p>1. \u00f6ffnen Sie den Beutel und nehmen Sie die Maske heraus.<\/p>\n<p>2 Falten Sie die Maske so auf, dass Sie die Innenseite der Maske nicht mit der Hand ber\u00fchren, wobei die farbige Seite von Ihnen weg zeigt.<\/p>\n<p>3 Legen Sie die Kante mit dem Gummiband nach oben. H\u00e4ngen Sie die Schlaufen \u00fcber die Ohren. <\/p>\n<p>4 Dr\u00fccken Sie den Gurt, um die Maske an den Nasenr\u00fccken anzupassen, halten Sie dann den Gurt \u00fcber die Nase und ziehen Sie das untere Ende der Maske an den Unterkiefer.<\/p>\n<p>5 Passen Sie die Maske so an, dass sie das Gesicht von der R\u00fcckseite der Nase bis zum Unterkiefer bedeckt, um die beste Schutzwirkung zu erzielen.<\/p>\n<p>6. Ber\u00fchren Sie nicht die Au\u00dfenseite der Maske, wenn Sie sie abnehmen.<\/p>\n<p>7 Die Entsorgung muss in \u00dcbereinstimmung mit den \u00f6rtlichen Vorschriften f\u00fcr medizinische Abf\u00e4lle erfolgen.<\/p>\n<p>Lagerung: Lagern Sie es an einem gasfreien, sauberen, k\u00fchlen, trockenen und bel\u00fcfteten Ort.<\/p>\n<p>Dauer der G\u00fcltigkeit: 2 Jahre<\/p>\n","protected":false},"excerpt":{"rendered":"<p>Professionelle medizinische Einweg-Gesichtsmaske mit 3 Lagen und Ohrb\u00e4ndern Typ II EN14683 Zweck: Die medizinische Einwegmaske wird verwendet, um den Mund, die Nase und den Kiefer des Anwenders in der \u00fcblichen medizinischen Umgebung zu bedecken und den Mund und die Nasenh\u00f6hle des Anwenders vor dem Ausatmen oder Verspr\u00fchen von Schadstoffen zu sch\u00fctzen. Effektiv und komfortabel, mit [&hellip;]<\/p>\n","protected":false},"featured_media":8541,"comment_status":"closed","ping_status":"open","template":"","meta":{"site-sidebar-layout":"default","site-content-layout":"","ast-site-content-layout":"default","site-content-style":"default","site-sidebar-style":"default","ast-global-header-display":"","ast-banner-title-visibility":"","ast-main-header-display":"","ast-hfb-above-header-display":"","ast-hfb-below-header-display":"","ast-hfb-mobile-header-display":"","site-post-title":"","ast-breadcrumbs-content":"","ast-featured-img":"","footer-sml-layout":"","ast-disable-related-posts":"","theme-transparent-header-meta":"","adv-header-id-meta":"","stick-header-meta":"","header-above-stick-meta":"","header-main-stick-meta":"","header-below-stick-meta":"","astra-migrate-meta-layouts":"default","ast-page-background-enabled":"default","ast-page-background-meta":{"desktop":{"background-color":"var(--ast-global-color-4)","background-image":"","background-repeat":"repeat","background-position":"center center","background-size":"auto","background-attachment":"scroll","background-type":"","background-media":"","overlay-type":"","overlay-color":"","overlay-opacity":"","overlay-gradient":""},"tablet":{"background-color":"","background-image":"","background-repeat":"repeat","background-position":"center center","background-size":"auto","background-attachment":"scroll","background-type":"","background-media":"","overlay-type":"","overlay-color":"","overlay-opacity":"","overlay-gradient":""},"mobile":{"background-color":"","background-image":"","background-repeat":"repeat","background-position":"center center","background-size":"auto","background-attachment":"scroll","background-type":"","background-media":"","overlay-type":"","overlay-color":"","overlay-opacity":"","overlay-gradient":""}},"ast-content-background-meta":{"desktop":{"background-color":"var(--ast-global-color-5)","background-image":"","background-repeat":"repeat","background-position":"center center","background-size":"auto","background-attachment":"scroll","background-type":"","background-media":"","overlay-type":"","overlay-color":"","overlay-opacity":"","overlay-gradient":""},"tablet":{"background-color":"var(--ast-global-color-5)","background-image":"","background-repeat":"repeat","background-position":"center center","background-size":"auto","background-attachment":"scroll","background-type":"","background-media":"","overlay-type":"","overlay-color":"","overlay-opacity":"","overlay-gradient":""},"mobile":{"background-color":"var(--ast-global-color-5)","background-image":"","background-repeat":"repeat","background-position":"center center","background-size":"auto","background-attachment":"scroll","background-type":"","background-media":"","overlay-type":"","overlay-color":"","overlay-opacity":"","overlay-gradient":""}}},"product_brand":[],"product_cat":[55],"product_tag":[],"class_list":{"0":"post-9142","1":"product","2":"type-product","3":"status-publish","4":"has-post-thumbnail","6":"product_cat-med-tattoo-de","7":"desktop-align-left","8":"tablet-align-left","9":"mobile-align-left","10":"ast-product-gallery-layout-horizontal-slider","11":"ast-product-tabs-layout-distributed","13":"first","14":"instock","15":"purchasable","16":"product-type-simple"},"yoast_head":"<!-- This site is optimized with the Yoast SEO plugin v27.4 - https:\/\/yoast.com\/product\/yoast-seo-wordpress\/ -->\n<title>Chirurgische Maske, medizinisch, dreilagig, auf Elastik, 50 St\u00fcck Typ II schwarz - MED.TATTOO<\/title>\n<meta name=\"robots\" content=\"index, follow, max-snippet:-1, max-image-preview:large, max-video-preview:-1\" \/>\n<link rel=\"canonical\" href=\"https:\/\/med.tattoo\/de\/produkt\/chirurgische-maske-medizinisch-dreilagig-auf-elastik-50-stueck-typ-ii-schwarz\/\" \/>\n<meta property=\"og:locale\" content=\"de_DE\" \/>\n<meta property=\"og:type\" content=\"article\" \/>\n<meta property=\"og:title\" content=\"Chirurgische Maske, medizinisch, dreilagig, auf Elastik, 50 St\u00fcck Typ II schwarz - MED.TATTOO\" \/>\n<meta property=\"og:description\" content=\"Professionelle medizinische Einweg-Gesichtsmaske mit 3 Lagen und Ohrb\u00e4ndern Typ II EN14683 Zweck: Die medizinische Einwegmaske wird verwendet, um den Mund, die Nase und den Kiefer des Anwenders in der \u00fcblichen medizinischen Umgebung zu bedecken und den Mund und die Nasenh\u00f6hle des Anwenders vor dem Ausatmen oder Verspr\u00fchen von Schadstoffen zu sch\u00fctzen. Effektiv und komfortabel, mit [&hellip;]\" \/>\n<meta property=\"og:url\" content=\"https:\/\/med.tattoo\/de\/produkt\/chirurgische-maske-medizinisch-dreilagig-auf-elastik-50-stueck-typ-ii-schwarz\/\" \/>\n<meta property=\"og:site_name\" content=\"MED.TATTOO\" \/>\n<meta property=\"article:publisher\" content=\"https:\/\/www.facebook.com\/profile.php?id=100084366705613\" \/>\n<meta name=\"twitter:card\" content=\"summary_large_image\" \/>\n<meta name=\"twitter:label1\" content=\"Gesch\u00e4tzte Lesezeit\" \/>\n\t<meta name=\"twitter:data1\" content=\"2\u00a0Minuten\" \/>\n<script type=\"application\/ld+json\" class=\"yoast-schema-graph\">{\"@context\":\"https:\\\/\\\/schema.org\",\"@graph\":[{\"@type\":\"WebPage\",\"@id\":\"https:\\\/\\\/med.tattoo\\\/de\\\/produkt\\\/chirurgische-maske-medizinisch-dreilagig-auf-elastik-50-stueck-typ-ii-schwarz\\\/\",\"url\":\"https:\\\/\\\/med.tattoo\\\/de\\\/produkt\\\/chirurgische-maske-medizinisch-dreilagig-auf-elastik-50-stueck-typ-ii-schwarz\\\/\",\"name\":\"Chirurgische Maske, medizinisch, dreilagig, auf Elastik, 50 St\u00fcck Typ II schwarz - MED.TATTOO\",\"isPartOf\":{\"@id\":\"https:\\\/\\\/med.tattoo\\\/de\\\/#website\"},\"primaryImageOfPage\":{\"@id\":\"https:\\\/\\\/med.tattoo\\\/de\\\/produkt\\\/chirurgische-maske-medizinisch-dreilagig-auf-elastik-50-stueck-typ-ii-schwarz\\\/#primaryimage\"},\"image\":{\"@id\":\"https:\\\/\\\/med.tattoo\\\/de\\\/produkt\\\/chirurgische-maske-medizinisch-dreilagig-auf-elastik-50-stueck-typ-ii-schwarz\\\/#primaryimage\"},\"thumbnailUrl\":\"https:\\\/\\\/med.tattoo\\\/wp-content\\\/uploads\\\/2025\\\/05\\\/3131_maska-medyczna-trojwarstwowa-na-gumce-50szt-cza_1744006587.jpg\",\"datePublished\":\"2025-05-15T05:16:57+00:00\",\"breadcrumb\":{\"@id\":\"https:\\\/\\\/med.tattoo\\\/de\\\/produkt\\\/chirurgische-maske-medizinisch-dreilagig-auf-elastik-50-stueck-typ-ii-schwarz\\\/#breadcrumb\"},\"inLanguage\":\"de\",\"potentialAction\":[{\"@type\":\"ReadAction\",\"target\":[\"https:\\\/\\\/med.tattoo\\\/de\\\/produkt\\\/chirurgische-maske-medizinisch-dreilagig-auf-elastik-50-stueck-typ-ii-schwarz\\\/\"]}]},{\"@type\":\"ImageObject\",\"inLanguage\":\"de\",\"@id\":\"https:\\\/\\\/med.tattoo\\\/de\\\/produkt\\\/chirurgische-maske-medizinisch-dreilagig-auf-elastik-50-stueck-typ-ii-schwarz\\\/#primaryimage\",\"url\":\"https:\\\/\\\/med.tattoo\\\/wp-content\\\/uploads\\\/2025\\\/05\\\/3131_maska-medyczna-trojwarstwowa-na-gumce-50szt-cza_1744006587.jpg\",\"contentUrl\":\"https:\\\/\\\/med.tattoo\\\/wp-content\\\/uploads\\\/2025\\\/05\\\/3131_maska-medyczna-trojwarstwowa-na-gumce-50szt-cza_1744006587.jpg\",\"width\":1750,\"height\":931},{\"@type\":\"BreadcrumbList\",\"@id\":\"https:\\\/\\\/med.tattoo\\\/de\\\/produkt\\\/chirurgische-maske-medizinisch-dreilagig-auf-elastik-50-stueck-typ-ii-schwarz\\\/#breadcrumb\",\"itemListElement\":[{\"@type\":\"ListItem\",\"position\":1,\"name\":\"Strona G\u0142\u00f3wna\",\"item\":\"https:\\\/\\\/med.tattoo\\\/de\\\/\"},{\"@type\":\"ListItem\",\"position\":2,\"name\":\"Shop\",\"item\":\"https:\\\/\\\/med.tattoo\\\/de\\\/shop\\\/\"},{\"@type\":\"ListItem\",\"position\":3,\"name\":\"Chirurgische Maske, medizinisch, dreilagig, auf Elastik, 50 St\u00fcck Typ II schwarz\"}]},{\"@type\":\"WebSite\",\"@id\":\"https:\\\/\\\/med.tattoo\\\/de\\\/#website\",\"url\":\"https:\\\/\\\/med.tattoo\\\/de\\\/\",\"name\":\"MED.TATTOO\",\"description\":\"Wszystko dla Twojego tatua\u017cu\",\"publisher\":{\"@id\":\"https:\\\/\\\/med.tattoo\\\/de\\\/#organization\"},\"potentialAction\":[{\"@type\":\"SearchAction\",\"target\":{\"@type\":\"EntryPoint\",\"urlTemplate\":\"https:\\\/\\\/med.tattoo\\\/de\\\/?s={search_term_string}\"},\"query-input\":{\"@type\":\"PropertyValueSpecification\",\"valueRequired\":true,\"valueName\":\"search_term_string\"}}],\"inLanguage\":\"de\"},{\"@type\":\"Organization\",\"@id\":\"https:\\\/\\\/med.tattoo\\\/de\\\/#organization\",\"name\":\"MED.TATTOO\",\"url\":\"https:\\\/\\\/med.tattoo\\\/de\\\/\",\"logo\":{\"@type\":\"ImageObject\",\"inLanguage\":\"de\",\"@id\":\"https:\\\/\\\/med.tattoo\\\/de\\\/#\\\/schema\\\/logo\\\/image\\\/\",\"url\":\"https:\\\/\\\/med.tattoo\\\/wp-content\\\/uploads\\\/2025\\\/05\\\/Bez-tytulu-600S300-px-1-e1658908183800.png\",\"contentUrl\":\"https:\\\/\\\/med.tattoo\\\/wp-content\\\/uploads\\\/2025\\\/05\\\/Bez-tytulu-600S300-px-1-e1658908183800.png\",\"width\":600,\"height\":61,\"caption\":\"MED.TATTOO\"},\"image\":{\"@id\":\"https:\\\/\\\/med.tattoo\\\/de\\\/#\\\/schema\\\/logo\\\/image\\\/\"},\"sameAs\":[\"https:\\\/\\\/www.facebook.com\\\/profile.php?id=100084366705613\",\"https:\\\/\\\/www.instagram.com\\\/med.tattoo_official\\\/\"]}]}<\/script>\n<!-- \/ Yoast SEO plugin. -->","yoast_head_json":{"title":"Chirurgische Maske, medizinisch, dreilagig, auf Elastik, 50 St\u00fcck Typ II schwarz - MED.TATTOO","robots":{"index":"index","follow":"follow","max-snippet":"max-snippet:-1","max-image-preview":"max-image-preview:large","max-video-preview":"max-video-preview:-1"},"canonical":"https:\/\/med.tattoo\/de\/produkt\/chirurgische-maske-medizinisch-dreilagig-auf-elastik-50-stueck-typ-ii-schwarz\/","og_locale":"de_DE","og_type":"article","og_title":"Chirurgische Maske, medizinisch, dreilagig, auf Elastik, 50 St\u00fcck Typ II schwarz - MED.TATTOO","og_description":"Professionelle medizinische Einweg-Gesichtsmaske mit 3 Lagen und Ohrb\u00e4ndern Typ II EN14683 Zweck: Die medizinische Einwegmaske wird verwendet, um den Mund, die Nase und den Kiefer des Anwenders in der \u00fcblichen medizinischen Umgebung zu bedecken und den Mund und die Nasenh\u00f6hle des Anwenders vor dem Ausatmen oder Verspr\u00fchen von Schadstoffen zu sch\u00fctzen. Effektiv und komfortabel, mit [&hellip;]","og_url":"https:\/\/med.tattoo\/de\/produkt\/chirurgische-maske-medizinisch-dreilagig-auf-elastik-50-stueck-typ-ii-schwarz\/","og_site_name":"MED.TATTOO","article_publisher":"https:\/\/www.facebook.com\/profile.php?id=100084366705613","twitter_card":"summary_large_image","twitter_misc":{"Gesch\u00e4tzte Lesezeit":"2\u00a0Minuten"},"schema":{"@context":"https:\/\/schema.org","@graph":[{"@type":"WebPage","@id":"https:\/\/med.tattoo\/de\/produkt\/chirurgische-maske-medizinisch-dreilagig-auf-elastik-50-stueck-typ-ii-schwarz\/","url":"https:\/\/med.tattoo\/de\/produkt\/chirurgische-maske-medizinisch-dreilagig-auf-elastik-50-stueck-typ-ii-schwarz\/","name":"Chirurgische Maske, medizinisch, dreilagig, auf Elastik, 50 St\u00fcck Typ II schwarz - MED.TATTOO","isPartOf":{"@id":"https:\/\/med.tattoo\/de\/#website"},"primaryImageOfPage":{"@id":"https:\/\/med.tattoo\/de\/produkt\/chirurgische-maske-medizinisch-dreilagig-auf-elastik-50-stueck-typ-ii-schwarz\/#primaryimage"},"image":{"@id":"https:\/\/med.tattoo\/de\/produkt\/chirurgische-maske-medizinisch-dreilagig-auf-elastik-50-stueck-typ-ii-schwarz\/#primaryimage"},"thumbnailUrl":"https:\/\/med.tattoo\/wp-content\/uploads\/2025\/05\/3131_maska-medyczna-trojwarstwowa-na-gumce-50szt-cza_1744006587.jpg","datePublished":"2025-05-15T05:16:57+00:00","breadcrumb":{"@id":"https:\/\/med.tattoo\/de\/produkt\/chirurgische-maske-medizinisch-dreilagig-auf-elastik-50-stueck-typ-ii-schwarz\/#breadcrumb"},"inLanguage":"de","potentialAction":[{"@type":"ReadAction","target":["https:\/\/med.tattoo\/de\/produkt\/chirurgische-maske-medizinisch-dreilagig-auf-elastik-50-stueck-typ-ii-schwarz\/"]}]},{"@type":"ImageObject","inLanguage":"de","@id":"https:\/\/med.tattoo\/de\/produkt\/chirurgische-maske-medizinisch-dreilagig-auf-elastik-50-stueck-typ-ii-schwarz\/#primaryimage","url":"https:\/\/med.tattoo\/wp-content\/uploads\/2025\/05\/3131_maska-medyczna-trojwarstwowa-na-gumce-50szt-cza_1744006587.jpg","contentUrl":"https:\/\/med.tattoo\/wp-content\/uploads\/2025\/05\/3131_maska-medyczna-trojwarstwowa-na-gumce-50szt-cza_1744006587.jpg","width":1750,"height":931},{"@type":"BreadcrumbList","@id":"https:\/\/med.tattoo\/de\/produkt\/chirurgische-maske-medizinisch-dreilagig-auf-elastik-50-stueck-typ-ii-schwarz\/#breadcrumb","itemListElement":[{"@type":"ListItem","position":1,"name":"Strona G\u0142\u00f3wna","item":"https:\/\/med.tattoo\/de\/"},{"@type":"ListItem","position":2,"name":"Shop","item":"https:\/\/med.tattoo\/de\/shop\/"},{"@type":"ListItem","position":3,"name":"Chirurgische Maske, medizinisch, dreilagig, auf Elastik, 50 St\u00fcck Typ II schwarz"}]},{"@type":"WebSite","@id":"https:\/\/med.tattoo\/de\/#website","url":"https:\/\/med.tattoo\/de\/","name":"MED.TATTOO","description":"Wszystko dla Twojego tatua\u017cu","publisher":{"@id":"https:\/\/med.tattoo\/de\/#organization"},"potentialAction":[{"@type":"SearchAction","target":{"@type":"EntryPoint","urlTemplate":"https:\/\/med.tattoo\/de\/?s={search_term_string}"},"query-input":{"@type":"PropertyValueSpecification","valueRequired":true,"valueName":"search_term_string"}}],"inLanguage":"de"},{"@type":"Organization","@id":"https:\/\/med.tattoo\/de\/#organization","name":"MED.TATTOO","url":"https:\/\/med.tattoo\/de\/","logo":{"@type":"ImageObject","inLanguage":"de","@id":"https:\/\/med.tattoo\/de\/#\/schema\/logo\/image\/","url":"https:\/\/med.tattoo\/wp-content\/uploads\/2025\/05\/Bez-tytulu-600S300-px-1-e1658908183800.png","contentUrl":"https:\/\/med.tattoo\/wp-content\/uploads\/2025\/05\/Bez-tytulu-600S300-px-1-e1658908183800.png","width":600,"height":61,"caption":"MED.TATTOO"},"image":{"@id":"https:\/\/med.tattoo\/de\/#\/schema\/logo\/image\/"},"sameAs":["https:\/\/www.facebook.com\/profile.php?id=100084366705613","https:\/\/www.instagram.com\/med.tattoo_official\/"]}]}},"_links":{"self":[{"href":"https:\/\/med.tattoo\/de\/wp-json\/wp\/v2\/product\/9142","targetHints":{"allow":["GET"]}}],"collection":[{"href":"https:\/\/med.tattoo\/de\/wp-json\/wp\/v2\/product"}],"about":[{"href":"https:\/\/med.tattoo\/de\/wp-json\/wp\/v2\/types\/product"}],"replies":[{"embeddable":true,"href":"https:\/\/med.tattoo\/de\/wp-json\/wp\/v2\/comments?post=9142"}],"wp:featuredmedia":[{"embeddable":true,"href":"https:\/\/med.tattoo\/de\/wp-json\/wp\/v2\/media\/8541"}],"wp:attachment":[{"href":"https:\/\/med.tattoo\/de\/wp-json\/wp\/v2\/media?parent=9142"}],"wp:term":[{"taxonomy":"product_brand","embeddable":true,"href":"https:\/\/med.tattoo\/de\/wp-json\/wp\/v2\/product_brand?post=9142"},{"taxonomy":"product_cat","embeddable":true,"href":"https:\/\/med.tattoo\/de\/wp-json\/wp\/v2\/product_cat?post=9142"},{"taxonomy":"product_tag","embeddable":true,"href":"https:\/\/med.tattoo\/de\/wp-json\/wp\/v2\/product_tag?post=9142"}],"curies":[{"name":"wp","href":"https:\/\/api.w.org\/{rel}","templated":true}]}}