{"id":9248,"date":"2025-05-15T07:20:32","date_gmt":"2025-05-15T05:20:32","guid":{"rendered":"https:\/\/med.tattoo\/produkt\/med-tattoo-dermafix-10cm-15cm-10-stueck-tattoo-schutzfolie\/"},"modified":"2025-05-15T07:20:32","modified_gmt":"2025-05-15T05:20:32","slug":"med-tattoo-dermafix-10cm-15cm-10-stueck-tattoo-schutzfolie","status":"publish","type":"product","link":"https:\/\/med.tattoo\/de\/produkt\/med-tattoo-dermafix-10cm-15cm-10-stueck-tattoo-schutzfolie\/","title":{"rendered":"MED.TATTOO DERMAFIX 10cm* 15cm 10 St\u00fcck Tattoo-Schutzfolie"},"content":{"rendered":"<p>DERMAFIX ist ein Medizinprodukt &#8211; ein Okklusivverband aus einer d\u00fcnnen, flexiblen und weichen Polyurethanfolie. Er ist auch unter dem Namen SecondSkin bekannt. Er passt sich perfekt an die Konturen des K\u00f6rpers an und sch\u00fctzt so die t\u00e4towierte Haut vor Infektionen und Reizungen.  Es ist transparent und erm\u00f6glicht die Beobachtung der heilenden T\u00e4towierung, ohne dass der Verband entfernt werden muss.<\/p>\n<p>DERMAFIX ist dampf- und luftdurchl\u00e4ssig, so dass die Haut atmen kann. Es bietet die perfekte Umgebung f\u00fcr die Haut und h\u00e4lt die richtige Feuchtigkeit und Temperatur aufrecht, um die Wundheilung zu f\u00f6rdern. DERMAFIX bietet eine Barriere f\u00fcr Mikroorganismen und minimiert so das Risiko einer Infektion.  <\/p>\n<p>Erh\u00e4ltlich in verschiedenen Gr\u00f6\u00dfen, Rollen: 10cm*10m, 15cm*10m und B\u00f6gen 10*15 cm verpackt in 10 St\u00fcck.<\/p>\n","protected":false},"excerpt":{"rendered":"<p>DERMAFIX ist ein Medizinprodukt &#8211; ein Okklusivverband aus einer d\u00fcnnen, flexiblen und weichen Polyurethanfolie. Er ist auch unter dem Namen SecondSkin bekannt. Er passt sich perfekt an die Konturen des K\u00f6rpers an und sch\u00fctzt so die t\u00e4towierte Haut vor Infektionen und Reizungen. Es ist transparent und erm\u00f6glicht die Beobachtung der heilenden T\u00e4towierung, ohne dass der [&hellip;]<\/p>\n","protected":false},"featured_media":7282,"comment_status":"closed","ping_status":"open","template":"","meta":{"site-sidebar-layout":"default","site-content-layout":"","ast-site-content-layout":"default","site-content-style":"default","site-sidebar-style":"default","ast-global-header-display":"","ast-banner-title-visibility":"","ast-main-header-display":"","ast-hfb-above-header-display":"","ast-hfb-below-header-display":"","ast-hfb-mobile-header-display":"","site-post-title":"","ast-breadcrumbs-content":"","ast-featured-img":"","footer-sml-layout":"","ast-disable-related-posts":"","theme-transparent-header-meta":"","adv-header-id-meta":"","stick-header-meta":"","header-above-stick-meta":"","header-main-stick-meta":"","header-below-stick-meta":"","astra-migrate-meta-layouts":"default","ast-page-background-enabled":"default","ast-page-background-meta":{"desktop":{"background-color":"var(--ast-global-color-4)","background-image":"","background-repeat":"repeat","background-position":"center center","background-size":"auto","background-attachment":"scroll","background-type":"","background-media":"","overlay-type":"","overlay-color":"","overlay-opacity":"","overlay-gradient":""},"tablet":{"background-color":"","background-image":"","background-repeat":"repeat","background-position":"center center","background-size":"auto","background-attachment":"scroll","background-type":"","background-media":"","overlay-type":"","overlay-color":"","overlay-opacity":"","overlay-gradient":""},"mobile":{"background-color":"","background-image":"","background-repeat":"repeat","background-position":"center center","background-size":"auto","background-attachment":"scroll","background-type":"","background-media":"","overlay-type":"","overlay-color":"","overlay-opacity":"","overlay-gradient":""}},"ast-content-background-meta":{"desktop":{"background-color":"var(--ast-global-color-5)","background-image":"","background-repeat":"repeat","background-position":"center center","background-size":"auto","background-attachment":"scroll","background-type":"","background-media":"","overlay-type":"","overlay-color":"","overlay-opacity":"","overlay-gradient":""},"tablet":{"background-color":"var(--ast-global-color-5)","background-image":"","background-repeat":"repeat","background-position":"center center","background-size":"auto","background-attachment":"scroll","background-type":"","background-media":"","overlay-type":"","overlay-color":"","overlay-opacity":"","overlay-gradient":""},"mobile":{"background-color":"var(--ast-global-color-5)","background-image":"","background-repeat":"repeat","background-position":"center center","background-size":"auto","background-attachment":"scroll","background-type":"","background-media":"","overlay-type":"","overlay-color":"","overlay-opacity":"","overlay-gradient":""}}},"product_brand":[],"product_cat":[55],"product_tag":[],"class_list":{"0":"post-9248","1":"product","2":"type-product","3":"status-publish","4":"has-post-thumbnail","6":"product_cat-med-tattoo-de","7":"desktop-align-left","8":"tablet-align-left","9":"mobile-align-left","10":"ast-product-gallery-layout-horizontal-slider","11":"ast-product-gallery-with-no-image","12":"ast-product-tabs-layout-distributed","14":"first","15":"outofstock","16":"purchasable","17":"product-type-simple"},"yoast_head":"<!-- This site is optimized with the Yoast SEO plugin v27.4 - https:\/\/yoast.com\/product\/yoast-seo-wordpress\/ -->\n<title>MED.TATTOO DERMAFIX 10cm* 15cm 10 St\u00fcck Tattoo-Schutzfolie - MED.TATTOO<\/title>\n<meta name=\"robots\" content=\"index, follow, max-snippet:-1, max-image-preview:large, max-video-preview:-1\" \/>\n<link rel=\"canonical\" href=\"https:\/\/med.tattoo\/de\/produkt\/med-tattoo-dermafix-10cm-15cm-10-stueck-tattoo-schutzfolie\/\" \/>\n<meta property=\"og:locale\" content=\"de_DE\" \/>\n<meta property=\"og:type\" content=\"article\" \/>\n<meta property=\"og:title\" content=\"MED.TATTOO DERMAFIX 10cm* 15cm 10 St\u00fcck Tattoo-Schutzfolie - MED.TATTOO\" \/>\n<meta property=\"og:description\" content=\"DERMAFIX ist ein Medizinprodukt &#8211; ein Okklusivverband aus einer d\u00fcnnen, flexiblen und weichen Polyurethanfolie. Er ist auch unter dem Namen SecondSkin bekannt. Er passt sich perfekt an die Konturen des K\u00f6rpers an und sch\u00fctzt so die t\u00e4towierte Haut vor Infektionen und Reizungen. Es ist transparent und erm\u00f6glicht die Beobachtung der heilenden T\u00e4towierung, ohne dass der [&hellip;]\" \/>\n<meta property=\"og:url\" content=\"https:\/\/med.tattoo\/de\/produkt\/med-tattoo-dermafix-10cm-15cm-10-stueck-tattoo-schutzfolie\/\" \/>\n<meta property=\"og:site_name\" content=\"MED.TATTOO\" \/>\n<meta property=\"article:publisher\" content=\"https:\/\/www.facebook.com\/profile.php?id=100084366705613\" \/>\n<meta name=\"twitter:card\" content=\"summary_large_image\" \/>\n<meta name=\"twitter:label1\" content=\"Gesch\u00e4tzte Lesezeit\" \/>\n\t<meta name=\"twitter:data1\" content=\"1\u00a0Minute\" \/>\n<script type=\"application\/ld+json\" class=\"yoast-schema-graph\">{\"@context\":\"https:\\\/\\\/schema.org\",\"@graph\":[{\"@type\":\"WebPage\",\"@id\":\"https:\\\/\\\/med.tattoo\\\/de\\\/produkt\\\/med-tattoo-dermafix-10cm-15cm-10-stueck-tattoo-schutzfolie\\\/\",\"url\":\"https:\\\/\\\/med.tattoo\\\/de\\\/produkt\\\/med-tattoo-dermafix-10cm-15cm-10-stueck-tattoo-schutzfolie\\\/\",\"name\":\"MED.TATTOO DERMAFIX 10cm* 15cm 10 St\u00fcck Tattoo-Schutzfolie - MED.TATTOO\",\"isPartOf\":{\"@id\":\"https:\\\/\\\/med.tattoo\\\/de\\\/#website\"},\"primaryImageOfPage\":{\"@id\":\"https:\\\/\\\/med.tattoo\\\/de\\\/produkt\\\/med-tattoo-dermafix-10cm-15cm-10-stueck-tattoo-schutzfolie\\\/#primaryimage\"},\"image\":{\"@id\":\"https:\\\/\\\/med.tattoo\\\/de\\\/produkt\\\/med-tattoo-dermafix-10cm-15cm-10-stueck-tattoo-schutzfolie\\\/#primaryimage\"},\"thumbnailUrl\":\"https:\\\/\\\/med.tattoo\\\/wp-content\\\/uploads\\\/2025\\\/05\\\/260_med.tattoo-dermafix-10cm-15cm-10szt-folia-ochronn_1742990451.jpg\",\"datePublished\":\"2025-05-15T05:20:32+00:00\",\"breadcrumb\":{\"@id\":\"https:\\\/\\\/med.tattoo\\\/de\\\/produkt\\\/med-tattoo-dermafix-10cm-15cm-10-stueck-tattoo-schutzfolie\\\/#breadcrumb\"},\"inLanguage\":\"de\",\"potentialAction\":[{\"@type\":\"ReadAction\",\"target\":[\"https:\\\/\\\/med.tattoo\\\/de\\\/produkt\\\/med-tattoo-dermafix-10cm-15cm-10-stueck-tattoo-schutzfolie\\\/\"]}]},{\"@type\":\"ImageObject\",\"inLanguage\":\"de\",\"@id\":\"https:\\\/\\\/med.tattoo\\\/de\\\/produkt\\\/med-tattoo-dermafix-10cm-15cm-10-stueck-tattoo-schutzfolie\\\/#primaryimage\",\"url\":\"https:\\\/\\\/med.tattoo\\\/wp-content\\\/uploads\\\/2025\\\/05\\\/260_med.tattoo-dermafix-10cm-15cm-10szt-folia-ochronn_1742990451.jpg\",\"contentUrl\":\"https:\\\/\\\/med.tattoo\\\/wp-content\\\/uploads\\\/2025\\\/05\\\/260_med.tattoo-dermafix-10cm-15cm-10szt-folia-ochronn_1742990451.jpg\",\"width\":1200,\"height\":777},{\"@type\":\"BreadcrumbList\",\"@id\":\"https:\\\/\\\/med.tattoo\\\/de\\\/produkt\\\/med-tattoo-dermafix-10cm-15cm-10-stueck-tattoo-schutzfolie\\\/#breadcrumb\",\"itemListElement\":[{\"@type\":\"ListItem\",\"position\":1,\"name\":\"Strona G\u0142\u00f3wna\",\"item\":\"https:\\\/\\\/med.tattoo\\\/de\\\/\"},{\"@type\":\"ListItem\",\"position\":2,\"name\":\"Shop\",\"item\":\"https:\\\/\\\/med.tattoo\\\/de\\\/shop\\\/\"},{\"@type\":\"ListItem\",\"position\":3,\"name\":\"MED.TATTOO DERMAFIX 10cm* 15cm 10 St\u00fcck Tattoo-Schutzfolie\"}]},{\"@type\":\"WebSite\",\"@id\":\"https:\\\/\\\/med.tattoo\\\/de\\\/#website\",\"url\":\"https:\\\/\\\/med.tattoo\\\/de\\\/\",\"name\":\"MED.TATTOO\",\"description\":\"Wszystko dla Twojego tatua\u017cu\",\"publisher\":{\"@id\":\"https:\\\/\\\/med.tattoo\\\/de\\\/#organization\"},\"potentialAction\":[{\"@type\":\"SearchAction\",\"target\":{\"@type\":\"EntryPoint\",\"urlTemplate\":\"https:\\\/\\\/med.tattoo\\\/de\\\/?s={search_term_string}\"},\"query-input\":{\"@type\":\"PropertyValueSpecification\",\"valueRequired\":true,\"valueName\":\"search_term_string\"}}],\"inLanguage\":\"de\"},{\"@type\":\"Organization\",\"@id\":\"https:\\\/\\\/med.tattoo\\\/de\\\/#organization\",\"name\":\"MED.TATTOO\",\"url\":\"https:\\\/\\\/med.tattoo\\\/de\\\/\",\"logo\":{\"@type\":\"ImageObject\",\"inLanguage\":\"de\",\"@id\":\"https:\\\/\\\/med.tattoo\\\/de\\\/#\\\/schema\\\/logo\\\/image\\\/\",\"url\":\"https:\\\/\\\/med.tattoo\\\/wp-content\\\/uploads\\\/2025\\\/05\\\/Bez-tytulu-600S300-px-1-e1658908183800.png\",\"contentUrl\":\"https:\\\/\\\/med.tattoo\\\/wp-content\\\/uploads\\\/2025\\\/05\\\/Bez-tytulu-600S300-px-1-e1658908183800.png\",\"width\":600,\"height\":61,\"caption\":\"MED.TATTOO\"},\"image\":{\"@id\":\"https:\\\/\\\/med.tattoo\\\/de\\\/#\\\/schema\\\/logo\\\/image\\\/\"},\"sameAs\":[\"https:\\\/\\\/www.facebook.com\\\/profile.php?id=100084366705613\",\"https:\\\/\\\/www.instagram.com\\\/med.tattoo_official\\\/\"]}]}<\/script>\n<!-- \/ Yoast SEO plugin. -->","yoast_head_json":{"title":"MED.TATTOO DERMAFIX 10cm* 15cm 10 St\u00fcck Tattoo-Schutzfolie - MED.TATTOO","robots":{"index":"index","follow":"follow","max-snippet":"max-snippet:-1","max-image-preview":"max-image-preview:large","max-video-preview":"max-video-preview:-1"},"canonical":"https:\/\/med.tattoo\/de\/produkt\/med-tattoo-dermafix-10cm-15cm-10-stueck-tattoo-schutzfolie\/","og_locale":"de_DE","og_type":"article","og_title":"MED.TATTOO DERMAFIX 10cm* 15cm 10 St\u00fcck Tattoo-Schutzfolie - MED.TATTOO","og_description":"DERMAFIX ist ein Medizinprodukt &#8211; ein Okklusivverband aus einer d\u00fcnnen, flexiblen und weichen Polyurethanfolie. Er ist auch unter dem Namen SecondSkin bekannt. Er passt sich perfekt an die Konturen des K\u00f6rpers an und sch\u00fctzt so die t\u00e4towierte Haut vor Infektionen und Reizungen. Es ist transparent und erm\u00f6glicht die Beobachtung der heilenden T\u00e4towierung, ohne dass der [&hellip;]","og_url":"https:\/\/med.tattoo\/de\/produkt\/med-tattoo-dermafix-10cm-15cm-10-stueck-tattoo-schutzfolie\/","og_site_name":"MED.TATTOO","article_publisher":"https:\/\/www.facebook.com\/profile.php?id=100084366705613","twitter_card":"summary_large_image","twitter_misc":{"Gesch\u00e4tzte Lesezeit":"1\u00a0Minute"},"schema":{"@context":"https:\/\/schema.org","@graph":[{"@type":"WebPage","@id":"https:\/\/med.tattoo\/de\/produkt\/med-tattoo-dermafix-10cm-15cm-10-stueck-tattoo-schutzfolie\/","url":"https:\/\/med.tattoo\/de\/produkt\/med-tattoo-dermafix-10cm-15cm-10-stueck-tattoo-schutzfolie\/","name":"MED.TATTOO DERMAFIX 10cm* 15cm 10 St\u00fcck Tattoo-Schutzfolie - MED.TATTOO","isPartOf":{"@id":"https:\/\/med.tattoo\/de\/#website"},"primaryImageOfPage":{"@id":"https:\/\/med.tattoo\/de\/produkt\/med-tattoo-dermafix-10cm-15cm-10-stueck-tattoo-schutzfolie\/#primaryimage"},"image":{"@id":"https:\/\/med.tattoo\/de\/produkt\/med-tattoo-dermafix-10cm-15cm-10-stueck-tattoo-schutzfolie\/#primaryimage"},"thumbnailUrl":"https:\/\/med.tattoo\/wp-content\/uploads\/2025\/05\/260_med.tattoo-dermafix-10cm-15cm-10szt-folia-ochronn_1742990451.jpg","datePublished":"2025-05-15T05:20:32+00:00","breadcrumb":{"@id":"https:\/\/med.tattoo\/de\/produkt\/med-tattoo-dermafix-10cm-15cm-10-stueck-tattoo-schutzfolie\/#breadcrumb"},"inLanguage":"de","potentialAction":[{"@type":"ReadAction","target":["https:\/\/med.tattoo\/de\/produkt\/med-tattoo-dermafix-10cm-15cm-10-stueck-tattoo-schutzfolie\/"]}]},{"@type":"ImageObject","inLanguage":"de","@id":"https:\/\/med.tattoo\/de\/produkt\/med-tattoo-dermafix-10cm-15cm-10-stueck-tattoo-schutzfolie\/#primaryimage","url":"https:\/\/med.tattoo\/wp-content\/uploads\/2025\/05\/260_med.tattoo-dermafix-10cm-15cm-10szt-folia-ochronn_1742990451.jpg","contentUrl":"https:\/\/med.tattoo\/wp-content\/uploads\/2025\/05\/260_med.tattoo-dermafix-10cm-15cm-10szt-folia-ochronn_1742990451.jpg","width":1200,"height":777},{"@type":"BreadcrumbList","@id":"https:\/\/med.tattoo\/de\/produkt\/med-tattoo-dermafix-10cm-15cm-10-stueck-tattoo-schutzfolie\/#breadcrumb","itemListElement":[{"@type":"ListItem","position":1,"name":"Strona G\u0142\u00f3wna","item":"https:\/\/med.tattoo\/de\/"},{"@type":"ListItem","position":2,"name":"Shop","item":"https:\/\/med.tattoo\/de\/shop\/"},{"@type":"ListItem","position":3,"name":"MED.TATTOO DERMAFIX 10cm* 15cm 10 St\u00fcck Tattoo-Schutzfolie"}]},{"@type":"WebSite","@id":"https:\/\/med.tattoo\/de\/#website","url":"https:\/\/med.tattoo\/de\/","name":"MED.TATTOO","description":"Wszystko dla Twojego tatua\u017cu","publisher":{"@id":"https:\/\/med.tattoo\/de\/#organization"},"potentialAction":[{"@type":"SearchAction","target":{"@type":"EntryPoint","urlTemplate":"https:\/\/med.tattoo\/de\/?s={search_term_string}"},"query-input":{"@type":"PropertyValueSpecification","valueRequired":true,"valueName":"search_term_string"}}],"inLanguage":"de"},{"@type":"Organization","@id":"https:\/\/med.tattoo\/de\/#organization","name":"MED.TATTOO","url":"https:\/\/med.tattoo\/de\/","logo":{"@type":"ImageObject","inLanguage":"de","@id":"https:\/\/med.tattoo\/de\/#\/schema\/logo\/image\/","url":"https:\/\/med.tattoo\/wp-content\/uploads\/2025\/05\/Bez-tytulu-600S300-px-1-e1658908183800.png","contentUrl":"https:\/\/med.tattoo\/wp-content\/uploads\/2025\/05\/Bez-tytulu-600S300-px-1-e1658908183800.png","width":600,"height":61,"caption":"MED.TATTOO"},"image":{"@id":"https:\/\/med.tattoo\/de\/#\/schema\/logo\/image\/"},"sameAs":["https:\/\/www.facebook.com\/profile.php?id=100084366705613","https:\/\/www.instagram.com\/med.tattoo_official\/"]}]}},"_links":{"self":[{"href":"https:\/\/med.tattoo\/de\/wp-json\/wp\/v2\/product\/9248","targetHints":{"allow":["GET"]}}],"collection":[{"href":"https:\/\/med.tattoo\/de\/wp-json\/wp\/v2\/product"}],"about":[{"href":"https:\/\/med.tattoo\/de\/wp-json\/wp\/v2\/types\/product"}],"replies":[{"embeddable":true,"href":"https:\/\/med.tattoo\/de\/wp-json\/wp\/v2\/comments?post=9248"}],"wp:featuredmedia":[{"embeddable":true,"href":"https:\/\/med.tattoo\/de\/wp-json\/wp\/v2\/media\/7282"}],"wp:attachment":[{"href":"https:\/\/med.tattoo\/de\/wp-json\/wp\/v2\/media?parent=9248"}],"wp:term":[{"taxonomy":"product_brand","embeddable":true,"href":"https:\/\/med.tattoo\/de\/wp-json\/wp\/v2\/product_brand?post=9248"},{"taxonomy":"product_cat","embeddable":true,"href":"https:\/\/med.tattoo\/de\/wp-json\/wp\/v2\/product_cat?post=9248"},{"taxonomy":"product_tag","embeddable":true,"href":"https:\/\/med.tattoo\/de\/wp-json\/wp\/v2\/product_tag?post=9248"}],"curies":[{"name":"wp","href":"https:\/\/api.w.org\/{rel}","templated":true}]}}