{"id":9271,"date":"2025-05-15T07:16:57","date_gmt":"2025-05-15T05:16:57","guid":{"rendered":"https:\/\/med.tattoo\/produkt\/multiabsorb-s-10cm-x-20cm-1st-hochsaugfaehige-kompresse-vliesstoff-aus-zellulose-steril\/"},"modified":"2025-05-15T07:16:57","modified_gmt":"2025-05-15T05:16:57","slug":"multiabsorb-s-10cm-x-20cm-1st-hochsaugfaehige-kompresse-vliesstoff-aus-zellulose-steril","status":"publish","type":"product","link":"https:\/\/med.tattoo\/de\/produkt\/multiabsorb-s-10cm-x-20cm-1st-hochsaugfaehige-kompresse-vliesstoff-aus-zellulose-steril\/","title":{"rendered":"MULTIabsorb S 10cm x 20cm 1St. Hochsaugf\u00e4hige Kompresse; Vliesstoff aus Zellulose, steril"},"content":{"rendered":"<p>Die sterile MULTIabsorb Kompresse besteht aus Vliesstoff und Zellstoff.<\/p>\n<p>Sie hat einen mehrschichtigen Aufbau:<br \/>\nObere Schicht aus wei\u00dfem, weichem Vliesstoff,<br \/>\nSaugkissen aus Zellstoff und Zellulose,<br \/>\nUntere Schicht aus blauem, wasserabweisendem Vliesstoff.<\/p>\n<p>MULTIabsorb Kompresse nimmt auch gro\u00dfe Fl\u00fcssigkeitsmengen hervorragend auf.<\/p>\n<p>Empfohlen f\u00fcr chirurgische Wunden und Wunden mit starker Exsudation.<\/p>\n","protected":false},"excerpt":{"rendered":"<p>Die sterile MULTIabsorb Kompresse besteht aus Vliesstoff und Zellstoff. Sie hat einen mehrschichtigen Aufbau: Obere Schicht aus wei\u00dfem, weichem Vliesstoff, Saugkissen aus Zellstoff und Zellulose, Untere Schicht aus blauem, wasserabweisendem Vliesstoff. MULTIabsorb Kompresse nimmt auch gro\u00dfe Fl\u00fcssigkeitsmengen hervorragend auf. Empfohlen f\u00fcr chirurgische Wunden und Wunden mit starker Exsudation.<\/p>\n","protected":false},"featured_media":8493,"comment_status":"closed","ping_status":"open","template":"","meta":{"site-sidebar-layout":"default","site-content-layout":"","ast-site-content-layout":"default","site-content-style":"default","site-sidebar-style":"default","ast-global-header-display":"","ast-banner-title-visibility":"","ast-main-header-display":"","ast-hfb-above-header-display":"","ast-hfb-below-header-display":"","ast-hfb-mobile-header-display":"","site-post-title":"","ast-breadcrumbs-content":"","ast-featured-img":"","footer-sml-layout":"","ast-disable-related-posts":"","theme-transparent-header-meta":"","adv-header-id-meta":"","stick-header-meta":"","header-above-stick-meta":"","header-main-stick-meta":"","header-below-stick-meta":"","astra-migrate-meta-layouts":"default","ast-page-background-enabled":"default","ast-page-background-meta":{"desktop":{"background-color":"var(--ast-global-color-4)","background-image":"","background-repeat":"repeat","background-position":"center center","background-size":"auto","background-attachment":"scroll","background-type":"","background-media":"","overlay-type":"","overlay-color":"","overlay-opacity":"","overlay-gradient":""},"tablet":{"background-color":"","background-image":"","background-repeat":"repeat","background-position":"center center","background-size":"auto","background-attachment":"scroll","background-type":"","background-media":"","overlay-type":"","overlay-color":"","overlay-opacity":"","overlay-gradient":""},"mobile":{"background-color":"","background-image":"","background-repeat":"repeat","background-position":"center center","background-size":"auto","background-attachment":"scroll","background-type":"","background-media":"","overlay-type":"","overlay-color":"","overlay-opacity":"","overlay-gradient":""}},"ast-content-background-meta":{"desktop":{"background-color":"var(--ast-global-color-5)","background-image":"","background-repeat":"repeat","background-position":"center center","background-size":"auto","background-attachment":"scroll","background-type":"","background-media":"","overlay-type":"","overlay-color":"","overlay-opacity":"","overlay-gradient":""},"tablet":{"background-color":"var(--ast-global-color-5)","background-image":"","background-repeat":"repeat","background-position":"center center","background-size":"auto","background-attachment":"scroll","background-type":"","background-media":"","overlay-type":"","overlay-color":"","overlay-opacity":"","overlay-gradient":""},"mobile":{"background-color":"var(--ast-global-color-5)","background-image":"","background-repeat":"repeat","background-position":"center center","background-size":"auto","background-attachment":"scroll","background-type":"","background-media":"","overlay-type":"","overlay-color":"","overlay-opacity":"","overlay-gradient":""}}},"product_brand":[],"product_cat":[55],"product_tag":[],"class_list":{"0":"post-9271","1":"product","2":"type-product","3":"status-publish","4":"has-post-thumbnail","6":"product_cat-med-tattoo-de","7":"desktop-align-left","8":"tablet-align-left","9":"mobile-align-left","10":"ast-product-gallery-layout-horizontal-slider","11":"ast-product-tabs-layout-distributed","13":"first","14":"instock","15":"purchasable","16":"product-type-simple"},"yoast_head":"<!-- This site is optimized with the Yoast SEO plugin v27.4 - https:\/\/yoast.com\/product\/yoast-seo-wordpress\/ -->\n<title>MULTIabsorb S 10cm x 20cm 1St. Hochsaugf\u00e4hige Kompresse; Vliesstoff aus Zellulose, steril - MED.TATTOO<\/title>\n<meta name=\"robots\" content=\"index, follow, max-snippet:-1, max-image-preview:large, max-video-preview:-1\" \/>\n<link rel=\"canonical\" href=\"https:\/\/med.tattoo\/de\/produkt\/multiabsorb-s-10cm-x-20cm-1st-hochsaugfaehige-kompresse-vliesstoff-aus-zellulose-steril\/\" \/>\n<meta property=\"og:locale\" content=\"de_DE\" \/>\n<meta property=\"og:type\" content=\"article\" \/>\n<meta property=\"og:title\" content=\"MULTIabsorb S 10cm x 20cm 1St. Hochsaugf\u00e4hige Kompresse; Vliesstoff aus Zellulose, steril - MED.TATTOO\" \/>\n<meta property=\"og:description\" content=\"Die sterile MULTIabsorb Kompresse besteht aus Vliesstoff und Zellstoff. Sie hat einen mehrschichtigen Aufbau: Obere Schicht aus wei\u00dfem, weichem Vliesstoff, Saugkissen aus Zellstoff und Zellulose, Untere Schicht aus blauem, wasserabweisendem Vliesstoff. MULTIabsorb Kompresse nimmt auch gro\u00dfe Fl\u00fcssigkeitsmengen hervorragend auf. Empfohlen f\u00fcr chirurgische Wunden und Wunden mit starker Exsudation.\" \/>\n<meta property=\"og:url\" content=\"https:\/\/med.tattoo\/de\/produkt\/multiabsorb-s-10cm-x-20cm-1st-hochsaugfaehige-kompresse-vliesstoff-aus-zellulose-steril\/\" \/>\n<meta property=\"og:site_name\" content=\"MED.TATTOO\" \/>\n<meta property=\"article:publisher\" content=\"https:\/\/www.facebook.com\/profile.php?id=100084366705613\" \/>\n<meta name=\"twitter:card\" content=\"summary_large_image\" \/>\n<script type=\"application\/ld+json\" class=\"yoast-schema-graph\">{\"@context\":\"https:\\\/\\\/schema.org\",\"@graph\":[{\"@type\":\"WebPage\",\"@id\":\"https:\\\/\\\/med.tattoo\\\/de\\\/produkt\\\/multiabsorb-s-10cm-x-20cm-1st-hochsaugfaehige-kompresse-vliesstoff-aus-zellulose-steril\\\/\",\"url\":\"https:\\\/\\\/med.tattoo\\\/de\\\/produkt\\\/multiabsorb-s-10cm-x-20cm-1st-hochsaugfaehige-kompresse-vliesstoff-aus-zellulose-steril\\\/\",\"name\":\"MULTIabsorb S 10cm x 20cm 1St. Hochsaugf\u00e4hige Kompresse; Vliesstoff aus Zellulose, steril - MED.TATTOO\",\"isPartOf\":{\"@id\":\"https:\\\/\\\/med.tattoo\\\/de\\\/#website\"},\"primaryImageOfPage\":{\"@id\":\"https:\\\/\\\/med.tattoo\\\/de\\\/produkt\\\/multiabsorb-s-10cm-x-20cm-1st-hochsaugfaehige-kompresse-vliesstoff-aus-zellulose-steril\\\/#primaryimage\"},\"image\":{\"@id\":\"https:\\\/\\\/med.tattoo\\\/de\\\/produkt\\\/multiabsorb-s-10cm-x-20cm-1st-hochsaugfaehige-kompresse-vliesstoff-aus-zellulose-steril\\\/#primaryimage\"},\"thumbnailUrl\":\"https:\\\/\\\/med.tattoo\\\/wp-content\\\/uploads\\\/2025\\\/05\\\/2620_multiabsorb-s-10cm-x-20cm-1szt-kompres-wysokochlon_1744877401.jpg\",\"datePublished\":\"2025-05-15T05:16:57+00:00\",\"breadcrumb\":{\"@id\":\"https:\\\/\\\/med.tattoo\\\/de\\\/produkt\\\/multiabsorb-s-10cm-x-20cm-1st-hochsaugfaehige-kompresse-vliesstoff-aus-zellulose-steril\\\/#breadcrumb\"},\"inLanguage\":\"de\",\"potentialAction\":[{\"@type\":\"ReadAction\",\"target\":[\"https:\\\/\\\/med.tattoo\\\/de\\\/produkt\\\/multiabsorb-s-10cm-x-20cm-1st-hochsaugfaehige-kompresse-vliesstoff-aus-zellulose-steril\\\/\"]}]},{\"@type\":\"ImageObject\",\"inLanguage\":\"de\",\"@id\":\"https:\\\/\\\/med.tattoo\\\/de\\\/produkt\\\/multiabsorb-s-10cm-x-20cm-1st-hochsaugfaehige-kompresse-vliesstoff-aus-zellulose-steril\\\/#primaryimage\",\"url\":\"https:\\\/\\\/med.tattoo\\\/wp-content\\\/uploads\\\/2025\\\/05\\\/2620_multiabsorb-s-10cm-x-20cm-1szt-kompres-wysokochlon_1744877401.jpg\",\"contentUrl\":\"https:\\\/\\\/med.tattoo\\\/wp-content\\\/uploads\\\/2025\\\/05\\\/2620_multiabsorb-s-10cm-x-20cm-1szt-kompres-wysokochlon_1744877401.jpg\",\"width\":628,\"height\":475},{\"@type\":\"BreadcrumbList\",\"@id\":\"https:\\\/\\\/med.tattoo\\\/de\\\/produkt\\\/multiabsorb-s-10cm-x-20cm-1st-hochsaugfaehige-kompresse-vliesstoff-aus-zellulose-steril\\\/#breadcrumb\",\"itemListElement\":[{\"@type\":\"ListItem\",\"position\":1,\"name\":\"Strona G\u0142\u00f3wna\",\"item\":\"https:\\\/\\\/med.tattoo\\\/de\\\/\"},{\"@type\":\"ListItem\",\"position\":2,\"name\":\"Shop\",\"item\":\"https:\\\/\\\/med.tattoo\\\/de\\\/shop\\\/\"},{\"@type\":\"ListItem\",\"position\":3,\"name\":\"MULTIabsorb S 10cm x 20cm 1St. Hochsaugf\u00e4hige Kompresse; Vliesstoff aus Zellulose, steril\"}]},{\"@type\":\"WebSite\",\"@id\":\"https:\\\/\\\/med.tattoo\\\/de\\\/#website\",\"url\":\"https:\\\/\\\/med.tattoo\\\/de\\\/\",\"name\":\"MED.TATTOO\",\"description\":\"Wszystko dla Twojego tatua\u017cu\",\"publisher\":{\"@id\":\"https:\\\/\\\/med.tattoo\\\/de\\\/#organization\"},\"potentialAction\":[{\"@type\":\"SearchAction\",\"target\":{\"@type\":\"EntryPoint\",\"urlTemplate\":\"https:\\\/\\\/med.tattoo\\\/de\\\/?s={search_term_string}\"},\"query-input\":{\"@type\":\"PropertyValueSpecification\",\"valueRequired\":true,\"valueName\":\"search_term_string\"}}],\"inLanguage\":\"de\"},{\"@type\":\"Organization\",\"@id\":\"https:\\\/\\\/med.tattoo\\\/de\\\/#organization\",\"name\":\"MED.TATTOO\",\"url\":\"https:\\\/\\\/med.tattoo\\\/de\\\/\",\"logo\":{\"@type\":\"ImageObject\",\"inLanguage\":\"de\",\"@id\":\"https:\\\/\\\/med.tattoo\\\/de\\\/#\\\/schema\\\/logo\\\/image\\\/\",\"url\":\"https:\\\/\\\/med.tattoo\\\/wp-content\\\/uploads\\\/2025\\\/05\\\/Bez-tytulu-600S300-px-1-e1658908183800.png\",\"contentUrl\":\"https:\\\/\\\/med.tattoo\\\/wp-content\\\/uploads\\\/2025\\\/05\\\/Bez-tytulu-600S300-px-1-e1658908183800.png\",\"width\":600,\"height\":61,\"caption\":\"MED.TATTOO\"},\"image\":{\"@id\":\"https:\\\/\\\/med.tattoo\\\/de\\\/#\\\/schema\\\/logo\\\/image\\\/\"},\"sameAs\":[\"https:\\\/\\\/www.facebook.com\\\/profile.php?id=100084366705613\",\"https:\\\/\\\/www.instagram.com\\\/med.tattoo_official\\\/\"]}]}<\/script>\n<!-- \/ Yoast SEO plugin. -->","yoast_head_json":{"title":"MULTIabsorb S 10cm x 20cm 1St. Hochsaugf\u00e4hige Kompresse; Vliesstoff aus Zellulose, steril - MED.TATTOO","robots":{"index":"index","follow":"follow","max-snippet":"max-snippet:-1","max-image-preview":"max-image-preview:large","max-video-preview":"max-video-preview:-1"},"canonical":"https:\/\/med.tattoo\/de\/produkt\/multiabsorb-s-10cm-x-20cm-1st-hochsaugfaehige-kompresse-vliesstoff-aus-zellulose-steril\/","og_locale":"de_DE","og_type":"article","og_title":"MULTIabsorb S 10cm x 20cm 1St. Hochsaugf\u00e4hige Kompresse; Vliesstoff aus Zellulose, steril - MED.TATTOO","og_description":"Die sterile MULTIabsorb Kompresse besteht aus Vliesstoff und Zellstoff. Sie hat einen mehrschichtigen Aufbau: Obere Schicht aus wei\u00dfem, weichem Vliesstoff, Saugkissen aus Zellstoff und Zellulose, Untere Schicht aus blauem, wasserabweisendem Vliesstoff. MULTIabsorb Kompresse nimmt auch gro\u00dfe Fl\u00fcssigkeitsmengen hervorragend auf. Empfohlen f\u00fcr chirurgische Wunden und Wunden mit starker Exsudation.","og_url":"https:\/\/med.tattoo\/de\/produkt\/multiabsorb-s-10cm-x-20cm-1st-hochsaugfaehige-kompresse-vliesstoff-aus-zellulose-steril\/","og_site_name":"MED.TATTOO","article_publisher":"https:\/\/www.facebook.com\/profile.php?id=100084366705613","twitter_card":"summary_large_image","schema":{"@context":"https:\/\/schema.org","@graph":[{"@type":"WebPage","@id":"https:\/\/med.tattoo\/de\/produkt\/multiabsorb-s-10cm-x-20cm-1st-hochsaugfaehige-kompresse-vliesstoff-aus-zellulose-steril\/","url":"https:\/\/med.tattoo\/de\/produkt\/multiabsorb-s-10cm-x-20cm-1st-hochsaugfaehige-kompresse-vliesstoff-aus-zellulose-steril\/","name":"MULTIabsorb S 10cm x 20cm 1St. Hochsaugf\u00e4hige Kompresse; Vliesstoff aus Zellulose, steril - MED.TATTOO","isPartOf":{"@id":"https:\/\/med.tattoo\/de\/#website"},"primaryImageOfPage":{"@id":"https:\/\/med.tattoo\/de\/produkt\/multiabsorb-s-10cm-x-20cm-1st-hochsaugfaehige-kompresse-vliesstoff-aus-zellulose-steril\/#primaryimage"},"image":{"@id":"https:\/\/med.tattoo\/de\/produkt\/multiabsorb-s-10cm-x-20cm-1st-hochsaugfaehige-kompresse-vliesstoff-aus-zellulose-steril\/#primaryimage"},"thumbnailUrl":"https:\/\/med.tattoo\/wp-content\/uploads\/2025\/05\/2620_multiabsorb-s-10cm-x-20cm-1szt-kompres-wysokochlon_1744877401.jpg","datePublished":"2025-05-15T05:16:57+00:00","breadcrumb":{"@id":"https:\/\/med.tattoo\/de\/produkt\/multiabsorb-s-10cm-x-20cm-1st-hochsaugfaehige-kompresse-vliesstoff-aus-zellulose-steril\/#breadcrumb"},"inLanguage":"de","potentialAction":[{"@type":"ReadAction","target":["https:\/\/med.tattoo\/de\/produkt\/multiabsorb-s-10cm-x-20cm-1st-hochsaugfaehige-kompresse-vliesstoff-aus-zellulose-steril\/"]}]},{"@type":"ImageObject","inLanguage":"de","@id":"https:\/\/med.tattoo\/de\/produkt\/multiabsorb-s-10cm-x-20cm-1st-hochsaugfaehige-kompresse-vliesstoff-aus-zellulose-steril\/#primaryimage","url":"https:\/\/med.tattoo\/wp-content\/uploads\/2025\/05\/2620_multiabsorb-s-10cm-x-20cm-1szt-kompres-wysokochlon_1744877401.jpg","contentUrl":"https:\/\/med.tattoo\/wp-content\/uploads\/2025\/05\/2620_multiabsorb-s-10cm-x-20cm-1szt-kompres-wysokochlon_1744877401.jpg","width":628,"height":475},{"@type":"BreadcrumbList","@id":"https:\/\/med.tattoo\/de\/produkt\/multiabsorb-s-10cm-x-20cm-1st-hochsaugfaehige-kompresse-vliesstoff-aus-zellulose-steril\/#breadcrumb","itemListElement":[{"@type":"ListItem","position":1,"name":"Strona G\u0142\u00f3wna","item":"https:\/\/med.tattoo\/de\/"},{"@type":"ListItem","position":2,"name":"Shop","item":"https:\/\/med.tattoo\/de\/shop\/"},{"@type":"ListItem","position":3,"name":"MULTIabsorb S 10cm x 20cm 1St. Hochsaugf\u00e4hige Kompresse; Vliesstoff aus Zellulose, steril"}]},{"@type":"WebSite","@id":"https:\/\/med.tattoo\/de\/#website","url":"https:\/\/med.tattoo\/de\/","name":"MED.TATTOO","description":"Wszystko dla Twojego tatua\u017cu","publisher":{"@id":"https:\/\/med.tattoo\/de\/#organization"},"potentialAction":[{"@type":"SearchAction","target":{"@type":"EntryPoint","urlTemplate":"https:\/\/med.tattoo\/de\/?s={search_term_string}"},"query-input":{"@type":"PropertyValueSpecification","valueRequired":true,"valueName":"search_term_string"}}],"inLanguage":"de"},{"@type":"Organization","@id":"https:\/\/med.tattoo\/de\/#organization","name":"MED.TATTOO","url":"https:\/\/med.tattoo\/de\/","logo":{"@type":"ImageObject","inLanguage":"de","@id":"https:\/\/med.tattoo\/de\/#\/schema\/logo\/image\/","url":"https:\/\/med.tattoo\/wp-content\/uploads\/2025\/05\/Bez-tytulu-600S300-px-1-e1658908183800.png","contentUrl":"https:\/\/med.tattoo\/wp-content\/uploads\/2025\/05\/Bez-tytulu-600S300-px-1-e1658908183800.png","width":600,"height":61,"caption":"MED.TATTOO"},"image":{"@id":"https:\/\/med.tattoo\/de\/#\/schema\/logo\/image\/"},"sameAs":["https:\/\/www.facebook.com\/profile.php?id=100084366705613","https:\/\/www.instagram.com\/med.tattoo_official\/"]}]}},"_links":{"self":[{"href":"https:\/\/med.tattoo\/de\/wp-json\/wp\/v2\/product\/9271","targetHints":{"allow":["GET"]}}],"collection":[{"href":"https:\/\/med.tattoo\/de\/wp-json\/wp\/v2\/product"}],"about":[{"href":"https:\/\/med.tattoo\/de\/wp-json\/wp\/v2\/types\/product"}],"replies":[{"embeddable":true,"href":"https:\/\/med.tattoo\/de\/wp-json\/wp\/v2\/comments?post=9271"}],"wp:featuredmedia":[{"embeddable":true,"href":"https:\/\/med.tattoo\/de\/wp-json\/wp\/v2\/media\/8493"}],"wp:attachment":[{"href":"https:\/\/med.tattoo\/de\/wp-json\/wp\/v2\/media?parent=9271"}],"wp:term":[{"taxonomy":"product_brand","embeddable":true,"href":"https:\/\/med.tattoo\/de\/wp-json\/wp\/v2\/product_brand?post=9271"},{"taxonomy":"product_cat","embeddable":true,"href":"https:\/\/med.tattoo\/de\/wp-json\/wp\/v2\/product_cat?post=9271"},{"taxonomy":"product_tag","embeddable":true,"href":"https:\/\/med.tattoo\/de\/wp-json\/wp\/v2\/product_tag?post=9271"}],"curies":[{"name":"wp","href":"https:\/\/api.w.org\/{rel}","templated":true}]}}