{"id":9363,"date":"2025-05-15T07:33:19","date_gmt":"2025-05-15T05:33:19","guid":{"rendered":"https:\/\/med.tattoo\/produkt\/velox-tuecherbox-duo-alkoholtuecher-100-stueck\/"},"modified":"2025-05-15T07:33:19","modified_gmt":"2025-05-15T05:33:19","slug":"velox-tuecherbox-duo-alkoholtuecher-100-stueck","status":"publish","type":"product","link":"https:\/\/med.tattoo\/de\/produkt\/velox-tuecherbox-duo-alkoholtuecher-100-stueck\/","title":{"rendered":"Velox T\u00fccherbox DUO Alkoholt\u00fccher 100 St\u00fcck"},"content":{"rendered":"<p>Velox\u00ae Wischt\u00fccher werden speziell f\u00fcr die Reinigung und Schnelldesinfektion von kleinen Fl\u00e4chen und medizinischen Ger\u00e4ten empfohlen: Behandlungsliegen und -st\u00fchle, medizinische Ger\u00e4te. Es wird auch f\u00fcr die Desinfektion von zahn\u00e4rztlichen Handst\u00fccken vor dem Sterilisationsprozess empfohlen. Das Produkt enth\u00e4lt kein Aldehyd und kein Phenol, so dass es die desinfizierten Fl\u00e4chen nicht verf\u00e4rbt. Dank der innovativen Formel, die auf der Synergie von Tensiden und der Nano-Micelle-Technologie basiert, verf\u00fcgt das Produkt \u00fcber ein breites Desinfektionsspektrum und au\u00dfergew\u00f6hnliche Reinigungseigenschaften. Haben Sie eine positive Meinung von dem Medizintechnikhersteller Famed. Sie haben einen angenehm frischen Duft.     <\/p>\n<p>Legen Sie die Patrone in die Dose. Nehmen Sie das Tuch aus der Verpackung und wischen Sie die Oberfl\u00e4che damit ab. Verschlie\u00dfen Sie den Deckel der Dose fest. Verwenden Sie die Verpackung nach dem \u00d6ffnen innerhalb von 21 Tagen. Nicht verwenden, wenn das Tuch trocken ist. Nicht auf alkoholempfindlichen Oberfl\u00e4chen (z.B. Acrylglas) verwenden. Das Produkt ist f\u00fcr die Verwendung durch einen professionellen Anwender bestimmt.      <\/p>\n","protected":false},"excerpt":{"rendered":"<p>Velox\u00ae Wischt\u00fccher werden speziell f\u00fcr die Reinigung und Schnelldesinfektion von kleinen Fl\u00e4chen und medizinischen Ger\u00e4ten empfohlen: Behandlungsliegen und -st\u00fchle, medizinische Ger\u00e4te. Es wird auch f\u00fcr die Desinfektion von zahn\u00e4rztlichen Handst\u00fccken vor dem Sterilisationsprozess empfohlen. Das Produkt enth\u00e4lt kein Aldehyd und kein Phenol, so dass es die desinfizierten Fl\u00e4chen nicht verf\u00e4rbt. Dank der innovativen Formel, die [&hellip;]<\/p>\n","protected":false},"featured_media":8172,"comment_status":"closed","ping_status":"open","template":"","meta":{"site-sidebar-layout":"default","site-content-layout":"","ast-site-content-layout":"default","site-content-style":"default","site-sidebar-style":"default","ast-global-header-display":"","ast-banner-title-visibility":"","ast-main-header-display":"","ast-hfb-above-header-display":"","ast-hfb-below-header-display":"","ast-hfb-mobile-header-display":"","site-post-title":"","ast-breadcrumbs-content":"","ast-featured-img":"","footer-sml-layout":"","ast-disable-related-posts":"","theme-transparent-header-meta":"","adv-header-id-meta":"","stick-header-meta":"","header-above-stick-meta":"","header-main-stick-meta":"","header-below-stick-meta":"","astra-migrate-meta-layouts":"default","ast-page-background-enabled":"default","ast-page-background-meta":{"desktop":{"background-color":"var(--ast-global-color-4)","background-image":"","background-repeat":"repeat","background-position":"center center","background-size":"auto","background-attachment":"scroll","background-type":"","background-media":"","overlay-type":"","overlay-color":"","overlay-opacity":"","overlay-gradient":""},"tablet":{"background-color":"","background-image":"","background-repeat":"repeat","background-position":"center center","background-size":"auto","background-attachment":"scroll","background-type":"","background-media":"","overlay-type":"","overlay-color":"","overlay-opacity":"","overlay-gradient":""},"mobile":{"background-color":"","background-image":"","background-repeat":"repeat","background-position":"center center","background-size":"auto","background-attachment":"scroll","background-type":"","background-media":"","overlay-type":"","overlay-color":"","overlay-opacity":"","overlay-gradient":""}},"ast-content-background-meta":{"desktop":{"background-color":"var(--ast-global-color-5)","background-image":"","background-repeat":"repeat","background-position":"center center","background-size":"auto","background-attachment":"scroll","background-type":"","background-media":"","overlay-type":"","overlay-color":"","overlay-opacity":"","overlay-gradient":""},"tablet":{"background-color":"var(--ast-global-color-5)","background-image":"","background-repeat":"repeat","background-position":"center center","background-size":"auto","background-attachment":"scroll","background-type":"","background-media":"","overlay-type":"","overlay-color":"","overlay-opacity":"","overlay-gradient":""},"mobile":{"background-color":"var(--ast-global-color-5)","background-image":"","background-repeat":"repeat","background-position":"center center","background-size":"auto","background-attachment":"scroll","background-type":"","background-media":"","overlay-type":"","overlay-color":"","overlay-opacity":"","overlay-gradient":""}}},"product_brand":[],"product_cat":[55],"product_tag":[],"class_list":{"0":"post-9363","1":"product","2":"type-product","3":"status-publish","4":"has-post-thumbnail","6":"product_cat-med-tattoo-de","7":"desktop-align-left","8":"tablet-align-left","9":"mobile-align-left","10":"ast-product-gallery-layout-horizontal-slider","11":"ast-product-gallery-with-no-image","12":"ast-product-tabs-layout-distributed","14":"first","15":"instock","16":"purchasable","17":"product-type-simple"},"yoast_head":"<!-- This site is optimized with the Yoast SEO plugin v27.3 - https:\/\/yoast.com\/product\/yoast-seo-wordpress\/ -->\n<title>Velox T\u00fccherbox DUO Alkoholt\u00fccher 100 St\u00fcck - MED.TATTOO<\/title>\n<meta name=\"robots\" content=\"index, follow, max-snippet:-1, max-image-preview:large, max-video-preview:-1\" \/>\n<link rel=\"canonical\" href=\"https:\/\/med.tattoo\/de\/produkt\/velox-tuecherbox-duo-alkoholtuecher-100-stueck\/\" \/>\n<meta property=\"og:locale\" content=\"de_DE\" \/>\n<meta property=\"og:type\" content=\"article\" \/>\n<meta property=\"og:title\" content=\"Velox T\u00fccherbox DUO Alkoholt\u00fccher 100 St\u00fcck - MED.TATTOO\" \/>\n<meta property=\"og:description\" content=\"Velox\u00ae Wischt\u00fccher werden speziell f\u00fcr die Reinigung und Schnelldesinfektion von kleinen Fl\u00e4chen und medizinischen Ger\u00e4ten empfohlen: Behandlungsliegen und -st\u00fchle, medizinische Ger\u00e4te. Es wird auch f\u00fcr die Desinfektion von zahn\u00e4rztlichen Handst\u00fccken vor dem Sterilisationsprozess empfohlen. Das Produkt enth\u00e4lt kein Aldehyd und kein Phenol, so dass es die desinfizierten Fl\u00e4chen nicht verf\u00e4rbt. Dank der innovativen Formel, die [&hellip;]\" \/>\n<meta property=\"og:url\" content=\"https:\/\/med.tattoo\/de\/produkt\/velox-tuecherbox-duo-alkoholtuecher-100-stueck\/\" \/>\n<meta property=\"og:site_name\" content=\"MED.TATTOO\" \/>\n<meta property=\"article:publisher\" content=\"https:\/\/www.facebook.com\/profile.php?id=100084366705613\" \/>\n<meta name=\"twitter:card\" content=\"summary_large_image\" \/>\n<meta name=\"twitter:label1\" content=\"Gesch\u00e4tzte Lesezeit\" \/>\n\t<meta name=\"twitter:data1\" content=\"1\u00a0Minute\" \/>\n<script type=\"application\/ld+json\" class=\"yoast-schema-graph\">{\"@context\":\"https:\\\/\\\/schema.org\",\"@graph\":[{\"@type\":\"WebPage\",\"@id\":\"https:\\\/\\\/med.tattoo\\\/de\\\/produkt\\\/velox-tuecherbox-duo-alkoholtuecher-100-stueck\\\/\",\"url\":\"https:\\\/\\\/med.tattoo\\\/de\\\/produkt\\\/velox-tuecherbox-duo-alkoholtuecher-100-stueck\\\/\",\"name\":\"Velox T\u00fccherbox DUO Alkoholt\u00fccher 100 St\u00fcck - MED.TATTOO\",\"isPartOf\":{\"@id\":\"https:\\\/\\\/med.tattoo\\\/de\\\/#website\"},\"primaryImageOfPage\":{\"@id\":\"https:\\\/\\\/med.tattoo\\\/de\\\/produkt\\\/velox-tuecherbox-duo-alkoholtuecher-100-stueck\\\/#primaryimage\"},\"image\":{\"@id\":\"https:\\\/\\\/med.tattoo\\\/de\\\/produkt\\\/velox-tuecherbox-duo-alkoholtuecher-100-stueck\\\/#primaryimage\"},\"thumbnailUrl\":\"https:\\\/\\\/med.tattoo\\\/wp-content\\\/uploads\\\/2025\\\/05\\\/845_velox-wipes-box-duo-chusteczki-alkoholowe-100-szt_1744007035.jpg\",\"datePublished\":\"2025-05-15T05:33:19+00:00\",\"breadcrumb\":{\"@id\":\"https:\\\/\\\/med.tattoo\\\/de\\\/produkt\\\/velox-tuecherbox-duo-alkoholtuecher-100-stueck\\\/#breadcrumb\"},\"inLanguage\":\"de\",\"potentialAction\":[{\"@type\":\"ReadAction\",\"target\":[\"https:\\\/\\\/med.tattoo\\\/de\\\/produkt\\\/velox-tuecherbox-duo-alkoholtuecher-100-stueck\\\/\"]}]},{\"@type\":\"ImageObject\",\"inLanguage\":\"de\",\"@id\":\"https:\\\/\\\/med.tattoo\\\/de\\\/produkt\\\/velox-tuecherbox-duo-alkoholtuecher-100-stueck\\\/#primaryimage\",\"url\":\"https:\\\/\\\/med.tattoo\\\/wp-content\\\/uploads\\\/2025\\\/05\\\/845_velox-wipes-box-duo-chusteczki-alkoholowe-100-szt_1744007035.jpg\",\"contentUrl\":\"https:\\\/\\\/med.tattoo\\\/wp-content\\\/uploads\\\/2025\\\/05\\\/845_velox-wipes-box-duo-chusteczki-alkoholowe-100-szt_1744007035.jpg\",\"width\":777,\"height\":1000},{\"@type\":\"BreadcrumbList\",\"@id\":\"https:\\\/\\\/med.tattoo\\\/de\\\/produkt\\\/velox-tuecherbox-duo-alkoholtuecher-100-stueck\\\/#breadcrumb\",\"itemListElement\":[{\"@type\":\"ListItem\",\"position\":1,\"name\":\"Strona G\u0142\u00f3wna\",\"item\":\"https:\\\/\\\/med.tattoo\\\/de\\\/\"},{\"@type\":\"ListItem\",\"position\":2,\"name\":\"Shop\",\"item\":\"https:\\\/\\\/med.tattoo\\\/de\\\/shop\\\/\"},{\"@type\":\"ListItem\",\"position\":3,\"name\":\"Velox T\u00fccherbox DUO Alkoholt\u00fccher 100 St\u00fcck\"}]},{\"@type\":\"WebSite\",\"@id\":\"https:\\\/\\\/med.tattoo\\\/de\\\/#website\",\"url\":\"https:\\\/\\\/med.tattoo\\\/de\\\/\",\"name\":\"MED.TATTOO\",\"description\":\"Wszystko dla Twojego tatua\u017cu\",\"publisher\":{\"@id\":\"https:\\\/\\\/med.tattoo\\\/de\\\/#organization\"},\"potentialAction\":[{\"@type\":\"SearchAction\",\"target\":{\"@type\":\"EntryPoint\",\"urlTemplate\":\"https:\\\/\\\/med.tattoo\\\/de\\\/?s={search_term_string}\"},\"query-input\":{\"@type\":\"PropertyValueSpecification\",\"valueRequired\":true,\"valueName\":\"search_term_string\"}}],\"inLanguage\":\"de\"},{\"@type\":\"Organization\",\"@id\":\"https:\\\/\\\/med.tattoo\\\/de\\\/#organization\",\"name\":\"MED.TATTOO\",\"url\":\"https:\\\/\\\/med.tattoo\\\/de\\\/\",\"logo\":{\"@type\":\"ImageObject\",\"inLanguage\":\"de\",\"@id\":\"https:\\\/\\\/med.tattoo\\\/de\\\/#\\\/schema\\\/logo\\\/image\\\/\",\"url\":\"https:\\\/\\\/med.tattoo\\\/wp-content\\\/uploads\\\/2025\\\/05\\\/Bez-tytulu-600S300-px-1-e1658908183800.png\",\"contentUrl\":\"https:\\\/\\\/med.tattoo\\\/wp-content\\\/uploads\\\/2025\\\/05\\\/Bez-tytulu-600S300-px-1-e1658908183800.png\",\"width\":600,\"height\":61,\"caption\":\"MED.TATTOO\"},\"image\":{\"@id\":\"https:\\\/\\\/med.tattoo\\\/de\\\/#\\\/schema\\\/logo\\\/image\\\/\"},\"sameAs\":[\"https:\\\/\\\/www.facebook.com\\\/profile.php?id=100084366705613\",\"https:\\\/\\\/www.instagram.com\\\/med.tattoo_official\\\/\"]}]}<\/script>\n<!-- \/ Yoast SEO plugin. -->","yoast_head_json":{"title":"Velox T\u00fccherbox DUO Alkoholt\u00fccher 100 St\u00fcck - MED.TATTOO","robots":{"index":"index","follow":"follow","max-snippet":"max-snippet:-1","max-image-preview":"max-image-preview:large","max-video-preview":"max-video-preview:-1"},"canonical":"https:\/\/med.tattoo\/de\/produkt\/velox-tuecherbox-duo-alkoholtuecher-100-stueck\/","og_locale":"de_DE","og_type":"article","og_title":"Velox T\u00fccherbox DUO Alkoholt\u00fccher 100 St\u00fcck - MED.TATTOO","og_description":"Velox\u00ae Wischt\u00fccher werden speziell f\u00fcr die Reinigung und Schnelldesinfektion von kleinen Fl\u00e4chen und medizinischen Ger\u00e4ten empfohlen: Behandlungsliegen und -st\u00fchle, medizinische Ger\u00e4te. Es wird auch f\u00fcr die Desinfektion von zahn\u00e4rztlichen Handst\u00fccken vor dem Sterilisationsprozess empfohlen. Das Produkt enth\u00e4lt kein Aldehyd und kein Phenol, so dass es die desinfizierten Fl\u00e4chen nicht verf\u00e4rbt. Dank der innovativen Formel, die [&hellip;]","og_url":"https:\/\/med.tattoo\/de\/produkt\/velox-tuecherbox-duo-alkoholtuecher-100-stueck\/","og_site_name":"MED.TATTOO","article_publisher":"https:\/\/www.facebook.com\/profile.php?id=100084366705613","twitter_card":"summary_large_image","twitter_misc":{"Gesch\u00e4tzte Lesezeit":"1\u00a0Minute"},"schema":{"@context":"https:\/\/schema.org","@graph":[{"@type":"WebPage","@id":"https:\/\/med.tattoo\/de\/produkt\/velox-tuecherbox-duo-alkoholtuecher-100-stueck\/","url":"https:\/\/med.tattoo\/de\/produkt\/velox-tuecherbox-duo-alkoholtuecher-100-stueck\/","name":"Velox T\u00fccherbox DUO Alkoholt\u00fccher 100 St\u00fcck - MED.TATTOO","isPartOf":{"@id":"https:\/\/med.tattoo\/de\/#website"},"primaryImageOfPage":{"@id":"https:\/\/med.tattoo\/de\/produkt\/velox-tuecherbox-duo-alkoholtuecher-100-stueck\/#primaryimage"},"image":{"@id":"https:\/\/med.tattoo\/de\/produkt\/velox-tuecherbox-duo-alkoholtuecher-100-stueck\/#primaryimage"},"thumbnailUrl":"https:\/\/med.tattoo\/wp-content\/uploads\/2025\/05\/845_velox-wipes-box-duo-chusteczki-alkoholowe-100-szt_1744007035.jpg","datePublished":"2025-05-15T05:33:19+00:00","breadcrumb":{"@id":"https:\/\/med.tattoo\/de\/produkt\/velox-tuecherbox-duo-alkoholtuecher-100-stueck\/#breadcrumb"},"inLanguage":"de","potentialAction":[{"@type":"ReadAction","target":["https:\/\/med.tattoo\/de\/produkt\/velox-tuecherbox-duo-alkoholtuecher-100-stueck\/"]}]},{"@type":"ImageObject","inLanguage":"de","@id":"https:\/\/med.tattoo\/de\/produkt\/velox-tuecherbox-duo-alkoholtuecher-100-stueck\/#primaryimage","url":"https:\/\/med.tattoo\/wp-content\/uploads\/2025\/05\/845_velox-wipes-box-duo-chusteczki-alkoholowe-100-szt_1744007035.jpg","contentUrl":"https:\/\/med.tattoo\/wp-content\/uploads\/2025\/05\/845_velox-wipes-box-duo-chusteczki-alkoholowe-100-szt_1744007035.jpg","width":777,"height":1000},{"@type":"BreadcrumbList","@id":"https:\/\/med.tattoo\/de\/produkt\/velox-tuecherbox-duo-alkoholtuecher-100-stueck\/#breadcrumb","itemListElement":[{"@type":"ListItem","position":1,"name":"Strona G\u0142\u00f3wna","item":"https:\/\/med.tattoo\/de\/"},{"@type":"ListItem","position":2,"name":"Shop","item":"https:\/\/med.tattoo\/de\/shop\/"},{"@type":"ListItem","position":3,"name":"Velox T\u00fccherbox DUO Alkoholt\u00fccher 100 St\u00fcck"}]},{"@type":"WebSite","@id":"https:\/\/med.tattoo\/de\/#website","url":"https:\/\/med.tattoo\/de\/","name":"MED.TATTOO","description":"Wszystko dla Twojego tatua\u017cu","publisher":{"@id":"https:\/\/med.tattoo\/de\/#organization"},"potentialAction":[{"@type":"SearchAction","target":{"@type":"EntryPoint","urlTemplate":"https:\/\/med.tattoo\/de\/?s={search_term_string}"},"query-input":{"@type":"PropertyValueSpecification","valueRequired":true,"valueName":"search_term_string"}}],"inLanguage":"de"},{"@type":"Organization","@id":"https:\/\/med.tattoo\/de\/#organization","name":"MED.TATTOO","url":"https:\/\/med.tattoo\/de\/","logo":{"@type":"ImageObject","inLanguage":"de","@id":"https:\/\/med.tattoo\/de\/#\/schema\/logo\/image\/","url":"https:\/\/med.tattoo\/wp-content\/uploads\/2025\/05\/Bez-tytulu-600S300-px-1-e1658908183800.png","contentUrl":"https:\/\/med.tattoo\/wp-content\/uploads\/2025\/05\/Bez-tytulu-600S300-px-1-e1658908183800.png","width":600,"height":61,"caption":"MED.TATTOO"},"image":{"@id":"https:\/\/med.tattoo\/de\/#\/schema\/logo\/image\/"},"sameAs":["https:\/\/www.facebook.com\/profile.php?id=100084366705613","https:\/\/www.instagram.com\/med.tattoo_official\/"]}]}},"_links":{"self":[{"href":"https:\/\/med.tattoo\/de\/wp-json\/wp\/v2\/product\/9363","targetHints":{"allow":["GET"]}}],"collection":[{"href":"https:\/\/med.tattoo\/de\/wp-json\/wp\/v2\/product"}],"about":[{"href":"https:\/\/med.tattoo\/de\/wp-json\/wp\/v2\/types\/product"}],"replies":[{"embeddable":true,"href":"https:\/\/med.tattoo\/de\/wp-json\/wp\/v2\/comments?post=9363"}],"wp:featuredmedia":[{"embeddable":true,"href":"https:\/\/med.tattoo\/de\/wp-json\/wp\/v2\/media\/8172"}],"wp:attachment":[{"href":"https:\/\/med.tattoo\/de\/wp-json\/wp\/v2\/media?parent=9363"}],"wp:term":[{"taxonomy":"product_brand","embeddable":true,"href":"https:\/\/med.tattoo\/de\/wp-json\/wp\/v2\/product_brand?post=9363"},{"taxonomy":"product_cat","embeddable":true,"href":"https:\/\/med.tattoo\/de\/wp-json\/wp\/v2\/product_cat?post=9363"},{"taxonomy":"product_tag","embeddable":true,"href":"https:\/\/med.tattoo\/de\/wp-json\/wp\/v2\/product_tag?post=9363"}],"curies":[{"name":"wp","href":"https:\/\/api.w.org\/{rel}","templated":true}]}}