{"id":9389,"date":"2025-05-15T07:16:57","date_gmt":"2025-05-15T05:16:57","guid":{"rendered":"https:\/\/med.tattoo\/produkt\/enzymex-l9-1l-reinigung-desinfektion-von-instrumenten\/"},"modified":"2025-05-15T07:16:57","modified_gmt":"2025-05-15T05:16:57","slug":"enzymex-l9-1l-reinigung-desinfektion-von-instrumenten","status":"publish","type":"product","link":"https:\/\/med.tattoo\/de\/produkt\/enzymex-l9-1l-reinigung-desinfektion-von-instrumenten\/","title":{"rendered":"Enzymex L9 1L Reinigung, Desinfektion von Instrumenten"},"content":{"rendered":"<p>Enzymex L9<\/p>\n<p>Dreifach-Enzymkonzentrat f\u00fcr die manuelle Reinigung und Desinfektion von Instrumenten, Endoskopen und anderen medizinischen Ger\u00e4ten.<br \/>\nFl\u00fcssiges Pr\u00e4parat mit ausgezeichneten Desinfektions- und Reinigungseigenschaften, breites biozides Spektrum in 10 Minuten: Bakterien, Mykobakterien, Hefen, Viren (HIV, HBV, HCV, Vaccinia\/Corona, Herpes), Konzentration der Arbeitsl\u00f6sung ab 0,5%, getestet unter verschmutzten Bedingungen gem\u00e4\u00df Phase 2\/1 und Phase 2\/2 der europ\u00e4ischen Normen. Ein Komplex aus drei Enzymen (Protease, Lipase, Amylase) in Kombination mit Detergenzien l\u00f6st organische Verunreinigungen (Blut, Eiter, Eiwei\u00df usw.) auf und verhindert deren Fixierung (Trocknung, Koagulation) und die Bildung von Biofilmen. Der neutrale pH-Wert und der antikorrosive Gehalt der L\u00f6sung sch\u00fctzen die Instrumente vor Besch\u00e4digung und Korrosion &#8211; die hohe Materialvertr\u00e4glichkeit wurde durch zahlreiche Tests best\u00e4tigt, die Instrumente k\u00f6nnen bis zu 72 Stunden lang sicher in der L\u00f6sung gelagert werden. Das Produkt bleibt unabh\u00e4ngig von der Wasserqualit\u00e4t aktiv und kann in Ultraschallreinigern und halbautomatischen Waschanlagen verwendet werden.   <\/p>\n","protected":false},"excerpt":{"rendered":"<p>Enzymex L9 Dreifach-Enzymkonzentrat f\u00fcr die manuelle Reinigung und Desinfektion von Instrumenten, Endoskopen und anderen medizinischen Ger\u00e4ten. Fl\u00fcssiges Pr\u00e4parat mit ausgezeichneten Desinfektions- und Reinigungseigenschaften, breites biozides Spektrum in 10 Minuten: Bakterien, Mykobakterien, Hefen, Viren (HIV, HBV, HCV, Vaccinia\/Corona, Herpes), Konzentration der Arbeitsl\u00f6sung ab 0,5%, getestet unter verschmutzten Bedingungen gem\u00e4\u00df Phase 2\/1 und Phase 2\/2 der europ\u00e4ischen [&hellip;]<\/p>\n","protected":false},"featured_media":7219,"comment_status":"closed","ping_status":"open","template":"","meta":{"site-sidebar-layout":"default","site-content-layout":"","ast-site-content-layout":"default","site-content-style":"default","site-sidebar-style":"default","ast-global-header-display":"","ast-banner-title-visibility":"","ast-main-header-display":"","ast-hfb-above-header-display":"","ast-hfb-below-header-display":"","ast-hfb-mobile-header-display":"","site-post-title":"","ast-breadcrumbs-content":"","ast-featured-img":"","footer-sml-layout":"","ast-disable-related-posts":"","theme-transparent-header-meta":"","adv-header-id-meta":"","stick-header-meta":"","header-above-stick-meta":"","header-main-stick-meta":"","header-below-stick-meta":"","astra-migrate-meta-layouts":"default","ast-page-background-enabled":"default","ast-page-background-meta":{"desktop":{"background-color":"var(--ast-global-color-4)","background-image":"","background-repeat":"repeat","background-position":"center center","background-size":"auto","background-attachment":"scroll","background-type":"","background-media":"","overlay-type":"","overlay-color":"","overlay-opacity":"","overlay-gradient":""},"tablet":{"background-color":"","background-image":"","background-repeat":"repeat","background-position":"center center","background-size":"auto","background-attachment":"scroll","background-type":"","background-media":"","overlay-type":"","overlay-color":"","overlay-opacity":"","overlay-gradient":""},"mobile":{"background-color":"","background-image":"","background-repeat":"repeat","background-position":"center center","background-size":"auto","background-attachment":"scroll","background-type":"","background-media":"","overlay-type":"","overlay-color":"","overlay-opacity":"","overlay-gradient":""}},"ast-content-background-meta":{"desktop":{"background-color":"var(--ast-global-color-5)","background-image":"","background-repeat":"repeat","background-position":"center center","background-size":"auto","background-attachment":"scroll","background-type":"","background-media":"","overlay-type":"","overlay-color":"","overlay-opacity":"","overlay-gradient":""},"tablet":{"background-color":"var(--ast-global-color-5)","background-image":"","background-repeat":"repeat","background-position":"center center","background-size":"auto","background-attachment":"scroll","background-type":"","background-media":"","overlay-type":"","overlay-color":"","overlay-opacity":"","overlay-gradient":""},"mobile":{"background-color":"var(--ast-global-color-5)","background-image":"","background-repeat":"repeat","background-position":"center center","background-size":"auto","background-attachment":"scroll","background-type":"","background-media":"","overlay-type":"","overlay-color":"","overlay-opacity":"","overlay-gradient":""}}},"product_brand":[],"product_cat":[55],"product_tag":[],"class_list":{"0":"post-9389","1":"product","2":"type-product","3":"status-publish","4":"has-post-thumbnail","6":"product_cat-med-tattoo-de","7":"desktop-align-left","8":"tablet-align-left","9":"mobile-align-left","10":"ast-product-gallery-layout-horizontal-slider","11":"ast-product-gallery-with-no-image","12":"ast-product-tabs-layout-distributed","14":"first","15":"instock","16":"purchasable","17":"product-type-simple"},"yoast_head":"<!-- This site is optimized with the Yoast SEO plugin v27.4 - https:\/\/yoast.com\/product\/yoast-seo-wordpress\/ -->\n<title>Enzymex L9 1L Reinigung, Desinfektion von Instrumenten - MED.TATTOO<\/title>\n<meta name=\"robots\" content=\"index, follow, max-snippet:-1, max-image-preview:large, max-video-preview:-1\" \/>\n<link rel=\"canonical\" href=\"https:\/\/med.tattoo\/de\/produkt\/enzymex-l9-1l-reinigung-desinfektion-von-instrumenten\/\" \/>\n<meta property=\"og:locale\" content=\"de_DE\" \/>\n<meta property=\"og:type\" content=\"article\" \/>\n<meta property=\"og:title\" content=\"Enzymex L9 1L Reinigung, Desinfektion von Instrumenten - MED.TATTOO\" \/>\n<meta property=\"og:description\" content=\"Enzymex L9 Dreifach-Enzymkonzentrat f\u00fcr die manuelle Reinigung und Desinfektion von Instrumenten, Endoskopen und anderen medizinischen Ger\u00e4ten. Fl\u00fcssiges Pr\u00e4parat mit ausgezeichneten Desinfektions- und Reinigungseigenschaften, breites biozides Spektrum in 10 Minuten: Bakterien, Mykobakterien, Hefen, Viren (HIV, HBV, HCV, Vaccinia\/Corona, Herpes), Konzentration der Arbeitsl\u00f6sung ab 0,5%, getestet unter verschmutzten Bedingungen gem\u00e4\u00df Phase 2\/1 und Phase 2\/2 der europ\u00e4ischen [&hellip;]\" \/>\n<meta property=\"og:url\" content=\"https:\/\/med.tattoo\/de\/produkt\/enzymex-l9-1l-reinigung-desinfektion-von-instrumenten\/\" \/>\n<meta property=\"og:site_name\" content=\"MED.TATTOO\" \/>\n<meta property=\"article:publisher\" content=\"https:\/\/www.facebook.com\/profile.php?id=100084366705613\" \/>\n<meta name=\"twitter:card\" content=\"summary_large_image\" \/>\n<meta name=\"twitter:label1\" content=\"Gesch\u00e4tzte Lesezeit\" \/>\n\t<meta name=\"twitter:data1\" content=\"1\u00a0Minute\" \/>\n<script type=\"application\/ld+json\" class=\"yoast-schema-graph\">{\"@context\":\"https:\\\/\\\/schema.org\",\"@graph\":[{\"@type\":\"WebPage\",\"@id\":\"https:\\\/\\\/med.tattoo\\\/de\\\/produkt\\\/enzymex-l9-1l-reinigung-desinfektion-von-instrumenten\\\/\",\"url\":\"https:\\\/\\\/med.tattoo\\\/de\\\/produkt\\\/enzymex-l9-1l-reinigung-desinfektion-von-instrumenten\\\/\",\"name\":\"Enzymex L9 1L Reinigung, Desinfektion von Instrumenten - MED.TATTOO\",\"isPartOf\":{\"@id\":\"https:\\\/\\\/med.tattoo\\\/de\\\/#website\"},\"primaryImageOfPage\":{\"@id\":\"https:\\\/\\\/med.tattoo\\\/de\\\/produkt\\\/enzymex-l9-1l-reinigung-desinfektion-von-instrumenten\\\/#primaryimage\"},\"image\":{\"@id\":\"https:\\\/\\\/med.tattoo\\\/de\\\/produkt\\\/enzymex-l9-1l-reinigung-desinfektion-von-instrumenten\\\/#primaryimage\"},\"thumbnailUrl\":\"https:\\\/\\\/med.tattoo\\\/wp-content\\\/uploads\\\/2025\\\/05\\\/848_enzymex-l9-1l_1744007027.jpg\",\"datePublished\":\"2025-05-15T05:16:57+00:00\",\"breadcrumb\":{\"@id\":\"https:\\\/\\\/med.tattoo\\\/de\\\/produkt\\\/enzymex-l9-1l-reinigung-desinfektion-von-instrumenten\\\/#breadcrumb\"},\"inLanguage\":\"de\",\"potentialAction\":[{\"@type\":\"ReadAction\",\"target\":[\"https:\\\/\\\/med.tattoo\\\/de\\\/produkt\\\/enzymex-l9-1l-reinigung-desinfektion-von-instrumenten\\\/\"]}]},{\"@type\":\"ImageObject\",\"inLanguage\":\"de\",\"@id\":\"https:\\\/\\\/med.tattoo\\\/de\\\/produkt\\\/enzymex-l9-1l-reinigung-desinfektion-von-instrumenten\\\/#primaryimage\",\"url\":\"https:\\\/\\\/med.tattoo\\\/wp-content\\\/uploads\\\/2025\\\/05\\\/848_enzymex-l9-1l_1744007027.jpg\",\"contentUrl\":\"https:\\\/\\\/med.tattoo\\\/wp-content\\\/uploads\\\/2025\\\/05\\\/848_enzymex-l9-1l_1744007027.jpg\",\"width\":862,\"height\":1000},{\"@type\":\"BreadcrumbList\",\"@id\":\"https:\\\/\\\/med.tattoo\\\/de\\\/produkt\\\/enzymex-l9-1l-reinigung-desinfektion-von-instrumenten\\\/#breadcrumb\",\"itemListElement\":[{\"@type\":\"ListItem\",\"position\":1,\"name\":\"Strona G\u0142\u00f3wna\",\"item\":\"https:\\\/\\\/med.tattoo\\\/de\\\/\"},{\"@type\":\"ListItem\",\"position\":2,\"name\":\"Shop\",\"item\":\"https:\\\/\\\/med.tattoo\\\/de\\\/shop\\\/\"},{\"@type\":\"ListItem\",\"position\":3,\"name\":\"Enzymex L9 1L Reinigung, Desinfektion von Instrumenten\"}]},{\"@type\":\"WebSite\",\"@id\":\"https:\\\/\\\/med.tattoo\\\/de\\\/#website\",\"url\":\"https:\\\/\\\/med.tattoo\\\/de\\\/\",\"name\":\"MED.TATTOO\",\"description\":\"Wszystko dla Twojego tatua\u017cu\",\"publisher\":{\"@id\":\"https:\\\/\\\/med.tattoo\\\/de\\\/#organization\"},\"potentialAction\":[{\"@type\":\"SearchAction\",\"target\":{\"@type\":\"EntryPoint\",\"urlTemplate\":\"https:\\\/\\\/med.tattoo\\\/de\\\/?s={search_term_string}\"},\"query-input\":{\"@type\":\"PropertyValueSpecification\",\"valueRequired\":true,\"valueName\":\"search_term_string\"}}],\"inLanguage\":\"de\"},{\"@type\":\"Organization\",\"@id\":\"https:\\\/\\\/med.tattoo\\\/de\\\/#organization\",\"name\":\"MED.TATTOO\",\"url\":\"https:\\\/\\\/med.tattoo\\\/de\\\/\",\"logo\":{\"@type\":\"ImageObject\",\"inLanguage\":\"de\",\"@id\":\"https:\\\/\\\/med.tattoo\\\/de\\\/#\\\/schema\\\/logo\\\/image\\\/\",\"url\":\"https:\\\/\\\/med.tattoo\\\/wp-content\\\/uploads\\\/2025\\\/05\\\/Bez-tytulu-600S300-px-1-e1658908183800.png\",\"contentUrl\":\"https:\\\/\\\/med.tattoo\\\/wp-content\\\/uploads\\\/2025\\\/05\\\/Bez-tytulu-600S300-px-1-e1658908183800.png\",\"width\":600,\"height\":61,\"caption\":\"MED.TATTOO\"},\"image\":{\"@id\":\"https:\\\/\\\/med.tattoo\\\/de\\\/#\\\/schema\\\/logo\\\/image\\\/\"},\"sameAs\":[\"https:\\\/\\\/www.facebook.com\\\/profile.php?id=100084366705613\",\"https:\\\/\\\/www.instagram.com\\\/med.tattoo_official\\\/\"]}]}<\/script>\n<!-- \/ Yoast SEO plugin. -->","yoast_head_json":{"title":"Enzymex L9 1L Reinigung, Desinfektion von Instrumenten - MED.TATTOO","robots":{"index":"index","follow":"follow","max-snippet":"max-snippet:-1","max-image-preview":"max-image-preview:large","max-video-preview":"max-video-preview:-1"},"canonical":"https:\/\/med.tattoo\/de\/produkt\/enzymex-l9-1l-reinigung-desinfektion-von-instrumenten\/","og_locale":"de_DE","og_type":"article","og_title":"Enzymex L9 1L Reinigung, Desinfektion von Instrumenten - MED.TATTOO","og_description":"Enzymex L9 Dreifach-Enzymkonzentrat f\u00fcr die manuelle Reinigung und Desinfektion von Instrumenten, Endoskopen und anderen medizinischen Ger\u00e4ten. Fl\u00fcssiges Pr\u00e4parat mit ausgezeichneten Desinfektions- und Reinigungseigenschaften, breites biozides Spektrum in 10 Minuten: Bakterien, Mykobakterien, Hefen, Viren (HIV, HBV, HCV, Vaccinia\/Corona, Herpes), Konzentration der Arbeitsl\u00f6sung ab 0,5%, getestet unter verschmutzten Bedingungen gem\u00e4\u00df Phase 2\/1 und Phase 2\/2 der europ\u00e4ischen [&hellip;]","og_url":"https:\/\/med.tattoo\/de\/produkt\/enzymex-l9-1l-reinigung-desinfektion-von-instrumenten\/","og_site_name":"MED.TATTOO","article_publisher":"https:\/\/www.facebook.com\/profile.php?id=100084366705613","twitter_card":"summary_large_image","twitter_misc":{"Gesch\u00e4tzte Lesezeit":"1\u00a0Minute"},"schema":{"@context":"https:\/\/schema.org","@graph":[{"@type":"WebPage","@id":"https:\/\/med.tattoo\/de\/produkt\/enzymex-l9-1l-reinigung-desinfektion-von-instrumenten\/","url":"https:\/\/med.tattoo\/de\/produkt\/enzymex-l9-1l-reinigung-desinfektion-von-instrumenten\/","name":"Enzymex L9 1L Reinigung, Desinfektion von Instrumenten - MED.TATTOO","isPartOf":{"@id":"https:\/\/med.tattoo\/de\/#website"},"primaryImageOfPage":{"@id":"https:\/\/med.tattoo\/de\/produkt\/enzymex-l9-1l-reinigung-desinfektion-von-instrumenten\/#primaryimage"},"image":{"@id":"https:\/\/med.tattoo\/de\/produkt\/enzymex-l9-1l-reinigung-desinfektion-von-instrumenten\/#primaryimage"},"thumbnailUrl":"https:\/\/med.tattoo\/wp-content\/uploads\/2025\/05\/848_enzymex-l9-1l_1744007027.jpg","datePublished":"2025-05-15T05:16:57+00:00","breadcrumb":{"@id":"https:\/\/med.tattoo\/de\/produkt\/enzymex-l9-1l-reinigung-desinfektion-von-instrumenten\/#breadcrumb"},"inLanguage":"de","potentialAction":[{"@type":"ReadAction","target":["https:\/\/med.tattoo\/de\/produkt\/enzymex-l9-1l-reinigung-desinfektion-von-instrumenten\/"]}]},{"@type":"ImageObject","inLanguage":"de","@id":"https:\/\/med.tattoo\/de\/produkt\/enzymex-l9-1l-reinigung-desinfektion-von-instrumenten\/#primaryimage","url":"https:\/\/med.tattoo\/wp-content\/uploads\/2025\/05\/848_enzymex-l9-1l_1744007027.jpg","contentUrl":"https:\/\/med.tattoo\/wp-content\/uploads\/2025\/05\/848_enzymex-l9-1l_1744007027.jpg","width":862,"height":1000},{"@type":"BreadcrumbList","@id":"https:\/\/med.tattoo\/de\/produkt\/enzymex-l9-1l-reinigung-desinfektion-von-instrumenten\/#breadcrumb","itemListElement":[{"@type":"ListItem","position":1,"name":"Strona G\u0142\u00f3wna","item":"https:\/\/med.tattoo\/de\/"},{"@type":"ListItem","position":2,"name":"Shop","item":"https:\/\/med.tattoo\/de\/shop\/"},{"@type":"ListItem","position":3,"name":"Enzymex L9 1L Reinigung, Desinfektion von Instrumenten"}]},{"@type":"WebSite","@id":"https:\/\/med.tattoo\/de\/#website","url":"https:\/\/med.tattoo\/de\/","name":"MED.TATTOO","description":"Wszystko dla Twojego tatua\u017cu","publisher":{"@id":"https:\/\/med.tattoo\/de\/#organization"},"potentialAction":[{"@type":"SearchAction","target":{"@type":"EntryPoint","urlTemplate":"https:\/\/med.tattoo\/de\/?s={search_term_string}"},"query-input":{"@type":"PropertyValueSpecification","valueRequired":true,"valueName":"search_term_string"}}],"inLanguage":"de"},{"@type":"Organization","@id":"https:\/\/med.tattoo\/de\/#organization","name":"MED.TATTOO","url":"https:\/\/med.tattoo\/de\/","logo":{"@type":"ImageObject","inLanguage":"de","@id":"https:\/\/med.tattoo\/de\/#\/schema\/logo\/image\/","url":"https:\/\/med.tattoo\/wp-content\/uploads\/2025\/05\/Bez-tytulu-600S300-px-1-e1658908183800.png","contentUrl":"https:\/\/med.tattoo\/wp-content\/uploads\/2025\/05\/Bez-tytulu-600S300-px-1-e1658908183800.png","width":600,"height":61,"caption":"MED.TATTOO"},"image":{"@id":"https:\/\/med.tattoo\/de\/#\/schema\/logo\/image\/"},"sameAs":["https:\/\/www.facebook.com\/profile.php?id=100084366705613","https:\/\/www.instagram.com\/med.tattoo_official\/"]}]}},"_links":{"self":[{"href":"https:\/\/med.tattoo\/de\/wp-json\/wp\/v2\/product\/9389","targetHints":{"allow":["GET"]}}],"collection":[{"href":"https:\/\/med.tattoo\/de\/wp-json\/wp\/v2\/product"}],"about":[{"href":"https:\/\/med.tattoo\/de\/wp-json\/wp\/v2\/types\/product"}],"replies":[{"embeddable":true,"href":"https:\/\/med.tattoo\/de\/wp-json\/wp\/v2\/comments?post=9389"}],"wp:featuredmedia":[{"embeddable":true,"href":"https:\/\/med.tattoo\/de\/wp-json\/wp\/v2\/media\/7219"}],"wp:attachment":[{"href":"https:\/\/med.tattoo\/de\/wp-json\/wp\/v2\/media?parent=9389"}],"wp:term":[{"taxonomy":"product_brand","embeddable":true,"href":"https:\/\/med.tattoo\/de\/wp-json\/wp\/v2\/product_brand?post=9389"},{"taxonomy":"product_cat","embeddable":true,"href":"https:\/\/med.tattoo\/de\/wp-json\/wp\/v2\/product_cat?post=9389"},{"taxonomy":"product_tag","embeddable":true,"href":"https:\/\/med.tattoo\/de\/wp-json\/wp\/v2\/product_tag?post=9389"}],"curies":[{"name":"wp","href":"https:\/\/api.w.org\/{rel}","templated":true}]}}