{"id":9585,"date":"2025-05-15T07:29:14","date_gmt":"2025-05-15T05:29:14","guid":{"rendered":"https:\/\/med.tattoo\/produkt\/stomaunterlage-kittel-in-rolle-33x48cm-40stk-gruen\/"},"modified":"2025-05-15T07:29:14","modified_gmt":"2025-05-15T05:29:14","slug":"stomaunterlage-kittel-in-rolle-33x48cm-40stk-gruen","status":"publish","type":"product","link":"https:\/\/med.tattoo\/de\/produkt\/stomaunterlage-kittel-in-rolle-33x48cm-40stk-gruen\/","title":{"rendered":"Stomaunterlage\/Kittel in Rolle 33x48cm\/40Stk. gr\u00fcn"},"content":{"rendered":"<p>Einwegservietten auf einer Rolle<\/p>\n<p>Der Preis bezieht sich auf 1 St\u00fcck.<\/p>\n<p>Das Produkt wird in Kartons zu 35 St\u00fcck verkauft.<\/p>\n<p>Einweg-Rollt\u00fccher sind ein unverzichtbares Zubeh\u00f6r in Arztpraxen, in denen der Patient w\u00e4hrend medizinischer Eingriffe gesch\u00fctzt werden muss. Einwegservietten sind dazu bestimmt, K\u00f6rperfl\u00fcssigkeiten, therapeutische Pr\u00e4parate oder andere Substanzen aufzunehmen, die bei zahn\u00e4rztlichen oder kieferorthop\u00e4dischen Eingriffen verwendet werden. Einweg-Rollt\u00fccher k\u00f6nnen auch in Krankenh\u00e4usern, Pflegeheimen und Hospizen f\u00fcr die Pflege von Patienten im Bett (orale Verabreichung von Fl\u00fcssigkeiten oder Mahlzeiten) verwendet werden.  <\/p>\n<p>Zweck:<\/p>\n<p>Zahnarztpraxen,<br \/>\nKieferorthop\u00e4dische Praxen,<br \/>\nProthetische Praxen,<br \/>\nKrankenh\u00e4user,<br \/>\nHospize,<br \/>\nPflegeheime,<br \/>\nAnwendung:<\/p>\n<p>Patientenschutz<br \/>\nVorteile:<\/p>\n<p>breite Farbpalette &#8211; anpassbar an das Farbschema und die Einrichtung<br \/>\ndes B\u00fcros:<\/p>\n<p>Einweg,<br \/>\nsch\u00fctzend &#8211; sch\u00fctzt die Kleidung des Patienten vor Verschmutzung,<br \/>\nweich, angenehm zu ber\u00fchren,<br \/>\nmit Perforation zum einfachen Entfernen einzelner T\u00fccher,<br \/>\naus Seidenpapier, zus\u00e4tzlich mit einer Folienschicht gesch\u00fctzt,<br \/>\nsch\u00fctzen die unbedeckten K\u00f6rperteile des Patienten vor m\u00f6glichen Reizungen oder Allergien,<br \/>\nverhindern die \u00dcbertragung von Bakterien durch den kontaminierten K\u00f6rper oder die Kleidung des Patienten,<br \/>\nreduzieren das Infektionsrisiko,<br \/>\nAbmessungen:<\/p>\n<p>33 x 48<br \/>\n40 St\u00fcck in 1 Rolle <\/p>\n","protected":false},"excerpt":{"rendered":"<p>Einwegservietten auf einer Rolle Der Preis bezieht sich auf 1 St\u00fcck. Das Produkt wird in Kartons zu 35 St\u00fcck verkauft. Einweg-Rollt\u00fccher sind ein unverzichtbares Zubeh\u00f6r in Arztpraxen, in denen der Patient w\u00e4hrend medizinischer Eingriffe gesch\u00fctzt werden muss. Einwegservietten sind dazu bestimmt, K\u00f6rperfl\u00fcssigkeiten, therapeutische Pr\u00e4parate oder andere Substanzen aufzunehmen, die bei zahn\u00e4rztlichen oder kieferorthop\u00e4dischen Eingriffen verwendet [&hellip;]<\/p>\n","protected":false},"featured_media":7972,"comment_status":"closed","ping_status":"open","template":"","meta":{"site-sidebar-layout":"default","site-content-layout":"","ast-site-content-layout":"default","site-content-style":"default","site-sidebar-style":"default","ast-global-header-display":"","ast-banner-title-visibility":"","ast-main-header-display":"","ast-hfb-above-header-display":"","ast-hfb-below-header-display":"","ast-hfb-mobile-header-display":"","site-post-title":"","ast-breadcrumbs-content":"","ast-featured-img":"","footer-sml-layout":"","ast-disable-related-posts":"","theme-transparent-header-meta":"","adv-header-id-meta":"","stick-header-meta":"","header-above-stick-meta":"","header-main-stick-meta":"","header-below-stick-meta":"","astra-migrate-meta-layouts":"default","ast-page-background-enabled":"default","ast-page-background-meta":{"desktop":{"background-color":"var(--ast-global-color-4)","background-image":"","background-repeat":"repeat","background-position":"center center","background-size":"auto","background-attachment":"scroll","background-type":"","background-media":"","overlay-type":"","overlay-color":"","overlay-opacity":"","overlay-gradient":""},"tablet":{"background-color":"","background-image":"","background-repeat":"repeat","background-position":"center center","background-size":"auto","background-attachment":"scroll","background-type":"","background-media":"","overlay-type":"","overlay-color":"","overlay-opacity":"","overlay-gradient":""},"mobile":{"background-color":"","background-image":"","background-repeat":"repeat","background-position":"center center","background-size":"auto","background-attachment":"scroll","background-type":"","background-media":"","overlay-type":"","overlay-color":"","overlay-opacity":"","overlay-gradient":""}},"ast-content-background-meta":{"desktop":{"background-color":"var(--ast-global-color-5)","background-image":"","background-repeat":"repeat","background-position":"center center","background-size":"auto","background-attachment":"scroll","background-type":"","background-media":"","overlay-type":"","overlay-color":"","overlay-opacity":"","overlay-gradient":""},"tablet":{"background-color":"var(--ast-global-color-5)","background-image":"","background-repeat":"repeat","background-position":"center center","background-size":"auto","background-attachment":"scroll","background-type":"","background-media":"","overlay-type":"","overlay-color":"","overlay-opacity":"","overlay-gradient":""},"mobile":{"background-color":"var(--ast-global-color-5)","background-image":"","background-repeat":"repeat","background-position":"center center","background-size":"auto","background-attachment":"scroll","background-type":"","background-media":"","overlay-type":"","overlay-color":"","overlay-opacity":"","overlay-gradient":""}}},"product_brand":[],"product_cat":[55],"product_tag":[],"class_list":{"0":"post-9585","1":"product","2":"type-product","3":"status-publish","4":"has-post-thumbnail","6":"product_cat-med-tattoo-de","7":"desktop-align-left","8":"tablet-align-left","9":"mobile-align-left","10":"ast-product-gallery-layout-horizontal-slider","11":"ast-product-gallery-with-no-image","12":"ast-product-tabs-layout-distributed","14":"first","15":"outofstock","16":"purchasable","17":"product-type-simple"},"yoast_head":"<!-- This site is optimized with the Yoast SEO plugin v27.3 - https:\/\/yoast.com\/product\/yoast-seo-wordpress\/ -->\n<title>Stomaunterlage\/Kittel in Rolle 33x48cm\/40Stk. gr\u00fcn - MED.TATTOO<\/title>\n<meta name=\"robots\" content=\"index, follow, max-snippet:-1, max-image-preview:large, max-video-preview:-1\" \/>\n<link rel=\"canonical\" href=\"https:\/\/med.tattoo\/de\/produkt\/stomaunterlage-kittel-in-rolle-33x48cm-40stk-gruen\/\" \/>\n<meta property=\"og:locale\" content=\"de_DE\" \/>\n<meta property=\"og:type\" content=\"article\" \/>\n<meta property=\"og:title\" content=\"Stomaunterlage\/Kittel in Rolle 33x48cm\/40Stk. gr\u00fcn - MED.TATTOO\" \/>\n<meta property=\"og:description\" content=\"Einwegservietten auf einer Rolle Der Preis bezieht sich auf 1 St\u00fcck. Das Produkt wird in Kartons zu 35 St\u00fcck verkauft. Einweg-Rollt\u00fccher sind ein unverzichtbares Zubeh\u00f6r in Arztpraxen, in denen der Patient w\u00e4hrend medizinischer Eingriffe gesch\u00fctzt werden muss. Einwegservietten sind dazu bestimmt, K\u00f6rperfl\u00fcssigkeiten, therapeutische Pr\u00e4parate oder andere Substanzen aufzunehmen, die bei zahn\u00e4rztlichen oder kieferorthop\u00e4dischen Eingriffen verwendet [&hellip;]\" \/>\n<meta property=\"og:url\" content=\"https:\/\/med.tattoo\/de\/produkt\/stomaunterlage-kittel-in-rolle-33x48cm-40stk-gruen\/\" \/>\n<meta property=\"og:site_name\" content=\"MED.TATTOO\" \/>\n<meta property=\"article:publisher\" content=\"https:\/\/www.facebook.com\/profile.php?id=100084366705613\" \/>\n<meta name=\"twitter:card\" content=\"summary_large_image\" \/>\n<meta name=\"twitter:label1\" content=\"Gesch\u00e4tzte Lesezeit\" \/>\n\t<meta name=\"twitter:data1\" content=\"1\u00a0Minute\" \/>\n<script type=\"application\/ld+json\" class=\"yoast-schema-graph\">{\"@context\":\"https:\\\/\\\/schema.org\",\"@graph\":[{\"@type\":\"WebPage\",\"@id\":\"https:\\\/\\\/med.tattoo\\\/de\\\/produkt\\\/stomaunterlage-kittel-in-rolle-33x48cm-40stk-gruen\\\/\",\"url\":\"https:\\\/\\\/med.tattoo\\\/de\\\/produkt\\\/stomaunterlage-kittel-in-rolle-33x48cm-40stk-gruen\\\/\",\"name\":\"Stomaunterlage\\\/Kittel in Rolle 33x48cm\\\/40Stk. gr\u00fcn - MED.TATTOO\",\"isPartOf\":{\"@id\":\"https:\\\/\\\/med.tattoo\\\/de\\\/#website\"},\"primaryImageOfPage\":{\"@id\":\"https:\\\/\\\/med.tattoo\\\/de\\\/produkt\\\/stomaunterlage-kittel-in-rolle-33x48cm-40stk-gruen\\\/#primaryimage\"},\"image\":{\"@id\":\"https:\\\/\\\/med.tattoo\\\/de\\\/produkt\\\/stomaunterlage-kittel-in-rolle-33x48cm-40stk-gruen\\\/#primaryimage\"},\"thumbnailUrl\":\"https:\\\/\\\/med.tattoo\\\/wp-content\\\/uploads\\\/2025\\\/05\\\/239_podklad-serweta-stom.w-rolce-33x48cm-40szt-zielona_1744006858.png\",\"datePublished\":\"2025-05-15T05:29:14+00:00\",\"breadcrumb\":{\"@id\":\"https:\\\/\\\/med.tattoo\\\/de\\\/produkt\\\/stomaunterlage-kittel-in-rolle-33x48cm-40stk-gruen\\\/#breadcrumb\"},\"inLanguage\":\"de\",\"potentialAction\":[{\"@type\":\"ReadAction\",\"target\":[\"https:\\\/\\\/med.tattoo\\\/de\\\/produkt\\\/stomaunterlage-kittel-in-rolle-33x48cm-40stk-gruen\\\/\"]}]},{\"@type\":\"ImageObject\",\"inLanguage\":\"de\",\"@id\":\"https:\\\/\\\/med.tattoo\\\/de\\\/produkt\\\/stomaunterlage-kittel-in-rolle-33x48cm-40stk-gruen\\\/#primaryimage\",\"url\":\"https:\\\/\\\/med.tattoo\\\/wp-content\\\/uploads\\\/2025\\\/05\\\/239_podklad-serweta-stom.w-rolce-33x48cm-40szt-zielona_1744006858.png\",\"contentUrl\":\"https:\\\/\\\/med.tattoo\\\/wp-content\\\/uploads\\\/2025\\\/05\\\/239_podklad-serweta-stom.w-rolce-33x48cm-40szt-zielona_1744006858.png\",\"width\":637,\"height\":581},{\"@type\":\"BreadcrumbList\",\"@id\":\"https:\\\/\\\/med.tattoo\\\/de\\\/produkt\\\/stomaunterlage-kittel-in-rolle-33x48cm-40stk-gruen\\\/#breadcrumb\",\"itemListElement\":[{\"@type\":\"ListItem\",\"position\":1,\"name\":\"Strona G\u0142\u00f3wna\",\"item\":\"https:\\\/\\\/med.tattoo\\\/de\\\/\"},{\"@type\":\"ListItem\",\"position\":2,\"name\":\"Shop\",\"item\":\"https:\\\/\\\/med.tattoo\\\/de\\\/shop\\\/\"},{\"@type\":\"ListItem\",\"position\":3,\"name\":\"Stomaunterlage\\\/Kittel in Rolle 33x48cm\\\/40Stk. gr\u00fcn\"}]},{\"@type\":\"WebSite\",\"@id\":\"https:\\\/\\\/med.tattoo\\\/de\\\/#website\",\"url\":\"https:\\\/\\\/med.tattoo\\\/de\\\/\",\"name\":\"MED.TATTOO\",\"description\":\"Wszystko dla Twojego tatua\u017cu\",\"publisher\":{\"@id\":\"https:\\\/\\\/med.tattoo\\\/de\\\/#organization\"},\"potentialAction\":[{\"@type\":\"SearchAction\",\"target\":{\"@type\":\"EntryPoint\",\"urlTemplate\":\"https:\\\/\\\/med.tattoo\\\/de\\\/?s={search_term_string}\"},\"query-input\":{\"@type\":\"PropertyValueSpecification\",\"valueRequired\":true,\"valueName\":\"search_term_string\"}}],\"inLanguage\":\"de\"},{\"@type\":\"Organization\",\"@id\":\"https:\\\/\\\/med.tattoo\\\/de\\\/#organization\",\"name\":\"MED.TATTOO\",\"url\":\"https:\\\/\\\/med.tattoo\\\/de\\\/\",\"logo\":{\"@type\":\"ImageObject\",\"inLanguage\":\"de\",\"@id\":\"https:\\\/\\\/med.tattoo\\\/de\\\/#\\\/schema\\\/logo\\\/image\\\/\",\"url\":\"https:\\\/\\\/med.tattoo\\\/wp-content\\\/uploads\\\/2025\\\/05\\\/Bez-tytulu-600S300-px-1-e1658908183800.png\",\"contentUrl\":\"https:\\\/\\\/med.tattoo\\\/wp-content\\\/uploads\\\/2025\\\/05\\\/Bez-tytulu-600S300-px-1-e1658908183800.png\",\"width\":600,\"height\":61,\"caption\":\"MED.TATTOO\"},\"image\":{\"@id\":\"https:\\\/\\\/med.tattoo\\\/de\\\/#\\\/schema\\\/logo\\\/image\\\/\"},\"sameAs\":[\"https:\\\/\\\/www.facebook.com\\\/profile.php?id=100084366705613\",\"https:\\\/\\\/www.instagram.com\\\/med.tattoo_official\\\/\"]}]}<\/script>\n<!-- \/ Yoast SEO plugin. -->","yoast_head_json":{"title":"Stomaunterlage\/Kittel in Rolle 33x48cm\/40Stk. gr\u00fcn - MED.TATTOO","robots":{"index":"index","follow":"follow","max-snippet":"max-snippet:-1","max-image-preview":"max-image-preview:large","max-video-preview":"max-video-preview:-1"},"canonical":"https:\/\/med.tattoo\/de\/produkt\/stomaunterlage-kittel-in-rolle-33x48cm-40stk-gruen\/","og_locale":"de_DE","og_type":"article","og_title":"Stomaunterlage\/Kittel in Rolle 33x48cm\/40Stk. gr\u00fcn - MED.TATTOO","og_description":"Einwegservietten auf einer Rolle Der Preis bezieht sich auf 1 St\u00fcck. Das Produkt wird in Kartons zu 35 St\u00fcck verkauft. Einweg-Rollt\u00fccher sind ein unverzichtbares Zubeh\u00f6r in Arztpraxen, in denen der Patient w\u00e4hrend medizinischer Eingriffe gesch\u00fctzt werden muss. Einwegservietten sind dazu bestimmt, K\u00f6rperfl\u00fcssigkeiten, therapeutische Pr\u00e4parate oder andere Substanzen aufzunehmen, die bei zahn\u00e4rztlichen oder kieferorthop\u00e4dischen Eingriffen verwendet [&hellip;]","og_url":"https:\/\/med.tattoo\/de\/produkt\/stomaunterlage-kittel-in-rolle-33x48cm-40stk-gruen\/","og_site_name":"MED.TATTOO","article_publisher":"https:\/\/www.facebook.com\/profile.php?id=100084366705613","twitter_card":"summary_large_image","twitter_misc":{"Gesch\u00e4tzte Lesezeit":"1\u00a0Minute"},"schema":{"@context":"https:\/\/schema.org","@graph":[{"@type":"WebPage","@id":"https:\/\/med.tattoo\/de\/produkt\/stomaunterlage-kittel-in-rolle-33x48cm-40stk-gruen\/","url":"https:\/\/med.tattoo\/de\/produkt\/stomaunterlage-kittel-in-rolle-33x48cm-40stk-gruen\/","name":"Stomaunterlage\/Kittel in Rolle 33x48cm\/40Stk. gr\u00fcn - MED.TATTOO","isPartOf":{"@id":"https:\/\/med.tattoo\/de\/#website"},"primaryImageOfPage":{"@id":"https:\/\/med.tattoo\/de\/produkt\/stomaunterlage-kittel-in-rolle-33x48cm-40stk-gruen\/#primaryimage"},"image":{"@id":"https:\/\/med.tattoo\/de\/produkt\/stomaunterlage-kittel-in-rolle-33x48cm-40stk-gruen\/#primaryimage"},"thumbnailUrl":"https:\/\/med.tattoo\/wp-content\/uploads\/2025\/05\/239_podklad-serweta-stom.w-rolce-33x48cm-40szt-zielona_1744006858.png","datePublished":"2025-05-15T05:29:14+00:00","breadcrumb":{"@id":"https:\/\/med.tattoo\/de\/produkt\/stomaunterlage-kittel-in-rolle-33x48cm-40stk-gruen\/#breadcrumb"},"inLanguage":"de","potentialAction":[{"@type":"ReadAction","target":["https:\/\/med.tattoo\/de\/produkt\/stomaunterlage-kittel-in-rolle-33x48cm-40stk-gruen\/"]}]},{"@type":"ImageObject","inLanguage":"de","@id":"https:\/\/med.tattoo\/de\/produkt\/stomaunterlage-kittel-in-rolle-33x48cm-40stk-gruen\/#primaryimage","url":"https:\/\/med.tattoo\/wp-content\/uploads\/2025\/05\/239_podklad-serweta-stom.w-rolce-33x48cm-40szt-zielona_1744006858.png","contentUrl":"https:\/\/med.tattoo\/wp-content\/uploads\/2025\/05\/239_podklad-serweta-stom.w-rolce-33x48cm-40szt-zielona_1744006858.png","width":637,"height":581},{"@type":"BreadcrumbList","@id":"https:\/\/med.tattoo\/de\/produkt\/stomaunterlage-kittel-in-rolle-33x48cm-40stk-gruen\/#breadcrumb","itemListElement":[{"@type":"ListItem","position":1,"name":"Strona G\u0142\u00f3wna","item":"https:\/\/med.tattoo\/de\/"},{"@type":"ListItem","position":2,"name":"Shop","item":"https:\/\/med.tattoo\/de\/shop\/"},{"@type":"ListItem","position":3,"name":"Stomaunterlage\/Kittel in Rolle 33x48cm\/40Stk. gr\u00fcn"}]},{"@type":"WebSite","@id":"https:\/\/med.tattoo\/de\/#website","url":"https:\/\/med.tattoo\/de\/","name":"MED.TATTOO","description":"Wszystko dla Twojego tatua\u017cu","publisher":{"@id":"https:\/\/med.tattoo\/de\/#organization"},"potentialAction":[{"@type":"SearchAction","target":{"@type":"EntryPoint","urlTemplate":"https:\/\/med.tattoo\/de\/?s={search_term_string}"},"query-input":{"@type":"PropertyValueSpecification","valueRequired":true,"valueName":"search_term_string"}}],"inLanguage":"de"},{"@type":"Organization","@id":"https:\/\/med.tattoo\/de\/#organization","name":"MED.TATTOO","url":"https:\/\/med.tattoo\/de\/","logo":{"@type":"ImageObject","inLanguage":"de","@id":"https:\/\/med.tattoo\/de\/#\/schema\/logo\/image\/","url":"https:\/\/med.tattoo\/wp-content\/uploads\/2025\/05\/Bez-tytulu-600S300-px-1-e1658908183800.png","contentUrl":"https:\/\/med.tattoo\/wp-content\/uploads\/2025\/05\/Bez-tytulu-600S300-px-1-e1658908183800.png","width":600,"height":61,"caption":"MED.TATTOO"},"image":{"@id":"https:\/\/med.tattoo\/de\/#\/schema\/logo\/image\/"},"sameAs":["https:\/\/www.facebook.com\/profile.php?id=100084366705613","https:\/\/www.instagram.com\/med.tattoo_official\/"]}]}},"_links":{"self":[{"href":"https:\/\/med.tattoo\/de\/wp-json\/wp\/v2\/product\/9585","targetHints":{"allow":["GET"]}}],"collection":[{"href":"https:\/\/med.tattoo\/de\/wp-json\/wp\/v2\/product"}],"about":[{"href":"https:\/\/med.tattoo\/de\/wp-json\/wp\/v2\/types\/product"}],"replies":[{"embeddable":true,"href":"https:\/\/med.tattoo\/de\/wp-json\/wp\/v2\/comments?post=9585"}],"wp:featuredmedia":[{"embeddable":true,"href":"https:\/\/med.tattoo\/de\/wp-json\/wp\/v2\/media\/7972"}],"wp:attachment":[{"href":"https:\/\/med.tattoo\/de\/wp-json\/wp\/v2\/media?parent=9585"}],"wp:term":[{"taxonomy":"product_brand","embeddable":true,"href":"https:\/\/med.tattoo\/de\/wp-json\/wp\/v2\/product_brand?post=9585"},{"taxonomy":"product_cat","embeddable":true,"href":"https:\/\/med.tattoo\/de\/wp-json\/wp\/v2\/product_cat?post=9585"},{"taxonomy":"product_tag","embeddable":true,"href":"https:\/\/med.tattoo\/de\/wp-json\/wp\/v2\/product_tag?post=9585"}],"curies":[{"name":"wp","href":"https:\/\/api.w.org\/{rel}","templated":true}]}}