{"id":9649,"date":"2025-05-15T07:39:29","date_gmt":"2025-05-15T05:39:29","guid":{"rendered":"https:\/\/med.tattoo\/produkt\/rueckenvliesrolle-50-70-38-20g-schwarz\/"},"modified":"2025-05-15T07:39:29","modified_gmt":"2025-05-15T05:39:29","slug":"rueckenvliesrolle-50-70-38-20g-schwarz","status":"publish","type":"product","link":"https:\/\/med.tattoo\/de\/produkt\/rueckenvliesrolle-50-70-38-20g-schwarz\/","title":{"rendered":"R\u00fcckenvliesrolle 50\/70\/38 20g schwarz"},"content":{"rendered":"<p>Einweg-Schutzfolie aus schwarzem Vliesstoff. Rolltuch 50\/70 m <\/p>\n<p>Breite 50 cm<br \/>\nL\u00e4nge 70 m<br \/>\nFarbe: schwarz<\/p>\n<p>Schutzvliese (Vlies) werden bei allen Arten von medizinischen Eingriffen verwendet: Tischmatten f\u00fcr Arztst\u00fchle, gyn\u00e4kologische St\u00fchle, p\u00e4diatrische Tische, Massagetische, in Sch\u00f6nheitssalons f\u00fcr Manik\u00fcre und Pedik\u00fcre, usw.<\/p>\n","protected":false},"excerpt":{"rendered":"<p>Einweg-Schutzfolie aus schwarzem Vliesstoff. Rolltuch 50\/70 m Breite 50 cm L\u00e4nge 70 m Farbe: schwarz Schutzvliese (Vlies) werden bei allen Arten von medizinischen Eingriffen verwendet: Tischmatten f\u00fcr Arztst\u00fchle, gyn\u00e4kologische St\u00fchle, p\u00e4diatrische Tische, Massagetische, in Sch\u00f6nheitssalons f\u00fcr Manik\u00fcre und Pedik\u00fcre, usw.<\/p>\n","protected":false},"featured_media":8445,"comment_status":"closed","ping_status":"open","template":"","meta":{"site-sidebar-layout":"default","site-content-layout":"","ast-site-content-layout":"default","site-content-style":"default","site-sidebar-style":"default","ast-global-header-display":"","ast-banner-title-visibility":"","ast-main-header-display":"","ast-hfb-above-header-display":"","ast-hfb-below-header-display":"","ast-hfb-mobile-header-display":"","site-post-title":"","ast-breadcrumbs-content":"","ast-featured-img":"","footer-sml-layout":"","ast-disable-related-posts":"","theme-transparent-header-meta":"","adv-header-id-meta":"","stick-header-meta":"","header-above-stick-meta":"","header-main-stick-meta":"","header-below-stick-meta":"","astra-migrate-meta-layouts":"default","ast-page-background-enabled":"default","ast-page-background-meta":{"desktop":{"background-color":"var(--ast-global-color-4)","background-image":"","background-repeat":"repeat","background-position":"center center","background-size":"auto","background-attachment":"scroll","background-type":"","background-media":"","overlay-type":"","overlay-color":"","overlay-opacity":"","overlay-gradient":""},"tablet":{"background-color":"","background-image":"","background-repeat":"repeat","background-position":"center center","background-size":"auto","background-attachment":"scroll","background-type":"","background-media":"","overlay-type":"","overlay-color":"","overlay-opacity":"","overlay-gradient":""},"mobile":{"background-color":"","background-image":"","background-repeat":"repeat","background-position":"center center","background-size":"auto","background-attachment":"scroll","background-type":"","background-media":"","overlay-type":"","overlay-color":"","overlay-opacity":"","overlay-gradient":""}},"ast-content-background-meta":{"desktop":{"background-color":"var(--ast-global-color-5)","background-image":"","background-repeat":"repeat","background-position":"center center","background-size":"auto","background-attachment":"scroll","background-type":"","background-media":"","overlay-type":"","overlay-color":"","overlay-opacity":"","overlay-gradient":""},"tablet":{"background-color":"var(--ast-global-color-5)","background-image":"","background-repeat":"repeat","background-position":"center center","background-size":"auto","background-attachment":"scroll","background-type":"","background-media":"","overlay-type":"","overlay-color":"","overlay-opacity":"","overlay-gradient":""},"mobile":{"background-color":"var(--ast-global-color-5)","background-image":"","background-repeat":"repeat","background-position":"center center","background-size":"auto","background-attachment":"scroll","background-type":"","background-media":"","overlay-type":"","overlay-color":"","overlay-opacity":"","overlay-gradient":""}}},"product_brand":[],"product_cat":[55],"product_tag":[],"class_list":{"0":"post-9649","1":"product","2":"type-product","3":"status-publish","4":"has-post-thumbnail","6":"product_cat-med-tattoo-de","7":"desktop-align-left","8":"tablet-align-left","9":"mobile-align-left","10":"ast-product-gallery-layout-horizontal-slider","11":"ast-product-gallery-with-no-image","12":"ast-product-tabs-layout-distributed","14":"first","15":"outofstock","16":"purchasable","17":"product-type-simple"},"yoast_head":"<!-- This site is optimized with the Yoast SEO plugin v27.4 - https:\/\/yoast.com\/product\/yoast-seo-wordpress\/ -->\n<title>R\u00fcckenvliesrolle 50\/70\/38 20g schwarz - MED.TATTOO<\/title>\n<meta name=\"robots\" content=\"index, follow, max-snippet:-1, max-image-preview:large, max-video-preview:-1\" \/>\n<link rel=\"canonical\" href=\"https:\/\/med.tattoo\/de\/produkt\/rueckenvliesrolle-50-70-38-20g-schwarz\/\" \/>\n<meta property=\"og:locale\" content=\"de_DE\" \/>\n<meta property=\"og:type\" content=\"article\" \/>\n<meta property=\"og:title\" content=\"R\u00fcckenvliesrolle 50\/70\/38 20g schwarz - MED.TATTOO\" \/>\n<meta property=\"og:description\" content=\"Einweg-Schutzfolie aus schwarzem Vliesstoff. Rolltuch 50\/70 m Breite 50 cm L\u00e4nge 70 m Farbe: schwarz Schutzvliese (Vlies) werden bei allen Arten von medizinischen Eingriffen verwendet: Tischmatten f\u00fcr Arztst\u00fchle, gyn\u00e4kologische St\u00fchle, p\u00e4diatrische Tische, Massagetische, in Sch\u00f6nheitssalons f\u00fcr Manik\u00fcre und Pedik\u00fcre, usw.\" \/>\n<meta property=\"og:url\" content=\"https:\/\/med.tattoo\/de\/produkt\/rueckenvliesrolle-50-70-38-20g-schwarz\/\" \/>\n<meta property=\"og:site_name\" content=\"MED.TATTOO\" \/>\n<meta property=\"article:publisher\" content=\"https:\/\/www.facebook.com\/profile.php?id=100084366705613\" \/>\n<meta name=\"twitter:card\" content=\"summary_large_image\" \/>\n<script type=\"application\/ld+json\" class=\"yoast-schema-graph\">{\"@context\":\"https:\\\/\\\/schema.org\",\"@graph\":[{\"@type\":\"WebPage\",\"@id\":\"https:\\\/\\\/med.tattoo\\\/de\\\/produkt\\\/rueckenvliesrolle-50-70-38-20g-schwarz\\\/\",\"url\":\"https:\\\/\\\/med.tattoo\\\/de\\\/produkt\\\/rueckenvliesrolle-50-70-38-20g-schwarz\\\/\",\"name\":\"R\u00fcckenvliesrolle 50\\\/70\\\/38 20g schwarz - MED.TATTOO\",\"isPartOf\":{\"@id\":\"https:\\\/\\\/med.tattoo\\\/de\\\/#website\"},\"primaryImageOfPage\":{\"@id\":\"https:\\\/\\\/med.tattoo\\\/de\\\/produkt\\\/rueckenvliesrolle-50-70-38-20g-schwarz\\\/#primaryimage\"},\"image\":{\"@id\":\"https:\\\/\\\/med.tattoo\\\/de\\\/produkt\\\/rueckenvliesrolle-50-70-38-20g-schwarz\\\/#primaryimage\"},\"thumbnailUrl\":\"https:\\\/\\\/med.tattoo\\\/wp-content\\\/uploads\\\/2025\\\/05\\\/2039_podklad-wloknina-rola-50-70-38-20g-czarna_1744006851.jpg\",\"datePublished\":\"2025-05-15T05:39:29+00:00\",\"breadcrumb\":{\"@id\":\"https:\\\/\\\/med.tattoo\\\/de\\\/produkt\\\/rueckenvliesrolle-50-70-38-20g-schwarz\\\/#breadcrumb\"},\"inLanguage\":\"de\",\"potentialAction\":[{\"@type\":\"ReadAction\",\"target\":[\"https:\\\/\\\/med.tattoo\\\/de\\\/produkt\\\/rueckenvliesrolle-50-70-38-20g-schwarz\\\/\"]}]},{\"@type\":\"ImageObject\",\"inLanguage\":\"de\",\"@id\":\"https:\\\/\\\/med.tattoo\\\/de\\\/produkt\\\/rueckenvliesrolle-50-70-38-20g-schwarz\\\/#primaryimage\",\"url\":\"https:\\\/\\\/med.tattoo\\\/wp-content\\\/uploads\\\/2025\\\/05\\\/2039_podklad-wloknina-rola-50-70-38-20g-czarna_1744006851.jpg\",\"contentUrl\":\"https:\\\/\\\/med.tattoo\\\/wp-content\\\/uploads\\\/2025\\\/05\\\/2039_podklad-wloknina-rola-50-70-38-20g-czarna_1744006851.jpg\",\"width\":400,\"height\":600},{\"@type\":\"BreadcrumbList\",\"@id\":\"https:\\\/\\\/med.tattoo\\\/de\\\/produkt\\\/rueckenvliesrolle-50-70-38-20g-schwarz\\\/#breadcrumb\",\"itemListElement\":[{\"@type\":\"ListItem\",\"position\":1,\"name\":\"Strona G\u0142\u00f3wna\",\"item\":\"https:\\\/\\\/med.tattoo\\\/de\\\/\"},{\"@type\":\"ListItem\",\"position\":2,\"name\":\"Shop\",\"item\":\"https:\\\/\\\/med.tattoo\\\/de\\\/shop\\\/\"},{\"@type\":\"ListItem\",\"position\":3,\"name\":\"R\u00fcckenvliesrolle 50\\\/70\\\/38 20g schwarz\"}]},{\"@type\":\"WebSite\",\"@id\":\"https:\\\/\\\/med.tattoo\\\/de\\\/#website\",\"url\":\"https:\\\/\\\/med.tattoo\\\/de\\\/\",\"name\":\"MED.TATTOO\",\"description\":\"Wszystko dla Twojego tatua\u017cu\",\"publisher\":{\"@id\":\"https:\\\/\\\/med.tattoo\\\/de\\\/#organization\"},\"potentialAction\":[{\"@type\":\"SearchAction\",\"target\":{\"@type\":\"EntryPoint\",\"urlTemplate\":\"https:\\\/\\\/med.tattoo\\\/de\\\/?s={search_term_string}\"},\"query-input\":{\"@type\":\"PropertyValueSpecification\",\"valueRequired\":true,\"valueName\":\"search_term_string\"}}],\"inLanguage\":\"de\"},{\"@type\":\"Organization\",\"@id\":\"https:\\\/\\\/med.tattoo\\\/de\\\/#organization\",\"name\":\"MED.TATTOO\",\"url\":\"https:\\\/\\\/med.tattoo\\\/de\\\/\",\"logo\":{\"@type\":\"ImageObject\",\"inLanguage\":\"de\",\"@id\":\"https:\\\/\\\/med.tattoo\\\/de\\\/#\\\/schema\\\/logo\\\/image\\\/\",\"url\":\"https:\\\/\\\/med.tattoo\\\/wp-content\\\/uploads\\\/2025\\\/05\\\/Bez-tytulu-600S300-px-1-e1658908183800.png\",\"contentUrl\":\"https:\\\/\\\/med.tattoo\\\/wp-content\\\/uploads\\\/2025\\\/05\\\/Bez-tytulu-600S300-px-1-e1658908183800.png\",\"width\":600,\"height\":61,\"caption\":\"MED.TATTOO\"},\"image\":{\"@id\":\"https:\\\/\\\/med.tattoo\\\/de\\\/#\\\/schema\\\/logo\\\/image\\\/\"},\"sameAs\":[\"https:\\\/\\\/www.facebook.com\\\/profile.php?id=100084366705613\",\"https:\\\/\\\/www.instagram.com\\\/med.tattoo_official\\\/\"]}]}<\/script>\n<!-- \/ Yoast SEO plugin. -->","yoast_head_json":{"title":"R\u00fcckenvliesrolle 50\/70\/38 20g schwarz - MED.TATTOO","robots":{"index":"index","follow":"follow","max-snippet":"max-snippet:-1","max-image-preview":"max-image-preview:large","max-video-preview":"max-video-preview:-1"},"canonical":"https:\/\/med.tattoo\/de\/produkt\/rueckenvliesrolle-50-70-38-20g-schwarz\/","og_locale":"de_DE","og_type":"article","og_title":"R\u00fcckenvliesrolle 50\/70\/38 20g schwarz - MED.TATTOO","og_description":"Einweg-Schutzfolie aus schwarzem Vliesstoff. Rolltuch 50\/70 m Breite 50 cm L\u00e4nge 70 m Farbe: schwarz Schutzvliese (Vlies) werden bei allen Arten von medizinischen Eingriffen verwendet: Tischmatten f\u00fcr Arztst\u00fchle, gyn\u00e4kologische St\u00fchle, p\u00e4diatrische Tische, Massagetische, in Sch\u00f6nheitssalons f\u00fcr Manik\u00fcre und Pedik\u00fcre, usw.","og_url":"https:\/\/med.tattoo\/de\/produkt\/rueckenvliesrolle-50-70-38-20g-schwarz\/","og_site_name":"MED.TATTOO","article_publisher":"https:\/\/www.facebook.com\/profile.php?id=100084366705613","twitter_card":"summary_large_image","schema":{"@context":"https:\/\/schema.org","@graph":[{"@type":"WebPage","@id":"https:\/\/med.tattoo\/de\/produkt\/rueckenvliesrolle-50-70-38-20g-schwarz\/","url":"https:\/\/med.tattoo\/de\/produkt\/rueckenvliesrolle-50-70-38-20g-schwarz\/","name":"R\u00fcckenvliesrolle 50\/70\/38 20g schwarz - MED.TATTOO","isPartOf":{"@id":"https:\/\/med.tattoo\/de\/#website"},"primaryImageOfPage":{"@id":"https:\/\/med.tattoo\/de\/produkt\/rueckenvliesrolle-50-70-38-20g-schwarz\/#primaryimage"},"image":{"@id":"https:\/\/med.tattoo\/de\/produkt\/rueckenvliesrolle-50-70-38-20g-schwarz\/#primaryimage"},"thumbnailUrl":"https:\/\/med.tattoo\/wp-content\/uploads\/2025\/05\/2039_podklad-wloknina-rola-50-70-38-20g-czarna_1744006851.jpg","datePublished":"2025-05-15T05:39:29+00:00","breadcrumb":{"@id":"https:\/\/med.tattoo\/de\/produkt\/rueckenvliesrolle-50-70-38-20g-schwarz\/#breadcrumb"},"inLanguage":"de","potentialAction":[{"@type":"ReadAction","target":["https:\/\/med.tattoo\/de\/produkt\/rueckenvliesrolle-50-70-38-20g-schwarz\/"]}]},{"@type":"ImageObject","inLanguage":"de","@id":"https:\/\/med.tattoo\/de\/produkt\/rueckenvliesrolle-50-70-38-20g-schwarz\/#primaryimage","url":"https:\/\/med.tattoo\/wp-content\/uploads\/2025\/05\/2039_podklad-wloknina-rola-50-70-38-20g-czarna_1744006851.jpg","contentUrl":"https:\/\/med.tattoo\/wp-content\/uploads\/2025\/05\/2039_podklad-wloknina-rola-50-70-38-20g-czarna_1744006851.jpg","width":400,"height":600},{"@type":"BreadcrumbList","@id":"https:\/\/med.tattoo\/de\/produkt\/rueckenvliesrolle-50-70-38-20g-schwarz\/#breadcrumb","itemListElement":[{"@type":"ListItem","position":1,"name":"Strona G\u0142\u00f3wna","item":"https:\/\/med.tattoo\/de\/"},{"@type":"ListItem","position":2,"name":"Shop","item":"https:\/\/med.tattoo\/de\/shop\/"},{"@type":"ListItem","position":3,"name":"R\u00fcckenvliesrolle 50\/70\/38 20g schwarz"}]},{"@type":"WebSite","@id":"https:\/\/med.tattoo\/de\/#website","url":"https:\/\/med.tattoo\/de\/","name":"MED.TATTOO","description":"Wszystko dla Twojego tatua\u017cu","publisher":{"@id":"https:\/\/med.tattoo\/de\/#organization"},"potentialAction":[{"@type":"SearchAction","target":{"@type":"EntryPoint","urlTemplate":"https:\/\/med.tattoo\/de\/?s={search_term_string}"},"query-input":{"@type":"PropertyValueSpecification","valueRequired":true,"valueName":"search_term_string"}}],"inLanguage":"de"},{"@type":"Organization","@id":"https:\/\/med.tattoo\/de\/#organization","name":"MED.TATTOO","url":"https:\/\/med.tattoo\/de\/","logo":{"@type":"ImageObject","inLanguage":"de","@id":"https:\/\/med.tattoo\/de\/#\/schema\/logo\/image\/","url":"https:\/\/med.tattoo\/wp-content\/uploads\/2025\/05\/Bez-tytulu-600S300-px-1-e1658908183800.png","contentUrl":"https:\/\/med.tattoo\/wp-content\/uploads\/2025\/05\/Bez-tytulu-600S300-px-1-e1658908183800.png","width":600,"height":61,"caption":"MED.TATTOO"},"image":{"@id":"https:\/\/med.tattoo\/de\/#\/schema\/logo\/image\/"},"sameAs":["https:\/\/www.facebook.com\/profile.php?id=100084366705613","https:\/\/www.instagram.com\/med.tattoo_official\/"]}]}},"_links":{"self":[{"href":"https:\/\/med.tattoo\/de\/wp-json\/wp\/v2\/product\/9649","targetHints":{"allow":["GET"]}}],"collection":[{"href":"https:\/\/med.tattoo\/de\/wp-json\/wp\/v2\/product"}],"about":[{"href":"https:\/\/med.tattoo\/de\/wp-json\/wp\/v2\/types\/product"}],"replies":[{"embeddable":true,"href":"https:\/\/med.tattoo\/de\/wp-json\/wp\/v2\/comments?post=9649"}],"wp:featuredmedia":[{"embeddable":true,"href":"https:\/\/med.tattoo\/de\/wp-json\/wp\/v2\/media\/8445"}],"wp:attachment":[{"href":"https:\/\/med.tattoo\/de\/wp-json\/wp\/v2\/media?parent=9649"}],"wp:term":[{"taxonomy":"product_brand","embeddable":true,"href":"https:\/\/med.tattoo\/de\/wp-json\/wp\/v2\/product_brand?post=9649"},{"taxonomy":"product_cat","embeddable":true,"href":"https:\/\/med.tattoo\/de\/wp-json\/wp\/v2\/product_cat?post=9649"},{"taxonomy":"product_tag","embeddable":true,"href":"https:\/\/med.tattoo\/de\/wp-json\/wp\/v2\/product_tag?post=9649"}],"curies":[{"name":"wp","href":"https:\/\/api.w.org\/{rel}","templated":true}]}}