{"id":9694,"date":"2025-05-15T07:23:41","date_gmt":"2025-05-15T05:23:41","guid":{"rendered":"https:\/\/med.tattoo\/produkt\/kohaesives-band-5cm4-5m-1stk-rot-elastisch-selbstklebend\/"},"modified":"2025-05-15T07:23:41","modified_gmt":"2025-05-15T05:23:41","slug":"kohaesives-band-5cm4-5m-1stk-rot-elastisch-selbstklebend","status":"publish","type":"product","link":"https:\/\/med.tattoo\/de\/produkt\/kohaesives-band-5cm4-5m-1stk-rot-elastisch-selbstklebend\/","title":{"rendered":"Koh\u00e4sives Band 5cm*4.5m 1Stk. rot elastisch, selbstklebend"},"content":{"rendered":"<p>Eine Bandage ist eine elastische Binde (h\u00e4lt die Spannung konstant) mit einer koh\u00e4siven Struktur (selbstklebend, klebt nur an sich selbst). Unsere elastische Binde ist aus einem leichten, atmungsaktiven und strapazierf\u00e4higen Material hergestellt, das hautfreundlich ist.  Der gew\u00fcnschte Grad der Kompression wird zum Zeitpunkt der Anwendung erreicht. Es sind keine zus\u00e4tzlichen Befestigungsclips oder Pflaster erforderlich. Die L\u00e4nge der Bandage kann ohne Schere angepasst werden. Beim Abnehmen hinterl\u00e4sst sie keine Spuren. Die elastische Bandage ist dank ihrer Eigenschaften auch f\u00fcr unebene Oberfl\u00e4chen geeignet. Sie verhindert eine \u00dcberhitzung und l\u00e4sst die Haut atmen &#8211; sie ist durchl\u00e4ssig f\u00fcr Wasserdampf und Luft. Sie bietet Komfort und Bequemlichkeit bei der Anwendung.      <\/p>\n<p>Bei der Herstellung von elastischen Binden setzen wir auf moderne Technologie und innovative L\u00f6sungen, um die Qualit\u00e4t der angebotenen Produkte so hoch wie m\u00f6glich zu halten.<\/p>\n<p>Die Binde ist in vielen Farben und Gr\u00f6\u00dfen erh\u00e4ltlich.<\/p>\n<p>Die Bandage ist ein hervorragender Verbandschutz &#8211; sie h\u00e4lt den Verband fest an seinem Platz, ohne dass die Gefahr des Verrutschens besteht. Ideal f\u00fcr die Verwendung nach Verletzungen.  Es wird auch zur Herstellung von Binden f\u00fcr Ellbogen, Handgelenk, Fu\u00df und Knie verwendet. Die elastische Binde findet auch als zus\u00e4tzlicher Schutz unter Protektoren Verwendung. Durch die Steuerung der Kompressionskraft kann die elastische Binde als Kompressionsverband f\u00fcr Venenerkrankungen der unteren Gliedma\u00dfen verwendet werden. Dank der schnellen und einfachen Anwendung kann unsere elastische Binde auch zur Befestigung von Ger\u00e4ten f\u00fcr T\u00e4towierungen, Permanent Make-up und anderen medizinischen Ger\u00e4ten verwendet werden.   <\/p>\n<p>Unsere Bandage ist perfekt f\u00fcr den tier\u00e4rztlichen Gebrauch geeignet, da sie nicht an den Haaren klebt.<br \/>\nAnwendung:<br \/>\nSie wird zum Bandagieren von Ellbogen, Handgelenk, Knie und Fu\u00df verwendet.<br \/>\nDas Produkt wird meist als Unterlage unter Pflastern verwendet und ersetzt dabei einen leichten Schwamm, der den Bereich zus\u00e4tzlich stabilisiert.<br \/>\nEs wird als zus\u00e4tzlicher Schutz unter Pads verwendet.<br \/>\nEs ist auch in Bereichen mit h\u00e4ufigem Biegen n\u00fctzlich, z.B. an Gelenken.<br \/>\nDas Produkt wird beim Sporttaping verwendet. Es tr\u00e4gt dazu bei, die Haftung von Kinesiotaping-Pflastern zu verbessern &#8211; es wird daher empfohlen, es zu verwenden, um die Haltbarkeit und den Komfort der Tapes zu erh\u00f6hen.<br \/>\nDie Bandage ist flexibel und eignet sich daher ideal f\u00fcr die Anwendung auf Hautstellen, die zu vermehrter Schwei\u00dfbildung neigen (z.B. Handfl\u00e4chen oder Fu\u00dfsohlen). Das Produkt sorgt daf\u00fcr, dass Sie sich bei der Anwendung nicht unwohl f\u00fchlen, sondern lediglich einen angenehmen Tragekomfort haben.<br \/>\nEr kann als Kompressions- und Schutzverband bei Venenerkrankungen der unteren Gliedma\u00dfen verwendet werden &#8211; zur Vorbeugung und Behandlung von Verletzungen der Muskeln, Sehnen und B\u00e4nder.<br \/>\nAuch zur teilweisen Ruhigstellung bei einer Verstauchung, zum Anlegen verschiedener Verb\u00e4nde, Schienen und K\u00e4lte- und W\u00e4rmepackungen, bei Schwellungen der Gliedma\u00dfen infolge von Kreislaufinsuffizienz, zum Anlegen von Verb\u00e4nden.<br \/>\nVorteile des Verbandes :<br \/>\nl\u00e4sst sich schnell und einfach auftragen<br \/>\nKlebt nicht an Haut, Kleidung oder Verb\u00e4nden<br \/>\nselbstklebend<br \/>\nverhindert \u00dcberhitzung und l\u00e4sst die Haut atmen<br \/>\nflexibel<br \/>\nder Verband l\u00e4sst sich leicht entfernen<br \/>\nHinterl\u00e4sst nach der Entfernung keine Spuren<br \/>\ndurchl\u00e4ssig f\u00fcr Wasserdampf und Luft<br \/>\nkoh\u00e4siv (selbstklebend) und rutschfest<br \/>\nkeine Klammern oder Pflaster erforderlich<br \/>\nbietet Komfort und Bequemlichkeit<br \/>\nH\u00e4lt die Spannung konstant (lockert sich nicht nach der Anwendung)<br \/>\nkonsistent auf beiden Seiten<br \/>\ndie gew\u00fcnschten Teile k\u00f6nnen durch Abrei\u00dfen einfach und frei getrennt werden<br \/>\nerm\u00f6glicht die Kontrolle der Druckfestigkeit<br \/>\nin vielen fr\u00f6hlichen Farben und Mustern und verschiedenen Gr\u00f6\u00dfen<\/p>\n","protected":false},"excerpt":{"rendered":"<p>Eine Bandage ist eine elastische Binde (h\u00e4lt die Spannung konstant) mit einer koh\u00e4siven Struktur (selbstklebend, klebt nur an sich selbst). Unsere elastische Binde ist aus einem leichten, atmungsaktiven und strapazierf\u00e4higen Material hergestellt, das hautfreundlich ist. Der gew\u00fcnschte Grad der Kompression wird zum Zeitpunkt der Anwendung erreicht. Es sind keine zus\u00e4tzlichen Befestigungsclips oder Pflaster erforderlich. Die [&hellip;]<\/p>\n","protected":false},"featured_media":7456,"comment_status":"closed","ping_status":"open","template":"","meta":{"site-sidebar-layout":"default","site-content-layout":"","ast-site-content-layout":"default","site-content-style":"default","site-sidebar-style":"default","ast-global-header-display":"","ast-banner-title-visibility":"","ast-main-header-display":"","ast-hfb-above-header-display":"","ast-hfb-below-header-display":"","ast-hfb-mobile-header-display":"","site-post-title":"","ast-breadcrumbs-content":"","ast-featured-img":"","footer-sml-layout":"","ast-disable-related-posts":"","theme-transparent-header-meta":"","adv-header-id-meta":"","stick-header-meta":"","header-above-stick-meta":"","header-main-stick-meta":"","header-below-stick-meta":"","astra-migrate-meta-layouts":"default","ast-page-background-enabled":"default","ast-page-background-meta":{"desktop":{"background-color":"var(--ast-global-color-4)","background-image":"","background-repeat":"repeat","background-position":"center center","background-size":"auto","background-attachment":"scroll","background-type":"","background-media":"","overlay-type":"","overlay-color":"","overlay-opacity":"","overlay-gradient":""},"tablet":{"background-color":"","background-image":"","background-repeat":"repeat","background-position":"center center","background-size":"auto","background-attachment":"scroll","background-type":"","background-media":"","overlay-type":"","overlay-color":"","overlay-opacity":"","overlay-gradient":""},"mobile":{"background-color":"","background-image":"","background-repeat":"repeat","background-position":"center center","background-size":"auto","background-attachment":"scroll","background-type":"","background-media":"","overlay-type":"","overlay-color":"","overlay-opacity":"","overlay-gradient":""}},"ast-content-background-meta":{"desktop":{"background-color":"var(--ast-global-color-5)","background-image":"","background-repeat":"repeat","background-position":"center center","background-size":"auto","background-attachment":"scroll","background-type":"","background-media":"","overlay-type":"","overlay-color":"","overlay-opacity":"","overlay-gradient":""},"tablet":{"background-color":"var(--ast-global-color-5)","background-image":"","background-repeat":"repeat","background-position":"center center","background-size":"auto","background-attachment":"scroll","background-type":"","background-media":"","overlay-type":"","overlay-color":"","overlay-opacity":"","overlay-gradient":""},"mobile":{"background-color":"var(--ast-global-color-5)","background-image":"","background-repeat":"repeat","background-position":"center center","background-size":"auto","background-attachment":"scroll","background-type":"","background-media":"","overlay-type":"","overlay-color":"","overlay-opacity":"","overlay-gradient":""}}},"product_brand":[],"product_cat":[55],"product_tag":[],"class_list":{"0":"post-9694","1":"product","2":"type-product","3":"status-publish","4":"has-post-thumbnail","6":"product_cat-med-tattoo-de","7":"desktop-align-left","8":"tablet-align-left","9":"mobile-align-left","10":"ast-product-gallery-layout-horizontal-slider","11":"ast-product-gallery-with-no-image","12":"ast-product-tabs-layout-distributed","14":"first","15":"instock","16":"purchasable","17":"product-type-simple"},"yoast_head":"<!-- This site is optimized with the Yoast SEO plugin v27.3 - https:\/\/yoast.com\/product\/yoast-seo-wordpress\/ -->\n<title>Koh\u00e4sives Band 5cm*4.5m 1Stk. rot elastisch, selbstklebend - MED.TATTOO<\/title>\n<meta name=\"robots\" content=\"index, follow, max-snippet:-1, max-image-preview:large, max-video-preview:-1\" \/>\n<link rel=\"canonical\" href=\"https:\/\/med.tattoo\/de\/produkt\/kohaesives-band-5cm4-5m-1stk-rot-elastisch-selbstklebend\/\" \/>\n<meta property=\"og:locale\" content=\"de_DE\" \/>\n<meta property=\"og:type\" content=\"article\" \/>\n<meta property=\"og:title\" content=\"Koh\u00e4sives Band 5cm*4.5m 1Stk. rot elastisch, selbstklebend - MED.TATTOO\" \/>\n<meta property=\"og:description\" content=\"Eine Bandage ist eine elastische Binde (h\u00e4lt die Spannung konstant) mit einer koh\u00e4siven Struktur (selbstklebend, klebt nur an sich selbst). Unsere elastische Binde ist aus einem leichten, atmungsaktiven und strapazierf\u00e4higen Material hergestellt, das hautfreundlich ist. Der gew\u00fcnschte Grad der Kompression wird zum Zeitpunkt der Anwendung erreicht. Es sind keine zus\u00e4tzlichen Befestigungsclips oder Pflaster erforderlich. Die [&hellip;]\" \/>\n<meta property=\"og:url\" content=\"https:\/\/med.tattoo\/de\/produkt\/kohaesives-band-5cm4-5m-1stk-rot-elastisch-selbstklebend\/\" \/>\n<meta property=\"og:site_name\" content=\"MED.TATTOO\" \/>\n<meta property=\"article:publisher\" content=\"https:\/\/www.facebook.com\/profile.php?id=100084366705613\" \/>\n<meta name=\"twitter:card\" content=\"summary_large_image\" \/>\n<meta name=\"twitter:label1\" content=\"Gesch\u00e4tzte Lesezeit\" \/>\n\t<meta name=\"twitter:data1\" content=\"3\u00a0Minuten\" \/>\n<script type=\"application\/ld+json\" class=\"yoast-schema-graph\">{\"@context\":\"https:\\\/\\\/schema.org\",\"@graph\":[{\"@type\":\"WebPage\",\"@id\":\"https:\\\/\\\/med.tattoo\\\/de\\\/produkt\\\/kohaesives-band-5cm4-5m-1stk-rot-elastisch-selbstklebend\\\/\",\"url\":\"https:\\\/\\\/med.tattoo\\\/de\\\/produkt\\\/kohaesives-band-5cm4-5m-1stk-rot-elastisch-selbstklebend\\\/\",\"name\":\"Koh\u00e4sives Band 5cm*4.5m 1Stk. rot elastisch, selbstklebend - MED.TATTOO\",\"isPartOf\":{\"@id\":\"https:\\\/\\\/med.tattoo\\\/de\\\/#website\"},\"primaryImageOfPage\":{\"@id\":\"https:\\\/\\\/med.tattoo\\\/de\\\/produkt\\\/kohaesives-band-5cm4-5m-1stk-rot-elastisch-selbstklebend\\\/#primaryimage\"},\"image\":{\"@id\":\"https:\\\/\\\/med.tattoo\\\/de\\\/produkt\\\/kohaesives-band-5cm4-5m-1stk-rot-elastisch-selbstklebend\\\/#primaryimage\"},\"thumbnailUrl\":\"https:\\\/\\\/med.tattoo\\\/wp-content\\\/uploads\\\/2025\\\/05\\\/1545_opaska-kohezyjna-5cm-4-5m-1szt-czerwona-elastyc_1744006712.jpg\",\"datePublished\":\"2025-05-15T05:23:41+00:00\",\"breadcrumb\":{\"@id\":\"https:\\\/\\\/med.tattoo\\\/de\\\/produkt\\\/kohaesives-band-5cm4-5m-1stk-rot-elastisch-selbstklebend\\\/#breadcrumb\"},\"inLanguage\":\"de\",\"potentialAction\":[{\"@type\":\"ReadAction\",\"target\":[\"https:\\\/\\\/med.tattoo\\\/de\\\/produkt\\\/kohaesives-band-5cm4-5m-1stk-rot-elastisch-selbstklebend\\\/\"]}]},{\"@type\":\"ImageObject\",\"inLanguage\":\"de\",\"@id\":\"https:\\\/\\\/med.tattoo\\\/de\\\/produkt\\\/kohaesives-band-5cm4-5m-1stk-rot-elastisch-selbstklebend\\\/#primaryimage\",\"url\":\"https:\\\/\\\/med.tattoo\\\/wp-content\\\/uploads\\\/2025\\\/05\\\/1545_opaska-kohezyjna-5cm-4-5m-1szt-czerwona-elastyc_1744006712.jpg\",\"contentUrl\":\"https:\\\/\\\/med.tattoo\\\/wp-content\\\/uploads\\\/2025\\\/05\\\/1545_opaska-kohezyjna-5cm-4-5m-1szt-czerwona-elastyc_1744006712.jpg\",\"width\":876,\"height\":800},{\"@type\":\"BreadcrumbList\",\"@id\":\"https:\\\/\\\/med.tattoo\\\/de\\\/produkt\\\/kohaesives-band-5cm4-5m-1stk-rot-elastisch-selbstklebend\\\/#breadcrumb\",\"itemListElement\":[{\"@type\":\"ListItem\",\"position\":1,\"name\":\"Strona G\u0142\u00f3wna\",\"item\":\"https:\\\/\\\/med.tattoo\\\/de\\\/\"},{\"@type\":\"ListItem\",\"position\":2,\"name\":\"Shop\",\"item\":\"https:\\\/\\\/med.tattoo\\\/de\\\/shop\\\/\"},{\"@type\":\"ListItem\",\"position\":3,\"name\":\"Koh\u00e4sives Band 5cm*4.5m 1Stk. rot elastisch, selbstklebend\"}]},{\"@type\":\"WebSite\",\"@id\":\"https:\\\/\\\/med.tattoo\\\/de\\\/#website\",\"url\":\"https:\\\/\\\/med.tattoo\\\/de\\\/\",\"name\":\"MED.TATTOO\",\"description\":\"Wszystko dla Twojego tatua\u017cu\",\"publisher\":{\"@id\":\"https:\\\/\\\/med.tattoo\\\/de\\\/#organization\"},\"potentialAction\":[{\"@type\":\"SearchAction\",\"target\":{\"@type\":\"EntryPoint\",\"urlTemplate\":\"https:\\\/\\\/med.tattoo\\\/de\\\/?s={search_term_string}\"},\"query-input\":{\"@type\":\"PropertyValueSpecification\",\"valueRequired\":true,\"valueName\":\"search_term_string\"}}],\"inLanguage\":\"de\"},{\"@type\":\"Organization\",\"@id\":\"https:\\\/\\\/med.tattoo\\\/de\\\/#organization\",\"name\":\"MED.TATTOO\",\"url\":\"https:\\\/\\\/med.tattoo\\\/de\\\/\",\"logo\":{\"@type\":\"ImageObject\",\"inLanguage\":\"de\",\"@id\":\"https:\\\/\\\/med.tattoo\\\/de\\\/#\\\/schema\\\/logo\\\/image\\\/\",\"url\":\"https:\\\/\\\/med.tattoo\\\/wp-content\\\/uploads\\\/2025\\\/05\\\/Bez-tytulu-600S300-px-1-e1658908183800.png\",\"contentUrl\":\"https:\\\/\\\/med.tattoo\\\/wp-content\\\/uploads\\\/2025\\\/05\\\/Bez-tytulu-600S300-px-1-e1658908183800.png\",\"width\":600,\"height\":61,\"caption\":\"MED.TATTOO\"},\"image\":{\"@id\":\"https:\\\/\\\/med.tattoo\\\/de\\\/#\\\/schema\\\/logo\\\/image\\\/\"},\"sameAs\":[\"https:\\\/\\\/www.facebook.com\\\/profile.php?id=100084366705613\",\"https:\\\/\\\/www.instagram.com\\\/med.tattoo_official\\\/\"]}]}<\/script>\n<!-- \/ Yoast SEO plugin. -->","yoast_head_json":{"title":"Koh\u00e4sives Band 5cm*4.5m 1Stk. rot elastisch, selbstklebend - MED.TATTOO","robots":{"index":"index","follow":"follow","max-snippet":"max-snippet:-1","max-image-preview":"max-image-preview:large","max-video-preview":"max-video-preview:-1"},"canonical":"https:\/\/med.tattoo\/de\/produkt\/kohaesives-band-5cm4-5m-1stk-rot-elastisch-selbstklebend\/","og_locale":"de_DE","og_type":"article","og_title":"Koh\u00e4sives Band 5cm*4.5m 1Stk. rot elastisch, selbstklebend - MED.TATTOO","og_description":"Eine Bandage ist eine elastische Binde (h\u00e4lt die Spannung konstant) mit einer koh\u00e4siven Struktur (selbstklebend, klebt nur an sich selbst). Unsere elastische Binde ist aus einem leichten, atmungsaktiven und strapazierf\u00e4higen Material hergestellt, das hautfreundlich ist. Der gew\u00fcnschte Grad der Kompression wird zum Zeitpunkt der Anwendung erreicht. Es sind keine zus\u00e4tzlichen Befestigungsclips oder Pflaster erforderlich. Die [&hellip;]","og_url":"https:\/\/med.tattoo\/de\/produkt\/kohaesives-band-5cm4-5m-1stk-rot-elastisch-selbstklebend\/","og_site_name":"MED.TATTOO","article_publisher":"https:\/\/www.facebook.com\/profile.php?id=100084366705613","twitter_card":"summary_large_image","twitter_misc":{"Gesch\u00e4tzte Lesezeit":"3\u00a0Minuten"},"schema":{"@context":"https:\/\/schema.org","@graph":[{"@type":"WebPage","@id":"https:\/\/med.tattoo\/de\/produkt\/kohaesives-band-5cm4-5m-1stk-rot-elastisch-selbstklebend\/","url":"https:\/\/med.tattoo\/de\/produkt\/kohaesives-band-5cm4-5m-1stk-rot-elastisch-selbstklebend\/","name":"Koh\u00e4sives Band 5cm*4.5m 1Stk. rot elastisch, selbstklebend - MED.TATTOO","isPartOf":{"@id":"https:\/\/med.tattoo\/de\/#website"},"primaryImageOfPage":{"@id":"https:\/\/med.tattoo\/de\/produkt\/kohaesives-band-5cm4-5m-1stk-rot-elastisch-selbstklebend\/#primaryimage"},"image":{"@id":"https:\/\/med.tattoo\/de\/produkt\/kohaesives-band-5cm4-5m-1stk-rot-elastisch-selbstklebend\/#primaryimage"},"thumbnailUrl":"https:\/\/med.tattoo\/wp-content\/uploads\/2025\/05\/1545_opaska-kohezyjna-5cm-4-5m-1szt-czerwona-elastyc_1744006712.jpg","datePublished":"2025-05-15T05:23:41+00:00","breadcrumb":{"@id":"https:\/\/med.tattoo\/de\/produkt\/kohaesives-band-5cm4-5m-1stk-rot-elastisch-selbstklebend\/#breadcrumb"},"inLanguage":"de","potentialAction":[{"@type":"ReadAction","target":["https:\/\/med.tattoo\/de\/produkt\/kohaesives-band-5cm4-5m-1stk-rot-elastisch-selbstklebend\/"]}]},{"@type":"ImageObject","inLanguage":"de","@id":"https:\/\/med.tattoo\/de\/produkt\/kohaesives-band-5cm4-5m-1stk-rot-elastisch-selbstklebend\/#primaryimage","url":"https:\/\/med.tattoo\/wp-content\/uploads\/2025\/05\/1545_opaska-kohezyjna-5cm-4-5m-1szt-czerwona-elastyc_1744006712.jpg","contentUrl":"https:\/\/med.tattoo\/wp-content\/uploads\/2025\/05\/1545_opaska-kohezyjna-5cm-4-5m-1szt-czerwona-elastyc_1744006712.jpg","width":876,"height":800},{"@type":"BreadcrumbList","@id":"https:\/\/med.tattoo\/de\/produkt\/kohaesives-band-5cm4-5m-1stk-rot-elastisch-selbstklebend\/#breadcrumb","itemListElement":[{"@type":"ListItem","position":1,"name":"Strona G\u0142\u00f3wna","item":"https:\/\/med.tattoo\/de\/"},{"@type":"ListItem","position":2,"name":"Shop","item":"https:\/\/med.tattoo\/de\/shop\/"},{"@type":"ListItem","position":3,"name":"Koh\u00e4sives Band 5cm*4.5m 1Stk. rot elastisch, selbstklebend"}]},{"@type":"WebSite","@id":"https:\/\/med.tattoo\/de\/#website","url":"https:\/\/med.tattoo\/de\/","name":"MED.TATTOO","description":"Wszystko dla Twojego tatua\u017cu","publisher":{"@id":"https:\/\/med.tattoo\/de\/#organization"},"potentialAction":[{"@type":"SearchAction","target":{"@type":"EntryPoint","urlTemplate":"https:\/\/med.tattoo\/de\/?s={search_term_string}"},"query-input":{"@type":"PropertyValueSpecification","valueRequired":true,"valueName":"search_term_string"}}],"inLanguage":"de"},{"@type":"Organization","@id":"https:\/\/med.tattoo\/de\/#organization","name":"MED.TATTOO","url":"https:\/\/med.tattoo\/de\/","logo":{"@type":"ImageObject","inLanguage":"de","@id":"https:\/\/med.tattoo\/de\/#\/schema\/logo\/image\/","url":"https:\/\/med.tattoo\/wp-content\/uploads\/2025\/05\/Bez-tytulu-600S300-px-1-e1658908183800.png","contentUrl":"https:\/\/med.tattoo\/wp-content\/uploads\/2025\/05\/Bez-tytulu-600S300-px-1-e1658908183800.png","width":600,"height":61,"caption":"MED.TATTOO"},"image":{"@id":"https:\/\/med.tattoo\/de\/#\/schema\/logo\/image\/"},"sameAs":["https:\/\/www.facebook.com\/profile.php?id=100084366705613","https:\/\/www.instagram.com\/med.tattoo_official\/"]}]}},"_links":{"self":[{"href":"https:\/\/med.tattoo\/de\/wp-json\/wp\/v2\/product\/9694","targetHints":{"allow":["GET"]}}],"collection":[{"href":"https:\/\/med.tattoo\/de\/wp-json\/wp\/v2\/product"}],"about":[{"href":"https:\/\/med.tattoo\/de\/wp-json\/wp\/v2\/types\/product"}],"replies":[{"embeddable":true,"href":"https:\/\/med.tattoo\/de\/wp-json\/wp\/v2\/comments?post=9694"}],"wp:featuredmedia":[{"embeddable":true,"href":"https:\/\/med.tattoo\/de\/wp-json\/wp\/v2\/media\/7456"}],"wp:attachment":[{"href":"https:\/\/med.tattoo\/de\/wp-json\/wp\/v2\/media?parent=9694"}],"wp:term":[{"taxonomy":"product_brand","embeddable":true,"href":"https:\/\/med.tattoo\/de\/wp-json\/wp\/v2\/product_brand?post=9694"},{"taxonomy":"product_cat","embeddable":true,"href":"https:\/\/med.tattoo\/de\/wp-json\/wp\/v2\/product_cat?post=9694"},{"taxonomy":"product_tag","embeddable":true,"href":"https:\/\/med.tattoo\/de\/wp-json\/wp\/v2\/product_tag?post=9694"}],"curies":[{"name":"wp","href":"https:\/\/api.w.org\/{rel}","templated":true}]}}