{"id":9716,"date":"2025-05-15T07:25:49","date_gmt":"2025-05-15T05:25:49","guid":{"rendered":"https:\/\/med.tattoo\/produkt\/folienunterlage-1x-seidenpapier-1x-folie-58cm-x-50m-blau\/"},"modified":"2025-05-15T07:25:49","modified_gmt":"2025-05-15T05:25:49","slug":"folienunterlage-1x-seidenpapier-1x-folie-58cm-x-50m-blau","status":"publish","type":"product","link":"https:\/\/med.tattoo\/de\/produkt\/folienunterlage-1x-seidenpapier-1x-folie-58cm-x-50m-blau\/","title":{"rendered":"Folienunterlage 1x Seidenpapier 1x Folie 58cm x 50m Blau"},"content":{"rendered":"<p>Medizinische Unterlage mit Folie 58 cm<\/p>\n<p>Fragen Sie sich, wie Sie den gyn\u00e4kologischen Stuhl effektiv sichern k\u00f6nnen? Suchen Sie nach einer M\u00f6glichkeit, den Komfort Ihrer Patientin w\u00e4hrend der Untersuchung zu gew\u00e4hrleisten? <\/p>\n<p>Angaben zum Produkt:<\/p>\n<p>Sie umfassen unter anderem alle Arten von gyn\u00e4kologischen Untersuchungen <\/p>\n<p>Eigenschaften:<br \/>\nbis zu 50 Meter auf einer Rolle!<br \/>\nDie medizinische Unterlage ist doppellagig (1x Tissue + 1x Folie), was zu ihrer hohen Saugf\u00e4higkeit beitr\u00e4gt<br \/>\nSie ist leicht zu zerrei\u00dfen, was Ihnen w\u00e4hrend der Untersuchung Zeit spart<br \/>\nDas Produkt delaminiert nicht, was eine weitreichende Haltbarkeit gew\u00e4hrleistet<br \/>\nEs f\u00fchlt sich angenehm an, was den Komfort bei gyn\u00e4kologischen Untersuchungen garantiert<br \/>\nDie Gr\u00f6\u00dfe betr\u00e4gt 58 \u00d7 50 cm, die Unterlage ist alle 38 cm perforiert<br \/>\nDas Produkt wird in Griechenland hergestellt.<\/p>\n","protected":false},"excerpt":{"rendered":"<p>Medizinische Unterlage mit Folie 58 cm Fragen Sie sich, wie Sie den gyn\u00e4kologischen Stuhl effektiv sichern k\u00f6nnen? Suchen Sie nach einer M\u00f6glichkeit, den Komfort Ihrer Patientin w\u00e4hrend der Untersuchung zu gew\u00e4hrleisten? Angaben zum Produkt: Sie umfassen unter anderem alle Arten von gyn\u00e4kologischen Untersuchungen Eigenschaften: bis zu 50 Meter auf einer Rolle! Die medizinische Unterlage ist [&hellip;]<\/p>\n","protected":false},"featured_media":7666,"comment_status":"closed","ping_status":"open","template":"","meta":{"site-sidebar-layout":"default","site-content-layout":"","ast-site-content-layout":"default","site-content-style":"default","site-sidebar-style":"default","ast-global-header-display":"","ast-banner-title-visibility":"","ast-main-header-display":"","ast-hfb-above-header-display":"","ast-hfb-below-header-display":"","ast-hfb-mobile-header-display":"","site-post-title":"","ast-breadcrumbs-content":"","ast-featured-img":"","footer-sml-layout":"","ast-disable-related-posts":"","theme-transparent-header-meta":"","adv-header-id-meta":"","stick-header-meta":"","header-above-stick-meta":"","header-main-stick-meta":"","header-below-stick-meta":"","astra-migrate-meta-layouts":"default","ast-page-background-enabled":"default","ast-page-background-meta":{"desktop":{"background-color":"var(--ast-global-color-4)","background-image":"","background-repeat":"repeat","background-position":"center center","background-size":"auto","background-attachment":"scroll","background-type":"","background-media":"","overlay-type":"","overlay-color":"","overlay-opacity":"","overlay-gradient":""},"tablet":{"background-color":"","background-image":"","background-repeat":"repeat","background-position":"center center","background-size":"auto","background-attachment":"scroll","background-type":"","background-media":"","overlay-type":"","overlay-color":"","overlay-opacity":"","overlay-gradient":""},"mobile":{"background-color":"","background-image":"","background-repeat":"repeat","background-position":"center center","background-size":"auto","background-attachment":"scroll","background-type":"","background-media":"","overlay-type":"","overlay-color":"","overlay-opacity":"","overlay-gradient":""}},"ast-content-background-meta":{"desktop":{"background-color":"var(--ast-global-color-5)","background-image":"","background-repeat":"repeat","background-position":"center center","background-size":"auto","background-attachment":"scroll","background-type":"","background-media":"","overlay-type":"","overlay-color":"","overlay-opacity":"","overlay-gradient":""},"tablet":{"background-color":"var(--ast-global-color-5)","background-image":"","background-repeat":"repeat","background-position":"center center","background-size":"auto","background-attachment":"scroll","background-type":"","background-media":"","overlay-type":"","overlay-color":"","overlay-opacity":"","overlay-gradient":""},"mobile":{"background-color":"var(--ast-global-color-5)","background-image":"","background-repeat":"repeat","background-position":"center center","background-size":"auto","background-attachment":"scroll","background-type":"","background-media":"","overlay-type":"","overlay-color":"","overlay-opacity":"","overlay-gradient":""}}},"product_brand":[],"product_cat":[55],"product_tag":[],"class_list":{"0":"post-9716","1":"product","2":"type-product","3":"status-publish","4":"has-post-thumbnail","6":"product_cat-med-tattoo-de","7":"desktop-align-left","8":"tablet-align-left","9":"mobile-align-left","10":"ast-product-gallery-layout-horizontal-slider","11":"ast-product-gallery-with-no-image","12":"ast-product-tabs-layout-distributed","14":"first","15":"outofstock","16":"purchasable","17":"product-type-simple"},"yoast_head":"<!-- This site is optimized with the Yoast SEO plugin v27.3 - https:\/\/yoast.com\/product\/yoast-seo-wordpress\/ -->\n<title>Folienunterlage 1x Seidenpapier 1x Folie 58cm x 50m Blau - MED.TATTOO<\/title>\n<meta name=\"robots\" content=\"index, follow, max-snippet:-1, max-image-preview:large, max-video-preview:-1\" \/>\n<link rel=\"canonical\" href=\"https:\/\/med.tattoo\/de\/produkt\/folienunterlage-1x-seidenpapier-1x-folie-58cm-x-50m-blau\/\" \/>\n<meta property=\"og:locale\" content=\"de_DE\" \/>\n<meta property=\"og:type\" content=\"article\" \/>\n<meta property=\"og:title\" content=\"Folienunterlage 1x Seidenpapier 1x Folie 58cm x 50m Blau - MED.TATTOO\" \/>\n<meta property=\"og:description\" content=\"Medizinische Unterlage mit Folie 58 cm Fragen Sie sich, wie Sie den gyn\u00e4kologischen Stuhl effektiv sichern k\u00f6nnen? Suchen Sie nach einer M\u00f6glichkeit, den Komfort Ihrer Patientin w\u00e4hrend der Untersuchung zu gew\u00e4hrleisten? Angaben zum Produkt: Sie umfassen unter anderem alle Arten von gyn\u00e4kologischen Untersuchungen Eigenschaften: bis zu 50 Meter auf einer Rolle! Die medizinische Unterlage ist [&hellip;]\" \/>\n<meta property=\"og:url\" content=\"https:\/\/med.tattoo\/de\/produkt\/folienunterlage-1x-seidenpapier-1x-folie-58cm-x-50m-blau\/\" \/>\n<meta property=\"og:site_name\" content=\"MED.TATTOO\" \/>\n<meta property=\"article:publisher\" content=\"https:\/\/www.facebook.com\/profile.php?id=100084366705613\" \/>\n<meta name=\"twitter:card\" content=\"summary_large_image\" \/>\n<meta name=\"twitter:label1\" content=\"Gesch\u00e4tzte Lesezeit\" \/>\n\t<meta name=\"twitter:data1\" content=\"1\u00a0Minute\" \/>\n<script type=\"application\/ld+json\" class=\"yoast-schema-graph\">{\"@context\":\"https:\\\/\\\/schema.org\",\"@graph\":[{\"@type\":\"WebPage\",\"@id\":\"https:\\\/\\\/med.tattoo\\\/de\\\/produkt\\\/folienunterlage-1x-seidenpapier-1x-folie-58cm-x-50m-blau\\\/\",\"url\":\"https:\\\/\\\/med.tattoo\\\/de\\\/produkt\\\/folienunterlage-1x-seidenpapier-1x-folie-58cm-x-50m-blau\\\/\",\"name\":\"Folienunterlage 1x Seidenpapier 1x Folie 58cm x 50m Blau - MED.TATTOO\",\"isPartOf\":{\"@id\":\"https:\\\/\\\/med.tattoo\\\/de\\\/#website\"},\"primaryImageOfPage\":{\"@id\":\"https:\\\/\\\/med.tattoo\\\/de\\\/produkt\\\/folienunterlage-1x-seidenpapier-1x-folie-58cm-x-50m-blau\\\/#primaryimage\"},\"image\":{\"@id\":\"https:\\\/\\\/med.tattoo\\\/de\\\/produkt\\\/folienunterlage-1x-seidenpapier-1x-folie-58cm-x-50m-blau\\\/#primaryimage\"},\"thumbnailUrl\":\"https:\\\/\\\/med.tattoo\\\/wp-content\\\/uploads\\\/2025\\\/05\\\/225_podklad-podfoliowany-1x-bibula-1x-folia-58cm-x-50n_1744006855.png\",\"datePublished\":\"2025-05-15T05:25:49+00:00\",\"breadcrumb\":{\"@id\":\"https:\\\/\\\/med.tattoo\\\/de\\\/produkt\\\/folienunterlage-1x-seidenpapier-1x-folie-58cm-x-50m-blau\\\/#breadcrumb\"},\"inLanguage\":\"de\",\"potentialAction\":[{\"@type\":\"ReadAction\",\"target\":[\"https:\\\/\\\/med.tattoo\\\/de\\\/produkt\\\/folienunterlage-1x-seidenpapier-1x-folie-58cm-x-50m-blau\\\/\"]}]},{\"@type\":\"ImageObject\",\"inLanguage\":\"de\",\"@id\":\"https:\\\/\\\/med.tattoo\\\/de\\\/produkt\\\/folienunterlage-1x-seidenpapier-1x-folie-58cm-x-50m-blau\\\/#primaryimage\",\"url\":\"https:\\\/\\\/med.tattoo\\\/wp-content\\\/uploads\\\/2025\\\/05\\\/225_podklad-podfoliowany-1x-bibula-1x-folia-58cm-x-50n_1744006855.png\",\"contentUrl\":\"https:\\\/\\\/med.tattoo\\\/wp-content\\\/uploads\\\/2025\\\/05\\\/225_podklad-podfoliowany-1x-bibula-1x-folia-58cm-x-50n_1744006855.png\",\"width\":952,\"height\":598},{\"@type\":\"BreadcrumbList\",\"@id\":\"https:\\\/\\\/med.tattoo\\\/de\\\/produkt\\\/folienunterlage-1x-seidenpapier-1x-folie-58cm-x-50m-blau\\\/#breadcrumb\",\"itemListElement\":[{\"@type\":\"ListItem\",\"position\":1,\"name\":\"Strona G\u0142\u00f3wna\",\"item\":\"https:\\\/\\\/med.tattoo\\\/de\\\/\"},{\"@type\":\"ListItem\",\"position\":2,\"name\":\"Shop\",\"item\":\"https:\\\/\\\/med.tattoo\\\/de\\\/shop\\\/\"},{\"@type\":\"ListItem\",\"position\":3,\"name\":\"Folienunterlage 1x Seidenpapier 1x Folie 58cm x 50m Blau\"}]},{\"@type\":\"WebSite\",\"@id\":\"https:\\\/\\\/med.tattoo\\\/de\\\/#website\",\"url\":\"https:\\\/\\\/med.tattoo\\\/de\\\/\",\"name\":\"MED.TATTOO\",\"description\":\"Wszystko dla Twojego tatua\u017cu\",\"publisher\":{\"@id\":\"https:\\\/\\\/med.tattoo\\\/de\\\/#organization\"},\"potentialAction\":[{\"@type\":\"SearchAction\",\"target\":{\"@type\":\"EntryPoint\",\"urlTemplate\":\"https:\\\/\\\/med.tattoo\\\/de\\\/?s={search_term_string}\"},\"query-input\":{\"@type\":\"PropertyValueSpecification\",\"valueRequired\":true,\"valueName\":\"search_term_string\"}}],\"inLanguage\":\"de\"},{\"@type\":\"Organization\",\"@id\":\"https:\\\/\\\/med.tattoo\\\/de\\\/#organization\",\"name\":\"MED.TATTOO\",\"url\":\"https:\\\/\\\/med.tattoo\\\/de\\\/\",\"logo\":{\"@type\":\"ImageObject\",\"inLanguage\":\"de\",\"@id\":\"https:\\\/\\\/med.tattoo\\\/de\\\/#\\\/schema\\\/logo\\\/image\\\/\",\"url\":\"https:\\\/\\\/med.tattoo\\\/wp-content\\\/uploads\\\/2025\\\/05\\\/Bez-tytulu-600S300-px-1-e1658908183800.png\",\"contentUrl\":\"https:\\\/\\\/med.tattoo\\\/wp-content\\\/uploads\\\/2025\\\/05\\\/Bez-tytulu-600S300-px-1-e1658908183800.png\",\"width\":600,\"height\":61,\"caption\":\"MED.TATTOO\"},\"image\":{\"@id\":\"https:\\\/\\\/med.tattoo\\\/de\\\/#\\\/schema\\\/logo\\\/image\\\/\"},\"sameAs\":[\"https:\\\/\\\/www.facebook.com\\\/profile.php?id=100084366705613\",\"https:\\\/\\\/www.instagram.com\\\/med.tattoo_official\\\/\"]}]}<\/script>\n<!-- \/ Yoast SEO plugin. -->","yoast_head_json":{"title":"Folienunterlage 1x Seidenpapier 1x Folie 58cm x 50m Blau - MED.TATTOO","robots":{"index":"index","follow":"follow","max-snippet":"max-snippet:-1","max-image-preview":"max-image-preview:large","max-video-preview":"max-video-preview:-1"},"canonical":"https:\/\/med.tattoo\/de\/produkt\/folienunterlage-1x-seidenpapier-1x-folie-58cm-x-50m-blau\/","og_locale":"de_DE","og_type":"article","og_title":"Folienunterlage 1x Seidenpapier 1x Folie 58cm x 50m Blau - MED.TATTOO","og_description":"Medizinische Unterlage mit Folie 58 cm Fragen Sie sich, wie Sie den gyn\u00e4kologischen Stuhl effektiv sichern k\u00f6nnen? Suchen Sie nach einer M\u00f6glichkeit, den Komfort Ihrer Patientin w\u00e4hrend der Untersuchung zu gew\u00e4hrleisten? Angaben zum Produkt: Sie umfassen unter anderem alle Arten von gyn\u00e4kologischen Untersuchungen Eigenschaften: bis zu 50 Meter auf einer Rolle! Die medizinische Unterlage ist [&hellip;]","og_url":"https:\/\/med.tattoo\/de\/produkt\/folienunterlage-1x-seidenpapier-1x-folie-58cm-x-50m-blau\/","og_site_name":"MED.TATTOO","article_publisher":"https:\/\/www.facebook.com\/profile.php?id=100084366705613","twitter_card":"summary_large_image","twitter_misc":{"Gesch\u00e4tzte Lesezeit":"1\u00a0Minute"},"schema":{"@context":"https:\/\/schema.org","@graph":[{"@type":"WebPage","@id":"https:\/\/med.tattoo\/de\/produkt\/folienunterlage-1x-seidenpapier-1x-folie-58cm-x-50m-blau\/","url":"https:\/\/med.tattoo\/de\/produkt\/folienunterlage-1x-seidenpapier-1x-folie-58cm-x-50m-blau\/","name":"Folienunterlage 1x Seidenpapier 1x Folie 58cm x 50m Blau - MED.TATTOO","isPartOf":{"@id":"https:\/\/med.tattoo\/de\/#website"},"primaryImageOfPage":{"@id":"https:\/\/med.tattoo\/de\/produkt\/folienunterlage-1x-seidenpapier-1x-folie-58cm-x-50m-blau\/#primaryimage"},"image":{"@id":"https:\/\/med.tattoo\/de\/produkt\/folienunterlage-1x-seidenpapier-1x-folie-58cm-x-50m-blau\/#primaryimage"},"thumbnailUrl":"https:\/\/med.tattoo\/wp-content\/uploads\/2025\/05\/225_podklad-podfoliowany-1x-bibula-1x-folia-58cm-x-50n_1744006855.png","datePublished":"2025-05-15T05:25:49+00:00","breadcrumb":{"@id":"https:\/\/med.tattoo\/de\/produkt\/folienunterlage-1x-seidenpapier-1x-folie-58cm-x-50m-blau\/#breadcrumb"},"inLanguage":"de","potentialAction":[{"@type":"ReadAction","target":["https:\/\/med.tattoo\/de\/produkt\/folienunterlage-1x-seidenpapier-1x-folie-58cm-x-50m-blau\/"]}]},{"@type":"ImageObject","inLanguage":"de","@id":"https:\/\/med.tattoo\/de\/produkt\/folienunterlage-1x-seidenpapier-1x-folie-58cm-x-50m-blau\/#primaryimage","url":"https:\/\/med.tattoo\/wp-content\/uploads\/2025\/05\/225_podklad-podfoliowany-1x-bibula-1x-folia-58cm-x-50n_1744006855.png","contentUrl":"https:\/\/med.tattoo\/wp-content\/uploads\/2025\/05\/225_podklad-podfoliowany-1x-bibula-1x-folia-58cm-x-50n_1744006855.png","width":952,"height":598},{"@type":"BreadcrumbList","@id":"https:\/\/med.tattoo\/de\/produkt\/folienunterlage-1x-seidenpapier-1x-folie-58cm-x-50m-blau\/#breadcrumb","itemListElement":[{"@type":"ListItem","position":1,"name":"Strona G\u0142\u00f3wna","item":"https:\/\/med.tattoo\/de\/"},{"@type":"ListItem","position":2,"name":"Shop","item":"https:\/\/med.tattoo\/de\/shop\/"},{"@type":"ListItem","position":3,"name":"Folienunterlage 1x Seidenpapier 1x Folie 58cm x 50m Blau"}]},{"@type":"WebSite","@id":"https:\/\/med.tattoo\/de\/#website","url":"https:\/\/med.tattoo\/de\/","name":"MED.TATTOO","description":"Wszystko dla Twojego tatua\u017cu","publisher":{"@id":"https:\/\/med.tattoo\/de\/#organization"},"potentialAction":[{"@type":"SearchAction","target":{"@type":"EntryPoint","urlTemplate":"https:\/\/med.tattoo\/de\/?s={search_term_string}"},"query-input":{"@type":"PropertyValueSpecification","valueRequired":true,"valueName":"search_term_string"}}],"inLanguage":"de"},{"@type":"Organization","@id":"https:\/\/med.tattoo\/de\/#organization","name":"MED.TATTOO","url":"https:\/\/med.tattoo\/de\/","logo":{"@type":"ImageObject","inLanguage":"de","@id":"https:\/\/med.tattoo\/de\/#\/schema\/logo\/image\/","url":"https:\/\/med.tattoo\/wp-content\/uploads\/2025\/05\/Bez-tytulu-600S300-px-1-e1658908183800.png","contentUrl":"https:\/\/med.tattoo\/wp-content\/uploads\/2025\/05\/Bez-tytulu-600S300-px-1-e1658908183800.png","width":600,"height":61,"caption":"MED.TATTOO"},"image":{"@id":"https:\/\/med.tattoo\/de\/#\/schema\/logo\/image\/"},"sameAs":["https:\/\/www.facebook.com\/profile.php?id=100084366705613","https:\/\/www.instagram.com\/med.tattoo_official\/"]}]}},"_links":{"self":[{"href":"https:\/\/med.tattoo\/de\/wp-json\/wp\/v2\/product\/9716","targetHints":{"allow":["GET"]}}],"collection":[{"href":"https:\/\/med.tattoo\/de\/wp-json\/wp\/v2\/product"}],"about":[{"href":"https:\/\/med.tattoo\/de\/wp-json\/wp\/v2\/types\/product"}],"replies":[{"embeddable":true,"href":"https:\/\/med.tattoo\/de\/wp-json\/wp\/v2\/comments?post=9716"}],"wp:featuredmedia":[{"embeddable":true,"href":"https:\/\/med.tattoo\/de\/wp-json\/wp\/v2\/media\/7666"}],"wp:attachment":[{"href":"https:\/\/med.tattoo\/de\/wp-json\/wp\/v2\/media?parent=9716"}],"wp:term":[{"taxonomy":"product_brand","embeddable":true,"href":"https:\/\/med.tattoo\/de\/wp-json\/wp\/v2\/product_brand?post=9716"},{"taxonomy":"product_cat","embeddable":true,"href":"https:\/\/med.tattoo\/de\/wp-json\/wp\/v2\/product_cat?post=9716"},{"taxonomy":"product_tag","embeddable":true,"href":"https:\/\/med.tattoo\/de\/wp-json\/wp\/v2\/product_tag?post=9716"}],"curies":[{"name":"wp","href":"https:\/\/api.w.org\/{rel}","templated":true}]}}