{"id":9728,"date":"2025-05-15T07:25:49","date_gmt":"2025-05-15T05:25:49","guid":{"rendered":"https:\/\/med.tattoo\/produkt\/zelluloseschutzkissen-60-50m-1st-weiss-2-lagen\/"},"modified":"2025-05-15T07:25:49","modified_gmt":"2025-05-15T05:25:49","slug":"zelluloseschutzkissen-60-50m-1st-weiss-2-lagen","status":"publish","type":"product","link":"https:\/\/med.tattoo\/de\/produkt\/zelluloseschutzkissen-60-50m-1st-weiss-2-lagen\/","title":{"rendered":"Zelluloseschutzkissen 60\/50m 1St. wei\u00df 2 Lagen"},"content":{"rendered":"<p>Die medizinische Einlage ist ein hochwertiges Produkt, mit dem Sie die Hygiene unter allen Bedingungen aufrechterhalten k\u00f6nnen. Ein sicheres und hygienisches Produkt. Es besteht aus 50cm x 60m doppellagigem Papier aus reiner, ausgew\u00e4hlter Zellulose. Es hat eine schneewei\u00dfe Farbe und eine feine Pr\u00e4gung auf der Oberfl\u00e4che. Dies tr\u00e4gt zur Erh\u00f6hung der Saugf\u00e4higkeit bei.      <\/p>\n<p>  Es f\u00fchlt sich sehr angenehm an und ist sanft zur Haut. Der Vorteil ist die perfekte Perforation, die die Rolle der Unterlage in gleich lange St\u00fccke unterteilt &#8211; sie lassen sich einfach und schnell abrei\u00dfen. Auf einer Rolle befinden sich bis zu 210 St\u00fcck, was sich deutlich auf den geringeren Verschlei\u00df auswirkt. Jede Rolle ist separat verpackt, um Sauberkeit, Hygiene und Sicherheit f\u00fcr den Benutzer zu gew\u00e4hrleisten.     <\/p>\n<p>Empfohlen f\u00fcr Arztpraxen, Spas und Massagesalons.  <\/p>\n<p>Farbe: Wei\u00df  <\/p>\n<p>Rohmaterial: Zellulose<\/p>\n<p>Anzahl der Ebenen: 2<\/p>\n<p>Rollenbreite: 60 cm<\/p>\n<p>L\u00e4nge der Rolle: 50 m<\/p>\n","protected":false},"excerpt":{"rendered":"<p>Die medizinische Einlage ist ein hochwertiges Produkt, mit dem Sie die Hygiene unter allen Bedingungen aufrechterhalten k\u00f6nnen. Ein sicheres und hygienisches Produkt. Es besteht aus 50cm x 60m doppellagigem Papier aus reiner, ausgew\u00e4hlter Zellulose. Es hat eine schneewei\u00dfe Farbe und eine feine Pr\u00e4gung auf der Oberfl\u00e4che. Dies tr\u00e4gt zur Erh\u00f6hung der Saugf\u00e4higkeit bei. Es f\u00fchlt [&hellip;]<\/p>\n","protected":false},"featured_media":7634,"comment_status":"closed","ping_status":"open","template":"","meta":{"site-sidebar-layout":"default","site-content-layout":"","ast-site-content-layout":"default","site-content-style":"default","site-sidebar-style":"default","ast-global-header-display":"","ast-banner-title-visibility":"","ast-main-header-display":"","ast-hfb-above-header-display":"","ast-hfb-below-header-display":"","ast-hfb-mobile-header-display":"","site-post-title":"","ast-breadcrumbs-content":"","ast-featured-img":"","footer-sml-layout":"","ast-disable-related-posts":"","theme-transparent-header-meta":"","adv-header-id-meta":"","stick-header-meta":"","header-above-stick-meta":"","header-main-stick-meta":"","header-below-stick-meta":"","astra-migrate-meta-layouts":"default","ast-page-background-enabled":"default","ast-page-background-meta":{"desktop":{"background-color":"var(--ast-global-color-4)","background-image":"","background-repeat":"repeat","background-position":"center center","background-size":"auto","background-attachment":"scroll","background-type":"","background-media":"","overlay-type":"","overlay-color":"","overlay-opacity":"","overlay-gradient":""},"tablet":{"background-color":"","background-image":"","background-repeat":"repeat","background-position":"center center","background-size":"auto","background-attachment":"scroll","background-type":"","background-media":"","overlay-type":"","overlay-color":"","overlay-opacity":"","overlay-gradient":""},"mobile":{"background-color":"","background-image":"","background-repeat":"repeat","background-position":"center center","background-size":"auto","background-attachment":"scroll","background-type":"","background-media":"","overlay-type":"","overlay-color":"","overlay-opacity":"","overlay-gradient":""}},"ast-content-background-meta":{"desktop":{"background-color":"var(--ast-global-color-5)","background-image":"","background-repeat":"repeat","background-position":"center center","background-size":"auto","background-attachment":"scroll","background-type":"","background-media":"","overlay-type":"","overlay-color":"","overlay-opacity":"","overlay-gradient":""},"tablet":{"background-color":"var(--ast-global-color-5)","background-image":"","background-repeat":"repeat","background-position":"center center","background-size":"auto","background-attachment":"scroll","background-type":"","background-media":"","overlay-type":"","overlay-color":"","overlay-opacity":"","overlay-gradient":""},"mobile":{"background-color":"var(--ast-global-color-5)","background-image":"","background-repeat":"repeat","background-position":"center center","background-size":"auto","background-attachment":"scroll","background-type":"","background-media":"","overlay-type":"","overlay-color":"","overlay-opacity":"","overlay-gradient":""}}},"product_brand":[],"product_cat":[55],"product_tag":[],"class_list":{"0":"post-9728","1":"product","2":"type-product","3":"status-publish","4":"has-post-thumbnail","6":"product_cat-med-tattoo-de","7":"desktop-align-left","8":"tablet-align-left","9":"mobile-align-left","10":"ast-product-gallery-layout-horizontal-slider","11":"ast-product-gallery-with-no-image","12":"ast-product-tabs-layout-distributed","14":"first","15":"instock","16":"purchasable","17":"product-type-simple"},"yoast_head":"<!-- This site is optimized with the Yoast SEO plugin v27.3 - https:\/\/yoast.com\/product\/yoast-seo-wordpress\/ -->\n<title>Zelluloseschutzkissen 60\/50m 1St. wei\u00df 2 Lagen - MED.TATTOO<\/title>\n<meta name=\"robots\" content=\"index, follow, max-snippet:-1, max-image-preview:large, max-video-preview:-1\" \/>\n<link rel=\"canonical\" href=\"https:\/\/med.tattoo\/de\/produkt\/zelluloseschutzkissen-60-50m-1st-weiss-2-lagen\/\" \/>\n<meta property=\"og:locale\" content=\"de_DE\" \/>\n<meta property=\"og:type\" content=\"article\" \/>\n<meta property=\"og:title\" content=\"Zelluloseschutzkissen 60\/50m 1St. wei\u00df 2 Lagen - MED.TATTOO\" \/>\n<meta property=\"og:description\" content=\"Die medizinische Einlage ist ein hochwertiges Produkt, mit dem Sie die Hygiene unter allen Bedingungen aufrechterhalten k\u00f6nnen. Ein sicheres und hygienisches Produkt. Es besteht aus 50cm x 60m doppellagigem Papier aus reiner, ausgew\u00e4hlter Zellulose. Es hat eine schneewei\u00dfe Farbe und eine feine Pr\u00e4gung auf der Oberfl\u00e4che. Dies tr\u00e4gt zur Erh\u00f6hung der Saugf\u00e4higkeit bei. Es f\u00fchlt [&hellip;]\" \/>\n<meta property=\"og:url\" content=\"https:\/\/med.tattoo\/de\/produkt\/zelluloseschutzkissen-60-50m-1st-weiss-2-lagen\/\" \/>\n<meta property=\"og:site_name\" content=\"MED.TATTOO\" \/>\n<meta property=\"article:publisher\" content=\"https:\/\/www.facebook.com\/profile.php?id=100084366705613\" \/>\n<meta name=\"twitter:card\" content=\"summary_large_image\" \/>\n<meta name=\"twitter:label1\" content=\"Gesch\u00e4tzte Lesezeit\" \/>\n\t<meta name=\"twitter:data1\" content=\"1\u00a0Minute\" \/>\n<script type=\"application\/ld+json\" class=\"yoast-schema-graph\">{\"@context\":\"https:\\\/\\\/schema.org\",\"@graph\":[{\"@type\":\"WebPage\",\"@id\":\"https:\\\/\\\/med.tattoo\\\/de\\\/produkt\\\/zelluloseschutzkissen-60-50m-1st-weiss-2-lagen\\\/\",\"url\":\"https:\\\/\\\/med.tattoo\\\/de\\\/produkt\\\/zelluloseschutzkissen-60-50m-1st-weiss-2-lagen\\\/\",\"name\":\"Zelluloseschutzkissen 60\\\/50m 1St. wei\u00df 2 Lagen - MED.TATTOO\",\"isPartOf\":{\"@id\":\"https:\\\/\\\/med.tattoo\\\/de\\\/#website\"},\"primaryImageOfPage\":{\"@id\":\"https:\\\/\\\/med.tattoo\\\/de\\\/produkt\\\/zelluloseschutzkissen-60-50m-1st-weiss-2-lagen\\\/#primaryimage\"},\"image\":{\"@id\":\"https:\\\/\\\/med.tattoo\\\/de\\\/produkt\\\/zelluloseschutzkissen-60-50m-1st-weiss-2-lagen\\\/#primaryimage\"},\"thumbnailUrl\":\"https:\\\/\\\/med.tattoo\\\/wp-content\\\/uploads\\\/2025\\\/05\\\/1337_podklad-ochronny-celulozowy-60-50-m-1szt-bialy_1744006851.png\",\"datePublished\":\"2025-05-15T05:25:49+00:00\",\"breadcrumb\":{\"@id\":\"https:\\\/\\\/med.tattoo\\\/de\\\/produkt\\\/zelluloseschutzkissen-60-50m-1st-weiss-2-lagen\\\/#breadcrumb\"},\"inLanguage\":\"de\",\"potentialAction\":[{\"@type\":\"ReadAction\",\"target\":[\"https:\\\/\\\/med.tattoo\\\/de\\\/produkt\\\/zelluloseschutzkissen-60-50m-1st-weiss-2-lagen\\\/\"]}]},{\"@type\":\"ImageObject\",\"inLanguage\":\"de\",\"@id\":\"https:\\\/\\\/med.tattoo\\\/de\\\/produkt\\\/zelluloseschutzkissen-60-50m-1st-weiss-2-lagen\\\/#primaryimage\",\"url\":\"https:\\\/\\\/med.tattoo\\\/wp-content\\\/uploads\\\/2025\\\/05\\\/1337_podklad-ochronny-celulozowy-60-50-m-1szt-bialy_1744006851.png\",\"contentUrl\":\"https:\\\/\\\/med.tattoo\\\/wp-content\\\/uploads\\\/2025\\\/05\\\/1337_podklad-ochronny-celulozowy-60-50-m-1szt-bialy_1744006851.png\",\"width\":718,\"height\":454},{\"@type\":\"BreadcrumbList\",\"@id\":\"https:\\\/\\\/med.tattoo\\\/de\\\/produkt\\\/zelluloseschutzkissen-60-50m-1st-weiss-2-lagen\\\/#breadcrumb\",\"itemListElement\":[{\"@type\":\"ListItem\",\"position\":1,\"name\":\"Strona G\u0142\u00f3wna\",\"item\":\"https:\\\/\\\/med.tattoo\\\/de\\\/\"},{\"@type\":\"ListItem\",\"position\":2,\"name\":\"Shop\",\"item\":\"https:\\\/\\\/med.tattoo\\\/de\\\/shop\\\/\"},{\"@type\":\"ListItem\",\"position\":3,\"name\":\"Zelluloseschutzkissen 60\\\/50m 1St. wei\u00df 2 Lagen\"}]},{\"@type\":\"WebSite\",\"@id\":\"https:\\\/\\\/med.tattoo\\\/de\\\/#website\",\"url\":\"https:\\\/\\\/med.tattoo\\\/de\\\/\",\"name\":\"MED.TATTOO\",\"description\":\"Wszystko dla Twojego tatua\u017cu\",\"publisher\":{\"@id\":\"https:\\\/\\\/med.tattoo\\\/de\\\/#organization\"},\"potentialAction\":[{\"@type\":\"SearchAction\",\"target\":{\"@type\":\"EntryPoint\",\"urlTemplate\":\"https:\\\/\\\/med.tattoo\\\/de\\\/?s={search_term_string}\"},\"query-input\":{\"@type\":\"PropertyValueSpecification\",\"valueRequired\":true,\"valueName\":\"search_term_string\"}}],\"inLanguage\":\"de\"},{\"@type\":\"Organization\",\"@id\":\"https:\\\/\\\/med.tattoo\\\/de\\\/#organization\",\"name\":\"MED.TATTOO\",\"url\":\"https:\\\/\\\/med.tattoo\\\/de\\\/\",\"logo\":{\"@type\":\"ImageObject\",\"inLanguage\":\"de\",\"@id\":\"https:\\\/\\\/med.tattoo\\\/de\\\/#\\\/schema\\\/logo\\\/image\\\/\",\"url\":\"https:\\\/\\\/med.tattoo\\\/wp-content\\\/uploads\\\/2025\\\/05\\\/Bez-tytulu-600S300-px-1-e1658908183800.png\",\"contentUrl\":\"https:\\\/\\\/med.tattoo\\\/wp-content\\\/uploads\\\/2025\\\/05\\\/Bez-tytulu-600S300-px-1-e1658908183800.png\",\"width\":600,\"height\":61,\"caption\":\"MED.TATTOO\"},\"image\":{\"@id\":\"https:\\\/\\\/med.tattoo\\\/de\\\/#\\\/schema\\\/logo\\\/image\\\/\"},\"sameAs\":[\"https:\\\/\\\/www.facebook.com\\\/profile.php?id=100084366705613\",\"https:\\\/\\\/www.instagram.com\\\/med.tattoo_official\\\/\"]}]}<\/script>\n<!-- \/ Yoast SEO plugin. -->","yoast_head_json":{"title":"Zelluloseschutzkissen 60\/50m 1St. wei\u00df 2 Lagen - MED.TATTOO","robots":{"index":"index","follow":"follow","max-snippet":"max-snippet:-1","max-image-preview":"max-image-preview:large","max-video-preview":"max-video-preview:-1"},"canonical":"https:\/\/med.tattoo\/de\/produkt\/zelluloseschutzkissen-60-50m-1st-weiss-2-lagen\/","og_locale":"de_DE","og_type":"article","og_title":"Zelluloseschutzkissen 60\/50m 1St. wei\u00df 2 Lagen - MED.TATTOO","og_description":"Die medizinische Einlage ist ein hochwertiges Produkt, mit dem Sie die Hygiene unter allen Bedingungen aufrechterhalten k\u00f6nnen. Ein sicheres und hygienisches Produkt. Es besteht aus 50cm x 60m doppellagigem Papier aus reiner, ausgew\u00e4hlter Zellulose. Es hat eine schneewei\u00dfe Farbe und eine feine Pr\u00e4gung auf der Oberfl\u00e4che. Dies tr\u00e4gt zur Erh\u00f6hung der Saugf\u00e4higkeit bei. Es f\u00fchlt [&hellip;]","og_url":"https:\/\/med.tattoo\/de\/produkt\/zelluloseschutzkissen-60-50m-1st-weiss-2-lagen\/","og_site_name":"MED.TATTOO","article_publisher":"https:\/\/www.facebook.com\/profile.php?id=100084366705613","twitter_card":"summary_large_image","twitter_misc":{"Gesch\u00e4tzte Lesezeit":"1\u00a0Minute"},"schema":{"@context":"https:\/\/schema.org","@graph":[{"@type":"WebPage","@id":"https:\/\/med.tattoo\/de\/produkt\/zelluloseschutzkissen-60-50m-1st-weiss-2-lagen\/","url":"https:\/\/med.tattoo\/de\/produkt\/zelluloseschutzkissen-60-50m-1st-weiss-2-lagen\/","name":"Zelluloseschutzkissen 60\/50m 1St. wei\u00df 2 Lagen - MED.TATTOO","isPartOf":{"@id":"https:\/\/med.tattoo\/de\/#website"},"primaryImageOfPage":{"@id":"https:\/\/med.tattoo\/de\/produkt\/zelluloseschutzkissen-60-50m-1st-weiss-2-lagen\/#primaryimage"},"image":{"@id":"https:\/\/med.tattoo\/de\/produkt\/zelluloseschutzkissen-60-50m-1st-weiss-2-lagen\/#primaryimage"},"thumbnailUrl":"https:\/\/med.tattoo\/wp-content\/uploads\/2025\/05\/1337_podklad-ochronny-celulozowy-60-50-m-1szt-bialy_1744006851.png","datePublished":"2025-05-15T05:25:49+00:00","breadcrumb":{"@id":"https:\/\/med.tattoo\/de\/produkt\/zelluloseschutzkissen-60-50m-1st-weiss-2-lagen\/#breadcrumb"},"inLanguage":"de","potentialAction":[{"@type":"ReadAction","target":["https:\/\/med.tattoo\/de\/produkt\/zelluloseschutzkissen-60-50m-1st-weiss-2-lagen\/"]}]},{"@type":"ImageObject","inLanguage":"de","@id":"https:\/\/med.tattoo\/de\/produkt\/zelluloseschutzkissen-60-50m-1st-weiss-2-lagen\/#primaryimage","url":"https:\/\/med.tattoo\/wp-content\/uploads\/2025\/05\/1337_podklad-ochronny-celulozowy-60-50-m-1szt-bialy_1744006851.png","contentUrl":"https:\/\/med.tattoo\/wp-content\/uploads\/2025\/05\/1337_podklad-ochronny-celulozowy-60-50-m-1szt-bialy_1744006851.png","width":718,"height":454},{"@type":"BreadcrumbList","@id":"https:\/\/med.tattoo\/de\/produkt\/zelluloseschutzkissen-60-50m-1st-weiss-2-lagen\/#breadcrumb","itemListElement":[{"@type":"ListItem","position":1,"name":"Strona G\u0142\u00f3wna","item":"https:\/\/med.tattoo\/de\/"},{"@type":"ListItem","position":2,"name":"Shop","item":"https:\/\/med.tattoo\/de\/shop\/"},{"@type":"ListItem","position":3,"name":"Zelluloseschutzkissen 60\/50m 1St. wei\u00df 2 Lagen"}]},{"@type":"WebSite","@id":"https:\/\/med.tattoo\/de\/#website","url":"https:\/\/med.tattoo\/de\/","name":"MED.TATTOO","description":"Wszystko dla Twojego tatua\u017cu","publisher":{"@id":"https:\/\/med.tattoo\/de\/#organization"},"potentialAction":[{"@type":"SearchAction","target":{"@type":"EntryPoint","urlTemplate":"https:\/\/med.tattoo\/de\/?s={search_term_string}"},"query-input":{"@type":"PropertyValueSpecification","valueRequired":true,"valueName":"search_term_string"}}],"inLanguage":"de"},{"@type":"Organization","@id":"https:\/\/med.tattoo\/de\/#organization","name":"MED.TATTOO","url":"https:\/\/med.tattoo\/de\/","logo":{"@type":"ImageObject","inLanguage":"de","@id":"https:\/\/med.tattoo\/de\/#\/schema\/logo\/image\/","url":"https:\/\/med.tattoo\/wp-content\/uploads\/2025\/05\/Bez-tytulu-600S300-px-1-e1658908183800.png","contentUrl":"https:\/\/med.tattoo\/wp-content\/uploads\/2025\/05\/Bez-tytulu-600S300-px-1-e1658908183800.png","width":600,"height":61,"caption":"MED.TATTOO"},"image":{"@id":"https:\/\/med.tattoo\/de\/#\/schema\/logo\/image\/"},"sameAs":["https:\/\/www.facebook.com\/profile.php?id=100084366705613","https:\/\/www.instagram.com\/med.tattoo_official\/"]}]}},"_links":{"self":[{"href":"https:\/\/med.tattoo\/de\/wp-json\/wp\/v2\/product\/9728","targetHints":{"allow":["GET"]}}],"collection":[{"href":"https:\/\/med.tattoo\/de\/wp-json\/wp\/v2\/product"}],"about":[{"href":"https:\/\/med.tattoo\/de\/wp-json\/wp\/v2\/types\/product"}],"replies":[{"embeddable":true,"href":"https:\/\/med.tattoo\/de\/wp-json\/wp\/v2\/comments?post=9728"}],"wp:featuredmedia":[{"embeddable":true,"href":"https:\/\/med.tattoo\/de\/wp-json\/wp\/v2\/media\/7634"}],"wp:attachment":[{"href":"https:\/\/med.tattoo\/de\/wp-json\/wp\/v2\/media?parent=9728"}],"wp:term":[{"taxonomy":"product_brand","embeddable":true,"href":"https:\/\/med.tattoo\/de\/wp-json\/wp\/v2\/product_brand?post=9728"},{"taxonomy":"product_cat","embeddable":true,"href":"https:\/\/med.tattoo\/de\/wp-json\/wp\/v2\/product_cat?post=9728"},{"taxonomy":"product_tag","embeddable":true,"href":"https:\/\/med.tattoo\/de\/wp-json\/wp\/v2\/product_tag?post=9728"}],"curies":[{"name":"wp","href":"https:\/\/api.w.org\/{rel}","templated":true}]}}