{"id":9820,"date":"2025-05-15T07:29:14","date_gmt":"2025-05-15T05:29:14","guid":{"rendered":"https:\/\/med.tattoo\/produkt\/puderfreie-nitrilhandschuhe-100st-xs-schwarz\/"},"modified":"2025-05-15T07:29:14","modified_gmt":"2025-05-15T05:29:14","slug":"puderfreie-nitrilhandschuhe-100st-xs-schwarz","status":"publish","type":"product","link":"https:\/\/med.tattoo\/de\/produkt\/puderfreie-nitrilhandschuhe-100st-xs-schwarz\/","title":{"rendered":"Puderfreie Nitrilhandschuhe 100St. XS schwarz"},"content":{"rendered":"<p>Diese \u00e4u\u00dferst effektiven Nitrilhandschuhe bieten Ihren H\u00e4nden unter den verschiedensten Bedingungen einen hervorragenden Schutz. Sie k\u00f6nnen in der Lebensmittelindustrie, in Gesch\u00e4ften, Sch\u00f6nheitssalons, Friseursalons, Tattoo-Studios, Kliniken und Krankenh\u00e4usern verwendet werden. Dank ihres strukturierten Designs sind sie auch ideal f\u00fcr Pr\u00e4zisionsarbeiten. Sie sind aus extrem haltbarem, starkem Nitrilmaterial gefertigt. Sie sind latexfrei, d.h. sie k\u00f6nnen auch von Menschen mit empfindlicher Haut oder Allergien verwendet werden. Sie sind extrem flexibel und widerstandsf\u00e4hig gegen Einstiche, Schnitte und L\u00f6cher. Sie sind d\u00fcnn, so dass sie die Sensibilit\u00e4t der Hand nicht einschr\u00e4nken und eng anliegen.      <\/p>\n<p>Effektiver Schutz<br \/>\nNitrilhandschuhe werden aus hochwertigen Materialien hergestellt, die keine Latexproteine enthalten. Sie sind daher ideal f\u00fcr Allergiker und Menschen mit empfindlicher, zu R\u00f6tungen neigender Haut. Sie sch\u00fctzen Ihre H\u00e4nde vor Chemikalien, Zytostatika, Viren und Bakterien. <\/p>\n<p>Flexibel<br \/>\nNitril ist ein extrem flexibles Material, das sich an jede Handform anpasst. Eine Packung enth\u00e4lt Handschuhe, die sowohl f\u00fcr die rechte als auch f\u00fcr die linke Hand passen. Sie haben eine extrem hohe Widerstandsf\u00e4higkeit gegen Durchstiche, Einstiche und Schnitte. Sie sch\u00fctzen Ihre H\u00e4nde also perfekt.   <\/p>\n<p>Die multifunktionalen<br \/>\nHandschuhe sind ideal f\u00fcr Menschen, die in \u00f6ffentlichen Einrichtungen wie Gesch\u00e4ften, Sch\u00f6nheitssalons, Friseuren und Kliniken oder Krankenh\u00e4usern arbeiten. Sie k\u00f6nnen t\u00e4glich w\u00e4hrend einer Pandemie oder Epidemie verwendet werden. <\/p>\n<p>Texturiert<br \/>\nDie Oberfl\u00e4che der Handschuhe ist texturiert und erleichtert das Greifen von Objekten unterschiedlicher Formen und Oberfl\u00e4chen, sowohl trocken als auch nass. Sie sind perfekt f\u00fcr Pr\u00e4zisionsarbeiten. Die Packung enth\u00e4lt bis zu 100 Handschuhe, mit denen Sie sich im Falle einer Pandemie oder Epidemie sch\u00fctzen k\u00f6nnen.  <\/p>\n<p>AQL: 1,5 nach dem Verpacken (Werksangaben auf der Verpackung)<\/p>\n<p>Dicke (einwandig) min: Finger: 0,10 mm Handfl\u00e4che: 0,07 mm<\/p>\n<p>Handschuhl\u00e4nge gem\u00e4\u00df EN 455-2: min. 240 mm <\/p>\n<p>Rei\u00dfkraft vor\/nach der Alterung: min. 7,0 N <\/p>\n<p>Konformit\u00e4t: Klasse I gem\u00e4\u00df der Medizinprodukterichtlinie 93\/42\/EWG und MDR (EU 2017\/745) Kategorie III gem\u00e4\u00df der Verordnung \u00fcber pers\u00f6nliche Schutzausr\u00fcstung 2016\/425 CE-Kennzeichnung<\/p>\n<p>Konformit\u00e4t mit Normen: EN 455-1,2,3,4; EN ISO 374-1,5; EN 374-2,3,4; EN 16523-1; EN 420; EN 388; ASTM F 1671; ASTM D 6978; ISO 22000; ISO 9001; ISO 13485; ISO 14001; OHSAS 18001; EN ISO 15223-1; ISO-10993-1; EN ISO 14971; ISO 2859-1; EN ISO 21171.<\/p>\n","protected":false},"excerpt":{"rendered":"<p>Diese \u00e4u\u00dferst effektiven Nitrilhandschuhe bieten Ihren H\u00e4nden unter den verschiedensten Bedingungen einen hervorragenden Schutz. Sie k\u00f6nnen in der Lebensmittelindustrie, in Gesch\u00e4ften, Sch\u00f6nheitssalons, Friseursalons, Tattoo-Studios, Kliniken und Krankenh\u00e4usern verwendet werden. Dank ihres strukturierten Designs sind sie auch ideal f\u00fcr Pr\u00e4zisionsarbeiten. Sie sind aus extrem haltbarem, starkem Nitrilmaterial gefertigt. Sie sind latexfrei, d.h. sie k\u00f6nnen auch von [&hellip;]<\/p>\n","protected":false},"featured_media":7916,"comment_status":"closed","ping_status":"closed","template":"","meta":{"site-sidebar-layout":"default","site-content-layout":"","ast-site-content-layout":"default","site-content-style":"default","site-sidebar-style":"default","ast-global-header-display":"","ast-banner-title-visibility":"","ast-main-header-display":"","ast-hfb-above-header-display":"","ast-hfb-below-header-display":"","ast-hfb-mobile-header-display":"","site-post-title":"","ast-breadcrumbs-content":"","ast-featured-img":"","footer-sml-layout":"","ast-disable-related-posts":"","theme-transparent-header-meta":"","adv-header-id-meta":"","stick-header-meta":"","header-above-stick-meta":"","header-main-stick-meta":"","header-below-stick-meta":"","astra-migrate-meta-layouts":"default","ast-page-background-enabled":"default","ast-page-background-meta":{"desktop":{"background-color":"var(--ast-global-color-4)","background-image":"","background-repeat":"repeat","background-position":"center center","background-size":"auto","background-attachment":"scroll","background-type":"","background-media":"","overlay-type":"","overlay-color":"","overlay-opacity":"","overlay-gradient":""},"tablet":{"background-color":"","background-image":"","background-repeat":"repeat","background-position":"center center","background-size":"auto","background-attachment":"scroll","background-type":"","background-media":"","overlay-type":"","overlay-color":"","overlay-opacity":"","overlay-gradient":""},"mobile":{"background-color":"","background-image":"","background-repeat":"repeat","background-position":"center center","background-size":"auto","background-attachment":"scroll","background-type":"","background-media":"","overlay-type":"","overlay-color":"","overlay-opacity":"","overlay-gradient":""}},"ast-content-background-meta":{"desktop":{"background-color":"var(--ast-global-color-5)","background-image":"","background-repeat":"repeat","background-position":"center center","background-size":"auto","background-attachment":"scroll","background-type":"","background-media":"","overlay-type":"","overlay-color":"","overlay-opacity":"","overlay-gradient":""},"tablet":{"background-color":"var(--ast-global-color-5)","background-image":"","background-repeat":"repeat","background-position":"center center","background-size":"auto","background-attachment":"scroll","background-type":"","background-media":"","overlay-type":"","overlay-color":"","overlay-opacity":"","overlay-gradient":""},"mobile":{"background-color":"var(--ast-global-color-5)","background-image":"","background-repeat":"repeat","background-position":"center center","background-size":"auto","background-attachment":"scroll","background-type":"","background-media":"","overlay-type":"","overlay-color":"","overlay-opacity":"","overlay-gradient":""}}},"product_brand":[],"product_cat":[55],"product_tag":[],"class_list":{"0":"post-9820","1":"product","2":"type-product","3":"status-publish","4":"has-post-thumbnail","6":"product_cat-med-tattoo-de","7":"desktop-align-left","8":"tablet-align-left","9":"mobile-align-left","10":"ast-product-gallery-layout-horizontal-slider","11":"ast-product-gallery-with-no-image","12":"ast-product-tabs-layout-distributed","14":"first","15":"instock","16":"purchasable","17":"product-type-simple"},"yoast_head":"<!-- This site is optimized with the Yoast SEO plugin v27.4 - https:\/\/yoast.com\/product\/yoast-seo-wordpress\/ -->\n<title>Puderfreie Nitrilhandschuhe 100St. XS schwarz - MED.TATTOO<\/title>\n<meta name=\"robots\" content=\"index, follow, max-snippet:-1, max-image-preview:large, max-video-preview:-1\" \/>\n<link rel=\"canonical\" href=\"https:\/\/med.tattoo\/de\/produkt\/puderfreie-nitrilhandschuhe-100st-xs-schwarz\/\" \/>\n<meta property=\"og:locale\" content=\"de_DE\" \/>\n<meta property=\"og:type\" content=\"article\" \/>\n<meta property=\"og:title\" content=\"Puderfreie Nitrilhandschuhe 100St. XS schwarz - MED.TATTOO\" \/>\n<meta property=\"og:description\" content=\"Diese \u00e4u\u00dferst effektiven Nitrilhandschuhe bieten Ihren H\u00e4nden unter den verschiedensten Bedingungen einen hervorragenden Schutz. Sie k\u00f6nnen in der Lebensmittelindustrie, in Gesch\u00e4ften, Sch\u00f6nheitssalons, Friseursalons, Tattoo-Studios, Kliniken und Krankenh\u00e4usern verwendet werden. Dank ihres strukturierten Designs sind sie auch ideal f\u00fcr Pr\u00e4zisionsarbeiten. Sie sind aus extrem haltbarem, starkem Nitrilmaterial gefertigt. Sie sind latexfrei, d.h. sie k\u00f6nnen auch von [&hellip;]\" \/>\n<meta property=\"og:url\" content=\"https:\/\/med.tattoo\/de\/produkt\/puderfreie-nitrilhandschuhe-100st-xs-schwarz\/\" \/>\n<meta property=\"og:site_name\" content=\"MED.TATTOO\" \/>\n<meta property=\"article:publisher\" content=\"https:\/\/www.facebook.com\/profile.php?id=100084366705613\" \/>\n<meta name=\"twitter:card\" content=\"summary_large_image\" \/>\n<meta name=\"twitter:label1\" content=\"Gesch\u00e4tzte Lesezeit\" \/>\n\t<meta name=\"twitter:data1\" content=\"2\u00a0Minuten\" \/>\n<script type=\"application\/ld+json\" class=\"yoast-schema-graph\">{\"@context\":\"https:\\\/\\\/schema.org\",\"@graph\":[{\"@type\":\"WebPage\",\"@id\":\"https:\\\/\\\/med.tattoo\\\/de\\\/produkt\\\/puderfreie-nitrilhandschuhe-100st-xs-schwarz\\\/\",\"url\":\"https:\\\/\\\/med.tattoo\\\/de\\\/produkt\\\/puderfreie-nitrilhandschuhe-100st-xs-schwarz\\\/\",\"name\":\"Puderfreie Nitrilhandschuhe 100St. XS schwarz - MED.TATTOO\",\"isPartOf\":{\"@id\":\"https:\\\/\\\/med.tattoo\\\/de\\\/#website\"},\"primaryImageOfPage\":{\"@id\":\"https:\\\/\\\/med.tattoo\\\/de\\\/produkt\\\/puderfreie-nitrilhandschuhe-100st-xs-schwarz\\\/#primaryimage\"},\"image\":{\"@id\":\"https:\\\/\\\/med.tattoo\\\/de\\\/produkt\\\/puderfreie-nitrilhandschuhe-100st-xs-schwarz\\\/#primaryimage\"},\"thumbnailUrl\":\"https:\\\/\\\/med.tattoo\\\/wp-content\\\/uploads\\\/2025\\\/05\\\/122_rekawice-nitrylowe-bezpudrowe-100szt-xs-czarne_1744006959.png\",\"datePublished\":\"2025-05-15T05:29:14+00:00\",\"breadcrumb\":{\"@id\":\"https:\\\/\\\/med.tattoo\\\/de\\\/produkt\\\/puderfreie-nitrilhandschuhe-100st-xs-schwarz\\\/#breadcrumb\"},\"inLanguage\":\"de\",\"potentialAction\":[{\"@type\":\"ReadAction\",\"target\":[\"https:\\\/\\\/med.tattoo\\\/de\\\/produkt\\\/puderfreie-nitrilhandschuhe-100st-xs-schwarz\\\/\"]}]},{\"@type\":\"ImageObject\",\"inLanguage\":\"de\",\"@id\":\"https:\\\/\\\/med.tattoo\\\/de\\\/produkt\\\/puderfreie-nitrilhandschuhe-100st-xs-schwarz\\\/#primaryimage\",\"url\":\"https:\\\/\\\/med.tattoo\\\/wp-content\\\/uploads\\\/2025\\\/05\\\/122_rekawice-nitrylowe-bezpudrowe-100szt-xs-czarne_1744006959.png\",\"contentUrl\":\"https:\\\/\\\/med.tattoo\\\/wp-content\\\/uploads\\\/2025\\\/05\\\/122_rekawice-nitrylowe-bezpudrowe-100szt-xs-czarne_1744006959.png\",\"width\":454,\"height\":449},{\"@type\":\"BreadcrumbList\",\"@id\":\"https:\\\/\\\/med.tattoo\\\/de\\\/produkt\\\/puderfreie-nitrilhandschuhe-100st-xs-schwarz\\\/#breadcrumb\",\"itemListElement\":[{\"@type\":\"ListItem\",\"position\":1,\"name\":\"Strona G\u0142\u00f3wna\",\"item\":\"https:\\\/\\\/med.tattoo\\\/de\\\/\"},{\"@type\":\"ListItem\",\"position\":2,\"name\":\"Shop\",\"item\":\"https:\\\/\\\/med.tattoo\\\/de\\\/shop\\\/\"},{\"@type\":\"ListItem\",\"position\":3,\"name\":\"Puderfreie Nitrilhandschuhe 100St. XS schwarz\"}]},{\"@type\":\"WebSite\",\"@id\":\"https:\\\/\\\/med.tattoo\\\/de\\\/#website\",\"url\":\"https:\\\/\\\/med.tattoo\\\/de\\\/\",\"name\":\"MED.TATTOO\",\"description\":\"Wszystko dla Twojego tatua\u017cu\",\"publisher\":{\"@id\":\"https:\\\/\\\/med.tattoo\\\/de\\\/#organization\"},\"potentialAction\":[{\"@type\":\"SearchAction\",\"target\":{\"@type\":\"EntryPoint\",\"urlTemplate\":\"https:\\\/\\\/med.tattoo\\\/de\\\/?s={search_term_string}\"},\"query-input\":{\"@type\":\"PropertyValueSpecification\",\"valueRequired\":true,\"valueName\":\"search_term_string\"}}],\"inLanguage\":\"de\"},{\"@type\":\"Organization\",\"@id\":\"https:\\\/\\\/med.tattoo\\\/de\\\/#organization\",\"name\":\"MED.TATTOO\",\"url\":\"https:\\\/\\\/med.tattoo\\\/de\\\/\",\"logo\":{\"@type\":\"ImageObject\",\"inLanguage\":\"de\",\"@id\":\"https:\\\/\\\/med.tattoo\\\/de\\\/#\\\/schema\\\/logo\\\/image\\\/\",\"url\":\"https:\\\/\\\/med.tattoo\\\/wp-content\\\/uploads\\\/2025\\\/05\\\/Bez-tytulu-600S300-px-1-e1658908183800.png\",\"contentUrl\":\"https:\\\/\\\/med.tattoo\\\/wp-content\\\/uploads\\\/2025\\\/05\\\/Bez-tytulu-600S300-px-1-e1658908183800.png\",\"width\":600,\"height\":61,\"caption\":\"MED.TATTOO\"},\"image\":{\"@id\":\"https:\\\/\\\/med.tattoo\\\/de\\\/#\\\/schema\\\/logo\\\/image\\\/\"},\"sameAs\":[\"https:\\\/\\\/www.facebook.com\\\/profile.php?id=100084366705613\",\"https:\\\/\\\/www.instagram.com\\\/med.tattoo_official\\\/\"]}]}<\/script>\n<!-- \/ Yoast SEO plugin. -->","yoast_head_json":{"title":"Puderfreie Nitrilhandschuhe 100St. XS schwarz - MED.TATTOO","robots":{"index":"index","follow":"follow","max-snippet":"max-snippet:-1","max-image-preview":"max-image-preview:large","max-video-preview":"max-video-preview:-1"},"canonical":"https:\/\/med.tattoo\/de\/produkt\/puderfreie-nitrilhandschuhe-100st-xs-schwarz\/","og_locale":"de_DE","og_type":"article","og_title":"Puderfreie Nitrilhandschuhe 100St. XS schwarz - MED.TATTOO","og_description":"Diese \u00e4u\u00dferst effektiven Nitrilhandschuhe bieten Ihren H\u00e4nden unter den verschiedensten Bedingungen einen hervorragenden Schutz. Sie k\u00f6nnen in der Lebensmittelindustrie, in Gesch\u00e4ften, Sch\u00f6nheitssalons, Friseursalons, Tattoo-Studios, Kliniken und Krankenh\u00e4usern verwendet werden. Dank ihres strukturierten Designs sind sie auch ideal f\u00fcr Pr\u00e4zisionsarbeiten. Sie sind aus extrem haltbarem, starkem Nitrilmaterial gefertigt. Sie sind latexfrei, d.h. sie k\u00f6nnen auch von [&hellip;]","og_url":"https:\/\/med.tattoo\/de\/produkt\/puderfreie-nitrilhandschuhe-100st-xs-schwarz\/","og_site_name":"MED.TATTOO","article_publisher":"https:\/\/www.facebook.com\/profile.php?id=100084366705613","twitter_card":"summary_large_image","twitter_misc":{"Gesch\u00e4tzte Lesezeit":"2\u00a0Minuten"},"schema":{"@context":"https:\/\/schema.org","@graph":[{"@type":"WebPage","@id":"https:\/\/med.tattoo\/de\/produkt\/puderfreie-nitrilhandschuhe-100st-xs-schwarz\/","url":"https:\/\/med.tattoo\/de\/produkt\/puderfreie-nitrilhandschuhe-100st-xs-schwarz\/","name":"Puderfreie Nitrilhandschuhe 100St. XS schwarz - MED.TATTOO","isPartOf":{"@id":"https:\/\/med.tattoo\/de\/#website"},"primaryImageOfPage":{"@id":"https:\/\/med.tattoo\/de\/produkt\/puderfreie-nitrilhandschuhe-100st-xs-schwarz\/#primaryimage"},"image":{"@id":"https:\/\/med.tattoo\/de\/produkt\/puderfreie-nitrilhandschuhe-100st-xs-schwarz\/#primaryimage"},"thumbnailUrl":"https:\/\/med.tattoo\/wp-content\/uploads\/2025\/05\/122_rekawice-nitrylowe-bezpudrowe-100szt-xs-czarne_1744006959.png","datePublished":"2025-05-15T05:29:14+00:00","breadcrumb":{"@id":"https:\/\/med.tattoo\/de\/produkt\/puderfreie-nitrilhandschuhe-100st-xs-schwarz\/#breadcrumb"},"inLanguage":"de","potentialAction":[{"@type":"ReadAction","target":["https:\/\/med.tattoo\/de\/produkt\/puderfreie-nitrilhandschuhe-100st-xs-schwarz\/"]}]},{"@type":"ImageObject","inLanguage":"de","@id":"https:\/\/med.tattoo\/de\/produkt\/puderfreie-nitrilhandschuhe-100st-xs-schwarz\/#primaryimage","url":"https:\/\/med.tattoo\/wp-content\/uploads\/2025\/05\/122_rekawice-nitrylowe-bezpudrowe-100szt-xs-czarne_1744006959.png","contentUrl":"https:\/\/med.tattoo\/wp-content\/uploads\/2025\/05\/122_rekawice-nitrylowe-bezpudrowe-100szt-xs-czarne_1744006959.png","width":454,"height":449},{"@type":"BreadcrumbList","@id":"https:\/\/med.tattoo\/de\/produkt\/puderfreie-nitrilhandschuhe-100st-xs-schwarz\/#breadcrumb","itemListElement":[{"@type":"ListItem","position":1,"name":"Strona G\u0142\u00f3wna","item":"https:\/\/med.tattoo\/de\/"},{"@type":"ListItem","position":2,"name":"Shop","item":"https:\/\/med.tattoo\/de\/shop\/"},{"@type":"ListItem","position":3,"name":"Puderfreie Nitrilhandschuhe 100St. XS schwarz"}]},{"@type":"WebSite","@id":"https:\/\/med.tattoo\/de\/#website","url":"https:\/\/med.tattoo\/de\/","name":"MED.TATTOO","description":"Wszystko dla Twojego tatua\u017cu","publisher":{"@id":"https:\/\/med.tattoo\/de\/#organization"},"potentialAction":[{"@type":"SearchAction","target":{"@type":"EntryPoint","urlTemplate":"https:\/\/med.tattoo\/de\/?s={search_term_string}"},"query-input":{"@type":"PropertyValueSpecification","valueRequired":true,"valueName":"search_term_string"}}],"inLanguage":"de"},{"@type":"Organization","@id":"https:\/\/med.tattoo\/de\/#organization","name":"MED.TATTOO","url":"https:\/\/med.tattoo\/de\/","logo":{"@type":"ImageObject","inLanguage":"de","@id":"https:\/\/med.tattoo\/de\/#\/schema\/logo\/image\/","url":"https:\/\/med.tattoo\/wp-content\/uploads\/2025\/05\/Bez-tytulu-600S300-px-1-e1658908183800.png","contentUrl":"https:\/\/med.tattoo\/wp-content\/uploads\/2025\/05\/Bez-tytulu-600S300-px-1-e1658908183800.png","width":600,"height":61,"caption":"MED.TATTOO"},"image":{"@id":"https:\/\/med.tattoo\/de\/#\/schema\/logo\/image\/"},"sameAs":["https:\/\/www.facebook.com\/profile.php?id=100084366705613","https:\/\/www.instagram.com\/med.tattoo_official\/"]}]}},"_links":{"self":[{"href":"https:\/\/med.tattoo\/de\/wp-json\/wp\/v2\/product\/9820","targetHints":{"allow":["GET"]}}],"collection":[{"href":"https:\/\/med.tattoo\/de\/wp-json\/wp\/v2\/product"}],"about":[{"href":"https:\/\/med.tattoo\/de\/wp-json\/wp\/v2\/types\/product"}],"replies":[{"embeddable":true,"href":"https:\/\/med.tattoo\/de\/wp-json\/wp\/v2\/comments?post=9820"}],"wp:featuredmedia":[{"embeddable":true,"href":"https:\/\/med.tattoo\/de\/wp-json\/wp\/v2\/media\/7916"}],"wp:attachment":[{"href":"https:\/\/med.tattoo\/de\/wp-json\/wp\/v2\/media?parent=9820"}],"wp:term":[{"taxonomy":"product_brand","embeddable":true,"href":"https:\/\/med.tattoo\/de\/wp-json\/wp\/v2\/product_brand?post=9820"},{"taxonomy":"product_cat","embeddable":true,"href":"https:\/\/med.tattoo\/de\/wp-json\/wp\/v2\/product_cat?post=9820"},{"taxonomy":"product_tag","embeddable":true,"href":"https:\/\/med.tattoo\/de\/wp-json\/wp\/v2\/product_tag?post=9820"}],"curies":[{"name":"wp","href":"https:\/\/api.w.org\/{rel}","templated":true}]}}