{"id":9862,"date":"2025-05-15T07:31:03","date_gmt":"2025-05-15T05:31:03","guid":{"rendered":"https:\/\/med.tattoo\/produkt\/sterillhand-500ml-gel-mit-pumpe-zur-haendedesinfektion-entspricht-velodes-phagogel-spirigel\/"},"modified":"2025-05-15T07:31:03","modified_gmt":"2025-05-15T05:31:03","slug":"sterillhand-500ml-gel-mit-pumpe-zur-haendedesinfektion-entspricht-velodes-phagogel-spirigel","status":"publish","type":"product","link":"https:\/\/med.tattoo\/de\/produkt\/sterillhand-500ml-gel-mit-pumpe-zur-haendedesinfektion-entspricht-velodes-phagogel-spirigel\/","title":{"rendered":"Sterillhand 500ml Gel mit Pumpe zur H\u00e4ndedesinfektion (entspricht Velodes, Phago&#8217;Gel, Spirigel )"},"content":{"rendered":"<p>Sterillhand ist ein spezielles Desinfektionsgel f\u00fcr die hygienische und chirurgische H\u00e4ndedesinfektion.<\/p>\n<p>Die Formulierung entfaltet ihre Wirkung sofort nach der Anwendung.<\/p>\n<p>Es bek\u00e4mpft wirksam alle Arten von Viren, Pilzen, Mykobakterien und Bakterien.<\/p>\n<p>Es wurde dermatologisch getestet.<\/p>\n<p>Die einzigartige Zusammensetzung verhindert das Austrocknen der H\u00e4nde.<\/p>\n<p>Empfohlene Anwendung:<\/p>\n<p>Hygienische H\u00e4ndedesinfektion: Reiben Sie die H\u00e4nde in 30 Sekunden mit dem Sterillhand Desinfektionsgel ein.<\/p>\n<p>Chirurgische H\u00e4ndedesinfektion:Reiben Sie das Sterillhand H\u00e4ndedesinfektionsgel 2,5 Minuten lang ein. Wiederholen Sie den Vorgang. <\/p>\n<p>Zusammensetzung:<\/p>\n<p>Schmiermittel<br \/>\nIsopropylalkohol 1-5%<br \/>\nBenzylalkohol 0,5-2%<br \/>\nEthylalkohol 70-80%<\/p>\n","protected":false},"excerpt":{"rendered":"<p>Sterillhand ist ein spezielles Desinfektionsgel f\u00fcr die hygienische und chirurgische H\u00e4ndedesinfektion. Die Formulierung entfaltet ihre Wirkung sofort nach der Anwendung. Es bek\u00e4mpft wirksam alle Arten von Viren, Pilzen, Mykobakterien und Bakterien. Es wurde dermatologisch getestet. Die einzigartige Zusammensetzung verhindert das Austrocknen der H\u00e4nde. Empfohlene Anwendung: Hygienische H\u00e4ndedesinfektion: Reiben Sie die H\u00e4nde in 30 Sekunden mit [&hellip;]<\/p>\n","protected":false},"featured_media":8132,"comment_status":"closed","ping_status":"open","template":"","meta":{"site-sidebar-layout":"default","site-content-layout":"","ast-site-content-layout":"default","site-content-style":"default","site-sidebar-style":"default","ast-global-header-display":"","ast-banner-title-visibility":"","ast-main-header-display":"","ast-hfb-above-header-display":"","ast-hfb-below-header-display":"","ast-hfb-mobile-header-display":"","site-post-title":"","ast-breadcrumbs-content":"","ast-featured-img":"","footer-sml-layout":"","ast-disable-related-posts":"","theme-transparent-header-meta":"","adv-header-id-meta":"","stick-header-meta":"","header-above-stick-meta":"","header-main-stick-meta":"","header-below-stick-meta":"","astra-migrate-meta-layouts":"default","ast-page-background-enabled":"default","ast-page-background-meta":{"desktop":{"background-color":"var(--ast-global-color-4)","background-image":"","background-repeat":"repeat","background-position":"center center","background-size":"auto","background-attachment":"scroll","background-type":"","background-media":"","overlay-type":"","overlay-color":"","overlay-opacity":"","overlay-gradient":""},"tablet":{"background-color":"","background-image":"","background-repeat":"repeat","background-position":"center center","background-size":"auto","background-attachment":"scroll","background-type":"","background-media":"","overlay-type":"","overlay-color":"","overlay-opacity":"","overlay-gradient":""},"mobile":{"background-color":"","background-image":"","background-repeat":"repeat","background-position":"center center","background-size":"auto","background-attachment":"scroll","background-type":"","background-media":"","overlay-type":"","overlay-color":"","overlay-opacity":"","overlay-gradient":""}},"ast-content-background-meta":{"desktop":{"background-color":"var(--ast-global-color-5)","background-image":"","background-repeat":"repeat","background-position":"center center","background-size":"auto","background-attachment":"scroll","background-type":"","background-media":"","overlay-type":"","overlay-color":"","overlay-opacity":"","overlay-gradient":""},"tablet":{"background-color":"var(--ast-global-color-5)","background-image":"","background-repeat":"repeat","background-position":"center center","background-size":"auto","background-attachment":"scroll","background-type":"","background-media":"","overlay-type":"","overlay-color":"","overlay-opacity":"","overlay-gradient":""},"mobile":{"background-color":"var(--ast-global-color-5)","background-image":"","background-repeat":"repeat","background-position":"center center","background-size":"auto","background-attachment":"scroll","background-type":"","background-media":"","overlay-type":"","overlay-color":"","overlay-opacity":"","overlay-gradient":""}}},"product_brand":[],"product_cat":[55],"product_tag":[],"class_list":{"0":"post-9862","1":"product","2":"type-product","3":"status-publish","4":"has-post-thumbnail","6":"product_cat-med-tattoo-de","7":"desktop-align-left","8":"tablet-align-left","9":"mobile-align-left","10":"ast-product-gallery-layout-horizontal-slider","11":"ast-product-gallery-with-no-image","12":"ast-product-tabs-layout-distributed","14":"first","15":"instock","16":"purchasable","17":"product-type-simple"},"yoast_head":"<!-- This site is optimized with the Yoast SEO plugin v27.3 - https:\/\/yoast.com\/product\/yoast-seo-wordpress\/ -->\n<title>Sterillhand 500ml Gel mit Pumpe zur H\u00e4ndedesinfektion (entspricht Velodes, Phago&#039;Gel, Spirigel ) - MED.TATTOO<\/title>\n<meta name=\"robots\" content=\"index, follow, max-snippet:-1, max-image-preview:large, max-video-preview:-1\" \/>\n<link rel=\"canonical\" href=\"https:\/\/med.tattoo\/de\/produkt\/sterillhand-500ml-gel-mit-pumpe-zur-haendedesinfektion-entspricht-velodes-phagogel-spirigel\/\" \/>\n<meta property=\"og:locale\" content=\"de_DE\" \/>\n<meta property=\"og:type\" content=\"article\" \/>\n<meta property=\"og:title\" content=\"Sterillhand 500ml Gel mit Pumpe zur H\u00e4ndedesinfektion (entspricht Velodes, Phago&#039;Gel, Spirigel ) - MED.TATTOO\" \/>\n<meta property=\"og:description\" content=\"Sterillhand ist ein spezielles Desinfektionsgel f\u00fcr die hygienische und chirurgische H\u00e4ndedesinfektion. Die Formulierung entfaltet ihre Wirkung sofort nach der Anwendung. Es bek\u00e4mpft wirksam alle Arten von Viren, Pilzen, Mykobakterien und Bakterien. Es wurde dermatologisch getestet. Die einzigartige Zusammensetzung verhindert das Austrocknen der H\u00e4nde. Empfohlene Anwendung: Hygienische H\u00e4ndedesinfektion: Reiben Sie die H\u00e4nde in 30 Sekunden mit [&hellip;]\" \/>\n<meta property=\"og:url\" content=\"https:\/\/med.tattoo\/de\/produkt\/sterillhand-500ml-gel-mit-pumpe-zur-haendedesinfektion-entspricht-velodes-phagogel-spirigel\/\" \/>\n<meta property=\"og:site_name\" content=\"MED.TATTOO\" \/>\n<meta property=\"article:publisher\" content=\"https:\/\/www.facebook.com\/profile.php?id=100084366705613\" \/>\n<meta name=\"twitter:card\" content=\"summary_large_image\" \/>\n<script type=\"application\/ld+json\" class=\"yoast-schema-graph\">{\"@context\":\"https:\\\/\\\/schema.org\",\"@graph\":[{\"@type\":\"WebPage\",\"@id\":\"https:\\\/\\\/med.tattoo\\\/de\\\/produkt\\\/sterillhand-500ml-gel-mit-pumpe-zur-haendedesinfektion-entspricht-velodes-phagogel-spirigel\\\/\",\"url\":\"https:\\\/\\\/med.tattoo\\\/de\\\/produkt\\\/sterillhand-500ml-gel-mit-pumpe-zur-haendedesinfektion-entspricht-velodes-phagogel-spirigel\\\/\",\"name\":\"Sterillhand 500ml Gel mit Pumpe zur H\u00e4ndedesinfektion (entspricht Velodes, Phago'Gel, Spirigel ) - MED.TATTOO\",\"isPartOf\":{\"@id\":\"https:\\\/\\\/med.tattoo\\\/de\\\/#website\"},\"primaryImageOfPage\":{\"@id\":\"https:\\\/\\\/med.tattoo\\\/de\\\/produkt\\\/sterillhand-500ml-gel-mit-pumpe-zur-haendedesinfektion-entspricht-velodes-phagogel-spirigel\\\/#primaryimage\"},\"image\":{\"@id\":\"https:\\\/\\\/med.tattoo\\\/de\\\/produkt\\\/sterillhand-500ml-gel-mit-pumpe-zur-haendedesinfektion-entspricht-velodes-phagogel-spirigel\\\/#primaryimage\"},\"thumbnailUrl\":\"https:\\\/\\\/med.tattoo\\\/wp-content\\\/uploads\\\/2025\\\/05\\\/2123_sterillhand-500ml-gel-z-pompka-do-dezynfekcji-rak_1744007032.jpg\",\"datePublished\":\"2025-05-15T05:31:03+00:00\",\"breadcrumb\":{\"@id\":\"https:\\\/\\\/med.tattoo\\\/de\\\/produkt\\\/sterillhand-500ml-gel-mit-pumpe-zur-haendedesinfektion-entspricht-velodes-phagogel-spirigel\\\/#breadcrumb\"},\"inLanguage\":\"de\",\"potentialAction\":[{\"@type\":\"ReadAction\",\"target\":[\"https:\\\/\\\/med.tattoo\\\/de\\\/produkt\\\/sterillhand-500ml-gel-mit-pumpe-zur-haendedesinfektion-entspricht-velodes-phagogel-spirigel\\\/\"]}]},{\"@type\":\"ImageObject\",\"inLanguage\":\"de\",\"@id\":\"https:\\\/\\\/med.tattoo\\\/de\\\/produkt\\\/sterillhand-500ml-gel-mit-pumpe-zur-haendedesinfektion-entspricht-velodes-phagogel-spirigel\\\/#primaryimage\",\"url\":\"https:\\\/\\\/med.tattoo\\\/wp-content\\\/uploads\\\/2025\\\/05\\\/2123_sterillhand-500ml-gel-z-pompka-do-dezynfekcji-rak_1744007032.jpg\",\"contentUrl\":\"https:\\\/\\\/med.tattoo\\\/wp-content\\\/uploads\\\/2025\\\/05\\\/2123_sterillhand-500ml-gel-z-pompka-do-dezynfekcji-rak_1744007032.jpg\",\"width\":497,\"height\":800},{\"@type\":\"BreadcrumbList\",\"@id\":\"https:\\\/\\\/med.tattoo\\\/de\\\/produkt\\\/sterillhand-500ml-gel-mit-pumpe-zur-haendedesinfektion-entspricht-velodes-phagogel-spirigel\\\/#breadcrumb\",\"itemListElement\":[{\"@type\":\"ListItem\",\"position\":1,\"name\":\"Strona G\u0142\u00f3wna\",\"item\":\"https:\\\/\\\/med.tattoo\\\/de\\\/\"},{\"@type\":\"ListItem\",\"position\":2,\"name\":\"Shop\",\"item\":\"https:\\\/\\\/med.tattoo\\\/de\\\/shop\\\/\"},{\"@type\":\"ListItem\",\"position\":3,\"name\":\"Sterillhand 500ml Gel mit Pumpe zur H\u00e4ndedesinfektion (entspricht Velodes, Phago&#8217;Gel, Spirigel )\"}]},{\"@type\":\"WebSite\",\"@id\":\"https:\\\/\\\/med.tattoo\\\/de\\\/#website\",\"url\":\"https:\\\/\\\/med.tattoo\\\/de\\\/\",\"name\":\"MED.TATTOO\",\"description\":\"Wszystko dla Twojego tatua\u017cu\",\"publisher\":{\"@id\":\"https:\\\/\\\/med.tattoo\\\/de\\\/#organization\"},\"potentialAction\":[{\"@type\":\"SearchAction\",\"target\":{\"@type\":\"EntryPoint\",\"urlTemplate\":\"https:\\\/\\\/med.tattoo\\\/de\\\/?s={search_term_string}\"},\"query-input\":{\"@type\":\"PropertyValueSpecification\",\"valueRequired\":true,\"valueName\":\"search_term_string\"}}],\"inLanguage\":\"de\"},{\"@type\":\"Organization\",\"@id\":\"https:\\\/\\\/med.tattoo\\\/de\\\/#organization\",\"name\":\"MED.TATTOO\",\"url\":\"https:\\\/\\\/med.tattoo\\\/de\\\/\",\"logo\":{\"@type\":\"ImageObject\",\"inLanguage\":\"de\",\"@id\":\"https:\\\/\\\/med.tattoo\\\/de\\\/#\\\/schema\\\/logo\\\/image\\\/\",\"url\":\"https:\\\/\\\/med.tattoo\\\/wp-content\\\/uploads\\\/2025\\\/05\\\/Bez-tytulu-600S300-px-1-e1658908183800.png\",\"contentUrl\":\"https:\\\/\\\/med.tattoo\\\/wp-content\\\/uploads\\\/2025\\\/05\\\/Bez-tytulu-600S300-px-1-e1658908183800.png\",\"width\":600,\"height\":61,\"caption\":\"MED.TATTOO\"},\"image\":{\"@id\":\"https:\\\/\\\/med.tattoo\\\/de\\\/#\\\/schema\\\/logo\\\/image\\\/\"},\"sameAs\":[\"https:\\\/\\\/www.facebook.com\\\/profile.php?id=100084366705613\",\"https:\\\/\\\/www.instagram.com\\\/med.tattoo_official\\\/\"]}]}<\/script>\n<!-- \/ Yoast SEO plugin. -->","yoast_head_json":{"title":"Sterillhand 500ml Gel mit Pumpe zur H\u00e4ndedesinfektion (entspricht Velodes, Phago'Gel, Spirigel ) - MED.TATTOO","robots":{"index":"index","follow":"follow","max-snippet":"max-snippet:-1","max-image-preview":"max-image-preview:large","max-video-preview":"max-video-preview:-1"},"canonical":"https:\/\/med.tattoo\/de\/produkt\/sterillhand-500ml-gel-mit-pumpe-zur-haendedesinfektion-entspricht-velodes-phagogel-spirigel\/","og_locale":"de_DE","og_type":"article","og_title":"Sterillhand 500ml Gel mit Pumpe zur H\u00e4ndedesinfektion (entspricht Velodes, Phago'Gel, Spirigel ) - MED.TATTOO","og_description":"Sterillhand ist ein spezielles Desinfektionsgel f\u00fcr die hygienische und chirurgische H\u00e4ndedesinfektion. Die Formulierung entfaltet ihre Wirkung sofort nach der Anwendung. Es bek\u00e4mpft wirksam alle Arten von Viren, Pilzen, Mykobakterien und Bakterien. Es wurde dermatologisch getestet. Die einzigartige Zusammensetzung verhindert das Austrocknen der H\u00e4nde. Empfohlene Anwendung: Hygienische H\u00e4ndedesinfektion: Reiben Sie die H\u00e4nde in 30 Sekunden mit [&hellip;]","og_url":"https:\/\/med.tattoo\/de\/produkt\/sterillhand-500ml-gel-mit-pumpe-zur-haendedesinfektion-entspricht-velodes-phagogel-spirigel\/","og_site_name":"MED.TATTOO","article_publisher":"https:\/\/www.facebook.com\/profile.php?id=100084366705613","twitter_card":"summary_large_image","schema":{"@context":"https:\/\/schema.org","@graph":[{"@type":"WebPage","@id":"https:\/\/med.tattoo\/de\/produkt\/sterillhand-500ml-gel-mit-pumpe-zur-haendedesinfektion-entspricht-velodes-phagogel-spirigel\/","url":"https:\/\/med.tattoo\/de\/produkt\/sterillhand-500ml-gel-mit-pumpe-zur-haendedesinfektion-entspricht-velodes-phagogel-spirigel\/","name":"Sterillhand 500ml Gel mit Pumpe zur H\u00e4ndedesinfektion (entspricht Velodes, Phago'Gel, Spirigel ) - MED.TATTOO","isPartOf":{"@id":"https:\/\/med.tattoo\/de\/#website"},"primaryImageOfPage":{"@id":"https:\/\/med.tattoo\/de\/produkt\/sterillhand-500ml-gel-mit-pumpe-zur-haendedesinfektion-entspricht-velodes-phagogel-spirigel\/#primaryimage"},"image":{"@id":"https:\/\/med.tattoo\/de\/produkt\/sterillhand-500ml-gel-mit-pumpe-zur-haendedesinfektion-entspricht-velodes-phagogel-spirigel\/#primaryimage"},"thumbnailUrl":"https:\/\/med.tattoo\/wp-content\/uploads\/2025\/05\/2123_sterillhand-500ml-gel-z-pompka-do-dezynfekcji-rak_1744007032.jpg","datePublished":"2025-05-15T05:31:03+00:00","breadcrumb":{"@id":"https:\/\/med.tattoo\/de\/produkt\/sterillhand-500ml-gel-mit-pumpe-zur-haendedesinfektion-entspricht-velodes-phagogel-spirigel\/#breadcrumb"},"inLanguage":"de","potentialAction":[{"@type":"ReadAction","target":["https:\/\/med.tattoo\/de\/produkt\/sterillhand-500ml-gel-mit-pumpe-zur-haendedesinfektion-entspricht-velodes-phagogel-spirigel\/"]}]},{"@type":"ImageObject","inLanguage":"de","@id":"https:\/\/med.tattoo\/de\/produkt\/sterillhand-500ml-gel-mit-pumpe-zur-haendedesinfektion-entspricht-velodes-phagogel-spirigel\/#primaryimage","url":"https:\/\/med.tattoo\/wp-content\/uploads\/2025\/05\/2123_sterillhand-500ml-gel-z-pompka-do-dezynfekcji-rak_1744007032.jpg","contentUrl":"https:\/\/med.tattoo\/wp-content\/uploads\/2025\/05\/2123_sterillhand-500ml-gel-z-pompka-do-dezynfekcji-rak_1744007032.jpg","width":497,"height":800},{"@type":"BreadcrumbList","@id":"https:\/\/med.tattoo\/de\/produkt\/sterillhand-500ml-gel-mit-pumpe-zur-haendedesinfektion-entspricht-velodes-phagogel-spirigel\/#breadcrumb","itemListElement":[{"@type":"ListItem","position":1,"name":"Strona G\u0142\u00f3wna","item":"https:\/\/med.tattoo\/de\/"},{"@type":"ListItem","position":2,"name":"Shop","item":"https:\/\/med.tattoo\/de\/shop\/"},{"@type":"ListItem","position":3,"name":"Sterillhand 500ml Gel mit Pumpe zur H\u00e4ndedesinfektion (entspricht Velodes, Phago&#8217;Gel, Spirigel )"}]},{"@type":"WebSite","@id":"https:\/\/med.tattoo\/de\/#website","url":"https:\/\/med.tattoo\/de\/","name":"MED.TATTOO","description":"Wszystko dla Twojego tatua\u017cu","publisher":{"@id":"https:\/\/med.tattoo\/de\/#organization"},"potentialAction":[{"@type":"SearchAction","target":{"@type":"EntryPoint","urlTemplate":"https:\/\/med.tattoo\/de\/?s={search_term_string}"},"query-input":{"@type":"PropertyValueSpecification","valueRequired":true,"valueName":"search_term_string"}}],"inLanguage":"de"},{"@type":"Organization","@id":"https:\/\/med.tattoo\/de\/#organization","name":"MED.TATTOO","url":"https:\/\/med.tattoo\/de\/","logo":{"@type":"ImageObject","inLanguage":"de","@id":"https:\/\/med.tattoo\/de\/#\/schema\/logo\/image\/","url":"https:\/\/med.tattoo\/wp-content\/uploads\/2025\/05\/Bez-tytulu-600S300-px-1-e1658908183800.png","contentUrl":"https:\/\/med.tattoo\/wp-content\/uploads\/2025\/05\/Bez-tytulu-600S300-px-1-e1658908183800.png","width":600,"height":61,"caption":"MED.TATTOO"},"image":{"@id":"https:\/\/med.tattoo\/de\/#\/schema\/logo\/image\/"},"sameAs":["https:\/\/www.facebook.com\/profile.php?id=100084366705613","https:\/\/www.instagram.com\/med.tattoo_official\/"]}]}},"_links":{"self":[{"href":"https:\/\/med.tattoo\/de\/wp-json\/wp\/v2\/product\/9862","targetHints":{"allow":["GET"]}}],"collection":[{"href":"https:\/\/med.tattoo\/de\/wp-json\/wp\/v2\/product"}],"about":[{"href":"https:\/\/med.tattoo\/de\/wp-json\/wp\/v2\/types\/product"}],"replies":[{"embeddable":true,"href":"https:\/\/med.tattoo\/de\/wp-json\/wp\/v2\/comments?post=9862"}],"wp:featuredmedia":[{"embeddable":true,"href":"https:\/\/med.tattoo\/de\/wp-json\/wp\/v2\/media\/8132"}],"wp:attachment":[{"href":"https:\/\/med.tattoo\/de\/wp-json\/wp\/v2\/media?parent=9862"}],"wp:term":[{"taxonomy":"product_brand","embeddable":true,"href":"https:\/\/med.tattoo\/de\/wp-json\/wp\/v2\/product_brand?post=9862"},{"taxonomy":"product_cat","embeddable":true,"href":"https:\/\/med.tattoo\/de\/wp-json\/wp\/v2\/product_cat?post=9862"},{"taxonomy":"product_tag","embeddable":true,"href":"https:\/\/med.tattoo\/de\/wp-json\/wp\/v2\/product_tag?post=9862"}],"curies":[{"name":"wp","href":"https:\/\/api.w.org\/{rel}","templated":true}]}}