{"id":9863,"date":"2025-05-15T07:31:03","date_gmt":"2025-05-15T05:31:03","guid":{"rendered":"https:\/\/med.tattoo\/produkt\/sterillhand-1l-pumpendesinfektionsmittel-fuer-haende-entspricht-ahd-velodes-skinman\/"},"modified":"2025-05-15T07:31:03","modified_gmt":"2025-05-15T05:31:03","slug":"sterillhand-1l-pumpendesinfektionsmittel-fuer-haende-entspricht-ahd-velodes-skinman","status":"publish","type":"product","link":"https:\/\/med.tattoo\/de\/produkt\/sterillhand-1l-pumpendesinfektionsmittel-fuer-haende-entspricht-ahd-velodes-skinman\/","title":{"rendered":"Sterillhand 1L Pumpendesinfektionsmittel f\u00fcr H\u00e4nde (entspricht AHD, Velodes, Skinman)"},"content":{"rendered":"<p>Ein Pr\u00e4parat f\u00fcr die chirurgische und hygienische H\u00e4ndedesinfektion. Sterihand ist ein alkoholisches H\u00e4ndedesinfektionsmittel, das sich f\u00fcr den Einsatz in Einrichtungen des Gesundheitswesens eignet, aber auch an Orten wie Schulen, Kinos, gro\u00dfen Arbeitsst\u00e4tten, Clubs und Fitnessstudios, wo Hygienestandards eingehalten werden m\u00fcssen. <\/p>\n<p>Hygienische H\u00e4ndedesinfektion: Reiben Sie 3 ml Sterillhand Hand- und Hautdesinfektionsmittel 30 Sekunden lang in die Haut der H\u00e4nde ein.<\/p>\n<p>Chirurgische H\u00e4ndedesinfektion: Reiben Sie 5 ml Sterillhand Hand- und Hautdesinfektionsmittel f\u00fcr 2,5 Minuten in die Haut der H\u00e4nde ein. Wiederholen Sie den Vorgang. <\/p>\n<p>Unterscheidungen<\/p>\n<p>H\u00e4ndedesinfektion<\/p>\n<p>gebrauchsfertige Zubereitung, trocknet die Haut nicht aus,<\/p>\n<p>ein Pr\u00e4parat auf Alkoholbasis mit einer Zusammensetzung aus hautbefeuchtenden Substanzen,<\/p>\n<p>trocknet die H\u00e4nde nicht aus &#8211; dermatologisch getestet &#8211; l\u00f6st keine Allergien aus,<\/p>\n<p>Sterillhand H\u00e4nde- und Hautdesinfektionsmittel ist wirksam gegen: Bakterien (MRSA), Pilze, Mykobakterien (Tbc), Viren: beh\u00fcllte Viren, Adenoviren, Polio, Rota, HIV, HBV, HCV.<\/p>\n<p>Registrierungszertifikat Nr. MZ 2554\/05,Biozid-Produkt. Kat. Nr. STERILHAND0-5p Flasche 5 l  <\/p>\n<p>Chemische Zusammensetzung<\/p>\n<p>Ethylalkohol 72% Isopropylalkohol 3% Benzylalkohol 1% \u00d6lige Substanzen.<\/p>\n","protected":false},"excerpt":{"rendered":"<p>Ein Pr\u00e4parat f\u00fcr die chirurgische und hygienische H\u00e4ndedesinfektion. Sterihand ist ein alkoholisches H\u00e4ndedesinfektionsmittel, das sich f\u00fcr den Einsatz in Einrichtungen des Gesundheitswesens eignet, aber auch an Orten wie Schulen, Kinos, gro\u00dfen Arbeitsst\u00e4tten, Clubs und Fitnessstudios, wo Hygienestandards eingehalten werden m\u00fcssen. Hygienische H\u00e4ndedesinfektion: Reiben Sie 3 ml Sterillhand Hand- und Hautdesinfektionsmittel 30 Sekunden lang in die [&hellip;]<\/p>\n","protected":false},"featured_media":8116,"comment_status":"closed","ping_status":"open","template":"","meta":{"site-sidebar-layout":"default","site-content-layout":"","ast-site-content-layout":"default","site-content-style":"default","site-sidebar-style":"default","ast-global-header-display":"","ast-banner-title-visibility":"","ast-main-header-display":"","ast-hfb-above-header-display":"","ast-hfb-below-header-display":"","ast-hfb-mobile-header-display":"","site-post-title":"","ast-breadcrumbs-content":"","ast-featured-img":"","footer-sml-layout":"","ast-disable-related-posts":"","theme-transparent-header-meta":"","adv-header-id-meta":"","stick-header-meta":"","header-above-stick-meta":"","header-main-stick-meta":"","header-below-stick-meta":"","astra-migrate-meta-layouts":"default","ast-page-background-enabled":"default","ast-page-background-meta":{"desktop":{"background-color":"var(--ast-global-color-4)","background-image":"","background-repeat":"repeat","background-position":"center center","background-size":"auto","background-attachment":"scroll","background-type":"","background-media":"","overlay-type":"","overlay-color":"","overlay-opacity":"","overlay-gradient":""},"tablet":{"background-color":"","background-image":"","background-repeat":"repeat","background-position":"center center","background-size":"auto","background-attachment":"scroll","background-type":"","background-media":"","overlay-type":"","overlay-color":"","overlay-opacity":"","overlay-gradient":""},"mobile":{"background-color":"","background-image":"","background-repeat":"repeat","background-position":"center center","background-size":"auto","background-attachment":"scroll","background-type":"","background-media":"","overlay-type":"","overlay-color":"","overlay-opacity":"","overlay-gradient":""}},"ast-content-background-meta":{"desktop":{"background-color":"var(--ast-global-color-5)","background-image":"","background-repeat":"repeat","background-position":"center center","background-size":"auto","background-attachment":"scroll","background-type":"","background-media":"","overlay-type":"","overlay-color":"","overlay-opacity":"","overlay-gradient":""},"tablet":{"background-color":"var(--ast-global-color-5)","background-image":"","background-repeat":"repeat","background-position":"center center","background-size":"auto","background-attachment":"scroll","background-type":"","background-media":"","overlay-type":"","overlay-color":"","overlay-opacity":"","overlay-gradient":""},"mobile":{"background-color":"var(--ast-global-color-5)","background-image":"","background-repeat":"repeat","background-position":"center center","background-size":"auto","background-attachment":"scroll","background-type":"","background-media":"","overlay-type":"","overlay-color":"","overlay-opacity":"","overlay-gradient":""}}},"product_brand":[],"product_cat":[55],"product_tag":[],"class_list":{"0":"post-9863","1":"product","2":"type-product","3":"status-publish","4":"has-post-thumbnail","6":"product_cat-med-tattoo-de","7":"desktop-align-left","8":"tablet-align-left","9":"mobile-align-left","10":"ast-product-gallery-layout-horizontal-slider","11":"ast-product-gallery-with-no-image","12":"ast-product-tabs-layout-distributed","14":"first","15":"instock","16":"purchasable","17":"product-type-simple"},"yoast_head":"<!-- This site is optimized with the Yoast SEO plugin v27.3 - https:\/\/yoast.com\/product\/yoast-seo-wordpress\/ -->\n<title>Sterillhand 1L Pumpendesinfektionsmittel f\u00fcr H\u00e4nde (entspricht AHD, Velodes, Skinman) - MED.TATTOO<\/title>\n<meta name=\"robots\" content=\"index, follow, max-snippet:-1, max-image-preview:large, max-video-preview:-1\" \/>\n<link rel=\"canonical\" href=\"https:\/\/med.tattoo\/de\/produkt\/sterillhand-1l-pumpendesinfektionsmittel-fuer-haende-entspricht-ahd-velodes-skinman\/\" \/>\n<meta property=\"og:locale\" content=\"de_DE\" \/>\n<meta property=\"og:type\" content=\"article\" \/>\n<meta property=\"og:title\" content=\"Sterillhand 1L Pumpendesinfektionsmittel f\u00fcr H\u00e4nde (entspricht AHD, Velodes, Skinman) - MED.TATTOO\" \/>\n<meta property=\"og:description\" content=\"Ein Pr\u00e4parat f\u00fcr die chirurgische und hygienische H\u00e4ndedesinfektion. Sterihand ist ein alkoholisches H\u00e4ndedesinfektionsmittel, das sich f\u00fcr den Einsatz in Einrichtungen des Gesundheitswesens eignet, aber auch an Orten wie Schulen, Kinos, gro\u00dfen Arbeitsst\u00e4tten, Clubs und Fitnessstudios, wo Hygienestandards eingehalten werden m\u00fcssen. Hygienische H\u00e4ndedesinfektion: Reiben Sie 3 ml Sterillhand Hand- und Hautdesinfektionsmittel 30 Sekunden lang in die [&hellip;]\" \/>\n<meta property=\"og:url\" content=\"https:\/\/med.tattoo\/de\/produkt\/sterillhand-1l-pumpendesinfektionsmittel-fuer-haende-entspricht-ahd-velodes-skinman\/\" \/>\n<meta property=\"og:site_name\" content=\"MED.TATTOO\" \/>\n<meta property=\"article:publisher\" content=\"https:\/\/www.facebook.com\/profile.php?id=100084366705613\" \/>\n<meta name=\"twitter:card\" content=\"summary_large_image\" \/>\n<meta name=\"twitter:label1\" content=\"Gesch\u00e4tzte Lesezeit\" \/>\n\t<meta name=\"twitter:data1\" content=\"1\u00a0Minute\" \/>\n<script type=\"application\/ld+json\" class=\"yoast-schema-graph\">{\"@context\":\"https:\\\/\\\/schema.org\",\"@graph\":[{\"@type\":\"WebPage\",\"@id\":\"https:\\\/\\\/med.tattoo\\\/de\\\/produkt\\\/sterillhand-1l-pumpendesinfektionsmittel-fuer-haende-entspricht-ahd-velodes-skinman\\\/\",\"url\":\"https:\\\/\\\/med.tattoo\\\/de\\\/produkt\\\/sterillhand-1l-pumpendesinfektionsmittel-fuer-haende-entspricht-ahd-velodes-skinman\\\/\",\"name\":\"Sterillhand 1L Pumpendesinfektionsmittel f\u00fcr H\u00e4nde (entspricht AHD, Velodes, Skinman) - MED.TATTOO\",\"isPartOf\":{\"@id\":\"https:\\\/\\\/med.tattoo\\\/de\\\/#website\"},\"primaryImageOfPage\":{\"@id\":\"https:\\\/\\\/med.tattoo\\\/de\\\/produkt\\\/sterillhand-1l-pumpendesinfektionsmittel-fuer-haende-entspricht-ahd-velodes-skinman\\\/#primaryimage\"},\"image\":{\"@id\":\"https:\\\/\\\/med.tattoo\\\/de\\\/produkt\\\/sterillhand-1l-pumpendesinfektionsmittel-fuer-haende-entspricht-ahd-velodes-skinman\\\/#primaryimage\"},\"thumbnailUrl\":\"https:\\\/\\\/med.tattoo\\\/wp-content\\\/uploads\\\/2025\\\/05\\\/356_sterillhand-1l-z-pompka-plyn-do-dezynfekcji-rak_1744007032.jpg\",\"datePublished\":\"2025-05-15T05:31:03+00:00\",\"breadcrumb\":{\"@id\":\"https:\\\/\\\/med.tattoo\\\/de\\\/produkt\\\/sterillhand-1l-pumpendesinfektionsmittel-fuer-haende-entspricht-ahd-velodes-skinman\\\/#breadcrumb\"},\"inLanguage\":\"de\",\"potentialAction\":[{\"@type\":\"ReadAction\",\"target\":[\"https:\\\/\\\/med.tattoo\\\/de\\\/produkt\\\/sterillhand-1l-pumpendesinfektionsmittel-fuer-haende-entspricht-ahd-velodes-skinman\\\/\"]}]},{\"@type\":\"ImageObject\",\"inLanguage\":\"de\",\"@id\":\"https:\\\/\\\/med.tattoo\\\/de\\\/produkt\\\/sterillhand-1l-pumpendesinfektionsmittel-fuer-haende-entspricht-ahd-velodes-skinman\\\/#primaryimage\",\"url\":\"https:\\\/\\\/med.tattoo\\\/wp-content\\\/uploads\\\/2025\\\/05\\\/356_sterillhand-1l-z-pompka-plyn-do-dezynfekcji-rak_1744007032.jpg\",\"contentUrl\":\"https:\\\/\\\/med.tattoo\\\/wp-content\\\/uploads\\\/2025\\\/05\\\/356_sterillhand-1l-z-pompka-plyn-do-dezynfekcji-rak_1744007032.jpg\",\"width\":375,\"height\":800},{\"@type\":\"BreadcrumbList\",\"@id\":\"https:\\\/\\\/med.tattoo\\\/de\\\/produkt\\\/sterillhand-1l-pumpendesinfektionsmittel-fuer-haende-entspricht-ahd-velodes-skinman\\\/#breadcrumb\",\"itemListElement\":[{\"@type\":\"ListItem\",\"position\":1,\"name\":\"Strona G\u0142\u00f3wna\",\"item\":\"https:\\\/\\\/med.tattoo\\\/de\\\/\"},{\"@type\":\"ListItem\",\"position\":2,\"name\":\"Shop\",\"item\":\"https:\\\/\\\/med.tattoo\\\/de\\\/shop\\\/\"},{\"@type\":\"ListItem\",\"position\":3,\"name\":\"Sterillhand 1L Pumpendesinfektionsmittel f\u00fcr H\u00e4nde (entspricht AHD, Velodes, Skinman)\"}]},{\"@type\":\"WebSite\",\"@id\":\"https:\\\/\\\/med.tattoo\\\/de\\\/#website\",\"url\":\"https:\\\/\\\/med.tattoo\\\/de\\\/\",\"name\":\"MED.TATTOO\",\"description\":\"Wszystko dla Twojego tatua\u017cu\",\"publisher\":{\"@id\":\"https:\\\/\\\/med.tattoo\\\/de\\\/#organization\"},\"potentialAction\":[{\"@type\":\"SearchAction\",\"target\":{\"@type\":\"EntryPoint\",\"urlTemplate\":\"https:\\\/\\\/med.tattoo\\\/de\\\/?s={search_term_string}\"},\"query-input\":{\"@type\":\"PropertyValueSpecification\",\"valueRequired\":true,\"valueName\":\"search_term_string\"}}],\"inLanguage\":\"de\"},{\"@type\":\"Organization\",\"@id\":\"https:\\\/\\\/med.tattoo\\\/de\\\/#organization\",\"name\":\"MED.TATTOO\",\"url\":\"https:\\\/\\\/med.tattoo\\\/de\\\/\",\"logo\":{\"@type\":\"ImageObject\",\"inLanguage\":\"de\",\"@id\":\"https:\\\/\\\/med.tattoo\\\/de\\\/#\\\/schema\\\/logo\\\/image\\\/\",\"url\":\"https:\\\/\\\/med.tattoo\\\/wp-content\\\/uploads\\\/2025\\\/05\\\/Bez-tytulu-600S300-px-1-e1658908183800.png\",\"contentUrl\":\"https:\\\/\\\/med.tattoo\\\/wp-content\\\/uploads\\\/2025\\\/05\\\/Bez-tytulu-600S300-px-1-e1658908183800.png\",\"width\":600,\"height\":61,\"caption\":\"MED.TATTOO\"},\"image\":{\"@id\":\"https:\\\/\\\/med.tattoo\\\/de\\\/#\\\/schema\\\/logo\\\/image\\\/\"},\"sameAs\":[\"https:\\\/\\\/www.facebook.com\\\/profile.php?id=100084366705613\",\"https:\\\/\\\/www.instagram.com\\\/med.tattoo_official\\\/\"]}]}<\/script>\n<!-- \/ Yoast SEO plugin. -->","yoast_head_json":{"title":"Sterillhand 1L Pumpendesinfektionsmittel f\u00fcr H\u00e4nde (entspricht AHD, Velodes, Skinman) - MED.TATTOO","robots":{"index":"index","follow":"follow","max-snippet":"max-snippet:-1","max-image-preview":"max-image-preview:large","max-video-preview":"max-video-preview:-1"},"canonical":"https:\/\/med.tattoo\/de\/produkt\/sterillhand-1l-pumpendesinfektionsmittel-fuer-haende-entspricht-ahd-velodes-skinman\/","og_locale":"de_DE","og_type":"article","og_title":"Sterillhand 1L Pumpendesinfektionsmittel f\u00fcr H\u00e4nde (entspricht AHD, Velodes, Skinman) - MED.TATTOO","og_description":"Ein Pr\u00e4parat f\u00fcr die chirurgische und hygienische H\u00e4ndedesinfektion. Sterihand ist ein alkoholisches H\u00e4ndedesinfektionsmittel, das sich f\u00fcr den Einsatz in Einrichtungen des Gesundheitswesens eignet, aber auch an Orten wie Schulen, Kinos, gro\u00dfen Arbeitsst\u00e4tten, Clubs und Fitnessstudios, wo Hygienestandards eingehalten werden m\u00fcssen. Hygienische H\u00e4ndedesinfektion: Reiben Sie 3 ml Sterillhand Hand- und Hautdesinfektionsmittel 30 Sekunden lang in die [&hellip;]","og_url":"https:\/\/med.tattoo\/de\/produkt\/sterillhand-1l-pumpendesinfektionsmittel-fuer-haende-entspricht-ahd-velodes-skinman\/","og_site_name":"MED.TATTOO","article_publisher":"https:\/\/www.facebook.com\/profile.php?id=100084366705613","twitter_card":"summary_large_image","twitter_misc":{"Gesch\u00e4tzte Lesezeit":"1\u00a0Minute"},"schema":{"@context":"https:\/\/schema.org","@graph":[{"@type":"WebPage","@id":"https:\/\/med.tattoo\/de\/produkt\/sterillhand-1l-pumpendesinfektionsmittel-fuer-haende-entspricht-ahd-velodes-skinman\/","url":"https:\/\/med.tattoo\/de\/produkt\/sterillhand-1l-pumpendesinfektionsmittel-fuer-haende-entspricht-ahd-velodes-skinman\/","name":"Sterillhand 1L Pumpendesinfektionsmittel f\u00fcr H\u00e4nde (entspricht AHD, Velodes, Skinman) - MED.TATTOO","isPartOf":{"@id":"https:\/\/med.tattoo\/de\/#website"},"primaryImageOfPage":{"@id":"https:\/\/med.tattoo\/de\/produkt\/sterillhand-1l-pumpendesinfektionsmittel-fuer-haende-entspricht-ahd-velodes-skinman\/#primaryimage"},"image":{"@id":"https:\/\/med.tattoo\/de\/produkt\/sterillhand-1l-pumpendesinfektionsmittel-fuer-haende-entspricht-ahd-velodes-skinman\/#primaryimage"},"thumbnailUrl":"https:\/\/med.tattoo\/wp-content\/uploads\/2025\/05\/356_sterillhand-1l-z-pompka-plyn-do-dezynfekcji-rak_1744007032.jpg","datePublished":"2025-05-15T05:31:03+00:00","breadcrumb":{"@id":"https:\/\/med.tattoo\/de\/produkt\/sterillhand-1l-pumpendesinfektionsmittel-fuer-haende-entspricht-ahd-velodes-skinman\/#breadcrumb"},"inLanguage":"de","potentialAction":[{"@type":"ReadAction","target":["https:\/\/med.tattoo\/de\/produkt\/sterillhand-1l-pumpendesinfektionsmittel-fuer-haende-entspricht-ahd-velodes-skinman\/"]}]},{"@type":"ImageObject","inLanguage":"de","@id":"https:\/\/med.tattoo\/de\/produkt\/sterillhand-1l-pumpendesinfektionsmittel-fuer-haende-entspricht-ahd-velodes-skinman\/#primaryimage","url":"https:\/\/med.tattoo\/wp-content\/uploads\/2025\/05\/356_sterillhand-1l-z-pompka-plyn-do-dezynfekcji-rak_1744007032.jpg","contentUrl":"https:\/\/med.tattoo\/wp-content\/uploads\/2025\/05\/356_sterillhand-1l-z-pompka-plyn-do-dezynfekcji-rak_1744007032.jpg","width":375,"height":800},{"@type":"BreadcrumbList","@id":"https:\/\/med.tattoo\/de\/produkt\/sterillhand-1l-pumpendesinfektionsmittel-fuer-haende-entspricht-ahd-velodes-skinman\/#breadcrumb","itemListElement":[{"@type":"ListItem","position":1,"name":"Strona G\u0142\u00f3wna","item":"https:\/\/med.tattoo\/de\/"},{"@type":"ListItem","position":2,"name":"Shop","item":"https:\/\/med.tattoo\/de\/shop\/"},{"@type":"ListItem","position":3,"name":"Sterillhand 1L Pumpendesinfektionsmittel f\u00fcr H\u00e4nde (entspricht AHD, Velodes, Skinman)"}]},{"@type":"WebSite","@id":"https:\/\/med.tattoo\/de\/#website","url":"https:\/\/med.tattoo\/de\/","name":"MED.TATTOO","description":"Wszystko dla Twojego tatua\u017cu","publisher":{"@id":"https:\/\/med.tattoo\/de\/#organization"},"potentialAction":[{"@type":"SearchAction","target":{"@type":"EntryPoint","urlTemplate":"https:\/\/med.tattoo\/de\/?s={search_term_string}"},"query-input":{"@type":"PropertyValueSpecification","valueRequired":true,"valueName":"search_term_string"}}],"inLanguage":"de"},{"@type":"Organization","@id":"https:\/\/med.tattoo\/de\/#organization","name":"MED.TATTOO","url":"https:\/\/med.tattoo\/de\/","logo":{"@type":"ImageObject","inLanguage":"de","@id":"https:\/\/med.tattoo\/de\/#\/schema\/logo\/image\/","url":"https:\/\/med.tattoo\/wp-content\/uploads\/2025\/05\/Bez-tytulu-600S300-px-1-e1658908183800.png","contentUrl":"https:\/\/med.tattoo\/wp-content\/uploads\/2025\/05\/Bez-tytulu-600S300-px-1-e1658908183800.png","width":600,"height":61,"caption":"MED.TATTOO"},"image":{"@id":"https:\/\/med.tattoo\/de\/#\/schema\/logo\/image\/"},"sameAs":["https:\/\/www.facebook.com\/profile.php?id=100084366705613","https:\/\/www.instagram.com\/med.tattoo_official\/"]}]}},"_links":{"self":[{"href":"https:\/\/med.tattoo\/de\/wp-json\/wp\/v2\/product\/9863","targetHints":{"allow":["GET"]}}],"collection":[{"href":"https:\/\/med.tattoo\/de\/wp-json\/wp\/v2\/product"}],"about":[{"href":"https:\/\/med.tattoo\/de\/wp-json\/wp\/v2\/types\/product"}],"replies":[{"embeddable":true,"href":"https:\/\/med.tattoo\/de\/wp-json\/wp\/v2\/comments?post=9863"}],"wp:featuredmedia":[{"embeddable":true,"href":"https:\/\/med.tattoo\/de\/wp-json\/wp\/v2\/media\/8116"}],"wp:attachment":[{"href":"https:\/\/med.tattoo\/de\/wp-json\/wp\/v2\/media?parent=9863"}],"wp:term":[{"taxonomy":"product_brand","embeddable":true,"href":"https:\/\/med.tattoo\/de\/wp-json\/wp\/v2\/product_brand?post=9863"},{"taxonomy":"product_cat","embeddable":true,"href":"https:\/\/med.tattoo\/de\/wp-json\/wp\/v2\/product_cat?post=9863"},{"taxonomy":"product_tag","embeddable":true,"href":"https:\/\/med.tattoo\/de\/wp-json\/wp\/v2\/product_tag?post=9863"}],"curies":[{"name":"wp","href":"https:\/\/api.w.org\/{rel}","templated":true}]}}