{"id":9943,"date":"2025-05-15T07:27:36","date_gmt":"2025-05-15T05:27:36","guid":{"rendered":"https:\/\/med.tattoo\/produkt\/medizinischer-abfallbehaelter-0-2l-flach-1st\/"},"modified":"2025-05-15T07:27:36","modified_gmt":"2025-05-15T05:27:36","slug":"medizinischer-abfallbehaelter-0-2l-flach-1st","status":"publish","type":"product","link":"https:\/\/med.tattoo\/de\/produkt\/medizinischer-abfallbehaelter-0-2l-flach-1st\/","title":{"rendered":"Medizinischer Abfallbeh\u00e4lter 0.2L flach 1St."},"content":{"rendered":"<p>Ein praktischer Beh\u00e4lter aus Kunststoff &#8211; Polypropylen in rot. Er ist wasserdicht und stichfest. Er hat eine spezielle Aussparung im Deckel, die eine sichere Trennung der Nadel von der Spritze erm\u00f6glicht.  <\/p>\n<p>Der Beh\u00e4lter tr\u00e4gt den Warnhinweis &#8218;infekti\u00f6ses Material&#8216; zusammen mit anderen Informationen, die von der PZH verlangt werden.<\/p>\n<p>Der rote Beh\u00e4lter ist f\u00fcr den Abfall:<\/p>\n<p>die lebende pathogene Mikroorganismen oder deren Toxine und andere Formen enthalten, die in der Lage sind, genetisches Material zu \u00fcbertragen, von dem angenommen wird, dass es Krankheiten bei Menschen und Tieren verursacht;<br \/>\nK\u00f6rperteile und Organe sowie Beh\u00e4lter f\u00fcr Blut und Blutkonservierungsmittel zu deren Aufbewahrung;<br \/>\nverwendete therapeutische biologische Wirkb\u00e4der mit infekti\u00f6sen Eigenschaften;<br \/>\nR\u00fcckst\u00e4nde aus der Ern\u00e4hrung von Patienten in Infektionsstationen.<br \/>\nDie Beh\u00e4ltnisse sollten einen Verschluss haben, der keinen Kontakt mit dem Inhalt erfordert. Die Beh\u00e4lter m\u00fcssen mindestens alle 72 Stunden gewechselt werden, mit Ausnahme der Beutel, in denen hochinfekti\u00f6se medizinische Abf\u00e4lle gesammelt werden &#8211; diese werden alle 24 Stunden gewechselt. <\/p>\n<p>Wenn der Beh\u00e4lter besch\u00e4digt ist, entsorgen Sie ihn komplett mit seinem Inhalt. Bitte denken Sie daran, medizinische Abf\u00e4lle nicht au\u00dfer Haus zu transportieren! <\/p>\n<p>Medizinische Abfallbeh\u00e4lter sind so konzipiert, dass infekti\u00f6ses Material auf hygienische und sichere Weise entsorgt werden kann. Die angebotenen Produkte erf\u00fcllen alle Normen, Anforderungen und Standards. Dank ihnen k\u00f6nnen wir Abf\u00e4lle ber\u00fchrungsfrei entsorgen und zur Entsorgung schicken. Die Beh\u00e4lter sind sehr robust &#8211; widerstandsf\u00e4hig gegen Nadelstiche, St\u00f6\u00dfe und Ersch\u00fctterungen.   <\/p>\n","protected":false},"excerpt":{"rendered":"<p>Ein praktischer Beh\u00e4lter aus Kunststoff &#8211; Polypropylen in rot. Er ist wasserdicht und stichfest. Er hat eine spezielle Aussparung im Deckel, die eine sichere Trennung der Nadel von der Spritze erm\u00f6glicht. Der Beh\u00e4lter tr\u00e4gt den Warnhinweis &#8218;infekti\u00f6ses Material&#8216; zusammen mit anderen Informationen, die von der PZH verlangt werden. Der rote Beh\u00e4lter ist f\u00fcr den Abfall: [&hellip;]<\/p>\n","protected":false},"featured_media":7748,"comment_status":"closed","ping_status":"open","template":"","meta":{"site-sidebar-layout":"default","site-content-layout":"","ast-site-content-layout":"default","site-content-style":"default","site-sidebar-style":"default","ast-global-header-display":"","ast-banner-title-visibility":"","ast-main-header-display":"","ast-hfb-above-header-display":"","ast-hfb-below-header-display":"","ast-hfb-mobile-header-display":"","site-post-title":"","ast-breadcrumbs-content":"","ast-featured-img":"","footer-sml-layout":"","ast-disable-related-posts":"","theme-transparent-header-meta":"","adv-header-id-meta":"","stick-header-meta":"","header-above-stick-meta":"","header-main-stick-meta":"","header-below-stick-meta":"","astra-migrate-meta-layouts":"default","ast-page-background-enabled":"default","ast-page-background-meta":{"desktop":{"background-color":"var(--ast-global-color-4)","background-image":"","background-repeat":"repeat","background-position":"center center","background-size":"auto","background-attachment":"scroll","background-type":"","background-media":"","overlay-type":"","overlay-color":"","overlay-opacity":"","overlay-gradient":""},"tablet":{"background-color":"","background-image":"","background-repeat":"repeat","background-position":"center center","background-size":"auto","background-attachment":"scroll","background-type":"","background-media":"","overlay-type":"","overlay-color":"","overlay-opacity":"","overlay-gradient":""},"mobile":{"background-color":"","background-image":"","background-repeat":"repeat","background-position":"center center","background-size":"auto","background-attachment":"scroll","background-type":"","background-media":"","overlay-type":"","overlay-color":"","overlay-opacity":"","overlay-gradient":""}},"ast-content-background-meta":{"desktop":{"background-color":"var(--ast-global-color-5)","background-image":"","background-repeat":"repeat","background-position":"center center","background-size":"auto","background-attachment":"scroll","background-type":"","background-media":"","overlay-type":"","overlay-color":"","overlay-opacity":"","overlay-gradient":""},"tablet":{"background-color":"var(--ast-global-color-5)","background-image":"","background-repeat":"repeat","background-position":"center center","background-size":"auto","background-attachment":"scroll","background-type":"","background-media":"","overlay-type":"","overlay-color":"","overlay-opacity":"","overlay-gradient":""},"mobile":{"background-color":"var(--ast-global-color-5)","background-image":"","background-repeat":"repeat","background-position":"center center","background-size":"auto","background-attachment":"scroll","background-type":"","background-media":"","overlay-type":"","overlay-color":"","overlay-opacity":"","overlay-gradient":""}}},"product_brand":[],"product_cat":[55],"product_tag":[],"class_list":{"0":"post-9943","1":"product","2":"type-product","3":"status-publish","4":"has-post-thumbnail","6":"product_cat-med-tattoo-de","7":"desktop-align-left","8":"tablet-align-left","9":"mobile-align-left","10":"ast-product-gallery-layout-horizontal-slider","11":"ast-product-gallery-with-no-image","12":"ast-product-tabs-layout-distributed","14":"first","15":"instock","16":"purchasable","17":"product-type-simple"},"yoast_head":"<!-- This site is optimized with the Yoast SEO plugin v27.3 - https:\/\/yoast.com\/product\/yoast-seo-wordpress\/ -->\n<title>Medizinischer Abfallbeh\u00e4lter 0.2L flach 1St. - MED.TATTOO<\/title>\n<meta name=\"robots\" content=\"index, follow, max-snippet:-1, max-image-preview:large, max-video-preview:-1\" \/>\n<link rel=\"canonical\" href=\"https:\/\/med.tattoo\/de\/produkt\/medizinischer-abfallbehaelter-0-2l-flach-1st\/\" \/>\n<meta property=\"og:locale\" content=\"de_DE\" \/>\n<meta property=\"og:type\" content=\"article\" \/>\n<meta property=\"og:title\" content=\"Medizinischer Abfallbeh\u00e4lter 0.2L flach 1St. - MED.TATTOO\" \/>\n<meta property=\"og:description\" content=\"Ein praktischer Beh\u00e4lter aus Kunststoff &#8211; Polypropylen in rot. Er ist wasserdicht und stichfest. Er hat eine spezielle Aussparung im Deckel, die eine sichere Trennung der Nadel von der Spritze erm\u00f6glicht. Der Beh\u00e4lter tr\u00e4gt den Warnhinweis &#8218;infekti\u00f6ses Material&#8216; zusammen mit anderen Informationen, die von der PZH verlangt werden. Der rote Beh\u00e4lter ist f\u00fcr den Abfall: [&hellip;]\" \/>\n<meta property=\"og:url\" content=\"https:\/\/med.tattoo\/de\/produkt\/medizinischer-abfallbehaelter-0-2l-flach-1st\/\" \/>\n<meta property=\"og:site_name\" content=\"MED.TATTOO\" \/>\n<meta property=\"article:publisher\" content=\"https:\/\/www.facebook.com\/profile.php?id=100084366705613\" \/>\n<meta name=\"twitter:card\" content=\"summary_large_image\" \/>\n<meta name=\"twitter:label1\" content=\"Gesch\u00e4tzte Lesezeit\" \/>\n\t<meta name=\"twitter:data1\" content=\"1\u00a0Minute\" \/>\n<script type=\"application\/ld+json\" class=\"yoast-schema-graph\">{\"@context\":\"https:\\\/\\\/schema.org\",\"@graph\":[{\"@type\":\"WebPage\",\"@id\":\"https:\\\/\\\/med.tattoo\\\/de\\\/produkt\\\/medizinischer-abfallbehaelter-0-2l-flach-1st\\\/\",\"url\":\"https:\\\/\\\/med.tattoo\\\/de\\\/produkt\\\/medizinischer-abfallbehaelter-0-2l-flach-1st\\\/\",\"name\":\"Medizinischer Abfallbeh\u00e4lter 0.2L flach 1St. - MED.TATTOO\",\"isPartOf\":{\"@id\":\"https:\\\/\\\/med.tattoo\\\/de\\\/#website\"},\"primaryImageOfPage\":{\"@id\":\"https:\\\/\\\/med.tattoo\\\/de\\\/produkt\\\/medizinischer-abfallbehaelter-0-2l-flach-1st\\\/#primaryimage\"},\"image\":{\"@id\":\"https:\\\/\\\/med.tattoo\\\/de\\\/produkt\\\/medizinischer-abfallbehaelter-0-2l-flach-1st\\\/#primaryimage\"},\"thumbnailUrl\":\"https:\\\/\\\/med.tattoo\\\/wp-content\\\/uploads\\\/2025\\\/05\\\/388_pojemnik-na-odpady-medyczne-0-2l-plaski-1szt_1744006885.jpg\",\"datePublished\":\"2025-05-15T05:27:36+00:00\",\"breadcrumb\":{\"@id\":\"https:\\\/\\\/med.tattoo\\\/de\\\/produkt\\\/medizinischer-abfallbehaelter-0-2l-flach-1st\\\/#breadcrumb\"},\"inLanguage\":\"de\",\"potentialAction\":[{\"@type\":\"ReadAction\",\"target\":[\"https:\\\/\\\/med.tattoo\\\/de\\\/produkt\\\/medizinischer-abfallbehaelter-0-2l-flach-1st\\\/\"]}]},{\"@type\":\"ImageObject\",\"inLanguage\":\"de\",\"@id\":\"https:\\\/\\\/med.tattoo\\\/de\\\/produkt\\\/medizinischer-abfallbehaelter-0-2l-flach-1st\\\/#primaryimage\",\"url\":\"https:\\\/\\\/med.tattoo\\\/wp-content\\\/uploads\\\/2025\\\/05\\\/388_pojemnik-na-odpady-medyczne-0-2l-plaski-1szt_1744006885.jpg\",\"contentUrl\":\"https:\\\/\\\/med.tattoo\\\/wp-content\\\/uploads\\\/2025\\\/05\\\/388_pojemnik-na-odpady-medyczne-0-2l-plaski-1szt_1744006885.jpg\",\"width\":526,\"height\":334},{\"@type\":\"BreadcrumbList\",\"@id\":\"https:\\\/\\\/med.tattoo\\\/de\\\/produkt\\\/medizinischer-abfallbehaelter-0-2l-flach-1st\\\/#breadcrumb\",\"itemListElement\":[{\"@type\":\"ListItem\",\"position\":1,\"name\":\"Strona G\u0142\u00f3wna\",\"item\":\"https:\\\/\\\/med.tattoo\\\/de\\\/\"},{\"@type\":\"ListItem\",\"position\":2,\"name\":\"Shop\",\"item\":\"https:\\\/\\\/med.tattoo\\\/de\\\/shop\\\/\"},{\"@type\":\"ListItem\",\"position\":3,\"name\":\"Medizinischer Abfallbeh\u00e4lter 0.2L flach 1St.\"}]},{\"@type\":\"WebSite\",\"@id\":\"https:\\\/\\\/med.tattoo\\\/de\\\/#website\",\"url\":\"https:\\\/\\\/med.tattoo\\\/de\\\/\",\"name\":\"MED.TATTOO\",\"description\":\"Wszystko dla Twojego tatua\u017cu\",\"publisher\":{\"@id\":\"https:\\\/\\\/med.tattoo\\\/de\\\/#organization\"},\"potentialAction\":[{\"@type\":\"SearchAction\",\"target\":{\"@type\":\"EntryPoint\",\"urlTemplate\":\"https:\\\/\\\/med.tattoo\\\/de\\\/?s={search_term_string}\"},\"query-input\":{\"@type\":\"PropertyValueSpecification\",\"valueRequired\":true,\"valueName\":\"search_term_string\"}}],\"inLanguage\":\"de\"},{\"@type\":\"Organization\",\"@id\":\"https:\\\/\\\/med.tattoo\\\/de\\\/#organization\",\"name\":\"MED.TATTOO\",\"url\":\"https:\\\/\\\/med.tattoo\\\/de\\\/\",\"logo\":{\"@type\":\"ImageObject\",\"inLanguage\":\"de\",\"@id\":\"https:\\\/\\\/med.tattoo\\\/de\\\/#\\\/schema\\\/logo\\\/image\\\/\",\"url\":\"https:\\\/\\\/med.tattoo\\\/wp-content\\\/uploads\\\/2025\\\/05\\\/Bez-tytulu-600S300-px-1-e1658908183800.png\",\"contentUrl\":\"https:\\\/\\\/med.tattoo\\\/wp-content\\\/uploads\\\/2025\\\/05\\\/Bez-tytulu-600S300-px-1-e1658908183800.png\",\"width\":600,\"height\":61,\"caption\":\"MED.TATTOO\"},\"image\":{\"@id\":\"https:\\\/\\\/med.tattoo\\\/de\\\/#\\\/schema\\\/logo\\\/image\\\/\"},\"sameAs\":[\"https:\\\/\\\/www.facebook.com\\\/profile.php?id=100084366705613\",\"https:\\\/\\\/www.instagram.com\\\/med.tattoo_official\\\/\"]}]}<\/script>\n<!-- \/ Yoast SEO plugin. -->","yoast_head_json":{"title":"Medizinischer Abfallbeh\u00e4lter 0.2L flach 1St. - MED.TATTOO","robots":{"index":"index","follow":"follow","max-snippet":"max-snippet:-1","max-image-preview":"max-image-preview:large","max-video-preview":"max-video-preview:-1"},"canonical":"https:\/\/med.tattoo\/de\/produkt\/medizinischer-abfallbehaelter-0-2l-flach-1st\/","og_locale":"de_DE","og_type":"article","og_title":"Medizinischer Abfallbeh\u00e4lter 0.2L flach 1St. - MED.TATTOO","og_description":"Ein praktischer Beh\u00e4lter aus Kunststoff &#8211; Polypropylen in rot. Er ist wasserdicht und stichfest. Er hat eine spezielle Aussparung im Deckel, die eine sichere Trennung der Nadel von der Spritze erm\u00f6glicht. Der Beh\u00e4lter tr\u00e4gt den Warnhinweis &#8218;infekti\u00f6ses Material&#8216; zusammen mit anderen Informationen, die von der PZH verlangt werden. Der rote Beh\u00e4lter ist f\u00fcr den Abfall: [&hellip;]","og_url":"https:\/\/med.tattoo\/de\/produkt\/medizinischer-abfallbehaelter-0-2l-flach-1st\/","og_site_name":"MED.TATTOO","article_publisher":"https:\/\/www.facebook.com\/profile.php?id=100084366705613","twitter_card":"summary_large_image","twitter_misc":{"Gesch\u00e4tzte Lesezeit":"1\u00a0Minute"},"schema":{"@context":"https:\/\/schema.org","@graph":[{"@type":"WebPage","@id":"https:\/\/med.tattoo\/de\/produkt\/medizinischer-abfallbehaelter-0-2l-flach-1st\/","url":"https:\/\/med.tattoo\/de\/produkt\/medizinischer-abfallbehaelter-0-2l-flach-1st\/","name":"Medizinischer Abfallbeh\u00e4lter 0.2L flach 1St. - MED.TATTOO","isPartOf":{"@id":"https:\/\/med.tattoo\/de\/#website"},"primaryImageOfPage":{"@id":"https:\/\/med.tattoo\/de\/produkt\/medizinischer-abfallbehaelter-0-2l-flach-1st\/#primaryimage"},"image":{"@id":"https:\/\/med.tattoo\/de\/produkt\/medizinischer-abfallbehaelter-0-2l-flach-1st\/#primaryimage"},"thumbnailUrl":"https:\/\/med.tattoo\/wp-content\/uploads\/2025\/05\/388_pojemnik-na-odpady-medyczne-0-2l-plaski-1szt_1744006885.jpg","datePublished":"2025-05-15T05:27:36+00:00","breadcrumb":{"@id":"https:\/\/med.tattoo\/de\/produkt\/medizinischer-abfallbehaelter-0-2l-flach-1st\/#breadcrumb"},"inLanguage":"de","potentialAction":[{"@type":"ReadAction","target":["https:\/\/med.tattoo\/de\/produkt\/medizinischer-abfallbehaelter-0-2l-flach-1st\/"]}]},{"@type":"ImageObject","inLanguage":"de","@id":"https:\/\/med.tattoo\/de\/produkt\/medizinischer-abfallbehaelter-0-2l-flach-1st\/#primaryimage","url":"https:\/\/med.tattoo\/wp-content\/uploads\/2025\/05\/388_pojemnik-na-odpady-medyczne-0-2l-plaski-1szt_1744006885.jpg","contentUrl":"https:\/\/med.tattoo\/wp-content\/uploads\/2025\/05\/388_pojemnik-na-odpady-medyczne-0-2l-plaski-1szt_1744006885.jpg","width":526,"height":334},{"@type":"BreadcrumbList","@id":"https:\/\/med.tattoo\/de\/produkt\/medizinischer-abfallbehaelter-0-2l-flach-1st\/#breadcrumb","itemListElement":[{"@type":"ListItem","position":1,"name":"Strona G\u0142\u00f3wna","item":"https:\/\/med.tattoo\/de\/"},{"@type":"ListItem","position":2,"name":"Shop","item":"https:\/\/med.tattoo\/de\/shop\/"},{"@type":"ListItem","position":3,"name":"Medizinischer Abfallbeh\u00e4lter 0.2L flach 1St."}]},{"@type":"WebSite","@id":"https:\/\/med.tattoo\/de\/#website","url":"https:\/\/med.tattoo\/de\/","name":"MED.TATTOO","description":"Wszystko dla Twojego tatua\u017cu","publisher":{"@id":"https:\/\/med.tattoo\/de\/#organization"},"potentialAction":[{"@type":"SearchAction","target":{"@type":"EntryPoint","urlTemplate":"https:\/\/med.tattoo\/de\/?s={search_term_string}"},"query-input":{"@type":"PropertyValueSpecification","valueRequired":true,"valueName":"search_term_string"}}],"inLanguage":"de"},{"@type":"Organization","@id":"https:\/\/med.tattoo\/de\/#organization","name":"MED.TATTOO","url":"https:\/\/med.tattoo\/de\/","logo":{"@type":"ImageObject","inLanguage":"de","@id":"https:\/\/med.tattoo\/de\/#\/schema\/logo\/image\/","url":"https:\/\/med.tattoo\/wp-content\/uploads\/2025\/05\/Bez-tytulu-600S300-px-1-e1658908183800.png","contentUrl":"https:\/\/med.tattoo\/wp-content\/uploads\/2025\/05\/Bez-tytulu-600S300-px-1-e1658908183800.png","width":600,"height":61,"caption":"MED.TATTOO"},"image":{"@id":"https:\/\/med.tattoo\/de\/#\/schema\/logo\/image\/"},"sameAs":["https:\/\/www.facebook.com\/profile.php?id=100084366705613","https:\/\/www.instagram.com\/med.tattoo_official\/"]}]}},"_links":{"self":[{"href":"https:\/\/med.tattoo\/de\/wp-json\/wp\/v2\/product\/9943","targetHints":{"allow":["GET"]}}],"collection":[{"href":"https:\/\/med.tattoo\/de\/wp-json\/wp\/v2\/product"}],"about":[{"href":"https:\/\/med.tattoo\/de\/wp-json\/wp\/v2\/types\/product"}],"replies":[{"embeddable":true,"href":"https:\/\/med.tattoo\/de\/wp-json\/wp\/v2\/comments?post=9943"}],"wp:featuredmedia":[{"embeddable":true,"href":"https:\/\/med.tattoo\/de\/wp-json\/wp\/v2\/media\/7748"}],"wp:attachment":[{"href":"https:\/\/med.tattoo\/de\/wp-json\/wp\/v2\/media?parent=9943"}],"wp:term":[{"taxonomy":"product_brand","embeddable":true,"href":"https:\/\/med.tattoo\/de\/wp-json\/wp\/v2\/product_brand?post=9943"},{"taxonomy":"product_cat","embeddable":true,"href":"https:\/\/med.tattoo\/de\/wp-json\/wp\/v2\/product_cat?post=9943"},{"taxonomy":"product_tag","embeddable":true,"href":"https:\/\/med.tattoo\/de\/wp-json\/wp\/v2\/product_tag?post=9943"}],"curies":[{"name":"wp","href":"https:\/\/api.w.org\/{rel}","templated":true}]}}