{"id":4536,"date":"2025-05-07T10:30:40","date_gmt":"2025-05-07T08:30:40","guid":{"rendered":"https:\/\/med.tattoo\/devoluciones-y-reclamaciones\/"},"modified":"2025-05-07T16:21:14","modified_gmt":"2025-05-07T14:21:14","slug":"devoluciones-y-reclamaciones","status":"publish","type":"page","link":"https:\/\/med.tattoo\/es\/devoluciones-y-reclamaciones\/","title":{"rendered":"DEVOLUCIONES Y RECLAMACIONES"},"content":{"rendered":"\n<div style=\"height:50px\" aria-hidden=\"true\" class=\"wp-block-spacer\"><\/div>\n\n\n\n<h2 class=\"wp-block-heading has-text-align-center\" id=\"h-zwrot\">DEVOLVER<\/h2>\n\n\n\n<p>De conformidad con la Ley de Derechos del Consumidor de 30 de mayo de 2014, el Consumidor podr\u00e1 desistir del contrato de compraventa de bienes adquiridos al Vendedor sin alegar motivo alguno mediante la correspondiente declaraci\u00f3n por escrito en el plazo de 14 d\u00edas, a contar desde la fecha de entrega de los bienes (es decir, desde la fecha de recepci\u00f3n de los bienes por el Consumidor). El env\u00edo de una declaraci\u00f3n escrita por correo postal antes de este plazo es suficiente para cumplirlo.<br>El Consumidor podr\u00e1 desistir del contrato presentando una declaraci\u00f3n de desistimiento al Vendedor. El Consumidor puede utilizar el formulario de declaraci\u00f3n de desistimiento que constituye un ap\u00e9ndice de las presentes condiciones, que tambi\u00e9n puede descargarse de la direcci\u00f3n <a href=\"https:\/\/med.tattoo\/wp-content\/uploads\/2025\/05\/Form-es.docx\">Haga clic aqu\u00ed<\/a>.<br>La declaraci\u00f3n de desistimiento del contrato debe enviarse a la direcci\u00f3n MEDYCZNIE PROSTA SP\u00d3\u0141KA AKCYJNA Gorlice (38-300), ul. Biecka 8\/1.<br>El Consumidor est\u00e1 obligado a devolver los bienes al Vendedor a m\u00e1s tardar en el plazo de 14 d\u00edas a partir de la fecha de desistimiento del contrato. Para cumplir el plazo basta con devolver la mercanc\u00eda antes de su vencimiento.<br>La devoluci\u00f3n de la mercanc\u00eda debe realizarse a la direcci\u00f3n del Vendedor: MEDYCZNIE PROSTA SP\u00d3\u0141KA AKCYJNA Gorlice (38-300), ul. Biecka 8\/1. Las mercanc\u00edas devueltas deben estar en un estado inalterado. El Vendedor confirmar\u00e1 la devoluci\u00f3n al Cliente. <br>El Vendedor, en un plazo de 14 d\u00edas a partir de la fecha de recepci\u00f3n de la declaraci\u00f3n de desistimiento, reembolsar\u00e1 al Consumidor el beneficio del precio de compra, pero el pago no ser\u00e1 reembolsado hasta que los bienes hayan sido recibidos de vuelta o el Consumidor haya aportado la prueba de su devoluci\u00f3n.<br>El Vendedor reembolsar\u00e1 el pago utilizando el mismo m\u00e9todo de pago utilizado por el Consumidor, a menos que el Consumidor acepte otro m\u00e9todo de reembolso que no suponga ning\u00fan coste para el Consumidor.<br>El consumidor correr\u00e1 con los gastos de devoluci\u00f3n de la mercanc\u00eda al vendedor, incluidos los gastos de env\u00edo, protecci\u00f3n y embalaje de la mercanc\u00eda.<br>El derecho de desistimiento de un contrato celebrado a distancia no se aplica al Consumidor en relaci\u00f3n con los contratos indicados en el Art. 38 de la Ley de 30 de mayo de 2014 sobre los Derechos de los Consumidores, en particular los contratos<br>en los que el objeto de la prestaci\u00f3n sea un art\u00edculo que se deteriore r\u00e1pidamente o tenga una vida \u00fatil corta;<br>en los que el objeto de la prestaci\u00f3n sea un art\u00edculo entregado en un paquete sellado que no pueda devolverse despu\u00e9s de abrir el paquete por razones de protecci\u00f3n de la salud o de higiene, si el paquete se ha abierto despu\u00e9s de la entrega;<br>en los que el objeto de la prestaci\u00f3n sea un art\u00edculo que despu\u00e9s de la entrega, debido a su naturaleza, est\u00e9 inseparablemente unido a otros art\u00edculos;<br>celebrados mediante subasta p\u00fablica.<\/p>\n\n\n\n<h2 class=\"wp-block-heading has-text-align-center\">QUEJAS<\/h2>\n\n\n\n<p>El Vendedor responder\u00e1 en garant\u00eda de los defectos f\u00edsicos y jur\u00eddicos de la mercanc\u00eda vendida en la medida especificada en el art\u00edculo 556 y siguientes de la Ley de 23 de abril de 1964 &#8211; C\u00f3digo Civil (DZ. U. de 2014, art\u00edculo 121). <br>Si la mercanc\u00eda resulta defectuosa, el Cliente tiene derecho en particular a presentar una reclamaci\u00f3n en un plazo de 2 (dos) a\u00f1os a partir de la fecha de entrega de la mercanc\u00eda. En este caso, el Cliente deber\u00e1 enviar o entregar la mercanc\u00eda anunciada al Vendedor junto con la prueba de compra y una descripci\u00f3n de los defectos encontrados. La mercanc\u00eda reclamada deber\u00e1 entregarse o enviarse a la direcci\u00f3n del Vendedor MEDYCZNIE PROSTA SP\u00d3\u0141KA AKCYJNA Gorlice (38-300), ul. Biecka 8\/1.<br>De acuerdo con los principios establecidos en el C\u00f3digo Civil, el Cliente podr\u00e1 solicitar la reparaci\u00f3n de la mercanc\u00eda, la sustituci\u00f3n de la mercanc\u00eda por otra libre de defectos, la reducci\u00f3n del precio de la mercanc\u00eda o la rescisi\u00f3n del contrato de venta. El Vendedor responder\u00e1 a la reclamaci\u00f3n inmediatamente, pero a m\u00e1s tardar en un plazo de 14 d\u00edas a partir de la fecha de recepci\u00f3n del paquete con la mercanc\u00eda reclamada, e informar\u00e1 al Cliente sobre los procedimientos a seguir.    <br>Si la reclamaci\u00f3n est\u00e1 justificada, el Vendedor se compromete a sustituir la mercanc\u00eda defectuosa por una mercanc\u00eda libre de defectos, a eliminar el defecto o a reducir el precio de la mercanc\u00eda en un plazo de 14 d\u00edas a partir de la aceptaci\u00f3n de la reclamaci\u00f3n del Cliente.<br>En caso de desistimiento efectivo del contrato, el Vendedor se compromete a reembolsar el pago en un plazo de 14 d\u00edas a partir de la recepci\u00f3n de la declaraci\u00f3n de desistimiento del contrato, con la condici\u00f3n de que el pago no se reembolsar\u00e1 hasta que se haya recibido de vuelta la mercanc\u00eda o el Cliente haya presentado una prueba de su devoluci\u00f3n.<br>El Vendedor reembolsar\u00e1 al Cliente los costes asociados a la entrega o env\u00edo de la mercanc\u00eda reclamada, una vez resuelta la reclamaci\u00f3n.<br>En el caso de un art\u00edculo contractual cubierto por la garant\u00eda de un distribuidor o fabricante (garante), las condiciones detalladas de la garant\u00eda y su duraci\u00f3n se indican en el documento de garant\u00eda emitido por el garante. Si el documento de garant\u00eda prev\u00e9 tal posibilidad, el Cliente podr\u00e1 presentar sus reclamaciones en virtud de la garant\u00eda directamente al centro de servicio autorizado cuya direcci\u00f3n figura en el documento de garant\u00eda. El Cliente tambi\u00e9n puede comunicar sus reclamaciones en virtud de la garant\u00eda al Vendedor, pero en este caso el Vendedor es s\u00f3lo un intermediario que transmite la reclamaci\u00f3n presentada al garante. El cliente puede utilizar, a su discreci\u00f3n, los derechos de garant\u00eda directamente con el garante y sus derechos frente al Vendedor en virtud de la garant\u00eda.<br>Los gastos relacionados con la entrega o el env\u00edo de la mercanc\u00eda defectuosa ser\u00e1n reembolsados por el Vendedor al cliente una vez tramitada la reclamaci\u00f3n y aceptadas las pretensiones del cliente.<br>Con el fin de mantener las propiedades adecuadas y la calidad de los productos entregados, el Vendedor se reserva el derecho de elegir un m\u00e9todo espec\u00edfico de transporte del pedido &#8211; transporte especializado con condiciones constantes y controladas (Pharmalink). Si el cliente cambia el m\u00e9todo de entrega y opta por no utilizar el transporte especializado, el Vendedor no se hace responsable de ning\u00fan cambio en el aspecto o las propiedades de la mercanc\u00eda causado por una temperatura inadecuada (demasiado alta o demasiado baja) durante el transporte o el almacenamiento de los paquetes por parte de la empresa de transporte.    <\/p>\n\n\n\n<p><\/p>\n","protected":false},"excerpt":{"rendered":"<p>DEVOLVER De conformidad con la Ley de Derechos del Consumidor de 30 de mayo de 2014, el Consumidor podr\u00e1 desistir del contrato de compraventa de bienes adquiridos al Vendedor sin alegar motivo alguno mediante la correspondiente declaraci\u00f3n por escrito en el plazo de 14 d\u00edas, a contar desde la fecha de entrega de los bienes [&hellip;]<\/p>\n","protected":false},"author":1,"featured_media":0,"parent":0,"menu_order":0,"comment_status":"closed","ping_status":"closed","template":"","meta":{"site-sidebar-layout":"default","site-content-layout":"","ast-site-content-layout":"default","site-content-style":"default","site-sidebar-style":"default","ast-global-header-display":"","ast-banner-title-visibility":"","ast-main-header-display":"","ast-hfb-above-header-display":"","ast-hfb-below-header-display":"","ast-hfb-mobile-header-display":"","site-post-title":"","ast-breadcrumbs-content":"","ast-featured-img":"","footer-sml-layout":"","ast-disable-related-posts":"","theme-transparent-header-meta":"","adv-header-id-meta":"","stick-header-meta":"","header-above-stick-meta":"","header-main-stick-meta":"","header-below-stick-meta":"","astra-migrate-meta-layouts":"set","ast-page-background-enabled":"default","ast-page-background-meta":{"desktop":{"background-color":"var(--ast-global-color-4)","background-image":"","background-repeat":"repeat","background-position":"center center","background-size":"auto","background-attachment":"scroll","background-type":"","background-media":"","overlay-type":"","overlay-color":"","overlay-opacity":"","overlay-gradient":""},"tablet":{"background-color":"","background-image":"","background-repeat":"repeat","background-position":"center center","background-size":"auto","background-attachment":"scroll","background-type":"","background-media":"","overlay-type":"","overlay-color":"","overlay-opacity":"","overlay-gradient":""},"mobile":{"background-color":"","background-image":"","background-repeat":"repeat","background-position":"center center","background-size":"auto","background-attachment":"scroll","background-type":"","background-media":"","overlay-type":"","overlay-color":"","overlay-opacity":"","overlay-gradient":""}},"ast-content-background-meta":{"desktop":{"background-color":"var(--ast-global-color-5)","background-image":"","background-repeat":"repeat","background-position":"center center","background-size":"auto","background-attachment":"scroll","background-type":"","background-media":"","overlay-type":"","overlay-color":"","overlay-opacity":"","overlay-gradient":""},"tablet":{"background-color":"var(--ast-global-color-5)","background-image":"","background-repeat":"repeat","background-position":"center center","background-size":"auto","background-attachment":"scroll","background-type":"","background-media":"","overlay-type":"","overlay-color":"","overlay-opacity":"","overlay-gradient":""},"mobile":{"background-color":"var(--ast-global-color-5)","background-image":"","background-repeat":"repeat","background-position":"center center","background-size":"auto","background-attachment":"scroll","background-type":"","background-media":"","overlay-type":"","overlay-color":"","overlay-opacity":"","overlay-gradient":""}},"footnotes":""},"class_list":["post-4536","page","type-page","status-publish","hentry"],"yoast_head":"<!-- This site is optimized with the Yoast SEO plugin v27.3 - https:\/\/yoast.com\/product\/yoast-seo-wordpress\/ -->\n<title>DEVOLUCIONES Y RECLAMACIONES - MED.TATTOO<\/title>\n<meta name=\"robots\" content=\"index, follow, max-snippet:-1, max-image-preview:large, max-video-preview:-1\" \/>\n<link rel=\"canonical\" href=\"https:\/\/med.tattoo\/es\/devoluciones-y-reclamaciones\/\" \/>\n<meta property=\"og:locale\" content=\"es_ES\" \/>\n<meta property=\"og:type\" content=\"article\" \/>\n<meta property=\"og:title\" content=\"DEVOLUCIONES Y RECLAMACIONES - MED.TATTOO\" \/>\n<meta property=\"og:description\" content=\"DEVOLVER De conformidad con la Ley de Derechos del Consumidor de 30 de mayo de 2014, el Consumidor podr\u00e1 desistir del contrato de compraventa de bienes adquiridos al Vendedor sin alegar motivo alguno mediante la correspondiente declaraci\u00f3n por escrito en el plazo de 14 d\u00edas, a contar desde la fecha de entrega de los bienes [&hellip;]\" \/>\n<meta property=\"og:url\" content=\"https:\/\/med.tattoo\/es\/devoluciones-y-reclamaciones\/\" \/>\n<meta property=\"og:site_name\" content=\"MED.TATTOO\" \/>\n<meta property=\"article:publisher\" content=\"https:\/\/www.facebook.com\/profile.php?id=100084366705613\" \/>\n<meta property=\"article:modified_time\" content=\"2025-05-07T14:21:14+00:00\" \/>\n<meta name=\"twitter:card\" content=\"summary_large_image\" \/>\n<meta name=\"twitter:label1\" content=\"Tiempo de lectura\" \/>\n\t<meta name=\"twitter:data1\" content=\"7 minutos\" \/>\n<script type=\"application\/ld+json\" class=\"yoast-schema-graph\">{\"@context\":\"https:\\\/\\\/schema.org\",\"@graph\":[{\"@type\":\"WebPage\",\"@id\":\"https:\\\/\\\/med.tattoo\\\/es\\\/devoluciones-y-reclamaciones\\\/\",\"url\":\"https:\\\/\\\/med.tattoo\\\/es\\\/devoluciones-y-reclamaciones\\\/\",\"name\":\"DEVOLUCIONES Y RECLAMACIONES - MED.TATTOO\",\"isPartOf\":{\"@id\":\"https:\\\/\\\/med.tattoo\\\/es\\\/#website\"},\"datePublished\":\"2025-05-07T08:30:40+00:00\",\"dateModified\":\"2025-05-07T14:21:14+00:00\",\"breadcrumb\":{\"@id\":\"https:\\\/\\\/med.tattoo\\\/es\\\/devoluciones-y-reclamaciones\\\/#breadcrumb\"},\"inLanguage\":\"es\",\"potentialAction\":[{\"@type\":\"ReadAction\",\"target\":[\"https:\\\/\\\/med.tattoo\\\/es\\\/devoluciones-y-reclamaciones\\\/\"]}]},{\"@type\":\"BreadcrumbList\",\"@id\":\"https:\\\/\\\/med.tattoo\\\/es\\\/devoluciones-y-reclamaciones\\\/#breadcrumb\",\"itemListElement\":[{\"@type\":\"ListItem\",\"position\":1,\"name\":\"Strona G\u0142\u00f3wna\",\"item\":\"https:\\\/\\\/med.tattoo\\\/es\\\/\"},{\"@type\":\"ListItem\",\"position\":2,\"name\":\"DEVOLUCIONES Y RECLAMACIONES\"}]},{\"@type\":\"WebSite\",\"@id\":\"https:\\\/\\\/med.tattoo\\\/es\\\/#website\",\"url\":\"https:\\\/\\\/med.tattoo\\\/es\\\/\",\"name\":\"MED.TATTOO\",\"description\":\"Wszystko dla Twojego tatua\u017cu\",\"publisher\":{\"@id\":\"https:\\\/\\\/med.tattoo\\\/es\\\/#organization\"},\"potentialAction\":[{\"@type\":\"SearchAction\",\"target\":{\"@type\":\"EntryPoint\",\"urlTemplate\":\"https:\\\/\\\/med.tattoo\\\/es\\\/?s={search_term_string}\"},\"query-input\":{\"@type\":\"PropertyValueSpecification\",\"valueRequired\":true,\"valueName\":\"search_term_string\"}}],\"inLanguage\":\"es\"},{\"@type\":\"Organization\",\"@id\":\"https:\\\/\\\/med.tattoo\\\/es\\\/#organization\",\"name\":\"MED.TATTOO\",\"url\":\"https:\\\/\\\/med.tattoo\\\/es\\\/\",\"logo\":{\"@type\":\"ImageObject\",\"inLanguage\":\"es\",\"@id\":\"https:\\\/\\\/med.tattoo\\\/es\\\/#\\\/schema\\\/logo\\\/image\\\/\",\"url\":\"https:\\\/\\\/med.tattoo\\\/wp-content\\\/uploads\\\/2025\\\/05\\\/Bez-tytulu-600S300-px-1-e1658908183800.png\",\"contentUrl\":\"https:\\\/\\\/med.tattoo\\\/wp-content\\\/uploads\\\/2025\\\/05\\\/Bez-tytulu-600S300-px-1-e1658908183800.png\",\"width\":600,\"height\":61,\"caption\":\"MED.TATTOO\"},\"image\":{\"@id\":\"https:\\\/\\\/med.tattoo\\\/es\\\/#\\\/schema\\\/logo\\\/image\\\/\"},\"sameAs\":[\"https:\\\/\\\/www.facebook.com\\\/profile.php?id=100084366705613\",\"https:\\\/\\\/www.instagram.com\\\/med.tattoo_official\\\/\"]}]}<\/script>\n<!-- \/ Yoast SEO plugin. -->","yoast_head_json":{"title":"DEVOLUCIONES Y RECLAMACIONES - MED.TATTOO","robots":{"index":"index","follow":"follow","max-snippet":"max-snippet:-1","max-image-preview":"max-image-preview:large","max-video-preview":"max-video-preview:-1"},"canonical":"https:\/\/med.tattoo\/es\/devoluciones-y-reclamaciones\/","og_locale":"es_ES","og_type":"article","og_title":"DEVOLUCIONES Y RECLAMACIONES - MED.TATTOO","og_description":"DEVOLVER De conformidad con la Ley de Derechos del Consumidor de 30 de mayo de 2014, el Consumidor podr\u00e1 desistir del contrato de compraventa de bienes adquiridos al Vendedor sin alegar motivo alguno mediante la correspondiente declaraci\u00f3n por escrito en el plazo de 14 d\u00edas, a contar desde la fecha de entrega de los bienes [&hellip;]","og_url":"https:\/\/med.tattoo\/es\/devoluciones-y-reclamaciones\/","og_site_name":"MED.TATTOO","article_publisher":"https:\/\/www.facebook.com\/profile.php?id=100084366705613","article_modified_time":"2025-05-07T14:21:14+00:00","twitter_card":"summary_large_image","twitter_misc":{"Tiempo de lectura":"7 minutos"},"schema":{"@context":"https:\/\/schema.org","@graph":[{"@type":"WebPage","@id":"https:\/\/med.tattoo\/es\/devoluciones-y-reclamaciones\/","url":"https:\/\/med.tattoo\/es\/devoluciones-y-reclamaciones\/","name":"DEVOLUCIONES Y RECLAMACIONES - MED.TATTOO","isPartOf":{"@id":"https:\/\/med.tattoo\/es\/#website"},"datePublished":"2025-05-07T08:30:40+00:00","dateModified":"2025-05-07T14:21:14+00:00","breadcrumb":{"@id":"https:\/\/med.tattoo\/es\/devoluciones-y-reclamaciones\/#breadcrumb"},"inLanguage":"es","potentialAction":[{"@type":"ReadAction","target":["https:\/\/med.tattoo\/es\/devoluciones-y-reclamaciones\/"]}]},{"@type":"BreadcrumbList","@id":"https:\/\/med.tattoo\/es\/devoluciones-y-reclamaciones\/#breadcrumb","itemListElement":[{"@type":"ListItem","position":1,"name":"Strona G\u0142\u00f3wna","item":"https:\/\/med.tattoo\/es\/"},{"@type":"ListItem","position":2,"name":"DEVOLUCIONES Y RECLAMACIONES"}]},{"@type":"WebSite","@id":"https:\/\/med.tattoo\/es\/#website","url":"https:\/\/med.tattoo\/es\/","name":"MED.TATTOO","description":"Wszystko dla Twojego tatua\u017cu","publisher":{"@id":"https:\/\/med.tattoo\/es\/#organization"},"potentialAction":[{"@type":"SearchAction","target":{"@type":"EntryPoint","urlTemplate":"https:\/\/med.tattoo\/es\/?s={search_term_string}"},"query-input":{"@type":"PropertyValueSpecification","valueRequired":true,"valueName":"search_term_string"}}],"inLanguage":"es"},{"@type":"Organization","@id":"https:\/\/med.tattoo\/es\/#organization","name":"MED.TATTOO","url":"https:\/\/med.tattoo\/es\/","logo":{"@type":"ImageObject","inLanguage":"es","@id":"https:\/\/med.tattoo\/es\/#\/schema\/logo\/image\/","url":"https:\/\/med.tattoo\/wp-content\/uploads\/2025\/05\/Bez-tytulu-600S300-px-1-e1658908183800.png","contentUrl":"https:\/\/med.tattoo\/wp-content\/uploads\/2025\/05\/Bez-tytulu-600S300-px-1-e1658908183800.png","width":600,"height":61,"caption":"MED.TATTOO"},"image":{"@id":"https:\/\/med.tattoo\/es\/#\/schema\/logo\/image\/"},"sameAs":["https:\/\/www.facebook.com\/profile.php?id=100084366705613","https:\/\/www.instagram.com\/med.tattoo_official\/"]}]}},"_links":{"self":[{"href":"https:\/\/med.tattoo\/es\/wp-json\/wp\/v2\/pages\/4536","targetHints":{"allow":["GET"]}}],"collection":[{"href":"https:\/\/med.tattoo\/es\/wp-json\/wp\/v2\/pages"}],"about":[{"href":"https:\/\/med.tattoo\/es\/wp-json\/wp\/v2\/types\/page"}],"author":[{"embeddable":true,"href":"https:\/\/med.tattoo\/es\/wp-json\/wp\/v2\/users\/1"}],"replies":[{"embeddable":true,"href":"https:\/\/med.tattoo\/es\/wp-json\/wp\/v2\/comments?post=4536"}],"version-history":[{"count":2,"href":"https:\/\/med.tattoo\/es\/wp-json\/wp\/v2\/pages\/4536\/revisions"}],"predecessor-version":[{"id":6439,"href":"https:\/\/med.tattoo\/es\/wp-json\/wp\/v2\/pages\/4536\/revisions\/6439"}],"wp:attachment":[{"href":"https:\/\/med.tattoo\/es\/wp-json\/wp\/v2\/media?parent=4536"}],"curies":[{"name":"wp","href":"https:\/\/api.w.org\/{rel}","templated":true}]}}