{"id":4540,"date":"2025-05-07T10:30:16","date_gmt":"2025-05-07T08:30:16","guid":{"rendered":"https:\/\/med.tattoo\/creacion-de-tatuajes\/"},"modified":"2025-04-08T17:07:05","modified_gmt":"2025-04-08T15:07:05","slug":"creacion-de-tatuajes","status":"publish","type":"page","link":"https:\/\/med.tattoo\/es\/creacion-de-tatuajes\/","title":{"rendered":"Creaci\u00f3n de tatuajes"},"content":{"rendered":"\t\t<div data-elementor-type=\"wp-page\" data-elementor-id=\"4540\" class=\"elementor elementor-4540 elementor-1925\" data-elementor-settings=\"{&quot;ha_cmc_init_switcher&quot;:&quot;no&quot;}\" data-elementor-post-type=\"page\">\n\t\t\t\t\t\t<section class=\"elementor-section elementor-top-section elementor-element elementor-element-6e6b34e elementor-section-boxed elementor-section-height-default elementor-section-height-default\" data-id=\"6e6b34e\" data-element_type=\"section\" data-e-type=\"section\">\n\t\t\t\t\t\t<div class=\"elementor-container elementor-column-gap-default\">\n\t\t\t\t\t<div class=\"elementor-column elementor-col-100 elementor-top-column elementor-element elementor-element-d3d92af\" data-id=\"d3d92af\" data-element_type=\"column\" data-e-type=\"column\">\n\t\t\t<div class=\"elementor-widget-wrap elementor-element-populated\">\n\t\t\t\t\t\t<div class=\"elementor-element elementor-element-7ef7211 elementor-widget elementor-widget-heading\" data-id=\"7ef7211\" data-element_type=\"widget\" data-e-type=\"widget\" data-widget_type=\"heading.default\">\n\t\t\t\t<div class=\"elementor-widget-container\">\n\t\t\t\t\t<h1 class=\"elementor-heading-title elementor-size-default\">Creaci\u00f3n de tatuajes<\/h1>\t\t\t\t<\/div>\n\t\t\t\t<\/div>\n\t\t\t\t<div class=\"elementor-element elementor-element-81cf96f elementor-widget elementor-widget-text-editor\" data-id=\"81cf96f\" data-element_type=\"widget\" data-e-type=\"widget\" data-widget_type=\"text-editor.default\">\n\t\t\t\t<div class=\"elementor-widget-container\">\n\t\t\t\t\t\t\t\t\t<p>Prepare su piel antes de tatuarse. Una piel bien hidratada y nutrida ser\u00e1 suave y flexible.<br>Esto facilitar\u00e1 el propio proceso de tatuaje y acelerar\u00e1 la cicatrizaci\u00f3n. <\/p>\t\t\t\t\t\t\t\t<\/div>\n\t\t\t\t<\/div>\n\t\t\t\t\t<\/div>\n\t\t<\/div>\n\t\t\t\t\t<\/div>\n\t\t<\/section>\n\t\t\t\t<section class=\"elementor-section elementor-top-section elementor-element elementor-element-2adeed29 elementor-section-boxed elementor-section-height-default elementor-section-height-default\" data-id=\"2adeed29\" data-element_type=\"section\" data-e-type=\"section\" data-settings=\"{&quot;background_background&quot;:&quot;classic&quot;}\">\n\t\t\t\t\t\t<div class=\"elementor-container elementor-column-gap-no\">\n\t\t\t\t\t<div class=\"elementor-column elementor-col-100 elementor-top-column elementor-element elementor-element-6491df5c\" data-id=\"6491df5c\" data-element_type=\"column\" data-e-type=\"column\">\n\t\t\t<div class=\"elementor-widget-wrap elementor-element-populated\">\n\t\t\t\t\t\t<div class=\"elementor-element elementor-element-671ca138 elementor-widget elementor-widget-icon-box\" data-id=\"671ca138\" data-element_type=\"widget\" data-e-type=\"widget\" data-widget_type=\"icon-box.default\">\n\t\t\t\t<div class=\"elementor-widget-container\">\n\t\t\t\t\t\t\t<div class=\"elementor-icon-box-wrapper\">\n\n\t\t\t\n\t\t\t\t\t\t<div class=\"elementor-icon-box-content\">\n\n\t\t\t\t\t\t\t\t\t<h3 class=\"elementor-icon-box-title\">\n\t\t\t\t\t\t<span  >\n\t\t\t\t\t\t\t<img decoding=\"async\" role=\"img\" class=\"emoji\" alt=\"\ud83d\udc47\" src=\"https:\/\/s.w.org\/images\/core\/emoji\/14.0.0\/svg\/1f447.svg\">  Ver productos para la creaci\u00f3n de tatuajes\t\t\t\t\t\t<\/span>\n\t\t\t\t\t<\/h3>\n\t\t\t\t\n\t\t\t\t\n\t\t\t<\/div>\n\t\t\t\n\t\t<\/div>\n\t\t\t\t\t\t<\/div>\n\t\t\t\t<\/div>\n\t\t\t\t\t<\/div>\n\t\t<\/div>\n\t\t\t\t\t<\/div>\n\t\t<\/section>\n\t\t\t\t<section class=\"elementor-section elementor-top-section elementor-element elementor-element-e97d782 elementor-section-boxed elementor-section-height-default elementor-section-height-default\" data-id=\"e97d782\" data-element_type=\"section\" data-e-type=\"section\">\n\t\t\t\t\t\t<div class=\"elementor-container elementor-column-gap-default\">\n\t\t\t\t\t<div class=\"elementor-column elementor-col-100 elementor-top-column elementor-element elementor-element-7a3ab12\" data-id=\"7a3ab12\" data-element_type=\"column\" data-e-type=\"column\">\n\t\t\t<div class=\"elementor-widget-wrap elementor-element-populated\">\n\t\t\t\t\t\t<div class=\"elementor-element elementor-element-8692947 elementor-widget elementor-widget-heading\" data-id=\"8692947\" data-element_type=\"widget\" data-e-type=\"widget\" data-widget_type=\"heading.default\">\n\t\t\t\t<div class=\"elementor-widget-container\">\n\t\t\t\t\t<h2 class=\"elementor-heading-title elementor-size-default\">Cuidado de la piel antes de hacerse un tatuaje - por qu\u00e9 es importante<\/h2>\t\t\t\t<\/div>\n\t\t\t\t<\/div>\n\t\t\t\t<div class=\"elementor-element elementor-element-5c3c445 elementor-widget elementor-widget-text-editor\" data-id=\"5c3c445\" data-element_type=\"widget\" data-e-type=\"widget\" data-widget_type=\"text-editor.default\">\n\t\t\t\t<div class=\"elementor-widget-container\">\n\t\t\t\t\t\t\t\t\t<p>La disponibilidad de <strong>productos para el cuidado de la piel y los tatuajes<\/strong> aumenta constantemente. Hay que tener en cuenta que su preparaci\u00f3n adecuada antes del tatuaje es tan importante como el cuidado de un dibujo reci\u00e9n hecho en el cuerpo. As\u00ed que si est\u00e1 planeando tatuarse el motivo de sus sue\u00f1os, aseg\u00farese de preparar adecuadamente su piel incluso antes de visitar el sal\u00f3n de tatuajes. <strong>Los cosm\u00e9ticos naturales de Med.tattoo <\/strong>no s\u00f3lo nutrir\u00e1n y flexibilizar\u00e1n su piel, sino que tambi\u00e9n la hidratar\u00e1n bien, lo que dar\u00e1 como resultado un aspecto a\u00fan mejor del tatuaje y una regeneraci\u00f3n m\u00e1s r\u00e1pida de la piel despu\u00e9s. Gracias a que los cosm\u00e9ticos de cuidado no contienen aditivos sint\u00e9ticos, no provocan irritaciones cut\u00e1neas ni alergias. Est\u00e1n especialmente recomendados para quienes tienen la piel muy seca y da\u00f1ada. Adem\u00e1s, los cosm\u00e9ticos de cal\u00e9ndula tienen efectos antibacterianos y protectores (contra el sol), mejoran el color de la piel y aceleran la cicatrizaci\u00f3n de las heridas.     <\/p>\t\t\t\t\t\t\t\t<\/div>\n\t\t\t\t<\/div>\n\t\t\t\t<div class=\"elementor-element elementor-element-e9eebf5 elementor-widget elementor-widget-heading\" data-id=\"e9eebf5\" data-element_type=\"widget\" data-e-type=\"widget\" data-widget_type=\"heading.default\">\n\t\t\t\t<div class=\"elementor-widget-container\">\n\t\t\t\t\t<h2 class=\"elementor-heading-title elementor-size-default\">Productos profesionales para el cuidado de la piel antes del tatuaje: qu\u00e9 elegir<\/h2>\t\t\t\t<\/div>\n\t\t\t\t<\/div>\n\t\t\t\t<div class=\"elementor-element elementor-element-b1c0462 elementor-widget elementor-widget-text-editor\" data-id=\"b1c0462\" data-element_type=\"widget\" data-e-type=\"widget\" data-widget_type=\"text-editor.default\">\n\t\t\t\t<div class=\"elementor-widget-container\">\n\t\t\t\t\t\t\t\t\t<p>La variedad de cosm\u00e9ticos para tatuajes significa que cada cliente tiene la oportunidad de elegir el que m\u00e1s le convenga. Los cosm\u00e9ticos especializados en forma de <strong>manteca de karit\u00e9 <\/strong>o <strong>vaselina blanca y vaselina con cal\u00e9ndula<\/strong> tienen una consistencia que facilita su aplicaci\u00f3n y extensi\u00f3n sobre la piel. Gracias a las f\u00f3rmulas especiales desarrolladas por la marca Med.tattoo, podemos garantizar a nuestros clientes que estos cosm\u00e9ticos no s\u00f3lo son seguros -no son alerg\u00e9nicos ni irritan los revestimientos de la piel-, sino que sobre todo son eficaces. Porque es importante recordar que una piel sana, bien nutrida e hidratada proporcionar\u00e1 una mejor base para la tinta. El tatuaje ser\u00e1 m\u00e1s claro y los colores m\u00e1s intensos. Pruebe nuestra <strong>manteca de karit\u00e9 para tatuajes<\/strong> o nuestra vaselina blanca o de cal\u00e9ndula y conv\u00e9nzase de su eficacia.     <\/p>\t\t\t\t\t\t\t\t<\/div>\n\t\t\t\t<\/div>\n\t\t\t\t\t<\/div>\n\t\t<\/div>\n\t\t\t\t\t<\/div>\n\t\t<\/section>\n\t\t\t\t<\/div>\n\t\t","protected":false},"excerpt":{"rendered":"<p>Creaci\u00f3n de tatuajes Prepare su piel antes de tatuarse. Una piel bien hidratada y nutrida ser\u00e1 suave y flexible.Esto facilitar\u00e1 el propio proceso de tatuaje y acelerar\u00e1 la cicatrizaci\u00f3n. Ver productos para la creaci\u00f3n de tatuajes Cuidado de la piel antes de hacerse un tatuaje &#8211; por qu\u00e9 es importante La disponibilidad de productos para [&hellip;]<\/p>\n","protected":false},"author":1,"featured_media":0,"parent":0,"menu_order":0,"comment_status":"closed","ping_status":"closed","template":"","meta":{"site-sidebar-layout":"no-sidebar","site-content-layout":"page-builder","ast-site-content-layout":"default","site-content-style":"default","site-sidebar-style":"default","ast-global-header-display":"","ast-banner-title-visibility":"","ast-main-header-display":"","ast-hfb-above-header-display":"","ast-hfb-below-header-display":"","ast-hfb-mobile-header-display":"","site-post-title":"disabled","ast-breadcrumbs-content":"","ast-featured-img":"disabled","footer-sml-layout":"","ast-disable-related-posts":"","theme-transparent-header-meta":"disabled","adv-header-id-meta":"","stick-header-meta":"enabled","header-above-stick-meta":"","header-main-stick-meta":"disabled","header-below-stick-meta":"","astra-migrate-meta-layouts":"default","ast-page-background-enabled":"default","ast-page-background-meta":{"desktop":{"background-color":"var(--ast-global-color-4)","background-image":"","background-repeat":"repeat","background-position":"center center","background-size":"auto","background-attachment":"scroll","background-type":"","background-media":"","overlay-type":"","overlay-color":"","overlay-opacity":"","overlay-gradient":""},"tablet":{"background-color":"","background-image":"","background-repeat":"repeat","background-position":"center center","background-size":"auto","background-attachment":"scroll","background-type":"","background-media":"","overlay-type":"","overlay-color":"","overlay-opacity":"","overlay-gradient":""},"mobile":{"background-color":"","background-image":"","background-repeat":"repeat","background-position":"center center","background-size":"auto","background-attachment":"scroll","background-type":"","background-media":"","overlay-type":"","overlay-color":"","overlay-opacity":"","overlay-gradient":""}},"ast-content-background-meta":{"desktop":{"background-color":"var(--ast-global-color-5)","background-image":"","background-repeat":"repeat","background-position":"center center","background-size":"auto","background-attachment":"scroll","background-type":"","background-media":"","overlay-type":"","overlay-color":"","overlay-opacity":"","overlay-gradient":""},"tablet":{"background-color":"var(--ast-global-color-5)","background-image":"","background-repeat":"repeat","background-position":"center center","background-size":"auto","background-attachment":"scroll","background-type":"","background-media":"","overlay-type":"","overlay-color":"","overlay-opacity":"","overlay-gradient":""},"mobile":{"background-color":"var(--ast-global-color-5)","background-image":"","background-repeat":"repeat","background-position":"center center","background-size":"auto","background-attachment":"scroll","background-type":"","background-media":"","overlay-type":"","overlay-color":"","overlay-opacity":"","overlay-gradient":""}},"footnotes":""},"class_list":["post-4540","page","type-page","status-publish","hentry"],"yoast_head":"<!-- This site is optimized with the Yoast SEO plugin v27.5 - https:\/\/yoast.com\/product\/yoast-seo-wordpress\/ -->\n<title>Creaci\u00f3n de tatuajes - MED.TATTOO<\/title>\n<meta name=\"description\" content=\"Prepare su piel antes de hacerse un tatuaje. Una piel bien hidratada y nutrida ser\u00e1 suave y flexible. Esto facilitar\u00e1 el propio proceso de tatuaje.....\" \/>\n<meta name=\"robots\" content=\"index, follow, max-snippet:-1, max-image-preview:large, max-video-preview:-1\" \/>\n<link rel=\"canonical\" href=\"https:\/\/med.tattoo\/es\/creacion-de-tatuajes\/\" \/>\n<meta property=\"og:locale\" content=\"es_ES\" \/>\n<meta property=\"og:type\" content=\"article\" \/>\n<meta property=\"og:title\" content=\"Creaci\u00f3n de tatuajes - MED.TATTOO\" \/>\n<meta property=\"og:description\" content=\"Prepare su piel antes de hacerse un tatuaje. Una piel bien hidratada y nutrida ser\u00e1 suave y flexible. Esto facilitar\u00e1 el propio proceso de tatuaje.....\" \/>\n<meta property=\"og:url\" content=\"https:\/\/med.tattoo\/es\/creacion-de-tatuajes\/\" \/>\n<meta property=\"og:site_name\" content=\"MED.TATTOO\" \/>\n<meta property=\"article:publisher\" content=\"https:\/\/www.facebook.com\/profile.php?id=100084366705613\" \/>\n<meta property=\"og:image\" content=\"https:\/\/med.tattoo\/wp-content\/uploads\/2022\/08\/IMG_8199-300x300.jpg\" \/>\n<meta name=\"twitter:card\" content=\"summary_large_image\" \/>\n<meta name=\"twitter:label1\" content=\"Tiempo de lectura\" \/>\n\t<meta name=\"twitter:data1\" content=\"2 minutos\" \/>\n<script type=\"application\/ld+json\" class=\"yoast-schema-graph\">{\"@context\":\"https:\\\/\\\/schema.org\",\"@graph\":[{\"@type\":\"WebPage\",\"@id\":\"https:\\\/\\\/med.tattoo\\\/es\\\/creacion-de-tatuajes\\\/\",\"url\":\"https:\\\/\\\/med.tattoo\\\/es\\\/creacion-de-tatuajes\\\/\",\"name\":\"Creaci\u00f3n de tatuajes - MED.TATTOO\",\"isPartOf\":{\"@id\":\"https:\\\/\\\/med.tattoo\\\/es\\\/#website\"},\"primaryImageOfPage\":{\"@id\":\"https:\\\/\\\/med.tattoo\\\/es\\\/creacion-de-tatuajes\\\/#primaryimage\"},\"image\":{\"@id\":\"https:\\\/\\\/med.tattoo\\\/es\\\/creacion-de-tatuajes\\\/#primaryimage\"},\"thumbnailUrl\":\"https:\\\/\\\/s.w.org\\\/images\\\/core\\\/emoji\\\/14.0.0\\\/svg\\\/1f447.svg\",\"datePublished\":\"2025-05-07T08:30:16+00:00\",\"description\":\"Prepare su piel antes de hacerse un tatuaje. Una piel bien hidratada y nutrida ser\u00e1 suave y flexible. Esto facilitar\u00e1 el propio proceso de tatuaje.....\",\"breadcrumb\":{\"@id\":\"https:\\\/\\\/med.tattoo\\\/es\\\/creacion-de-tatuajes\\\/#breadcrumb\"},\"inLanguage\":\"es\",\"potentialAction\":[{\"@type\":\"ReadAction\",\"target\":[\"https:\\\/\\\/med.tattoo\\\/es\\\/creacion-de-tatuajes\\\/\"]}]},{\"@type\":\"ImageObject\",\"inLanguage\":\"es\",\"@id\":\"https:\\\/\\\/med.tattoo\\\/es\\\/creacion-de-tatuajes\\\/#primaryimage\",\"url\":\"https:\\\/\\\/s.w.org\\\/images\\\/core\\\/emoji\\\/14.0.0\\\/svg\\\/1f447.svg\",\"contentUrl\":\"https:\\\/\\\/s.w.org\\\/images\\\/core\\\/emoji\\\/14.0.0\\\/svg\\\/1f447.svg\"},{\"@type\":\"BreadcrumbList\",\"@id\":\"https:\\\/\\\/med.tattoo\\\/es\\\/creacion-de-tatuajes\\\/#breadcrumb\",\"itemListElement\":[{\"@type\":\"ListItem\",\"position\":1,\"name\":\"Strona G\u0142\u00f3wna\",\"item\":\"https:\\\/\\\/med.tattoo\\\/es\\\/\"},{\"@type\":\"ListItem\",\"position\":2,\"name\":\"Creaci\u00f3n de tatuajes\"}]},{\"@type\":\"WebSite\",\"@id\":\"https:\\\/\\\/med.tattoo\\\/es\\\/#website\",\"url\":\"https:\\\/\\\/med.tattoo\\\/es\\\/\",\"name\":\"MED.TATTOO\",\"description\":\"Wszystko dla Twojego tatua\u017cu\",\"publisher\":{\"@id\":\"https:\\\/\\\/med.tattoo\\\/es\\\/#organization\"},\"potentialAction\":[{\"@type\":\"SearchAction\",\"target\":{\"@type\":\"EntryPoint\",\"urlTemplate\":\"https:\\\/\\\/med.tattoo\\\/es\\\/?s={search_term_string}\"},\"query-input\":{\"@type\":\"PropertyValueSpecification\",\"valueRequired\":true,\"valueName\":\"search_term_string\"}}],\"inLanguage\":\"es\"},{\"@type\":\"Organization\",\"@id\":\"https:\\\/\\\/med.tattoo\\\/es\\\/#organization\",\"name\":\"MED.TATTOO\",\"url\":\"https:\\\/\\\/med.tattoo\\\/es\\\/\",\"logo\":{\"@type\":\"ImageObject\",\"inLanguage\":\"es\",\"@id\":\"https:\\\/\\\/med.tattoo\\\/es\\\/#\\\/schema\\\/logo\\\/image\\\/\",\"url\":\"https:\\\/\\\/med.tattoo\\\/wp-content\\\/uploads\\\/2025\\\/05\\\/Bez-tytulu-600S300-px-1-e1658908183800.png\",\"contentUrl\":\"https:\\\/\\\/med.tattoo\\\/wp-content\\\/uploads\\\/2025\\\/05\\\/Bez-tytulu-600S300-px-1-e1658908183800.png\",\"width\":600,\"height\":61,\"caption\":\"MED.TATTOO\"},\"image\":{\"@id\":\"https:\\\/\\\/med.tattoo\\\/es\\\/#\\\/schema\\\/logo\\\/image\\\/\"},\"sameAs\":[\"https:\\\/\\\/www.facebook.com\\\/profile.php?id=100084366705613\",\"https:\\\/\\\/www.instagram.com\\\/med.tattoo_official\\\/\"]}]}<\/script>\n<!-- \/ Yoast SEO plugin. -->","yoast_head_json":{"title":"Creaci\u00f3n de tatuajes - MED.TATTOO","description":"Prepare su piel antes de hacerse un tatuaje. Una piel bien hidratada y nutrida ser\u00e1 suave y flexible. Esto facilitar\u00e1 el propio proceso de tatuaje.....","robots":{"index":"index","follow":"follow","max-snippet":"max-snippet:-1","max-image-preview":"max-image-preview:large","max-video-preview":"max-video-preview:-1"},"canonical":"https:\/\/med.tattoo\/es\/creacion-de-tatuajes\/","og_locale":"es_ES","og_type":"article","og_title":"Creaci\u00f3n de tatuajes - MED.TATTOO","og_description":"Prepare su piel antes de hacerse un tatuaje. Una piel bien hidratada y nutrida ser\u00e1 suave y flexible. Esto facilitar\u00e1 el propio proceso de tatuaje.....","og_url":"https:\/\/med.tattoo\/es\/creacion-de-tatuajes\/","og_site_name":"MED.TATTOO","article_publisher":"https:\/\/www.facebook.com\/profile.php?id=100084366705613","og_image":[{"url":"https:\/\/med.tattoo\/wp-content\/uploads\/2022\/08\/IMG_8199-300x300.jpg","type":"","width":"","height":""}],"twitter_card":"summary_large_image","twitter_misc":{"Tiempo de lectura":"2 minutos"},"schema":{"@context":"https:\/\/schema.org","@graph":[{"@type":"WebPage","@id":"https:\/\/med.tattoo\/es\/creacion-de-tatuajes\/","url":"https:\/\/med.tattoo\/es\/creacion-de-tatuajes\/","name":"Creaci\u00f3n de tatuajes - MED.TATTOO","isPartOf":{"@id":"https:\/\/med.tattoo\/es\/#website"},"primaryImageOfPage":{"@id":"https:\/\/med.tattoo\/es\/creacion-de-tatuajes\/#primaryimage"},"image":{"@id":"https:\/\/med.tattoo\/es\/creacion-de-tatuajes\/#primaryimage"},"thumbnailUrl":"https:\/\/s.w.org\/images\/core\/emoji\/14.0.0\/svg\/1f447.svg","datePublished":"2025-05-07T08:30:16+00:00","description":"Prepare su piel antes de hacerse un tatuaje. Una piel bien hidratada y nutrida ser\u00e1 suave y flexible. Esto facilitar\u00e1 el propio proceso de tatuaje.....","breadcrumb":{"@id":"https:\/\/med.tattoo\/es\/creacion-de-tatuajes\/#breadcrumb"},"inLanguage":"es","potentialAction":[{"@type":"ReadAction","target":["https:\/\/med.tattoo\/es\/creacion-de-tatuajes\/"]}]},{"@type":"ImageObject","inLanguage":"es","@id":"https:\/\/med.tattoo\/es\/creacion-de-tatuajes\/#primaryimage","url":"https:\/\/s.w.org\/images\/core\/emoji\/14.0.0\/svg\/1f447.svg","contentUrl":"https:\/\/s.w.org\/images\/core\/emoji\/14.0.0\/svg\/1f447.svg"},{"@type":"BreadcrumbList","@id":"https:\/\/med.tattoo\/es\/creacion-de-tatuajes\/#breadcrumb","itemListElement":[{"@type":"ListItem","position":1,"name":"Strona G\u0142\u00f3wna","item":"https:\/\/med.tattoo\/es\/"},{"@type":"ListItem","position":2,"name":"Creaci\u00f3n de tatuajes"}]},{"@type":"WebSite","@id":"https:\/\/med.tattoo\/es\/#website","url":"https:\/\/med.tattoo\/es\/","name":"MED.TATTOO","description":"Wszystko dla Twojego tatua\u017cu","publisher":{"@id":"https:\/\/med.tattoo\/es\/#organization"},"potentialAction":[{"@type":"SearchAction","target":{"@type":"EntryPoint","urlTemplate":"https:\/\/med.tattoo\/es\/?s={search_term_string}"},"query-input":{"@type":"PropertyValueSpecification","valueRequired":true,"valueName":"search_term_string"}}],"inLanguage":"es"},{"@type":"Organization","@id":"https:\/\/med.tattoo\/es\/#organization","name":"MED.TATTOO","url":"https:\/\/med.tattoo\/es\/","logo":{"@type":"ImageObject","inLanguage":"es","@id":"https:\/\/med.tattoo\/es\/#\/schema\/logo\/image\/","url":"https:\/\/med.tattoo\/wp-content\/uploads\/2025\/05\/Bez-tytulu-600S300-px-1-e1658908183800.png","contentUrl":"https:\/\/med.tattoo\/wp-content\/uploads\/2025\/05\/Bez-tytulu-600S300-px-1-e1658908183800.png","width":600,"height":61,"caption":"MED.TATTOO"},"image":{"@id":"https:\/\/med.tattoo\/es\/#\/schema\/logo\/image\/"},"sameAs":["https:\/\/www.facebook.com\/profile.php?id=100084366705613","https:\/\/www.instagram.com\/med.tattoo_official\/"]}]}},"_links":{"self":[{"href":"https:\/\/med.tattoo\/es\/wp-json\/wp\/v2\/pages\/4540","targetHints":{"allow":["GET"]}}],"collection":[{"href":"https:\/\/med.tattoo\/es\/wp-json\/wp\/v2\/pages"}],"about":[{"href":"https:\/\/med.tattoo\/es\/wp-json\/wp\/v2\/types\/page"}],"author":[{"embeddable":true,"href":"https:\/\/med.tattoo\/es\/wp-json\/wp\/v2\/users\/1"}],"replies":[{"embeddable":true,"href":"https:\/\/med.tattoo\/es\/wp-json\/wp\/v2\/comments?post=4540"}],"version-history":[{"count":1,"href":"https:\/\/med.tattoo\/es\/wp-json\/wp\/v2\/pages\/4540\/revisions"}],"predecessor-version":[{"id":4547,"href":"https:\/\/med.tattoo\/es\/wp-json\/wp\/v2\/pages\/4540\/revisions\/4547"}],"wp:attachment":[{"href":"https:\/\/med.tattoo\/es\/wp-json\/wp\/v2\/media?parent=4540"}],"curies":[{"name":"wp","href":"https:\/\/api.w.org\/{rel}","templated":true}]}}