{"id":4692,"date":"2025-05-07T10:30:02","date_gmt":"2025-05-07T08:30:02","guid":{"rendered":"https:\/\/med.tattoo\/quienes-somos\/"},"modified":"2025-04-08T17:10:42","modified_gmt":"2025-04-08T15:10:42","slug":"quienes-somos","status":"publish","type":"page","link":"https:\/\/med.tattoo\/es\/quienes-somos\/","title":{"rendered":"Qui\u00e9nes somos"},"content":{"rendered":"\t\t<div data-elementor-type=\"wp-page\" data-elementor-id=\"4692\" class=\"elementor elementor-4692 elementor-381\" data-elementor-settings=\"{&quot;ha_cmc_init_switcher&quot;:&quot;no&quot;}\" data-elementor-post-type=\"page\">\n\t\t\t\t\t\t<section class=\"elementor-section elementor-top-section elementor-element elementor-element-440e8a16 elementor-section-boxed elementor-section-height-default elementor-section-height-default\" data-id=\"440e8a16\" data-element_type=\"section\" data-e-type=\"section\" data-settings=\"{&quot;background_background&quot;:&quot;classic&quot;}\">\n\t\t\t\t\t\t<div class=\"elementor-container elementor-column-gap-default\">\n\t\t\t\t\t<div class=\"elementor-column elementor-col-100 elementor-top-column elementor-element elementor-element-43f28151\" data-id=\"43f28151\" data-element_type=\"column\" data-e-type=\"column\">\n\t\t\t<div class=\"elementor-widget-wrap elementor-element-populated\">\n\t\t\t\t\t\t<div class=\"elementor-element elementor-element-1b5ce88 elementor-widget elementor-widget-heading\" data-id=\"1b5ce88\" data-element_type=\"widget\" data-e-type=\"widget\" data-widget_type=\"heading.default\">\n\t\t\t\t<div class=\"elementor-widget-container\">\n\t\t\t\t\t<h1 class=\"elementor-heading-title elementor-size-default\">SOBRE NOSOTROS<\/h1>\t\t\t\t<\/div>\n\t\t\t\t<\/div>\n\t\t\t\t<div class=\"elementor-element elementor-element-9296ee8 elementor-widget elementor-widget-heading\" data-id=\"9296ee8\" data-element_type=\"widget\" data-e-type=\"widget\" data-widget_type=\"heading.default\">\n\t\t\t\t<div class=\"elementor-widget-container\">\n\t\t\t\t\t<h2 class=\"elementor-heading-title elementor-size-default\">Med.tattoo - fabricante de cosm\u00e9ticos naturales para tatuajes<\/h2>\t\t\t\t<\/div>\n\t\t\t\t<\/div>\n\t\t\t\t<div class=\"elementor-element elementor-element-1437547 elementor-widget elementor-widget-text-editor\" data-id=\"1437547\" data-element_type=\"widget\" data-e-type=\"widget\" data-widget_type=\"text-editor.default\">\n\t\t\t\t<div class=\"elementor-widget-container\">\n\t\t\t\t\t\t\t\t\t<p>Med.tattoo es una marca emergente dedicada a la producci\u00f3n de cosm\u00e9ticos y accesorios profesionales para el cuidado de los tatuajes. Ha sido creada por personas que combinan sus conocimientos y experiencia farmac\u00e9utica con su pasi\u00f3n por la herborister\u00eda y la cosm\u00e9tica. \u00a1Semejante combinaci\u00f3n no pod\u00eda fallar!  <\/p>\t\t\t\t\t\t\t\t<\/div>\n\t\t\t\t<\/div>\n\t\t\t\t<div class=\"elementor-element elementor-element-60a56c0 elementor-widget elementor-widget-heading\" data-id=\"60a56c0\" data-element_type=\"widget\" data-e-type=\"widget\" data-widget_type=\"heading.default\">\n\t\t\t\t<div class=\"elementor-widget-container\">\n\t\t\t\t\t<h2 class=\"elementor-heading-title elementor-size-default\">Con\u00f3zcanos mejor<\/h2>\t\t\t\t<\/div>\n\t\t\t\t<\/div>\n\t\t\t\t<div class=\"elementor-element elementor-element-b28ae90 elementor-widget elementor-widget-text-editor\" data-id=\"b28ae90\" data-element_type=\"widget\" data-e-type=\"widget\" data-widget_type=\"text-editor.default\">\n\t\t\t\t<div class=\"elementor-widget-container\">\n\t\t\t\t\t\t\t\t\t<p><strong>Krzysiek<\/strong> &#8211; cultiva cal\u00e9ndula, terciopelo y manzanilla desde hace m\u00e1s de veinte a\u00f1os, de los que elabora macerados y extractos.<\/p>\t\t\t\t\t\t\t\t<\/div>\n\t\t\t\t<\/div>\n\t\t\t\t<div class=\"elementor-element elementor-element-fed1c78 elementor-widget elementor-widget-text-editor\" data-id=\"fed1c78\" data-element_type=\"widget\" data-e-type=\"widget\" data-widget_type=\"text-editor.default\">\n\t\t\t\t<div class=\"elementor-widget-container\">\n\t\t\t\t\t\t\t\t\t<p><strong>Cuba<\/strong> &#8211; tras haber trabajado ininterrumpidamente como farmac\u00e9utica en la industria farmac\u00e9utica durante casi veinte a\u00f1os, se esfuerza por ayudar a la gente. Especialmente a las que necesitan cuidados a largo plazo. Son un grupo \u00fanico de pacientes con problemas como los de la piel.   <\/p>\t\t\t\t\t\t\t\t<\/div>\n\t\t\t\t<\/div>\n\t\t\t\t<div class=\"elementor-element elementor-element-e554c1f elementor-widget elementor-widget-text-editor\" data-id=\"e554c1f\" data-element_type=\"widget\" data-e-type=\"widget\" data-widget_type=\"text-editor.default\">\n\t\t\t\t<div class=\"elementor-widget-container\">\n\t\t\t\t\t\t\t\t\t<p>En Med.tattoo hemos asumido la <strong>producci\u00f3n y distribuci\u00f3n de productos para el cuidado de los tatuajes<\/strong> porque contamos con una amplia experiencia en este campo. Hemos unido nuestras fuerzas para crear productos dedicados a las personas tatuadas y a los tatuadores. <\/p><p>Antes de fabricar nuestros productos, pasamos muchas horas hablando con tatuadores profesionales y propietarios de tatuajes, as\u00ed conocimos las necesidades del mercado y pudimos perfeccionar a\u00fan m\u00e1s las f\u00f3rmulas.<\/p><p>Nuestros <strong>cosm\u00e9ticos para tatu<\/strong> ajes no se producen en serie, por lo que podemos garantizar la m\u00e1xima calidad y atenci\u00f3n al detalle. <strong>Las cremas para tatuajes, las mantecas para tatuajes, la vaselina de cal\u00e9ndula y los aceites para la piel<\/strong> son productos de la m\u00e1xima calidad, confirmada por los certificados exigidos.<\/p><p>En la producci\u00f3n de cosm\u00e9ticos naturales, nuestro principal objetivo es la calidad. Al igual que en el cultivo de hierbas, aqu\u00ed no se utilizan herbicidas, los cosm\u00e9ticos no tienen aditivos artificiales ni conservantes. Tampoco se prueban los cosm\u00e9ticos en animales. Los cosm\u00e9ticos que creamos<strong> son 100% naturales y veganos<\/strong>.   <\/p><p>La producci\u00f3n de <strong>cosm\u00e9ticos curativos y para el cuidado de tatuajes<\/strong> <strong>de Med.tatto <\/strong>tiene lugar en un laboratorio de renombre en Eslovaquia, que garantiza el cumplimiento de todas las normas de la UE.<\/p><p>Ofrecemos a nuestros clientes cosm\u00e9ticos 100% naturales y veganos. Los productos para el cuidado de la piel y los accesorios para la curaci\u00f3n de tatuajes de Med.tattoo son de la m\u00e1xima calidad, c\u00f3modos de usar, seguros para la piel y, sobre todo, \u00a1efectivos! Eche un vistazo a nuestra gama y aproveche las ventajas de <a href=\"https:\/\/med.tattoo\/sklep\/\"><strong>compra en l\u00ednea<\/strong><\/a> a precios atractivos. \u00a1Le damos la bienvenida!   <\/p>\t\t\t\t\t\t\t\t<\/div>\n\t\t\t\t<\/div>\n\t\t\t\t\t<\/div>\n\t\t<\/div>\n\t\t\t\t\t<\/div>\n\t\t<\/section>\n\t\t\t\t<\/div>\n\t\t","protected":false},"excerpt":{"rendered":"<p>SOBRE NOSOTROS Med.tattoo &#8211; fabricante de cosm\u00e9ticos naturales para tatuajes Med.tattoo es una marca emergente dedicada a la producci\u00f3n de cosm\u00e9ticos y accesorios profesionales para el cuidado de los tatuajes. Ha sido creada por personas que combinan sus conocimientos y experiencia farmac\u00e9utica con su pasi\u00f3n por la herborister\u00eda y la cosm\u00e9tica. \u00a1Semejante combinaci\u00f3n no pod\u00eda [&hellip;]<\/p>\n","protected":false},"author":1,"featured_media":0,"parent":0,"menu_order":0,"comment_status":"closed","ping_status":"closed","template":"","meta":{"site-sidebar-layout":"no-sidebar","site-content-layout":"page-builder","ast-site-content-layout":"default","site-content-style":"default","site-sidebar-style":"default","ast-global-header-display":"","ast-banner-title-visibility":"","ast-main-header-display":"","ast-hfb-above-header-display":"","ast-hfb-below-header-display":"","ast-hfb-mobile-header-display":"","site-post-title":"disabled","ast-breadcrumbs-content":"disabled","ast-featured-img":"disabled","footer-sml-layout":"","ast-disable-related-posts":"","theme-transparent-header-meta":"disabled","adv-header-id-meta":"","stick-header-meta":"enabled","header-above-stick-meta":"","header-main-stick-meta":"disabled","header-below-stick-meta":"","astra-migrate-meta-layouts":"default","ast-page-background-enabled":"default","ast-page-background-meta":{"desktop":{"background-color":"var(--ast-global-color-4)","background-image":"","background-repeat":"repeat","background-position":"center center","background-size":"auto","background-attachment":"scroll","background-type":"","background-media":"","overlay-type":"","overlay-color":"","overlay-opacity":"","overlay-gradient":""},"tablet":{"background-color":"","background-image":"","background-repeat":"repeat","background-position":"center center","background-size":"auto","background-attachment":"scroll","background-type":"","background-media":"","overlay-type":"","overlay-color":"","overlay-opacity":"","overlay-gradient":""},"mobile":{"background-color":"","background-image":"","background-repeat":"repeat","background-position":"center center","background-size":"auto","background-attachment":"scroll","background-type":"","background-media":"","overlay-type":"","overlay-color":"","overlay-opacity":"","overlay-gradient":""}},"ast-content-background-meta":{"desktop":{"background-color":"var(--ast-global-color-5)","background-image":"","background-repeat":"repeat","background-position":"center center","background-size":"auto","background-attachment":"scroll","background-type":"","background-media":"","overlay-type":"","overlay-color":"","overlay-opacity":"","overlay-gradient":""},"tablet":{"background-color":"var(--ast-global-color-5)","background-image":"","background-repeat":"repeat","background-position":"center center","background-size":"auto","background-attachment":"scroll","background-type":"","background-media":"","overlay-type":"","overlay-color":"","overlay-opacity":"","overlay-gradient":""},"mobile":{"background-color":"var(--ast-global-color-5)","background-image":"","background-repeat":"repeat","background-position":"center center","background-size":"auto","background-attachment":"scroll","background-type":"","background-media":"","overlay-type":"","overlay-color":"","overlay-opacity":"","overlay-gradient":""}},"footnotes":""},"class_list":["post-4692","page","type-page","status-publish","hentry"],"yoast_head":"<!-- This site is optimized with the Yoast SEO plugin v27.3 - https:\/\/yoast.com\/product\/yoast-seo-wordpress\/ -->\n<title>Cuidado de tatuajes con cosm\u00e9ticos de Med.tattoo - Sobre nosotros<\/title>\n<meta name=\"description\" content=\"En Med.tatto nos dedicamos a la venta de cosm\u00e9ticos patentados para el cuidado de los tatuajes. Ofrecemos cosm\u00e9ticos 100% naturales y veganos. \u00a1Descubra m\u00e1s sobre nosotros!\" \/>\n<meta name=\"robots\" content=\"index, follow, max-snippet:-1, max-image-preview:large, max-video-preview:-1\" \/>\n<link rel=\"canonical\" href=\"https:\/\/med.tattoo\/es\/quienes-somos\/\" \/>\n<meta property=\"og:locale\" content=\"es_ES\" \/>\n<meta property=\"og:type\" content=\"article\" \/>\n<meta property=\"og:title\" content=\"Cuidado de tatuajes con cosm\u00e9ticos de Med.tattoo - Sobre nosotros\" \/>\n<meta property=\"og:description\" content=\"En Med.tatto nos dedicamos a la venta de cosm\u00e9ticos patentados para el cuidado de los tatuajes. Ofrecemos cosm\u00e9ticos 100% naturales y veganos. \u00a1Descubra m\u00e1s sobre nosotros!\" \/>\n<meta property=\"og:url\" content=\"https:\/\/med.tattoo\/es\/quienes-somos\/\" \/>\n<meta property=\"og:site_name\" content=\"MED.TATTOO\" \/>\n<meta property=\"article:publisher\" content=\"https:\/\/www.facebook.com\/profile.php?id=100084366705613\" \/>\n<meta name=\"twitter:card\" content=\"summary_large_image\" \/>\n<meta name=\"twitter:label1\" content=\"Tiempo de lectura\" \/>\n\t<meta name=\"twitter:data1\" content=\"2 minutos\" \/>\n<script type=\"application\/ld+json\" class=\"yoast-schema-graph\">{\"@context\":\"https:\\\/\\\/schema.org\",\"@graph\":[{\"@type\":\"WebPage\",\"@id\":\"https:\\\/\\\/med.tattoo\\\/es\\\/quienes-somos\\\/\",\"url\":\"https:\\\/\\\/med.tattoo\\\/es\\\/quienes-somos\\\/\",\"name\":\"Cuidado de tatuajes con cosm\u00e9ticos de Med.tattoo - Sobre nosotros\",\"isPartOf\":{\"@id\":\"https:\\\/\\\/med.tattoo\\\/es\\\/#website\"},\"datePublished\":\"2025-05-07T08:30:02+00:00\",\"description\":\"En Med.tatto nos dedicamos a la venta de cosm\u00e9ticos patentados para el cuidado de los tatuajes. Ofrecemos cosm\u00e9ticos 100% naturales y veganos. \u00a1Descubra m\u00e1s sobre nosotros!\",\"breadcrumb\":{\"@id\":\"https:\\\/\\\/med.tattoo\\\/es\\\/quienes-somos\\\/#breadcrumb\"},\"inLanguage\":\"es\",\"potentialAction\":[{\"@type\":\"ReadAction\",\"target\":[\"https:\\\/\\\/med.tattoo\\\/es\\\/quienes-somos\\\/\"]}]},{\"@type\":\"BreadcrumbList\",\"@id\":\"https:\\\/\\\/med.tattoo\\\/es\\\/quienes-somos\\\/#breadcrumb\",\"itemListElement\":[{\"@type\":\"ListItem\",\"position\":1,\"name\":\"Strona G\u0142\u00f3wna\",\"item\":\"https:\\\/\\\/med.tattoo\\\/es\\\/\"},{\"@type\":\"ListItem\",\"position\":2,\"name\":\"Qui\u00e9nes somos\"}]},{\"@type\":\"WebSite\",\"@id\":\"https:\\\/\\\/med.tattoo\\\/es\\\/#website\",\"url\":\"https:\\\/\\\/med.tattoo\\\/es\\\/\",\"name\":\"MED.TATTOO\",\"description\":\"Wszystko dla Twojego tatua\u017cu\",\"publisher\":{\"@id\":\"https:\\\/\\\/med.tattoo\\\/es\\\/#organization\"},\"potentialAction\":[{\"@type\":\"SearchAction\",\"target\":{\"@type\":\"EntryPoint\",\"urlTemplate\":\"https:\\\/\\\/med.tattoo\\\/es\\\/?s={search_term_string}\"},\"query-input\":{\"@type\":\"PropertyValueSpecification\",\"valueRequired\":true,\"valueName\":\"search_term_string\"}}],\"inLanguage\":\"es\"},{\"@type\":\"Organization\",\"@id\":\"https:\\\/\\\/med.tattoo\\\/es\\\/#organization\",\"name\":\"MED.TATTOO\",\"url\":\"https:\\\/\\\/med.tattoo\\\/es\\\/\",\"logo\":{\"@type\":\"ImageObject\",\"inLanguage\":\"es\",\"@id\":\"https:\\\/\\\/med.tattoo\\\/es\\\/#\\\/schema\\\/logo\\\/image\\\/\",\"url\":\"https:\\\/\\\/med.tattoo\\\/wp-content\\\/uploads\\\/2025\\\/05\\\/Bez-tytulu-600S300-px-1-e1658908183800.png\",\"contentUrl\":\"https:\\\/\\\/med.tattoo\\\/wp-content\\\/uploads\\\/2025\\\/05\\\/Bez-tytulu-600S300-px-1-e1658908183800.png\",\"width\":600,\"height\":61,\"caption\":\"MED.TATTOO\"},\"image\":{\"@id\":\"https:\\\/\\\/med.tattoo\\\/es\\\/#\\\/schema\\\/logo\\\/image\\\/\"},\"sameAs\":[\"https:\\\/\\\/www.facebook.com\\\/profile.php?id=100084366705613\",\"https:\\\/\\\/www.instagram.com\\\/med.tattoo_official\\\/\"]}]}<\/script>\n<!-- \/ Yoast SEO plugin. -->","yoast_head_json":{"title":"Cuidado de tatuajes con cosm\u00e9ticos de Med.tattoo - Sobre nosotros","description":"En Med.tatto nos dedicamos a la venta de cosm\u00e9ticos patentados para el cuidado de los tatuajes. Ofrecemos cosm\u00e9ticos 100% naturales y veganos. \u00a1Descubra m\u00e1s sobre nosotros!","robots":{"index":"index","follow":"follow","max-snippet":"max-snippet:-1","max-image-preview":"max-image-preview:large","max-video-preview":"max-video-preview:-1"},"canonical":"https:\/\/med.tattoo\/es\/quienes-somos\/","og_locale":"es_ES","og_type":"article","og_title":"Cuidado de tatuajes con cosm\u00e9ticos de Med.tattoo - Sobre nosotros","og_description":"En Med.tatto nos dedicamos a la venta de cosm\u00e9ticos patentados para el cuidado de los tatuajes. Ofrecemos cosm\u00e9ticos 100% naturales y veganos. \u00a1Descubra m\u00e1s sobre nosotros!","og_url":"https:\/\/med.tattoo\/es\/quienes-somos\/","og_site_name":"MED.TATTOO","article_publisher":"https:\/\/www.facebook.com\/profile.php?id=100084366705613","twitter_card":"summary_large_image","twitter_misc":{"Tiempo de lectura":"2 minutos"},"schema":{"@context":"https:\/\/schema.org","@graph":[{"@type":"WebPage","@id":"https:\/\/med.tattoo\/es\/quienes-somos\/","url":"https:\/\/med.tattoo\/es\/quienes-somos\/","name":"Cuidado de tatuajes con cosm\u00e9ticos de Med.tattoo - Sobre nosotros","isPartOf":{"@id":"https:\/\/med.tattoo\/es\/#website"},"datePublished":"2025-05-07T08:30:02+00:00","description":"En Med.tatto nos dedicamos a la venta de cosm\u00e9ticos patentados para el cuidado de los tatuajes. Ofrecemos cosm\u00e9ticos 100% naturales y veganos. \u00a1Descubra m\u00e1s sobre nosotros!","breadcrumb":{"@id":"https:\/\/med.tattoo\/es\/quienes-somos\/#breadcrumb"},"inLanguage":"es","potentialAction":[{"@type":"ReadAction","target":["https:\/\/med.tattoo\/es\/quienes-somos\/"]}]},{"@type":"BreadcrumbList","@id":"https:\/\/med.tattoo\/es\/quienes-somos\/#breadcrumb","itemListElement":[{"@type":"ListItem","position":1,"name":"Strona G\u0142\u00f3wna","item":"https:\/\/med.tattoo\/es\/"},{"@type":"ListItem","position":2,"name":"Qui\u00e9nes somos"}]},{"@type":"WebSite","@id":"https:\/\/med.tattoo\/es\/#website","url":"https:\/\/med.tattoo\/es\/","name":"MED.TATTOO","description":"Wszystko dla Twojego tatua\u017cu","publisher":{"@id":"https:\/\/med.tattoo\/es\/#organization"},"potentialAction":[{"@type":"SearchAction","target":{"@type":"EntryPoint","urlTemplate":"https:\/\/med.tattoo\/es\/?s={search_term_string}"},"query-input":{"@type":"PropertyValueSpecification","valueRequired":true,"valueName":"search_term_string"}}],"inLanguage":"es"},{"@type":"Organization","@id":"https:\/\/med.tattoo\/es\/#organization","name":"MED.TATTOO","url":"https:\/\/med.tattoo\/es\/","logo":{"@type":"ImageObject","inLanguage":"es","@id":"https:\/\/med.tattoo\/es\/#\/schema\/logo\/image\/","url":"https:\/\/med.tattoo\/wp-content\/uploads\/2025\/05\/Bez-tytulu-600S300-px-1-e1658908183800.png","contentUrl":"https:\/\/med.tattoo\/wp-content\/uploads\/2025\/05\/Bez-tytulu-600S300-px-1-e1658908183800.png","width":600,"height":61,"caption":"MED.TATTOO"},"image":{"@id":"https:\/\/med.tattoo\/es\/#\/schema\/logo\/image\/"},"sameAs":["https:\/\/www.facebook.com\/profile.php?id=100084366705613","https:\/\/www.instagram.com\/med.tattoo_official\/"]}]}},"_links":{"self":[{"href":"https:\/\/med.tattoo\/es\/wp-json\/wp\/v2\/pages\/4692","targetHints":{"allow":["GET"]}}],"collection":[{"href":"https:\/\/med.tattoo\/es\/wp-json\/wp\/v2\/pages"}],"about":[{"href":"https:\/\/med.tattoo\/es\/wp-json\/wp\/v2\/types\/page"}],"author":[{"embeddable":true,"href":"https:\/\/med.tattoo\/es\/wp-json\/wp\/v2\/users\/1"}],"replies":[{"embeddable":true,"href":"https:\/\/med.tattoo\/es\/wp-json\/wp\/v2\/comments?post=4692"}],"version-history":[{"count":1,"href":"https:\/\/med.tattoo\/es\/wp-json\/wp\/v2\/pages\/4692\/revisions"}],"predecessor-version":[{"id":4696,"href":"https:\/\/med.tattoo\/es\/wp-json\/wp\/v2\/pages\/4692\/revisions\/4696"}],"wp:attachment":[{"href":"https:\/\/med.tattoo\/es\/wp-json\/wp\/v2\/media?parent=4692"}],"curies":[{"name":"wp","href":"https:\/\/api.w.org\/{rel}","templated":true}]}}