{"id":10276,"date":"2025-05-15T07:29:14","date_gmt":"2025-05-15T05:29:14","guid":{"rendered":"https:\/\/med.tattoo\/produkt\/guantes-de-nitrilo-sin-polvo-100-unidades-l-negro\/"},"modified":"2025-05-15T07:29:14","modified_gmt":"2025-05-15T05:29:14","slug":"guantes-de-nitrilo-sin-polvo-100-unidades-l-negro","status":"publish","type":"product","link":"https:\/\/med.tattoo\/es\/producto\/guantes-de-nitrilo-sin-polvo-100-unidades-l-negro\/","title":{"rendered":"Guantes de nitrilo sin polvo 100 unidades L negro"},"content":{"rendered":"<p>Los guantes de nitrilo son una eficaz protecci\u00f3n de barrera para el personal m\u00e9dico que realiza procedimientos en pacientes. Los guantes tambi\u00e9n funcionan bien en el cuidado de un enfermo en casa o en un centro asistencial, as\u00ed como en salones de belleza o de tatuajes.   <\/p>\n<p>Los guantes proporcionan una barrera contra la penetraci\u00f3n microbiana. Se utilizan principalmente para ex\u00e1menes m\u00e9dicos y otros procedimientos de diagn\u00f3stico. <\/p>\n<p>Los guantes no contienen l\u00e1tex, por lo que son adecuados para las personas al\u00e9rgicas a este material. Son resistentes al desgarro y se ajustan bien a la mano. No est\u00e1n empolvados.  <\/p>\n<p>Caracter\u00edsticas del producto:<br \/>\nproducto m\u00e9dico clase I<br \/>\nprotecci\u00f3n individual cat. III<br \/>\nasepsia: no est\u00e9ril<br \/>\nmaterial: nitrilo<br \/>\nempolvado: ninguno<br \/>\nsuperficie interior: clorada<br \/>\nsuperficie exterior: texturizada en la punta de los dedos<br \/>\ncolor: negro<br \/>\nforma: universal para ambas manos<br \/>\nlongitud: est\u00e1ndar<br \/>\npu\u00f1o: enrollado<br \/>\nAQL: 1,5<br \/>\napto para contacto con alimentos  <\/p>\n","protected":false},"excerpt":{"rendered":"<p>Los guantes de nitrilo son una eficaz protecci\u00f3n de barrera para el personal m\u00e9dico que realiza procedimientos en pacientes. Los guantes tambi\u00e9n funcionan bien en el cuidado de un enfermo en casa o en un centro asistencial, as\u00ed como en salones de belleza o de tatuajes. Los guantes proporcionan una barrera contra la penetraci\u00f3n microbiana. [&hellip;]<\/p>\n","protected":false},"featured_media":7880,"comment_status":"closed","ping_status":"closed","template":"","meta":{"site-sidebar-layout":"default","site-content-layout":"","ast-site-content-layout":"default","site-content-style":"default","site-sidebar-style":"default","ast-global-header-display":"","ast-banner-title-visibility":"","ast-main-header-display":"","ast-hfb-above-header-display":"","ast-hfb-below-header-display":"","ast-hfb-mobile-header-display":"","site-post-title":"","ast-breadcrumbs-content":"","ast-featured-img":"","footer-sml-layout":"","ast-disable-related-posts":"","theme-transparent-header-meta":"","adv-header-id-meta":"","stick-header-meta":"","header-above-stick-meta":"","header-main-stick-meta":"","header-below-stick-meta":"","astra-migrate-meta-layouts":"default","ast-page-background-enabled":"default","ast-page-background-meta":{"desktop":{"background-color":"var(--ast-global-color-4)","background-image":"","background-repeat":"repeat","background-position":"center center","background-size":"auto","background-attachment":"scroll","background-type":"","background-media":"","overlay-type":"","overlay-color":"","overlay-opacity":"","overlay-gradient":""},"tablet":{"background-color":"","background-image":"","background-repeat":"repeat","background-position":"center center","background-size":"auto","background-attachment":"scroll","background-type":"","background-media":"","overlay-type":"","overlay-color":"","overlay-opacity":"","overlay-gradient":""},"mobile":{"background-color":"","background-image":"","background-repeat":"repeat","background-position":"center center","background-size":"auto","background-attachment":"scroll","background-type":"","background-media":"","overlay-type":"","overlay-color":"","overlay-opacity":"","overlay-gradient":""}},"ast-content-background-meta":{"desktop":{"background-color":"var(--ast-global-color-5)","background-image":"","background-repeat":"repeat","background-position":"center center","background-size":"auto","background-attachment":"scroll","background-type":"","background-media":"","overlay-type":"","overlay-color":"","overlay-opacity":"","overlay-gradient":""},"tablet":{"background-color":"var(--ast-global-color-5)","background-image":"","background-repeat":"repeat","background-position":"center center","background-size":"auto","background-attachment":"scroll","background-type":"","background-media":"","overlay-type":"","overlay-color":"","overlay-opacity":"","overlay-gradient":""},"mobile":{"background-color":"var(--ast-global-color-5)","background-image":"","background-repeat":"repeat","background-position":"center center","background-size":"auto","background-attachment":"scroll","background-type":"","background-media":"","overlay-type":"","overlay-color":"","overlay-opacity":"","overlay-gradient":""}}},"product_brand":[],"product_cat":[89],"product_tag":[],"class_list":{"0":"post-10276","1":"product","2":"type-product","3":"status-publish","4":"has-post-thumbnail","6":"product_cat-med-tattoo-es","7":"desktop-align-left","8":"tablet-align-left","9":"mobile-align-left","10":"ast-product-gallery-layout-horizontal-slider","11":"ast-product-gallery-with-no-image","12":"ast-product-tabs-layout-distributed","14":"first","15":"instock","16":"purchasable","17":"product-type-simple"},"yoast_head":"<!-- This site is optimized with the Yoast SEO plugin v27.3 - https:\/\/yoast.com\/product\/yoast-seo-wordpress\/ -->\n<title>Guantes de nitrilo sin polvo 100 unidades L negro - MED.TATTOO<\/title>\n<meta name=\"robots\" content=\"index, follow, max-snippet:-1, max-image-preview:large, max-video-preview:-1\" \/>\n<link rel=\"canonical\" href=\"https:\/\/med.tattoo\/es\/producto\/guantes-de-nitrilo-sin-polvo-100-unidades-l-negro\/\" \/>\n<meta property=\"og:locale\" content=\"es_ES\" \/>\n<meta property=\"og:type\" content=\"article\" \/>\n<meta property=\"og:title\" content=\"Guantes de nitrilo sin polvo 100 unidades L negro - MED.TATTOO\" \/>\n<meta property=\"og:description\" content=\"Los guantes de nitrilo son una eficaz protecci\u00f3n de barrera para el personal m\u00e9dico que realiza procedimientos en pacientes. Los guantes tambi\u00e9n funcionan bien en el cuidado de un enfermo en casa o en un centro asistencial, as\u00ed como en salones de belleza o de tatuajes. Los guantes proporcionan una barrera contra la penetraci\u00f3n microbiana. [&hellip;]\" \/>\n<meta property=\"og:url\" content=\"https:\/\/med.tattoo\/es\/producto\/guantes-de-nitrilo-sin-polvo-100-unidades-l-negro\/\" \/>\n<meta property=\"og:site_name\" content=\"MED.TATTOO\" \/>\n<meta property=\"article:publisher\" content=\"https:\/\/www.facebook.com\/profile.php?id=100084366705613\" \/>\n<meta name=\"twitter:card\" content=\"summary_large_image\" \/>\n<meta name=\"twitter:label1\" content=\"Tiempo de lectura\" \/>\n\t<meta name=\"twitter:data1\" content=\"1 minuto\" \/>\n<script type=\"application\/ld+json\" class=\"yoast-schema-graph\">{\"@context\":\"https:\\\/\\\/schema.org\",\"@graph\":[{\"@type\":\"WebPage\",\"@id\":\"https:\\\/\\\/med.tattoo\\\/es\\\/producto\\\/guantes-de-nitrilo-sin-polvo-100-unidades-l-negro\\\/\",\"url\":\"https:\\\/\\\/med.tattoo\\\/es\\\/producto\\\/guantes-de-nitrilo-sin-polvo-100-unidades-l-negro\\\/\",\"name\":\"Guantes de nitrilo sin polvo 100 unidades L negro - MED.TATTOO\",\"isPartOf\":{\"@id\":\"https:\\\/\\\/med.tattoo\\\/es\\\/#website\"},\"primaryImageOfPage\":{\"@id\":\"https:\\\/\\\/med.tattoo\\\/es\\\/producto\\\/guantes-de-nitrilo-sin-polvo-100-unidades-l-negro\\\/#primaryimage\"},\"image\":{\"@id\":\"https:\\\/\\\/med.tattoo\\\/es\\\/producto\\\/guantes-de-nitrilo-sin-polvo-100-unidades-l-negro\\\/#primaryimage\"},\"thumbnailUrl\":\"https:\\\/\\\/med.tattoo\\\/wp-content\\\/uploads\\\/2025\\\/05\\\/3063_rekawice-nitrylowe-bezpudrowe-100szt-l-czarne_1744006958.jpg\",\"datePublished\":\"2025-05-15T05:29:14+00:00\",\"breadcrumb\":{\"@id\":\"https:\\\/\\\/med.tattoo\\\/es\\\/producto\\\/guantes-de-nitrilo-sin-polvo-100-unidades-l-negro\\\/#breadcrumb\"},\"inLanguage\":\"es\",\"potentialAction\":[{\"@type\":\"ReadAction\",\"target\":[\"https:\\\/\\\/med.tattoo\\\/es\\\/producto\\\/guantes-de-nitrilo-sin-polvo-100-unidades-l-negro\\\/\"]}]},{\"@type\":\"ImageObject\",\"inLanguage\":\"es\",\"@id\":\"https:\\\/\\\/med.tattoo\\\/es\\\/producto\\\/guantes-de-nitrilo-sin-polvo-100-unidades-l-negro\\\/#primaryimage\",\"url\":\"https:\\\/\\\/med.tattoo\\\/wp-content\\\/uploads\\\/2025\\\/05\\\/3063_rekawice-nitrylowe-bezpudrowe-100szt-l-czarne_1744006958.jpg\",\"contentUrl\":\"https:\\\/\\\/med.tattoo\\\/wp-content\\\/uploads\\\/2025\\\/05\\\/3063_rekawice-nitrylowe-bezpudrowe-100szt-l-czarne_1744006958.jpg\",\"width\":765,\"height\":767},{\"@type\":\"BreadcrumbList\",\"@id\":\"https:\\\/\\\/med.tattoo\\\/es\\\/producto\\\/guantes-de-nitrilo-sin-polvo-100-unidades-l-negro\\\/#breadcrumb\",\"itemListElement\":[{\"@type\":\"ListItem\",\"position\":1,\"name\":\"Strona G\u0142\u00f3wna\",\"item\":\"https:\\\/\\\/med.tattoo\\\/es\\\/\"},{\"@type\":\"ListItem\",\"position\":2,\"name\":\"Tienda\",\"item\":\"https:\\\/\\\/med.tattoo\\\/es\\\/tienda\\\/\"},{\"@type\":\"ListItem\",\"position\":3,\"name\":\"Guantes de nitrilo sin polvo 100 unidades L negro\"}]},{\"@type\":\"WebSite\",\"@id\":\"https:\\\/\\\/med.tattoo\\\/es\\\/#website\",\"url\":\"https:\\\/\\\/med.tattoo\\\/es\\\/\",\"name\":\"MED.TATTOO\",\"description\":\"Wszystko dla Twojego tatua\u017cu\",\"publisher\":{\"@id\":\"https:\\\/\\\/med.tattoo\\\/es\\\/#organization\"},\"potentialAction\":[{\"@type\":\"SearchAction\",\"target\":{\"@type\":\"EntryPoint\",\"urlTemplate\":\"https:\\\/\\\/med.tattoo\\\/es\\\/?s={search_term_string}\"},\"query-input\":{\"@type\":\"PropertyValueSpecification\",\"valueRequired\":true,\"valueName\":\"search_term_string\"}}],\"inLanguage\":\"es\"},{\"@type\":\"Organization\",\"@id\":\"https:\\\/\\\/med.tattoo\\\/es\\\/#organization\",\"name\":\"MED.TATTOO\",\"url\":\"https:\\\/\\\/med.tattoo\\\/es\\\/\",\"logo\":{\"@type\":\"ImageObject\",\"inLanguage\":\"es\",\"@id\":\"https:\\\/\\\/med.tattoo\\\/es\\\/#\\\/schema\\\/logo\\\/image\\\/\",\"url\":\"https:\\\/\\\/med.tattoo\\\/wp-content\\\/uploads\\\/2025\\\/05\\\/Bez-tytulu-600S300-px-1-e1658908183800.png\",\"contentUrl\":\"https:\\\/\\\/med.tattoo\\\/wp-content\\\/uploads\\\/2025\\\/05\\\/Bez-tytulu-600S300-px-1-e1658908183800.png\",\"width\":600,\"height\":61,\"caption\":\"MED.TATTOO\"},\"image\":{\"@id\":\"https:\\\/\\\/med.tattoo\\\/es\\\/#\\\/schema\\\/logo\\\/image\\\/\"},\"sameAs\":[\"https:\\\/\\\/www.facebook.com\\\/profile.php?id=100084366705613\",\"https:\\\/\\\/www.instagram.com\\\/med.tattoo_official\\\/\"]}]}<\/script>\n<!-- \/ Yoast SEO plugin. -->","yoast_head_json":{"title":"Guantes de nitrilo sin polvo 100 unidades L negro - MED.TATTOO","robots":{"index":"index","follow":"follow","max-snippet":"max-snippet:-1","max-image-preview":"max-image-preview:large","max-video-preview":"max-video-preview:-1"},"canonical":"https:\/\/med.tattoo\/es\/producto\/guantes-de-nitrilo-sin-polvo-100-unidades-l-negro\/","og_locale":"es_ES","og_type":"article","og_title":"Guantes de nitrilo sin polvo 100 unidades L negro - MED.TATTOO","og_description":"Los guantes de nitrilo son una eficaz protecci\u00f3n de barrera para el personal m\u00e9dico que realiza procedimientos en pacientes. Los guantes tambi\u00e9n funcionan bien en el cuidado de un enfermo en casa o en un centro asistencial, as\u00ed como en salones de belleza o de tatuajes. Los guantes proporcionan una barrera contra la penetraci\u00f3n microbiana. [&hellip;]","og_url":"https:\/\/med.tattoo\/es\/producto\/guantes-de-nitrilo-sin-polvo-100-unidades-l-negro\/","og_site_name":"MED.TATTOO","article_publisher":"https:\/\/www.facebook.com\/profile.php?id=100084366705613","twitter_card":"summary_large_image","twitter_misc":{"Tiempo de lectura":"1 minuto"},"schema":{"@context":"https:\/\/schema.org","@graph":[{"@type":"WebPage","@id":"https:\/\/med.tattoo\/es\/producto\/guantes-de-nitrilo-sin-polvo-100-unidades-l-negro\/","url":"https:\/\/med.tattoo\/es\/producto\/guantes-de-nitrilo-sin-polvo-100-unidades-l-negro\/","name":"Guantes de nitrilo sin polvo 100 unidades L negro - MED.TATTOO","isPartOf":{"@id":"https:\/\/med.tattoo\/es\/#website"},"primaryImageOfPage":{"@id":"https:\/\/med.tattoo\/es\/producto\/guantes-de-nitrilo-sin-polvo-100-unidades-l-negro\/#primaryimage"},"image":{"@id":"https:\/\/med.tattoo\/es\/producto\/guantes-de-nitrilo-sin-polvo-100-unidades-l-negro\/#primaryimage"},"thumbnailUrl":"https:\/\/med.tattoo\/wp-content\/uploads\/2025\/05\/3063_rekawice-nitrylowe-bezpudrowe-100szt-l-czarne_1744006958.jpg","datePublished":"2025-05-15T05:29:14+00:00","breadcrumb":{"@id":"https:\/\/med.tattoo\/es\/producto\/guantes-de-nitrilo-sin-polvo-100-unidades-l-negro\/#breadcrumb"},"inLanguage":"es","potentialAction":[{"@type":"ReadAction","target":["https:\/\/med.tattoo\/es\/producto\/guantes-de-nitrilo-sin-polvo-100-unidades-l-negro\/"]}]},{"@type":"ImageObject","inLanguage":"es","@id":"https:\/\/med.tattoo\/es\/producto\/guantes-de-nitrilo-sin-polvo-100-unidades-l-negro\/#primaryimage","url":"https:\/\/med.tattoo\/wp-content\/uploads\/2025\/05\/3063_rekawice-nitrylowe-bezpudrowe-100szt-l-czarne_1744006958.jpg","contentUrl":"https:\/\/med.tattoo\/wp-content\/uploads\/2025\/05\/3063_rekawice-nitrylowe-bezpudrowe-100szt-l-czarne_1744006958.jpg","width":765,"height":767},{"@type":"BreadcrumbList","@id":"https:\/\/med.tattoo\/es\/producto\/guantes-de-nitrilo-sin-polvo-100-unidades-l-negro\/#breadcrumb","itemListElement":[{"@type":"ListItem","position":1,"name":"Strona G\u0142\u00f3wna","item":"https:\/\/med.tattoo\/es\/"},{"@type":"ListItem","position":2,"name":"Tienda","item":"https:\/\/med.tattoo\/es\/tienda\/"},{"@type":"ListItem","position":3,"name":"Guantes de nitrilo sin polvo 100 unidades L negro"}]},{"@type":"WebSite","@id":"https:\/\/med.tattoo\/es\/#website","url":"https:\/\/med.tattoo\/es\/","name":"MED.TATTOO","description":"Wszystko dla Twojego tatua\u017cu","publisher":{"@id":"https:\/\/med.tattoo\/es\/#organization"},"potentialAction":[{"@type":"SearchAction","target":{"@type":"EntryPoint","urlTemplate":"https:\/\/med.tattoo\/es\/?s={search_term_string}"},"query-input":{"@type":"PropertyValueSpecification","valueRequired":true,"valueName":"search_term_string"}}],"inLanguage":"es"},{"@type":"Organization","@id":"https:\/\/med.tattoo\/es\/#organization","name":"MED.TATTOO","url":"https:\/\/med.tattoo\/es\/","logo":{"@type":"ImageObject","inLanguage":"es","@id":"https:\/\/med.tattoo\/es\/#\/schema\/logo\/image\/","url":"https:\/\/med.tattoo\/wp-content\/uploads\/2025\/05\/Bez-tytulu-600S300-px-1-e1658908183800.png","contentUrl":"https:\/\/med.tattoo\/wp-content\/uploads\/2025\/05\/Bez-tytulu-600S300-px-1-e1658908183800.png","width":600,"height":61,"caption":"MED.TATTOO"},"image":{"@id":"https:\/\/med.tattoo\/es\/#\/schema\/logo\/image\/"},"sameAs":["https:\/\/www.facebook.com\/profile.php?id=100084366705613","https:\/\/www.instagram.com\/med.tattoo_official\/"]}]}},"_links":{"self":[{"href":"https:\/\/med.tattoo\/es\/wp-json\/wp\/v2\/product\/10276","targetHints":{"allow":["GET"]}}],"collection":[{"href":"https:\/\/med.tattoo\/es\/wp-json\/wp\/v2\/product"}],"about":[{"href":"https:\/\/med.tattoo\/es\/wp-json\/wp\/v2\/types\/product"}],"replies":[{"embeddable":true,"href":"https:\/\/med.tattoo\/es\/wp-json\/wp\/v2\/comments?post=10276"}],"wp:featuredmedia":[{"embeddable":true,"href":"https:\/\/med.tattoo\/es\/wp-json\/wp\/v2\/media\/7880"}],"wp:attachment":[{"href":"https:\/\/med.tattoo\/es\/wp-json\/wp\/v2\/media?parent=10276"}],"wp:term":[{"taxonomy":"product_brand","embeddable":true,"href":"https:\/\/med.tattoo\/es\/wp-json\/wp\/v2\/product_brand?post=10276"},{"taxonomy":"product_cat","embeddable":true,"href":"https:\/\/med.tattoo\/es\/wp-json\/wp\/v2\/product_cat?post=10276"},{"taxonomy":"product_tag","embeddable":true,"href":"https:\/\/med.tattoo\/es\/wp-json\/wp\/v2\/product_tag?post=10276"}],"curies":[{"name":"wp","href":"https:\/\/api.w.org\/{rel}","templated":true}]}}