{"id":10329,"date":"2025-05-15T07:33:19","date_gmt":"2025-05-15T05:33:19","guid":{"rendered":"https:\/\/med.tattoo\/produkt\/caja-de-toallitas-velox-duo-toallitas-con-alcohol-100-uds\/"},"modified":"2025-05-15T07:33:19","modified_gmt":"2025-05-15T05:33:19","slug":"caja-de-toallitas-velox-duo-toallitas-con-alcohol-100-uds","status":"publish","type":"product","link":"https:\/\/med.tattoo\/es\/producto\/caja-de-toallitas-velox-duo-toallitas-con-alcohol-100-uds\/","title":{"rendered":"Caja de toallitas Velox DUO toallitas con alcohol 100 uds."},"content":{"rendered":"<p>Las toallitas Velox\u00ae est\u00e1n especialmente recomendadas para la limpieza y desinfecci\u00f3n r\u00e1pida de peque\u00f1as superficies y equipos m\u00e9dicos: camas y sillas de tratamiento, equipos m\u00e9dicos. Tambi\u00e9n se recomienda para la desinfecci\u00f3n de piezas de mano dentales antes del proceso de esterilizaci\u00f3n. El producto no contiene aldeh\u00eddo ni fenol, por lo que no decolora las superficies desinfectadas. Gracias a su f\u00f3rmula innovadora basada en la sinergia de tensioactivos y la tecnolog\u00eda de nanomicelas, el producto tiene un amplio espectro desinfectante y unas propiedades de limpieza excepcionales. Tienen una opini\u00f3n positiva del fabricante de equipos m\u00e9dicos Famed. Tienen una agradable fragancia fresca.     <\/p>\n<p>Coloque el cartucho en la lata. Saque el pa\u00f1uelo del envase y limpie la superficie con \u00e9l. Cierre bien la tapa de la lata. Una vez abierto el envase, util\u00edcelo en un plazo de 21 d\u00edas. No lo utilice si la toallita est\u00e1 seca. No lo utilice en superficies sensibles al alcohol (por ejemplo, cristal acr\u00edlico). Producto destinado a un usuario profesional.      <\/p>\n","protected":false},"excerpt":{"rendered":"<p>Las toallitas Velox\u00ae est\u00e1n especialmente recomendadas para la limpieza y desinfecci\u00f3n r\u00e1pida de peque\u00f1as superficies y equipos m\u00e9dicos: camas y sillas de tratamiento, equipos m\u00e9dicos. Tambi\u00e9n se recomienda para la desinfecci\u00f3n de piezas de mano dentales antes del proceso de esterilizaci\u00f3n. El producto no contiene aldeh\u00eddo ni fenol, por lo que no decolora las superficies [&hellip;]<\/p>\n","protected":false},"featured_media":8176,"comment_status":"closed","ping_status":"open","template":"","meta":{"site-sidebar-layout":"default","site-content-layout":"","ast-site-content-layout":"default","site-content-style":"default","site-sidebar-style":"default","ast-global-header-display":"","ast-banner-title-visibility":"","ast-main-header-display":"","ast-hfb-above-header-display":"","ast-hfb-below-header-display":"","ast-hfb-mobile-header-display":"","site-post-title":"","ast-breadcrumbs-content":"","ast-featured-img":"","footer-sml-layout":"","ast-disable-related-posts":"","theme-transparent-header-meta":"","adv-header-id-meta":"","stick-header-meta":"","header-above-stick-meta":"","header-main-stick-meta":"","header-below-stick-meta":"","astra-migrate-meta-layouts":"default","ast-page-background-enabled":"default","ast-page-background-meta":{"desktop":{"background-color":"var(--ast-global-color-4)","background-image":"","background-repeat":"repeat","background-position":"center center","background-size":"auto","background-attachment":"scroll","background-type":"","background-media":"","overlay-type":"","overlay-color":"","overlay-opacity":"","overlay-gradient":""},"tablet":{"background-color":"","background-image":"","background-repeat":"repeat","background-position":"center center","background-size":"auto","background-attachment":"scroll","background-type":"","background-media":"","overlay-type":"","overlay-color":"","overlay-opacity":"","overlay-gradient":""},"mobile":{"background-color":"","background-image":"","background-repeat":"repeat","background-position":"center center","background-size":"auto","background-attachment":"scroll","background-type":"","background-media":"","overlay-type":"","overlay-color":"","overlay-opacity":"","overlay-gradient":""}},"ast-content-background-meta":{"desktop":{"background-color":"var(--ast-global-color-5)","background-image":"","background-repeat":"repeat","background-position":"center center","background-size":"auto","background-attachment":"scroll","background-type":"","background-media":"","overlay-type":"","overlay-color":"","overlay-opacity":"","overlay-gradient":""},"tablet":{"background-color":"var(--ast-global-color-5)","background-image":"","background-repeat":"repeat","background-position":"center center","background-size":"auto","background-attachment":"scroll","background-type":"","background-media":"","overlay-type":"","overlay-color":"","overlay-opacity":"","overlay-gradient":""},"mobile":{"background-color":"var(--ast-global-color-5)","background-image":"","background-repeat":"repeat","background-position":"center center","background-size":"auto","background-attachment":"scroll","background-type":"","background-media":"","overlay-type":"","overlay-color":"","overlay-opacity":"","overlay-gradient":""}}},"product_brand":[],"product_cat":[89],"product_tag":[],"class_list":{"0":"post-10329","1":"product","2":"type-product","3":"status-publish","4":"has-post-thumbnail","6":"product_cat-med-tattoo-es","7":"desktop-align-left","8":"tablet-align-left","9":"mobile-align-left","10":"ast-product-gallery-layout-horizontal-slider","11":"ast-product-gallery-with-no-image","12":"ast-product-tabs-layout-distributed","14":"first","15":"instock","16":"purchasable","17":"product-type-simple"},"yoast_head":"<!-- This site is optimized with the Yoast SEO plugin v27.3 - https:\/\/yoast.com\/product\/yoast-seo-wordpress\/ -->\n<title>Caja de toallitas Velox DUO toallitas con alcohol 100 uds. - MED.TATTOO<\/title>\n<meta name=\"robots\" content=\"index, follow, max-snippet:-1, max-image-preview:large, max-video-preview:-1\" \/>\n<link rel=\"canonical\" href=\"https:\/\/med.tattoo\/es\/producto\/caja-de-toallitas-velox-duo-toallitas-con-alcohol-100-uds\/\" \/>\n<meta property=\"og:locale\" content=\"es_ES\" \/>\n<meta property=\"og:type\" content=\"article\" \/>\n<meta property=\"og:title\" content=\"Caja de toallitas Velox DUO toallitas con alcohol 100 uds. - MED.TATTOO\" \/>\n<meta property=\"og:description\" content=\"Las toallitas Velox\u00ae est\u00e1n especialmente recomendadas para la limpieza y desinfecci\u00f3n r\u00e1pida de peque\u00f1as superficies y equipos m\u00e9dicos: camas y sillas de tratamiento, equipos m\u00e9dicos. Tambi\u00e9n se recomienda para la desinfecci\u00f3n de piezas de mano dentales antes del proceso de esterilizaci\u00f3n. El producto no contiene aldeh\u00eddo ni fenol, por lo que no decolora las superficies [&hellip;]\" \/>\n<meta property=\"og:url\" content=\"https:\/\/med.tattoo\/es\/producto\/caja-de-toallitas-velox-duo-toallitas-con-alcohol-100-uds\/\" \/>\n<meta property=\"og:site_name\" content=\"MED.TATTOO\" \/>\n<meta property=\"article:publisher\" content=\"https:\/\/www.facebook.com\/profile.php?id=100084366705613\" \/>\n<meta name=\"twitter:card\" content=\"summary_large_image\" \/>\n<meta name=\"twitter:label1\" content=\"Tiempo de lectura\" \/>\n\t<meta name=\"twitter:data1\" content=\"1 minuto\" \/>\n<script type=\"application\/ld+json\" class=\"yoast-schema-graph\">{\"@context\":\"https:\\\/\\\/schema.org\",\"@graph\":[{\"@type\":\"WebPage\",\"@id\":\"https:\\\/\\\/med.tattoo\\\/es\\\/producto\\\/caja-de-toallitas-velox-duo-toallitas-con-alcohol-100-uds\\\/\",\"url\":\"https:\\\/\\\/med.tattoo\\\/es\\\/producto\\\/caja-de-toallitas-velox-duo-toallitas-con-alcohol-100-uds\\\/\",\"name\":\"Caja de toallitas Velox DUO toallitas con alcohol 100 uds. - MED.TATTOO\",\"isPartOf\":{\"@id\":\"https:\\\/\\\/med.tattoo\\\/es\\\/#website\"},\"primaryImageOfPage\":{\"@id\":\"https:\\\/\\\/med.tattoo\\\/es\\\/producto\\\/caja-de-toallitas-velox-duo-toallitas-con-alcohol-100-uds\\\/#primaryimage\"},\"image\":{\"@id\":\"https:\\\/\\\/med.tattoo\\\/es\\\/producto\\\/caja-de-toallitas-velox-duo-toallitas-con-alcohol-100-uds\\\/#primaryimage\"},\"thumbnailUrl\":\"https:\\\/\\\/med.tattoo\\\/wp-content\\\/uploads\\\/2025\\\/05\\\/845_velox-wipes-box-duo-chusteczki-alkoholowe-100-szt_1744007035.jpg\",\"datePublished\":\"2025-05-15T05:33:19+00:00\",\"breadcrumb\":{\"@id\":\"https:\\\/\\\/med.tattoo\\\/es\\\/producto\\\/caja-de-toallitas-velox-duo-toallitas-con-alcohol-100-uds\\\/#breadcrumb\"},\"inLanguage\":\"es\",\"potentialAction\":[{\"@type\":\"ReadAction\",\"target\":[\"https:\\\/\\\/med.tattoo\\\/es\\\/producto\\\/caja-de-toallitas-velox-duo-toallitas-con-alcohol-100-uds\\\/\"]}]},{\"@type\":\"ImageObject\",\"inLanguage\":\"es\",\"@id\":\"https:\\\/\\\/med.tattoo\\\/es\\\/producto\\\/caja-de-toallitas-velox-duo-toallitas-con-alcohol-100-uds\\\/#primaryimage\",\"url\":\"https:\\\/\\\/med.tattoo\\\/wp-content\\\/uploads\\\/2025\\\/05\\\/845_velox-wipes-box-duo-chusteczki-alkoholowe-100-szt_1744007035.jpg\",\"contentUrl\":\"https:\\\/\\\/med.tattoo\\\/wp-content\\\/uploads\\\/2025\\\/05\\\/845_velox-wipes-box-duo-chusteczki-alkoholowe-100-szt_1744007035.jpg\",\"width\":777,\"height\":1000},{\"@type\":\"BreadcrumbList\",\"@id\":\"https:\\\/\\\/med.tattoo\\\/es\\\/producto\\\/caja-de-toallitas-velox-duo-toallitas-con-alcohol-100-uds\\\/#breadcrumb\",\"itemListElement\":[{\"@type\":\"ListItem\",\"position\":1,\"name\":\"Strona G\u0142\u00f3wna\",\"item\":\"https:\\\/\\\/med.tattoo\\\/es\\\/\"},{\"@type\":\"ListItem\",\"position\":2,\"name\":\"Tienda\",\"item\":\"https:\\\/\\\/med.tattoo\\\/es\\\/tienda\\\/\"},{\"@type\":\"ListItem\",\"position\":3,\"name\":\"Caja de toallitas Velox DUO toallitas con alcohol 100 uds.\"}]},{\"@type\":\"WebSite\",\"@id\":\"https:\\\/\\\/med.tattoo\\\/es\\\/#website\",\"url\":\"https:\\\/\\\/med.tattoo\\\/es\\\/\",\"name\":\"MED.TATTOO\",\"description\":\"Wszystko dla Twojego tatua\u017cu\",\"publisher\":{\"@id\":\"https:\\\/\\\/med.tattoo\\\/es\\\/#organization\"},\"potentialAction\":[{\"@type\":\"SearchAction\",\"target\":{\"@type\":\"EntryPoint\",\"urlTemplate\":\"https:\\\/\\\/med.tattoo\\\/es\\\/?s={search_term_string}\"},\"query-input\":{\"@type\":\"PropertyValueSpecification\",\"valueRequired\":true,\"valueName\":\"search_term_string\"}}],\"inLanguage\":\"es\"},{\"@type\":\"Organization\",\"@id\":\"https:\\\/\\\/med.tattoo\\\/es\\\/#organization\",\"name\":\"MED.TATTOO\",\"url\":\"https:\\\/\\\/med.tattoo\\\/es\\\/\",\"logo\":{\"@type\":\"ImageObject\",\"inLanguage\":\"es\",\"@id\":\"https:\\\/\\\/med.tattoo\\\/es\\\/#\\\/schema\\\/logo\\\/image\\\/\",\"url\":\"https:\\\/\\\/med.tattoo\\\/wp-content\\\/uploads\\\/2025\\\/05\\\/Bez-tytulu-600S300-px-1-e1658908183800.png\",\"contentUrl\":\"https:\\\/\\\/med.tattoo\\\/wp-content\\\/uploads\\\/2025\\\/05\\\/Bez-tytulu-600S300-px-1-e1658908183800.png\",\"width\":600,\"height\":61,\"caption\":\"MED.TATTOO\"},\"image\":{\"@id\":\"https:\\\/\\\/med.tattoo\\\/es\\\/#\\\/schema\\\/logo\\\/image\\\/\"},\"sameAs\":[\"https:\\\/\\\/www.facebook.com\\\/profile.php?id=100084366705613\",\"https:\\\/\\\/www.instagram.com\\\/med.tattoo_official\\\/\"]}]}<\/script>\n<!-- \/ Yoast SEO plugin. -->","yoast_head_json":{"title":"Caja de toallitas Velox DUO toallitas con alcohol 100 uds. - MED.TATTOO","robots":{"index":"index","follow":"follow","max-snippet":"max-snippet:-1","max-image-preview":"max-image-preview:large","max-video-preview":"max-video-preview:-1"},"canonical":"https:\/\/med.tattoo\/es\/producto\/caja-de-toallitas-velox-duo-toallitas-con-alcohol-100-uds\/","og_locale":"es_ES","og_type":"article","og_title":"Caja de toallitas Velox DUO toallitas con alcohol 100 uds. - MED.TATTOO","og_description":"Las toallitas Velox\u00ae est\u00e1n especialmente recomendadas para la limpieza y desinfecci\u00f3n r\u00e1pida de peque\u00f1as superficies y equipos m\u00e9dicos: camas y sillas de tratamiento, equipos m\u00e9dicos. Tambi\u00e9n se recomienda para la desinfecci\u00f3n de piezas de mano dentales antes del proceso de esterilizaci\u00f3n. El producto no contiene aldeh\u00eddo ni fenol, por lo que no decolora las superficies [&hellip;]","og_url":"https:\/\/med.tattoo\/es\/producto\/caja-de-toallitas-velox-duo-toallitas-con-alcohol-100-uds\/","og_site_name":"MED.TATTOO","article_publisher":"https:\/\/www.facebook.com\/profile.php?id=100084366705613","twitter_card":"summary_large_image","twitter_misc":{"Tiempo de lectura":"1 minuto"},"schema":{"@context":"https:\/\/schema.org","@graph":[{"@type":"WebPage","@id":"https:\/\/med.tattoo\/es\/producto\/caja-de-toallitas-velox-duo-toallitas-con-alcohol-100-uds\/","url":"https:\/\/med.tattoo\/es\/producto\/caja-de-toallitas-velox-duo-toallitas-con-alcohol-100-uds\/","name":"Caja de toallitas Velox DUO toallitas con alcohol 100 uds. - MED.TATTOO","isPartOf":{"@id":"https:\/\/med.tattoo\/es\/#website"},"primaryImageOfPage":{"@id":"https:\/\/med.tattoo\/es\/producto\/caja-de-toallitas-velox-duo-toallitas-con-alcohol-100-uds\/#primaryimage"},"image":{"@id":"https:\/\/med.tattoo\/es\/producto\/caja-de-toallitas-velox-duo-toallitas-con-alcohol-100-uds\/#primaryimage"},"thumbnailUrl":"https:\/\/med.tattoo\/wp-content\/uploads\/2025\/05\/845_velox-wipes-box-duo-chusteczki-alkoholowe-100-szt_1744007035.jpg","datePublished":"2025-05-15T05:33:19+00:00","breadcrumb":{"@id":"https:\/\/med.tattoo\/es\/producto\/caja-de-toallitas-velox-duo-toallitas-con-alcohol-100-uds\/#breadcrumb"},"inLanguage":"es","potentialAction":[{"@type":"ReadAction","target":["https:\/\/med.tattoo\/es\/producto\/caja-de-toallitas-velox-duo-toallitas-con-alcohol-100-uds\/"]}]},{"@type":"ImageObject","inLanguage":"es","@id":"https:\/\/med.tattoo\/es\/producto\/caja-de-toallitas-velox-duo-toallitas-con-alcohol-100-uds\/#primaryimage","url":"https:\/\/med.tattoo\/wp-content\/uploads\/2025\/05\/845_velox-wipes-box-duo-chusteczki-alkoholowe-100-szt_1744007035.jpg","contentUrl":"https:\/\/med.tattoo\/wp-content\/uploads\/2025\/05\/845_velox-wipes-box-duo-chusteczki-alkoholowe-100-szt_1744007035.jpg","width":777,"height":1000},{"@type":"BreadcrumbList","@id":"https:\/\/med.tattoo\/es\/producto\/caja-de-toallitas-velox-duo-toallitas-con-alcohol-100-uds\/#breadcrumb","itemListElement":[{"@type":"ListItem","position":1,"name":"Strona G\u0142\u00f3wna","item":"https:\/\/med.tattoo\/es\/"},{"@type":"ListItem","position":2,"name":"Tienda","item":"https:\/\/med.tattoo\/es\/tienda\/"},{"@type":"ListItem","position":3,"name":"Caja de toallitas Velox DUO toallitas con alcohol 100 uds."}]},{"@type":"WebSite","@id":"https:\/\/med.tattoo\/es\/#website","url":"https:\/\/med.tattoo\/es\/","name":"MED.TATTOO","description":"Wszystko dla Twojego tatua\u017cu","publisher":{"@id":"https:\/\/med.tattoo\/es\/#organization"},"potentialAction":[{"@type":"SearchAction","target":{"@type":"EntryPoint","urlTemplate":"https:\/\/med.tattoo\/es\/?s={search_term_string}"},"query-input":{"@type":"PropertyValueSpecification","valueRequired":true,"valueName":"search_term_string"}}],"inLanguage":"es"},{"@type":"Organization","@id":"https:\/\/med.tattoo\/es\/#organization","name":"MED.TATTOO","url":"https:\/\/med.tattoo\/es\/","logo":{"@type":"ImageObject","inLanguage":"es","@id":"https:\/\/med.tattoo\/es\/#\/schema\/logo\/image\/","url":"https:\/\/med.tattoo\/wp-content\/uploads\/2025\/05\/Bez-tytulu-600S300-px-1-e1658908183800.png","contentUrl":"https:\/\/med.tattoo\/wp-content\/uploads\/2025\/05\/Bez-tytulu-600S300-px-1-e1658908183800.png","width":600,"height":61,"caption":"MED.TATTOO"},"image":{"@id":"https:\/\/med.tattoo\/es\/#\/schema\/logo\/image\/"},"sameAs":["https:\/\/www.facebook.com\/profile.php?id=100084366705613","https:\/\/www.instagram.com\/med.tattoo_official\/"]}]}},"_links":{"self":[{"href":"https:\/\/med.tattoo\/es\/wp-json\/wp\/v2\/product\/10329","targetHints":{"allow":["GET"]}}],"collection":[{"href":"https:\/\/med.tattoo\/es\/wp-json\/wp\/v2\/product"}],"about":[{"href":"https:\/\/med.tattoo\/es\/wp-json\/wp\/v2\/types\/product"}],"replies":[{"embeddable":true,"href":"https:\/\/med.tattoo\/es\/wp-json\/wp\/v2\/comments?post=10329"}],"wp:featuredmedia":[{"embeddable":true,"href":"https:\/\/med.tattoo\/es\/wp-json\/wp\/v2\/media\/8176"}],"wp:attachment":[{"href":"https:\/\/med.tattoo\/es\/wp-json\/wp\/v2\/media?parent=10329"}],"wp:term":[{"taxonomy":"product_brand","embeddable":true,"href":"https:\/\/med.tattoo\/es\/wp-json\/wp\/v2\/product_brand?post=10329"},{"taxonomy":"product_cat","embeddable":true,"href":"https:\/\/med.tattoo\/es\/wp-json\/wp\/v2\/product_cat?post=10329"},{"taxonomy":"product_tag","embeddable":true,"href":"https:\/\/med.tattoo\/es\/wp-json\/wp\/v2\/product_tag?post=10329"}],"curies":[{"name":"wp","href":"https:\/\/api.w.org\/{rel}","templated":true}]}}