{"id":5057,"date":"2021-08-20T10:44:37","date_gmt":"2021-08-20T08:44:37","guid":{"rendered":"https:\/\/med.tattoo\/produkt\/med-tattoo-care-tattoo-crema-de-calendula-con-colageno-para-el-cuidado-de-tatuajes-50ml\/"},"modified":"2025-05-15T09:33:37","modified_gmt":"2025-05-15T07:33:37","slug":"med-tattoo-care-tattoo-crema-de-calendula-con-colageno-para-el-cuidado-de-tatuajes-50ml","status":"publish","type":"product","link":"https:\/\/med.tattoo\/es\/producto\/med-tattoo-care-tattoo-crema-de-calendula-con-colageno-para-el-cuidado-de-tatuajes-50ml\/","title":{"rendered":"MED.TATTOO CARE TATTOO &#8211; Crema de cal\u00e9ndula con col\u00e1geno para el cuidado de tatuajes 50ml"},"content":{"rendered":"<p>Crema de col\u00e1geno para el cuidado de tatuajes con extracto de cal\u00e9ndula<\/p>\n<p>Crema de cal\u00e9ndula con col\u00e1geno para el cuidado de tatuajes<br \/>propiedades:<\/p>\n<p>&#8211; proporciona hidrataci\u00f3n natural a la piel,<br \/>&#8211; nutre, calma la irritaci\u00f3n,<br \/>&#8211; suaviza y da flexibilidad a la piel,<br \/>&#8211; tiene un filtro UV natural<br \/>&#8211; se absorbe bien,<\/p>\n<p>uso: recomendado para el cuidado diario y durante todo el a\u00f1o de todo tipo de pieles con tatuajes<br \/>conservar a temperatura ambiente,<br \/>envase: 50ml<br \/>conservar a temperatura ambiente<\/p>\n<p>Ingredientes:<br \/>Aqua, Olea Eoropaea (Olive) Oil (and) Calendula Officinalis Flover Extract, Polysorbate 60, Glycerin (and) Triticum Vulgare (Wheat) Germ Extract, Glycerin, Cetyl Alcohol, Paraffinum Durum, Petrolatum, Diazolidinyl Urea, Sodium Benzoate, Sorbate Potassium, Lanolin, Cera Alba, Tocopheryl Acetate, Parfum<\/p>\n","protected":false},"excerpt":{"rendered":"<p>Crema de col\u00e1geno para el cuidado de tatuajes con extracto de cal\u00e9ndula Crema de cal\u00e9ndula con col\u00e1geno para el cuidado de tatuajespropiedades: &#8211; proporciona hidrataci\u00f3n natural a la piel,&#8211; nutre, calma la irritaci\u00f3n,&#8211; suaviza y da flexibilidad a la piel,&#8211; tiene un filtro UV natural&#8211; se absorbe bien, uso: recomendado para el cuidado diario y [&hellip;]<\/p>\n","protected":false},"featured_media":6686,"comment_status":"open","ping_status":"closed","template":"","meta":{"site-sidebar-layout":"default","site-content-layout":"content-boxed-container","ast-site-content-layout":"default","site-content-style":"default","site-sidebar-style":"default","ast-global-header-display":"","ast-banner-title-visibility":"","ast-main-header-display":"","ast-hfb-above-header-display":"","ast-hfb-below-header-display":"","ast-hfb-mobile-header-display":"","site-post-title":"","ast-breadcrumbs-content":"","ast-featured-img":"","footer-sml-layout":"","ast-disable-related-posts":"","theme-transparent-header-meta":"disabled","adv-header-id-meta":"","stick-header-meta":"enabled","header-above-stick-meta":"on","header-main-stick-meta":"on","header-below-stick-meta":"on","astra-migrate-meta-layouts":"default","ast-page-background-enabled":"default","ast-page-background-meta":{"desktop":{"background-color":"var(--ast-global-color-4)","background-image":"","background-repeat":"repeat","background-position":"center center","background-size":"auto","background-attachment":"scroll","background-type":"","background-media":"","overlay-type":"","overlay-color":"","overlay-opacity":"","overlay-gradient":""},"tablet":{"background-color":"","background-image":"","background-repeat":"repeat","background-position":"center center","background-size":"auto","background-attachment":"scroll","background-type":"","background-media":"","overlay-type":"","overlay-color":"","overlay-opacity":"","overlay-gradient":""},"mobile":{"background-color":"","background-image":"","background-repeat":"repeat","background-position":"center center","background-size":"auto","background-attachment":"scroll","background-type":"","background-media":"","overlay-type":"","overlay-color":"","overlay-opacity":"","overlay-gradient":""}},"ast-content-background-meta":{"desktop":{"background-color":"var(--ast-global-color-5)","background-image":"","background-repeat":"repeat","background-position":"center center","background-size":"auto","background-attachment":"scroll","background-type":"","background-media":"","overlay-type":"","overlay-color":"","overlay-opacity":"","overlay-gradient":""},"tablet":{"background-color":"var(--ast-global-color-5)","background-image":"","background-repeat":"repeat","background-position":"center center","background-size":"auto","background-attachment":"scroll","background-type":"","background-media":"","overlay-type":"","overlay-color":"","overlay-opacity":"","overlay-gradient":""},"mobile":{"background-color":"var(--ast-global-color-5)","background-image":"","background-repeat":"repeat","background-position":"center center","background-size":"auto","background-attachment":"scroll","background-type":"","background-media":"","overlay-type":"","overlay-color":"","overlay-opacity":"","overlay-gradient":""}}},"product_brand":[],"product_cat":[89],"product_tag":[],"class_list":{"0":"post-5057","1":"product","2":"type-product","3":"status-publish","4":"has-post-thumbnail","6":"product_cat-med-tattoo-es","7":"desktop-align-left","8":"tablet-align-left","9":"mobile-align-left","10":"ast-product-gallery-layout-horizontal-slider","11":"ast-product-gallery-with-no-image","12":"ast-product-tabs-layout-distributed","14":"first","15":"instock","16":"taxable","17":"shipping-taxable","18":"purchasable","19":"product-type-simple"},"yoast_head":"<!-- This site is optimized with the Yoast SEO plugin v27.3 - https:\/\/yoast.com\/product\/yoast-seo-wordpress\/ -->\n<title>MED.TATTOO CARE TATTOO - Crema de cal\u00e9ndula con col\u00e1geno para el cuidado de tatuajes 50ml - MED.TATTOO<\/title>\n<meta name=\"robots\" content=\"index, follow, max-snippet:-1, max-image-preview:large, max-video-preview:-1\" \/>\n<link rel=\"canonical\" href=\"https:\/\/med.tattoo\/es\/producto\/med-tattoo-care-tattoo-crema-de-calendula-con-colageno-para-el-cuidado-de-tatuajes-50ml\/\" \/>\n<meta property=\"og:locale\" content=\"es_ES\" \/>\n<meta property=\"og:type\" content=\"article\" \/>\n<meta property=\"og:title\" content=\"MED.TATTOO CARE TATTOO - Crema de cal\u00e9ndula con col\u00e1geno para el cuidado de tatuajes 50ml - MED.TATTOO\" \/>\n<meta property=\"og:description\" content=\"Crema de col\u00e1geno para el cuidado de tatuajes con extracto de cal\u00e9ndula Crema de cal\u00e9ndula con col\u00e1geno para el cuidado de tatuajespropiedades: &#8211; proporciona hidrataci\u00f3n natural a la piel,&#8211; nutre, calma la irritaci\u00f3n,&#8211; suaviza y da flexibilidad a la piel,&#8211; tiene un filtro UV natural&#8211; se absorbe bien, uso: recomendado para el cuidado diario y [&hellip;]\" \/>\n<meta property=\"og:url\" content=\"https:\/\/med.tattoo\/es\/producto\/med-tattoo-care-tattoo-crema-de-calendula-con-colageno-para-el-cuidado-de-tatuajes-50ml\/\" \/>\n<meta property=\"og:site_name\" content=\"MED.TATTOO\" \/>\n<meta property=\"article:publisher\" content=\"https:\/\/www.facebook.com\/profile.php?id=100084366705613\" \/>\n<meta property=\"article:modified_time\" content=\"2025-05-15T07:33:37+00:00\" \/>\n<meta name=\"twitter:card\" content=\"summary_large_image\" \/>\n<meta name=\"twitter:label1\" content=\"Tiempo de lectura\" \/>\n\t<meta name=\"twitter:data1\" content=\"1 minuto\" \/>\n<script type=\"application\/ld+json\" class=\"yoast-schema-graph\">{\"@context\":\"https:\\\/\\\/schema.org\",\"@graph\":[{\"@type\":\"WebPage\",\"@id\":\"https:\\\/\\\/med.tattoo\\\/es\\\/producto\\\/med-tattoo-care-tattoo-crema-de-calendula-con-colageno-para-el-cuidado-de-tatuajes-50ml\\\/\",\"url\":\"https:\\\/\\\/med.tattoo\\\/es\\\/producto\\\/med-tattoo-care-tattoo-crema-de-calendula-con-colageno-para-el-cuidado-de-tatuajes-50ml\\\/\",\"name\":\"MED.TATTOO CARE TATTOO - Crema de cal\u00e9ndula con col\u00e1geno para el cuidado de tatuajes 50ml - MED.TATTOO\",\"isPartOf\":{\"@id\":\"https:\\\/\\\/med.tattoo\\\/es\\\/#website\"},\"primaryImageOfPage\":{\"@id\":\"https:\\\/\\\/med.tattoo\\\/es\\\/producto\\\/med-tattoo-care-tattoo-crema-de-calendula-con-colageno-para-el-cuidado-de-tatuajes-50ml\\\/#primaryimage\"},\"image\":{\"@id\":\"https:\\\/\\\/med.tattoo\\\/es\\\/producto\\\/med-tattoo-care-tattoo-crema-de-calendula-con-colageno-para-el-cuidado-de-tatuajes-50ml\\\/#primaryimage\"},\"thumbnailUrl\":\"https:\\\/\\\/med.tattoo\\\/wp-content\\\/uploads\\\/2025\\\/05\\\/141_med.tattoo-krem-nagietkowy-z-kolagenem-do-pieleg_1742990451.jpg\",\"datePublished\":\"2021-08-20T08:44:37+00:00\",\"dateModified\":\"2025-05-15T07:33:37+00:00\",\"breadcrumb\":{\"@id\":\"https:\\\/\\\/med.tattoo\\\/es\\\/producto\\\/med-tattoo-care-tattoo-crema-de-calendula-con-colageno-para-el-cuidado-de-tatuajes-50ml\\\/#breadcrumb\"},\"inLanguage\":\"es\",\"potentialAction\":[{\"@type\":\"ReadAction\",\"target\":[\"https:\\\/\\\/med.tattoo\\\/es\\\/producto\\\/med-tattoo-care-tattoo-crema-de-calendula-con-colageno-para-el-cuidado-de-tatuajes-50ml\\\/\"]}]},{\"@type\":\"ImageObject\",\"inLanguage\":\"es\",\"@id\":\"https:\\\/\\\/med.tattoo\\\/es\\\/producto\\\/med-tattoo-care-tattoo-crema-de-calendula-con-colageno-para-el-cuidado-de-tatuajes-50ml\\\/#primaryimage\",\"url\":\"https:\\\/\\\/med.tattoo\\\/wp-content\\\/uploads\\\/2025\\\/05\\\/141_med.tattoo-krem-nagietkowy-z-kolagenem-do-pieleg_1742990451.jpg\",\"contentUrl\":\"https:\\\/\\\/med.tattoo\\\/wp-content\\\/uploads\\\/2025\\\/05\\\/141_med.tattoo-krem-nagietkowy-z-kolagenem-do-pieleg_1742990451.jpg\",\"width\":952,\"height\":700},{\"@type\":\"BreadcrumbList\",\"@id\":\"https:\\\/\\\/med.tattoo\\\/es\\\/producto\\\/med-tattoo-care-tattoo-crema-de-calendula-con-colageno-para-el-cuidado-de-tatuajes-50ml\\\/#breadcrumb\",\"itemListElement\":[{\"@type\":\"ListItem\",\"position\":1,\"name\":\"Strona G\u0142\u00f3wna\",\"item\":\"https:\\\/\\\/med.tattoo\\\/es\\\/\"},{\"@type\":\"ListItem\",\"position\":2,\"name\":\"Tienda\",\"item\":\"https:\\\/\\\/med.tattoo\\\/es\\\/tienda\\\/\"},{\"@type\":\"ListItem\",\"position\":3,\"name\":\"MED.TATTOO CARE TATTOO &#8211; Crema de cal\u00e9ndula con col\u00e1geno para el cuidado de tatuajes 50ml\"}]},{\"@type\":\"WebSite\",\"@id\":\"https:\\\/\\\/med.tattoo\\\/es\\\/#website\",\"url\":\"https:\\\/\\\/med.tattoo\\\/es\\\/\",\"name\":\"MED.TATTOO\",\"description\":\"Wszystko dla Twojego tatua\u017cu\",\"publisher\":{\"@id\":\"https:\\\/\\\/med.tattoo\\\/es\\\/#organization\"},\"potentialAction\":[{\"@type\":\"SearchAction\",\"target\":{\"@type\":\"EntryPoint\",\"urlTemplate\":\"https:\\\/\\\/med.tattoo\\\/es\\\/?s={search_term_string}\"},\"query-input\":{\"@type\":\"PropertyValueSpecification\",\"valueRequired\":true,\"valueName\":\"search_term_string\"}}],\"inLanguage\":\"es\"},{\"@type\":\"Organization\",\"@id\":\"https:\\\/\\\/med.tattoo\\\/es\\\/#organization\",\"name\":\"MED.TATTOO\",\"url\":\"https:\\\/\\\/med.tattoo\\\/es\\\/\",\"logo\":{\"@type\":\"ImageObject\",\"inLanguage\":\"es\",\"@id\":\"https:\\\/\\\/med.tattoo\\\/es\\\/#\\\/schema\\\/logo\\\/image\\\/\",\"url\":\"https:\\\/\\\/med.tattoo\\\/wp-content\\\/uploads\\\/2025\\\/05\\\/Bez-tytulu-600S300-px-1-e1658908183800.png\",\"contentUrl\":\"https:\\\/\\\/med.tattoo\\\/wp-content\\\/uploads\\\/2025\\\/05\\\/Bez-tytulu-600S300-px-1-e1658908183800.png\",\"width\":600,\"height\":61,\"caption\":\"MED.TATTOO\"},\"image\":{\"@id\":\"https:\\\/\\\/med.tattoo\\\/es\\\/#\\\/schema\\\/logo\\\/image\\\/\"},\"sameAs\":[\"https:\\\/\\\/www.facebook.com\\\/profile.php?id=100084366705613\",\"https:\\\/\\\/www.instagram.com\\\/med.tattoo_official\\\/\"]}]}<\/script>\n<!-- \/ Yoast SEO plugin. -->","yoast_head_json":{"title":"MED.TATTOO CARE TATTOO - Crema de cal\u00e9ndula con col\u00e1geno para el cuidado de tatuajes 50ml - MED.TATTOO","robots":{"index":"index","follow":"follow","max-snippet":"max-snippet:-1","max-image-preview":"max-image-preview:large","max-video-preview":"max-video-preview:-1"},"canonical":"https:\/\/med.tattoo\/es\/producto\/med-tattoo-care-tattoo-crema-de-calendula-con-colageno-para-el-cuidado-de-tatuajes-50ml\/","og_locale":"es_ES","og_type":"article","og_title":"MED.TATTOO CARE TATTOO - Crema de cal\u00e9ndula con col\u00e1geno para el cuidado de tatuajes 50ml - MED.TATTOO","og_description":"Crema de col\u00e1geno para el cuidado de tatuajes con extracto de cal\u00e9ndula Crema de cal\u00e9ndula con col\u00e1geno para el cuidado de tatuajespropiedades: &#8211; proporciona hidrataci\u00f3n natural a la piel,&#8211; nutre, calma la irritaci\u00f3n,&#8211; suaviza y da flexibilidad a la piel,&#8211; tiene un filtro UV natural&#8211; se absorbe bien, uso: recomendado para el cuidado diario y [&hellip;]","og_url":"https:\/\/med.tattoo\/es\/producto\/med-tattoo-care-tattoo-crema-de-calendula-con-colageno-para-el-cuidado-de-tatuajes-50ml\/","og_site_name":"MED.TATTOO","article_publisher":"https:\/\/www.facebook.com\/profile.php?id=100084366705613","article_modified_time":"2025-05-15T07:33:37+00:00","twitter_card":"summary_large_image","twitter_misc":{"Tiempo de lectura":"1 minuto"},"schema":{"@context":"https:\/\/schema.org","@graph":[{"@type":"WebPage","@id":"https:\/\/med.tattoo\/es\/producto\/med-tattoo-care-tattoo-crema-de-calendula-con-colageno-para-el-cuidado-de-tatuajes-50ml\/","url":"https:\/\/med.tattoo\/es\/producto\/med-tattoo-care-tattoo-crema-de-calendula-con-colageno-para-el-cuidado-de-tatuajes-50ml\/","name":"MED.TATTOO CARE TATTOO - Crema de cal\u00e9ndula con col\u00e1geno para el cuidado de tatuajes 50ml - MED.TATTOO","isPartOf":{"@id":"https:\/\/med.tattoo\/es\/#website"},"primaryImageOfPage":{"@id":"https:\/\/med.tattoo\/es\/producto\/med-tattoo-care-tattoo-crema-de-calendula-con-colageno-para-el-cuidado-de-tatuajes-50ml\/#primaryimage"},"image":{"@id":"https:\/\/med.tattoo\/es\/producto\/med-tattoo-care-tattoo-crema-de-calendula-con-colageno-para-el-cuidado-de-tatuajes-50ml\/#primaryimage"},"thumbnailUrl":"https:\/\/med.tattoo\/wp-content\/uploads\/2025\/05\/141_med.tattoo-krem-nagietkowy-z-kolagenem-do-pieleg_1742990451.jpg","datePublished":"2021-08-20T08:44:37+00:00","dateModified":"2025-05-15T07:33:37+00:00","breadcrumb":{"@id":"https:\/\/med.tattoo\/es\/producto\/med-tattoo-care-tattoo-crema-de-calendula-con-colageno-para-el-cuidado-de-tatuajes-50ml\/#breadcrumb"},"inLanguage":"es","potentialAction":[{"@type":"ReadAction","target":["https:\/\/med.tattoo\/es\/producto\/med-tattoo-care-tattoo-crema-de-calendula-con-colageno-para-el-cuidado-de-tatuajes-50ml\/"]}]},{"@type":"ImageObject","inLanguage":"es","@id":"https:\/\/med.tattoo\/es\/producto\/med-tattoo-care-tattoo-crema-de-calendula-con-colageno-para-el-cuidado-de-tatuajes-50ml\/#primaryimage","url":"https:\/\/med.tattoo\/wp-content\/uploads\/2025\/05\/141_med.tattoo-krem-nagietkowy-z-kolagenem-do-pieleg_1742990451.jpg","contentUrl":"https:\/\/med.tattoo\/wp-content\/uploads\/2025\/05\/141_med.tattoo-krem-nagietkowy-z-kolagenem-do-pieleg_1742990451.jpg","width":952,"height":700},{"@type":"BreadcrumbList","@id":"https:\/\/med.tattoo\/es\/producto\/med-tattoo-care-tattoo-crema-de-calendula-con-colageno-para-el-cuidado-de-tatuajes-50ml\/#breadcrumb","itemListElement":[{"@type":"ListItem","position":1,"name":"Strona G\u0142\u00f3wna","item":"https:\/\/med.tattoo\/es\/"},{"@type":"ListItem","position":2,"name":"Tienda","item":"https:\/\/med.tattoo\/es\/tienda\/"},{"@type":"ListItem","position":3,"name":"MED.TATTOO CARE TATTOO &#8211; Crema de cal\u00e9ndula con col\u00e1geno para el cuidado de tatuajes 50ml"}]},{"@type":"WebSite","@id":"https:\/\/med.tattoo\/es\/#website","url":"https:\/\/med.tattoo\/es\/","name":"MED.TATTOO","description":"Wszystko dla Twojego tatua\u017cu","publisher":{"@id":"https:\/\/med.tattoo\/es\/#organization"},"potentialAction":[{"@type":"SearchAction","target":{"@type":"EntryPoint","urlTemplate":"https:\/\/med.tattoo\/es\/?s={search_term_string}"},"query-input":{"@type":"PropertyValueSpecification","valueRequired":true,"valueName":"search_term_string"}}],"inLanguage":"es"},{"@type":"Organization","@id":"https:\/\/med.tattoo\/es\/#organization","name":"MED.TATTOO","url":"https:\/\/med.tattoo\/es\/","logo":{"@type":"ImageObject","inLanguage":"es","@id":"https:\/\/med.tattoo\/es\/#\/schema\/logo\/image\/","url":"https:\/\/med.tattoo\/wp-content\/uploads\/2025\/05\/Bez-tytulu-600S300-px-1-e1658908183800.png","contentUrl":"https:\/\/med.tattoo\/wp-content\/uploads\/2025\/05\/Bez-tytulu-600S300-px-1-e1658908183800.png","width":600,"height":61,"caption":"MED.TATTOO"},"image":{"@id":"https:\/\/med.tattoo\/es\/#\/schema\/logo\/image\/"},"sameAs":["https:\/\/www.facebook.com\/profile.php?id=100084366705613","https:\/\/www.instagram.com\/med.tattoo_official\/"]}]}},"_links":{"self":[{"href":"https:\/\/med.tattoo\/es\/wp-json\/wp\/v2\/product\/5057","targetHints":{"allow":["GET"]}}],"collection":[{"href":"https:\/\/med.tattoo\/es\/wp-json\/wp\/v2\/product"}],"about":[{"href":"https:\/\/med.tattoo\/es\/wp-json\/wp\/v2\/types\/product"}],"replies":[{"embeddable":true,"href":"https:\/\/med.tattoo\/es\/wp-json\/wp\/v2\/comments?post=5057"}],"wp:featuredmedia":[{"embeddable":true,"href":"https:\/\/med.tattoo\/es\/wp-json\/wp\/v2\/media\/6686"}],"wp:attachment":[{"href":"https:\/\/med.tattoo\/es\/wp-json\/wp\/v2\/media?parent=5057"}],"wp:term":[{"taxonomy":"product_brand","embeddable":true,"href":"https:\/\/med.tattoo\/es\/wp-json\/wp\/v2\/product_brand?post=5057"},{"taxonomy":"product_cat","embeddable":true,"href":"https:\/\/med.tattoo\/es\/wp-json\/wp\/v2\/product_cat?post=5057"},{"taxonomy":"product_tag","embeddable":true,"href":"https:\/\/med.tattoo\/es\/wp-json\/wp\/v2\/product_tag?post=5057"}],"curies":[{"name":"wp","href":"https:\/\/api.w.org\/{rel}","templated":true}]}}