{"id":5172,"date":"2021-08-20T11:50:18","date_gmt":"2021-08-20T09:50:18","guid":{"rendered":"https:\/\/med.tattoo\/produkt\/med-tattoo-mientras-se-tatua-vaselina-con-calendula-1000g\/"},"modified":"2025-05-15T09:19:36","modified_gmt":"2025-05-15T07:19:36","slug":"med-tattoo-mientras-se-tatua-vaselina-con-calendula-1000g","status":"publish","type":"product","link":"https:\/\/med.tattoo\/es\/producto\/med-tattoo-mientras-se-tatua-vaselina-con-calendula-1000g\/","title":{"rendered":"MED.TATTOO MIENTRAS SE TATUA &#8211; Vaselina con cal\u00e9ndula 1000g"},"content":{"rendered":"<p>Todos los componentes utilizados son de origen natural. Esto proporciona la comodidad de utilizar un preparado biol\u00f3gicamente muy activo y, por tanto, eficaz.<br \/>Los macerados de aceite a base de aceite de oliva cosm\u00e9tico de alta calidad con flores de cal\u00e9ndula y terciopelo ecol\u00f3gicos proporcionan una acci\u00f3n regeneradora a la epidermis, aceleran la cicatrizaci\u00f3n de las heridas; tienen un efecto antibacteriano y propiedades antioxidantes mejoran el tono de la piel y la protegen de la radiaci\u00f3n solar. Contienen vitamina F natural que protege la piel de la p\u00e9rdida de humedad. Gracias a ella se restablece la protecci\u00f3n lip\u00eddica natural de la epidermis. Estimulan la circulaci\u00f3n sangu\u00ednea, haciendo que la piel est\u00e9 m\u00e1s nutrida y suave.<br \/>La mayor\u00eda de los tensioactivos utilizados en los productos cosm\u00e9ticos son de origen sint\u00e9tico. Tienen un efecto irritante y alerg\u00e9nico sobre la piel. Nuestros macerados contienen sustancias naturales de diferentes grupos de metabolitos como flavonoides, fenol\u00e1cidos, saponinas, alcaloides, triterpenos, l\u00edpidos, carotenoides. El mecanismo de acci\u00f3n de estos compuestos incluye la estimulaci\u00f3n de la respuesta antiinflamatoria e inmunitaria y la desintoxicaci\u00f3n.       <\/p>\n","protected":false},"excerpt":{"rendered":"<p>Todos los componentes utilizados son de origen natural. Esto proporciona la comodidad de utilizar un preparado biol\u00f3gicamente muy activo y, por tanto, eficaz.Los macerados de aceite a base de aceite de oliva cosm\u00e9tico de alta calidad con flores de cal\u00e9ndula y terciopelo ecol\u00f3gicos proporcionan una acci\u00f3n regeneradora a la epidermis, aceleran la cicatrizaci\u00f3n de las [&hellip;]<\/p>\n","protected":false},"featured_media":8798,"comment_status":"open","ping_status":"closed","template":"","meta":{"site-sidebar-layout":"default","site-content-layout":"content-boxed-container","ast-site-content-layout":"default","site-content-style":"default","site-sidebar-style":"default","ast-global-header-display":"","ast-banner-title-visibility":"","ast-main-header-display":"","ast-hfb-above-header-display":"","ast-hfb-below-header-display":"","ast-hfb-mobile-header-display":"","site-post-title":"","ast-breadcrumbs-content":"","ast-featured-img":"","footer-sml-layout":"","ast-disable-related-posts":"","theme-transparent-header-meta":"disabled","adv-header-id-meta":"","stick-header-meta":"enabled","header-above-stick-meta":"on","header-main-stick-meta":"on","header-below-stick-meta":"on","astra-migrate-meta-layouts":"default","ast-page-background-enabled":"default","ast-page-background-meta":{"desktop":{"background-color":"var(--ast-global-color-4)","background-image":"","background-repeat":"repeat","background-position":"center center","background-size":"auto","background-attachment":"scroll","background-type":"","background-media":"","overlay-type":"","overlay-color":"","overlay-opacity":"","overlay-gradient":""},"tablet":{"background-color":"","background-image":"","background-repeat":"repeat","background-position":"center center","background-size":"auto","background-attachment":"scroll","background-type":"","background-media":"","overlay-type":"","overlay-color":"","overlay-opacity":"","overlay-gradient":""},"mobile":{"background-color":"","background-image":"","background-repeat":"repeat","background-position":"center center","background-size":"auto","background-attachment":"scroll","background-type":"","background-media":"","overlay-type":"","overlay-color":"","overlay-opacity":"","overlay-gradient":""}},"ast-content-background-meta":{"desktop":{"background-color":"var(--ast-global-color-5)","background-image":"","background-repeat":"repeat","background-position":"center center","background-size":"auto","background-attachment":"scroll","background-type":"","background-media":"","overlay-type":"","overlay-color":"","overlay-opacity":"","overlay-gradient":""},"tablet":{"background-color":"var(--ast-global-color-5)","background-image":"","background-repeat":"repeat","background-position":"center center","background-size":"auto","background-attachment":"scroll","background-type":"","background-media":"","overlay-type":"","overlay-color":"","overlay-opacity":"","overlay-gradient":""},"mobile":{"background-color":"var(--ast-global-color-5)","background-image":"","background-repeat":"repeat","background-position":"center center","background-size":"auto","background-attachment":"scroll","background-type":"","background-media":"","overlay-type":"","overlay-color":"","overlay-opacity":"","overlay-gradient":""}}},"product_brand":[],"product_cat":[89],"product_tag":[],"class_list":{"0":"post-5172","1":"product","2":"type-product","3":"status-publish","4":"has-post-thumbnail","6":"product_cat-med-tattoo-es","7":"desktop-align-left","8":"tablet-align-left","9":"mobile-align-left","10":"ast-product-gallery-layout-horizontal-slider","11":"ast-product-tabs-layout-distributed","13":"first","14":"outofstock","15":"taxable","16":"shipping-taxable","17":"purchasable","18":"product-type-simple"},"yoast_head":"<!-- This site is optimized with the Yoast SEO plugin v27.3 - https:\/\/yoast.com\/product\/yoast-seo-wordpress\/ -->\n<title>MED.TATTOO MIENTRAS SE TATUA - Vaselina con cal\u00e9ndula 1000g - MED.TATTOO<\/title>\n<meta name=\"robots\" content=\"index, follow, max-snippet:-1, max-image-preview:large, max-video-preview:-1\" \/>\n<link rel=\"canonical\" href=\"https:\/\/med.tattoo\/es\/producto\/med-tattoo-mientras-se-tatua-vaselina-con-calendula-1000g\/\" \/>\n<meta property=\"og:locale\" content=\"es_ES\" \/>\n<meta property=\"og:type\" content=\"article\" \/>\n<meta property=\"og:title\" content=\"MED.TATTOO MIENTRAS SE TATUA - Vaselina con cal\u00e9ndula 1000g - MED.TATTOO\" \/>\n<meta property=\"og:description\" content=\"Todos los componentes utilizados son de origen natural. Esto proporciona la comodidad de utilizar un preparado biol\u00f3gicamente muy activo y, por tanto, eficaz.Los macerados de aceite a base de aceite de oliva cosm\u00e9tico de alta calidad con flores de cal\u00e9ndula y terciopelo ecol\u00f3gicos proporcionan una acci\u00f3n regeneradora a la epidermis, aceleran la cicatrizaci\u00f3n de las [&hellip;]\" \/>\n<meta property=\"og:url\" content=\"https:\/\/med.tattoo\/es\/producto\/med-tattoo-mientras-se-tatua-vaselina-con-calendula-1000g\/\" \/>\n<meta property=\"og:site_name\" content=\"MED.TATTOO\" \/>\n<meta property=\"article:publisher\" content=\"https:\/\/www.facebook.com\/profile.php?id=100084366705613\" \/>\n<meta property=\"article:modified_time\" content=\"2025-05-15T07:19:36+00:00\" \/>\n<meta property=\"og:image\" content=\"https:\/\/med.tattoo\/wp-content\/uploads\/2025\/05\/3651_med.tattoo-wazelina-z-nagietkiem-1000g_1742990452.jpg\" \/>\n\t<meta property=\"og:image:width\" content=\"1429\" \/>\n\t<meta property=\"og:image:height\" content=\"2048\" \/>\n\t<meta property=\"og:image:type\" content=\"image\/jpeg\" \/>\n<meta name=\"twitter:card\" content=\"summary_large_image\" \/>\n<meta name=\"twitter:label1\" content=\"Tiempo de lectura\" \/>\n\t<meta name=\"twitter:data1\" content=\"1 minuto\" \/>\n<script type=\"application\/ld+json\" class=\"yoast-schema-graph\">{\"@context\":\"https:\\\/\\\/schema.org\",\"@graph\":[{\"@type\":\"WebPage\",\"@id\":\"https:\\\/\\\/med.tattoo\\\/es\\\/producto\\\/med-tattoo-mientras-se-tatua-vaselina-con-calendula-1000g\\\/\",\"url\":\"https:\\\/\\\/med.tattoo\\\/es\\\/producto\\\/med-tattoo-mientras-se-tatua-vaselina-con-calendula-1000g\\\/\",\"name\":\"MED.TATTOO MIENTRAS SE TATUA - Vaselina con cal\u00e9ndula 1000g - MED.TATTOO\",\"isPartOf\":{\"@id\":\"https:\\\/\\\/med.tattoo\\\/es\\\/#website\"},\"primaryImageOfPage\":{\"@id\":\"https:\\\/\\\/med.tattoo\\\/es\\\/producto\\\/med-tattoo-mientras-se-tatua-vaselina-con-calendula-1000g\\\/#primaryimage\"},\"image\":{\"@id\":\"https:\\\/\\\/med.tattoo\\\/es\\\/producto\\\/med-tattoo-mientras-se-tatua-vaselina-con-calendula-1000g\\\/#primaryimage\"},\"thumbnailUrl\":\"https:\\\/\\\/med.tattoo\\\/wp-content\\\/uploads\\\/2025\\\/05\\\/3651_med.tattoo-wazelina-z-nagietkiem-1000g_1742990452.jpg\",\"datePublished\":\"2021-08-20T09:50:18+00:00\",\"dateModified\":\"2025-05-15T07:19:36+00:00\",\"breadcrumb\":{\"@id\":\"https:\\\/\\\/med.tattoo\\\/es\\\/producto\\\/med-tattoo-mientras-se-tatua-vaselina-con-calendula-1000g\\\/#breadcrumb\"},\"inLanguage\":\"es\",\"potentialAction\":[{\"@type\":\"ReadAction\",\"target\":[\"https:\\\/\\\/med.tattoo\\\/es\\\/producto\\\/med-tattoo-mientras-se-tatua-vaselina-con-calendula-1000g\\\/\"]}]},{\"@type\":\"ImageObject\",\"inLanguage\":\"es\",\"@id\":\"https:\\\/\\\/med.tattoo\\\/es\\\/producto\\\/med-tattoo-mientras-se-tatua-vaselina-con-calendula-1000g\\\/#primaryimage\",\"url\":\"https:\\\/\\\/med.tattoo\\\/wp-content\\\/uploads\\\/2025\\\/05\\\/3651_med.tattoo-wazelina-z-nagietkiem-1000g_1742990452.jpg\",\"contentUrl\":\"https:\\\/\\\/med.tattoo\\\/wp-content\\\/uploads\\\/2025\\\/05\\\/3651_med.tattoo-wazelina-z-nagietkiem-1000g_1742990452.jpg\",\"width\":1429,\"height\":2048},{\"@type\":\"BreadcrumbList\",\"@id\":\"https:\\\/\\\/med.tattoo\\\/es\\\/producto\\\/med-tattoo-mientras-se-tatua-vaselina-con-calendula-1000g\\\/#breadcrumb\",\"itemListElement\":[{\"@type\":\"ListItem\",\"position\":1,\"name\":\"Strona G\u0142\u00f3wna\",\"item\":\"https:\\\/\\\/med.tattoo\\\/es\\\/\"},{\"@type\":\"ListItem\",\"position\":2,\"name\":\"Tienda\",\"item\":\"https:\\\/\\\/med.tattoo\\\/es\\\/tienda\\\/\"},{\"@type\":\"ListItem\",\"position\":3,\"name\":\"MED.TATTOO MIENTRAS SE TATUA &#8211; Vaselina con cal\u00e9ndula 1000g\"}]},{\"@type\":\"WebSite\",\"@id\":\"https:\\\/\\\/med.tattoo\\\/es\\\/#website\",\"url\":\"https:\\\/\\\/med.tattoo\\\/es\\\/\",\"name\":\"MED.TATTOO\",\"description\":\"Wszystko dla Twojego tatua\u017cu\",\"publisher\":{\"@id\":\"https:\\\/\\\/med.tattoo\\\/es\\\/#organization\"},\"potentialAction\":[{\"@type\":\"SearchAction\",\"target\":{\"@type\":\"EntryPoint\",\"urlTemplate\":\"https:\\\/\\\/med.tattoo\\\/es\\\/?s={search_term_string}\"},\"query-input\":{\"@type\":\"PropertyValueSpecification\",\"valueRequired\":true,\"valueName\":\"search_term_string\"}}],\"inLanguage\":\"es\"},{\"@type\":\"Organization\",\"@id\":\"https:\\\/\\\/med.tattoo\\\/es\\\/#organization\",\"name\":\"MED.TATTOO\",\"url\":\"https:\\\/\\\/med.tattoo\\\/es\\\/\",\"logo\":{\"@type\":\"ImageObject\",\"inLanguage\":\"es\",\"@id\":\"https:\\\/\\\/med.tattoo\\\/es\\\/#\\\/schema\\\/logo\\\/image\\\/\",\"url\":\"https:\\\/\\\/med.tattoo\\\/wp-content\\\/uploads\\\/2025\\\/05\\\/Bez-tytulu-600S300-px-1-e1658908183800.png\",\"contentUrl\":\"https:\\\/\\\/med.tattoo\\\/wp-content\\\/uploads\\\/2025\\\/05\\\/Bez-tytulu-600S300-px-1-e1658908183800.png\",\"width\":600,\"height\":61,\"caption\":\"MED.TATTOO\"},\"image\":{\"@id\":\"https:\\\/\\\/med.tattoo\\\/es\\\/#\\\/schema\\\/logo\\\/image\\\/\"},\"sameAs\":[\"https:\\\/\\\/www.facebook.com\\\/profile.php?id=100084366705613\",\"https:\\\/\\\/www.instagram.com\\\/med.tattoo_official\\\/\"]}]}<\/script>\n<!-- \/ Yoast SEO plugin. -->","yoast_head_json":{"title":"MED.TATTOO MIENTRAS SE TATUA - Vaselina con cal\u00e9ndula 1000g - MED.TATTOO","robots":{"index":"index","follow":"follow","max-snippet":"max-snippet:-1","max-image-preview":"max-image-preview:large","max-video-preview":"max-video-preview:-1"},"canonical":"https:\/\/med.tattoo\/es\/producto\/med-tattoo-mientras-se-tatua-vaselina-con-calendula-1000g\/","og_locale":"es_ES","og_type":"article","og_title":"MED.TATTOO MIENTRAS SE TATUA - Vaselina con cal\u00e9ndula 1000g - MED.TATTOO","og_description":"Todos los componentes utilizados son de origen natural. Esto proporciona la comodidad de utilizar un preparado biol\u00f3gicamente muy activo y, por tanto, eficaz.Los macerados de aceite a base de aceite de oliva cosm\u00e9tico de alta calidad con flores de cal\u00e9ndula y terciopelo ecol\u00f3gicos proporcionan una acci\u00f3n regeneradora a la epidermis, aceleran la cicatrizaci\u00f3n de las [&hellip;]","og_url":"https:\/\/med.tattoo\/es\/producto\/med-tattoo-mientras-se-tatua-vaselina-con-calendula-1000g\/","og_site_name":"MED.TATTOO","article_publisher":"https:\/\/www.facebook.com\/profile.php?id=100084366705613","article_modified_time":"2025-05-15T07:19:36+00:00","og_image":[{"width":1429,"height":2048,"url":"https:\/\/med.tattoo\/wp-content\/uploads\/2025\/05\/3651_med.tattoo-wazelina-z-nagietkiem-1000g_1742990452.jpg","type":"image\/jpeg"}],"twitter_card":"summary_large_image","twitter_misc":{"Tiempo de lectura":"1 minuto"},"schema":{"@context":"https:\/\/schema.org","@graph":[{"@type":"WebPage","@id":"https:\/\/med.tattoo\/es\/producto\/med-tattoo-mientras-se-tatua-vaselina-con-calendula-1000g\/","url":"https:\/\/med.tattoo\/es\/producto\/med-tattoo-mientras-se-tatua-vaselina-con-calendula-1000g\/","name":"MED.TATTOO MIENTRAS SE TATUA - Vaselina con cal\u00e9ndula 1000g - MED.TATTOO","isPartOf":{"@id":"https:\/\/med.tattoo\/es\/#website"},"primaryImageOfPage":{"@id":"https:\/\/med.tattoo\/es\/producto\/med-tattoo-mientras-se-tatua-vaselina-con-calendula-1000g\/#primaryimage"},"image":{"@id":"https:\/\/med.tattoo\/es\/producto\/med-tattoo-mientras-se-tatua-vaselina-con-calendula-1000g\/#primaryimage"},"thumbnailUrl":"https:\/\/med.tattoo\/wp-content\/uploads\/2025\/05\/3651_med.tattoo-wazelina-z-nagietkiem-1000g_1742990452.jpg","datePublished":"2021-08-20T09:50:18+00:00","dateModified":"2025-05-15T07:19:36+00:00","breadcrumb":{"@id":"https:\/\/med.tattoo\/es\/producto\/med-tattoo-mientras-se-tatua-vaselina-con-calendula-1000g\/#breadcrumb"},"inLanguage":"es","potentialAction":[{"@type":"ReadAction","target":["https:\/\/med.tattoo\/es\/producto\/med-tattoo-mientras-se-tatua-vaselina-con-calendula-1000g\/"]}]},{"@type":"ImageObject","inLanguage":"es","@id":"https:\/\/med.tattoo\/es\/producto\/med-tattoo-mientras-se-tatua-vaselina-con-calendula-1000g\/#primaryimage","url":"https:\/\/med.tattoo\/wp-content\/uploads\/2025\/05\/3651_med.tattoo-wazelina-z-nagietkiem-1000g_1742990452.jpg","contentUrl":"https:\/\/med.tattoo\/wp-content\/uploads\/2025\/05\/3651_med.tattoo-wazelina-z-nagietkiem-1000g_1742990452.jpg","width":1429,"height":2048},{"@type":"BreadcrumbList","@id":"https:\/\/med.tattoo\/es\/producto\/med-tattoo-mientras-se-tatua-vaselina-con-calendula-1000g\/#breadcrumb","itemListElement":[{"@type":"ListItem","position":1,"name":"Strona G\u0142\u00f3wna","item":"https:\/\/med.tattoo\/es\/"},{"@type":"ListItem","position":2,"name":"Tienda","item":"https:\/\/med.tattoo\/es\/tienda\/"},{"@type":"ListItem","position":3,"name":"MED.TATTOO MIENTRAS SE TATUA &#8211; Vaselina con cal\u00e9ndula 1000g"}]},{"@type":"WebSite","@id":"https:\/\/med.tattoo\/es\/#website","url":"https:\/\/med.tattoo\/es\/","name":"MED.TATTOO","description":"Wszystko dla Twojego tatua\u017cu","publisher":{"@id":"https:\/\/med.tattoo\/es\/#organization"},"potentialAction":[{"@type":"SearchAction","target":{"@type":"EntryPoint","urlTemplate":"https:\/\/med.tattoo\/es\/?s={search_term_string}"},"query-input":{"@type":"PropertyValueSpecification","valueRequired":true,"valueName":"search_term_string"}}],"inLanguage":"es"},{"@type":"Organization","@id":"https:\/\/med.tattoo\/es\/#organization","name":"MED.TATTOO","url":"https:\/\/med.tattoo\/es\/","logo":{"@type":"ImageObject","inLanguage":"es","@id":"https:\/\/med.tattoo\/es\/#\/schema\/logo\/image\/","url":"https:\/\/med.tattoo\/wp-content\/uploads\/2025\/05\/Bez-tytulu-600S300-px-1-e1658908183800.png","contentUrl":"https:\/\/med.tattoo\/wp-content\/uploads\/2025\/05\/Bez-tytulu-600S300-px-1-e1658908183800.png","width":600,"height":61,"caption":"MED.TATTOO"},"image":{"@id":"https:\/\/med.tattoo\/es\/#\/schema\/logo\/image\/"},"sameAs":["https:\/\/www.facebook.com\/profile.php?id=100084366705613","https:\/\/www.instagram.com\/med.tattoo_official\/"]}]}},"_links":{"self":[{"href":"https:\/\/med.tattoo\/es\/wp-json\/wp\/v2\/product\/5172","targetHints":{"allow":["GET"]}}],"collection":[{"href":"https:\/\/med.tattoo\/es\/wp-json\/wp\/v2\/product"}],"about":[{"href":"https:\/\/med.tattoo\/es\/wp-json\/wp\/v2\/types\/product"}],"replies":[{"embeddable":true,"href":"https:\/\/med.tattoo\/es\/wp-json\/wp\/v2\/comments?post=5172"}],"wp:featuredmedia":[{"embeddable":true,"href":"https:\/\/med.tattoo\/es\/wp-json\/wp\/v2\/media\/8798"}],"wp:attachment":[{"href":"https:\/\/med.tattoo\/es\/wp-json\/wp\/v2\/media?parent=5172"}],"wp:term":[{"taxonomy":"product_brand","embeddable":true,"href":"https:\/\/med.tattoo\/es\/wp-json\/wp\/v2\/product_brand?post=5172"},{"taxonomy":"product_cat","embeddable":true,"href":"https:\/\/med.tattoo\/es\/wp-json\/wp\/v2\/product_cat?post=5172"},{"taxonomy":"product_tag","embeddable":true,"href":"https:\/\/med.tattoo\/es\/wp-json\/wp\/v2\/product_tag?post=5172"}],"curies":[{"name":"wp","href":"https:\/\/api.w.org\/{rel}","templated":true}]}}