{"id":8952,"date":"2025-05-15T07:16:57","date_gmt":"2025-05-15T05:16:57","guid":{"rendered":"https:\/\/med.tattoo\/produkt\/enzymex-l9-1l-limpieza-desinfeccion-instrumentos\/"},"modified":"2025-05-15T07:16:57","modified_gmt":"2025-05-15T05:16:57","slug":"enzymex-l9-1l-limpieza-desinfeccion-instrumentos","status":"publish","type":"product","link":"https:\/\/med.tattoo\/es\/producto\/enzymex-l9-1l-limpieza-desinfeccion-instrumentos\/","title":{"rendered":"Enzymex L9 1L limpieza, desinfecci\u00f3n instrumentos"},"content":{"rendered":"<p>Enzymex L9<\/p>\n<p>Concentrado de triple enzima para la limpieza y desinfecci\u00f3n manual de instrumental, endoscopios y otros dispositivos m\u00e9dicos.<br \/>\nPreparado l\u00edquido con excelentes propiedades desinfectantes y limpiadoras, amplio espectro biocida en 10 minutos: bacterias, micobacterias, levaduras, virus (VIH, VHB, VHC, Vaccinia\/Corona, Herpes), concentraci\u00f3n de la soluci\u00f3n de trabajo a partir del 0,5%, probado en condiciones sucias seg\u00fan la fase 2\/1 y la fase 2\/2 de las normas europeas. Un complejo de tres enzimas (proteasa, lipasa, amilasa) en combinaci\u00f3n con detergentes disuelve los contaminantes org\u00e1nicos (sangre, pus, prote\u00ednas, etc.) impide su fijaci\u00f3n (desecaci\u00f3n, coagulaci\u00f3n) y la formaci\u00f3n de biopel\u00edculas. El pH neutro de la soluci\u00f3n y su contenido anticorrosivo protegen los instrumentos de los da\u00f1os y la corrosi\u00f3n &#8211; alta compatibilidad de materiales confirmada por numerosas pruebas, los instrumentos pueden almacenarse con seguridad en la soluci\u00f3n hasta 72 horas. El producto permanece activo independientemente de la calidad del agua, puede utilizarse en limpiadores ultras\u00f3nicos y lavadoras semiautom\u00e1ticas.   <\/p>\n","protected":false},"excerpt":{"rendered":"<p>Enzymex L9 Concentrado de triple enzima para la limpieza y desinfecci\u00f3n manual de instrumental, endoscopios y otros dispositivos m\u00e9dicos. Preparado l\u00edquido con excelentes propiedades desinfectantes y limpiadoras, amplio espectro biocida en 10 minutos: bacterias, micobacterias, levaduras, virus (VIH, VHB, VHC, Vaccinia\/Corona, Herpes), concentraci\u00f3n de la soluci\u00f3n de trabajo a partir del 0,5%, probado en condiciones [&hellip;]<\/p>\n","protected":false},"featured_media":7223,"comment_status":"closed","ping_status":"open","template":"","meta":{"site-sidebar-layout":"default","site-content-layout":"","ast-site-content-layout":"default","site-content-style":"default","site-sidebar-style":"default","ast-global-header-display":"","ast-banner-title-visibility":"","ast-main-header-display":"","ast-hfb-above-header-display":"","ast-hfb-below-header-display":"","ast-hfb-mobile-header-display":"","site-post-title":"","ast-breadcrumbs-content":"","ast-featured-img":"","footer-sml-layout":"","ast-disable-related-posts":"","theme-transparent-header-meta":"","adv-header-id-meta":"","stick-header-meta":"","header-above-stick-meta":"","header-main-stick-meta":"","header-below-stick-meta":"","astra-migrate-meta-layouts":"default","ast-page-background-enabled":"default","ast-page-background-meta":{"desktop":{"background-color":"var(--ast-global-color-4)","background-image":"","background-repeat":"repeat","background-position":"center center","background-size":"auto","background-attachment":"scroll","background-type":"","background-media":"","overlay-type":"","overlay-color":"","overlay-opacity":"","overlay-gradient":""},"tablet":{"background-color":"","background-image":"","background-repeat":"repeat","background-position":"center center","background-size":"auto","background-attachment":"scroll","background-type":"","background-media":"","overlay-type":"","overlay-color":"","overlay-opacity":"","overlay-gradient":""},"mobile":{"background-color":"","background-image":"","background-repeat":"repeat","background-position":"center center","background-size":"auto","background-attachment":"scroll","background-type":"","background-media":"","overlay-type":"","overlay-color":"","overlay-opacity":"","overlay-gradient":""}},"ast-content-background-meta":{"desktop":{"background-color":"var(--ast-global-color-5)","background-image":"","background-repeat":"repeat","background-position":"center center","background-size":"auto","background-attachment":"scroll","background-type":"","background-media":"","overlay-type":"","overlay-color":"","overlay-opacity":"","overlay-gradient":""},"tablet":{"background-color":"var(--ast-global-color-5)","background-image":"","background-repeat":"repeat","background-position":"center center","background-size":"auto","background-attachment":"scroll","background-type":"","background-media":"","overlay-type":"","overlay-color":"","overlay-opacity":"","overlay-gradient":""},"mobile":{"background-color":"var(--ast-global-color-5)","background-image":"","background-repeat":"repeat","background-position":"center center","background-size":"auto","background-attachment":"scroll","background-type":"","background-media":"","overlay-type":"","overlay-color":"","overlay-opacity":"","overlay-gradient":""}}},"product_brand":[],"product_cat":[89],"product_tag":[],"class_list":{"0":"post-8952","1":"product","2":"type-product","3":"status-publish","4":"has-post-thumbnail","6":"product_cat-med-tattoo-es","7":"desktop-align-left","8":"tablet-align-left","9":"mobile-align-left","10":"ast-product-gallery-layout-horizontal-slider","11":"ast-product-gallery-with-no-image","12":"ast-product-tabs-layout-distributed","14":"first","15":"instock","16":"purchasable","17":"product-type-simple"},"yoast_head":"<!-- This site is optimized with the Yoast SEO plugin v27.3 - https:\/\/yoast.com\/product\/yoast-seo-wordpress\/ -->\n<title>Enzymex L9 1L limpieza, desinfecci\u00f3n instrumentos - MED.TATTOO<\/title>\n<meta name=\"robots\" content=\"index, follow, max-snippet:-1, max-image-preview:large, max-video-preview:-1\" \/>\n<link rel=\"canonical\" href=\"https:\/\/med.tattoo\/es\/producto\/enzymex-l9-1l-limpieza-desinfeccion-instrumentos\/\" \/>\n<meta property=\"og:locale\" content=\"es_ES\" \/>\n<meta property=\"og:type\" content=\"article\" \/>\n<meta property=\"og:title\" content=\"Enzymex L9 1L limpieza, desinfecci\u00f3n instrumentos - MED.TATTOO\" \/>\n<meta property=\"og:description\" content=\"Enzymex L9 Concentrado de triple enzima para la limpieza y desinfecci\u00f3n manual de instrumental, endoscopios y otros dispositivos m\u00e9dicos. Preparado l\u00edquido con excelentes propiedades desinfectantes y limpiadoras, amplio espectro biocida en 10 minutos: bacterias, micobacterias, levaduras, virus (VIH, VHB, VHC, Vaccinia\/Corona, Herpes), concentraci\u00f3n de la soluci\u00f3n de trabajo a partir del 0,5%, probado en condiciones [&hellip;]\" \/>\n<meta property=\"og:url\" content=\"https:\/\/med.tattoo\/es\/producto\/enzymex-l9-1l-limpieza-desinfeccion-instrumentos\/\" \/>\n<meta property=\"og:site_name\" content=\"MED.TATTOO\" \/>\n<meta property=\"article:publisher\" content=\"https:\/\/www.facebook.com\/profile.php?id=100084366705613\" \/>\n<meta name=\"twitter:card\" content=\"summary_large_image\" \/>\n<meta name=\"twitter:label1\" content=\"Tiempo de lectura\" \/>\n\t<meta name=\"twitter:data1\" content=\"1 minuto\" \/>\n<script type=\"application\/ld+json\" class=\"yoast-schema-graph\">{\"@context\":\"https:\\\/\\\/schema.org\",\"@graph\":[{\"@type\":\"WebPage\",\"@id\":\"https:\\\/\\\/med.tattoo\\\/es\\\/producto\\\/enzymex-l9-1l-limpieza-desinfeccion-instrumentos\\\/\",\"url\":\"https:\\\/\\\/med.tattoo\\\/es\\\/producto\\\/enzymex-l9-1l-limpieza-desinfeccion-instrumentos\\\/\",\"name\":\"Enzymex L9 1L limpieza, desinfecci\u00f3n instrumentos - MED.TATTOO\",\"isPartOf\":{\"@id\":\"https:\\\/\\\/med.tattoo\\\/es\\\/#website\"},\"primaryImageOfPage\":{\"@id\":\"https:\\\/\\\/med.tattoo\\\/es\\\/producto\\\/enzymex-l9-1l-limpieza-desinfeccion-instrumentos\\\/#primaryimage\"},\"image\":{\"@id\":\"https:\\\/\\\/med.tattoo\\\/es\\\/producto\\\/enzymex-l9-1l-limpieza-desinfeccion-instrumentos\\\/#primaryimage\"},\"thumbnailUrl\":\"https:\\\/\\\/med.tattoo\\\/wp-content\\\/uploads\\\/2025\\\/05\\\/848_enzymex-l9-1l_1744007027.jpg\",\"datePublished\":\"2025-05-15T05:16:57+00:00\",\"breadcrumb\":{\"@id\":\"https:\\\/\\\/med.tattoo\\\/es\\\/producto\\\/enzymex-l9-1l-limpieza-desinfeccion-instrumentos\\\/#breadcrumb\"},\"inLanguage\":\"es\",\"potentialAction\":[{\"@type\":\"ReadAction\",\"target\":[\"https:\\\/\\\/med.tattoo\\\/es\\\/producto\\\/enzymex-l9-1l-limpieza-desinfeccion-instrumentos\\\/\"]}]},{\"@type\":\"ImageObject\",\"inLanguage\":\"es\",\"@id\":\"https:\\\/\\\/med.tattoo\\\/es\\\/producto\\\/enzymex-l9-1l-limpieza-desinfeccion-instrumentos\\\/#primaryimage\",\"url\":\"https:\\\/\\\/med.tattoo\\\/wp-content\\\/uploads\\\/2025\\\/05\\\/848_enzymex-l9-1l_1744007027.jpg\",\"contentUrl\":\"https:\\\/\\\/med.tattoo\\\/wp-content\\\/uploads\\\/2025\\\/05\\\/848_enzymex-l9-1l_1744007027.jpg\",\"width\":862,\"height\":1000},{\"@type\":\"BreadcrumbList\",\"@id\":\"https:\\\/\\\/med.tattoo\\\/es\\\/producto\\\/enzymex-l9-1l-limpieza-desinfeccion-instrumentos\\\/#breadcrumb\",\"itemListElement\":[{\"@type\":\"ListItem\",\"position\":1,\"name\":\"Strona G\u0142\u00f3wna\",\"item\":\"https:\\\/\\\/med.tattoo\\\/es\\\/\"},{\"@type\":\"ListItem\",\"position\":2,\"name\":\"Tienda\",\"item\":\"https:\\\/\\\/med.tattoo\\\/es\\\/tienda\\\/\"},{\"@type\":\"ListItem\",\"position\":3,\"name\":\"Enzymex L9 1L limpieza, desinfecci\u00f3n instrumentos\"}]},{\"@type\":\"WebSite\",\"@id\":\"https:\\\/\\\/med.tattoo\\\/es\\\/#website\",\"url\":\"https:\\\/\\\/med.tattoo\\\/es\\\/\",\"name\":\"MED.TATTOO\",\"description\":\"Wszystko dla Twojego tatua\u017cu\",\"publisher\":{\"@id\":\"https:\\\/\\\/med.tattoo\\\/es\\\/#organization\"},\"potentialAction\":[{\"@type\":\"SearchAction\",\"target\":{\"@type\":\"EntryPoint\",\"urlTemplate\":\"https:\\\/\\\/med.tattoo\\\/es\\\/?s={search_term_string}\"},\"query-input\":{\"@type\":\"PropertyValueSpecification\",\"valueRequired\":true,\"valueName\":\"search_term_string\"}}],\"inLanguage\":\"es\"},{\"@type\":\"Organization\",\"@id\":\"https:\\\/\\\/med.tattoo\\\/es\\\/#organization\",\"name\":\"MED.TATTOO\",\"url\":\"https:\\\/\\\/med.tattoo\\\/es\\\/\",\"logo\":{\"@type\":\"ImageObject\",\"inLanguage\":\"es\",\"@id\":\"https:\\\/\\\/med.tattoo\\\/es\\\/#\\\/schema\\\/logo\\\/image\\\/\",\"url\":\"https:\\\/\\\/med.tattoo\\\/wp-content\\\/uploads\\\/2025\\\/05\\\/Bez-tytulu-600S300-px-1-e1658908183800.png\",\"contentUrl\":\"https:\\\/\\\/med.tattoo\\\/wp-content\\\/uploads\\\/2025\\\/05\\\/Bez-tytulu-600S300-px-1-e1658908183800.png\",\"width\":600,\"height\":61,\"caption\":\"MED.TATTOO\"},\"image\":{\"@id\":\"https:\\\/\\\/med.tattoo\\\/es\\\/#\\\/schema\\\/logo\\\/image\\\/\"},\"sameAs\":[\"https:\\\/\\\/www.facebook.com\\\/profile.php?id=100084366705613\",\"https:\\\/\\\/www.instagram.com\\\/med.tattoo_official\\\/\"]}]}<\/script>\n<!-- \/ Yoast SEO plugin. -->","yoast_head_json":{"title":"Enzymex L9 1L limpieza, desinfecci\u00f3n instrumentos - MED.TATTOO","robots":{"index":"index","follow":"follow","max-snippet":"max-snippet:-1","max-image-preview":"max-image-preview:large","max-video-preview":"max-video-preview:-1"},"canonical":"https:\/\/med.tattoo\/es\/producto\/enzymex-l9-1l-limpieza-desinfeccion-instrumentos\/","og_locale":"es_ES","og_type":"article","og_title":"Enzymex L9 1L limpieza, desinfecci\u00f3n instrumentos - MED.TATTOO","og_description":"Enzymex L9 Concentrado de triple enzima para la limpieza y desinfecci\u00f3n manual de instrumental, endoscopios y otros dispositivos m\u00e9dicos. Preparado l\u00edquido con excelentes propiedades desinfectantes y limpiadoras, amplio espectro biocida en 10 minutos: bacterias, micobacterias, levaduras, virus (VIH, VHB, VHC, Vaccinia\/Corona, Herpes), concentraci\u00f3n de la soluci\u00f3n de trabajo a partir del 0,5%, probado en condiciones [&hellip;]","og_url":"https:\/\/med.tattoo\/es\/producto\/enzymex-l9-1l-limpieza-desinfeccion-instrumentos\/","og_site_name":"MED.TATTOO","article_publisher":"https:\/\/www.facebook.com\/profile.php?id=100084366705613","twitter_card":"summary_large_image","twitter_misc":{"Tiempo de lectura":"1 minuto"},"schema":{"@context":"https:\/\/schema.org","@graph":[{"@type":"WebPage","@id":"https:\/\/med.tattoo\/es\/producto\/enzymex-l9-1l-limpieza-desinfeccion-instrumentos\/","url":"https:\/\/med.tattoo\/es\/producto\/enzymex-l9-1l-limpieza-desinfeccion-instrumentos\/","name":"Enzymex L9 1L limpieza, desinfecci\u00f3n instrumentos - MED.TATTOO","isPartOf":{"@id":"https:\/\/med.tattoo\/es\/#website"},"primaryImageOfPage":{"@id":"https:\/\/med.tattoo\/es\/producto\/enzymex-l9-1l-limpieza-desinfeccion-instrumentos\/#primaryimage"},"image":{"@id":"https:\/\/med.tattoo\/es\/producto\/enzymex-l9-1l-limpieza-desinfeccion-instrumentos\/#primaryimage"},"thumbnailUrl":"https:\/\/med.tattoo\/wp-content\/uploads\/2025\/05\/848_enzymex-l9-1l_1744007027.jpg","datePublished":"2025-05-15T05:16:57+00:00","breadcrumb":{"@id":"https:\/\/med.tattoo\/es\/producto\/enzymex-l9-1l-limpieza-desinfeccion-instrumentos\/#breadcrumb"},"inLanguage":"es","potentialAction":[{"@type":"ReadAction","target":["https:\/\/med.tattoo\/es\/producto\/enzymex-l9-1l-limpieza-desinfeccion-instrumentos\/"]}]},{"@type":"ImageObject","inLanguage":"es","@id":"https:\/\/med.tattoo\/es\/producto\/enzymex-l9-1l-limpieza-desinfeccion-instrumentos\/#primaryimage","url":"https:\/\/med.tattoo\/wp-content\/uploads\/2025\/05\/848_enzymex-l9-1l_1744007027.jpg","contentUrl":"https:\/\/med.tattoo\/wp-content\/uploads\/2025\/05\/848_enzymex-l9-1l_1744007027.jpg","width":862,"height":1000},{"@type":"BreadcrumbList","@id":"https:\/\/med.tattoo\/es\/producto\/enzymex-l9-1l-limpieza-desinfeccion-instrumentos\/#breadcrumb","itemListElement":[{"@type":"ListItem","position":1,"name":"Strona G\u0142\u00f3wna","item":"https:\/\/med.tattoo\/es\/"},{"@type":"ListItem","position":2,"name":"Tienda","item":"https:\/\/med.tattoo\/es\/tienda\/"},{"@type":"ListItem","position":3,"name":"Enzymex L9 1L limpieza, desinfecci\u00f3n instrumentos"}]},{"@type":"WebSite","@id":"https:\/\/med.tattoo\/es\/#website","url":"https:\/\/med.tattoo\/es\/","name":"MED.TATTOO","description":"Wszystko dla Twojego tatua\u017cu","publisher":{"@id":"https:\/\/med.tattoo\/es\/#organization"},"potentialAction":[{"@type":"SearchAction","target":{"@type":"EntryPoint","urlTemplate":"https:\/\/med.tattoo\/es\/?s={search_term_string}"},"query-input":{"@type":"PropertyValueSpecification","valueRequired":true,"valueName":"search_term_string"}}],"inLanguage":"es"},{"@type":"Organization","@id":"https:\/\/med.tattoo\/es\/#organization","name":"MED.TATTOO","url":"https:\/\/med.tattoo\/es\/","logo":{"@type":"ImageObject","inLanguage":"es","@id":"https:\/\/med.tattoo\/es\/#\/schema\/logo\/image\/","url":"https:\/\/med.tattoo\/wp-content\/uploads\/2025\/05\/Bez-tytulu-600S300-px-1-e1658908183800.png","contentUrl":"https:\/\/med.tattoo\/wp-content\/uploads\/2025\/05\/Bez-tytulu-600S300-px-1-e1658908183800.png","width":600,"height":61,"caption":"MED.TATTOO"},"image":{"@id":"https:\/\/med.tattoo\/es\/#\/schema\/logo\/image\/"},"sameAs":["https:\/\/www.facebook.com\/profile.php?id=100084366705613","https:\/\/www.instagram.com\/med.tattoo_official\/"]}]}},"_links":{"self":[{"href":"https:\/\/med.tattoo\/es\/wp-json\/wp\/v2\/product\/8952","targetHints":{"allow":["GET"]}}],"collection":[{"href":"https:\/\/med.tattoo\/es\/wp-json\/wp\/v2\/product"}],"about":[{"href":"https:\/\/med.tattoo\/es\/wp-json\/wp\/v2\/types\/product"}],"replies":[{"embeddable":true,"href":"https:\/\/med.tattoo\/es\/wp-json\/wp\/v2\/comments?post=8952"}],"wp:featuredmedia":[{"embeddable":true,"href":"https:\/\/med.tattoo\/es\/wp-json\/wp\/v2\/media\/7223"}],"wp:attachment":[{"href":"https:\/\/med.tattoo\/es\/wp-json\/wp\/v2\/media?parent=8952"}],"wp:term":[{"taxonomy":"product_brand","embeddable":true,"href":"https:\/\/med.tattoo\/es\/wp-json\/wp\/v2\/product_brand?post=8952"},{"taxonomy":"product_cat","embeddable":true,"href":"https:\/\/med.tattoo\/es\/wp-json\/wp\/v2\/product_cat?post=8952"},{"taxonomy":"product_tag","embeddable":true,"href":"https:\/\/med.tattoo\/es\/wp-json\/wp\/v2\/product_tag?post=8952"}],"curies":[{"name":"wp","href":"https:\/\/api.w.org\/{rel}","templated":true}]}}