{"id":8970,"date":"2025-05-15T07:16:57","date_gmt":"2025-05-15T05:16:57","guid":{"rendered":"https:\/\/med.tattoo\/produkt\/mascarilla-quirurgica-medica-de-tres-capas-sobre-elastico-50-unidades-tipo-ii-negra\/"},"modified":"2025-05-15T07:16:57","modified_gmt":"2025-05-15T05:16:57","slug":"mascarilla-quirurgica-medica-de-tres-capas-sobre-elastico-50-unidades-tipo-ii-negra","status":"publish","type":"product","link":"https:\/\/med.tattoo\/es\/producto\/mascarilla-quirurgica-medica-de-tres-capas-sobre-elastico-50-unidades-tipo-ii-negra\/","title":{"rendered":"Mascarilla quir\u00fargica, m\u00e9dica, de tres capas, sobre el\u00e1stico, 50 unidades tipo II negra"},"content":{"rendered":"<p>Mascarilla m\u00e9dica profesional desechable de 3 capas con el\u00e1sticos para las orejas Tipo II EN14683<\/p>\n<p>Finalidad: La mascarilla m\u00e9dica desechable se utiliza para cubrir la boca, la nariz y la mand\u00edbula del usuario en el entorno m\u00e9dico habitual, bloqueando la boca y la cavidad nasal del usuario para evitar que exhale o roc\u00ede contaminantes.<\/p>\n<p>Eficaz y c\u00f3modo, con un elemento de sellado y ajuste para la nariz.<\/p>\n<p>La m\u00e1scara cumple las siguientes normas:<\/p>\n<p>EN 14683:2019<\/p>\n<p>BFE &gt; 98%<br \/>\nPureza microbiol\u00f3gica (UFC) &lt;= 30 ufc\/g<br \/>\nDiferencial de presi\u00f3n (DP) &lt; 40 Pa \/ cm2<\/p>\n<p>Advertencias<\/p>\n<p>Compruebe la integridad del envase antes de utilizarlo. Compruebe la etiqueta, la fecha de producci\u00f3n y la fecha de caducidad para asegurarse de que el producto es v\u00e1lido. <\/p>\n<p>2. no utilizar si el embalaje est\u00e1 da\u00f1ado.<\/p>\n<p>3. no reutilizar. La reutilizaci\u00f3n puede causar contaminaci\u00f3n cruzada. <\/p>\n<p>4. No debe utilizarse en entornos m\u00e9dicos invasivos ni en entornos que contengan gases\/polvo nocivos;<\/p>\n<p>5. no utilice este producto cerca de una fuente de fuego. Des\u00e9chelo despu\u00e9s de usarlo. <\/p>\n<p>El uso continuo m\u00e1ximo de este producto no debe superar las 4 horas.<\/p>\n<p>7. en caso de s\u00edntomas al\u00e9rgicos como picor y dolor de o\u00eddo, deje de utilizar este producto.<\/p>\n<p>8. si la nariz, la boca o el o\u00eddo presentan alguna lesi\u00f3n en la superficie de la piel que vaya a entrar en contacto con este producto durante su uso, deber\u00e1 tratarse previamente.<\/p>\n<p>Instrucciones de uso:<\/p>\n<p>1. Abra la bolsa y extraiga la mascarilla.<\/p>\n<p>2 Despliegue la mascarilla para evitar tocar el interior de la misma con la mano, con el lado coloreado en direcci\u00f3n contraria a usted.<\/p>\n<p>3 Coloque el borde con la cinta el\u00e1stica en la parte superior. Cuelgue los lazos sobre las orejas. <\/p>\n<p>4 Presione la correa para ajustar la mascarilla a la parte posterior de la nariz, luego sujete la correa sobre la nariz y tire del extremo inferior de la mascarilla hacia la mand\u00edbula inferior.<\/p>\n<p>5 Ajuste la mascarilla para cubrir la caraaz, desde la parte posterior de la nariz hasta la mand\u00edbula inferior para obtener el mejor efecto protector.<\/p>\n<p>6. no toque el exterior de la mascarilla al quit\u00e1rsela.<\/p>\n<p>7 La eliminaci\u00f3n debe realizarse de acuerdo con la normativa local sobre residuos m\u00e9dicos.<\/p>\n<p>Almacenamiento: Almacenar en un lugar sin gas, limpio, fresco, seco y ventilado.<\/p>\n<p>Periodo de validez: 2 a\u00f1os<\/p>\n","protected":false},"excerpt":{"rendered":"<p>Mascarilla m\u00e9dica profesional desechable de 3 capas con el\u00e1sticos para las orejas Tipo II EN14683 Finalidad: La mascarilla m\u00e9dica desechable se utiliza para cubrir la boca, la nariz y la mand\u00edbula del usuario en el entorno m\u00e9dico habitual, bloqueando la boca y la cavidad nasal del usuario para evitar que exhale o roc\u00ede contaminantes. Eficaz [&hellip;]<\/p>\n","protected":false},"featured_media":8545,"comment_status":"closed","ping_status":"open","template":"","meta":{"site-sidebar-layout":"default","site-content-layout":"","ast-site-content-layout":"default","site-content-style":"default","site-sidebar-style":"default","ast-global-header-display":"","ast-banner-title-visibility":"","ast-main-header-display":"","ast-hfb-above-header-display":"","ast-hfb-below-header-display":"","ast-hfb-mobile-header-display":"","site-post-title":"","ast-breadcrumbs-content":"","ast-featured-img":"","footer-sml-layout":"","ast-disable-related-posts":"","theme-transparent-header-meta":"","adv-header-id-meta":"","stick-header-meta":"","header-above-stick-meta":"","header-main-stick-meta":"","header-below-stick-meta":"","astra-migrate-meta-layouts":"default","ast-page-background-enabled":"default","ast-page-background-meta":{"desktop":{"background-color":"var(--ast-global-color-4)","background-image":"","background-repeat":"repeat","background-position":"center center","background-size":"auto","background-attachment":"scroll","background-type":"","background-media":"","overlay-type":"","overlay-color":"","overlay-opacity":"","overlay-gradient":""},"tablet":{"background-color":"","background-image":"","background-repeat":"repeat","background-position":"center center","background-size":"auto","background-attachment":"scroll","background-type":"","background-media":"","overlay-type":"","overlay-color":"","overlay-opacity":"","overlay-gradient":""},"mobile":{"background-color":"","background-image":"","background-repeat":"repeat","background-position":"center center","background-size":"auto","background-attachment":"scroll","background-type":"","background-media":"","overlay-type":"","overlay-color":"","overlay-opacity":"","overlay-gradient":""}},"ast-content-background-meta":{"desktop":{"background-color":"var(--ast-global-color-5)","background-image":"","background-repeat":"repeat","background-position":"center center","background-size":"auto","background-attachment":"scroll","background-type":"","background-media":"","overlay-type":"","overlay-color":"","overlay-opacity":"","overlay-gradient":""},"tablet":{"background-color":"var(--ast-global-color-5)","background-image":"","background-repeat":"repeat","background-position":"center center","background-size":"auto","background-attachment":"scroll","background-type":"","background-media":"","overlay-type":"","overlay-color":"","overlay-opacity":"","overlay-gradient":""},"mobile":{"background-color":"var(--ast-global-color-5)","background-image":"","background-repeat":"repeat","background-position":"center center","background-size":"auto","background-attachment":"scroll","background-type":"","background-media":"","overlay-type":"","overlay-color":"","overlay-opacity":"","overlay-gradient":""}}},"product_brand":[],"product_cat":[89],"product_tag":[],"class_list":{"0":"post-8970","1":"product","2":"type-product","3":"status-publish","4":"has-post-thumbnail","6":"product_cat-med-tattoo-es","7":"desktop-align-left","8":"tablet-align-left","9":"mobile-align-left","10":"ast-product-gallery-layout-horizontal-slider","11":"ast-product-tabs-layout-distributed","13":"first","14":"instock","15":"purchasable","16":"product-type-simple"},"yoast_head":"<!-- This site is optimized with the Yoast SEO plugin v27.4 - https:\/\/yoast.com\/product\/yoast-seo-wordpress\/ -->\n<title>Mascarilla quir\u00fargica, m\u00e9dica, de tres capas, sobre el\u00e1stico, 50 unidades tipo II negra - MED.TATTOO<\/title>\n<meta name=\"robots\" content=\"index, follow, max-snippet:-1, max-image-preview:large, max-video-preview:-1\" \/>\n<link rel=\"canonical\" href=\"https:\/\/med.tattoo\/es\/producto\/mascarilla-quirurgica-medica-de-tres-capas-sobre-elastico-50-unidades-tipo-ii-negra\/\" \/>\n<meta property=\"og:locale\" content=\"es_ES\" \/>\n<meta property=\"og:type\" content=\"article\" \/>\n<meta property=\"og:title\" content=\"Mascarilla quir\u00fargica, m\u00e9dica, de tres capas, sobre el\u00e1stico, 50 unidades tipo II negra - MED.TATTOO\" \/>\n<meta property=\"og:description\" content=\"Mascarilla m\u00e9dica profesional desechable de 3 capas con el\u00e1sticos para las orejas Tipo II EN14683 Finalidad: La mascarilla m\u00e9dica desechable se utiliza para cubrir la boca, la nariz y la mand\u00edbula del usuario en el entorno m\u00e9dico habitual, bloqueando la boca y la cavidad nasal del usuario para evitar que exhale o roc\u00ede contaminantes. Eficaz [&hellip;]\" \/>\n<meta property=\"og:url\" content=\"https:\/\/med.tattoo\/es\/producto\/mascarilla-quirurgica-medica-de-tres-capas-sobre-elastico-50-unidades-tipo-ii-negra\/\" \/>\n<meta property=\"og:site_name\" content=\"MED.TATTOO\" \/>\n<meta property=\"article:publisher\" content=\"https:\/\/www.facebook.com\/profile.php?id=100084366705613\" \/>\n<meta name=\"twitter:card\" content=\"summary_large_image\" \/>\n<meta name=\"twitter:label1\" content=\"Tiempo de lectura\" \/>\n\t<meta name=\"twitter:data1\" content=\"2 minutos\" \/>\n<script type=\"application\/ld+json\" class=\"yoast-schema-graph\">{\"@context\":\"https:\\\/\\\/schema.org\",\"@graph\":[{\"@type\":\"WebPage\",\"@id\":\"https:\\\/\\\/med.tattoo\\\/es\\\/producto\\\/mascarilla-quirurgica-medica-de-tres-capas-sobre-elastico-50-unidades-tipo-ii-negra\\\/\",\"url\":\"https:\\\/\\\/med.tattoo\\\/es\\\/producto\\\/mascarilla-quirurgica-medica-de-tres-capas-sobre-elastico-50-unidades-tipo-ii-negra\\\/\",\"name\":\"Mascarilla quir\u00fargica, m\u00e9dica, de tres capas, sobre el\u00e1stico, 50 unidades tipo II negra - MED.TATTOO\",\"isPartOf\":{\"@id\":\"https:\\\/\\\/med.tattoo\\\/es\\\/#website\"},\"primaryImageOfPage\":{\"@id\":\"https:\\\/\\\/med.tattoo\\\/es\\\/producto\\\/mascarilla-quirurgica-medica-de-tres-capas-sobre-elastico-50-unidades-tipo-ii-negra\\\/#primaryimage\"},\"image\":{\"@id\":\"https:\\\/\\\/med.tattoo\\\/es\\\/producto\\\/mascarilla-quirurgica-medica-de-tres-capas-sobre-elastico-50-unidades-tipo-ii-negra\\\/#primaryimage\"},\"thumbnailUrl\":\"https:\\\/\\\/med.tattoo\\\/wp-content\\\/uploads\\\/2025\\\/05\\\/3131_maska-medyczna-trojwarstwowa-na-gumce-50szt-cza_1744006587.jpg\",\"datePublished\":\"2025-05-15T05:16:57+00:00\",\"breadcrumb\":{\"@id\":\"https:\\\/\\\/med.tattoo\\\/es\\\/producto\\\/mascarilla-quirurgica-medica-de-tres-capas-sobre-elastico-50-unidades-tipo-ii-negra\\\/#breadcrumb\"},\"inLanguage\":\"es\",\"potentialAction\":[{\"@type\":\"ReadAction\",\"target\":[\"https:\\\/\\\/med.tattoo\\\/es\\\/producto\\\/mascarilla-quirurgica-medica-de-tres-capas-sobre-elastico-50-unidades-tipo-ii-negra\\\/\"]}]},{\"@type\":\"ImageObject\",\"inLanguage\":\"es\",\"@id\":\"https:\\\/\\\/med.tattoo\\\/es\\\/producto\\\/mascarilla-quirurgica-medica-de-tres-capas-sobre-elastico-50-unidades-tipo-ii-negra\\\/#primaryimage\",\"url\":\"https:\\\/\\\/med.tattoo\\\/wp-content\\\/uploads\\\/2025\\\/05\\\/3131_maska-medyczna-trojwarstwowa-na-gumce-50szt-cza_1744006587.jpg\",\"contentUrl\":\"https:\\\/\\\/med.tattoo\\\/wp-content\\\/uploads\\\/2025\\\/05\\\/3131_maska-medyczna-trojwarstwowa-na-gumce-50szt-cza_1744006587.jpg\",\"width\":1750,\"height\":931},{\"@type\":\"BreadcrumbList\",\"@id\":\"https:\\\/\\\/med.tattoo\\\/es\\\/producto\\\/mascarilla-quirurgica-medica-de-tres-capas-sobre-elastico-50-unidades-tipo-ii-negra\\\/#breadcrumb\",\"itemListElement\":[{\"@type\":\"ListItem\",\"position\":1,\"name\":\"Strona G\u0142\u00f3wna\",\"item\":\"https:\\\/\\\/med.tattoo\\\/es\\\/\"},{\"@type\":\"ListItem\",\"position\":2,\"name\":\"Tienda\",\"item\":\"https:\\\/\\\/med.tattoo\\\/es\\\/tienda\\\/\"},{\"@type\":\"ListItem\",\"position\":3,\"name\":\"Mascarilla quir\u00fargica, m\u00e9dica, de tres capas, sobre el\u00e1stico, 50 unidades tipo II negra\"}]},{\"@type\":\"WebSite\",\"@id\":\"https:\\\/\\\/med.tattoo\\\/es\\\/#website\",\"url\":\"https:\\\/\\\/med.tattoo\\\/es\\\/\",\"name\":\"MED.TATTOO\",\"description\":\"Wszystko dla Twojego tatua\u017cu\",\"publisher\":{\"@id\":\"https:\\\/\\\/med.tattoo\\\/es\\\/#organization\"},\"potentialAction\":[{\"@type\":\"SearchAction\",\"target\":{\"@type\":\"EntryPoint\",\"urlTemplate\":\"https:\\\/\\\/med.tattoo\\\/es\\\/?s={search_term_string}\"},\"query-input\":{\"@type\":\"PropertyValueSpecification\",\"valueRequired\":true,\"valueName\":\"search_term_string\"}}],\"inLanguage\":\"es\"},{\"@type\":\"Organization\",\"@id\":\"https:\\\/\\\/med.tattoo\\\/es\\\/#organization\",\"name\":\"MED.TATTOO\",\"url\":\"https:\\\/\\\/med.tattoo\\\/es\\\/\",\"logo\":{\"@type\":\"ImageObject\",\"inLanguage\":\"es\",\"@id\":\"https:\\\/\\\/med.tattoo\\\/es\\\/#\\\/schema\\\/logo\\\/image\\\/\",\"url\":\"https:\\\/\\\/med.tattoo\\\/wp-content\\\/uploads\\\/2025\\\/05\\\/Bez-tytulu-600S300-px-1-e1658908183800.png\",\"contentUrl\":\"https:\\\/\\\/med.tattoo\\\/wp-content\\\/uploads\\\/2025\\\/05\\\/Bez-tytulu-600S300-px-1-e1658908183800.png\",\"width\":600,\"height\":61,\"caption\":\"MED.TATTOO\"},\"image\":{\"@id\":\"https:\\\/\\\/med.tattoo\\\/es\\\/#\\\/schema\\\/logo\\\/image\\\/\"},\"sameAs\":[\"https:\\\/\\\/www.facebook.com\\\/profile.php?id=100084366705613\",\"https:\\\/\\\/www.instagram.com\\\/med.tattoo_official\\\/\"]}]}<\/script>\n<!-- \/ Yoast SEO plugin. -->","yoast_head_json":{"title":"Mascarilla quir\u00fargica, m\u00e9dica, de tres capas, sobre el\u00e1stico, 50 unidades tipo II negra - MED.TATTOO","robots":{"index":"index","follow":"follow","max-snippet":"max-snippet:-1","max-image-preview":"max-image-preview:large","max-video-preview":"max-video-preview:-1"},"canonical":"https:\/\/med.tattoo\/es\/producto\/mascarilla-quirurgica-medica-de-tres-capas-sobre-elastico-50-unidades-tipo-ii-negra\/","og_locale":"es_ES","og_type":"article","og_title":"Mascarilla quir\u00fargica, m\u00e9dica, de tres capas, sobre el\u00e1stico, 50 unidades tipo II negra - MED.TATTOO","og_description":"Mascarilla m\u00e9dica profesional desechable de 3 capas con el\u00e1sticos para las orejas Tipo II EN14683 Finalidad: La mascarilla m\u00e9dica desechable se utiliza para cubrir la boca, la nariz y la mand\u00edbula del usuario en el entorno m\u00e9dico habitual, bloqueando la boca y la cavidad nasal del usuario para evitar que exhale o roc\u00ede contaminantes. Eficaz [&hellip;]","og_url":"https:\/\/med.tattoo\/es\/producto\/mascarilla-quirurgica-medica-de-tres-capas-sobre-elastico-50-unidades-tipo-ii-negra\/","og_site_name":"MED.TATTOO","article_publisher":"https:\/\/www.facebook.com\/profile.php?id=100084366705613","twitter_card":"summary_large_image","twitter_misc":{"Tiempo de lectura":"2 minutos"},"schema":{"@context":"https:\/\/schema.org","@graph":[{"@type":"WebPage","@id":"https:\/\/med.tattoo\/es\/producto\/mascarilla-quirurgica-medica-de-tres-capas-sobre-elastico-50-unidades-tipo-ii-negra\/","url":"https:\/\/med.tattoo\/es\/producto\/mascarilla-quirurgica-medica-de-tres-capas-sobre-elastico-50-unidades-tipo-ii-negra\/","name":"Mascarilla quir\u00fargica, m\u00e9dica, de tres capas, sobre el\u00e1stico, 50 unidades tipo II negra - MED.TATTOO","isPartOf":{"@id":"https:\/\/med.tattoo\/es\/#website"},"primaryImageOfPage":{"@id":"https:\/\/med.tattoo\/es\/producto\/mascarilla-quirurgica-medica-de-tres-capas-sobre-elastico-50-unidades-tipo-ii-negra\/#primaryimage"},"image":{"@id":"https:\/\/med.tattoo\/es\/producto\/mascarilla-quirurgica-medica-de-tres-capas-sobre-elastico-50-unidades-tipo-ii-negra\/#primaryimage"},"thumbnailUrl":"https:\/\/med.tattoo\/wp-content\/uploads\/2025\/05\/3131_maska-medyczna-trojwarstwowa-na-gumce-50szt-cza_1744006587.jpg","datePublished":"2025-05-15T05:16:57+00:00","breadcrumb":{"@id":"https:\/\/med.tattoo\/es\/producto\/mascarilla-quirurgica-medica-de-tres-capas-sobre-elastico-50-unidades-tipo-ii-negra\/#breadcrumb"},"inLanguage":"es","potentialAction":[{"@type":"ReadAction","target":["https:\/\/med.tattoo\/es\/producto\/mascarilla-quirurgica-medica-de-tres-capas-sobre-elastico-50-unidades-tipo-ii-negra\/"]}]},{"@type":"ImageObject","inLanguage":"es","@id":"https:\/\/med.tattoo\/es\/producto\/mascarilla-quirurgica-medica-de-tres-capas-sobre-elastico-50-unidades-tipo-ii-negra\/#primaryimage","url":"https:\/\/med.tattoo\/wp-content\/uploads\/2025\/05\/3131_maska-medyczna-trojwarstwowa-na-gumce-50szt-cza_1744006587.jpg","contentUrl":"https:\/\/med.tattoo\/wp-content\/uploads\/2025\/05\/3131_maska-medyczna-trojwarstwowa-na-gumce-50szt-cza_1744006587.jpg","width":1750,"height":931},{"@type":"BreadcrumbList","@id":"https:\/\/med.tattoo\/es\/producto\/mascarilla-quirurgica-medica-de-tres-capas-sobre-elastico-50-unidades-tipo-ii-negra\/#breadcrumb","itemListElement":[{"@type":"ListItem","position":1,"name":"Strona G\u0142\u00f3wna","item":"https:\/\/med.tattoo\/es\/"},{"@type":"ListItem","position":2,"name":"Tienda","item":"https:\/\/med.tattoo\/es\/tienda\/"},{"@type":"ListItem","position":3,"name":"Mascarilla quir\u00fargica, m\u00e9dica, de tres capas, sobre el\u00e1stico, 50 unidades tipo II negra"}]},{"@type":"WebSite","@id":"https:\/\/med.tattoo\/es\/#website","url":"https:\/\/med.tattoo\/es\/","name":"MED.TATTOO","description":"Wszystko dla Twojego tatua\u017cu","publisher":{"@id":"https:\/\/med.tattoo\/es\/#organization"},"potentialAction":[{"@type":"SearchAction","target":{"@type":"EntryPoint","urlTemplate":"https:\/\/med.tattoo\/es\/?s={search_term_string}"},"query-input":{"@type":"PropertyValueSpecification","valueRequired":true,"valueName":"search_term_string"}}],"inLanguage":"es"},{"@type":"Organization","@id":"https:\/\/med.tattoo\/es\/#organization","name":"MED.TATTOO","url":"https:\/\/med.tattoo\/es\/","logo":{"@type":"ImageObject","inLanguage":"es","@id":"https:\/\/med.tattoo\/es\/#\/schema\/logo\/image\/","url":"https:\/\/med.tattoo\/wp-content\/uploads\/2025\/05\/Bez-tytulu-600S300-px-1-e1658908183800.png","contentUrl":"https:\/\/med.tattoo\/wp-content\/uploads\/2025\/05\/Bez-tytulu-600S300-px-1-e1658908183800.png","width":600,"height":61,"caption":"MED.TATTOO"},"image":{"@id":"https:\/\/med.tattoo\/es\/#\/schema\/logo\/image\/"},"sameAs":["https:\/\/www.facebook.com\/profile.php?id=100084366705613","https:\/\/www.instagram.com\/med.tattoo_official\/"]}]}},"_links":{"self":[{"href":"https:\/\/med.tattoo\/es\/wp-json\/wp\/v2\/product\/8970","targetHints":{"allow":["GET"]}}],"collection":[{"href":"https:\/\/med.tattoo\/es\/wp-json\/wp\/v2\/product"}],"about":[{"href":"https:\/\/med.tattoo\/es\/wp-json\/wp\/v2\/types\/product"}],"replies":[{"embeddable":true,"href":"https:\/\/med.tattoo\/es\/wp-json\/wp\/v2\/comments?post=8970"}],"wp:featuredmedia":[{"embeddable":true,"href":"https:\/\/med.tattoo\/es\/wp-json\/wp\/v2\/media\/8545"}],"wp:attachment":[{"href":"https:\/\/med.tattoo\/es\/wp-json\/wp\/v2\/media?parent=8970"}],"wp:term":[{"taxonomy":"product_brand","embeddable":true,"href":"https:\/\/med.tattoo\/es\/wp-json\/wp\/v2\/product_brand?post=8970"},{"taxonomy":"product_cat","embeddable":true,"href":"https:\/\/med.tattoo\/es\/wp-json\/wp\/v2\/product_cat?post=8970"},{"taxonomy":"product_tag","embeddable":true,"href":"https:\/\/med.tattoo\/es\/wp-json\/wp\/v2\/product_tag?post=8970"}],"curies":[{"name":"wp","href":"https:\/\/api.w.org\/{rel}","templated":true}]}}