{"id":9022,"date":"2025-05-15T07:39:29","date_gmt":"2025-05-15T05:39:29","guid":{"rendered":"https:\/\/med.tattoo\/produkt\/calzoncillo-protector-medprox-59-50-largo-80pz-negro-1pz\/"},"modified":"2025-05-15T07:39:29","modified_gmt":"2025-05-15T05:39:29","slug":"calzoncillo-protector-medprox-59-50-largo-80pz-negro-1pz","status":"publish","type":"product","link":"https:\/\/med.tattoo\/es\/producto\/calzoncillo-protector-medprox-59-50-largo-80pz-negro-1pz\/","title":{"rendered":"Calzoncillo protector Medprox 59\/50 largo 80pz negro 1pz"},"content":{"rendered":"<p>Cubiertas protectoras higi\u00e9nicas MEDPROX \u00ae COMFORT<\/p>\n<p>Est\u00e1n dise\u00f1ados para garantizar la seguridad y la comodidad del paciente, manteniendo y preservando unas condiciones higi\u00e9nicas adecuadas y previniendo la aparici\u00f3n de infecciones perioperatorias.<\/p>\n<p>Se recomienda su uso en :<\/p>\n<p>hospitales,<br \/>\ncl\u00ednicas,<br \/>\ncentros de salud<br \/>\nsalones de belleza,<br \/>\nresidencias de ancianos<br \/>\no en casa.<br \/>\nLa capa inferior est\u00e1 fabricada con tejido higi\u00e9nico de dos capas<br \/>\n(100% celulosa) en la cara superior. La cara inferior est\u00e1 hecha de una resistente capa de pel\u00edcula de polietileno, que es impermeable y garantiza la adherencia de la almohadilla. <\/p>\n<p>Los empapadores higi\u00e9nicos MEDPROX\u00ae COMFORT est\u00e1n destinados a la protecci\u00f3n de:<br \/>\npacientes, mobiliario, equipos y aparatos m\u00e9dicos contra la contaminaci\u00f3n que pueda surgir durante los servicios o tratamientos m\u00e9dicos,<br \/>\npacientes, mobiliario, equipos y aparatos m\u00e9dicos contra la contaminaci\u00f3n causante de enfermedades que pueda surgir durante los servicios o tratamientos m\u00e9dicos.<br \/>\nPueden utilizarse en hospitales, ambulatorios, instalaciones m\u00e9dicas, incluidas las consultas de m\u00e9dicos, dentistas, fisioterapia y rehabilitaci\u00f3n, as\u00ed como en instituciones asistenciales o a domicilio durante la prestaci\u00f3n de servicios o la realizaci\u00f3n de procedimientos m\u00e9dicos.<\/p>\n<p>Se recomienda su uso en: sillones de tratamiento, sillones ginecol\u00f3gicos, sillones dentales, camillas de tratamiento, mesas en consultas m\u00e9dicas, consultas de fisioterapia, consultas de rehabilitaci\u00f3n, mesas en consultas de exploraci\u00f3n pedi\u00e1trica e infantil, etc.<\/p>\n","protected":false},"excerpt":{"rendered":"<p>Cubiertas protectoras higi\u00e9nicas MEDPROX \u00ae COMFORT Est\u00e1n dise\u00f1ados para garantizar la seguridad y la comodidad del paciente, manteniendo y preservando unas condiciones higi\u00e9nicas adecuadas y previniendo la aparici\u00f3n de infecciones perioperatorias. Se recomienda su uso en : hospitales, cl\u00ednicas, centros de salud salones de belleza, residencias de ancianos o en casa. La capa inferior est\u00e1 [&hellip;]<\/p>\n","protected":false},"featured_media":8383,"comment_status":"closed","ping_status":"open","template":"","meta":{"site-sidebar-layout":"default","site-content-layout":"","ast-site-content-layout":"default","site-content-style":"default","site-sidebar-style":"default","ast-global-header-display":"","ast-banner-title-visibility":"","ast-main-header-display":"","ast-hfb-above-header-display":"","ast-hfb-below-header-display":"","ast-hfb-mobile-header-display":"","site-post-title":"","ast-breadcrumbs-content":"","ast-featured-img":"","footer-sml-layout":"","ast-disable-related-posts":"","theme-transparent-header-meta":"","adv-header-id-meta":"","stick-header-meta":"","header-above-stick-meta":"","header-main-stick-meta":"","header-below-stick-meta":"","astra-migrate-meta-layouts":"default","ast-page-background-enabled":"default","ast-page-background-meta":{"desktop":{"background-color":"var(--ast-global-color-4)","background-image":"","background-repeat":"repeat","background-position":"center center","background-size":"auto","background-attachment":"scroll","background-type":"","background-media":"","overlay-type":"","overlay-color":"","overlay-opacity":"","overlay-gradient":""},"tablet":{"background-color":"","background-image":"","background-repeat":"repeat","background-position":"center center","background-size":"auto","background-attachment":"scroll","background-type":"","background-media":"","overlay-type":"","overlay-color":"","overlay-opacity":"","overlay-gradient":""},"mobile":{"background-color":"","background-image":"","background-repeat":"repeat","background-position":"center center","background-size":"auto","background-attachment":"scroll","background-type":"","background-media":"","overlay-type":"","overlay-color":"","overlay-opacity":"","overlay-gradient":""}},"ast-content-background-meta":{"desktop":{"background-color":"var(--ast-global-color-5)","background-image":"","background-repeat":"repeat","background-position":"center center","background-size":"auto","background-attachment":"scroll","background-type":"","background-media":"","overlay-type":"","overlay-color":"","overlay-opacity":"","overlay-gradient":""},"tablet":{"background-color":"var(--ast-global-color-5)","background-image":"","background-repeat":"repeat","background-position":"center center","background-size":"auto","background-attachment":"scroll","background-type":"","background-media":"","overlay-type":"","overlay-color":"","overlay-opacity":"","overlay-gradient":""},"mobile":{"background-color":"var(--ast-global-color-5)","background-image":"","background-repeat":"repeat","background-position":"center center","background-size":"auto","background-attachment":"scroll","background-type":"","background-media":"","overlay-type":"","overlay-color":"","overlay-opacity":"","overlay-gradient":""}}},"product_brand":[],"product_cat":[89],"product_tag":[],"class_list":{"0":"post-9022","1":"product","2":"type-product","3":"status-publish","4":"has-post-thumbnail","6":"product_cat-med-tattoo-es","7":"desktop-align-left","8":"tablet-align-left","9":"mobile-align-left","10":"ast-product-gallery-layout-horizontal-slider","11":"ast-product-gallery-with-no-image","12":"ast-product-tabs-layout-distributed","14":"first","15":"instock","16":"purchasable","17":"product-type-simple"},"yoast_head":"<!-- This site is optimized with the Yoast SEO plugin v27.5 - https:\/\/yoast.com\/product\/yoast-seo-wordpress\/ -->\n<title>Calzoncillo protector Medprox 59\/50 largo 80pz negro 1pz - MED.TATTOO<\/title>\n<meta name=\"robots\" content=\"index, follow, max-snippet:-1, max-image-preview:large, max-video-preview:-1\" \/>\n<link rel=\"canonical\" href=\"https:\/\/med.tattoo\/es\/producto\/calzoncillo-protector-medprox-59-50-largo-80pz-negro-1pz\/\" \/>\n<meta property=\"og:locale\" content=\"es_ES\" \/>\n<meta property=\"og:type\" content=\"article\" \/>\n<meta property=\"og:title\" content=\"Calzoncillo protector Medprox 59\/50 largo 80pz negro 1pz - MED.TATTOO\" \/>\n<meta property=\"og:description\" content=\"Cubiertas protectoras higi\u00e9nicas MEDPROX \u00ae COMFORT Est\u00e1n dise\u00f1ados para garantizar la seguridad y la comodidad del paciente, manteniendo y preservando unas condiciones higi\u00e9nicas adecuadas y previniendo la aparici\u00f3n de infecciones perioperatorias. Se recomienda su uso en : hospitales, cl\u00ednicas, centros de salud salones de belleza, residencias de ancianos o en casa. La capa inferior est\u00e1 [&hellip;]\" \/>\n<meta property=\"og:url\" content=\"https:\/\/med.tattoo\/es\/producto\/calzoncillo-protector-medprox-59-50-largo-80pz-negro-1pz\/\" \/>\n<meta property=\"og:site_name\" content=\"MED.TATTOO\" \/>\n<meta property=\"article:publisher\" content=\"https:\/\/www.facebook.com\/profile.php?id=100084366705613\" \/>\n<meta name=\"twitter:card\" content=\"summary_large_image\" \/>\n<meta name=\"twitter:label1\" content=\"Tiempo de lectura\" \/>\n\t<meta name=\"twitter:data1\" content=\"1 minuto\" \/>\n<script type=\"application\/ld+json\" class=\"yoast-schema-graph\">{\"@context\":\"https:\\\/\\\/schema.org\",\"@graph\":[{\"@type\":\"WebPage\",\"@id\":\"https:\\\/\\\/med.tattoo\\\/es\\\/producto\\\/calzoncillo-protector-medprox-59-50-largo-80pz-negro-1pz\\\/\",\"url\":\"https:\\\/\\\/med.tattoo\\\/es\\\/producto\\\/calzoncillo-protector-medprox-59-50-largo-80pz-negro-1pz\\\/\",\"name\":\"Calzoncillo protector Medprox 59\\\/50 largo 80pz negro 1pz - MED.TATTOO\",\"isPartOf\":{\"@id\":\"https:\\\/\\\/med.tattoo\\\/es\\\/#website\"},\"primaryImageOfPage\":{\"@id\":\"https:\\\/\\\/med.tattoo\\\/es\\\/producto\\\/calzoncillo-protector-medprox-59-50-largo-80pz-negro-1pz\\\/#primaryimage\"},\"image\":{\"@id\":\"https:\\\/\\\/med.tattoo\\\/es\\\/producto\\\/calzoncillo-protector-medprox-59-50-largo-80pz-negro-1pz\\\/#primaryimage\"},\"thumbnailUrl\":\"https:\\\/\\\/med.tattoo\\\/wp-content\\\/uploads\\\/2025\\\/05\\\/1242_podklad-ochronny-medprox-podfoliowany-59-50-czarny_1744006853.png\",\"datePublished\":\"2025-05-15T05:39:29+00:00\",\"breadcrumb\":{\"@id\":\"https:\\\/\\\/med.tattoo\\\/es\\\/producto\\\/calzoncillo-protector-medprox-59-50-largo-80pz-negro-1pz\\\/#breadcrumb\"},\"inLanguage\":\"es\",\"potentialAction\":[{\"@type\":\"ReadAction\",\"target\":[\"https:\\\/\\\/med.tattoo\\\/es\\\/producto\\\/calzoncillo-protector-medprox-59-50-largo-80pz-negro-1pz\\\/\"]}]},{\"@type\":\"ImageObject\",\"inLanguage\":\"es\",\"@id\":\"https:\\\/\\\/med.tattoo\\\/es\\\/producto\\\/calzoncillo-protector-medprox-59-50-largo-80pz-negro-1pz\\\/#primaryimage\",\"url\":\"https:\\\/\\\/med.tattoo\\\/wp-content\\\/uploads\\\/2025\\\/05\\\/1242_podklad-ochronny-medprox-podfoliowany-59-50-czarny_1744006853.png\",\"contentUrl\":\"https:\\\/\\\/med.tattoo\\\/wp-content\\\/uploads\\\/2025\\\/05\\\/1242_podklad-ochronny-medprox-podfoliowany-59-50-czarny_1744006853.png\",\"width\":537,\"height\":296},{\"@type\":\"BreadcrumbList\",\"@id\":\"https:\\\/\\\/med.tattoo\\\/es\\\/producto\\\/calzoncillo-protector-medprox-59-50-largo-80pz-negro-1pz\\\/#breadcrumb\",\"itemListElement\":[{\"@type\":\"ListItem\",\"position\":1,\"name\":\"Strona G\u0142\u00f3wna\",\"item\":\"https:\\\/\\\/med.tattoo\\\/es\\\/\"},{\"@type\":\"ListItem\",\"position\":2,\"name\":\"Tienda\",\"item\":\"https:\\\/\\\/med.tattoo\\\/es\\\/tienda\\\/\"},{\"@type\":\"ListItem\",\"position\":3,\"name\":\"Calzoncillo protector Medprox 59\\\/50 largo 80pz negro 1pz\"}]},{\"@type\":\"WebSite\",\"@id\":\"https:\\\/\\\/med.tattoo\\\/es\\\/#website\",\"url\":\"https:\\\/\\\/med.tattoo\\\/es\\\/\",\"name\":\"MED.TATTOO\",\"description\":\"Wszystko dla Twojego tatua\u017cu\",\"publisher\":{\"@id\":\"https:\\\/\\\/med.tattoo\\\/es\\\/#organization\"},\"potentialAction\":[{\"@type\":\"SearchAction\",\"target\":{\"@type\":\"EntryPoint\",\"urlTemplate\":\"https:\\\/\\\/med.tattoo\\\/es\\\/?s={search_term_string}\"},\"query-input\":{\"@type\":\"PropertyValueSpecification\",\"valueRequired\":true,\"valueName\":\"search_term_string\"}}],\"inLanguage\":\"es\"},{\"@type\":\"Organization\",\"@id\":\"https:\\\/\\\/med.tattoo\\\/es\\\/#organization\",\"name\":\"MED.TATTOO\",\"url\":\"https:\\\/\\\/med.tattoo\\\/es\\\/\",\"logo\":{\"@type\":\"ImageObject\",\"inLanguage\":\"es\",\"@id\":\"https:\\\/\\\/med.tattoo\\\/es\\\/#\\\/schema\\\/logo\\\/image\\\/\",\"url\":\"https:\\\/\\\/med.tattoo\\\/wp-content\\\/uploads\\\/2025\\\/05\\\/Bez-tytulu-600S300-px-1-e1658908183800.png\",\"contentUrl\":\"https:\\\/\\\/med.tattoo\\\/wp-content\\\/uploads\\\/2025\\\/05\\\/Bez-tytulu-600S300-px-1-e1658908183800.png\",\"width\":600,\"height\":61,\"caption\":\"MED.TATTOO\"},\"image\":{\"@id\":\"https:\\\/\\\/med.tattoo\\\/es\\\/#\\\/schema\\\/logo\\\/image\\\/\"},\"sameAs\":[\"https:\\\/\\\/www.facebook.com\\\/profile.php?id=100084366705613\",\"https:\\\/\\\/www.instagram.com\\\/med.tattoo_official\\\/\"]}]}<\/script>\n<!-- \/ Yoast SEO plugin. -->","yoast_head_json":{"title":"Calzoncillo protector Medprox 59\/50 largo 80pz negro 1pz - MED.TATTOO","robots":{"index":"index","follow":"follow","max-snippet":"max-snippet:-1","max-image-preview":"max-image-preview:large","max-video-preview":"max-video-preview:-1"},"canonical":"https:\/\/med.tattoo\/es\/producto\/calzoncillo-protector-medprox-59-50-largo-80pz-negro-1pz\/","og_locale":"es_ES","og_type":"article","og_title":"Calzoncillo protector Medprox 59\/50 largo 80pz negro 1pz - MED.TATTOO","og_description":"Cubiertas protectoras higi\u00e9nicas MEDPROX \u00ae COMFORT Est\u00e1n dise\u00f1ados para garantizar la seguridad y la comodidad del paciente, manteniendo y preservando unas condiciones higi\u00e9nicas adecuadas y previniendo la aparici\u00f3n de infecciones perioperatorias. Se recomienda su uso en : hospitales, cl\u00ednicas, centros de salud salones de belleza, residencias de ancianos o en casa. La capa inferior est\u00e1 [&hellip;]","og_url":"https:\/\/med.tattoo\/es\/producto\/calzoncillo-protector-medprox-59-50-largo-80pz-negro-1pz\/","og_site_name":"MED.TATTOO","article_publisher":"https:\/\/www.facebook.com\/profile.php?id=100084366705613","twitter_card":"summary_large_image","twitter_misc":{"Tiempo de lectura":"1 minuto"},"schema":{"@context":"https:\/\/schema.org","@graph":[{"@type":"WebPage","@id":"https:\/\/med.tattoo\/es\/producto\/calzoncillo-protector-medprox-59-50-largo-80pz-negro-1pz\/","url":"https:\/\/med.tattoo\/es\/producto\/calzoncillo-protector-medprox-59-50-largo-80pz-negro-1pz\/","name":"Calzoncillo protector Medprox 59\/50 largo 80pz negro 1pz - MED.TATTOO","isPartOf":{"@id":"https:\/\/med.tattoo\/es\/#website"},"primaryImageOfPage":{"@id":"https:\/\/med.tattoo\/es\/producto\/calzoncillo-protector-medprox-59-50-largo-80pz-negro-1pz\/#primaryimage"},"image":{"@id":"https:\/\/med.tattoo\/es\/producto\/calzoncillo-protector-medprox-59-50-largo-80pz-negro-1pz\/#primaryimage"},"thumbnailUrl":"https:\/\/med.tattoo\/wp-content\/uploads\/2025\/05\/1242_podklad-ochronny-medprox-podfoliowany-59-50-czarny_1744006853.png","datePublished":"2025-05-15T05:39:29+00:00","breadcrumb":{"@id":"https:\/\/med.tattoo\/es\/producto\/calzoncillo-protector-medprox-59-50-largo-80pz-negro-1pz\/#breadcrumb"},"inLanguage":"es","potentialAction":[{"@type":"ReadAction","target":["https:\/\/med.tattoo\/es\/producto\/calzoncillo-protector-medprox-59-50-largo-80pz-negro-1pz\/"]}]},{"@type":"ImageObject","inLanguage":"es","@id":"https:\/\/med.tattoo\/es\/producto\/calzoncillo-protector-medprox-59-50-largo-80pz-negro-1pz\/#primaryimage","url":"https:\/\/med.tattoo\/wp-content\/uploads\/2025\/05\/1242_podklad-ochronny-medprox-podfoliowany-59-50-czarny_1744006853.png","contentUrl":"https:\/\/med.tattoo\/wp-content\/uploads\/2025\/05\/1242_podklad-ochronny-medprox-podfoliowany-59-50-czarny_1744006853.png","width":537,"height":296},{"@type":"BreadcrumbList","@id":"https:\/\/med.tattoo\/es\/producto\/calzoncillo-protector-medprox-59-50-largo-80pz-negro-1pz\/#breadcrumb","itemListElement":[{"@type":"ListItem","position":1,"name":"Strona G\u0142\u00f3wna","item":"https:\/\/med.tattoo\/es\/"},{"@type":"ListItem","position":2,"name":"Tienda","item":"https:\/\/med.tattoo\/es\/tienda\/"},{"@type":"ListItem","position":3,"name":"Calzoncillo protector Medprox 59\/50 largo 80pz negro 1pz"}]},{"@type":"WebSite","@id":"https:\/\/med.tattoo\/es\/#website","url":"https:\/\/med.tattoo\/es\/","name":"MED.TATTOO","description":"Wszystko dla Twojego tatua\u017cu","publisher":{"@id":"https:\/\/med.tattoo\/es\/#organization"},"potentialAction":[{"@type":"SearchAction","target":{"@type":"EntryPoint","urlTemplate":"https:\/\/med.tattoo\/es\/?s={search_term_string}"},"query-input":{"@type":"PropertyValueSpecification","valueRequired":true,"valueName":"search_term_string"}}],"inLanguage":"es"},{"@type":"Organization","@id":"https:\/\/med.tattoo\/es\/#organization","name":"MED.TATTOO","url":"https:\/\/med.tattoo\/es\/","logo":{"@type":"ImageObject","inLanguage":"es","@id":"https:\/\/med.tattoo\/es\/#\/schema\/logo\/image\/","url":"https:\/\/med.tattoo\/wp-content\/uploads\/2025\/05\/Bez-tytulu-600S300-px-1-e1658908183800.png","contentUrl":"https:\/\/med.tattoo\/wp-content\/uploads\/2025\/05\/Bez-tytulu-600S300-px-1-e1658908183800.png","width":600,"height":61,"caption":"MED.TATTOO"},"image":{"@id":"https:\/\/med.tattoo\/es\/#\/schema\/logo\/image\/"},"sameAs":["https:\/\/www.facebook.com\/profile.php?id=100084366705613","https:\/\/www.instagram.com\/med.tattoo_official\/"]}]}},"_links":{"self":[{"href":"https:\/\/med.tattoo\/es\/wp-json\/wp\/v2\/product\/9022","targetHints":{"allow":["GET"]}}],"collection":[{"href":"https:\/\/med.tattoo\/es\/wp-json\/wp\/v2\/product"}],"about":[{"href":"https:\/\/med.tattoo\/es\/wp-json\/wp\/v2\/types\/product"}],"replies":[{"embeddable":true,"href":"https:\/\/med.tattoo\/es\/wp-json\/wp\/v2\/comments?post=9022"}],"wp:featuredmedia":[{"embeddable":true,"href":"https:\/\/med.tattoo\/es\/wp-json\/wp\/v2\/media\/8383"}],"wp:attachment":[{"href":"https:\/\/med.tattoo\/es\/wp-json\/wp\/v2\/media?parent=9022"}],"wp:term":[{"taxonomy":"product_brand","embeddable":true,"href":"https:\/\/med.tattoo\/es\/wp-json\/wp\/v2\/product_brand?post=9022"},{"taxonomy":"product_cat","embeddable":true,"href":"https:\/\/med.tattoo\/es\/wp-json\/wp\/v2\/product_cat?post=9022"},{"taxonomy":"product_tag","embeddable":true,"href":"https:\/\/med.tattoo\/es\/wp-json\/wp\/v2\/product_tag?post=9022"}],"curies":[{"name":"wp","href":"https:\/\/api.w.org\/{rel}","templated":true}]}}