{"id":9073,"date":"2025-05-15T07:25:49","date_gmt":"2025-05-15T05:25:49","guid":{"rendered":"https:\/\/med.tattoo\/produkt\/desinfectante-de-manos-y-superficies-dual-72-alpinus-5l\/"},"modified":"2025-05-15T07:25:49","modified_gmt":"2025-05-15T05:25:49","slug":"desinfectante-de-manos-y-superficies-dual-72-alpinus-5l","status":"publish","type":"product","link":"https:\/\/med.tattoo\/es\/producto\/desinfectante-de-manos-y-superficies-dual-72-alpinus-5l\/","title":{"rendered":"Desinfectante de manos y superficies DUAL 72 &#8211; ALPINUS 5L"},"content":{"rendered":"<p>DUAL 72 &#8211; ALPINUS MEDICA<\/p>\n<p>El producto es adecuado para la desinfecci\u00f3n higi\u00e9nica y quir\u00fargica de las manos, as\u00ed como para la desinfecci\u00f3n de la piel intacta e inalterada. Tambi\u00e9n es adecuado para la desinfecci\u00f3n de superficies, aparatos, equipos y mobiliario en contacto con alimentos y fuera de \u00e9l. Est\u00e1 indicado para su uso en \u00e1reas m\u00e9dicas, cosm\u00e9ticas, alimentarias, institucionales y dom\u00e9sticas.  <\/p>\n<p>Propiedades b\u00e1sicas de la formulaci\u00f3n:<\/p>\n<p>producto biocida,<br \/>\nlisto para usar &#8211; sin diluci\u00f3n,<br \/>\ncontiene una f\u00f3rmula hidratante por lo que no reseca la piel y no deja estr\u00edas en las superficies,<br \/>\neficaz contra bacterias, hongos, micobacterias y virus &#8211; incluido el coronavirus COVID-19,<br \/>\nprobado conforme a las normas PN-EN 1500 (desinfecci\u00f3n higi\u00e9nica de las manos) y PN-EN 12791 (desinfecci\u00f3n quir\u00fargica de las manos),<br \/>\ncon acci\u00f3n inmediata y prolongada durante m\u00e1s de 3 horas.<br \/>\nSustancia activa: etanol 72g\/100g.<\/p>\n<p>Envasado comercial:<\/p>\n<p>Bid\u00f3n de 5000 l<\/p>\n<p>Cantidad m\u00e1xima de productos l\u00edquidos de 5L en un pedido de 2 unidades.<\/p>\n","protected":false},"excerpt":{"rendered":"<p>DUAL 72 &#8211; ALPINUS MEDICA El producto es adecuado para la desinfecci\u00f3n higi\u00e9nica y quir\u00fargica de las manos, as\u00ed como para la desinfecci\u00f3n de la piel intacta e inalterada. Tambi\u00e9n es adecuado para la desinfecci\u00f3n de superficies, aparatos, equipos y mobiliario en contacto con alimentos y fuera de \u00e9l. Est\u00e1 indicado para su uso en [&hellip;]<\/p>\n","protected":false},"featured_media":7606,"comment_status":"closed","ping_status":"open","template":"","meta":{"site-sidebar-layout":"default","site-content-layout":"","ast-site-content-layout":"default","site-content-style":"default","site-sidebar-style":"default","ast-global-header-display":"","ast-banner-title-visibility":"","ast-main-header-display":"","ast-hfb-above-header-display":"","ast-hfb-below-header-display":"","ast-hfb-mobile-header-display":"","site-post-title":"","ast-breadcrumbs-content":"","ast-featured-img":"","footer-sml-layout":"","ast-disable-related-posts":"","theme-transparent-header-meta":"","adv-header-id-meta":"","stick-header-meta":"","header-above-stick-meta":"","header-main-stick-meta":"","header-below-stick-meta":"","astra-migrate-meta-layouts":"default","ast-page-background-enabled":"default","ast-page-background-meta":{"desktop":{"background-color":"var(--ast-global-color-4)","background-image":"","background-repeat":"repeat","background-position":"center center","background-size":"auto","background-attachment":"scroll","background-type":"","background-media":"","overlay-type":"","overlay-color":"","overlay-opacity":"","overlay-gradient":""},"tablet":{"background-color":"","background-image":"","background-repeat":"repeat","background-position":"center center","background-size":"auto","background-attachment":"scroll","background-type":"","background-media":"","overlay-type":"","overlay-color":"","overlay-opacity":"","overlay-gradient":""},"mobile":{"background-color":"","background-image":"","background-repeat":"repeat","background-position":"center center","background-size":"auto","background-attachment":"scroll","background-type":"","background-media":"","overlay-type":"","overlay-color":"","overlay-opacity":"","overlay-gradient":""}},"ast-content-background-meta":{"desktop":{"background-color":"var(--ast-global-color-5)","background-image":"","background-repeat":"repeat","background-position":"center center","background-size":"auto","background-attachment":"scroll","background-type":"","background-media":"","overlay-type":"","overlay-color":"","overlay-opacity":"","overlay-gradient":""},"tablet":{"background-color":"var(--ast-global-color-5)","background-image":"","background-repeat":"repeat","background-position":"center center","background-size":"auto","background-attachment":"scroll","background-type":"","background-media":"","overlay-type":"","overlay-color":"","overlay-opacity":"","overlay-gradient":""},"mobile":{"background-color":"var(--ast-global-color-5)","background-image":"","background-repeat":"repeat","background-position":"center center","background-size":"auto","background-attachment":"scroll","background-type":"","background-media":"","overlay-type":"","overlay-color":"","overlay-opacity":"","overlay-gradient":""}}},"product_brand":[],"product_cat":[89],"product_tag":[],"class_list":{"0":"post-9073","1":"product","2":"type-product","3":"status-publish","4":"has-post-thumbnail","6":"product_cat-med-tattoo-es","7":"desktop-align-left","8":"tablet-align-left","9":"mobile-align-left","10":"ast-product-gallery-layout-horizontal-slider","11":"ast-product-gallery-with-no-image","12":"ast-product-tabs-layout-distributed","14":"first","15":"instock","16":"purchasable","17":"product-type-simple"},"yoast_head":"<!-- This site is optimized with the Yoast SEO plugin v27.4 - https:\/\/yoast.com\/product\/yoast-seo-wordpress\/ -->\n<title>Desinfectante de manos y superficies DUAL 72 - ALPINUS 5L - MED.TATTOO<\/title>\n<meta name=\"robots\" content=\"index, follow, max-snippet:-1, max-image-preview:large, max-video-preview:-1\" \/>\n<link rel=\"canonical\" href=\"https:\/\/med.tattoo\/es\/producto\/desinfectante-de-manos-y-superficies-dual-72-alpinus-5l\/\" \/>\n<meta property=\"og:locale\" content=\"es_ES\" \/>\n<meta property=\"og:type\" content=\"article\" \/>\n<meta property=\"og:title\" content=\"Desinfectante de manos y superficies DUAL 72 - ALPINUS 5L - MED.TATTOO\" \/>\n<meta property=\"og:description\" content=\"DUAL 72 &#8211; ALPINUS MEDICA El producto es adecuado para la desinfecci\u00f3n higi\u00e9nica y quir\u00fargica de las manos, as\u00ed como para la desinfecci\u00f3n de la piel intacta e inalterada. Tambi\u00e9n es adecuado para la desinfecci\u00f3n de superficies, aparatos, equipos y mobiliario en contacto con alimentos y fuera de \u00e9l. Est\u00e1 indicado para su uso en [&hellip;]\" \/>\n<meta property=\"og:url\" content=\"https:\/\/med.tattoo\/es\/producto\/desinfectante-de-manos-y-superficies-dual-72-alpinus-5l\/\" \/>\n<meta property=\"og:site_name\" content=\"MED.TATTOO\" \/>\n<meta property=\"article:publisher\" content=\"https:\/\/www.facebook.com\/profile.php?id=100084366705613\" \/>\n<meta name=\"twitter:card\" content=\"summary_large_image\" \/>\n<meta name=\"twitter:label1\" content=\"Tiempo de lectura\" \/>\n\t<meta name=\"twitter:data1\" content=\"1 minuto\" \/>\n<script type=\"application\/ld+json\" class=\"yoast-schema-graph\">{\"@context\":\"https:\\\/\\\/schema.org\",\"@graph\":[{\"@type\":\"WebPage\",\"@id\":\"https:\\\/\\\/med.tattoo\\\/es\\\/producto\\\/desinfectante-de-manos-y-superficies-dual-72-alpinus-5l\\\/\",\"url\":\"https:\\\/\\\/med.tattoo\\\/es\\\/producto\\\/desinfectante-de-manos-y-superficies-dual-72-alpinus-5l\\\/\",\"name\":\"Desinfectante de manos y superficies DUAL 72 - ALPINUS 5L - MED.TATTOO\",\"isPartOf\":{\"@id\":\"https:\\\/\\\/med.tattoo\\\/es\\\/#website\"},\"primaryImageOfPage\":{\"@id\":\"https:\\\/\\\/med.tattoo\\\/es\\\/producto\\\/desinfectante-de-manos-y-superficies-dual-72-alpinus-5l\\\/#primaryimage\"},\"image\":{\"@id\":\"https:\\\/\\\/med.tattoo\\\/es\\\/producto\\\/desinfectante-de-manos-y-superficies-dual-72-alpinus-5l\\\/#primaryimage\"},\"thumbnailUrl\":\"https:\\\/\\\/med.tattoo\\\/wp-content\\\/uploads\\\/2025\\\/05\\\/1638_plyn-do-dezynfekcji-rak-i-powierzchni-dual-72-al_1744007030.jpg\",\"datePublished\":\"2025-05-15T05:25:49+00:00\",\"breadcrumb\":{\"@id\":\"https:\\\/\\\/med.tattoo\\\/es\\\/producto\\\/desinfectante-de-manos-y-superficies-dual-72-alpinus-5l\\\/#breadcrumb\"},\"inLanguage\":\"es\",\"potentialAction\":[{\"@type\":\"ReadAction\",\"target\":[\"https:\\\/\\\/med.tattoo\\\/es\\\/producto\\\/desinfectante-de-manos-y-superficies-dual-72-alpinus-5l\\\/\"]}]},{\"@type\":\"ImageObject\",\"inLanguage\":\"es\",\"@id\":\"https:\\\/\\\/med.tattoo\\\/es\\\/producto\\\/desinfectante-de-manos-y-superficies-dual-72-alpinus-5l\\\/#primaryimage\",\"url\":\"https:\\\/\\\/med.tattoo\\\/wp-content\\\/uploads\\\/2025\\\/05\\\/1638_plyn-do-dezynfekcji-rak-i-powierzchni-dual-72-al_1744007030.jpg\",\"contentUrl\":\"https:\\\/\\\/med.tattoo\\\/wp-content\\\/uploads\\\/2025\\\/05\\\/1638_plyn-do-dezynfekcji-rak-i-powierzchni-dual-72-al_1744007030.jpg\",\"width\":582,\"height\":800},{\"@type\":\"BreadcrumbList\",\"@id\":\"https:\\\/\\\/med.tattoo\\\/es\\\/producto\\\/desinfectante-de-manos-y-superficies-dual-72-alpinus-5l\\\/#breadcrumb\",\"itemListElement\":[{\"@type\":\"ListItem\",\"position\":1,\"name\":\"Strona G\u0142\u00f3wna\",\"item\":\"https:\\\/\\\/med.tattoo\\\/es\\\/\"},{\"@type\":\"ListItem\",\"position\":2,\"name\":\"Tienda\",\"item\":\"https:\\\/\\\/med.tattoo\\\/es\\\/tienda\\\/\"},{\"@type\":\"ListItem\",\"position\":3,\"name\":\"Desinfectante de manos y superficies DUAL 72 &#8211; ALPINUS 5L\"}]},{\"@type\":\"WebSite\",\"@id\":\"https:\\\/\\\/med.tattoo\\\/es\\\/#website\",\"url\":\"https:\\\/\\\/med.tattoo\\\/es\\\/\",\"name\":\"MED.TATTOO\",\"description\":\"Wszystko dla Twojego tatua\u017cu\",\"publisher\":{\"@id\":\"https:\\\/\\\/med.tattoo\\\/es\\\/#organization\"},\"potentialAction\":[{\"@type\":\"SearchAction\",\"target\":{\"@type\":\"EntryPoint\",\"urlTemplate\":\"https:\\\/\\\/med.tattoo\\\/es\\\/?s={search_term_string}\"},\"query-input\":{\"@type\":\"PropertyValueSpecification\",\"valueRequired\":true,\"valueName\":\"search_term_string\"}}],\"inLanguage\":\"es\"},{\"@type\":\"Organization\",\"@id\":\"https:\\\/\\\/med.tattoo\\\/es\\\/#organization\",\"name\":\"MED.TATTOO\",\"url\":\"https:\\\/\\\/med.tattoo\\\/es\\\/\",\"logo\":{\"@type\":\"ImageObject\",\"inLanguage\":\"es\",\"@id\":\"https:\\\/\\\/med.tattoo\\\/es\\\/#\\\/schema\\\/logo\\\/image\\\/\",\"url\":\"https:\\\/\\\/med.tattoo\\\/wp-content\\\/uploads\\\/2025\\\/05\\\/Bez-tytulu-600S300-px-1-e1658908183800.png\",\"contentUrl\":\"https:\\\/\\\/med.tattoo\\\/wp-content\\\/uploads\\\/2025\\\/05\\\/Bez-tytulu-600S300-px-1-e1658908183800.png\",\"width\":600,\"height\":61,\"caption\":\"MED.TATTOO\"},\"image\":{\"@id\":\"https:\\\/\\\/med.tattoo\\\/es\\\/#\\\/schema\\\/logo\\\/image\\\/\"},\"sameAs\":[\"https:\\\/\\\/www.facebook.com\\\/profile.php?id=100084366705613\",\"https:\\\/\\\/www.instagram.com\\\/med.tattoo_official\\\/\"]}]}<\/script>\n<!-- \/ Yoast SEO plugin. -->","yoast_head_json":{"title":"Desinfectante de manos y superficies DUAL 72 - ALPINUS 5L - MED.TATTOO","robots":{"index":"index","follow":"follow","max-snippet":"max-snippet:-1","max-image-preview":"max-image-preview:large","max-video-preview":"max-video-preview:-1"},"canonical":"https:\/\/med.tattoo\/es\/producto\/desinfectante-de-manos-y-superficies-dual-72-alpinus-5l\/","og_locale":"es_ES","og_type":"article","og_title":"Desinfectante de manos y superficies DUAL 72 - ALPINUS 5L - MED.TATTOO","og_description":"DUAL 72 &#8211; ALPINUS MEDICA El producto es adecuado para la desinfecci\u00f3n higi\u00e9nica y quir\u00fargica de las manos, as\u00ed como para la desinfecci\u00f3n de la piel intacta e inalterada. Tambi\u00e9n es adecuado para la desinfecci\u00f3n de superficies, aparatos, equipos y mobiliario en contacto con alimentos y fuera de \u00e9l. Est\u00e1 indicado para su uso en [&hellip;]","og_url":"https:\/\/med.tattoo\/es\/producto\/desinfectante-de-manos-y-superficies-dual-72-alpinus-5l\/","og_site_name":"MED.TATTOO","article_publisher":"https:\/\/www.facebook.com\/profile.php?id=100084366705613","twitter_card":"summary_large_image","twitter_misc":{"Tiempo de lectura":"1 minuto"},"schema":{"@context":"https:\/\/schema.org","@graph":[{"@type":"WebPage","@id":"https:\/\/med.tattoo\/es\/producto\/desinfectante-de-manos-y-superficies-dual-72-alpinus-5l\/","url":"https:\/\/med.tattoo\/es\/producto\/desinfectante-de-manos-y-superficies-dual-72-alpinus-5l\/","name":"Desinfectante de manos y superficies DUAL 72 - ALPINUS 5L - MED.TATTOO","isPartOf":{"@id":"https:\/\/med.tattoo\/es\/#website"},"primaryImageOfPage":{"@id":"https:\/\/med.tattoo\/es\/producto\/desinfectante-de-manos-y-superficies-dual-72-alpinus-5l\/#primaryimage"},"image":{"@id":"https:\/\/med.tattoo\/es\/producto\/desinfectante-de-manos-y-superficies-dual-72-alpinus-5l\/#primaryimage"},"thumbnailUrl":"https:\/\/med.tattoo\/wp-content\/uploads\/2025\/05\/1638_plyn-do-dezynfekcji-rak-i-powierzchni-dual-72-al_1744007030.jpg","datePublished":"2025-05-15T05:25:49+00:00","breadcrumb":{"@id":"https:\/\/med.tattoo\/es\/producto\/desinfectante-de-manos-y-superficies-dual-72-alpinus-5l\/#breadcrumb"},"inLanguage":"es","potentialAction":[{"@type":"ReadAction","target":["https:\/\/med.tattoo\/es\/producto\/desinfectante-de-manos-y-superficies-dual-72-alpinus-5l\/"]}]},{"@type":"ImageObject","inLanguage":"es","@id":"https:\/\/med.tattoo\/es\/producto\/desinfectante-de-manos-y-superficies-dual-72-alpinus-5l\/#primaryimage","url":"https:\/\/med.tattoo\/wp-content\/uploads\/2025\/05\/1638_plyn-do-dezynfekcji-rak-i-powierzchni-dual-72-al_1744007030.jpg","contentUrl":"https:\/\/med.tattoo\/wp-content\/uploads\/2025\/05\/1638_plyn-do-dezynfekcji-rak-i-powierzchni-dual-72-al_1744007030.jpg","width":582,"height":800},{"@type":"BreadcrumbList","@id":"https:\/\/med.tattoo\/es\/producto\/desinfectante-de-manos-y-superficies-dual-72-alpinus-5l\/#breadcrumb","itemListElement":[{"@type":"ListItem","position":1,"name":"Strona G\u0142\u00f3wna","item":"https:\/\/med.tattoo\/es\/"},{"@type":"ListItem","position":2,"name":"Tienda","item":"https:\/\/med.tattoo\/es\/tienda\/"},{"@type":"ListItem","position":3,"name":"Desinfectante de manos y superficies DUAL 72 &#8211; ALPINUS 5L"}]},{"@type":"WebSite","@id":"https:\/\/med.tattoo\/es\/#website","url":"https:\/\/med.tattoo\/es\/","name":"MED.TATTOO","description":"Wszystko dla Twojego tatua\u017cu","publisher":{"@id":"https:\/\/med.tattoo\/es\/#organization"},"potentialAction":[{"@type":"SearchAction","target":{"@type":"EntryPoint","urlTemplate":"https:\/\/med.tattoo\/es\/?s={search_term_string}"},"query-input":{"@type":"PropertyValueSpecification","valueRequired":true,"valueName":"search_term_string"}}],"inLanguage":"es"},{"@type":"Organization","@id":"https:\/\/med.tattoo\/es\/#organization","name":"MED.TATTOO","url":"https:\/\/med.tattoo\/es\/","logo":{"@type":"ImageObject","inLanguage":"es","@id":"https:\/\/med.tattoo\/es\/#\/schema\/logo\/image\/","url":"https:\/\/med.tattoo\/wp-content\/uploads\/2025\/05\/Bez-tytulu-600S300-px-1-e1658908183800.png","contentUrl":"https:\/\/med.tattoo\/wp-content\/uploads\/2025\/05\/Bez-tytulu-600S300-px-1-e1658908183800.png","width":600,"height":61,"caption":"MED.TATTOO"},"image":{"@id":"https:\/\/med.tattoo\/es\/#\/schema\/logo\/image\/"},"sameAs":["https:\/\/www.facebook.com\/profile.php?id=100084366705613","https:\/\/www.instagram.com\/med.tattoo_official\/"]}]}},"_links":{"self":[{"href":"https:\/\/med.tattoo\/es\/wp-json\/wp\/v2\/product\/9073","targetHints":{"allow":["GET"]}}],"collection":[{"href":"https:\/\/med.tattoo\/es\/wp-json\/wp\/v2\/product"}],"about":[{"href":"https:\/\/med.tattoo\/es\/wp-json\/wp\/v2\/types\/product"}],"replies":[{"embeddable":true,"href":"https:\/\/med.tattoo\/es\/wp-json\/wp\/v2\/comments?post=9073"}],"wp:featuredmedia":[{"embeddable":true,"href":"https:\/\/med.tattoo\/es\/wp-json\/wp\/v2\/media\/7606"}],"wp:attachment":[{"href":"https:\/\/med.tattoo\/es\/wp-json\/wp\/v2\/media?parent=9073"}],"wp:term":[{"taxonomy":"product_brand","embeddable":true,"href":"https:\/\/med.tattoo\/es\/wp-json\/wp\/v2\/product_brand?post=9073"},{"taxonomy":"product_cat","embeddable":true,"href":"https:\/\/med.tattoo\/es\/wp-json\/wp\/v2\/product_cat?post=9073"},{"taxonomy":"product_tag","embeddable":true,"href":"https:\/\/med.tattoo\/es\/wp-json\/wp\/v2\/product_tag?post=9073"}],"curies":[{"name":"wp","href":"https:\/\/api.w.org\/{rel}","templated":true}]}}