{"id":9238,"date":"2025-05-15T07:20:32","date_gmt":"2025-05-15T05:20:32","guid":{"rendered":"https:\/\/med.tattoo\/produkt\/med-tattoo-dermafix-10cm-15cm-10uds-lamina-protectora-para-tatuajes\/"},"modified":"2025-05-15T07:20:32","modified_gmt":"2025-05-15T05:20:32","slug":"med-tattoo-dermafix-10cm-15cm-10uds-lamina-protectora-para-tatuajes","status":"publish","type":"product","link":"https:\/\/med.tattoo\/es\/producto\/med-tattoo-dermafix-10cm-15cm-10uds-lamina-protectora-para-tatuajes\/","title":{"rendered":"MED.TATTOO DERMAFIX 10cm* 15cm 10uds l\u00e1mina protectora para tatuajes"},"content":{"rendered":"<p>DERMAFIX es un producto sanitario, un ap\u00f3sito oclusivo fabricado con una fina pel\u00edcula de poliuretano flexible y suave. Com\u00fanmente conocido como SecondSkin, se adapta perfectamente a los contornos del cuerpo y protege as\u00ed la piel tatuada de infecciones e irritaciones.  Es transparente, lo que permite observar la cicatrizaci\u00f3n del tatuaje sin tener que retirar el ap\u00f3sito.<\/p>\n<p>DERMAFIX es permeable al vapor y al aire, lo que permite que la piel respire. Proporciona el entorno perfecto para la piel, manteniendo la humedad y la temperatura adecuadas para favorecer la cicatrizaci\u00f3n de las heridas. DERMAFIX proporciona una barrera frente a los microorganismos, minimizando as\u00ed el riesgo de infecci\u00f3n.  <\/p>\n<p>Disponible en diferentes tama\u00f1os, rollos: 10cm*10m, 15cm*10m y hojas 10*15 cm embaladas en 10 piezas.<\/p>\n","protected":false},"excerpt":{"rendered":"<p>DERMAFIX es un producto sanitario, un ap\u00f3sito oclusivo fabricado con una fina pel\u00edcula de poliuretano flexible y suave. Com\u00fanmente conocido como SecondSkin, se adapta perfectamente a los contornos del cuerpo y protege as\u00ed la piel tatuada de infecciones e irritaciones. Es transparente, lo que permite observar la cicatrizaci\u00f3n del tatuaje sin tener que retirar el [&hellip;]<\/p>\n","protected":false},"featured_media":7286,"comment_status":"closed","ping_status":"open","template":"","meta":{"site-sidebar-layout":"default","site-content-layout":"","ast-site-content-layout":"default","site-content-style":"default","site-sidebar-style":"default","ast-global-header-display":"","ast-banner-title-visibility":"","ast-main-header-display":"","ast-hfb-above-header-display":"","ast-hfb-below-header-display":"","ast-hfb-mobile-header-display":"","site-post-title":"","ast-breadcrumbs-content":"","ast-featured-img":"","footer-sml-layout":"","ast-disable-related-posts":"","theme-transparent-header-meta":"","adv-header-id-meta":"","stick-header-meta":"","header-above-stick-meta":"","header-main-stick-meta":"","header-below-stick-meta":"","astra-migrate-meta-layouts":"default","ast-page-background-enabled":"default","ast-page-background-meta":{"desktop":{"background-color":"var(--ast-global-color-4)","background-image":"","background-repeat":"repeat","background-position":"center center","background-size":"auto","background-attachment":"scroll","background-type":"","background-media":"","overlay-type":"","overlay-color":"","overlay-opacity":"","overlay-gradient":""},"tablet":{"background-color":"","background-image":"","background-repeat":"repeat","background-position":"center center","background-size":"auto","background-attachment":"scroll","background-type":"","background-media":"","overlay-type":"","overlay-color":"","overlay-opacity":"","overlay-gradient":""},"mobile":{"background-color":"","background-image":"","background-repeat":"repeat","background-position":"center center","background-size":"auto","background-attachment":"scroll","background-type":"","background-media":"","overlay-type":"","overlay-color":"","overlay-opacity":"","overlay-gradient":""}},"ast-content-background-meta":{"desktop":{"background-color":"var(--ast-global-color-5)","background-image":"","background-repeat":"repeat","background-position":"center center","background-size":"auto","background-attachment":"scroll","background-type":"","background-media":"","overlay-type":"","overlay-color":"","overlay-opacity":"","overlay-gradient":""},"tablet":{"background-color":"var(--ast-global-color-5)","background-image":"","background-repeat":"repeat","background-position":"center center","background-size":"auto","background-attachment":"scroll","background-type":"","background-media":"","overlay-type":"","overlay-color":"","overlay-opacity":"","overlay-gradient":""},"mobile":{"background-color":"var(--ast-global-color-5)","background-image":"","background-repeat":"repeat","background-position":"center center","background-size":"auto","background-attachment":"scroll","background-type":"","background-media":"","overlay-type":"","overlay-color":"","overlay-opacity":"","overlay-gradient":""}}},"product_brand":[],"product_cat":[89],"product_tag":[],"class_list":{"0":"post-9238","1":"product","2":"type-product","3":"status-publish","4":"has-post-thumbnail","6":"product_cat-med-tattoo-es","7":"desktop-align-left","8":"tablet-align-left","9":"mobile-align-left","10":"ast-product-gallery-layout-horizontal-slider","11":"ast-product-gallery-with-no-image","12":"ast-product-tabs-layout-distributed","14":"first","15":"outofstock","16":"purchasable","17":"product-type-simple"},"yoast_head":"<!-- This site is optimized with the Yoast SEO plugin v27.4 - https:\/\/yoast.com\/product\/yoast-seo-wordpress\/ -->\n<title>MED.TATTOO DERMAFIX 10cm* 15cm 10uds l\u00e1mina protectora para tatuajes - MED.TATTOO<\/title>\n<meta name=\"robots\" content=\"index, follow, max-snippet:-1, max-image-preview:large, max-video-preview:-1\" \/>\n<link rel=\"canonical\" href=\"https:\/\/med.tattoo\/es\/producto\/med-tattoo-dermafix-10cm-15cm-10uds-lamina-protectora-para-tatuajes\/\" \/>\n<meta property=\"og:locale\" content=\"es_ES\" \/>\n<meta property=\"og:type\" content=\"article\" \/>\n<meta property=\"og:title\" content=\"MED.TATTOO DERMAFIX 10cm* 15cm 10uds l\u00e1mina protectora para tatuajes - MED.TATTOO\" \/>\n<meta property=\"og:description\" content=\"DERMAFIX es un producto sanitario, un ap\u00f3sito oclusivo fabricado con una fina pel\u00edcula de poliuretano flexible y suave. Com\u00fanmente conocido como SecondSkin, se adapta perfectamente a los contornos del cuerpo y protege as\u00ed la piel tatuada de infecciones e irritaciones. Es transparente, lo que permite observar la cicatrizaci\u00f3n del tatuaje sin tener que retirar el [&hellip;]\" \/>\n<meta property=\"og:url\" content=\"https:\/\/med.tattoo\/es\/producto\/med-tattoo-dermafix-10cm-15cm-10uds-lamina-protectora-para-tatuajes\/\" \/>\n<meta property=\"og:site_name\" content=\"MED.TATTOO\" \/>\n<meta property=\"article:publisher\" content=\"https:\/\/www.facebook.com\/profile.php?id=100084366705613\" \/>\n<meta name=\"twitter:card\" content=\"summary_large_image\" \/>\n<meta name=\"twitter:label1\" content=\"Tiempo de lectura\" \/>\n\t<meta name=\"twitter:data1\" content=\"1 minuto\" \/>\n<script type=\"application\/ld+json\" class=\"yoast-schema-graph\">{\"@context\":\"https:\\\/\\\/schema.org\",\"@graph\":[{\"@type\":\"WebPage\",\"@id\":\"https:\\\/\\\/med.tattoo\\\/es\\\/producto\\\/med-tattoo-dermafix-10cm-15cm-10uds-lamina-protectora-para-tatuajes\\\/\",\"url\":\"https:\\\/\\\/med.tattoo\\\/es\\\/producto\\\/med-tattoo-dermafix-10cm-15cm-10uds-lamina-protectora-para-tatuajes\\\/\",\"name\":\"MED.TATTOO DERMAFIX 10cm* 15cm 10uds l\u00e1mina protectora para tatuajes - MED.TATTOO\",\"isPartOf\":{\"@id\":\"https:\\\/\\\/med.tattoo\\\/es\\\/#website\"},\"primaryImageOfPage\":{\"@id\":\"https:\\\/\\\/med.tattoo\\\/es\\\/producto\\\/med-tattoo-dermafix-10cm-15cm-10uds-lamina-protectora-para-tatuajes\\\/#primaryimage\"},\"image\":{\"@id\":\"https:\\\/\\\/med.tattoo\\\/es\\\/producto\\\/med-tattoo-dermafix-10cm-15cm-10uds-lamina-protectora-para-tatuajes\\\/#primaryimage\"},\"thumbnailUrl\":\"https:\\\/\\\/med.tattoo\\\/wp-content\\\/uploads\\\/2025\\\/05\\\/260_med.tattoo-dermafix-10cm-15cm-10szt-folia-ochronn_1742990451.jpg\",\"datePublished\":\"2025-05-15T05:20:32+00:00\",\"breadcrumb\":{\"@id\":\"https:\\\/\\\/med.tattoo\\\/es\\\/producto\\\/med-tattoo-dermafix-10cm-15cm-10uds-lamina-protectora-para-tatuajes\\\/#breadcrumb\"},\"inLanguage\":\"es\",\"potentialAction\":[{\"@type\":\"ReadAction\",\"target\":[\"https:\\\/\\\/med.tattoo\\\/es\\\/producto\\\/med-tattoo-dermafix-10cm-15cm-10uds-lamina-protectora-para-tatuajes\\\/\"]}]},{\"@type\":\"ImageObject\",\"inLanguage\":\"es\",\"@id\":\"https:\\\/\\\/med.tattoo\\\/es\\\/producto\\\/med-tattoo-dermafix-10cm-15cm-10uds-lamina-protectora-para-tatuajes\\\/#primaryimage\",\"url\":\"https:\\\/\\\/med.tattoo\\\/wp-content\\\/uploads\\\/2025\\\/05\\\/260_med.tattoo-dermafix-10cm-15cm-10szt-folia-ochronn_1742990451.jpg\",\"contentUrl\":\"https:\\\/\\\/med.tattoo\\\/wp-content\\\/uploads\\\/2025\\\/05\\\/260_med.tattoo-dermafix-10cm-15cm-10szt-folia-ochronn_1742990451.jpg\",\"width\":1200,\"height\":777},{\"@type\":\"BreadcrumbList\",\"@id\":\"https:\\\/\\\/med.tattoo\\\/es\\\/producto\\\/med-tattoo-dermafix-10cm-15cm-10uds-lamina-protectora-para-tatuajes\\\/#breadcrumb\",\"itemListElement\":[{\"@type\":\"ListItem\",\"position\":1,\"name\":\"Strona G\u0142\u00f3wna\",\"item\":\"https:\\\/\\\/med.tattoo\\\/es\\\/\"},{\"@type\":\"ListItem\",\"position\":2,\"name\":\"Tienda\",\"item\":\"https:\\\/\\\/med.tattoo\\\/es\\\/tienda\\\/\"},{\"@type\":\"ListItem\",\"position\":3,\"name\":\"MED.TATTOO DERMAFIX 10cm* 15cm 10uds l\u00e1mina protectora para tatuajes\"}]},{\"@type\":\"WebSite\",\"@id\":\"https:\\\/\\\/med.tattoo\\\/es\\\/#website\",\"url\":\"https:\\\/\\\/med.tattoo\\\/es\\\/\",\"name\":\"MED.TATTOO\",\"description\":\"Wszystko dla Twojego tatua\u017cu\",\"publisher\":{\"@id\":\"https:\\\/\\\/med.tattoo\\\/es\\\/#organization\"},\"potentialAction\":[{\"@type\":\"SearchAction\",\"target\":{\"@type\":\"EntryPoint\",\"urlTemplate\":\"https:\\\/\\\/med.tattoo\\\/es\\\/?s={search_term_string}\"},\"query-input\":{\"@type\":\"PropertyValueSpecification\",\"valueRequired\":true,\"valueName\":\"search_term_string\"}}],\"inLanguage\":\"es\"},{\"@type\":\"Organization\",\"@id\":\"https:\\\/\\\/med.tattoo\\\/es\\\/#organization\",\"name\":\"MED.TATTOO\",\"url\":\"https:\\\/\\\/med.tattoo\\\/es\\\/\",\"logo\":{\"@type\":\"ImageObject\",\"inLanguage\":\"es\",\"@id\":\"https:\\\/\\\/med.tattoo\\\/es\\\/#\\\/schema\\\/logo\\\/image\\\/\",\"url\":\"https:\\\/\\\/med.tattoo\\\/wp-content\\\/uploads\\\/2025\\\/05\\\/Bez-tytulu-600S300-px-1-e1658908183800.png\",\"contentUrl\":\"https:\\\/\\\/med.tattoo\\\/wp-content\\\/uploads\\\/2025\\\/05\\\/Bez-tytulu-600S300-px-1-e1658908183800.png\",\"width\":600,\"height\":61,\"caption\":\"MED.TATTOO\"},\"image\":{\"@id\":\"https:\\\/\\\/med.tattoo\\\/es\\\/#\\\/schema\\\/logo\\\/image\\\/\"},\"sameAs\":[\"https:\\\/\\\/www.facebook.com\\\/profile.php?id=100084366705613\",\"https:\\\/\\\/www.instagram.com\\\/med.tattoo_official\\\/\"]}]}<\/script>\n<!-- \/ Yoast SEO plugin. -->","yoast_head_json":{"title":"MED.TATTOO DERMAFIX 10cm* 15cm 10uds l\u00e1mina protectora para tatuajes - MED.TATTOO","robots":{"index":"index","follow":"follow","max-snippet":"max-snippet:-1","max-image-preview":"max-image-preview:large","max-video-preview":"max-video-preview:-1"},"canonical":"https:\/\/med.tattoo\/es\/producto\/med-tattoo-dermafix-10cm-15cm-10uds-lamina-protectora-para-tatuajes\/","og_locale":"es_ES","og_type":"article","og_title":"MED.TATTOO DERMAFIX 10cm* 15cm 10uds l\u00e1mina protectora para tatuajes - MED.TATTOO","og_description":"DERMAFIX es un producto sanitario, un ap\u00f3sito oclusivo fabricado con una fina pel\u00edcula de poliuretano flexible y suave. Com\u00fanmente conocido como SecondSkin, se adapta perfectamente a los contornos del cuerpo y protege as\u00ed la piel tatuada de infecciones e irritaciones. Es transparente, lo que permite observar la cicatrizaci\u00f3n del tatuaje sin tener que retirar el [&hellip;]","og_url":"https:\/\/med.tattoo\/es\/producto\/med-tattoo-dermafix-10cm-15cm-10uds-lamina-protectora-para-tatuajes\/","og_site_name":"MED.TATTOO","article_publisher":"https:\/\/www.facebook.com\/profile.php?id=100084366705613","twitter_card":"summary_large_image","twitter_misc":{"Tiempo de lectura":"1 minuto"},"schema":{"@context":"https:\/\/schema.org","@graph":[{"@type":"WebPage","@id":"https:\/\/med.tattoo\/es\/producto\/med-tattoo-dermafix-10cm-15cm-10uds-lamina-protectora-para-tatuajes\/","url":"https:\/\/med.tattoo\/es\/producto\/med-tattoo-dermafix-10cm-15cm-10uds-lamina-protectora-para-tatuajes\/","name":"MED.TATTOO DERMAFIX 10cm* 15cm 10uds l\u00e1mina protectora para tatuajes - MED.TATTOO","isPartOf":{"@id":"https:\/\/med.tattoo\/es\/#website"},"primaryImageOfPage":{"@id":"https:\/\/med.tattoo\/es\/producto\/med-tattoo-dermafix-10cm-15cm-10uds-lamina-protectora-para-tatuajes\/#primaryimage"},"image":{"@id":"https:\/\/med.tattoo\/es\/producto\/med-tattoo-dermafix-10cm-15cm-10uds-lamina-protectora-para-tatuajes\/#primaryimage"},"thumbnailUrl":"https:\/\/med.tattoo\/wp-content\/uploads\/2025\/05\/260_med.tattoo-dermafix-10cm-15cm-10szt-folia-ochronn_1742990451.jpg","datePublished":"2025-05-15T05:20:32+00:00","breadcrumb":{"@id":"https:\/\/med.tattoo\/es\/producto\/med-tattoo-dermafix-10cm-15cm-10uds-lamina-protectora-para-tatuajes\/#breadcrumb"},"inLanguage":"es","potentialAction":[{"@type":"ReadAction","target":["https:\/\/med.tattoo\/es\/producto\/med-tattoo-dermafix-10cm-15cm-10uds-lamina-protectora-para-tatuajes\/"]}]},{"@type":"ImageObject","inLanguage":"es","@id":"https:\/\/med.tattoo\/es\/producto\/med-tattoo-dermafix-10cm-15cm-10uds-lamina-protectora-para-tatuajes\/#primaryimage","url":"https:\/\/med.tattoo\/wp-content\/uploads\/2025\/05\/260_med.tattoo-dermafix-10cm-15cm-10szt-folia-ochronn_1742990451.jpg","contentUrl":"https:\/\/med.tattoo\/wp-content\/uploads\/2025\/05\/260_med.tattoo-dermafix-10cm-15cm-10szt-folia-ochronn_1742990451.jpg","width":1200,"height":777},{"@type":"BreadcrumbList","@id":"https:\/\/med.tattoo\/es\/producto\/med-tattoo-dermafix-10cm-15cm-10uds-lamina-protectora-para-tatuajes\/#breadcrumb","itemListElement":[{"@type":"ListItem","position":1,"name":"Strona G\u0142\u00f3wna","item":"https:\/\/med.tattoo\/es\/"},{"@type":"ListItem","position":2,"name":"Tienda","item":"https:\/\/med.tattoo\/es\/tienda\/"},{"@type":"ListItem","position":3,"name":"MED.TATTOO DERMAFIX 10cm* 15cm 10uds l\u00e1mina protectora para tatuajes"}]},{"@type":"WebSite","@id":"https:\/\/med.tattoo\/es\/#website","url":"https:\/\/med.tattoo\/es\/","name":"MED.TATTOO","description":"Wszystko dla Twojego tatua\u017cu","publisher":{"@id":"https:\/\/med.tattoo\/es\/#organization"},"potentialAction":[{"@type":"SearchAction","target":{"@type":"EntryPoint","urlTemplate":"https:\/\/med.tattoo\/es\/?s={search_term_string}"},"query-input":{"@type":"PropertyValueSpecification","valueRequired":true,"valueName":"search_term_string"}}],"inLanguage":"es"},{"@type":"Organization","@id":"https:\/\/med.tattoo\/es\/#organization","name":"MED.TATTOO","url":"https:\/\/med.tattoo\/es\/","logo":{"@type":"ImageObject","inLanguage":"es","@id":"https:\/\/med.tattoo\/es\/#\/schema\/logo\/image\/","url":"https:\/\/med.tattoo\/wp-content\/uploads\/2025\/05\/Bez-tytulu-600S300-px-1-e1658908183800.png","contentUrl":"https:\/\/med.tattoo\/wp-content\/uploads\/2025\/05\/Bez-tytulu-600S300-px-1-e1658908183800.png","width":600,"height":61,"caption":"MED.TATTOO"},"image":{"@id":"https:\/\/med.tattoo\/es\/#\/schema\/logo\/image\/"},"sameAs":["https:\/\/www.facebook.com\/profile.php?id=100084366705613","https:\/\/www.instagram.com\/med.tattoo_official\/"]}]}},"_links":{"self":[{"href":"https:\/\/med.tattoo\/es\/wp-json\/wp\/v2\/product\/9238","targetHints":{"allow":["GET"]}}],"collection":[{"href":"https:\/\/med.tattoo\/es\/wp-json\/wp\/v2\/product"}],"about":[{"href":"https:\/\/med.tattoo\/es\/wp-json\/wp\/v2\/types\/product"}],"replies":[{"embeddable":true,"href":"https:\/\/med.tattoo\/es\/wp-json\/wp\/v2\/comments?post=9238"}],"wp:featuredmedia":[{"embeddable":true,"href":"https:\/\/med.tattoo\/es\/wp-json\/wp\/v2\/media\/7286"}],"wp:attachment":[{"href":"https:\/\/med.tattoo\/es\/wp-json\/wp\/v2\/media?parent=9238"}],"wp:term":[{"taxonomy":"product_brand","embeddable":true,"href":"https:\/\/med.tattoo\/es\/wp-json\/wp\/v2\/product_brand?post=9238"},{"taxonomy":"product_cat","embeddable":true,"href":"https:\/\/med.tattoo\/es\/wp-json\/wp\/v2\/product_cat?post=9238"},{"taxonomy":"product_tag","embeddable":true,"href":"https:\/\/med.tattoo\/es\/wp-json\/wp\/v2\/product_tag?post=9238"}],"curies":[{"name":"wp","href":"https:\/\/api.w.org\/{rel}","templated":true}]}}