{"id":9362,"date":"2025-05-15T07:31:03","date_gmt":"2025-05-15T05:31:03","guid":{"rendered":"https:\/\/med.tattoo\/produkt\/toallas-de-papel-3345cm-100uds-azul\/"},"modified":"2025-05-15T07:31:03","modified_gmt":"2025-05-15T05:31:03","slug":"toallas-de-papel-3345cm-100uds-azul","status":"publish","type":"product","link":"https:\/\/med.tattoo\/es\/producto\/toallas-de-papel-3345cm-100uds-azul\/","title":{"rendered":"Toallas de papel 33*45cm 100uds azul"},"content":{"rendered":"<p>Una almohadilla hecha de papel de seda y papel de aluminio, ideal como almohadilla protectora contra la suciedad y las operaciones cosm\u00e9ticas en las que hay humedad, agua y sustancias densas y pegajosas.<br \/>\nUna almohadilla hecha de papel de seda y papel de aluminio para su uso en cosm\u00e9tica, odontolog\u00eda y medicina.<\/p>\n<p>Caracter\u00edsticas:<\/p>\n<p>por un lado hay un delicado y a la vez fuerte papel tis\u00fa con relieve decorativo, y por el otro hay una delicada l\u00e1mina que protege contra la penetraci\u00f3n de la humedad,<br \/>\nla servilleta es delicada al tacto,<br \/>\nprotege las encimeras de los muebles, la tapicer\u00eda de cuero de las sillas de cosm\u00e9tica, sillones de podolog\u00eda y odontolog\u00eda de mojarse o mancharse,<br \/>\nlas servilletas se utilizan en cosm\u00e9tica, peluquer\u00eda, medicina, gastronom\u00eda,<br \/>\nse caracterizan por su alta resistencia mec\u00e1nica,<br \/>\nel producto est\u00e1 registrado en la Oficina de Registro de Medicamentos, Productos Sanitarios y Biocidas (IVA8%)<\/p>\n<p>&#8216; Anchura de la secci\u00f3n &#8211; 33 cm, longitud de la secci\u00f3n &#8211; 45 cm<\/p>\n<p>&#8216; Dos capas de papel tis\u00fa proporcionan una excelente absorci\u00f3n de l\u00edquidos<\/p>\n<p>&#8216; La capa de pel\u00edcula protege contra el empapamiento<\/p>\n<p>&#8216; Las cubiertas protectoras desechables suponen un 100% de higiene durante el tratamiento y el examen<\/p>\n<p>&#8216; Las principales aplicaciones son en hospitales, cl\u00ednicas y consultas m\u00e9dicas<\/p>\n","protected":false},"excerpt":{"rendered":"<p>Una almohadilla hecha de papel de seda y papel de aluminio, ideal como almohadilla protectora contra la suciedad y las operaciones cosm\u00e9ticas en las que hay humedad, agua y sustancias densas y pegajosas. Una almohadilla hecha de papel de seda y papel de aluminio para su uso en cosm\u00e9tica, odontolog\u00eda y medicina. Caracter\u00edsticas: por un [&hellip;]<\/p>\n","protected":false},"featured_media":8024,"comment_status":"closed","ping_status":"open","template":"","meta":{"site-sidebar-layout":"default","site-content-layout":"","ast-site-content-layout":"default","site-content-style":"default","site-sidebar-style":"default","ast-global-header-display":"","ast-banner-title-visibility":"","ast-main-header-display":"","ast-hfb-above-header-display":"","ast-hfb-below-header-display":"","ast-hfb-mobile-header-display":"","site-post-title":"","ast-breadcrumbs-content":"","ast-featured-img":"","footer-sml-layout":"","ast-disable-related-posts":"","theme-transparent-header-meta":"","adv-header-id-meta":"","stick-header-meta":"","header-above-stick-meta":"","header-main-stick-meta":"","header-below-stick-meta":"","astra-migrate-meta-layouts":"default","ast-page-background-enabled":"default","ast-page-background-meta":{"desktop":{"background-color":"var(--ast-global-color-4)","background-image":"","background-repeat":"repeat","background-position":"center center","background-size":"auto","background-attachment":"scroll","background-type":"","background-media":"","overlay-type":"","overlay-color":"","overlay-opacity":"","overlay-gradient":""},"tablet":{"background-color":"","background-image":"","background-repeat":"repeat","background-position":"center center","background-size":"auto","background-attachment":"scroll","background-type":"","background-media":"","overlay-type":"","overlay-color":"","overlay-opacity":"","overlay-gradient":""},"mobile":{"background-color":"","background-image":"","background-repeat":"repeat","background-position":"center center","background-size":"auto","background-attachment":"scroll","background-type":"","background-media":"","overlay-type":"","overlay-color":"","overlay-opacity":"","overlay-gradient":""}},"ast-content-background-meta":{"desktop":{"background-color":"var(--ast-global-color-5)","background-image":"","background-repeat":"repeat","background-position":"center center","background-size":"auto","background-attachment":"scroll","background-type":"","background-media":"","overlay-type":"","overlay-color":"","overlay-opacity":"","overlay-gradient":""},"tablet":{"background-color":"var(--ast-global-color-5)","background-image":"","background-repeat":"repeat","background-position":"center center","background-size":"auto","background-attachment":"scroll","background-type":"","background-media":"","overlay-type":"","overlay-color":"","overlay-opacity":"","overlay-gradient":""},"mobile":{"background-color":"var(--ast-global-color-5)","background-image":"","background-repeat":"repeat","background-position":"center center","background-size":"auto","background-attachment":"scroll","background-type":"","background-media":"","overlay-type":"","overlay-color":"","overlay-opacity":"","overlay-gradient":""}}},"product_brand":[],"product_cat":[89],"product_tag":[],"class_list":{"0":"post-9362","1":"product","2":"type-product","3":"status-publish","4":"has-post-thumbnail","6":"product_cat-med-tattoo-es","7":"desktop-align-left","8":"tablet-align-left","9":"mobile-align-left","10":"ast-product-gallery-layout-horizontal-slider","11":"ast-product-gallery-with-no-image","12":"ast-product-tabs-layout-distributed","14":"first","15":"instock","16":"purchasable","17":"product-type-simple"},"yoast_head":"<!-- This site is optimized with the Yoast SEO plugin v27.3 - https:\/\/yoast.com\/product\/yoast-seo-wordpress\/ -->\n<title>Toallas de papel 33*45cm 100uds azul - MED.TATTOO<\/title>\n<meta name=\"robots\" content=\"index, follow, max-snippet:-1, max-image-preview:large, max-video-preview:-1\" \/>\n<link rel=\"canonical\" href=\"https:\/\/med.tattoo\/es\/producto\/toallas-de-papel-3345cm-100uds-azul\/\" \/>\n<meta property=\"og:locale\" content=\"es_ES\" \/>\n<meta property=\"og:type\" content=\"article\" \/>\n<meta property=\"og:title\" content=\"Toallas de papel 33*45cm 100uds azul - MED.TATTOO\" \/>\n<meta property=\"og:description\" content=\"Una almohadilla hecha de papel de seda y papel de aluminio, ideal como almohadilla protectora contra la suciedad y las operaciones cosm\u00e9ticas en las que hay humedad, agua y sustancias densas y pegajosas. Una almohadilla hecha de papel de seda y papel de aluminio para su uso en cosm\u00e9tica, odontolog\u00eda y medicina. Caracter\u00edsticas: por un [&hellip;]\" \/>\n<meta property=\"og:url\" content=\"https:\/\/med.tattoo\/es\/producto\/toallas-de-papel-3345cm-100uds-azul\/\" \/>\n<meta property=\"og:site_name\" content=\"MED.TATTOO\" \/>\n<meta property=\"article:publisher\" content=\"https:\/\/www.facebook.com\/profile.php?id=100084366705613\" \/>\n<meta name=\"twitter:card\" content=\"summary_large_image\" \/>\n<meta name=\"twitter:label1\" content=\"Tiempo de lectura\" \/>\n\t<meta name=\"twitter:data1\" content=\"1 minuto\" \/>\n<script type=\"application\/ld+json\" class=\"yoast-schema-graph\">{\"@context\":\"https:\\\/\\\/schema.org\",\"@graph\":[{\"@type\":\"WebPage\",\"@id\":\"https:\\\/\\\/med.tattoo\\\/es\\\/producto\\\/toallas-de-papel-3345cm-100uds-azul\\\/\",\"url\":\"https:\\\/\\\/med.tattoo\\\/es\\\/producto\\\/toallas-de-papel-3345cm-100uds-azul\\\/\",\"name\":\"Toallas de papel 33*45cm 100uds azul - MED.TATTOO\",\"isPartOf\":{\"@id\":\"https:\\\/\\\/med.tattoo\\\/es\\\/#website\"},\"primaryImageOfPage\":{\"@id\":\"https:\\\/\\\/med.tattoo\\\/es\\\/producto\\\/toallas-de-papel-3345cm-100uds-azul\\\/#primaryimage\"},\"image\":{\"@id\":\"https:\\\/\\\/med.tattoo\\\/es\\\/producto\\\/toallas-de-papel-3345cm-100uds-azul\\\/#primaryimage\"},\"thumbnailUrl\":\"https:\\\/\\\/med.tattoo\\\/wp-content\\\/uploads\\\/2025\\\/05\\\/1052_serwety-podfoliowane-33-45cm-100szt-niebieskie_1744006864.png\",\"datePublished\":\"2025-05-15T05:31:03+00:00\",\"breadcrumb\":{\"@id\":\"https:\\\/\\\/med.tattoo\\\/es\\\/producto\\\/toallas-de-papel-3345cm-100uds-azul\\\/#breadcrumb\"},\"inLanguage\":\"es\",\"potentialAction\":[{\"@type\":\"ReadAction\",\"target\":[\"https:\\\/\\\/med.tattoo\\\/es\\\/producto\\\/toallas-de-papel-3345cm-100uds-azul\\\/\"]}]},{\"@type\":\"ImageObject\",\"inLanguage\":\"es\",\"@id\":\"https:\\\/\\\/med.tattoo\\\/es\\\/producto\\\/toallas-de-papel-3345cm-100uds-azul\\\/#primaryimage\",\"url\":\"https:\\\/\\\/med.tattoo\\\/wp-content\\\/uploads\\\/2025\\\/05\\\/1052_serwety-podfoliowane-33-45cm-100szt-niebieskie_1744006864.png\",\"contentUrl\":\"https:\\\/\\\/med.tattoo\\\/wp-content\\\/uploads\\\/2025\\\/05\\\/1052_serwety-podfoliowane-33-45cm-100szt-niebieskie_1744006864.png\",\"width\":758,\"height\":563},{\"@type\":\"BreadcrumbList\",\"@id\":\"https:\\\/\\\/med.tattoo\\\/es\\\/producto\\\/toallas-de-papel-3345cm-100uds-azul\\\/#breadcrumb\",\"itemListElement\":[{\"@type\":\"ListItem\",\"position\":1,\"name\":\"Strona G\u0142\u00f3wna\",\"item\":\"https:\\\/\\\/med.tattoo\\\/es\\\/\"},{\"@type\":\"ListItem\",\"position\":2,\"name\":\"Tienda\",\"item\":\"https:\\\/\\\/med.tattoo\\\/es\\\/tienda\\\/\"},{\"@type\":\"ListItem\",\"position\":3,\"name\":\"Toallas de papel 33*45cm 100uds azul\"}]},{\"@type\":\"WebSite\",\"@id\":\"https:\\\/\\\/med.tattoo\\\/es\\\/#website\",\"url\":\"https:\\\/\\\/med.tattoo\\\/es\\\/\",\"name\":\"MED.TATTOO\",\"description\":\"Wszystko dla Twojego tatua\u017cu\",\"publisher\":{\"@id\":\"https:\\\/\\\/med.tattoo\\\/es\\\/#organization\"},\"potentialAction\":[{\"@type\":\"SearchAction\",\"target\":{\"@type\":\"EntryPoint\",\"urlTemplate\":\"https:\\\/\\\/med.tattoo\\\/es\\\/?s={search_term_string}\"},\"query-input\":{\"@type\":\"PropertyValueSpecification\",\"valueRequired\":true,\"valueName\":\"search_term_string\"}}],\"inLanguage\":\"es\"},{\"@type\":\"Organization\",\"@id\":\"https:\\\/\\\/med.tattoo\\\/es\\\/#organization\",\"name\":\"MED.TATTOO\",\"url\":\"https:\\\/\\\/med.tattoo\\\/es\\\/\",\"logo\":{\"@type\":\"ImageObject\",\"inLanguage\":\"es\",\"@id\":\"https:\\\/\\\/med.tattoo\\\/es\\\/#\\\/schema\\\/logo\\\/image\\\/\",\"url\":\"https:\\\/\\\/med.tattoo\\\/wp-content\\\/uploads\\\/2025\\\/05\\\/Bez-tytulu-600S300-px-1-e1658908183800.png\",\"contentUrl\":\"https:\\\/\\\/med.tattoo\\\/wp-content\\\/uploads\\\/2025\\\/05\\\/Bez-tytulu-600S300-px-1-e1658908183800.png\",\"width\":600,\"height\":61,\"caption\":\"MED.TATTOO\"},\"image\":{\"@id\":\"https:\\\/\\\/med.tattoo\\\/es\\\/#\\\/schema\\\/logo\\\/image\\\/\"},\"sameAs\":[\"https:\\\/\\\/www.facebook.com\\\/profile.php?id=100084366705613\",\"https:\\\/\\\/www.instagram.com\\\/med.tattoo_official\\\/\"]}]}<\/script>\n<!-- \/ Yoast SEO plugin. -->","yoast_head_json":{"title":"Toallas de papel 33*45cm 100uds azul - MED.TATTOO","robots":{"index":"index","follow":"follow","max-snippet":"max-snippet:-1","max-image-preview":"max-image-preview:large","max-video-preview":"max-video-preview:-1"},"canonical":"https:\/\/med.tattoo\/es\/producto\/toallas-de-papel-3345cm-100uds-azul\/","og_locale":"es_ES","og_type":"article","og_title":"Toallas de papel 33*45cm 100uds azul - MED.TATTOO","og_description":"Una almohadilla hecha de papel de seda y papel de aluminio, ideal como almohadilla protectora contra la suciedad y las operaciones cosm\u00e9ticas en las que hay humedad, agua y sustancias densas y pegajosas. Una almohadilla hecha de papel de seda y papel de aluminio para su uso en cosm\u00e9tica, odontolog\u00eda y medicina. Caracter\u00edsticas: por un [&hellip;]","og_url":"https:\/\/med.tattoo\/es\/producto\/toallas-de-papel-3345cm-100uds-azul\/","og_site_name":"MED.TATTOO","article_publisher":"https:\/\/www.facebook.com\/profile.php?id=100084366705613","twitter_card":"summary_large_image","twitter_misc":{"Tiempo de lectura":"1 minuto"},"schema":{"@context":"https:\/\/schema.org","@graph":[{"@type":"WebPage","@id":"https:\/\/med.tattoo\/es\/producto\/toallas-de-papel-3345cm-100uds-azul\/","url":"https:\/\/med.tattoo\/es\/producto\/toallas-de-papel-3345cm-100uds-azul\/","name":"Toallas de papel 33*45cm 100uds azul - MED.TATTOO","isPartOf":{"@id":"https:\/\/med.tattoo\/es\/#website"},"primaryImageOfPage":{"@id":"https:\/\/med.tattoo\/es\/producto\/toallas-de-papel-3345cm-100uds-azul\/#primaryimage"},"image":{"@id":"https:\/\/med.tattoo\/es\/producto\/toallas-de-papel-3345cm-100uds-azul\/#primaryimage"},"thumbnailUrl":"https:\/\/med.tattoo\/wp-content\/uploads\/2025\/05\/1052_serwety-podfoliowane-33-45cm-100szt-niebieskie_1744006864.png","datePublished":"2025-05-15T05:31:03+00:00","breadcrumb":{"@id":"https:\/\/med.tattoo\/es\/producto\/toallas-de-papel-3345cm-100uds-azul\/#breadcrumb"},"inLanguage":"es","potentialAction":[{"@type":"ReadAction","target":["https:\/\/med.tattoo\/es\/producto\/toallas-de-papel-3345cm-100uds-azul\/"]}]},{"@type":"ImageObject","inLanguage":"es","@id":"https:\/\/med.tattoo\/es\/producto\/toallas-de-papel-3345cm-100uds-azul\/#primaryimage","url":"https:\/\/med.tattoo\/wp-content\/uploads\/2025\/05\/1052_serwety-podfoliowane-33-45cm-100szt-niebieskie_1744006864.png","contentUrl":"https:\/\/med.tattoo\/wp-content\/uploads\/2025\/05\/1052_serwety-podfoliowane-33-45cm-100szt-niebieskie_1744006864.png","width":758,"height":563},{"@type":"BreadcrumbList","@id":"https:\/\/med.tattoo\/es\/producto\/toallas-de-papel-3345cm-100uds-azul\/#breadcrumb","itemListElement":[{"@type":"ListItem","position":1,"name":"Strona G\u0142\u00f3wna","item":"https:\/\/med.tattoo\/es\/"},{"@type":"ListItem","position":2,"name":"Tienda","item":"https:\/\/med.tattoo\/es\/tienda\/"},{"@type":"ListItem","position":3,"name":"Toallas de papel 33*45cm 100uds azul"}]},{"@type":"WebSite","@id":"https:\/\/med.tattoo\/es\/#website","url":"https:\/\/med.tattoo\/es\/","name":"MED.TATTOO","description":"Wszystko dla Twojego tatua\u017cu","publisher":{"@id":"https:\/\/med.tattoo\/es\/#organization"},"potentialAction":[{"@type":"SearchAction","target":{"@type":"EntryPoint","urlTemplate":"https:\/\/med.tattoo\/es\/?s={search_term_string}"},"query-input":{"@type":"PropertyValueSpecification","valueRequired":true,"valueName":"search_term_string"}}],"inLanguage":"es"},{"@type":"Organization","@id":"https:\/\/med.tattoo\/es\/#organization","name":"MED.TATTOO","url":"https:\/\/med.tattoo\/es\/","logo":{"@type":"ImageObject","inLanguage":"es","@id":"https:\/\/med.tattoo\/es\/#\/schema\/logo\/image\/","url":"https:\/\/med.tattoo\/wp-content\/uploads\/2025\/05\/Bez-tytulu-600S300-px-1-e1658908183800.png","contentUrl":"https:\/\/med.tattoo\/wp-content\/uploads\/2025\/05\/Bez-tytulu-600S300-px-1-e1658908183800.png","width":600,"height":61,"caption":"MED.TATTOO"},"image":{"@id":"https:\/\/med.tattoo\/es\/#\/schema\/logo\/image\/"},"sameAs":["https:\/\/www.facebook.com\/profile.php?id=100084366705613","https:\/\/www.instagram.com\/med.tattoo_official\/"]}]}},"_links":{"self":[{"href":"https:\/\/med.tattoo\/es\/wp-json\/wp\/v2\/product\/9362","targetHints":{"allow":["GET"]}}],"collection":[{"href":"https:\/\/med.tattoo\/es\/wp-json\/wp\/v2\/product"}],"about":[{"href":"https:\/\/med.tattoo\/es\/wp-json\/wp\/v2\/types\/product"}],"replies":[{"embeddable":true,"href":"https:\/\/med.tattoo\/es\/wp-json\/wp\/v2\/comments?post=9362"}],"wp:featuredmedia":[{"embeddable":true,"href":"https:\/\/med.tattoo\/es\/wp-json\/wp\/v2\/media\/8024"}],"wp:attachment":[{"href":"https:\/\/med.tattoo\/es\/wp-json\/wp\/v2\/media?parent=9362"}],"wp:term":[{"taxonomy":"product_brand","embeddable":true,"href":"https:\/\/med.tattoo\/es\/wp-json\/wp\/v2\/product_brand?post=9362"},{"taxonomy":"product_cat","embeddable":true,"href":"https:\/\/med.tattoo\/es\/wp-json\/wp\/v2\/product_cat?post=9362"},{"taxonomy":"product_tag","embeddable":true,"href":"https:\/\/med.tattoo\/es\/wp-json\/wp\/v2\/product_tag?post=9362"}],"curies":[{"name":"wp","href":"https:\/\/api.w.org\/{rel}","templated":true}]}}