{"id":9470,"date":"2025-05-15T07:39:29","date_gmt":"2025-05-15T05:39:29","guid":{"rendered":"https:\/\/med.tattoo\/produkt\/afeitadora-quirurgica-de-doble-hoja-8-1ud\/"},"modified":"2025-05-15T07:39:29","modified_gmt":"2025-05-15T05:39:29","slug":"afeitadora-quirurgica-de-doble-hoja-8-1ud","status":"publish","type":"product","link":"https:\/\/med.tattoo\/es\/producto\/afeitadora-quirurgica-de-doble-hoja-8-1ud\/","title":{"rendered":"Afeitadora quir\u00fargica de doble hoja 8% 1ud."},"content":{"rendered":"<p>Maquinilla de afeitar desechable de doble hoja . El mango de la maquinilla es de pl\u00e1stico. Sirven para eliminar el vello corporal de forma muy c\u00f3moda y segura. Las maquinillas no son est\u00e9riles, pero tambi\u00e9n est\u00e1n fabricadas en acero inoxidable de alta calidad. La doble hoja est\u00e1 lo suficientemente afilada como para dar a la zona afeitada un acabado muy suave. Las maquinillas desechables se utilizan principalmente para afeitar zonas concretas del cuerpo justo antes de procedimientos m\u00e9dicos o cosm\u00e9ticos. Tambi\u00e9n se utilizan en los hogares. Las maquinillas de afeitar son muy f\u00e1ciles de usar y tambi\u00e9n resultan extremadamente c\u00f3modas. La doble hoja se adapta perfectamente al cuerpo. Los cabezales de las maquinillas desechables est\u00e1n protegidos por protectores de pl\u00e1stico para que no se da\u00f1en durante el transporte.         <\/p>\n","protected":false},"excerpt":{"rendered":"<p>Maquinilla de afeitar desechable de doble hoja . El mango de la maquinilla es de pl\u00e1stico. Sirven para eliminar el vello corporal de forma muy c\u00f3moda y segura. Las maquinillas no son est\u00e9riles, pero tambi\u00e9n est\u00e1n fabricadas en acero inoxidable de alta calidad. La doble hoja est\u00e1 lo suficientemente afilada como para dar a la [&hellip;]<\/p>\n","protected":false},"featured_media":8399,"comment_status":"closed","ping_status":"open","template":"","meta":{"site-sidebar-layout":"default","site-content-layout":"","ast-site-content-layout":"default","site-content-style":"default","site-sidebar-style":"default","ast-global-header-display":"","ast-banner-title-visibility":"","ast-main-header-display":"","ast-hfb-above-header-display":"","ast-hfb-below-header-display":"","ast-hfb-mobile-header-display":"","site-post-title":"","ast-breadcrumbs-content":"","ast-featured-img":"","footer-sml-layout":"","ast-disable-related-posts":"","theme-transparent-header-meta":"","adv-header-id-meta":"","stick-header-meta":"","header-above-stick-meta":"","header-main-stick-meta":"","header-below-stick-meta":"","astra-migrate-meta-layouts":"default","ast-page-background-enabled":"default","ast-page-background-meta":{"desktop":{"background-color":"var(--ast-global-color-4)","background-image":"","background-repeat":"repeat","background-position":"center center","background-size":"auto","background-attachment":"scroll","background-type":"","background-media":"","overlay-type":"","overlay-color":"","overlay-opacity":"","overlay-gradient":""},"tablet":{"background-color":"","background-image":"","background-repeat":"repeat","background-position":"center center","background-size":"auto","background-attachment":"scroll","background-type":"","background-media":"","overlay-type":"","overlay-color":"","overlay-opacity":"","overlay-gradient":""},"mobile":{"background-color":"","background-image":"","background-repeat":"repeat","background-position":"center center","background-size":"auto","background-attachment":"scroll","background-type":"","background-media":"","overlay-type":"","overlay-color":"","overlay-opacity":"","overlay-gradient":""}},"ast-content-background-meta":{"desktop":{"background-color":"var(--ast-global-color-5)","background-image":"","background-repeat":"repeat","background-position":"center center","background-size":"auto","background-attachment":"scroll","background-type":"","background-media":"","overlay-type":"","overlay-color":"","overlay-opacity":"","overlay-gradient":""},"tablet":{"background-color":"var(--ast-global-color-5)","background-image":"","background-repeat":"repeat","background-position":"center center","background-size":"auto","background-attachment":"scroll","background-type":"","background-media":"","overlay-type":"","overlay-color":"","overlay-opacity":"","overlay-gradient":""},"mobile":{"background-color":"var(--ast-global-color-5)","background-image":"","background-repeat":"repeat","background-position":"center center","background-size":"auto","background-attachment":"scroll","background-type":"","background-media":"","overlay-type":"","overlay-color":"","overlay-opacity":"","overlay-gradient":""}}},"product_brand":[],"product_cat":[89],"product_tag":[],"class_list":{"0":"post-9470","1":"product","2":"type-product","3":"status-publish","4":"has-post-thumbnail","6":"product_cat-med-tattoo-es","7":"desktop-align-left","8":"tablet-align-left","9":"mobile-align-left","10":"ast-product-gallery-layout-horizontal-slider","11":"ast-product-gallery-with-no-image","12":"ast-product-tabs-layout-distributed","14":"first","15":"instock","16":"purchasable","17":"product-type-simple"},"yoast_head":"<!-- This site is optimized with the Yoast SEO plugin v27.4 - https:\/\/yoast.com\/product\/yoast-seo-wordpress\/ -->\n<title>Afeitadora quir\u00fargica de doble hoja 8% 1ud. - MED.TATTOO<\/title>\n<meta name=\"robots\" content=\"index, follow, max-snippet:-1, max-image-preview:large, max-video-preview:-1\" \/>\n<link rel=\"canonical\" href=\"https:\/\/med.tattoo\/es\/producto\/afeitadora-quirurgica-de-doble-hoja-8-1ud\/\" \/>\n<meta property=\"og:locale\" content=\"es_ES\" \/>\n<meta property=\"og:type\" content=\"article\" \/>\n<meta property=\"og:title\" content=\"Afeitadora quir\u00fargica de doble hoja 8% 1ud. - MED.TATTOO\" \/>\n<meta property=\"og:description\" content=\"Maquinilla de afeitar desechable de doble hoja . El mango de la maquinilla es de pl\u00e1stico. Sirven para eliminar el vello corporal de forma muy c\u00f3moda y segura. Las maquinillas no son est\u00e9riles, pero tambi\u00e9n est\u00e1n fabricadas en acero inoxidable de alta calidad. La doble hoja est\u00e1 lo suficientemente afilada como para dar a la [&hellip;]\" \/>\n<meta property=\"og:url\" content=\"https:\/\/med.tattoo\/es\/producto\/afeitadora-quirurgica-de-doble-hoja-8-1ud\/\" \/>\n<meta property=\"og:site_name\" content=\"MED.TATTOO\" \/>\n<meta property=\"article:publisher\" content=\"https:\/\/www.facebook.com\/profile.php?id=100084366705613\" \/>\n<meta name=\"twitter:card\" content=\"summary_large_image\" \/>\n<meta name=\"twitter:label1\" content=\"Tiempo de lectura\" \/>\n\t<meta name=\"twitter:data1\" content=\"1 minuto\" \/>\n<script type=\"application\/ld+json\" class=\"yoast-schema-graph\">{\"@context\":\"https:\\\/\\\/schema.org\",\"@graph\":[{\"@type\":\"WebPage\",\"@id\":\"https:\\\/\\\/med.tattoo\\\/es\\\/producto\\\/afeitadora-quirurgica-de-doble-hoja-8-1ud\\\/\",\"url\":\"https:\\\/\\\/med.tattoo\\\/es\\\/producto\\\/afeitadora-quirurgica-de-doble-hoja-8-1ud\\\/\",\"name\":\"Afeitadora quir\u00fargica de doble hoja 8% 1ud. - MED.TATTOO\",\"isPartOf\":{\"@id\":\"https:\\\/\\\/med.tattoo\\\/es\\\/#website\"},\"primaryImageOfPage\":{\"@id\":\"https:\\\/\\\/med.tattoo\\\/es\\\/producto\\\/afeitadora-quirurgica-de-doble-hoja-8-1ud\\\/#primaryimage\"},\"image\":{\"@id\":\"https:\\\/\\\/med.tattoo\\\/es\\\/producto\\\/afeitadora-quirurgica-de-doble-hoja-8-1ud\\\/#primaryimage\"},\"thumbnailUrl\":\"https:\\\/\\\/med.tattoo\\\/wp-content\\\/uploads\\\/2025\\\/05\\\/130_golarka-j.u.-chirurgiczna.-z-podwojnym-ostrz-8-_1742990450.png\",\"datePublished\":\"2025-05-15T05:39:29+00:00\",\"breadcrumb\":{\"@id\":\"https:\\\/\\\/med.tattoo\\\/es\\\/producto\\\/afeitadora-quirurgica-de-doble-hoja-8-1ud\\\/#breadcrumb\"},\"inLanguage\":\"es\",\"potentialAction\":[{\"@type\":\"ReadAction\",\"target\":[\"https:\\\/\\\/med.tattoo\\\/es\\\/producto\\\/afeitadora-quirurgica-de-doble-hoja-8-1ud\\\/\"]}]},{\"@type\":\"ImageObject\",\"inLanguage\":\"es\",\"@id\":\"https:\\\/\\\/med.tattoo\\\/es\\\/producto\\\/afeitadora-quirurgica-de-doble-hoja-8-1ud\\\/#primaryimage\",\"url\":\"https:\\\/\\\/med.tattoo\\\/wp-content\\\/uploads\\\/2025\\\/05\\\/130_golarka-j.u.-chirurgiczna.-z-podwojnym-ostrz-8-_1742990450.png\",\"contentUrl\":\"https:\\\/\\\/med.tattoo\\\/wp-content\\\/uploads\\\/2025\\\/05\\\/130_golarka-j.u.-chirurgiczna.-z-podwojnym-ostrz-8-_1742990450.png\",\"width\":407,\"height\":375},{\"@type\":\"BreadcrumbList\",\"@id\":\"https:\\\/\\\/med.tattoo\\\/es\\\/producto\\\/afeitadora-quirurgica-de-doble-hoja-8-1ud\\\/#breadcrumb\",\"itemListElement\":[{\"@type\":\"ListItem\",\"position\":1,\"name\":\"Strona G\u0142\u00f3wna\",\"item\":\"https:\\\/\\\/med.tattoo\\\/es\\\/\"},{\"@type\":\"ListItem\",\"position\":2,\"name\":\"Tienda\",\"item\":\"https:\\\/\\\/med.tattoo\\\/es\\\/tienda\\\/\"},{\"@type\":\"ListItem\",\"position\":3,\"name\":\"Afeitadora quir\u00fargica de doble hoja 8% 1ud.\"}]},{\"@type\":\"WebSite\",\"@id\":\"https:\\\/\\\/med.tattoo\\\/es\\\/#website\",\"url\":\"https:\\\/\\\/med.tattoo\\\/es\\\/\",\"name\":\"MED.TATTOO\",\"description\":\"Wszystko dla Twojego tatua\u017cu\",\"publisher\":{\"@id\":\"https:\\\/\\\/med.tattoo\\\/es\\\/#organization\"},\"potentialAction\":[{\"@type\":\"SearchAction\",\"target\":{\"@type\":\"EntryPoint\",\"urlTemplate\":\"https:\\\/\\\/med.tattoo\\\/es\\\/?s={search_term_string}\"},\"query-input\":{\"@type\":\"PropertyValueSpecification\",\"valueRequired\":true,\"valueName\":\"search_term_string\"}}],\"inLanguage\":\"es\"},{\"@type\":\"Organization\",\"@id\":\"https:\\\/\\\/med.tattoo\\\/es\\\/#organization\",\"name\":\"MED.TATTOO\",\"url\":\"https:\\\/\\\/med.tattoo\\\/es\\\/\",\"logo\":{\"@type\":\"ImageObject\",\"inLanguage\":\"es\",\"@id\":\"https:\\\/\\\/med.tattoo\\\/es\\\/#\\\/schema\\\/logo\\\/image\\\/\",\"url\":\"https:\\\/\\\/med.tattoo\\\/wp-content\\\/uploads\\\/2025\\\/05\\\/Bez-tytulu-600S300-px-1-e1658908183800.png\",\"contentUrl\":\"https:\\\/\\\/med.tattoo\\\/wp-content\\\/uploads\\\/2025\\\/05\\\/Bez-tytulu-600S300-px-1-e1658908183800.png\",\"width\":600,\"height\":61,\"caption\":\"MED.TATTOO\"},\"image\":{\"@id\":\"https:\\\/\\\/med.tattoo\\\/es\\\/#\\\/schema\\\/logo\\\/image\\\/\"},\"sameAs\":[\"https:\\\/\\\/www.facebook.com\\\/profile.php?id=100084366705613\",\"https:\\\/\\\/www.instagram.com\\\/med.tattoo_official\\\/\"]}]}<\/script>\n<!-- \/ Yoast SEO plugin. -->","yoast_head_json":{"title":"Afeitadora quir\u00fargica de doble hoja 8% 1ud. - MED.TATTOO","robots":{"index":"index","follow":"follow","max-snippet":"max-snippet:-1","max-image-preview":"max-image-preview:large","max-video-preview":"max-video-preview:-1"},"canonical":"https:\/\/med.tattoo\/es\/producto\/afeitadora-quirurgica-de-doble-hoja-8-1ud\/","og_locale":"es_ES","og_type":"article","og_title":"Afeitadora quir\u00fargica de doble hoja 8% 1ud. - MED.TATTOO","og_description":"Maquinilla de afeitar desechable de doble hoja . El mango de la maquinilla es de pl\u00e1stico. Sirven para eliminar el vello corporal de forma muy c\u00f3moda y segura. Las maquinillas no son est\u00e9riles, pero tambi\u00e9n est\u00e1n fabricadas en acero inoxidable de alta calidad. La doble hoja est\u00e1 lo suficientemente afilada como para dar a la [&hellip;]","og_url":"https:\/\/med.tattoo\/es\/producto\/afeitadora-quirurgica-de-doble-hoja-8-1ud\/","og_site_name":"MED.TATTOO","article_publisher":"https:\/\/www.facebook.com\/profile.php?id=100084366705613","twitter_card":"summary_large_image","twitter_misc":{"Tiempo de lectura":"1 minuto"},"schema":{"@context":"https:\/\/schema.org","@graph":[{"@type":"WebPage","@id":"https:\/\/med.tattoo\/es\/producto\/afeitadora-quirurgica-de-doble-hoja-8-1ud\/","url":"https:\/\/med.tattoo\/es\/producto\/afeitadora-quirurgica-de-doble-hoja-8-1ud\/","name":"Afeitadora quir\u00fargica de doble hoja 8% 1ud. - MED.TATTOO","isPartOf":{"@id":"https:\/\/med.tattoo\/es\/#website"},"primaryImageOfPage":{"@id":"https:\/\/med.tattoo\/es\/producto\/afeitadora-quirurgica-de-doble-hoja-8-1ud\/#primaryimage"},"image":{"@id":"https:\/\/med.tattoo\/es\/producto\/afeitadora-quirurgica-de-doble-hoja-8-1ud\/#primaryimage"},"thumbnailUrl":"https:\/\/med.tattoo\/wp-content\/uploads\/2025\/05\/130_golarka-j.u.-chirurgiczna.-z-podwojnym-ostrz-8-_1742990450.png","datePublished":"2025-05-15T05:39:29+00:00","breadcrumb":{"@id":"https:\/\/med.tattoo\/es\/producto\/afeitadora-quirurgica-de-doble-hoja-8-1ud\/#breadcrumb"},"inLanguage":"es","potentialAction":[{"@type":"ReadAction","target":["https:\/\/med.tattoo\/es\/producto\/afeitadora-quirurgica-de-doble-hoja-8-1ud\/"]}]},{"@type":"ImageObject","inLanguage":"es","@id":"https:\/\/med.tattoo\/es\/producto\/afeitadora-quirurgica-de-doble-hoja-8-1ud\/#primaryimage","url":"https:\/\/med.tattoo\/wp-content\/uploads\/2025\/05\/130_golarka-j.u.-chirurgiczna.-z-podwojnym-ostrz-8-_1742990450.png","contentUrl":"https:\/\/med.tattoo\/wp-content\/uploads\/2025\/05\/130_golarka-j.u.-chirurgiczna.-z-podwojnym-ostrz-8-_1742990450.png","width":407,"height":375},{"@type":"BreadcrumbList","@id":"https:\/\/med.tattoo\/es\/producto\/afeitadora-quirurgica-de-doble-hoja-8-1ud\/#breadcrumb","itemListElement":[{"@type":"ListItem","position":1,"name":"Strona G\u0142\u00f3wna","item":"https:\/\/med.tattoo\/es\/"},{"@type":"ListItem","position":2,"name":"Tienda","item":"https:\/\/med.tattoo\/es\/tienda\/"},{"@type":"ListItem","position":3,"name":"Afeitadora quir\u00fargica de doble hoja 8% 1ud."}]},{"@type":"WebSite","@id":"https:\/\/med.tattoo\/es\/#website","url":"https:\/\/med.tattoo\/es\/","name":"MED.TATTOO","description":"Wszystko dla Twojego tatua\u017cu","publisher":{"@id":"https:\/\/med.tattoo\/es\/#organization"},"potentialAction":[{"@type":"SearchAction","target":{"@type":"EntryPoint","urlTemplate":"https:\/\/med.tattoo\/es\/?s={search_term_string}"},"query-input":{"@type":"PropertyValueSpecification","valueRequired":true,"valueName":"search_term_string"}}],"inLanguage":"es"},{"@type":"Organization","@id":"https:\/\/med.tattoo\/es\/#organization","name":"MED.TATTOO","url":"https:\/\/med.tattoo\/es\/","logo":{"@type":"ImageObject","inLanguage":"es","@id":"https:\/\/med.tattoo\/es\/#\/schema\/logo\/image\/","url":"https:\/\/med.tattoo\/wp-content\/uploads\/2025\/05\/Bez-tytulu-600S300-px-1-e1658908183800.png","contentUrl":"https:\/\/med.tattoo\/wp-content\/uploads\/2025\/05\/Bez-tytulu-600S300-px-1-e1658908183800.png","width":600,"height":61,"caption":"MED.TATTOO"},"image":{"@id":"https:\/\/med.tattoo\/es\/#\/schema\/logo\/image\/"},"sameAs":["https:\/\/www.facebook.com\/profile.php?id=100084366705613","https:\/\/www.instagram.com\/med.tattoo_official\/"]}]}},"_links":{"self":[{"href":"https:\/\/med.tattoo\/es\/wp-json\/wp\/v2\/product\/9470","targetHints":{"allow":["GET"]}}],"collection":[{"href":"https:\/\/med.tattoo\/es\/wp-json\/wp\/v2\/product"}],"about":[{"href":"https:\/\/med.tattoo\/es\/wp-json\/wp\/v2\/types\/product"}],"replies":[{"embeddable":true,"href":"https:\/\/med.tattoo\/es\/wp-json\/wp\/v2\/comments?post=9470"}],"wp:featuredmedia":[{"embeddable":true,"href":"https:\/\/med.tattoo\/es\/wp-json\/wp\/v2\/media\/8399"}],"wp:attachment":[{"href":"https:\/\/med.tattoo\/es\/wp-json\/wp\/v2\/media?parent=9470"}],"wp:term":[{"taxonomy":"product_brand","embeddable":true,"href":"https:\/\/med.tattoo\/es\/wp-json\/wp\/v2\/product_brand?post=9470"},{"taxonomy":"product_cat","embeddable":true,"href":"https:\/\/med.tattoo\/es\/wp-json\/wp\/v2\/product_cat?post=9470"},{"taxonomy":"product_tag","embeddable":true,"href":"https:\/\/med.tattoo\/es\/wp-json\/wp\/v2\/product_tag?post=9470"}],"curies":[{"name":"wp","href":"https:\/\/api.w.org\/{rel}","templated":true}]}}