{"id":9572,"date":"2025-05-15T07:39:29","date_gmt":"2025-05-15T05:39:29","guid":{"rendered":"https:\/\/med.tattoo\/produkt\/cinta-cohesiva-75cm45m-1ud-elastica-azul-autoadhesiva-2\/"},"modified":"2025-05-15T07:39:29","modified_gmt":"2025-05-15T05:39:29","slug":"cinta-cohesiva-75cm45m-1ud-elastica-azul-autoadhesiva-2","status":"publish","type":"product","link":"https:\/\/med.tattoo\/es\/producto\/cinta-cohesiva-75cm45m-1ud-elastica-azul-autoadhesiva-2\/","title":{"rendered":"Cinta cohesiva 7,5cm*4,5m 1ud. el\u00e1stica azul, autoadhesiva"},"content":{"rendered":"<p>Una venda es un vendaje el\u00e1stico (mantiene una tensi\u00f3n constante) con una estructura cohesiva (autoadhesiva, se pega s\u00f3lo a s\u00ed misma). Nuestra venda el\u00e1stica est\u00e1 fabricada con un material ligero, transpirable y duradero que no irrita la piel. El grado de compresi\u00f3n deseado se consigue en el momento de la aplicaci\u00f3n. No requiere el uso de clips o parches de sujeci\u00f3n adicionales. La longitud del vendaje puede ajustarse sin utilizar tijeras. No deja marcas al retirarla. Gracias a sus propiedades, la venda el\u00e1stica es adecuada para superficies irregulares. Evita el sobrecalentamiento y permite que la piel respire: es permeable al vapor de agua y al aire. Proporciona comodidad y confort durante su uso.        <\/p>\n<p>En la producci\u00f3n de vendas el\u00e1sticas, apostamos por la tecnolog\u00eda moderna y las soluciones innovadoras para garantizar que la calidad de los productos ofrecidos sea lo m\u00e1s alta posible.<\/p>\n<p>La venda est\u00e1 disponible en muchos colores y tama\u00f1os.<\/p>\n<p>Es un excelente protector del vendaje, ya que lo mantiene firmemente en su sitio sin riesgo de que se mueva. Ideal para usar despu\u00e9s de lesiones.  Tambi\u00e9n se utiliza para fabricar vendas para el codo, la mu\u00f1eca, el pie y la rodilla. La venda el\u00e1stica tambi\u00e9n ha encontrado uso como protecci\u00f3n adicional bajo los protectores. Al controlar la fuerza de compresi\u00f3n, la venda el\u00e1stica puede utilizarse como vendaje compresivo para enfermedades venosas de las extremidades inferiores. Gracias a su r\u00e1pida y f\u00e1cil aplicaci\u00f3n, nuestra venda el\u00e1stica tambi\u00e9n puede utilizarse para asegurar dispositivos utilizados para tatuajes, maquillaje permanente y otros dispositivos m\u00e9dicos.   <\/p>\n<p>Nuestra venda es perfecta para uso veterinario, ya que no se pega al pelo.<br \/>\nAplicaci\u00f3n:<br \/>\nSe utiliza para vendar el codo, la mu\u00f1eca, la rodilla y el pie.<br \/>\nEl producto se utiliza sobre todo como capa inferior bajo los esparadrapos, en sustituci\u00f3n de una esponja ligera, proporcionando adem\u00e1s estabilizaci\u00f3n de la zona.<br \/>\nSe utiliza como protecci\u00f3n adicional bajo las almohadillas.<br \/>\nTambi\u00e9n es \u00fatil en zonas de flexi\u00f3n frecuente, por ejemplo, las articulaciones.<br \/>\nEl producto se utiliza en el vendaje deportivo. Ayuda a mejorar la adherencia de los esparadrapos de kinesiotaping, por lo que se recomienda su uso para aumentar la durabilidad y comodidad de las cintas.<br \/>\nEl vendaje es flexible, lo que lo hace ideal para aplicaciones en zonas de la piel propensas a una mayor sudoraci\u00f3n (por ejemplo, las palmas de las manos o las plantas de los pies). El producto garantiza la ausencia de molestias, s\u00f3lo la comodidad que provoca su aplicaci\u00f3n.<br \/>\nPuede utilizarse como vendaje compresivo y protector en enfermedades venosas de las extremidades inferiores, para prevenir y tratar lesiones musculares, tendinosas y ligamentosas.<br \/>\nTambi\u00e9n se utiliza como inmovilizaci\u00f3n parcial en caso de esguince, para la fijaci\u00f3n de diversos ap\u00f3sitos, f\u00e9rulas y compresas fr\u00edas y calientes, en caso de hinchaz\u00f3n de las extremidades como consecuencia de una insuficiencia circulatoria, para la aplicaci\u00f3n de ap\u00f3sitos.<br \/>\nVentajas del vendaje :<br \/>\nse aplica r\u00e1pida y f\u00e1cilmente<br \/>\nno se \u00abpega\u00bb a la piel, la ropa o los ap\u00f3sitos<br \/>\nautoadhesivo<br \/>\nevita el sobrecalentamiento y permite que la piel respire<br \/>\nflexible<br \/>\nel vendaje se retira f\u00e1cilmente<br \/>\nno deja rastro tras su retirada<br \/>\npermeable al vapor de agua y al aire<br \/>\ncohesivo (autoadhesivo) y antideslizante<br \/>\nsin necesidad de clips ni tiritas<br \/>\nproporciona comodidad y confort<br \/>\nMantiene una tensi\u00f3n constante (no se afloja tras la aplicaci\u00f3n)<br \/>\ncoherente por ambas partes<br \/>\nlas partes deseadas pueden separarse f\u00e1cil y libremente arranc\u00e1ndolas<br \/>\npermite controlar la resistencia a la compresi\u00f3n<br \/>\nen muchos colores y dibujos alegres y varios tama\u00f1os<\/p>\n","protected":false},"excerpt":{"rendered":"<p>Una venda es un vendaje el\u00e1stico (mantiene una tensi\u00f3n constante) con una estructura cohesiva (autoadhesiva, se pega s\u00f3lo a s\u00ed misma). Nuestra venda el\u00e1stica est\u00e1 fabricada con un material ligero, transpirable y duradero que no irrita la piel. El grado de compresi\u00f3n deseado se consigue en el momento de la aplicaci\u00f3n. No requiere el uso [&hellip;]<\/p>\n","protected":false},"featured_media":8391,"comment_status":"closed","ping_status":"open","template":"","meta":{"site-sidebar-layout":"default","site-content-layout":"","ast-site-content-layout":"default","site-content-style":"default","site-sidebar-style":"default","ast-global-header-display":"","ast-banner-title-visibility":"","ast-main-header-display":"","ast-hfb-above-header-display":"","ast-hfb-below-header-display":"","ast-hfb-mobile-header-display":"","site-post-title":"","ast-breadcrumbs-content":"","ast-featured-img":"","footer-sml-layout":"","ast-disable-related-posts":"","theme-transparent-header-meta":"","adv-header-id-meta":"","stick-header-meta":"","header-above-stick-meta":"","header-main-stick-meta":"","header-below-stick-meta":"","astra-migrate-meta-layouts":"default","ast-page-background-enabled":"default","ast-page-background-meta":{"desktop":{"background-color":"var(--ast-global-color-4)","background-image":"","background-repeat":"repeat","background-position":"center center","background-size":"auto","background-attachment":"scroll","background-type":"","background-media":"","overlay-type":"","overlay-color":"","overlay-opacity":"","overlay-gradient":""},"tablet":{"background-color":"","background-image":"","background-repeat":"repeat","background-position":"center center","background-size":"auto","background-attachment":"scroll","background-type":"","background-media":"","overlay-type":"","overlay-color":"","overlay-opacity":"","overlay-gradient":""},"mobile":{"background-color":"","background-image":"","background-repeat":"repeat","background-position":"center center","background-size":"auto","background-attachment":"scroll","background-type":"","background-media":"","overlay-type":"","overlay-color":"","overlay-opacity":"","overlay-gradient":""}},"ast-content-background-meta":{"desktop":{"background-color":"var(--ast-global-color-5)","background-image":"","background-repeat":"repeat","background-position":"center center","background-size":"auto","background-attachment":"scroll","background-type":"","background-media":"","overlay-type":"","overlay-color":"","overlay-opacity":"","overlay-gradient":""},"tablet":{"background-color":"var(--ast-global-color-5)","background-image":"","background-repeat":"repeat","background-position":"center center","background-size":"auto","background-attachment":"scroll","background-type":"","background-media":"","overlay-type":"","overlay-color":"","overlay-opacity":"","overlay-gradient":""},"mobile":{"background-color":"var(--ast-global-color-5)","background-image":"","background-repeat":"repeat","background-position":"center center","background-size":"auto","background-attachment":"scroll","background-type":"","background-media":"","overlay-type":"","overlay-color":"","overlay-opacity":"","overlay-gradient":""}}},"product_brand":[],"product_cat":[89],"product_tag":[],"class_list":{"0":"post-9572","1":"product","2":"type-product","3":"status-publish","4":"has-post-thumbnail","6":"product_cat-med-tattoo-es","7":"desktop-align-left","8":"tablet-align-left","9":"mobile-align-left","10":"ast-product-gallery-layout-horizontal-slider","11":"ast-product-gallery-with-no-image","12":"ast-product-tabs-layout-distributed","14":"first","15":"outofstock","16":"purchasable","17":"product-type-simple"},"yoast_head":"<!-- This site is optimized with the Yoast SEO plugin v27.3 - https:\/\/yoast.com\/product\/yoast-seo-wordpress\/ -->\n<title>Cinta cohesiva 7,5cm*4,5m 1ud. el\u00e1stica azul, autoadhesiva - MED.TATTOO<\/title>\n<meta name=\"robots\" content=\"index, follow, max-snippet:-1, max-image-preview:large, max-video-preview:-1\" \/>\n<link rel=\"canonical\" href=\"https:\/\/med.tattoo\/es\/producto\/cinta-cohesiva-75cm45m-1ud-elastica-azul-autoadhesiva-2\/\" \/>\n<meta property=\"og:locale\" content=\"es_ES\" \/>\n<meta property=\"og:type\" content=\"article\" \/>\n<meta property=\"og:title\" content=\"Cinta cohesiva 7,5cm*4,5m 1ud. el\u00e1stica azul, autoadhesiva - MED.TATTOO\" \/>\n<meta property=\"og:description\" content=\"Una venda es un vendaje el\u00e1stico (mantiene una tensi\u00f3n constante) con una estructura cohesiva (autoadhesiva, se pega s\u00f3lo a s\u00ed misma). Nuestra venda el\u00e1stica est\u00e1 fabricada con un material ligero, transpirable y duradero que no irrita la piel. El grado de compresi\u00f3n deseado se consigue en el momento de la aplicaci\u00f3n. No requiere el uso [&hellip;]\" \/>\n<meta property=\"og:url\" content=\"https:\/\/med.tattoo\/es\/producto\/cinta-cohesiva-75cm45m-1ud-elastica-azul-autoadhesiva-2\/\" \/>\n<meta property=\"og:site_name\" content=\"MED.TATTOO\" \/>\n<meta property=\"article:publisher\" content=\"https:\/\/www.facebook.com\/profile.php?id=100084366705613\" \/>\n<meta name=\"twitter:card\" content=\"summary_large_image\" \/>\n<meta name=\"twitter:label1\" content=\"Tiempo de lectura\" \/>\n\t<meta name=\"twitter:data1\" content=\"3 minutos\" \/>\n<script type=\"application\/ld+json\" class=\"yoast-schema-graph\">{\"@context\":\"https:\\\/\\\/schema.org\",\"@graph\":[{\"@type\":\"WebPage\",\"@id\":\"https:\\\/\\\/med.tattoo\\\/es\\\/producto\\\/cinta-cohesiva-75cm45m-1ud-elastica-azul-autoadhesiva-2\\\/\",\"url\":\"https:\\\/\\\/med.tattoo\\\/es\\\/producto\\\/cinta-cohesiva-75cm45m-1ud-elastica-azul-autoadhesiva-2\\\/\",\"name\":\"Cinta cohesiva 7,5cm*4,5m 1ud. el\u00e1stica azul, autoadhesiva - MED.TATTOO\",\"isPartOf\":{\"@id\":\"https:\\\/\\\/med.tattoo\\\/es\\\/#website\"},\"primaryImageOfPage\":{\"@id\":\"https:\\\/\\\/med.tattoo\\\/es\\\/producto\\\/cinta-cohesiva-75cm45m-1ud-elastica-azul-autoadhesiva-2\\\/#primaryimage\"},\"image\":{\"@id\":\"https:\\\/\\\/med.tattoo\\\/es\\\/producto\\\/cinta-cohesiva-75cm45m-1ud-elastica-azul-autoadhesiva-2\\\/#primaryimage\"},\"thumbnailUrl\":\"https:\\\/\\\/med.tattoo\\\/wp-content\\\/uploads\\\/2025\\\/05\\\/3094_opaska-kohezyjna-7-5cm-4-5m-1szt-blekitna-elastycz_1744006712.jpg\",\"datePublished\":\"2025-05-15T05:39:29+00:00\",\"breadcrumb\":{\"@id\":\"https:\\\/\\\/med.tattoo\\\/es\\\/producto\\\/cinta-cohesiva-75cm45m-1ud-elastica-azul-autoadhesiva-2\\\/#breadcrumb\"},\"inLanguage\":\"es\",\"potentialAction\":[{\"@type\":\"ReadAction\",\"target\":[\"https:\\\/\\\/med.tattoo\\\/es\\\/producto\\\/cinta-cohesiva-75cm45m-1ud-elastica-azul-autoadhesiva-2\\\/\"]}]},{\"@type\":\"ImageObject\",\"inLanguage\":\"es\",\"@id\":\"https:\\\/\\\/med.tattoo\\\/es\\\/producto\\\/cinta-cohesiva-75cm45m-1ud-elastica-azul-autoadhesiva-2\\\/#primaryimage\",\"url\":\"https:\\\/\\\/med.tattoo\\\/wp-content\\\/uploads\\\/2025\\\/05\\\/3094_opaska-kohezyjna-7-5cm-4-5m-1szt-blekitna-elastycz_1744006712.jpg\",\"contentUrl\":\"https:\\\/\\\/med.tattoo\\\/wp-content\\\/uploads\\\/2025\\\/05\\\/3094_opaska-kohezyjna-7-5cm-4-5m-1szt-blekitna-elastycz_1744006712.jpg\",\"width\":832,\"height\":633},{\"@type\":\"BreadcrumbList\",\"@id\":\"https:\\\/\\\/med.tattoo\\\/es\\\/producto\\\/cinta-cohesiva-75cm45m-1ud-elastica-azul-autoadhesiva-2\\\/#breadcrumb\",\"itemListElement\":[{\"@type\":\"ListItem\",\"position\":1,\"name\":\"Strona G\u0142\u00f3wna\",\"item\":\"https:\\\/\\\/med.tattoo\\\/es\\\/\"},{\"@type\":\"ListItem\",\"position\":2,\"name\":\"Tienda\",\"item\":\"https:\\\/\\\/med.tattoo\\\/es\\\/tienda\\\/\"},{\"@type\":\"ListItem\",\"position\":3,\"name\":\"Cinta cohesiva 7,5cm*4,5m 1ud. el\u00e1stica azul, autoadhesiva\"}]},{\"@type\":\"WebSite\",\"@id\":\"https:\\\/\\\/med.tattoo\\\/es\\\/#website\",\"url\":\"https:\\\/\\\/med.tattoo\\\/es\\\/\",\"name\":\"MED.TATTOO\",\"description\":\"Wszystko dla Twojego tatua\u017cu\",\"publisher\":{\"@id\":\"https:\\\/\\\/med.tattoo\\\/es\\\/#organization\"},\"potentialAction\":[{\"@type\":\"SearchAction\",\"target\":{\"@type\":\"EntryPoint\",\"urlTemplate\":\"https:\\\/\\\/med.tattoo\\\/es\\\/?s={search_term_string}\"},\"query-input\":{\"@type\":\"PropertyValueSpecification\",\"valueRequired\":true,\"valueName\":\"search_term_string\"}}],\"inLanguage\":\"es\"},{\"@type\":\"Organization\",\"@id\":\"https:\\\/\\\/med.tattoo\\\/es\\\/#organization\",\"name\":\"MED.TATTOO\",\"url\":\"https:\\\/\\\/med.tattoo\\\/es\\\/\",\"logo\":{\"@type\":\"ImageObject\",\"inLanguage\":\"es\",\"@id\":\"https:\\\/\\\/med.tattoo\\\/es\\\/#\\\/schema\\\/logo\\\/image\\\/\",\"url\":\"https:\\\/\\\/med.tattoo\\\/wp-content\\\/uploads\\\/2025\\\/05\\\/Bez-tytulu-600S300-px-1-e1658908183800.png\",\"contentUrl\":\"https:\\\/\\\/med.tattoo\\\/wp-content\\\/uploads\\\/2025\\\/05\\\/Bez-tytulu-600S300-px-1-e1658908183800.png\",\"width\":600,\"height\":61,\"caption\":\"MED.TATTOO\"},\"image\":{\"@id\":\"https:\\\/\\\/med.tattoo\\\/es\\\/#\\\/schema\\\/logo\\\/image\\\/\"},\"sameAs\":[\"https:\\\/\\\/www.facebook.com\\\/profile.php?id=100084366705613\",\"https:\\\/\\\/www.instagram.com\\\/med.tattoo_official\\\/\"]}]}<\/script>\n<!-- \/ Yoast SEO plugin. -->","yoast_head_json":{"title":"Cinta cohesiva 7,5cm*4,5m 1ud. el\u00e1stica azul, autoadhesiva - MED.TATTOO","robots":{"index":"index","follow":"follow","max-snippet":"max-snippet:-1","max-image-preview":"max-image-preview:large","max-video-preview":"max-video-preview:-1"},"canonical":"https:\/\/med.tattoo\/es\/producto\/cinta-cohesiva-75cm45m-1ud-elastica-azul-autoadhesiva-2\/","og_locale":"es_ES","og_type":"article","og_title":"Cinta cohesiva 7,5cm*4,5m 1ud. el\u00e1stica azul, autoadhesiva - MED.TATTOO","og_description":"Una venda es un vendaje el\u00e1stico (mantiene una tensi\u00f3n constante) con una estructura cohesiva (autoadhesiva, se pega s\u00f3lo a s\u00ed misma). Nuestra venda el\u00e1stica est\u00e1 fabricada con un material ligero, transpirable y duradero que no irrita la piel. El grado de compresi\u00f3n deseado se consigue en el momento de la aplicaci\u00f3n. No requiere el uso [&hellip;]","og_url":"https:\/\/med.tattoo\/es\/producto\/cinta-cohesiva-75cm45m-1ud-elastica-azul-autoadhesiva-2\/","og_site_name":"MED.TATTOO","article_publisher":"https:\/\/www.facebook.com\/profile.php?id=100084366705613","twitter_card":"summary_large_image","twitter_misc":{"Tiempo de lectura":"3 minutos"},"schema":{"@context":"https:\/\/schema.org","@graph":[{"@type":"WebPage","@id":"https:\/\/med.tattoo\/es\/producto\/cinta-cohesiva-75cm45m-1ud-elastica-azul-autoadhesiva-2\/","url":"https:\/\/med.tattoo\/es\/producto\/cinta-cohesiva-75cm45m-1ud-elastica-azul-autoadhesiva-2\/","name":"Cinta cohesiva 7,5cm*4,5m 1ud. el\u00e1stica azul, autoadhesiva - MED.TATTOO","isPartOf":{"@id":"https:\/\/med.tattoo\/es\/#website"},"primaryImageOfPage":{"@id":"https:\/\/med.tattoo\/es\/producto\/cinta-cohesiva-75cm45m-1ud-elastica-azul-autoadhesiva-2\/#primaryimage"},"image":{"@id":"https:\/\/med.tattoo\/es\/producto\/cinta-cohesiva-75cm45m-1ud-elastica-azul-autoadhesiva-2\/#primaryimage"},"thumbnailUrl":"https:\/\/med.tattoo\/wp-content\/uploads\/2025\/05\/3094_opaska-kohezyjna-7-5cm-4-5m-1szt-blekitna-elastycz_1744006712.jpg","datePublished":"2025-05-15T05:39:29+00:00","breadcrumb":{"@id":"https:\/\/med.tattoo\/es\/producto\/cinta-cohesiva-75cm45m-1ud-elastica-azul-autoadhesiva-2\/#breadcrumb"},"inLanguage":"es","potentialAction":[{"@type":"ReadAction","target":["https:\/\/med.tattoo\/es\/producto\/cinta-cohesiva-75cm45m-1ud-elastica-azul-autoadhesiva-2\/"]}]},{"@type":"ImageObject","inLanguage":"es","@id":"https:\/\/med.tattoo\/es\/producto\/cinta-cohesiva-75cm45m-1ud-elastica-azul-autoadhesiva-2\/#primaryimage","url":"https:\/\/med.tattoo\/wp-content\/uploads\/2025\/05\/3094_opaska-kohezyjna-7-5cm-4-5m-1szt-blekitna-elastycz_1744006712.jpg","contentUrl":"https:\/\/med.tattoo\/wp-content\/uploads\/2025\/05\/3094_opaska-kohezyjna-7-5cm-4-5m-1szt-blekitna-elastycz_1744006712.jpg","width":832,"height":633},{"@type":"BreadcrumbList","@id":"https:\/\/med.tattoo\/es\/producto\/cinta-cohesiva-75cm45m-1ud-elastica-azul-autoadhesiva-2\/#breadcrumb","itemListElement":[{"@type":"ListItem","position":1,"name":"Strona G\u0142\u00f3wna","item":"https:\/\/med.tattoo\/es\/"},{"@type":"ListItem","position":2,"name":"Tienda","item":"https:\/\/med.tattoo\/es\/tienda\/"},{"@type":"ListItem","position":3,"name":"Cinta cohesiva 7,5cm*4,5m 1ud. el\u00e1stica azul, autoadhesiva"}]},{"@type":"WebSite","@id":"https:\/\/med.tattoo\/es\/#website","url":"https:\/\/med.tattoo\/es\/","name":"MED.TATTOO","description":"Wszystko dla Twojego tatua\u017cu","publisher":{"@id":"https:\/\/med.tattoo\/es\/#organization"},"potentialAction":[{"@type":"SearchAction","target":{"@type":"EntryPoint","urlTemplate":"https:\/\/med.tattoo\/es\/?s={search_term_string}"},"query-input":{"@type":"PropertyValueSpecification","valueRequired":true,"valueName":"search_term_string"}}],"inLanguage":"es"},{"@type":"Organization","@id":"https:\/\/med.tattoo\/es\/#organization","name":"MED.TATTOO","url":"https:\/\/med.tattoo\/es\/","logo":{"@type":"ImageObject","inLanguage":"es","@id":"https:\/\/med.tattoo\/es\/#\/schema\/logo\/image\/","url":"https:\/\/med.tattoo\/wp-content\/uploads\/2025\/05\/Bez-tytulu-600S300-px-1-e1658908183800.png","contentUrl":"https:\/\/med.tattoo\/wp-content\/uploads\/2025\/05\/Bez-tytulu-600S300-px-1-e1658908183800.png","width":600,"height":61,"caption":"MED.TATTOO"},"image":{"@id":"https:\/\/med.tattoo\/es\/#\/schema\/logo\/image\/"},"sameAs":["https:\/\/www.facebook.com\/profile.php?id=100084366705613","https:\/\/www.instagram.com\/med.tattoo_official\/"]}]}},"_links":{"self":[{"href":"https:\/\/med.tattoo\/es\/wp-json\/wp\/v2\/product\/9572","targetHints":{"allow":["GET"]}}],"collection":[{"href":"https:\/\/med.tattoo\/es\/wp-json\/wp\/v2\/product"}],"about":[{"href":"https:\/\/med.tattoo\/es\/wp-json\/wp\/v2\/types\/product"}],"replies":[{"embeddable":true,"href":"https:\/\/med.tattoo\/es\/wp-json\/wp\/v2\/comments?post=9572"}],"wp:featuredmedia":[{"embeddable":true,"href":"https:\/\/med.tattoo\/es\/wp-json\/wp\/v2\/media\/8391"}],"wp:attachment":[{"href":"https:\/\/med.tattoo\/es\/wp-json\/wp\/v2\/media?parent=9572"}],"wp:term":[{"taxonomy":"product_brand","embeddable":true,"href":"https:\/\/med.tattoo\/es\/wp-json\/wp\/v2\/product_brand?post=9572"},{"taxonomy":"product_cat","embeddable":true,"href":"https:\/\/med.tattoo\/es\/wp-json\/wp\/v2\/product_cat?post=9572"},{"taxonomy":"product_tag","embeddable":true,"href":"https:\/\/med.tattoo\/es\/wp-json\/wp\/v2\/product_tag?post=9572"}],"curies":[{"name":"wp","href":"https:\/\/api.w.org\/{rel}","templated":true}]}}