{"id":9587,"date":"2025-05-15T07:29:14","date_gmt":"2025-05-15T05:29:14","guid":{"rendered":"https:\/\/med.tattoo\/produkt\/funda-bata-para-estoma-en-rollo-33x48cm-40uds-azul\/"},"modified":"2025-05-15T07:29:14","modified_gmt":"2025-05-15T05:29:14","slug":"funda-bata-para-estoma-en-rollo-33x48cm-40uds-azul","status":"publish","type":"product","link":"https:\/\/med.tattoo\/es\/producto\/funda-bata-para-estoma-en-rollo-33x48cm-40uds-azul\/","title":{"rendered":"Funda\/bata para estoma en rollo 33x48cm\/40uds azul"},"content":{"rendered":"<p>Servilletas desechables en rollo<\/p>\n<p>El precio se refiere a 1 ud.<\/p>\n<p>El producto se vende en cajas de 35 unidades.<\/p>\n<p>Los pa\u00f1os desechables en rollo son un equipo esencial en las consultas m\u00e9dicas en las que es necesario proteger al paciente durante los procedimientos m\u00e9dicos. Las servilletas desechables est\u00e1n dise\u00f1adas para absorber fluidos corporales, preparados terap\u00e9uticos u otras sustancias utilizadas durante los procedimientos en cirug\u00edas dentales u ortod\u00f3ncicas. Los pa\u00f1os desechables en rollo tambi\u00e9n pueden utilizarse en hospitales, residencias de ancianos y hospicios para el cuidado de pacientes encamados (administraci\u00f3n oral de l\u00edquidos o comidas).  <\/p>\n<p>Prop\u00f3sito:<\/p>\n<p>Cirug\u00edas dentales,<br \/>\ncirug\u00edas de ortodoncia,<br \/>\ncirug\u00edas de prostodoncia,<br \/>\nhospitales,<br \/>\nhospicios,<br \/>\nresidencias de ancianos,<br \/>\nAplicaci\u00f3n:<\/p>\n<p>Protecci\u00f3n del paciente<br \/>\nVentajas:<\/p>\n<p>Amplia gama de colores &#8211; adaptable a la gama crom\u00e1tica y a la decoraci\u00f3n<br \/>\nde la oficina:<\/p>\n<p>desechable,<br \/>\nprotector &#8211; protege la ropa del paciente de la suciedad,<br \/>\nsuave, agradable al tacto,<br \/>\ncon perforaci\u00f3n para facilitar la extracci\u00f3n de pa\u00f1os individuales,<br \/>\nde papel tis\u00fa, protegido adicionalmente con una capa de papel de aluminio,<br \/>\nprotege las partes descubiertas del cuerpo del paciente de posibles irritaciones o alergias,<br \/>\nevita la transferencia de bacterias a trav\u00e9s del cuerpo o la ropa contaminada del paciente,<br \/>\nreduce el riesgo de infecci\u00f3n,<br \/>\nDimensiones:<\/p>\n<p>33 x 48<br \/>\n40 unidades en 1 rollo <\/p>\n","protected":false},"excerpt":{"rendered":"<p>Servilletas desechables en rollo El precio se refiere a 1 ud. El producto se vende en cajas de 35 unidades. Los pa\u00f1os desechables en rollo son un equipo esencial en las consultas m\u00e9dicas en las que es necesario proteger al paciente durante los procedimientos m\u00e9dicos. Las servilletas desechables est\u00e1n dise\u00f1adas para absorber fluidos corporales, preparados [&hellip;]<\/p>\n","protected":false},"featured_media":7960,"comment_status":"closed","ping_status":"open","template":"","meta":{"site-sidebar-layout":"default","site-content-layout":"","ast-site-content-layout":"default","site-content-style":"default","site-sidebar-style":"default","ast-global-header-display":"","ast-banner-title-visibility":"","ast-main-header-display":"","ast-hfb-above-header-display":"","ast-hfb-below-header-display":"","ast-hfb-mobile-header-display":"","site-post-title":"","ast-breadcrumbs-content":"","ast-featured-img":"","footer-sml-layout":"","ast-disable-related-posts":"","theme-transparent-header-meta":"","adv-header-id-meta":"","stick-header-meta":"","header-above-stick-meta":"","header-main-stick-meta":"","header-below-stick-meta":"","astra-migrate-meta-layouts":"default","ast-page-background-enabled":"default","ast-page-background-meta":{"desktop":{"background-color":"var(--ast-global-color-4)","background-image":"","background-repeat":"repeat","background-position":"center center","background-size":"auto","background-attachment":"scroll","background-type":"","background-media":"","overlay-type":"","overlay-color":"","overlay-opacity":"","overlay-gradient":""},"tablet":{"background-color":"","background-image":"","background-repeat":"repeat","background-position":"center center","background-size":"auto","background-attachment":"scroll","background-type":"","background-media":"","overlay-type":"","overlay-color":"","overlay-opacity":"","overlay-gradient":""},"mobile":{"background-color":"","background-image":"","background-repeat":"repeat","background-position":"center center","background-size":"auto","background-attachment":"scroll","background-type":"","background-media":"","overlay-type":"","overlay-color":"","overlay-opacity":"","overlay-gradient":""}},"ast-content-background-meta":{"desktop":{"background-color":"var(--ast-global-color-5)","background-image":"","background-repeat":"repeat","background-position":"center center","background-size":"auto","background-attachment":"scroll","background-type":"","background-media":"","overlay-type":"","overlay-color":"","overlay-opacity":"","overlay-gradient":""},"tablet":{"background-color":"var(--ast-global-color-5)","background-image":"","background-repeat":"repeat","background-position":"center center","background-size":"auto","background-attachment":"scroll","background-type":"","background-media":"","overlay-type":"","overlay-color":"","overlay-opacity":"","overlay-gradient":""},"mobile":{"background-color":"var(--ast-global-color-5)","background-image":"","background-repeat":"repeat","background-position":"center center","background-size":"auto","background-attachment":"scroll","background-type":"","background-media":"","overlay-type":"","overlay-color":"","overlay-opacity":"","overlay-gradient":""}}},"product_brand":[],"product_cat":[89],"product_tag":[],"class_list":{"0":"post-9587","1":"product","2":"type-product","3":"status-publish","4":"has-post-thumbnail","6":"product_cat-med-tattoo-es","7":"desktop-align-left","8":"tablet-align-left","9":"mobile-align-left","10":"ast-product-gallery-layout-horizontal-slider","11":"ast-product-gallery-with-no-image","12":"ast-product-tabs-layout-distributed","14":"first","15":"instock","16":"purchasable","17":"product-type-simple"},"yoast_head":"<!-- This site is optimized with the Yoast SEO plugin v27.3 - https:\/\/yoast.com\/product\/yoast-seo-wordpress\/ -->\n<title>Funda\/bata para estoma en rollo 33x48cm\/40uds azul - MED.TATTOO<\/title>\n<meta name=\"robots\" content=\"index, follow, max-snippet:-1, max-image-preview:large, max-video-preview:-1\" \/>\n<link rel=\"canonical\" href=\"https:\/\/med.tattoo\/es\/producto\/funda-bata-para-estoma-en-rollo-33x48cm-40uds-azul\/\" \/>\n<meta property=\"og:locale\" content=\"es_ES\" \/>\n<meta property=\"og:type\" content=\"article\" \/>\n<meta property=\"og:title\" content=\"Funda\/bata para estoma en rollo 33x48cm\/40uds azul - MED.TATTOO\" \/>\n<meta property=\"og:description\" content=\"Servilletas desechables en rollo El precio se refiere a 1 ud. El producto se vende en cajas de 35 unidades. Los pa\u00f1os desechables en rollo son un equipo esencial en las consultas m\u00e9dicas en las que es necesario proteger al paciente durante los procedimientos m\u00e9dicos. Las servilletas desechables est\u00e1n dise\u00f1adas para absorber fluidos corporales, preparados [&hellip;]\" \/>\n<meta property=\"og:url\" content=\"https:\/\/med.tattoo\/es\/producto\/funda-bata-para-estoma-en-rollo-33x48cm-40uds-azul\/\" \/>\n<meta property=\"og:site_name\" content=\"MED.TATTOO\" \/>\n<meta property=\"article:publisher\" content=\"https:\/\/www.facebook.com\/profile.php?id=100084366705613\" \/>\n<meta name=\"twitter:card\" content=\"summary_large_image\" \/>\n<meta name=\"twitter:label1\" content=\"Tiempo de lectura\" \/>\n\t<meta name=\"twitter:data1\" content=\"1 minuto\" \/>\n<script type=\"application\/ld+json\" class=\"yoast-schema-graph\">{\"@context\":\"https:\\\/\\\/schema.org\",\"@graph\":[{\"@type\":\"WebPage\",\"@id\":\"https:\\\/\\\/med.tattoo\\\/es\\\/producto\\\/funda-bata-para-estoma-en-rollo-33x48cm-40uds-azul\\\/\",\"url\":\"https:\\\/\\\/med.tattoo\\\/es\\\/producto\\\/funda-bata-para-estoma-en-rollo-33x48cm-40uds-azul\\\/\",\"name\":\"Funda\\\/bata para estoma en rollo 33x48cm\\\/40uds azul - MED.TATTOO\",\"isPartOf\":{\"@id\":\"https:\\\/\\\/med.tattoo\\\/es\\\/#website\"},\"primaryImageOfPage\":{\"@id\":\"https:\\\/\\\/med.tattoo\\\/es\\\/producto\\\/funda-bata-para-estoma-en-rollo-33x48cm-40uds-azul\\\/#primaryimage\"},\"image\":{\"@id\":\"https:\\\/\\\/med.tattoo\\\/es\\\/producto\\\/funda-bata-para-estoma-en-rollo-33x48cm-40uds-azul\\\/#primaryimage\"},\"thumbnailUrl\":\"https:\\\/\\\/med.tattoo\\\/wp-content\\\/uploads\\\/2025\\\/05\\\/235_podklad-serwe-stom.w-rolce-33x48cm-40szt-niebieska_1744006858.png\",\"datePublished\":\"2025-05-15T05:29:14+00:00\",\"breadcrumb\":{\"@id\":\"https:\\\/\\\/med.tattoo\\\/es\\\/producto\\\/funda-bata-para-estoma-en-rollo-33x48cm-40uds-azul\\\/#breadcrumb\"},\"inLanguage\":\"es\",\"potentialAction\":[{\"@type\":\"ReadAction\",\"target\":[\"https:\\\/\\\/med.tattoo\\\/es\\\/producto\\\/funda-bata-para-estoma-en-rollo-33x48cm-40uds-azul\\\/\"]}]},{\"@type\":\"ImageObject\",\"inLanguage\":\"es\",\"@id\":\"https:\\\/\\\/med.tattoo\\\/es\\\/producto\\\/funda-bata-para-estoma-en-rollo-33x48cm-40uds-azul\\\/#primaryimage\",\"url\":\"https:\\\/\\\/med.tattoo\\\/wp-content\\\/uploads\\\/2025\\\/05\\\/235_podklad-serwe-stom.w-rolce-33x48cm-40szt-niebieska_1744006858.png\",\"contentUrl\":\"https:\\\/\\\/med.tattoo\\\/wp-content\\\/uploads\\\/2025\\\/05\\\/235_podklad-serwe-stom.w-rolce-33x48cm-40szt-niebieska_1744006858.png\",\"width\":637,\"height\":581},{\"@type\":\"BreadcrumbList\",\"@id\":\"https:\\\/\\\/med.tattoo\\\/es\\\/producto\\\/funda-bata-para-estoma-en-rollo-33x48cm-40uds-azul\\\/#breadcrumb\",\"itemListElement\":[{\"@type\":\"ListItem\",\"position\":1,\"name\":\"Strona G\u0142\u00f3wna\",\"item\":\"https:\\\/\\\/med.tattoo\\\/es\\\/\"},{\"@type\":\"ListItem\",\"position\":2,\"name\":\"Tienda\",\"item\":\"https:\\\/\\\/med.tattoo\\\/es\\\/tienda\\\/\"},{\"@type\":\"ListItem\",\"position\":3,\"name\":\"Funda\\\/bata para estoma en rollo 33x48cm\\\/40uds azul\"}]},{\"@type\":\"WebSite\",\"@id\":\"https:\\\/\\\/med.tattoo\\\/es\\\/#website\",\"url\":\"https:\\\/\\\/med.tattoo\\\/es\\\/\",\"name\":\"MED.TATTOO\",\"description\":\"Wszystko dla Twojego tatua\u017cu\",\"publisher\":{\"@id\":\"https:\\\/\\\/med.tattoo\\\/es\\\/#organization\"},\"potentialAction\":[{\"@type\":\"SearchAction\",\"target\":{\"@type\":\"EntryPoint\",\"urlTemplate\":\"https:\\\/\\\/med.tattoo\\\/es\\\/?s={search_term_string}\"},\"query-input\":{\"@type\":\"PropertyValueSpecification\",\"valueRequired\":true,\"valueName\":\"search_term_string\"}}],\"inLanguage\":\"es\"},{\"@type\":\"Organization\",\"@id\":\"https:\\\/\\\/med.tattoo\\\/es\\\/#organization\",\"name\":\"MED.TATTOO\",\"url\":\"https:\\\/\\\/med.tattoo\\\/es\\\/\",\"logo\":{\"@type\":\"ImageObject\",\"inLanguage\":\"es\",\"@id\":\"https:\\\/\\\/med.tattoo\\\/es\\\/#\\\/schema\\\/logo\\\/image\\\/\",\"url\":\"https:\\\/\\\/med.tattoo\\\/wp-content\\\/uploads\\\/2025\\\/05\\\/Bez-tytulu-600S300-px-1-e1658908183800.png\",\"contentUrl\":\"https:\\\/\\\/med.tattoo\\\/wp-content\\\/uploads\\\/2025\\\/05\\\/Bez-tytulu-600S300-px-1-e1658908183800.png\",\"width\":600,\"height\":61,\"caption\":\"MED.TATTOO\"},\"image\":{\"@id\":\"https:\\\/\\\/med.tattoo\\\/es\\\/#\\\/schema\\\/logo\\\/image\\\/\"},\"sameAs\":[\"https:\\\/\\\/www.facebook.com\\\/profile.php?id=100084366705613\",\"https:\\\/\\\/www.instagram.com\\\/med.tattoo_official\\\/\"]}]}<\/script>\n<!-- \/ Yoast SEO plugin. -->","yoast_head_json":{"title":"Funda\/bata para estoma en rollo 33x48cm\/40uds azul - MED.TATTOO","robots":{"index":"index","follow":"follow","max-snippet":"max-snippet:-1","max-image-preview":"max-image-preview:large","max-video-preview":"max-video-preview:-1"},"canonical":"https:\/\/med.tattoo\/es\/producto\/funda-bata-para-estoma-en-rollo-33x48cm-40uds-azul\/","og_locale":"es_ES","og_type":"article","og_title":"Funda\/bata para estoma en rollo 33x48cm\/40uds azul - MED.TATTOO","og_description":"Servilletas desechables en rollo El precio se refiere a 1 ud. El producto se vende en cajas de 35 unidades. Los pa\u00f1os desechables en rollo son un equipo esencial en las consultas m\u00e9dicas en las que es necesario proteger al paciente durante los procedimientos m\u00e9dicos. Las servilletas desechables est\u00e1n dise\u00f1adas para absorber fluidos corporales, preparados [&hellip;]","og_url":"https:\/\/med.tattoo\/es\/producto\/funda-bata-para-estoma-en-rollo-33x48cm-40uds-azul\/","og_site_name":"MED.TATTOO","article_publisher":"https:\/\/www.facebook.com\/profile.php?id=100084366705613","twitter_card":"summary_large_image","twitter_misc":{"Tiempo de lectura":"1 minuto"},"schema":{"@context":"https:\/\/schema.org","@graph":[{"@type":"WebPage","@id":"https:\/\/med.tattoo\/es\/producto\/funda-bata-para-estoma-en-rollo-33x48cm-40uds-azul\/","url":"https:\/\/med.tattoo\/es\/producto\/funda-bata-para-estoma-en-rollo-33x48cm-40uds-azul\/","name":"Funda\/bata para estoma en rollo 33x48cm\/40uds azul - MED.TATTOO","isPartOf":{"@id":"https:\/\/med.tattoo\/es\/#website"},"primaryImageOfPage":{"@id":"https:\/\/med.tattoo\/es\/producto\/funda-bata-para-estoma-en-rollo-33x48cm-40uds-azul\/#primaryimage"},"image":{"@id":"https:\/\/med.tattoo\/es\/producto\/funda-bata-para-estoma-en-rollo-33x48cm-40uds-azul\/#primaryimage"},"thumbnailUrl":"https:\/\/med.tattoo\/wp-content\/uploads\/2025\/05\/235_podklad-serwe-stom.w-rolce-33x48cm-40szt-niebieska_1744006858.png","datePublished":"2025-05-15T05:29:14+00:00","breadcrumb":{"@id":"https:\/\/med.tattoo\/es\/producto\/funda-bata-para-estoma-en-rollo-33x48cm-40uds-azul\/#breadcrumb"},"inLanguage":"es","potentialAction":[{"@type":"ReadAction","target":["https:\/\/med.tattoo\/es\/producto\/funda-bata-para-estoma-en-rollo-33x48cm-40uds-azul\/"]}]},{"@type":"ImageObject","inLanguage":"es","@id":"https:\/\/med.tattoo\/es\/producto\/funda-bata-para-estoma-en-rollo-33x48cm-40uds-azul\/#primaryimage","url":"https:\/\/med.tattoo\/wp-content\/uploads\/2025\/05\/235_podklad-serwe-stom.w-rolce-33x48cm-40szt-niebieska_1744006858.png","contentUrl":"https:\/\/med.tattoo\/wp-content\/uploads\/2025\/05\/235_podklad-serwe-stom.w-rolce-33x48cm-40szt-niebieska_1744006858.png","width":637,"height":581},{"@type":"BreadcrumbList","@id":"https:\/\/med.tattoo\/es\/producto\/funda-bata-para-estoma-en-rollo-33x48cm-40uds-azul\/#breadcrumb","itemListElement":[{"@type":"ListItem","position":1,"name":"Strona G\u0142\u00f3wna","item":"https:\/\/med.tattoo\/es\/"},{"@type":"ListItem","position":2,"name":"Tienda","item":"https:\/\/med.tattoo\/es\/tienda\/"},{"@type":"ListItem","position":3,"name":"Funda\/bata para estoma en rollo 33x48cm\/40uds azul"}]},{"@type":"WebSite","@id":"https:\/\/med.tattoo\/es\/#website","url":"https:\/\/med.tattoo\/es\/","name":"MED.TATTOO","description":"Wszystko dla Twojego tatua\u017cu","publisher":{"@id":"https:\/\/med.tattoo\/es\/#organization"},"potentialAction":[{"@type":"SearchAction","target":{"@type":"EntryPoint","urlTemplate":"https:\/\/med.tattoo\/es\/?s={search_term_string}"},"query-input":{"@type":"PropertyValueSpecification","valueRequired":true,"valueName":"search_term_string"}}],"inLanguage":"es"},{"@type":"Organization","@id":"https:\/\/med.tattoo\/es\/#organization","name":"MED.TATTOO","url":"https:\/\/med.tattoo\/es\/","logo":{"@type":"ImageObject","inLanguage":"es","@id":"https:\/\/med.tattoo\/es\/#\/schema\/logo\/image\/","url":"https:\/\/med.tattoo\/wp-content\/uploads\/2025\/05\/Bez-tytulu-600S300-px-1-e1658908183800.png","contentUrl":"https:\/\/med.tattoo\/wp-content\/uploads\/2025\/05\/Bez-tytulu-600S300-px-1-e1658908183800.png","width":600,"height":61,"caption":"MED.TATTOO"},"image":{"@id":"https:\/\/med.tattoo\/es\/#\/schema\/logo\/image\/"},"sameAs":["https:\/\/www.facebook.com\/profile.php?id=100084366705613","https:\/\/www.instagram.com\/med.tattoo_official\/"]}]}},"_links":{"self":[{"href":"https:\/\/med.tattoo\/es\/wp-json\/wp\/v2\/product\/9587","targetHints":{"allow":["GET"]}}],"collection":[{"href":"https:\/\/med.tattoo\/es\/wp-json\/wp\/v2\/product"}],"about":[{"href":"https:\/\/med.tattoo\/es\/wp-json\/wp\/v2\/types\/product"}],"replies":[{"embeddable":true,"href":"https:\/\/med.tattoo\/es\/wp-json\/wp\/v2\/comments?post=9587"}],"wp:featuredmedia":[{"embeddable":true,"href":"https:\/\/med.tattoo\/es\/wp-json\/wp\/v2\/media\/7960"}],"wp:attachment":[{"href":"https:\/\/med.tattoo\/es\/wp-json\/wp\/v2\/media?parent=9587"}],"wp:term":[{"taxonomy":"product_brand","embeddable":true,"href":"https:\/\/med.tattoo\/es\/wp-json\/wp\/v2\/product_brand?post=9587"},{"taxonomy":"product_cat","embeddable":true,"href":"https:\/\/med.tattoo\/es\/wp-json\/wp\/v2\/product_cat?post=9587"},{"taxonomy":"product_tag","embeddable":true,"href":"https:\/\/med.tattoo\/es\/wp-json\/wp\/v2\/product_tag?post=9587"}],"curies":[{"name":"wp","href":"https:\/\/api.w.org\/{rel}","templated":true}]}}