{"id":9899,"date":"2025-05-15T07:33:19","date_gmt":"2025-05-15T05:33:19","guid":{"rendered":"https:\/\/med.tattoo\/produkt\/toallitas-velox-na-caja-toallitas-sin-alcohol-100-uds\/"},"modified":"2025-05-15T07:33:19","modified_gmt":"2025-05-15T05:33:19","slug":"toallitas-velox-na-caja-toallitas-sin-alcohol-100-uds","status":"publish","type":"product","link":"https:\/\/med.tattoo\/es\/producto\/toallitas-velox-na-caja-toallitas-sin-alcohol-100-uds\/","title":{"rendered":"Toallitas Velox NA caja toallitas sin alcohol 100 uds."},"content":{"rendered":"<p>Las toallitas Velox\u00ae NA est\u00e1n especialmente recomendadas para la desinfecci\u00f3n de superficies sensibles al alcohol de pl\u00e1stico, cristal acr\u00edlico, acero inoxidable, metal, aluminio, goma y porcelana. Pueden utilizarse en el \u00e1mbito m\u00e9dico, gastron\u00f3mico, residencias de ancianos, balnearios, salones de fitness y spa, peluquer\u00edas y salones de belleza, salones de masaje, guarder\u00edas y escuelas. Recomendados para la desinfecci\u00f3n de aparatos m\u00e9dicos, equipos de rehabilitaci\u00f3n, sillones de tratamiento, incubadoras, cabezales de ultrasonidos y l\u00e1mparas de tratamiento. No contienen aldeh\u00eddos ni fosfatos, por lo que no decoloran las superficies desinfectadas. Tienen una fragancia agradable. Pueden utilizarse en las superficies de productos sanitarios en contacto con alimentos. El producto cuenta con la opini\u00f3n positiva del fabricante de equipos m\u00e9dicos Famed.      <\/p>\n<p>Coloque el cartucho en la lata. Saque el pa\u00f1uelo del envase y limpie con \u00e9l la superficie desinfectada. Cierre bien la tapa de la lata. Una vez abierta, utilice la lata en un plazo de 30 d\u00edas. No lo utilice si la toallita est\u00e1 seca. No es necesario aclarar la superficie con agua. Para superficies especialmente sensibles, se recomienda realizar una prueba en una zona invisible. Producto destinado a un usuario profesional.       <\/p>\n","protected":false},"excerpt":{"rendered":"<p>Las toallitas Velox\u00ae NA est\u00e1n especialmente recomendadas para la desinfecci\u00f3n de superficies sensibles al alcohol de pl\u00e1stico, cristal acr\u00edlico, acero inoxidable, metal, aluminio, goma y porcelana. Pueden utilizarse en el \u00e1mbito m\u00e9dico, gastron\u00f3mico, residencias de ancianos, balnearios, salones de fitness y spa, peluquer\u00edas y salones de belleza, salones de masaje, guarder\u00edas y escuelas. Recomendados para [&hellip;]<\/p>\n","protected":false},"featured_media":8184,"comment_status":"closed","ping_status":"open","template":"","meta":{"site-sidebar-layout":"default","site-content-layout":"","ast-site-content-layout":"default","site-content-style":"default","site-sidebar-style":"default","ast-global-header-display":"","ast-banner-title-visibility":"","ast-main-header-display":"","ast-hfb-above-header-display":"","ast-hfb-below-header-display":"","ast-hfb-mobile-header-display":"","site-post-title":"","ast-breadcrumbs-content":"","ast-featured-img":"","footer-sml-layout":"","ast-disable-related-posts":"","theme-transparent-header-meta":"","adv-header-id-meta":"","stick-header-meta":"","header-above-stick-meta":"","header-main-stick-meta":"","header-below-stick-meta":"","astra-migrate-meta-layouts":"default","ast-page-background-enabled":"default","ast-page-background-meta":{"desktop":{"background-color":"var(--ast-global-color-4)","background-image":"","background-repeat":"repeat","background-position":"center center","background-size":"auto","background-attachment":"scroll","background-type":"","background-media":"","overlay-type":"","overlay-color":"","overlay-opacity":"","overlay-gradient":""},"tablet":{"background-color":"","background-image":"","background-repeat":"repeat","background-position":"center center","background-size":"auto","background-attachment":"scroll","background-type":"","background-media":"","overlay-type":"","overlay-color":"","overlay-opacity":"","overlay-gradient":""},"mobile":{"background-color":"","background-image":"","background-repeat":"repeat","background-position":"center center","background-size":"auto","background-attachment":"scroll","background-type":"","background-media":"","overlay-type":"","overlay-color":"","overlay-opacity":"","overlay-gradient":""}},"ast-content-background-meta":{"desktop":{"background-color":"var(--ast-global-color-5)","background-image":"","background-repeat":"repeat","background-position":"center center","background-size":"auto","background-attachment":"scroll","background-type":"","background-media":"","overlay-type":"","overlay-color":"","overlay-opacity":"","overlay-gradient":""},"tablet":{"background-color":"var(--ast-global-color-5)","background-image":"","background-repeat":"repeat","background-position":"center center","background-size":"auto","background-attachment":"scroll","background-type":"","background-media":"","overlay-type":"","overlay-color":"","overlay-opacity":"","overlay-gradient":""},"mobile":{"background-color":"var(--ast-global-color-5)","background-image":"","background-repeat":"repeat","background-position":"center center","background-size":"auto","background-attachment":"scroll","background-type":"","background-media":"","overlay-type":"","overlay-color":"","overlay-opacity":"","overlay-gradient":""}}},"product_brand":[],"product_cat":[89],"product_tag":[],"class_list":{"0":"post-9899","1":"product","2":"type-product","3":"status-publish","4":"has-post-thumbnail","6":"product_cat-med-tattoo-es","7":"desktop-align-left","8":"tablet-align-left","9":"mobile-align-left","10":"ast-product-gallery-layout-horizontal-slider","11":"ast-product-gallery-with-no-image","12":"ast-product-tabs-layout-distributed","14":"first","15":"instock","16":"purchasable","17":"product-type-simple"},"yoast_head":"<!-- This site is optimized with the Yoast SEO plugin v27.4 - https:\/\/yoast.com\/product\/yoast-seo-wordpress\/ -->\n<title>Toallitas Velox NA caja toallitas sin alcohol 100 uds. - MED.TATTOO<\/title>\n<meta name=\"robots\" content=\"index, follow, max-snippet:-1, max-image-preview:large, max-video-preview:-1\" \/>\n<link rel=\"canonical\" href=\"https:\/\/med.tattoo\/es\/producto\/toallitas-velox-na-caja-toallitas-sin-alcohol-100-uds\/\" \/>\n<meta property=\"og:locale\" content=\"es_ES\" \/>\n<meta property=\"og:type\" content=\"article\" \/>\n<meta property=\"og:title\" content=\"Toallitas Velox NA caja toallitas sin alcohol 100 uds. - MED.TATTOO\" \/>\n<meta property=\"og:description\" content=\"Las toallitas Velox\u00ae NA est\u00e1n especialmente recomendadas para la desinfecci\u00f3n de superficies sensibles al alcohol de pl\u00e1stico, cristal acr\u00edlico, acero inoxidable, metal, aluminio, goma y porcelana. Pueden utilizarse en el \u00e1mbito m\u00e9dico, gastron\u00f3mico, residencias de ancianos, balnearios, salones de fitness y spa, peluquer\u00edas y salones de belleza, salones de masaje, guarder\u00edas y escuelas. Recomendados para [&hellip;]\" \/>\n<meta property=\"og:url\" content=\"https:\/\/med.tattoo\/es\/producto\/toallitas-velox-na-caja-toallitas-sin-alcohol-100-uds\/\" \/>\n<meta property=\"og:site_name\" content=\"MED.TATTOO\" \/>\n<meta property=\"article:publisher\" content=\"https:\/\/www.facebook.com\/profile.php?id=100084366705613\" \/>\n<meta name=\"twitter:card\" content=\"summary_large_image\" \/>\n<meta name=\"twitter:label1\" content=\"Tiempo de lectura\" \/>\n\t<meta name=\"twitter:data1\" content=\"1 minuto\" \/>\n<script type=\"application\/ld+json\" class=\"yoast-schema-graph\">{\"@context\":\"https:\\\/\\\/schema.org\",\"@graph\":[{\"@type\":\"WebPage\",\"@id\":\"https:\\\/\\\/med.tattoo\\\/es\\\/producto\\\/toallitas-velox-na-caja-toallitas-sin-alcohol-100-uds\\\/\",\"url\":\"https:\\\/\\\/med.tattoo\\\/es\\\/producto\\\/toallitas-velox-na-caja-toallitas-sin-alcohol-100-uds\\\/\",\"name\":\"Toallitas Velox NA caja toallitas sin alcohol 100 uds. - MED.TATTOO\",\"isPartOf\":{\"@id\":\"https:\\\/\\\/med.tattoo\\\/es\\\/#website\"},\"primaryImageOfPage\":{\"@id\":\"https:\\\/\\\/med.tattoo\\\/es\\\/producto\\\/toallitas-velox-na-caja-toallitas-sin-alcohol-100-uds\\\/#primaryimage\"},\"image\":{\"@id\":\"https:\\\/\\\/med.tattoo\\\/es\\\/producto\\\/toallitas-velox-na-caja-toallitas-sin-alcohol-100-uds\\\/#primaryimage\"},\"thumbnailUrl\":\"https:\\\/\\\/med.tattoo\\\/wp-content\\\/uploads\\\/2025\\\/05\\\/847_velox-wipes-na-box-chusteczki-bezalkoholowe-100_1744007035.jpg\",\"datePublished\":\"2025-05-15T05:33:19+00:00\",\"breadcrumb\":{\"@id\":\"https:\\\/\\\/med.tattoo\\\/es\\\/producto\\\/toallitas-velox-na-caja-toallitas-sin-alcohol-100-uds\\\/#breadcrumb\"},\"inLanguage\":\"es\",\"potentialAction\":[{\"@type\":\"ReadAction\",\"target\":[\"https:\\\/\\\/med.tattoo\\\/es\\\/producto\\\/toallitas-velox-na-caja-toallitas-sin-alcohol-100-uds\\\/\"]}]},{\"@type\":\"ImageObject\",\"inLanguage\":\"es\",\"@id\":\"https:\\\/\\\/med.tattoo\\\/es\\\/producto\\\/toallitas-velox-na-caja-toallitas-sin-alcohol-100-uds\\\/#primaryimage\",\"url\":\"https:\\\/\\\/med.tattoo\\\/wp-content\\\/uploads\\\/2025\\\/05\\\/847_velox-wipes-na-box-chusteczki-bezalkoholowe-100_1744007035.jpg\",\"contentUrl\":\"https:\\\/\\\/med.tattoo\\\/wp-content\\\/uploads\\\/2025\\\/05\\\/847_velox-wipes-na-box-chusteczki-bezalkoholowe-100_1744007035.jpg\",\"width\":760,\"height\":1000},{\"@type\":\"BreadcrumbList\",\"@id\":\"https:\\\/\\\/med.tattoo\\\/es\\\/producto\\\/toallitas-velox-na-caja-toallitas-sin-alcohol-100-uds\\\/#breadcrumb\",\"itemListElement\":[{\"@type\":\"ListItem\",\"position\":1,\"name\":\"Strona G\u0142\u00f3wna\",\"item\":\"https:\\\/\\\/med.tattoo\\\/es\\\/\"},{\"@type\":\"ListItem\",\"position\":2,\"name\":\"Tienda\",\"item\":\"https:\\\/\\\/med.tattoo\\\/es\\\/tienda\\\/\"},{\"@type\":\"ListItem\",\"position\":3,\"name\":\"Toallitas Velox NA caja toallitas sin alcohol 100 uds.\"}]},{\"@type\":\"WebSite\",\"@id\":\"https:\\\/\\\/med.tattoo\\\/es\\\/#website\",\"url\":\"https:\\\/\\\/med.tattoo\\\/es\\\/\",\"name\":\"MED.TATTOO\",\"description\":\"Wszystko dla Twojego tatua\u017cu\",\"publisher\":{\"@id\":\"https:\\\/\\\/med.tattoo\\\/es\\\/#organization\"},\"potentialAction\":[{\"@type\":\"SearchAction\",\"target\":{\"@type\":\"EntryPoint\",\"urlTemplate\":\"https:\\\/\\\/med.tattoo\\\/es\\\/?s={search_term_string}\"},\"query-input\":{\"@type\":\"PropertyValueSpecification\",\"valueRequired\":true,\"valueName\":\"search_term_string\"}}],\"inLanguage\":\"es\"},{\"@type\":\"Organization\",\"@id\":\"https:\\\/\\\/med.tattoo\\\/es\\\/#organization\",\"name\":\"MED.TATTOO\",\"url\":\"https:\\\/\\\/med.tattoo\\\/es\\\/\",\"logo\":{\"@type\":\"ImageObject\",\"inLanguage\":\"es\",\"@id\":\"https:\\\/\\\/med.tattoo\\\/es\\\/#\\\/schema\\\/logo\\\/image\\\/\",\"url\":\"https:\\\/\\\/med.tattoo\\\/wp-content\\\/uploads\\\/2025\\\/05\\\/Bez-tytulu-600S300-px-1-e1658908183800.png\",\"contentUrl\":\"https:\\\/\\\/med.tattoo\\\/wp-content\\\/uploads\\\/2025\\\/05\\\/Bez-tytulu-600S300-px-1-e1658908183800.png\",\"width\":600,\"height\":61,\"caption\":\"MED.TATTOO\"},\"image\":{\"@id\":\"https:\\\/\\\/med.tattoo\\\/es\\\/#\\\/schema\\\/logo\\\/image\\\/\"},\"sameAs\":[\"https:\\\/\\\/www.facebook.com\\\/profile.php?id=100084366705613\",\"https:\\\/\\\/www.instagram.com\\\/med.tattoo_official\\\/\"]}]}<\/script>\n<!-- \/ Yoast SEO plugin. -->","yoast_head_json":{"title":"Toallitas Velox NA caja toallitas sin alcohol 100 uds. - MED.TATTOO","robots":{"index":"index","follow":"follow","max-snippet":"max-snippet:-1","max-image-preview":"max-image-preview:large","max-video-preview":"max-video-preview:-1"},"canonical":"https:\/\/med.tattoo\/es\/producto\/toallitas-velox-na-caja-toallitas-sin-alcohol-100-uds\/","og_locale":"es_ES","og_type":"article","og_title":"Toallitas Velox NA caja toallitas sin alcohol 100 uds. - MED.TATTOO","og_description":"Las toallitas Velox\u00ae NA est\u00e1n especialmente recomendadas para la desinfecci\u00f3n de superficies sensibles al alcohol de pl\u00e1stico, cristal acr\u00edlico, acero inoxidable, metal, aluminio, goma y porcelana. Pueden utilizarse en el \u00e1mbito m\u00e9dico, gastron\u00f3mico, residencias de ancianos, balnearios, salones de fitness y spa, peluquer\u00edas y salones de belleza, salones de masaje, guarder\u00edas y escuelas. Recomendados para [&hellip;]","og_url":"https:\/\/med.tattoo\/es\/producto\/toallitas-velox-na-caja-toallitas-sin-alcohol-100-uds\/","og_site_name":"MED.TATTOO","article_publisher":"https:\/\/www.facebook.com\/profile.php?id=100084366705613","twitter_card":"summary_large_image","twitter_misc":{"Tiempo de lectura":"1 minuto"},"schema":{"@context":"https:\/\/schema.org","@graph":[{"@type":"WebPage","@id":"https:\/\/med.tattoo\/es\/producto\/toallitas-velox-na-caja-toallitas-sin-alcohol-100-uds\/","url":"https:\/\/med.tattoo\/es\/producto\/toallitas-velox-na-caja-toallitas-sin-alcohol-100-uds\/","name":"Toallitas Velox NA caja toallitas sin alcohol 100 uds. - MED.TATTOO","isPartOf":{"@id":"https:\/\/med.tattoo\/es\/#website"},"primaryImageOfPage":{"@id":"https:\/\/med.tattoo\/es\/producto\/toallitas-velox-na-caja-toallitas-sin-alcohol-100-uds\/#primaryimage"},"image":{"@id":"https:\/\/med.tattoo\/es\/producto\/toallitas-velox-na-caja-toallitas-sin-alcohol-100-uds\/#primaryimage"},"thumbnailUrl":"https:\/\/med.tattoo\/wp-content\/uploads\/2025\/05\/847_velox-wipes-na-box-chusteczki-bezalkoholowe-100_1744007035.jpg","datePublished":"2025-05-15T05:33:19+00:00","breadcrumb":{"@id":"https:\/\/med.tattoo\/es\/producto\/toallitas-velox-na-caja-toallitas-sin-alcohol-100-uds\/#breadcrumb"},"inLanguage":"es","potentialAction":[{"@type":"ReadAction","target":["https:\/\/med.tattoo\/es\/producto\/toallitas-velox-na-caja-toallitas-sin-alcohol-100-uds\/"]}]},{"@type":"ImageObject","inLanguage":"es","@id":"https:\/\/med.tattoo\/es\/producto\/toallitas-velox-na-caja-toallitas-sin-alcohol-100-uds\/#primaryimage","url":"https:\/\/med.tattoo\/wp-content\/uploads\/2025\/05\/847_velox-wipes-na-box-chusteczki-bezalkoholowe-100_1744007035.jpg","contentUrl":"https:\/\/med.tattoo\/wp-content\/uploads\/2025\/05\/847_velox-wipes-na-box-chusteczki-bezalkoholowe-100_1744007035.jpg","width":760,"height":1000},{"@type":"BreadcrumbList","@id":"https:\/\/med.tattoo\/es\/producto\/toallitas-velox-na-caja-toallitas-sin-alcohol-100-uds\/#breadcrumb","itemListElement":[{"@type":"ListItem","position":1,"name":"Strona G\u0142\u00f3wna","item":"https:\/\/med.tattoo\/es\/"},{"@type":"ListItem","position":2,"name":"Tienda","item":"https:\/\/med.tattoo\/es\/tienda\/"},{"@type":"ListItem","position":3,"name":"Toallitas Velox NA caja toallitas sin alcohol 100 uds."}]},{"@type":"WebSite","@id":"https:\/\/med.tattoo\/es\/#website","url":"https:\/\/med.tattoo\/es\/","name":"MED.TATTOO","description":"Wszystko dla Twojego tatua\u017cu","publisher":{"@id":"https:\/\/med.tattoo\/es\/#organization"},"potentialAction":[{"@type":"SearchAction","target":{"@type":"EntryPoint","urlTemplate":"https:\/\/med.tattoo\/es\/?s={search_term_string}"},"query-input":{"@type":"PropertyValueSpecification","valueRequired":true,"valueName":"search_term_string"}}],"inLanguage":"es"},{"@type":"Organization","@id":"https:\/\/med.tattoo\/es\/#organization","name":"MED.TATTOO","url":"https:\/\/med.tattoo\/es\/","logo":{"@type":"ImageObject","inLanguage":"es","@id":"https:\/\/med.tattoo\/es\/#\/schema\/logo\/image\/","url":"https:\/\/med.tattoo\/wp-content\/uploads\/2025\/05\/Bez-tytulu-600S300-px-1-e1658908183800.png","contentUrl":"https:\/\/med.tattoo\/wp-content\/uploads\/2025\/05\/Bez-tytulu-600S300-px-1-e1658908183800.png","width":600,"height":61,"caption":"MED.TATTOO"},"image":{"@id":"https:\/\/med.tattoo\/es\/#\/schema\/logo\/image\/"},"sameAs":["https:\/\/www.facebook.com\/profile.php?id=100084366705613","https:\/\/www.instagram.com\/med.tattoo_official\/"]}]}},"_links":{"self":[{"href":"https:\/\/med.tattoo\/es\/wp-json\/wp\/v2\/product\/9899","targetHints":{"allow":["GET"]}}],"collection":[{"href":"https:\/\/med.tattoo\/es\/wp-json\/wp\/v2\/product"}],"about":[{"href":"https:\/\/med.tattoo\/es\/wp-json\/wp\/v2\/types\/product"}],"replies":[{"embeddable":true,"href":"https:\/\/med.tattoo\/es\/wp-json\/wp\/v2\/comments?post=9899"}],"wp:featuredmedia":[{"embeddable":true,"href":"https:\/\/med.tattoo\/es\/wp-json\/wp\/v2\/media\/8184"}],"wp:attachment":[{"href":"https:\/\/med.tattoo\/es\/wp-json\/wp\/v2\/media?parent=9899"}],"wp:term":[{"taxonomy":"product_brand","embeddable":true,"href":"https:\/\/med.tattoo\/es\/wp-json\/wp\/v2\/product_brand?post=9899"},{"taxonomy":"product_cat","embeddable":true,"href":"https:\/\/med.tattoo\/es\/wp-json\/wp\/v2\/product_cat?post=9899"},{"taxonomy":"product_tag","embeddable":true,"href":"https:\/\/med.tattoo\/es\/wp-json\/wp\/v2\/product_tag?post=9899"}],"curies":[{"name":"wp","href":"https:\/\/api.w.org\/{rel}","templated":true}]}}