{"id":9935,"date":"2025-05-15T07:27:36","date_gmt":"2025-05-15T05:27:36","guid":{"rendered":"https:\/\/med.tattoo\/produkt\/contenedor-de-residuos-medicos-02l-plano-1ud\/"},"modified":"2025-05-15T07:27:36","modified_gmt":"2025-05-15T05:27:36","slug":"contenedor-de-residuos-medicos-02l-plano-1ud","status":"publish","type":"product","link":"https:\/\/med.tattoo\/es\/producto\/contenedor-de-residuos-medicos-02l-plano-1ud\/","title":{"rendered":"Contenedor de residuos m\u00e9dicos 0,2L plano 1ud."},"content":{"rendered":"<p>Un pr\u00e1ctico contenedor de pl\u00e1stico &#8211; polipropileno en color rojo. Es impermeable y resistente a los pinchazos. Tiene un recorte especial en la tapa que permite separar con seguridad la aguja de la jeringa.  <\/p>\n<p>El envase lleva la etiqueta de advertencia \u00abmaterial infeccioso\u00bb junto con otra informaci\u00f3n exigida por la PZH.<\/p>\n<p>El contenedor rojo es para los residuos:<\/p>\n<p>que contengan microorganismos pat\u00f3genos vivos o sus toxinas y otras formas capaces de transmitir material gen\u00e9tico que se cree que causan enfermedades en humanos y animales;<br \/>\npartes del cuerpo y \u00f3rganos, as\u00ed como recipientes para sangre y conservantes de la sangre para su almacenamiento;<br \/>\nba\u00f1os biol\u00f3gicos activos terap\u00e9uticos utilizados con propiedades infecciosas;<br \/>\nresiduos de la alimentaci\u00f3n de pacientes en salas infecciosas.<br \/>\nLos contenedores deben tener un cierre que no requiera contacto con su contenido. Los contenedores deben cambiarse al menos cada 72 horas, a excepci\u00f3n de las bolsas en las que se recogen residuos m\u00e9dicos altamente infecciosos, que se cambian cada 24 horas. <\/p>\n<p>Si el contenedor est\u00e1 da\u00f1ado, des\u00e9chelo completamente con su contenido. Recuerde que no debe transportar los residuos m\u00e9dicos fuera de las instalaciones. <\/p>\n<p>Los contenedores de residuos m\u00e9dicos est\u00e1n dise\u00f1ados para que los materiales infecciosos puedan eliminarse de forma totalmente higi\u00e9nica y segura. Los productos que ofrecemos cumplen todas las normas, requisitos y est\u00e1ndares. Gracias a ellos, podemos eliminar los residuos sin contacto y enviarlos para su eliminaci\u00f3n. Los contenedores son muy robustos: resistentes a pinchazos con agujas, impactos y golpes.   <\/p>\n","protected":false},"excerpt":{"rendered":"<p>Un pr\u00e1ctico contenedor de pl\u00e1stico &#8211; polipropileno en color rojo. Es impermeable y resistente a los pinchazos. Tiene un recorte especial en la tapa que permite separar con seguridad la aguja de la jeringa. El envase lleva la etiqueta de advertencia \u00abmaterial infeccioso\u00bb junto con otra informaci\u00f3n exigida por la PZH. El contenedor rojo es [&hellip;]<\/p>\n","protected":false},"featured_media":7752,"comment_status":"closed","ping_status":"open","template":"","meta":{"site-sidebar-layout":"default","site-content-layout":"","ast-site-content-layout":"default","site-content-style":"default","site-sidebar-style":"default","ast-global-header-display":"","ast-banner-title-visibility":"","ast-main-header-display":"","ast-hfb-above-header-display":"","ast-hfb-below-header-display":"","ast-hfb-mobile-header-display":"","site-post-title":"","ast-breadcrumbs-content":"","ast-featured-img":"","footer-sml-layout":"","ast-disable-related-posts":"","theme-transparent-header-meta":"","adv-header-id-meta":"","stick-header-meta":"","header-above-stick-meta":"","header-main-stick-meta":"","header-below-stick-meta":"","astra-migrate-meta-layouts":"default","ast-page-background-enabled":"default","ast-page-background-meta":{"desktop":{"background-color":"var(--ast-global-color-4)","background-image":"","background-repeat":"repeat","background-position":"center center","background-size":"auto","background-attachment":"scroll","background-type":"","background-media":"","overlay-type":"","overlay-color":"","overlay-opacity":"","overlay-gradient":""},"tablet":{"background-color":"","background-image":"","background-repeat":"repeat","background-position":"center center","background-size":"auto","background-attachment":"scroll","background-type":"","background-media":"","overlay-type":"","overlay-color":"","overlay-opacity":"","overlay-gradient":""},"mobile":{"background-color":"","background-image":"","background-repeat":"repeat","background-position":"center center","background-size":"auto","background-attachment":"scroll","background-type":"","background-media":"","overlay-type":"","overlay-color":"","overlay-opacity":"","overlay-gradient":""}},"ast-content-background-meta":{"desktop":{"background-color":"var(--ast-global-color-5)","background-image":"","background-repeat":"repeat","background-position":"center center","background-size":"auto","background-attachment":"scroll","background-type":"","background-media":"","overlay-type":"","overlay-color":"","overlay-opacity":"","overlay-gradient":""},"tablet":{"background-color":"var(--ast-global-color-5)","background-image":"","background-repeat":"repeat","background-position":"center center","background-size":"auto","background-attachment":"scroll","background-type":"","background-media":"","overlay-type":"","overlay-color":"","overlay-opacity":"","overlay-gradient":""},"mobile":{"background-color":"var(--ast-global-color-5)","background-image":"","background-repeat":"repeat","background-position":"center center","background-size":"auto","background-attachment":"scroll","background-type":"","background-media":"","overlay-type":"","overlay-color":"","overlay-opacity":"","overlay-gradient":""}}},"product_brand":[],"product_cat":[89],"product_tag":[],"class_list":{"0":"post-9935","1":"product","2":"type-product","3":"status-publish","4":"has-post-thumbnail","6":"product_cat-med-tattoo-es","7":"desktop-align-left","8":"tablet-align-left","9":"mobile-align-left","10":"ast-product-gallery-layout-horizontal-slider","11":"ast-product-gallery-with-no-image","12":"ast-product-tabs-layout-distributed","14":"first","15":"instock","16":"purchasable","17":"product-type-simple"},"yoast_head":"<!-- This site is optimized with the Yoast SEO plugin v27.3 - https:\/\/yoast.com\/product\/yoast-seo-wordpress\/ -->\n<title>Contenedor de residuos m\u00e9dicos 0,2L plano 1ud. - MED.TATTOO<\/title>\n<meta name=\"robots\" content=\"index, follow, max-snippet:-1, max-image-preview:large, max-video-preview:-1\" \/>\n<link rel=\"canonical\" href=\"https:\/\/med.tattoo\/es\/producto\/contenedor-de-residuos-medicos-02l-plano-1ud\/\" \/>\n<meta property=\"og:locale\" content=\"es_ES\" \/>\n<meta property=\"og:type\" content=\"article\" \/>\n<meta property=\"og:title\" content=\"Contenedor de residuos m\u00e9dicos 0,2L plano 1ud. - MED.TATTOO\" \/>\n<meta property=\"og:description\" content=\"Un pr\u00e1ctico contenedor de pl\u00e1stico &#8211; polipropileno en color rojo. Es impermeable y resistente a los pinchazos. Tiene un recorte especial en la tapa que permite separar con seguridad la aguja de la jeringa. El envase lleva la etiqueta de advertencia \u00abmaterial infeccioso\u00bb junto con otra informaci\u00f3n exigida por la PZH. El contenedor rojo es [&hellip;]\" \/>\n<meta property=\"og:url\" content=\"https:\/\/med.tattoo\/es\/producto\/contenedor-de-residuos-medicos-02l-plano-1ud\/\" \/>\n<meta property=\"og:site_name\" content=\"MED.TATTOO\" \/>\n<meta property=\"article:publisher\" content=\"https:\/\/www.facebook.com\/profile.php?id=100084366705613\" \/>\n<meta name=\"twitter:card\" content=\"summary_large_image\" \/>\n<meta name=\"twitter:label1\" content=\"Tiempo de lectura\" \/>\n\t<meta name=\"twitter:data1\" content=\"1 minuto\" \/>\n<script type=\"application\/ld+json\" class=\"yoast-schema-graph\">{\"@context\":\"https:\\\/\\\/schema.org\",\"@graph\":[{\"@type\":\"WebPage\",\"@id\":\"https:\\\/\\\/med.tattoo\\\/es\\\/producto\\\/contenedor-de-residuos-medicos-02l-plano-1ud\\\/\",\"url\":\"https:\\\/\\\/med.tattoo\\\/es\\\/producto\\\/contenedor-de-residuos-medicos-02l-plano-1ud\\\/\",\"name\":\"Contenedor de residuos m\u00e9dicos 0,2L plano 1ud. - MED.TATTOO\",\"isPartOf\":{\"@id\":\"https:\\\/\\\/med.tattoo\\\/es\\\/#website\"},\"primaryImageOfPage\":{\"@id\":\"https:\\\/\\\/med.tattoo\\\/es\\\/producto\\\/contenedor-de-residuos-medicos-02l-plano-1ud\\\/#primaryimage\"},\"image\":{\"@id\":\"https:\\\/\\\/med.tattoo\\\/es\\\/producto\\\/contenedor-de-residuos-medicos-02l-plano-1ud\\\/#primaryimage\"},\"thumbnailUrl\":\"https:\\\/\\\/med.tattoo\\\/wp-content\\\/uploads\\\/2025\\\/05\\\/388_pojemnik-na-odpady-medyczne-0-2l-plaski-1szt_1744006885.jpg\",\"datePublished\":\"2025-05-15T05:27:36+00:00\",\"breadcrumb\":{\"@id\":\"https:\\\/\\\/med.tattoo\\\/es\\\/producto\\\/contenedor-de-residuos-medicos-02l-plano-1ud\\\/#breadcrumb\"},\"inLanguage\":\"es\",\"potentialAction\":[{\"@type\":\"ReadAction\",\"target\":[\"https:\\\/\\\/med.tattoo\\\/es\\\/producto\\\/contenedor-de-residuos-medicos-02l-plano-1ud\\\/\"]}]},{\"@type\":\"ImageObject\",\"inLanguage\":\"es\",\"@id\":\"https:\\\/\\\/med.tattoo\\\/es\\\/producto\\\/contenedor-de-residuos-medicos-02l-plano-1ud\\\/#primaryimage\",\"url\":\"https:\\\/\\\/med.tattoo\\\/wp-content\\\/uploads\\\/2025\\\/05\\\/388_pojemnik-na-odpady-medyczne-0-2l-plaski-1szt_1744006885.jpg\",\"contentUrl\":\"https:\\\/\\\/med.tattoo\\\/wp-content\\\/uploads\\\/2025\\\/05\\\/388_pojemnik-na-odpady-medyczne-0-2l-plaski-1szt_1744006885.jpg\",\"width\":526,\"height\":334},{\"@type\":\"BreadcrumbList\",\"@id\":\"https:\\\/\\\/med.tattoo\\\/es\\\/producto\\\/contenedor-de-residuos-medicos-02l-plano-1ud\\\/#breadcrumb\",\"itemListElement\":[{\"@type\":\"ListItem\",\"position\":1,\"name\":\"Strona G\u0142\u00f3wna\",\"item\":\"https:\\\/\\\/med.tattoo\\\/es\\\/\"},{\"@type\":\"ListItem\",\"position\":2,\"name\":\"Tienda\",\"item\":\"https:\\\/\\\/med.tattoo\\\/es\\\/tienda\\\/\"},{\"@type\":\"ListItem\",\"position\":3,\"name\":\"Contenedor de residuos m\u00e9dicos 0,2L plano 1ud.\"}]},{\"@type\":\"WebSite\",\"@id\":\"https:\\\/\\\/med.tattoo\\\/es\\\/#website\",\"url\":\"https:\\\/\\\/med.tattoo\\\/es\\\/\",\"name\":\"MED.TATTOO\",\"description\":\"Wszystko dla Twojego tatua\u017cu\",\"publisher\":{\"@id\":\"https:\\\/\\\/med.tattoo\\\/es\\\/#organization\"},\"potentialAction\":[{\"@type\":\"SearchAction\",\"target\":{\"@type\":\"EntryPoint\",\"urlTemplate\":\"https:\\\/\\\/med.tattoo\\\/es\\\/?s={search_term_string}\"},\"query-input\":{\"@type\":\"PropertyValueSpecification\",\"valueRequired\":true,\"valueName\":\"search_term_string\"}}],\"inLanguage\":\"es\"},{\"@type\":\"Organization\",\"@id\":\"https:\\\/\\\/med.tattoo\\\/es\\\/#organization\",\"name\":\"MED.TATTOO\",\"url\":\"https:\\\/\\\/med.tattoo\\\/es\\\/\",\"logo\":{\"@type\":\"ImageObject\",\"inLanguage\":\"es\",\"@id\":\"https:\\\/\\\/med.tattoo\\\/es\\\/#\\\/schema\\\/logo\\\/image\\\/\",\"url\":\"https:\\\/\\\/med.tattoo\\\/wp-content\\\/uploads\\\/2025\\\/05\\\/Bez-tytulu-600S300-px-1-e1658908183800.png\",\"contentUrl\":\"https:\\\/\\\/med.tattoo\\\/wp-content\\\/uploads\\\/2025\\\/05\\\/Bez-tytulu-600S300-px-1-e1658908183800.png\",\"width\":600,\"height\":61,\"caption\":\"MED.TATTOO\"},\"image\":{\"@id\":\"https:\\\/\\\/med.tattoo\\\/es\\\/#\\\/schema\\\/logo\\\/image\\\/\"},\"sameAs\":[\"https:\\\/\\\/www.facebook.com\\\/profile.php?id=100084366705613\",\"https:\\\/\\\/www.instagram.com\\\/med.tattoo_official\\\/\"]}]}<\/script>\n<!-- \/ Yoast SEO plugin. -->","yoast_head_json":{"title":"Contenedor de residuos m\u00e9dicos 0,2L plano 1ud. - MED.TATTOO","robots":{"index":"index","follow":"follow","max-snippet":"max-snippet:-1","max-image-preview":"max-image-preview:large","max-video-preview":"max-video-preview:-1"},"canonical":"https:\/\/med.tattoo\/es\/producto\/contenedor-de-residuos-medicos-02l-plano-1ud\/","og_locale":"es_ES","og_type":"article","og_title":"Contenedor de residuos m\u00e9dicos 0,2L plano 1ud. - MED.TATTOO","og_description":"Un pr\u00e1ctico contenedor de pl\u00e1stico &#8211; polipropileno en color rojo. Es impermeable y resistente a los pinchazos. Tiene un recorte especial en la tapa que permite separar con seguridad la aguja de la jeringa. El envase lleva la etiqueta de advertencia \u00abmaterial infeccioso\u00bb junto con otra informaci\u00f3n exigida por la PZH. El contenedor rojo es [&hellip;]","og_url":"https:\/\/med.tattoo\/es\/producto\/contenedor-de-residuos-medicos-02l-plano-1ud\/","og_site_name":"MED.TATTOO","article_publisher":"https:\/\/www.facebook.com\/profile.php?id=100084366705613","twitter_card":"summary_large_image","twitter_misc":{"Tiempo de lectura":"1 minuto"},"schema":{"@context":"https:\/\/schema.org","@graph":[{"@type":"WebPage","@id":"https:\/\/med.tattoo\/es\/producto\/contenedor-de-residuos-medicos-02l-plano-1ud\/","url":"https:\/\/med.tattoo\/es\/producto\/contenedor-de-residuos-medicos-02l-plano-1ud\/","name":"Contenedor de residuos m\u00e9dicos 0,2L plano 1ud. - MED.TATTOO","isPartOf":{"@id":"https:\/\/med.tattoo\/es\/#website"},"primaryImageOfPage":{"@id":"https:\/\/med.tattoo\/es\/producto\/contenedor-de-residuos-medicos-02l-plano-1ud\/#primaryimage"},"image":{"@id":"https:\/\/med.tattoo\/es\/producto\/contenedor-de-residuos-medicos-02l-plano-1ud\/#primaryimage"},"thumbnailUrl":"https:\/\/med.tattoo\/wp-content\/uploads\/2025\/05\/388_pojemnik-na-odpady-medyczne-0-2l-plaski-1szt_1744006885.jpg","datePublished":"2025-05-15T05:27:36+00:00","breadcrumb":{"@id":"https:\/\/med.tattoo\/es\/producto\/contenedor-de-residuos-medicos-02l-plano-1ud\/#breadcrumb"},"inLanguage":"es","potentialAction":[{"@type":"ReadAction","target":["https:\/\/med.tattoo\/es\/producto\/contenedor-de-residuos-medicos-02l-plano-1ud\/"]}]},{"@type":"ImageObject","inLanguage":"es","@id":"https:\/\/med.tattoo\/es\/producto\/contenedor-de-residuos-medicos-02l-plano-1ud\/#primaryimage","url":"https:\/\/med.tattoo\/wp-content\/uploads\/2025\/05\/388_pojemnik-na-odpady-medyczne-0-2l-plaski-1szt_1744006885.jpg","contentUrl":"https:\/\/med.tattoo\/wp-content\/uploads\/2025\/05\/388_pojemnik-na-odpady-medyczne-0-2l-plaski-1szt_1744006885.jpg","width":526,"height":334},{"@type":"BreadcrumbList","@id":"https:\/\/med.tattoo\/es\/producto\/contenedor-de-residuos-medicos-02l-plano-1ud\/#breadcrumb","itemListElement":[{"@type":"ListItem","position":1,"name":"Strona G\u0142\u00f3wna","item":"https:\/\/med.tattoo\/es\/"},{"@type":"ListItem","position":2,"name":"Tienda","item":"https:\/\/med.tattoo\/es\/tienda\/"},{"@type":"ListItem","position":3,"name":"Contenedor de residuos m\u00e9dicos 0,2L plano 1ud."}]},{"@type":"WebSite","@id":"https:\/\/med.tattoo\/es\/#website","url":"https:\/\/med.tattoo\/es\/","name":"MED.TATTOO","description":"Wszystko dla Twojego tatua\u017cu","publisher":{"@id":"https:\/\/med.tattoo\/es\/#organization"},"potentialAction":[{"@type":"SearchAction","target":{"@type":"EntryPoint","urlTemplate":"https:\/\/med.tattoo\/es\/?s={search_term_string}"},"query-input":{"@type":"PropertyValueSpecification","valueRequired":true,"valueName":"search_term_string"}}],"inLanguage":"es"},{"@type":"Organization","@id":"https:\/\/med.tattoo\/es\/#organization","name":"MED.TATTOO","url":"https:\/\/med.tattoo\/es\/","logo":{"@type":"ImageObject","inLanguage":"es","@id":"https:\/\/med.tattoo\/es\/#\/schema\/logo\/image\/","url":"https:\/\/med.tattoo\/wp-content\/uploads\/2025\/05\/Bez-tytulu-600S300-px-1-e1658908183800.png","contentUrl":"https:\/\/med.tattoo\/wp-content\/uploads\/2025\/05\/Bez-tytulu-600S300-px-1-e1658908183800.png","width":600,"height":61,"caption":"MED.TATTOO"},"image":{"@id":"https:\/\/med.tattoo\/es\/#\/schema\/logo\/image\/"},"sameAs":["https:\/\/www.facebook.com\/profile.php?id=100084366705613","https:\/\/www.instagram.com\/med.tattoo_official\/"]}]}},"_links":{"self":[{"href":"https:\/\/med.tattoo\/es\/wp-json\/wp\/v2\/product\/9935","targetHints":{"allow":["GET"]}}],"collection":[{"href":"https:\/\/med.tattoo\/es\/wp-json\/wp\/v2\/product"}],"about":[{"href":"https:\/\/med.tattoo\/es\/wp-json\/wp\/v2\/types\/product"}],"replies":[{"embeddable":true,"href":"https:\/\/med.tattoo\/es\/wp-json\/wp\/v2\/comments?post=9935"}],"wp:featuredmedia":[{"embeddable":true,"href":"https:\/\/med.tattoo\/es\/wp-json\/wp\/v2\/media\/7752"}],"wp:attachment":[{"href":"https:\/\/med.tattoo\/es\/wp-json\/wp\/v2\/media?parent=9935"}],"wp:term":[{"taxonomy":"product_brand","embeddable":true,"href":"https:\/\/med.tattoo\/es\/wp-json\/wp\/v2\/product_brand?post=9935"},{"taxonomy":"product_cat","embeddable":true,"href":"https:\/\/med.tattoo\/es\/wp-json\/wp\/v2\/product_cat?post=9935"},{"taxonomy":"product_tag","embeddable":true,"href":"https:\/\/med.tattoo\/es\/wp-json\/wp\/v2\/product_tag?post=9935"}],"curies":[{"name":"wp","href":"https:\/\/api.w.org\/{rel}","templated":true}]}}