{"id":4528,"date":"2025-05-07T10:30:40","date_gmt":"2025-05-07T08:30:40","guid":{"rendered":"https:\/\/med.tattoo\/retours-et-reclamations\/"},"modified":"2025-05-07T16:22:33","modified_gmt":"2025-05-07T14:22:33","slug":"retours-et-reclamations","status":"publish","type":"page","link":"https:\/\/med.tattoo\/fr\/retours-et-reclamations\/","title":{"rendered":"RETOURS ET R\u00c9CLAMATIONS"},"content":{"rendered":"\n<div style=\"height:50px\" aria-hidden=\"true\" class=\"wp-block-spacer\"><\/div>\n\n\n\n<h2 class=\"wp-block-heading has-text-align-center\" id=\"h-zwrot\">RETOUR<\/h2>\n\n\n\n<p>Conform\u00e9ment \u00e0 la loi sur les droits des consommateurs du 30 mai 2014, le consommateur peut se r\u00e9tracter du contrat de vente de biens achet\u00e9s aupr\u00e8s du vendeur sans donner de raison en faisant une d\u00e9claration \u00e9crite pertinente dans un d\u00e9lai de 14 jours, \u00e0 compter de la date de livraison des biens (c&rsquo;est-\u00e0-dire \u00e0 compter de la date de r\u00e9ception des biens par le consommateur). L&rsquo;envoi d&rsquo;une d\u00e9claration \u00e9crite par la poste avant ce d\u00e9lai suffit \u00e0 le respecter.<br>Le consommateur peut r\u00e9silier le contrat en soumettant une d\u00e9claration de r\u00e9tractation au vendeur. Le consommateur peut utiliser le formulaire de d\u00e9claration de r\u00e9tractation constituant une annexe aux pr\u00e9sentes conditions g\u00e9n\u00e9rales, qui peut \u00e9galement \u00eatre t\u00e9l\u00e9charg\u00e9 \u00e0 l&rsquo;adresse <a href=\"https:\/\/med.tattoo\/wp-content\/uploads\/2025\/05\/Form-fr.docx\">Cliquez ici<\/a>.<br>Une d\u00e9claration de r\u00e9tractation du contrat doit \u00eatre envoy\u00e9e \u00e0 l&rsquo;adresse MEDYCZNIE PROSTA SP\u00d3\u0141KA AKCYJNA Gorlice (38-300), ul. Biecka 8\/1.<br>Le consommateur est tenu de renvoyer les biens au vendeur au plus tard dans les 14 jours \u00e0 compter de la date de r\u00e9tractation du contrat. Pour respecter le d\u00e9lai, il suffit de renvoyer les marchandises avant son expiration.<br>Les marchandises doivent \u00eatre renvoy\u00e9es \u00e0 l&rsquo;adresse du vendeur : MEDYCZNIE PROSTA SP\u00d3\u0141KA AKCYJNA Gorlice (38-300), ul. Biecka 8\/1. Les marchandises retourn\u00e9es doivent \u00eatre dans un \u00e9tat intact. Le vendeur confirmera le retour au client. <br>Le vendeur remboursera au consommateur, dans un d\u00e9lai de 14 jours \u00e0 compter de la date de r\u00e9ception de la d\u00e9claration de r\u00e9tractation, le b\u00e9n\u00e9fice du prix d&rsquo;achat, mais le paiement ne sera pas rembours\u00e9 tant que les biens n&rsquo;auront pas \u00e9t\u00e9 renvoy\u00e9s ou que le consommateur n&rsquo;aura pas fourni la preuve de leur renvoi.<br>Le vendeur rembourse le paiement en utilisant le m\u00eame mode de paiement que celui utilis\u00e9 par le consommateur, \u00e0 moins que le consommateur n&rsquo;accepte un autre mode de remboursement qui n&rsquo;entra\u00eene pas de frais pour lui.<br>Le consommateur supporte les frais de renvoi des biens au vendeur, y compris les frais de port, de protection et d&#8217;emballage des biens.<br>Le droit de r\u00e9tractation d&rsquo;un contrat conclu \u00e0 distance ne s&rsquo;applique pas au consommateur pour les contrats vis\u00e9s \u00e0 l&rsquo;Art. 38 de la loi du 30 mai 2014 relative aux droits des consommateurs, notamment les contrats :<br>dont l&rsquo;objet de la prestation est un bien qui se d\u00e9t\u00e9riore rapidement ou dont la dur\u00e9e de conservation est courte ;<br>dont l&rsquo;objet de la prestation est un bien livr\u00e9 dans un emballage scell\u00e9 qui ne peut \u00eatre renvoy\u00e9 apr\u00e8s ouverture de l&#8217;emballage pour des raisons de protection de la sant\u00e9 ou d&rsquo;hygi\u00e8ne, si l&#8217;emballage a \u00e9t\u00e9 ouvert apr\u00e8s la livraison ;<br>dont l&rsquo;objet de la prestation est un bien qui, apr\u00e8s la livraison, en raison de sa nature, est indissociablement li\u00e9 \u00e0 d&rsquo;autres biens ;<br>conclu dans le cadre d&rsquo;une vente aux ench\u00e8res publiques.<\/p>\n\n\n\n<h2 class=\"wp-block-heading has-text-align-center\">R\u00c9CLAMATIONS<\/h2>\n\n\n\n<p>Le vendeur est tenu de la garantie pour les d\u00e9fauts physiques et juridiques de la marchandise vendue dans la mesure pr\u00e9vue par les articles 556 et suivants de la loi du 23 avril 1964 &#8211; Code civil (DZ. U. de 2014, point 121). <br>Si les marchandises s&rsquo;av\u00e8rent d\u00e9fectueuses, le client a notamment le droit d&rsquo;introduire une r\u00e9clamation dans un d\u00e9lai de 2 (deux) ans \u00e0 compter de la date de livraison des marchandises. Dans ce cas, le client doit envoyer ou livrer au vendeur les marchandises annonc\u00e9es, accompagn\u00e9es de la preuve d&rsquo;achat et d&rsquo;une description des d\u00e9fauts constat\u00e9s. Les marchandises r\u00e9clam\u00e9es doivent \u00eatre livr\u00e9es ou envoy\u00e9es \u00e0 l&rsquo;adresse du vendeur MEDYCZNIE PROSTA SP\u00d3\u0141KA AKCYJNA Gorlice (38-300), ul. Biecka 8\/1.<br>Conform\u00e9ment aux principes \u00e9nonc\u00e9s dans le Code civil, le client peut demander la r\u00e9paration des marchandises, leur remplacement par des marchandises exemptes de d\u00e9fauts, la r\u00e9duction du prix des marchandises ou la r\u00e9siliation du contrat de vente. Le vendeur doit imm\u00e9diatement, et au plus tard dans les 14 jours suivant la date de r\u00e9ception du colis contenant les marchandises r\u00e9clam\u00e9es, r\u00e9pondre \u00e0 la plainte et informer le client de la suite de la proc\u00e9dure.    <br>Si la r\u00e9clamation est justifi\u00e9e, le vendeur s&rsquo;engage \u00e0 remplacer les marchandises d\u00e9fectueuses par des marchandises exemptes de d\u00e9fauts, \u00e0 supprimer le d\u00e9faut ou \u00e0 r\u00e9duire le prix des marchandises dans les 14 jours suivant l&rsquo;acceptation de la r\u00e9clamation du client.<br>En cas de r\u00e9tractation effective du contrat, le vendeur s&rsquo;engage \u00e0 rembourser le paiement dans un d\u00e9lai de 14 jours \u00e0 compter de la date de r\u00e9ception de la d\u00e9claration de r\u00e9tractation, \u00e9tant entendu que le paiement ne sera pas rembours\u00e9 tant que les biens n&rsquo;auront pas \u00e9t\u00e9 re\u00e7us en retour ou que le client n&rsquo;aura pas fourni la preuve de leur retour.<br>Le vendeur remboursera au client les frais li\u00e9s \u00e0 la livraison ou \u00e0 l&rsquo;exp\u00e9dition des marchandises faisant l&rsquo;objet de la r\u00e9clamation, une fois que la r\u00e9clamation aura \u00e9t\u00e9 r\u00e9solue.<br>Dans le cas d&rsquo;un article contractuel couvert par la garantie d&rsquo;un distributeur ou d&rsquo;un fabricant (garant), les conditions d\u00e9taill\u00e9es de la garantie et sa dur\u00e9e sont indiqu\u00e9es dans le document de garantie \u00e9mis par le garant. Si le document de garantie pr\u00e9voit une telle possibilit\u00e9, le client peut soumettre ses r\u00e9clamations au titre de la garantie directement au centre de service agr\u00e9\u00e9 dont l&rsquo;adresse figure dans le document de garantie. Le client peut \u00e9galement faire part de ses r\u00e9clamations au titre de la garantie au vendeur, mais dans ce cas, le vendeur n&rsquo;est qu&rsquo;un interm\u00e9diaire qui transmet la r\u00e9clamation au garant. Le client peut utiliser, \u00e0 sa discr\u00e9tion, les droits de garantie directement aupr\u00e8s du garant et ses droits aupr\u00e8s du vendeur en vertu de la garantie.<br>Les co\u00fbts li\u00e9s \u00e0 la livraison ou \u00e0 l&rsquo;exp\u00e9dition des marchandises d\u00e9fectueuses seront rembours\u00e9s par le vendeur au client apr\u00e8s le traitement de la plainte et l&rsquo;acceptation des r\u00e9clamations du client.<br>Afin de maintenir les propri\u00e9t\u00e9s et la qualit\u00e9 des produits livr\u00e9s, le vendeur se r\u00e9serve le droit de choisir une m\u00e9thode sp\u00e9cifique de transport de la commande &#8211; transport sp\u00e9cialis\u00e9 avec des conditions constantes et contr\u00f4l\u00e9es (Pharmalink). Si le client modifie le mode de livraison et choisit de ne pas utiliser le transport sp\u00e9cialis\u00e9, le vendeur n&rsquo;est pas responsable de toute modification de l&rsquo;apparence ou des propri\u00e9t\u00e9s des marchandises caus\u00e9e par une temp\u00e9rature inappropri\u00e9e (trop \u00e9lev\u00e9e ou trop basse) pendant le transport ou le stockage des colis par la soci\u00e9t\u00e9 de transport.    <\/p>\n\n\n\n<p><\/p>\n","protected":false},"excerpt":{"rendered":"<p>RETOUR Conform\u00e9ment \u00e0 la loi sur les droits des consommateurs du 30 mai 2014, le consommateur peut se r\u00e9tracter du contrat de vente de biens achet\u00e9s aupr\u00e8s du vendeur sans donner de raison en faisant une d\u00e9claration \u00e9crite pertinente dans un d\u00e9lai de 14 jours, \u00e0 compter de la date de livraison des biens (c&rsquo;est-\u00e0-dire [&hellip;]<\/p>\n","protected":false},"author":1,"featured_media":0,"parent":0,"menu_order":0,"comment_status":"closed","ping_status":"closed","template":"","meta":{"site-sidebar-layout":"default","site-content-layout":"","ast-site-content-layout":"default","site-content-style":"default","site-sidebar-style":"default","ast-global-header-display":"","ast-banner-title-visibility":"","ast-main-header-display":"","ast-hfb-above-header-display":"","ast-hfb-below-header-display":"","ast-hfb-mobile-header-display":"","site-post-title":"","ast-breadcrumbs-content":"","ast-featured-img":"","footer-sml-layout":"","ast-disable-related-posts":"","theme-transparent-header-meta":"","adv-header-id-meta":"","stick-header-meta":"","header-above-stick-meta":"","header-main-stick-meta":"","header-below-stick-meta":"","astra-migrate-meta-layouts":"set","ast-page-background-enabled":"default","ast-page-background-meta":{"desktop":{"background-color":"var(--ast-global-color-4)","background-image":"","background-repeat":"repeat","background-position":"center center","background-size":"auto","background-attachment":"scroll","background-type":"","background-media":"","overlay-type":"","overlay-color":"","overlay-opacity":"","overlay-gradient":""},"tablet":{"background-color":"","background-image":"","background-repeat":"repeat","background-position":"center center","background-size":"auto","background-attachment":"scroll","background-type":"","background-media":"","overlay-type":"","overlay-color":"","overlay-opacity":"","overlay-gradient":""},"mobile":{"background-color":"","background-image":"","background-repeat":"repeat","background-position":"center center","background-size":"auto","background-attachment":"scroll","background-type":"","background-media":"","overlay-type":"","overlay-color":"","overlay-opacity":"","overlay-gradient":""}},"ast-content-background-meta":{"desktop":{"background-color":"var(--ast-global-color-5)","background-image":"","background-repeat":"repeat","background-position":"center center","background-size":"auto","background-attachment":"scroll","background-type":"","background-media":"","overlay-type":"","overlay-color":"","overlay-opacity":"","overlay-gradient":""},"tablet":{"background-color":"var(--ast-global-color-5)","background-image":"","background-repeat":"repeat","background-position":"center center","background-size":"auto","background-attachment":"scroll","background-type":"","background-media":"","overlay-type":"","overlay-color":"","overlay-opacity":"","overlay-gradient":""},"mobile":{"background-color":"var(--ast-global-color-5)","background-image":"","background-repeat":"repeat","background-position":"center center","background-size":"auto","background-attachment":"scroll","background-type":"","background-media":"","overlay-type":"","overlay-color":"","overlay-opacity":"","overlay-gradient":""}},"footnotes":""},"class_list":["post-4528","page","type-page","status-publish","hentry"],"yoast_head":"<!-- This site is optimized with the Yoast SEO plugin v27.3 - https:\/\/yoast.com\/product\/yoast-seo-wordpress\/ -->\n<title>RETOURS ET R\u00c9CLAMATIONS - MED.TATTOO<\/title>\n<meta name=\"robots\" content=\"index, follow, max-snippet:-1, max-image-preview:large, max-video-preview:-1\" \/>\n<link rel=\"canonical\" href=\"https:\/\/med.tattoo\/fr\/retours-et-reclamations\/\" \/>\n<meta property=\"og:locale\" content=\"fr_FR\" \/>\n<meta property=\"og:type\" content=\"article\" \/>\n<meta property=\"og:title\" content=\"RETOURS ET R\u00c9CLAMATIONS - MED.TATTOO\" \/>\n<meta property=\"og:description\" content=\"RETOUR Conform\u00e9ment \u00e0 la loi sur les droits des consommateurs du 30 mai 2014, le consommateur peut se r\u00e9tracter du contrat de vente de biens achet\u00e9s aupr\u00e8s du vendeur sans donner de raison en faisant une d\u00e9claration \u00e9crite pertinente dans un d\u00e9lai de 14 jours, \u00e0 compter de la date de livraison des biens (c&rsquo;est-\u00e0-dire [&hellip;]\" \/>\n<meta property=\"og:url\" content=\"https:\/\/med.tattoo\/fr\/retours-et-reclamations\/\" \/>\n<meta property=\"og:site_name\" content=\"MED.TATTOO\" \/>\n<meta property=\"article:publisher\" content=\"https:\/\/www.facebook.com\/profile.php?id=100084366705613\" \/>\n<meta property=\"article:modified_time\" content=\"2025-05-07T14:22:33+00:00\" \/>\n<meta name=\"twitter:card\" content=\"summary_large_image\" \/>\n<meta name=\"twitter:label1\" content=\"Dur\u00e9e de lecture estim\u00e9e\" \/>\n\t<meta name=\"twitter:data1\" content=\"7 minutes\" \/>\n<script type=\"application\/ld+json\" class=\"yoast-schema-graph\">{\"@context\":\"https:\\\/\\\/schema.org\",\"@graph\":[{\"@type\":\"WebPage\",\"@id\":\"https:\\\/\\\/med.tattoo\\\/fr\\\/retours-et-reclamations\\\/\",\"url\":\"https:\\\/\\\/med.tattoo\\\/fr\\\/retours-et-reclamations\\\/\",\"name\":\"RETOURS ET R\u00c9CLAMATIONS - MED.TATTOO\",\"isPartOf\":{\"@id\":\"https:\\\/\\\/med.tattoo\\\/fr\\\/#website\"},\"datePublished\":\"2025-05-07T08:30:40+00:00\",\"dateModified\":\"2025-05-07T14:22:33+00:00\",\"breadcrumb\":{\"@id\":\"https:\\\/\\\/med.tattoo\\\/fr\\\/retours-et-reclamations\\\/#breadcrumb\"},\"inLanguage\":\"fr-FR\",\"potentialAction\":[{\"@type\":\"ReadAction\",\"target\":[\"https:\\\/\\\/med.tattoo\\\/fr\\\/retours-et-reclamations\\\/\"]}]},{\"@type\":\"BreadcrumbList\",\"@id\":\"https:\\\/\\\/med.tattoo\\\/fr\\\/retours-et-reclamations\\\/#breadcrumb\",\"itemListElement\":[{\"@type\":\"ListItem\",\"position\":1,\"name\":\"Strona G\u0142\u00f3wna\",\"item\":\"https:\\\/\\\/med.tattoo\\\/fr\\\/\"},{\"@type\":\"ListItem\",\"position\":2,\"name\":\"RETOURS ET R\u00c9CLAMATIONS\"}]},{\"@type\":\"WebSite\",\"@id\":\"https:\\\/\\\/med.tattoo\\\/fr\\\/#website\",\"url\":\"https:\\\/\\\/med.tattoo\\\/fr\\\/\",\"name\":\"MED.TATTOO\",\"description\":\"Wszystko dla Twojego tatua\u017cu\",\"publisher\":{\"@id\":\"https:\\\/\\\/med.tattoo\\\/fr\\\/#organization\"},\"potentialAction\":[{\"@type\":\"SearchAction\",\"target\":{\"@type\":\"EntryPoint\",\"urlTemplate\":\"https:\\\/\\\/med.tattoo\\\/fr\\\/?s={search_term_string}\"},\"query-input\":{\"@type\":\"PropertyValueSpecification\",\"valueRequired\":true,\"valueName\":\"search_term_string\"}}],\"inLanguage\":\"fr-FR\"},{\"@type\":\"Organization\",\"@id\":\"https:\\\/\\\/med.tattoo\\\/fr\\\/#organization\",\"name\":\"MED.TATTOO\",\"url\":\"https:\\\/\\\/med.tattoo\\\/fr\\\/\",\"logo\":{\"@type\":\"ImageObject\",\"inLanguage\":\"fr-FR\",\"@id\":\"https:\\\/\\\/med.tattoo\\\/fr\\\/#\\\/schema\\\/logo\\\/image\\\/\",\"url\":\"https:\\\/\\\/med.tattoo\\\/wp-content\\\/uploads\\\/2025\\\/05\\\/Bez-tytulu-600S300-px-1-e1658908183800.png\",\"contentUrl\":\"https:\\\/\\\/med.tattoo\\\/wp-content\\\/uploads\\\/2025\\\/05\\\/Bez-tytulu-600S300-px-1-e1658908183800.png\",\"width\":600,\"height\":61,\"caption\":\"MED.TATTOO\"},\"image\":{\"@id\":\"https:\\\/\\\/med.tattoo\\\/fr\\\/#\\\/schema\\\/logo\\\/image\\\/\"},\"sameAs\":[\"https:\\\/\\\/www.facebook.com\\\/profile.php?id=100084366705613\",\"https:\\\/\\\/www.instagram.com\\\/med.tattoo_official\\\/\"]}]}<\/script>\n<!-- \/ Yoast SEO plugin. -->","yoast_head_json":{"title":"RETOURS ET R\u00c9CLAMATIONS - MED.TATTOO","robots":{"index":"index","follow":"follow","max-snippet":"max-snippet:-1","max-image-preview":"max-image-preview:large","max-video-preview":"max-video-preview:-1"},"canonical":"https:\/\/med.tattoo\/fr\/retours-et-reclamations\/","og_locale":"fr_FR","og_type":"article","og_title":"RETOURS ET R\u00c9CLAMATIONS - MED.TATTOO","og_description":"RETOUR Conform\u00e9ment \u00e0 la loi sur les droits des consommateurs du 30 mai 2014, le consommateur peut se r\u00e9tracter du contrat de vente de biens achet\u00e9s aupr\u00e8s du vendeur sans donner de raison en faisant une d\u00e9claration \u00e9crite pertinente dans un d\u00e9lai de 14 jours, \u00e0 compter de la date de livraison des biens (c&rsquo;est-\u00e0-dire [&hellip;]","og_url":"https:\/\/med.tattoo\/fr\/retours-et-reclamations\/","og_site_name":"MED.TATTOO","article_publisher":"https:\/\/www.facebook.com\/profile.php?id=100084366705613","article_modified_time":"2025-05-07T14:22:33+00:00","twitter_card":"summary_large_image","twitter_misc":{"Dur\u00e9e de lecture estim\u00e9e":"7 minutes"},"schema":{"@context":"https:\/\/schema.org","@graph":[{"@type":"WebPage","@id":"https:\/\/med.tattoo\/fr\/retours-et-reclamations\/","url":"https:\/\/med.tattoo\/fr\/retours-et-reclamations\/","name":"RETOURS ET R\u00c9CLAMATIONS - MED.TATTOO","isPartOf":{"@id":"https:\/\/med.tattoo\/fr\/#website"},"datePublished":"2025-05-07T08:30:40+00:00","dateModified":"2025-05-07T14:22:33+00:00","breadcrumb":{"@id":"https:\/\/med.tattoo\/fr\/retours-et-reclamations\/#breadcrumb"},"inLanguage":"fr-FR","potentialAction":[{"@type":"ReadAction","target":["https:\/\/med.tattoo\/fr\/retours-et-reclamations\/"]}]},{"@type":"BreadcrumbList","@id":"https:\/\/med.tattoo\/fr\/retours-et-reclamations\/#breadcrumb","itemListElement":[{"@type":"ListItem","position":1,"name":"Strona G\u0142\u00f3wna","item":"https:\/\/med.tattoo\/fr\/"},{"@type":"ListItem","position":2,"name":"RETOURS ET R\u00c9CLAMATIONS"}]},{"@type":"WebSite","@id":"https:\/\/med.tattoo\/fr\/#website","url":"https:\/\/med.tattoo\/fr\/","name":"MED.TATTOO","description":"Wszystko dla Twojego tatua\u017cu","publisher":{"@id":"https:\/\/med.tattoo\/fr\/#organization"},"potentialAction":[{"@type":"SearchAction","target":{"@type":"EntryPoint","urlTemplate":"https:\/\/med.tattoo\/fr\/?s={search_term_string}"},"query-input":{"@type":"PropertyValueSpecification","valueRequired":true,"valueName":"search_term_string"}}],"inLanguage":"fr-FR"},{"@type":"Organization","@id":"https:\/\/med.tattoo\/fr\/#organization","name":"MED.TATTOO","url":"https:\/\/med.tattoo\/fr\/","logo":{"@type":"ImageObject","inLanguage":"fr-FR","@id":"https:\/\/med.tattoo\/fr\/#\/schema\/logo\/image\/","url":"https:\/\/med.tattoo\/wp-content\/uploads\/2025\/05\/Bez-tytulu-600S300-px-1-e1658908183800.png","contentUrl":"https:\/\/med.tattoo\/wp-content\/uploads\/2025\/05\/Bez-tytulu-600S300-px-1-e1658908183800.png","width":600,"height":61,"caption":"MED.TATTOO"},"image":{"@id":"https:\/\/med.tattoo\/fr\/#\/schema\/logo\/image\/"},"sameAs":["https:\/\/www.facebook.com\/profile.php?id=100084366705613","https:\/\/www.instagram.com\/med.tattoo_official\/"]}]}},"_links":{"self":[{"href":"https:\/\/med.tattoo\/fr\/wp-json\/wp\/v2\/pages\/4528","targetHints":{"allow":["GET"]}}],"collection":[{"href":"https:\/\/med.tattoo\/fr\/wp-json\/wp\/v2\/pages"}],"about":[{"href":"https:\/\/med.tattoo\/fr\/wp-json\/wp\/v2\/types\/page"}],"author":[{"embeddable":true,"href":"https:\/\/med.tattoo\/fr\/wp-json\/wp\/v2\/users\/1"}],"replies":[{"embeddable":true,"href":"https:\/\/med.tattoo\/fr\/wp-json\/wp\/v2\/comments?post=4528"}],"version-history":[{"count":2,"href":"https:\/\/med.tattoo\/fr\/wp-json\/wp\/v2\/pages\/4528\/revisions"}],"predecessor-version":[{"id":6440,"href":"https:\/\/med.tattoo\/fr\/wp-json\/wp\/v2\/pages\/4528\/revisions\/6440"}],"wp:attachment":[{"href":"https:\/\/med.tattoo\/fr\/wp-json\/wp\/v2\/media?parent=4528"}],"curies":[{"name":"wp","href":"https:\/\/api.w.org\/{rel}","templated":true}]}}