{"id":4606,"date":"2025-05-07T10:30:58","date_gmt":"2025-05-07T08:30:58","guid":{"rendered":"https:\/\/med.tattoo\/boutique\/"},"modified":"2025-05-15T09:17:38","modified_gmt":"2025-05-15T07:17:38","slug":"boutique","status":"publish","type":"page","link":"https:\/\/med.tattoo\/fr\/boutique\/","title":{"rendered":"Boutique"},"content":{"rendered":"\n<h2 class=\"wp-block-heading has-text-align-center\" id=\"h-produkty-do-pielegnacji-tatuazy\"><strong><strong>PRODUITS POUR TATOUEURS<\/strong><\/strong><\/h2>\n\n<div style=\"height:50px\" aria-hidden=\"true\" class=\"wp-block-spacer\"><\/div>\n\n<div class=\"mobile-sklep\" style=\"margin-top:-30px; width:23%;float:left;margin-right:1%; margin-left:1% !important;text-align:center !important;\"><a href=\"https:\/\/med.tattoo\/fr\/creation-de-tatouages\/\" class=\"button product_type_simple add_to_cart_button\" style=\"font-size:14px;padding:8px 8px;width:100% !important;text-align:center !important;\">Cr\u00e9ation de tatouages<\/a><\/div><div class=\"mobile-sklep\" style=\"margin-top:-30px; width:23%;float:left;margin-right:1%; margin-left:1% !important;text-align:center !important;\"><a href=\"https:\/\/med.tattoo\/fr\/guerison-par-le-tatouage\/\" class=\"button product_type_simple add_to_cart_button\" style=\"font-size:14px;padding:8px 8px;width:100% !important;text-align:center !important;\">Gu\u00e9rison par le tatouage<\/a><\/div><div class=\"mobile-sklep\" style=\"margin-top:-30px; width:23%;float:left;margin-right:1%; margin-left:1% !important;\"><a href=\"https:\/\/med.tattoo\/fr\/soins-du-tatouage\/\" class=\"button product_type_simple add_to_cart_button\" style=\"font-size:14px;padding:8px 8px;width:100% !important;text-align:center !important;\">Soins du tatouage<\/a><\/div>\n<div class=\"mobile-sklep\" style=\"margin-top:-30px; width:23%;float:left;margin-right:1%; margin-left:1% !important;\"><a href=\"https:\/\/med.tattoo\/fr\/ensembles-de-produits\/\" class=\"button product_type_simple add_to_cart_button\" style=\"font-size:14px;padding:8px 8px;width:100% !important;text-align:center !important;\">Kits<\/a><\/div>\n<div class=\"mobile-sklep1\" style=\"margin-top:-30px; width:98%;float:left;margin-right:1%; margin-left:1% !important;text-align:center !important;\"><a href=\"https:\/\/med.tattoo\/fr\/creation-de-tatouages\/\" class=\"button product_type_simple add_to_cart_button\" style=\"font-size:14px;padding:8px 8px;width:100% !important;text-align:center !important;\">Cr\u00e9ation de tatouages<\/a><\/div><div class=\"mobile-sklep1\" style=\"margin-top:15px; width:98%;float:left;margin-right:1%; margin-left:1% !important;text-align:center !important;\"><a href=\"https:\/\/med.tattoo\/fr\/guerison-par-le-tatouage\/\" class=\"button product_type_simple add_to_cart_button\" style=\"font-size:14px;padding:8px 8px;width:100% !important;text-align:center !important;\">Gu\u00e9rison par le tatouage<\/a><\/div><div class=\"mobile-sklep1\" style=\"margin-top:15px; width:98%;float:left;margin-right:1%; margin-left:1% !important;\"><a href=\"https:\/\/med.tattoo\/fr\/soins-du-tatouage\/\" class=\"button product_type_simple add_to_cart_button\" style=\"font-size:14px;padding:8px 8px;width:100% !important;text-align:center !important;\">Soins du tatouage<\/a><\/div>\n<div class=\"mobile-sklep1\" style=\"margin-top:15px; width:98%;float:left;margin-right:1%; margin-left:1% !important;\"><a href=\"https:\/\/med.tattoo\/fr\/ensembles-de-produits\/\" class=\"button product_type_simple add_to_cart_button\" style=\"font-size:14px;padding:8px 8px;width:100% !important;text-align:center !important;\">Kits<\/a><\/div>\n\n<div style=\"height:30px\" aria-hidden=\"true\" class=\"wp-block-spacer\"><\/div>\n","protected":false},"excerpt":{"rendered":"<p>PRODUITS POUR TATOUEURS Cr\u00e9ation de tatouages Gu\u00e9rison par le tatouage Soins du tatouage Kits Cr\u00e9ation de tatouages Gu\u00e9rison par le tatouage Soins du tatouage Kits<\/p>\n","protected":false},"author":1,"featured_media":0,"parent":0,"menu_order":0,"comment_status":"closed","ping_status":"closed","template":"","meta":{"site-sidebar-layout":"default","site-content-layout":"boxed-container","ast-site-content-layout":"normal-width-container","site-content-style":"boxed","site-sidebar-style":"boxed","ast-global-header-display":"","ast-banner-title-visibility":"","ast-main-header-display":"","ast-hfb-above-header-display":"","ast-hfb-below-header-display":"","ast-hfb-mobile-header-display":"","site-post-title":"disabled","ast-breadcrumbs-content":"","ast-featured-img":"","footer-sml-layout":"","ast-disable-related-posts":"","theme-transparent-header-meta":"disabled","adv-header-id-meta":"","stick-header-meta":"enabled","header-above-stick-meta":"on","header-main-stick-meta":"disabled","header-below-stick-meta":"","astra-migrate-meta-layouts":"default","ast-page-background-enabled":"default","ast-page-background-meta":{"desktop":{"background-color":"var(--ast-global-color-4)","background-image":"","background-repeat":"repeat","background-position":"center center","background-size":"auto","background-attachment":"scroll","background-type":"","background-media":"","overlay-type":"","overlay-color":"","overlay-opacity":"","overlay-gradient":""},"tablet":{"background-color":"","background-image":"","background-repeat":"repeat","background-position":"center center","background-size":"auto","background-attachment":"scroll","background-type":"","background-media":"","overlay-type":"","overlay-color":"","overlay-opacity":"","overlay-gradient":""},"mobile":{"background-color":"","background-image":"","background-repeat":"repeat","background-position":"center center","background-size":"auto","background-attachment":"scroll","background-type":"","background-media":"","overlay-type":"","overlay-color":"","overlay-opacity":"","overlay-gradient":""}},"ast-content-background-meta":{"desktop":{"background-color":"var(--ast-global-color-5)","background-image":"","background-repeat":"repeat","background-position":"center center","background-size":"auto","background-attachment":"scroll","background-type":"","background-media":"","overlay-type":"","overlay-color":"","overlay-opacity":"","overlay-gradient":""},"tablet":{"background-color":"var(--ast-global-color-5)","background-image":"","background-repeat":"repeat","background-position":"center center","background-size":"auto","background-attachment":"scroll","background-type":"","background-media":"","overlay-type":"","overlay-color":"","overlay-opacity":"","overlay-gradient":""},"mobile":{"background-color":"var(--ast-global-color-5)","background-image":"","background-repeat":"repeat","background-position":"center center","background-size":"auto","background-attachment":"scroll","background-type":"","background-media":"","overlay-type":"","overlay-color":"","overlay-opacity":"","overlay-gradient":""}},"footnotes":""},"class_list":["post-4606","page","type-page","status-publish","hentry"],"yoast_head":"<!-- This site is optimized with the Yoast SEO plugin v27.3 - https:\/\/yoast.com\/product\/yoast-seo-wordpress\/ -->\n<title>Produits cosm\u00e9tiques pour le tatouage - cr\u00e8mes, beurres, huiles, vaseline | Med.tattoo<\/title>\n<meta name=\"description\" content=\"D\u00e9couvrez l&#039;offre de la boutique en ligne de produits cosm\u00e9tiques pour le tatouage. Med.tattoo vous propose des cr\u00e8mes cicatrisantes, du beurre de karit\u00e9, de la vaseline et d&#039;autres produits cosm\u00e9tiques de soin. Nous vous souhaitons la bienvenue !\" \/>\n<meta name=\"robots\" content=\"index, follow, max-snippet:-1, max-image-preview:large, max-video-preview:-1\" \/>\n<link rel=\"canonical\" href=\"https:\/\/med.tattoo\/fr\/boutique\/\" \/>\n<meta property=\"og:locale\" content=\"fr_FR\" \/>\n<meta property=\"og:type\" content=\"article\" \/>\n<meta property=\"og:title\" content=\"Produits cosm\u00e9tiques pour le tatouage - cr\u00e8mes, beurres, huiles, vaseline | Med.tattoo\" \/>\n<meta property=\"og:description\" content=\"D\u00e9couvrez l&#039;offre de la boutique en ligne de produits cosm\u00e9tiques pour le tatouage. Med.tattoo vous propose des cr\u00e8mes cicatrisantes, du beurre de karit\u00e9, de la vaseline et d&#039;autres produits cosm\u00e9tiques de soin. Nous vous souhaitons la bienvenue !\" \/>\n<meta property=\"og:url\" content=\"https:\/\/med.tattoo\/fr\/boutique\/\" \/>\n<meta property=\"og:site_name\" content=\"MED.TATTOO\" \/>\n<meta property=\"article:publisher\" content=\"https:\/\/www.facebook.com\/profile.php?id=100084366705613\" \/>\n<meta property=\"article:modified_time\" content=\"2025-05-15T07:17:38+00:00\" \/>\n<meta name=\"twitter:card\" content=\"summary_large_image\" \/>\n<script type=\"application\/ld+json\" class=\"yoast-schema-graph\">{\"@context\":\"https:\\\/\\\/schema.org\",\"@graph\":[{\"@type\":\"WebPage\",\"@id\":\"https:\\\/\\\/med.tattoo\\\/fr\\\/boutique\\\/\",\"url\":\"https:\\\/\\\/med.tattoo\\\/fr\\\/boutique\\\/\",\"name\":\"Produits cosm\u00e9tiques pour le tatouage - cr\u00e8mes, beurres, huiles, vaseline | Med.tattoo\",\"isPartOf\":{\"@id\":\"https:\\\/\\\/med.tattoo\\\/fr\\\/#website\"},\"datePublished\":\"2025-05-07T08:30:58+00:00\",\"dateModified\":\"2025-05-15T07:17:38+00:00\",\"description\":\"D\u00e9couvrez l'offre de la boutique en ligne de produits cosm\u00e9tiques pour le tatouage. Med.tattoo vous propose des cr\u00e8mes cicatrisantes, du beurre de karit\u00e9, de la vaseline et d'autres produits cosm\u00e9tiques de soin. Nous vous souhaitons la bienvenue !\",\"breadcrumb\":{\"@id\":\"https:\\\/\\\/med.tattoo\\\/fr\\\/boutique\\\/#breadcrumb\"},\"inLanguage\":\"fr-FR\",\"potentialAction\":[{\"@type\":\"ReadAction\",\"target\":[\"https:\\\/\\\/med.tattoo\\\/fr\\\/boutique\\\/\"]}]},{\"@type\":\"BreadcrumbList\",\"@id\":\"https:\\\/\\\/med.tattoo\\\/fr\\\/boutique\\\/#breadcrumb\",\"itemListElement\":[{\"@type\":\"ListItem\",\"position\":1,\"name\":\"Strona G\u0142\u00f3wna\",\"item\":\"https:\\\/\\\/med.tattoo\\\/fr\\\/\"},{\"@type\":\"ListItem\",\"position\":2,\"name\":\"Boutique\"}]},{\"@type\":\"WebSite\",\"@id\":\"https:\\\/\\\/med.tattoo\\\/fr\\\/#website\",\"url\":\"https:\\\/\\\/med.tattoo\\\/fr\\\/\",\"name\":\"MED.TATTOO\",\"description\":\"Wszystko dla Twojego tatua\u017cu\",\"publisher\":{\"@id\":\"https:\\\/\\\/med.tattoo\\\/fr\\\/#organization\"},\"potentialAction\":[{\"@type\":\"SearchAction\",\"target\":{\"@type\":\"EntryPoint\",\"urlTemplate\":\"https:\\\/\\\/med.tattoo\\\/fr\\\/?s={search_term_string}\"},\"query-input\":{\"@type\":\"PropertyValueSpecification\",\"valueRequired\":true,\"valueName\":\"search_term_string\"}}],\"inLanguage\":\"fr-FR\"},{\"@type\":\"Organization\",\"@id\":\"https:\\\/\\\/med.tattoo\\\/fr\\\/#organization\",\"name\":\"MED.TATTOO\",\"url\":\"https:\\\/\\\/med.tattoo\\\/fr\\\/\",\"logo\":{\"@type\":\"ImageObject\",\"inLanguage\":\"fr-FR\",\"@id\":\"https:\\\/\\\/med.tattoo\\\/fr\\\/#\\\/schema\\\/logo\\\/image\\\/\",\"url\":\"https:\\\/\\\/med.tattoo\\\/wp-content\\\/uploads\\\/2025\\\/05\\\/Bez-tytulu-600S300-px-1-e1658908183800.png\",\"contentUrl\":\"https:\\\/\\\/med.tattoo\\\/wp-content\\\/uploads\\\/2025\\\/05\\\/Bez-tytulu-600S300-px-1-e1658908183800.png\",\"width\":600,\"height\":61,\"caption\":\"MED.TATTOO\"},\"image\":{\"@id\":\"https:\\\/\\\/med.tattoo\\\/fr\\\/#\\\/schema\\\/logo\\\/image\\\/\"},\"sameAs\":[\"https:\\\/\\\/www.facebook.com\\\/profile.php?id=100084366705613\",\"https:\\\/\\\/www.instagram.com\\\/med.tattoo_official\\\/\"]}]}<\/script>\n<!-- \/ Yoast SEO plugin. -->","yoast_head_json":{"title":"Produits cosm\u00e9tiques pour le tatouage - cr\u00e8mes, beurres, huiles, vaseline | Med.tattoo","description":"D\u00e9couvrez l'offre de la boutique en ligne de produits cosm\u00e9tiques pour le tatouage. Med.tattoo vous propose des cr\u00e8mes cicatrisantes, du beurre de karit\u00e9, de la vaseline et d'autres produits cosm\u00e9tiques de soin. Nous vous souhaitons la bienvenue !","robots":{"index":"index","follow":"follow","max-snippet":"max-snippet:-1","max-image-preview":"max-image-preview:large","max-video-preview":"max-video-preview:-1"},"canonical":"https:\/\/med.tattoo\/fr\/boutique\/","og_locale":"fr_FR","og_type":"article","og_title":"Produits cosm\u00e9tiques pour le tatouage - cr\u00e8mes, beurres, huiles, vaseline | Med.tattoo","og_description":"D\u00e9couvrez l'offre de la boutique en ligne de produits cosm\u00e9tiques pour le tatouage. Med.tattoo vous propose des cr\u00e8mes cicatrisantes, du beurre de karit\u00e9, de la vaseline et d'autres produits cosm\u00e9tiques de soin. Nous vous souhaitons la bienvenue !","og_url":"https:\/\/med.tattoo\/fr\/boutique\/","og_site_name":"MED.TATTOO","article_publisher":"https:\/\/www.facebook.com\/profile.php?id=100084366705613","article_modified_time":"2025-05-15T07:17:38+00:00","twitter_card":"summary_large_image","schema":{"@context":"https:\/\/schema.org","@graph":[{"@type":"WebPage","@id":"https:\/\/med.tattoo\/fr\/boutique\/","url":"https:\/\/med.tattoo\/fr\/boutique\/","name":"Produits cosm\u00e9tiques pour le tatouage - cr\u00e8mes, beurres, huiles, vaseline | Med.tattoo","isPartOf":{"@id":"https:\/\/med.tattoo\/fr\/#website"},"datePublished":"2025-05-07T08:30:58+00:00","dateModified":"2025-05-15T07:17:38+00:00","description":"D\u00e9couvrez l'offre de la boutique en ligne de produits cosm\u00e9tiques pour le tatouage. Med.tattoo vous propose des cr\u00e8mes cicatrisantes, du beurre de karit\u00e9, de la vaseline et d'autres produits cosm\u00e9tiques de soin. Nous vous souhaitons la bienvenue !","breadcrumb":{"@id":"https:\/\/med.tattoo\/fr\/boutique\/#breadcrumb"},"inLanguage":"fr-FR","potentialAction":[{"@type":"ReadAction","target":["https:\/\/med.tattoo\/fr\/boutique\/"]}]},{"@type":"BreadcrumbList","@id":"https:\/\/med.tattoo\/fr\/boutique\/#breadcrumb","itemListElement":[{"@type":"ListItem","position":1,"name":"Strona G\u0142\u00f3wna","item":"https:\/\/med.tattoo\/fr\/"},{"@type":"ListItem","position":2,"name":"Boutique"}]},{"@type":"WebSite","@id":"https:\/\/med.tattoo\/fr\/#website","url":"https:\/\/med.tattoo\/fr\/","name":"MED.TATTOO","description":"Wszystko dla Twojego tatua\u017cu","publisher":{"@id":"https:\/\/med.tattoo\/fr\/#organization"},"potentialAction":[{"@type":"SearchAction","target":{"@type":"EntryPoint","urlTemplate":"https:\/\/med.tattoo\/fr\/?s={search_term_string}"},"query-input":{"@type":"PropertyValueSpecification","valueRequired":true,"valueName":"search_term_string"}}],"inLanguage":"fr-FR"},{"@type":"Organization","@id":"https:\/\/med.tattoo\/fr\/#organization","name":"MED.TATTOO","url":"https:\/\/med.tattoo\/fr\/","logo":{"@type":"ImageObject","inLanguage":"fr-FR","@id":"https:\/\/med.tattoo\/fr\/#\/schema\/logo\/image\/","url":"https:\/\/med.tattoo\/wp-content\/uploads\/2025\/05\/Bez-tytulu-600S300-px-1-e1658908183800.png","contentUrl":"https:\/\/med.tattoo\/wp-content\/uploads\/2025\/05\/Bez-tytulu-600S300-px-1-e1658908183800.png","width":600,"height":61,"caption":"MED.TATTOO"},"image":{"@id":"https:\/\/med.tattoo\/fr\/#\/schema\/logo\/image\/"},"sameAs":["https:\/\/www.facebook.com\/profile.php?id=100084366705613","https:\/\/www.instagram.com\/med.tattoo_official\/"]}]}},"_links":{"self":[{"href":"https:\/\/med.tattoo\/fr\/wp-json\/wp\/v2\/pages\/4606","targetHints":{"allow":["GET"]}}],"collection":[{"href":"https:\/\/med.tattoo\/fr\/wp-json\/wp\/v2\/pages"}],"about":[{"href":"https:\/\/med.tattoo\/fr\/wp-json\/wp\/v2\/types\/page"}],"author":[{"embeddable":true,"href":"https:\/\/med.tattoo\/fr\/wp-json\/wp\/v2\/users\/1"}],"replies":[{"embeddable":true,"href":"https:\/\/med.tattoo\/fr\/wp-json\/wp\/v2\/comments?post=4606"}],"version-history":[{"count":2,"href":"https:\/\/med.tattoo\/fr\/wp-json\/wp\/v2\/pages\/4606\/revisions"}],"predecessor-version":[{"id":8908,"href":"https:\/\/med.tattoo\/fr\/wp-json\/wp\/v2\/pages\/4606\/revisions\/8908"}],"wp:attachment":[{"href":"https:\/\/med.tattoo\/fr\/wp-json\/wp\/v2\/media?parent=4606"}],"curies":[{"name":"wp","href":"https:\/\/api.w.org\/{rel}","templated":true}]}}