{"id":4711,"date":"2025-05-07T10:30:02","date_gmt":"2025-05-07T08:30:02","guid":{"rendered":"https:\/\/med.tattoo\/a-propos-de-nous\/"},"modified":"2025-04-08T17:10:42","modified_gmt":"2025-04-08T15:10:42","slug":"a-propos-de-nous","status":"publish","type":"page","link":"https:\/\/med.tattoo\/fr\/a-propos-de-nous\/","title":{"rendered":"A propos de nous"},"content":{"rendered":"\t\t<div data-elementor-type=\"wp-page\" data-elementor-id=\"4711\" class=\"elementor elementor-4711 elementor-381\" data-elementor-settings=\"{&quot;ha_cmc_init_switcher&quot;:&quot;no&quot;}\" data-elementor-post-type=\"page\">\n\t\t\t\t\t\t<section class=\"elementor-section elementor-top-section elementor-element elementor-element-440e8a16 elementor-section-boxed elementor-section-height-default elementor-section-height-default\" data-id=\"440e8a16\" data-element_type=\"section\" data-e-type=\"section\" data-settings=\"{&quot;background_background&quot;:&quot;classic&quot;}\">\n\t\t\t\t\t\t<div class=\"elementor-container elementor-column-gap-default\">\n\t\t\t\t\t<div class=\"elementor-column elementor-col-100 elementor-top-column elementor-element elementor-element-43f28151\" data-id=\"43f28151\" data-element_type=\"column\" data-e-type=\"column\">\n\t\t\t<div class=\"elementor-widget-wrap elementor-element-populated\">\n\t\t\t\t\t\t<div class=\"elementor-element elementor-element-1b5ce88 elementor-widget elementor-widget-heading\" data-id=\"1b5ce88\" data-element_type=\"widget\" data-e-type=\"widget\" data-widget_type=\"heading.default\">\n\t\t\t\t<div class=\"elementor-widget-container\">\n\t\t\t\t\t<h1 class=\"elementor-heading-title elementor-size-default\">\u00c0 PROPOS DE NOUS<\/h1>\t\t\t\t<\/div>\n\t\t\t\t<\/div>\n\t\t\t\t<div class=\"elementor-element elementor-element-9296ee8 elementor-widget elementor-widget-heading\" data-id=\"9296ee8\" data-element_type=\"widget\" data-e-type=\"widget\" data-widget_type=\"heading.default\">\n\t\t\t\t<div class=\"elementor-widget-container\">\n\t\t\t\t\t<h2 class=\"elementor-heading-title elementor-size-default\">Med.tattoo - fabricant de produits cosm\u00e9tiques naturels pour le tatouage<\/h2>\t\t\t\t<\/div>\n\t\t\t\t<\/div>\n\t\t\t\t<div class=\"elementor-element elementor-element-1437547 elementor-widget elementor-widget-text-editor\" data-id=\"1437547\" data-element_type=\"widget\" data-e-type=\"widget\" data-widget_type=\"text-editor.default\">\n\t\t\t\t<div class=\"elementor-widget-container\">\n\t\t\t\t\t\t\t\t\t<p>Med.tattoo est une marque \u00e9mergente d\u00e9di\u00e9e \u00e0 la production de cosm\u00e9tiques et d&rsquo;accessoires professionnels pour le soin des tatouages. Elle a \u00e9t\u00e9 cr\u00e9\u00e9e par des personnes qui associent leurs connaissances et leur exp\u00e9rience pharmaceutiques \u00e0 leur passion pour l&rsquo;herboristerie et la cosm\u00e9tique. Une telle combinaison ne pouvait pas \u00e9chouer !  <\/p>\t\t\t\t\t\t\t\t<\/div>\n\t\t\t\t<\/div>\n\t\t\t\t<div class=\"elementor-element elementor-element-60a56c0 elementor-widget elementor-widget-heading\" data-id=\"60a56c0\" data-element_type=\"widget\" data-e-type=\"widget\" data-widget_type=\"heading.default\">\n\t\t\t\t<div class=\"elementor-widget-container\">\n\t\t\t\t\t<h2 class=\"elementor-heading-title elementor-size-default\">Apprenez \u00e0 mieux nous conna\u00eetre<\/h2>\t\t\t\t<\/div>\n\t\t\t\t<\/div>\n\t\t\t\t<div class=\"elementor-element elementor-element-b28ae90 elementor-widget elementor-widget-text-editor\" data-id=\"b28ae90\" data-element_type=\"widget\" data-e-type=\"widget\" data-widget_type=\"text-editor.default\">\n\t\t\t\t<div class=\"elementor-widget-container\">\n\t\t\t\t\t\t\t\t\t<p><strong>Krzysiek<\/strong> &#8211; cultive depuis plus de vingt ans le calendula, le velours et la camomille et en fait des mac\u00e9rats et des extraits.<\/p>\t\t\t\t\t\t\t\t<\/div>\n\t\t\t\t<\/div>\n\t\t\t\t<div class=\"elementor-element elementor-element-fed1c78 elementor-widget elementor-widget-text-editor\" data-id=\"fed1c78\" data-element_type=\"widget\" data-e-type=\"widget\" data-widget_type=\"text-editor.default\">\n\t\t\t\t<div class=\"elementor-widget-container\">\n\t\t\t\t\t\t\t\t\t<p><strong>Cuba<\/strong> &#8211; apr\u00e8s avoir travaill\u00e9 sans interruption comme pharmacienne dans l&rsquo;industrie pharmaceutique pendant pr\u00e8s de vingt ans, elle s&rsquo;efforce d&rsquo;aider les gens. En particulier ceux qui ont besoin de soins de longue dur\u00e9e. Il s&rsquo;agit d&rsquo;un groupe unique de patients souffrant de probl\u00e8mes tels que des probl\u00e8mes de peau.   <\/p>\t\t\t\t\t\t\t\t<\/div>\n\t\t\t\t<\/div>\n\t\t\t\t<div class=\"elementor-element elementor-element-e554c1f elementor-widget elementor-widget-text-editor\" data-id=\"e554c1f\" data-element_type=\"widget\" data-e-type=\"widget\" data-widget_type=\"text-editor.default\">\n\t\t\t\t<div class=\"elementor-widget-container\">\n\t\t\t\t\t\t\t\t\t<p>Chez Med.tattoo, nous nous sommes lanc\u00e9s dans la <strong>production et la distribution de produits de soins pour les tatou\u00e9s<\/strong> car nous disposons d&rsquo;une vaste expertise dans ce domaine. Nous avons uni nos forces pour cr\u00e9er des produits d\u00e9di\u00e9s aux tatou\u00e9s et aux tatoueurs. <\/p><p>Avant de fabriquer nos produits, nous avons pass\u00e9 de nombreuses heures \u00e0 discuter avec des tatoueurs professionnels et des propri\u00e9taires de tatouages, ce qui nous a permis de conna\u00eetre les besoins du march\u00e9 et d&rsquo;affiner encore davantage les formulations.<\/p><p>Nos <strong>produits cosm\u00e9tiques pour le tatouage<\/strong> ne sont pas fabriqu\u00e9s en s\u00e9rie, ce qui nous permet de garantir la meilleure qualit\u00e9 et le souci du d\u00e9tail. Les <strong>cr\u00e8mes de tatouage, les beurres de tatouage, la vaseline au calendula et les huiles pour la peau<\/strong> sont tous des produits de la plus haute qualit\u00e9, confirm\u00e9s par les certificats requis.<\/p><p>Dans la production de cosm\u00e9tiques naturels, nous mettons l&rsquo;accent sur la qualit\u00e9. Comme pour la culture des herbes, aucun herbicide n&rsquo;est utilis\u00e9, les cosm\u00e9tiques ne contiennent pas d&rsquo;additifs artificiels ni de conservateurs. Les cosm\u00e9tiques ne sont pas non plus test\u00e9s sur les animaux. Les<strong> cosm\u00e9tiques<\/strong> que nous cr\u00e9ons<strong> sont 100 % naturels et v\u00e9g\u00e9taliens<\/strong>.   <\/p><p>La production des <strong>produits cosm\u00e9tiques de soin et de gu\u00e9rison<\/strong> <strong>de Med.tatto <\/strong>a lieu dans un laboratoire renomm\u00e9 en Slovaquie, ce qui garantit le respect de toutes les normes de l&rsquo;UE.<\/p><p>Nous offrons \u00e0 nos clients des produits cosm\u00e9tiques 100% naturels et v\u00e9g\u00e9taliens. Les produits de soins de la peau et les accessoires de tatouage de Med.tattoo sont de la plus haute qualit\u00e9, confortables \u00e0 utiliser, sans danger pour la peau et surtout efficaces ! D\u00e9couvrez notre gamme et profitez de <a href=\"https:\/\/med.tattoo\/sklep\/\"><strong>de l&rsquo;achat en ligne<\/strong><\/a> \u00e0 des prix attractifs. Vous \u00eates les bienvenus !   <\/p>\t\t\t\t\t\t\t\t<\/div>\n\t\t\t\t<\/div>\n\t\t\t\t\t<\/div>\n\t\t<\/div>\n\t\t\t\t\t<\/div>\n\t\t<\/section>\n\t\t\t\t<\/div>\n\t\t","protected":false},"excerpt":{"rendered":"<p>\u00c0 PROPOS DE NOUS Med.tattoo &#8211; fabricant de produits cosm\u00e9tiques naturels pour le tatouage Med.tattoo est une marque \u00e9mergente d\u00e9di\u00e9e \u00e0 la production de cosm\u00e9tiques et d&rsquo;accessoires professionnels pour le soin des tatouages. Elle a \u00e9t\u00e9 cr\u00e9\u00e9e par des personnes qui associent leurs connaissances et leur exp\u00e9rience pharmaceutiques \u00e0 leur passion pour l&rsquo;herboristerie et la [&hellip;]<\/p>\n","protected":false},"author":1,"featured_media":0,"parent":0,"menu_order":0,"comment_status":"closed","ping_status":"closed","template":"","meta":{"site-sidebar-layout":"no-sidebar","site-content-layout":"page-builder","ast-site-content-layout":"default","site-content-style":"default","site-sidebar-style":"default","ast-global-header-display":"","ast-banner-title-visibility":"","ast-main-header-display":"","ast-hfb-above-header-display":"","ast-hfb-below-header-display":"","ast-hfb-mobile-header-display":"","site-post-title":"disabled","ast-breadcrumbs-content":"disabled","ast-featured-img":"disabled","footer-sml-layout":"","ast-disable-related-posts":"","theme-transparent-header-meta":"disabled","adv-header-id-meta":"","stick-header-meta":"enabled","header-above-stick-meta":"","header-main-stick-meta":"disabled","header-below-stick-meta":"","astra-migrate-meta-layouts":"default","ast-page-background-enabled":"default","ast-page-background-meta":{"desktop":{"background-color":"var(--ast-global-color-4)","background-image":"","background-repeat":"repeat","background-position":"center center","background-size":"auto","background-attachment":"scroll","background-type":"","background-media":"","overlay-type":"","overlay-color":"","overlay-opacity":"","overlay-gradient":""},"tablet":{"background-color":"","background-image":"","background-repeat":"repeat","background-position":"center center","background-size":"auto","background-attachment":"scroll","background-type":"","background-media":"","overlay-type":"","overlay-color":"","overlay-opacity":"","overlay-gradient":""},"mobile":{"background-color":"","background-image":"","background-repeat":"repeat","background-position":"center center","background-size":"auto","background-attachment":"scroll","background-type":"","background-media":"","overlay-type":"","overlay-color":"","overlay-opacity":"","overlay-gradient":""}},"ast-content-background-meta":{"desktop":{"background-color":"var(--ast-global-color-5)","background-image":"","background-repeat":"repeat","background-position":"center center","background-size":"auto","background-attachment":"scroll","background-type":"","background-media":"","overlay-type":"","overlay-color":"","overlay-opacity":"","overlay-gradient":""},"tablet":{"background-color":"var(--ast-global-color-5)","background-image":"","background-repeat":"repeat","background-position":"center center","background-size":"auto","background-attachment":"scroll","background-type":"","background-media":"","overlay-type":"","overlay-color":"","overlay-opacity":"","overlay-gradient":""},"mobile":{"background-color":"var(--ast-global-color-5)","background-image":"","background-repeat":"repeat","background-position":"center center","background-size":"auto","background-attachment":"scroll","background-type":"","background-media":"","overlay-type":"","overlay-color":"","overlay-opacity":"","overlay-gradient":""}},"footnotes":""},"class_list":["post-4711","page","type-page","status-publish","hentry"],"yoast_head":"<!-- This site is optimized with the Yoast SEO plugin v27.3 - https:\/\/yoast.com\/product\/yoast-seo-wordpress\/ -->\n<title>Soins de tatouage avec les produits cosm\u00e9tiques de Med.tattoo - Qui sommes-nous ?<\/title>\n<meta name=\"description\" content=\"Chez Med.tatto, nous nous consacrons \u00e0 la vente de produits cosm\u00e9tiques exclusifs pour le soin des tatouages. Nous proposons des cosm\u00e9tiques 100% naturels et v\u00e9g\u00e9taliens. Apprenez-en plus sur nous !\" \/>\n<meta name=\"robots\" content=\"index, follow, max-snippet:-1, max-image-preview:large, max-video-preview:-1\" \/>\n<link rel=\"canonical\" href=\"https:\/\/med.tattoo\/fr\/a-propos-de-nous\/\" \/>\n<meta property=\"og:locale\" content=\"fr_FR\" \/>\n<meta property=\"og:type\" content=\"article\" \/>\n<meta property=\"og:title\" content=\"Soins de tatouage avec les produits cosm\u00e9tiques de Med.tattoo - Qui sommes-nous ?\" \/>\n<meta property=\"og:description\" content=\"Chez Med.tatto, nous nous consacrons \u00e0 la vente de produits cosm\u00e9tiques exclusifs pour le soin des tatouages. Nous proposons des cosm\u00e9tiques 100% naturels et v\u00e9g\u00e9taliens. Apprenez-en plus sur nous !\" \/>\n<meta property=\"og:url\" content=\"https:\/\/med.tattoo\/fr\/a-propos-de-nous\/\" \/>\n<meta property=\"og:site_name\" content=\"MED.TATTOO\" \/>\n<meta property=\"article:publisher\" content=\"https:\/\/www.facebook.com\/profile.php?id=100084366705613\" \/>\n<meta name=\"twitter:card\" content=\"summary_large_image\" \/>\n<meta name=\"twitter:label1\" content=\"Dur\u00e9e de lecture estim\u00e9e\" \/>\n\t<meta name=\"twitter:data1\" content=\"2 minutes\" \/>\n<script type=\"application\/ld+json\" class=\"yoast-schema-graph\">{\"@context\":\"https:\\\/\\\/schema.org\",\"@graph\":[{\"@type\":\"WebPage\",\"@id\":\"https:\\\/\\\/med.tattoo\\\/fr\\\/a-propos-de-nous\\\/\",\"url\":\"https:\\\/\\\/med.tattoo\\\/fr\\\/a-propos-de-nous\\\/\",\"name\":\"Soins de tatouage avec les produits cosm\u00e9tiques de Med.tattoo - Qui sommes-nous ?\",\"isPartOf\":{\"@id\":\"https:\\\/\\\/med.tattoo\\\/fr\\\/#website\"},\"datePublished\":\"2025-05-07T08:30:02+00:00\",\"description\":\"Chez Med.tatto, nous nous consacrons \u00e0 la vente de produits cosm\u00e9tiques exclusifs pour le soin des tatouages. Nous proposons des cosm\u00e9tiques 100% naturels et v\u00e9g\u00e9taliens. Apprenez-en plus sur nous !\",\"breadcrumb\":{\"@id\":\"https:\\\/\\\/med.tattoo\\\/fr\\\/a-propos-de-nous\\\/#breadcrumb\"},\"inLanguage\":\"fr-FR\",\"potentialAction\":[{\"@type\":\"ReadAction\",\"target\":[\"https:\\\/\\\/med.tattoo\\\/fr\\\/a-propos-de-nous\\\/\"]}]},{\"@type\":\"BreadcrumbList\",\"@id\":\"https:\\\/\\\/med.tattoo\\\/fr\\\/a-propos-de-nous\\\/#breadcrumb\",\"itemListElement\":[{\"@type\":\"ListItem\",\"position\":1,\"name\":\"Strona G\u0142\u00f3wna\",\"item\":\"https:\\\/\\\/med.tattoo\\\/fr\\\/\"},{\"@type\":\"ListItem\",\"position\":2,\"name\":\"A propos de nous\"}]},{\"@type\":\"WebSite\",\"@id\":\"https:\\\/\\\/med.tattoo\\\/fr\\\/#website\",\"url\":\"https:\\\/\\\/med.tattoo\\\/fr\\\/\",\"name\":\"MED.TATTOO\",\"description\":\"Wszystko dla Twojego tatua\u017cu\",\"publisher\":{\"@id\":\"https:\\\/\\\/med.tattoo\\\/fr\\\/#organization\"},\"potentialAction\":[{\"@type\":\"SearchAction\",\"target\":{\"@type\":\"EntryPoint\",\"urlTemplate\":\"https:\\\/\\\/med.tattoo\\\/fr\\\/?s={search_term_string}\"},\"query-input\":{\"@type\":\"PropertyValueSpecification\",\"valueRequired\":true,\"valueName\":\"search_term_string\"}}],\"inLanguage\":\"fr-FR\"},{\"@type\":\"Organization\",\"@id\":\"https:\\\/\\\/med.tattoo\\\/fr\\\/#organization\",\"name\":\"MED.TATTOO\",\"url\":\"https:\\\/\\\/med.tattoo\\\/fr\\\/\",\"logo\":{\"@type\":\"ImageObject\",\"inLanguage\":\"fr-FR\",\"@id\":\"https:\\\/\\\/med.tattoo\\\/fr\\\/#\\\/schema\\\/logo\\\/image\\\/\",\"url\":\"https:\\\/\\\/med.tattoo\\\/wp-content\\\/uploads\\\/2025\\\/05\\\/Bez-tytulu-600S300-px-1-e1658908183800.png\",\"contentUrl\":\"https:\\\/\\\/med.tattoo\\\/wp-content\\\/uploads\\\/2025\\\/05\\\/Bez-tytulu-600S300-px-1-e1658908183800.png\",\"width\":600,\"height\":61,\"caption\":\"MED.TATTOO\"},\"image\":{\"@id\":\"https:\\\/\\\/med.tattoo\\\/fr\\\/#\\\/schema\\\/logo\\\/image\\\/\"},\"sameAs\":[\"https:\\\/\\\/www.facebook.com\\\/profile.php?id=100084366705613\",\"https:\\\/\\\/www.instagram.com\\\/med.tattoo_official\\\/\"]}]}<\/script>\n<!-- \/ Yoast SEO plugin. -->","yoast_head_json":{"title":"Soins de tatouage avec les produits cosm\u00e9tiques de Med.tattoo - Qui sommes-nous ?","description":"Chez Med.tatto, nous nous consacrons \u00e0 la vente de produits cosm\u00e9tiques exclusifs pour le soin des tatouages. Nous proposons des cosm\u00e9tiques 100% naturels et v\u00e9g\u00e9taliens. Apprenez-en plus sur nous !","robots":{"index":"index","follow":"follow","max-snippet":"max-snippet:-1","max-image-preview":"max-image-preview:large","max-video-preview":"max-video-preview:-1"},"canonical":"https:\/\/med.tattoo\/fr\/a-propos-de-nous\/","og_locale":"fr_FR","og_type":"article","og_title":"Soins de tatouage avec les produits cosm\u00e9tiques de Med.tattoo - Qui sommes-nous ?","og_description":"Chez Med.tatto, nous nous consacrons \u00e0 la vente de produits cosm\u00e9tiques exclusifs pour le soin des tatouages. Nous proposons des cosm\u00e9tiques 100% naturels et v\u00e9g\u00e9taliens. Apprenez-en plus sur nous !","og_url":"https:\/\/med.tattoo\/fr\/a-propos-de-nous\/","og_site_name":"MED.TATTOO","article_publisher":"https:\/\/www.facebook.com\/profile.php?id=100084366705613","twitter_card":"summary_large_image","twitter_misc":{"Dur\u00e9e de lecture estim\u00e9e":"2 minutes"},"schema":{"@context":"https:\/\/schema.org","@graph":[{"@type":"WebPage","@id":"https:\/\/med.tattoo\/fr\/a-propos-de-nous\/","url":"https:\/\/med.tattoo\/fr\/a-propos-de-nous\/","name":"Soins de tatouage avec les produits cosm\u00e9tiques de Med.tattoo - Qui sommes-nous ?","isPartOf":{"@id":"https:\/\/med.tattoo\/fr\/#website"},"datePublished":"2025-05-07T08:30:02+00:00","description":"Chez Med.tatto, nous nous consacrons \u00e0 la vente de produits cosm\u00e9tiques exclusifs pour le soin des tatouages. Nous proposons des cosm\u00e9tiques 100% naturels et v\u00e9g\u00e9taliens. Apprenez-en plus sur nous !","breadcrumb":{"@id":"https:\/\/med.tattoo\/fr\/a-propos-de-nous\/#breadcrumb"},"inLanguage":"fr-FR","potentialAction":[{"@type":"ReadAction","target":["https:\/\/med.tattoo\/fr\/a-propos-de-nous\/"]}]},{"@type":"BreadcrumbList","@id":"https:\/\/med.tattoo\/fr\/a-propos-de-nous\/#breadcrumb","itemListElement":[{"@type":"ListItem","position":1,"name":"Strona G\u0142\u00f3wna","item":"https:\/\/med.tattoo\/fr\/"},{"@type":"ListItem","position":2,"name":"A propos de nous"}]},{"@type":"WebSite","@id":"https:\/\/med.tattoo\/fr\/#website","url":"https:\/\/med.tattoo\/fr\/","name":"MED.TATTOO","description":"Wszystko dla Twojego tatua\u017cu","publisher":{"@id":"https:\/\/med.tattoo\/fr\/#organization"},"potentialAction":[{"@type":"SearchAction","target":{"@type":"EntryPoint","urlTemplate":"https:\/\/med.tattoo\/fr\/?s={search_term_string}"},"query-input":{"@type":"PropertyValueSpecification","valueRequired":true,"valueName":"search_term_string"}}],"inLanguage":"fr-FR"},{"@type":"Organization","@id":"https:\/\/med.tattoo\/fr\/#organization","name":"MED.TATTOO","url":"https:\/\/med.tattoo\/fr\/","logo":{"@type":"ImageObject","inLanguage":"fr-FR","@id":"https:\/\/med.tattoo\/fr\/#\/schema\/logo\/image\/","url":"https:\/\/med.tattoo\/wp-content\/uploads\/2025\/05\/Bez-tytulu-600S300-px-1-e1658908183800.png","contentUrl":"https:\/\/med.tattoo\/wp-content\/uploads\/2025\/05\/Bez-tytulu-600S300-px-1-e1658908183800.png","width":600,"height":61,"caption":"MED.TATTOO"},"image":{"@id":"https:\/\/med.tattoo\/fr\/#\/schema\/logo\/image\/"},"sameAs":["https:\/\/www.facebook.com\/profile.php?id=100084366705613","https:\/\/www.instagram.com\/med.tattoo_official\/"]}]}},"_links":{"self":[{"href":"https:\/\/med.tattoo\/fr\/wp-json\/wp\/v2\/pages\/4711","targetHints":{"allow":["GET"]}}],"collection":[{"href":"https:\/\/med.tattoo\/fr\/wp-json\/wp\/v2\/pages"}],"about":[{"href":"https:\/\/med.tattoo\/fr\/wp-json\/wp\/v2\/types\/page"}],"author":[{"embeddable":true,"href":"https:\/\/med.tattoo\/fr\/wp-json\/wp\/v2\/users\/1"}],"replies":[{"embeddable":true,"href":"https:\/\/med.tattoo\/fr\/wp-json\/wp\/v2\/comments?post=4711"}],"version-history":[{"count":1,"href":"https:\/\/med.tattoo\/fr\/wp-json\/wp\/v2\/pages\/4711\/revisions"}],"predecessor-version":[{"id":4713,"href":"https:\/\/med.tattoo\/fr\/wp-json\/wp\/v2\/pages\/4711\/revisions\/4713"}],"wp:attachment":[{"href":"https:\/\/med.tattoo\/fr\/wp-json\/wp\/v2\/media?parent=4711"}],"curies":[{"name":"wp","href":"https:\/\/api.w.org\/{rel}","templated":true}]}}